{"id":342161,"date":"2025-07-22T07:05:57","date_gmt":"2025-07-22T06:05:57","guid":{"rendered":"https:\/\/www.purejewels.com\/?post_type=product&#038;p=342161"},"modified":"2026-02-26T05:49:51","modified_gmt":"2026-02-26T05:49:51","slug":"rosette-22-karat-gold-wellenarmreif-49820","status":"publish","type":"product","link":"https:\/\/www.purejewels.com\/de\/product\/rosette-22-carat-gold-wave-bangle-49820\/","title":{"rendered":"22ct Gold Rosette Wave Armreif"},"content":{"rendered":"<p>Der Rosette Wave Armreif aus 22 Karat Gold zeigt flie\u00dfende Kurven, die mit fein gearbeiteten Blumenmotiven verziert sind. Das rhythmische Wellendesign und die gl\u00e4nzende Goldoberfl\u00e4che verleihen Ihrem festlichen Look Bewegung und erlesene Details. Ein wundersch\u00f6nes Schmuckst\u00fcck f\u00fcr das Zuckerfest, perfekt, um den Anlass mit Anmut und W\u00e4rme zu feiern.<\/p>","protected":false},"excerpt":{"rendered":"<div class=\"woocommerce-product-details__short-description\">\n<table class=\"sh_desc\">\n<tbody>\n<tr>\n<td>Art des Armreifs<\/td>\n<td>Brautschmuck Armreif<\/td>\n<\/tr>\n<tr>\n<td>SKU<\/td>\n<td>49820, 49819<\/td>\n<\/tr>\n<tr>\n<td>Gewicht<\/td>\n<td>\u00a012,5 Gramm<\/td>\n<\/tr>\n<tr>\n<td>Metall<\/td>\n<td>22ct Gold<\/td>\n<\/tr>\n<tr>\n<td>Armreif Gr\u00f6\u00dfe<\/td>\n<td>2.6 (Weitere Gr\u00f6\u00dfen bitte anfragen)<\/td>\n<\/tr>\n<tr>\n<td>Sammlung<\/td>\n<td><strong>Kollektion Rosetten<\/strong><\/td>\n<\/tr>\n<tr>\n<td>Wahrzeichen<\/td>\n<td>22ct Gold gestempelt von London Assay Office<\/td>\n<\/tr>\n<tr>\n<td>Entgelte<\/td>\n<td>Lieferung und Mehrwertsteuer inbegriffen<\/td>\n<\/tr>\n<tr>\n<td>Verpackung<\/td>\n<td>Mit Pr\u00e4sentationsbox<\/td>\n<\/tr>\n<tr>\n<td>Mehr Informationen<\/td>\n<td>\n<ul>\n<li>Hinweis: Beachten Sie, dass der hier angegebene Preis f\u00fcr einen einzelnen Armreif gilt.<\/li>\n<li>Live-Chat mit uns f\u00fcr Verf\u00fcgbarkeit und mehr Bilder<\/li>\n<\/ul>\n<\/td>\n<\/tr>\n<\/tbody>\n<\/table>\n<\/div>\n<p>&nbsp;<\/p>","protected":false},"featured_media":388279,"comment_status":"closed","ping_status":"closed","template":"","meta":{"_eb_attr":"","_crsspst_to_jayantr4sg-hostcom":false},"product_brand":[],"product_cat":[1791,236,5270,5701,1792,1233,1229,5347,1570,5271,5273,1656,1657,1573],"product_tag":[],"class_list":{"0":"post-342161","1":"product","2":"type-product","3":"status-publish","4":"has-post-thumbnail","6":"product_cat-anniversary-gifts","7":"product_cat-collections","8":"product_cat-daily-wear-bangles","9":"product_cat-eid-jewellery","10":"product_cat-festival-gifts","11":"product_cat-gold-bangles","12":"product_cat-22ct-gold-jewellery","13":"product_cat-shop-by-metal","14":"product_cat-mothers-day-gifts","15":"product_cat-occasion-wear-bangles","16":"product_cat-22ct-gold-poncha-bracelet","17":"product_cat-rosettes-collections","18":"product_cat-single-bangle","19":"product_cat-wedding-gifts","21":"first","22":"instock","23":"taxable","24":"shipping-taxable","25":"purchasable","26":"product-type-simple","27":"add-to-wishlist-before_image"},"yoast_head":"<!-- This site is optimized with the Yoast SEO plugin v27.5 - https:\/\/yoast.com\/product\/yoast-seo-wordpress\/ -->\n<title>22ct Gold Bangle for Women | Stylish &amp; Elegant Bridal Jewelry<\/title>\n<meta name=\"description\" content=\"Check this 22k gold bangles designs with the best price online. This 22ct gold bangle is perfect for a bride-to-be. Its high-quality craftsmanship makes it an heirloom piece.\" \/>\n<meta name=\"robots\" content=\"index, follow, max-snippet:-1, max-image-preview:large, max-video-preview:-1\" \/>\n<link rel=\"canonical\" href=\"https:\/\/www.purejewels.com\/de\/produkt-2\/rosette-22-karat-gold-wellenarmreif-49820\/\" \/>\n<meta property=\"og:locale\" content=\"de_DE\" \/>\n<meta property=\"og:type\" content=\"article\" \/>\n<meta property=\"og:title\" content=\"22ct Gold Bangle for Women | Stylish &amp; Elegant Bridal Jewelry\" \/>\n<meta property=\"og:description\" content=\"Check this 22k gold bangles designs with the best price online. This 22ct gold bangle is perfect for a bride-to-be. Its high-quality craftsmanship makes it an heirloom piece.\" \/>\n<meta property=\"og:url\" content=\"https:\/\/www.purejewels.com\/de\/produkt-2\/rosette-22-karat-gold-wellenarmreif-49820\/\" \/>\n<meta property=\"og:site_name\" content=\"PureJewels UK\" \/>\n<meta property=\"article:modified_time\" content=\"2026-02-26T05:49:51+00:00\" \/>\n<meta property=\"og:image\" content=\"https:\/\/static.purejewels.com\/wp-content\/uploads\/2022\/12\/49819_1.png\" \/>\n\t<meta property=\"og:image:width\" content=\"1000\" \/>\n\t<meta property=\"og:image:height\" content=\"1000\" \/>\n\t<meta property=\"og:image:type\" content=\"image\/png\" \/>\n<meta name=\"twitter:card\" content=\"summary_large_image\" \/>\n<meta name=\"twitter:label1\" content=\"Gesch\u00e4tzte Lesezeit\" \/>\n\t<meta name=\"twitter:data1\" content=\"1\u00a0Minute\" \/>\n<script type=\"application\/ld+json\" class=\"yoast-schema-graph\">{\"@context\":\"https:\\\/\\\/schema.org\",\"@graph\":[{\"@type\":[\"WebPage\",\"ItemPage\"],\"@id\":\"https:\\\/\\\/www.purejewels.com\\\/product\\\/rosette-22-carat-gold-wave-bangle-49820\\\/\",\"url\":\"https:\\\/\\\/www.purejewels.com\\\/product\\\/rosette-22-carat-gold-wave-bangle-49820\\\/\",\"name\":\"22ct Gold Bangle for Women | Stylish & Elegant Bridal Jewelry\",\"isPartOf\":{\"@id\":\"https:\\\/\\\/www.purejewels.com\\\/#website\"},\"primaryImageOfPage\":{\"@id\":\"https:\\\/\\\/www.purejewels.com\\\/product\\\/rosette-22-carat-gold-wave-bangle-49820\\\/#primaryimage\"},\"image\":{\"@id\":\"https:\\\/\\\/www.purejewels.com\\\/product\\\/rosette-22-carat-gold-wave-bangle-49820\\\/#primaryimage\"},\"thumbnailUrl\":\"https:\\\/\\\/static.purejewels.com\\\/wp-content\\\/uploads\\\/2022\\\/12\\\/49819_1.png\",\"datePublished\":\"2025-07-22T06:05:57+00:00\",\"dateModified\":\"2026-02-26T05:49:51+00:00\",\"description\":\"Check this 22k gold bangles designs with the best price online. This 22ct gold bangle is perfect for a bride-to-be. Its high-quality craftsmanship makes it an heirloom piece.\",\"breadcrumb\":{\"@id\":\"https:\\\/\\\/www.purejewels.com\\\/product\\\/rosette-22-carat-gold-wave-bangle-49820\\\/#breadcrumb\"},\"inLanguage\":\"de\",\"potentialAction\":[{\"@type\":\"ReadAction\",\"target\":[\"https:\\\/\\\/www.purejewels.com\\\/product\\\/rosette-22-carat-gold-wave-bangle-49820\\\/\"]}]},{\"@type\":\"ImageObject\",\"inLanguage\":\"de\",\"@id\":\"https:\\\/\\\/www.purejewels.com\\\/product\\\/rosette-22-carat-gold-wave-bangle-49820\\\/#primaryimage\",\"url\":\"https:\\\/\\\/static.purejewels.com\\\/wp-content\\\/uploads\\\/2022\\\/12\\\/49819_1.png\",\"contentUrl\":\"https:\\\/\\\/static.purejewels.com\\\/wp-content\\\/uploads\\\/2022\\\/12\\\/49819_1.png\",\"width\":1000,\"height\":1000,\"caption\":\"22ct Gold Bangle\"},{\"@type\":\"BreadcrumbList\",\"@id\":\"https:\\\/\\\/www.purejewels.com\\\/product\\\/rosette-22-carat-gold-wave-bangle-49820\\\/#breadcrumb\",\"itemListElement\":[{\"@type\":\"ListItem\",\"position\":1,\"name\":\"Home\",\"item\":\"https:\\\/\\\/www.purejewels.com\\\/\"},{\"@type\":\"ListItem\",\"position\":2,\"name\":\"Shop\",\"item\":\"https:\\\/\\\/www.purejewels.com\\\/shop\\\/\"},{\"@type\":\"ListItem\",\"position\":3,\"name\":\"22ct Gold Rosette Wave Bangle\"}]},{\"@type\":\"WebSite\",\"@id\":\"https:\\\/\\\/www.purejewels.com\\\/#website\",\"url\":\"https:\\\/\\\/www.purejewels.com\\\/\",\"name\":\"PureJewels UK\",\"description\":\"Share the Love\",\"publisher\":{\"@id\":\"https:\\\/\\\/www.purejewels.com\\\/#organization\"},\"potentialAction\":[{\"@type\":\"SearchAction\",\"target\":{\"@type\":\"EntryPoint\",\"urlTemplate\":\"https:\\\/\\\/www.purejewels.com\\\/?s={search_term_string}\"},\"query-input\":{\"@type\":\"PropertyValueSpecification\",\"valueRequired\":true,\"valueName\":\"search_term_string\"}}],\"inLanguage\":\"de\"},{\"@type\":\"Organization\",\"@id\":\"https:\\\/\\\/www.purejewels.com\\\/#organization\",\"name\":\"PureJewels UK\",\"url\":\"https:\\\/\\\/www.purejewels.com\\\/\",\"logo\":{\"@type\":\"ImageObject\",\"inLanguage\":\"de\",\"@id\":\"https:\\\/\\\/www.purejewels.com\\\/#\\\/schema\\\/logo\\\/image\\\/\",\"url\":\"https:\\\/\\\/static.purejewels.com\\\/wp-content\\\/uploads\\\/2020\\\/11\\\/Logo-PJ-New-1.png\",\"contentUrl\":\"https:\\\/\\\/static.purejewels.com\\\/wp-content\\\/uploads\\\/2020\\\/11\\\/Logo-PJ-New-1.png\",\"width\":150,\"height\":80,\"caption\":\"PureJewels UK\"},\"image\":{\"@id\":\"https:\\\/\\\/www.purejewels.com\\\/#\\\/schema\\\/logo\\\/image\\\/\"}}]}<\/script>\n<!-- \/ Yoast SEO plugin. -->","yoast_head_json":{"title":"22ct Gold Armreif f\u00fcr Frauen | Stilvoller &amp; eleganter Brautschmuck","description":"Pr\u00fcfen Sie diese 22k Gold Armreifen Designs mit dem besten Preis online. Dieser Armreif aus 22 Karat Gold ist perfekt f\u00fcr eine zuk\u00fcnftige Braut. Seine hochwertige Handwerkskunst macht es ein Erbst\u00fcck St\u00fcck.","robots":{"index":"index","follow":"follow","max-snippet":"max-snippet:-1","max-image-preview":"max-image-preview:large","max-video-preview":"max-video-preview:-1"},"canonical":"https:\/\/www.purejewels.com\/de\/produkt-2\/rosette-22-karat-gold-wellenarmreif-49820\/","og_locale":"de_DE","og_type":"article","og_title":"22ct Gold Bangle for Women | Stylish & Elegant Bridal Jewelry","og_description":"Check this 22k gold bangles designs with the best price online. This 22ct gold bangle is perfect for a bride-to-be. Its high-quality craftsmanship makes it an heirloom piece.","og_url":"https:\/\/www.purejewels.com\/de\/produkt-2\/rosette-22-karat-gold-wellenarmreif-49820\/","og_site_name":"PureJewels UK","article_modified_time":"2026-02-26T05:49:51+00:00","og_image":[{"width":1000,"height":1000,"url":"https:\/\/static.purejewels.com\/wp-content\/uploads\/2022\/12\/49819_1.png","type":"image\/png"}],"twitter_card":"summary_large_image","twitter_misc":{"Gesch\u00e4tzte Lesezeit":"1\u00a0Minute"},"schema":{"@context":"https:\/\/schema.org","@graph":[{"@type":["WebPage","ItemPage"],"@id":"https:\/\/www.purejewels.com\/product\/rosette-22-carat-gold-wave-bangle-49820\/","url":"https:\/\/www.purejewels.com\/product\/rosette-22-carat-gold-wave-bangle-49820\/","name":"22ct Gold Armreif f\u00fcr Frauen | Stilvoller &amp; eleganter Brautschmuck","isPartOf":{"@id":"https:\/\/www.purejewels.com\/#website"},"primaryImageOfPage":{"@id":"https:\/\/www.purejewels.com\/product\/rosette-22-carat-gold-wave-bangle-49820\/#primaryimage"},"image":{"@id":"https:\/\/www.purejewels.com\/product\/rosette-22-carat-gold-wave-bangle-49820\/#primaryimage"},"thumbnailUrl":"https:\/\/static.purejewels.com\/wp-content\/uploads\/2022\/12\/49819_1.png","datePublished":"2025-07-22T06:05:57+00:00","dateModified":"2026-02-26T05:49:51+00:00","description":"Pr\u00fcfen Sie diese 22k Gold Armreifen Designs mit dem besten Preis online. Dieser Armreif aus 22 Karat Gold ist perfekt f\u00fcr eine zuk\u00fcnftige Braut. Seine hochwertige Handwerkskunst macht es ein Erbst\u00fcck St\u00fcck.","breadcrumb":{"@id":"https:\/\/www.purejewels.com\/product\/rosette-22-carat-gold-wave-bangle-49820\/#breadcrumb"},"inLanguage":"de","potentialAction":[{"@type":"ReadAction","target":["https:\/\/www.purejewels.com\/product\/rosette-22-carat-gold-wave-bangle-49820\/"]}]},{"@type":"ImageObject","inLanguage":"de","@id":"https:\/\/www.purejewels.com\/product\/rosette-22-carat-gold-wave-bangle-49820\/#primaryimage","url":"https:\/\/static.purejewels.com\/wp-content\/uploads\/2022\/12\/49819_1.png","contentUrl":"https:\/\/static.purejewels.com\/wp-content\/uploads\/2022\/12\/49819_1.png","width":1000,"height":1000,"caption":"22ct Gold Bangle"},{"@type":"BreadcrumbList","@id":"https:\/\/www.purejewels.com\/product\/rosette-22-carat-gold-wave-bangle-49820\/#breadcrumb","itemListElement":[{"@type":"ListItem","position":1,"name":"Home","item":"https:\/\/www.purejewels.com\/"},{"@type":"ListItem","position":2,"name":"Shop","item":"https:\/\/www.purejewels.com\/shop\/"},{"@type":"ListItem","position":3,"name":"22ct Gold Rosette Wave Bangle"}]},{"@type":"WebSite","@id":"https:\/\/www.purejewels.com\/#website","url":"https:\/\/www.purejewels.com\/","name":"PureJewels UK","description":"Teile die Liebe","publisher":{"@id":"https:\/\/www.purejewels.com\/#organization"},"potentialAction":[{"@type":"SearchAction","target":{"@type":"EntryPoint","urlTemplate":"https:\/\/www.purejewels.com\/?s={search_term_string}"},"query-input":{"@type":"PropertyValueSpecification","valueRequired":true,"valueName":"search_term_string"}}],"inLanguage":"de"},{"@type":"Organization","@id":"https:\/\/www.purejewels.com\/#organization","name":"PureJewels UK","url":"https:\/\/www.purejewels.com\/","logo":{"@type":"ImageObject","inLanguage":"de","@id":"https:\/\/www.purejewels.com\/#\/schema\/logo\/image\/","url":"https:\/\/static.purejewels.com\/wp-content\/uploads\/2020\/11\/Logo-PJ-New-1.png","contentUrl":"https:\/\/static.purejewels.com\/wp-content\/uploads\/2020\/11\/Logo-PJ-New-1.png","width":150,"height":80,"caption":"PureJewels UK"},"image":{"@id":"https:\/\/www.purejewels.com\/#\/schema\/logo\/image\/"}}]}},"_links":{"self":[{"href":"https:\/\/www.purejewels.com\/de\/wp-json\/wp\/v2\/product\/342161","targetHints":{"allow":["GET"]}}],"collection":[{"href":"https:\/\/www.purejewels.com\/de\/wp-json\/wp\/v2\/product"}],"about":[{"href":"https:\/\/www.purejewels.com\/de\/wp-json\/wp\/v2\/types\/product"}],"replies":[{"embeddable":true,"href":"https:\/\/www.purejewels.com\/de\/wp-json\/wp\/v2\/comments?post=342161"}],"version-history":[{"count":5,"href":"https:\/\/www.purejewels.com\/de\/wp-json\/wp\/v2\/product\/342161\/revisions"}],"predecessor-version":[{"id":426336,"href":"https:\/\/www.purejewels.com\/de\/wp-json\/wp\/v2\/product\/342161\/revisions\/426336"}],"wp:featuredmedia":[{"embeddable":true,"href":"https:\/\/www.purejewels.com\/de\/wp-json\/wp\/v2\/media\/388279"}],"wp:attachment":[{"href":"https:\/\/www.purejewels.com\/de\/wp-json\/wp\/v2\/media?parent=342161"}],"wp:term":[{"taxonomy":"product_brand","embeddable":true,"href":"https:\/\/www.purejewels.com\/de\/wp-json\/wp\/v2\/product_brand?post=342161"},{"taxonomy":"product_cat","embeddable":true,"href":"https:\/\/www.purejewels.com\/de\/wp-json\/wp\/v2\/product_cat?post=342161"},{"taxonomy":"product_tag","embeddable":true,"href":"https:\/\/www.purejewels.com\/de\/wp-json\/wp\/v2\/product_tag?post=342161"}],"curies":[{"name":"wp","href":"https:\/\/api.w.org\/{rel}","templated":true}]}}