{"id":342170,"date":"2023-11-23T08:25:34","date_gmt":"2023-11-23T08:25:34","guid":{"rendered":"https:\/\/www.purejewels.com\/?post_type=product&#038;p=342170"},"modified":"2026-02-24T04:16:05","modified_gmt":"2026-02-24T04:16:05","slug":"22ct-gold-braut-armreif-fur-damen-2-4-rosetten-sammlung-schwergewicht-43785","status":"publish","type":"product","link":"https:\/\/www.purejewels.com\/de\/product\/22ct-gold-bridal-bangle-for-ladies-2-4-rosettes-collection-heavyweight-43785\/","title":{"rendered":"22ct Gold Bridal Kada | Rosetten Kollektion | 2.4"},"content":{"rendered":"<p><span data-offset-key=\"1iihi-20-0\">Diese<\/span><span data-offset-key=\"1iihi-21-0\"> 22<\/span><span data-offset-key=\"1iihi-22-0\">ct<\/span><span data-offset-key=\"1iihi-23-0\"> Gold<\/span><span data-offset-key=\"1iihi-24-0\"> br<\/span><span data-offset-key=\"1iihi-25-0\">idal<\/span><span data-offset-key=\"1iihi-26-0\"> kada b<\/span><span data-offset-key=\"1iihi-27-0\">Winkel<\/span><span data-offset-key=\"1iihi-28-0\"> ist<\/span><span data-offset-key=\"1iihi-29-0\"> die<\/span><span data-offset-key=\"1iihi-30-0\"> perfekt<\/span><span data-offset-key=\"1iihi-31-0\"> Zubeh\u00f6r<\/span><span data-offset-key=\"1iihi-32-0\"> f\u00fcr<\/span><span data-offset-key=\"1iihi-33-0\"> jede<\/span><span data-offset-key=\"1iihi-34-0\"> Spezial<\/span><span data-offset-key=\"1iihi-35-0\"> Anlass<\/span><span data-offset-key=\"1iihi-36-0\">.<\/span><span data-offset-key=\"1iihi-37-0\"> Handwerk<\/span><span data-offset-key=\"1iihi-38-0\">ed<\/span><span data-offset-key=\"1iihi-39-0\"> mit<\/span><span data-offset-key=\"1iihi-40-0\"> die<\/span><span data-offset-key=\"1iihi-41-0\"> Briefmarke<\/span><span data-offset-key=\"1iihi-42-0\">ing<\/span><span data-offset-key=\"1iihi-43-0\"> Technik<\/span><span data-offset-key=\"1iihi-44-0\">,<\/span><span data-offset-key=\"1iihi-45-0\"> diese<\/span><span data-offset-key=\"1iihi-46-0\"> Exquisit<\/span><span data-offset-key=\"1iihi-47-0\"> b<\/span><span data-offset-key=\"1iihi-48-0\">Winkel<\/span><span data-offset-key=\"1iihi-49-0\"> ist<\/span><span data-offset-key=\"1iihi-50-0\"> Zeichen<\/span><span data-offset-key=\"1iihi-51-0\">ised<\/span><span data-offset-key=\"1iihi-52-0\"> von<\/span><span data-offset-key=\"1iihi-53-0\"> seine<\/span><span data-offset-key=\"1iihi-54-0\"> Verschlungene<\/span><span data-offset-key=\"1iihi-55-0\"> Entwurf<\/span><span data-offset-key=\"1iihi-56-0\">.<\/span><span data-offset-key=\"1iihi-57-0\"> Die<\/span><span data-offset-key=\"1iihi-58-0\"> b<\/span><span data-offset-key=\"1iihi-59-0\">Winkel<\/span><span data-offset-key=\"1iihi-60-0\"> ist<\/span><span data-offset-key=\"1iihi-61-0\"> gemacht<\/span><span data-offset-key=\"1iihi-62-0\"> von<\/span><span data-offset-key=\"1iihi-63-0\"> hoch<\/span><span data-offset-key=\"1iihi-64-0\">\u2013<\/span><span data-offset-key=\"1iihi-65-0\">Qualit\u00e4t<\/span><span data-offset-key=\"1iihi-66-0\"> 22<\/span><span data-offset-key=\"1iihi-67-0\">ct<\/span><span data-offset-key=\"1iihi-68-0\"> Gold<\/span><span data-offset-key=\"1iihi-69-0\">,<\/span><span data-offset-key=\"1iihi-70-0\"> Bedeutung<\/span><span data-offset-key=\"1iihi-71-0\"> es<\/span><span data-offset-key=\"1iihi-72-0\"> wird<\/span><span data-offset-key=\"1iihi-73-0\"> niemals<\/span><span data-offset-key=\"1iihi-74-0\"> verblassen<\/span><span data-offset-key=\"1iihi-75-0\"> oder<\/span><span data-offset-key=\"1iihi-76-0\"> Tarn<\/span><span data-offset-key=\"1iihi-77-0\">ish<\/span><span data-offset-key=\"1iihi-78-0\"> \u00fcber<\/span><span data-offset-key=\"1iihi-79-0\"> Zeit<\/span><span data-offset-key=\"1iihi-80-0\">.<\/span><span data-offset-key=\"1iihi-81-0\"> Die<\/span><span data-offset-key=\"1iihi-82-0\"> die<\/span><span data-offset-key=\"1iihi-83-0\"> Briefmarke<\/span><span data-offset-key=\"1iihi-84-0\">ing<\/span><span data-offset-key=\"1iihi-85-0\"> Technik<\/span><span data-offset-key=\"1iihi-86-0\"> erstellt<\/span><span data-offset-key=\"1iihi-87-0\"> a<\/span><span data-offset-key=\"1iihi-88-0\"> einzigartig<\/span><span data-offset-key=\"1iihi-89-0\"> Muster<\/span><span data-offset-key=\"1iihi-90-0\"> auf<\/span><span data-offset-key=\"1iihi-91-0\"> die<\/span><span data-offset-key=\"1iihi-92-0\"> b<\/span><span data-offset-key=\"1iihi-93-0\">Winkel<\/span><span data-offset-key=\"1iihi-94-0\">,<\/span><span data-offset-key=\"1iihi-95-0\"> Herstellung von<\/span><span data-offset-key=\"1iihi-96-0\"> es<\/span><span data-offset-key=\"1iihi-97-0\"> Stand<\/span><span data-offset-key=\"1iihi-98-0\"> aus<\/span><span data-offset-key=\"1iihi-99-0\"> und<\/span><span data-offset-key=\"1iihi-100-0\"> sein<\/span><span data-offset-key=\"1iihi-101-0\"> eine<\/span><span data-offset-key=\"1iihi-102-0\"> Auge<\/span><span data-offset-key=\"1iihi-103-0\">\u2013<\/span><span data-offset-key=\"1iihi-104-0\">fangen<\/span><span data-offset-key=\"1iihi-105-0\"> St\u00fcck<\/span><span data-offset-key=\"1iihi-106-0\"> von<\/span><span data-offset-key=\"1iihi-107-0\"> Jude<\/span><span data-offset-key=\"1iihi-108-0\">ellery<\/span><span data-offset-key=\"1iihi-109-0\">.<\/span><span data-offset-key=\"1iihi-110-0\"> Die<\/span><span data-offset-key=\"1iihi-111-0\"> b<\/span><span data-offset-key=\"1iihi-112-0\">Winkel<\/span><span data-offset-key=\"1iihi-113-0\"> ist<\/span><span data-offset-key=\"1iihi-114-0\"> a<\/span><span data-offset-key=\"1iihi-115-0\"> gro\u00dfartig<\/span><span data-offset-key=\"1iihi-116-0\"> Weg<\/span><span data-offset-key=\"1iihi-117-0\"> zu<\/span><span data-offset-key=\"1iihi-118-0\"> hinzuf\u00fcgen.<\/span><span data-offset-key=\"1iihi-119-0\"> a<\/span><span data-offset-key=\"1iihi-120-0\"> ber\u00fchren.<\/span><span data-offset-key=\"1iihi-121-0\"> von<\/span><span data-offset-key=\"1iihi-122-0\"> Luxus<\/span><span data-offset-key=\"1iihi-123-0\"> zu<\/span><span data-offset-key=\"1iihi-124-0\"> Ihr<\/span><span data-offset-key=\"1iihi-125-0\"> Spezial<\/span><span data-offset-key=\"1iihi-126-0\"> Tag<\/span><span data-offset-key=\"1iihi-127-0\">,<\/span><span data-offset-key=\"1iihi-128-0\"> ob<\/span><span data-offset-key=\"1iihi-129-0\"> es<\/span><span data-offset-key=\"1iihi-130-0\"> sein<\/span><span data-offset-key=\"1iihi-131-0\"> a<\/span><span data-offset-key=\"1iihi-132-0\"> Hochzeit<\/span><span data-offset-key=\"1iihi-133-0\">,<\/span><span data-offset-key=\"1iihi-134-0\"> Jahrestag<\/span><span data-offset-key=\"1iihi-135-0\"> oder<\/span><span data-offset-key=\"1iihi-136-0\"> jede<\/span><span data-offset-key=\"1iihi-137-0\"> andere<\/span><span data-offset-key=\"1iihi-138-0\"> Spezial<\/span><span data-offset-key=\"1iihi-139-0\"> Anlass<\/span><span data-offset-key=\"1iihi-140-0\">.<\/span><span data-offset-key=\"1iihi-141-0\"> Es<\/span><span data-offset-key=\"1iihi-142-0\"> ist<\/span><span data-offset-key=\"1iihi-143-0\"> sicher<\/span><span data-offset-key=\"1iihi-144-0\"> zu<\/span><span data-offset-key=\"1iihi-145-0\"> sein<\/span><span data-offset-key=\"1iihi-146-0\"> tre<\/span><span data-offset-key=\"1iihi-147-0\">versichert<\/span><span data-offset-key=\"1iihi-148-0\"> f\u00fcr<\/span><span data-offset-key=\"1iihi-149-0\"> Jahre<\/span><span data-offset-key=\"1iihi-150-0\"> zu<\/span><span data-offset-key=\"1iihi-151-0\"> kommen<\/span><span data-offset-key=\"1iihi-152-0\">.<\/span><\/p>\n<p>&nbsp;<\/p>","protected":false},"excerpt":{"rendered":"<div class=\"woocommerce-product-details__short-description\">\n<table class=\"sh_desc\" style=\"width: 100%;height: 336px\">\n<tbody>\n<tr style=\"height: 28px\">\n<td style=\"height: 28px\">Art von Kada<\/td>\n<td style=\"height: 28px\">Brautmode Kada Armreif<\/td>\n<\/tr>\n<tr style=\"height: 28px\">\n<td style=\"height: 28px\">SKU<\/td>\n<td style=\"height: 28px\">45591<\/td>\n<\/tr>\n<tr style=\"height: 28px\">\n<td style=\"height: 28px\">Gewicht<\/td>\n<td style=\"height: 28px\">\u00a031.2 Gms<\/td>\n<\/tr>\n<tr style=\"height: 28px\">\n<td style=\"height: 28px\">Metall<\/td>\n<td style=\"height: 28px\">22ct Gold<\/td>\n<\/tr>\n<tr style=\"height: 28px\">\n<td style=\"height: 28px\">Armreif Gr\u00f6\u00dfe<\/td>\n<td style=\"height: 28px\">2.4 (Weitere Gr\u00f6\u00dfen bitte anfragen)<\/td>\n<\/tr>\n<tr style=\"height: 28px\">\n<td style=\"height: 28px\">Sammlung<\/td>\n<td style=\"height: 28px\"><strong>Kollektion Rosetten<\/strong><\/td>\n<\/tr>\n<tr style=\"height: 28px\">\n<td style=\"height: 28px\">KatalogID<\/td>\n<td style=\"height: 28px\">R1036<\/td>\n<\/tr>\n<tr style=\"height: 28px\">\n<td style=\"height: 28px\">Wahrzeichen<\/td>\n<td style=\"height: 28px\">22ct Gold gestempelt von London Assay Office<\/td>\n<\/tr>\n<tr style=\"height: 28px\">\n<td style=\"height: 28px\">Entgelte<\/td>\n<td style=\"height: 28px\">Lieferung und Mehrwertsteuer inbegriffen<\/td>\n<\/tr>\n<tr style=\"height: 28px\">\n<td style=\"height: 28px\">Verpackung<\/td>\n<td style=\"height: 28px\">Mit Pr\u00e4sentationsbox<\/td>\n<\/tr>\n<tr style=\"height: 84px\">\n<td style=\"height: 84px\">Mehr Informationen<\/td>\n<td style=\"height: 84px\">\n<ul>\n<li>Hinweis: Der hier angegebene Preis gilt f\u00fcr eine einzelne Kada<\/li>\n<li>Live-Chat mit uns f\u00fcr Verf\u00fcgbarkeit und mehr Bilder<\/li>\n<\/ul>\n<\/td>\n<\/tr>\n<\/tbody>\n<\/table>\n<\/div>\n<p>&nbsp;<\/p>","protected":false},"featured_media":353009,"comment_status":"closed","ping_status":"closed","template":"","meta":{"_eb_attr":"","_crsspst_to_jayantr4sg-hostcom":false},"product_brand":[],"product_cat":[1659,236,1233,1229,5271,5273,1656,1657,1573,1574,5349],"product_tag":[],"class_list":{"0":"post-342170","1":"product","2":"type-product","3":"status-publish","4":"has-post-thumbnail","6":"product_cat-bridal-and-party-wear-gold-kada-bangle","7":"product_cat-collections","8":"product_cat-gold-bangles","9":"product_cat-22ct-gold-jewellery","10":"product_cat-occasion-wear-bangles","11":"product_cat-22ct-gold-poncha-bracelet","12":"product_cat-rosettes-collections","13":"product_cat-single-bangle","14":"product_cat-wedding-gifts","15":"product_cat-womens-jewellery","16":"product_cat-yellow-gold-jewellery","18":"first","19":"onbackorder","20":"taxable","21":"shipping-taxable","22":"product-type-simple","23":"add-to-wishlist-before_image"},"yoast_head":"<!-- This site is optimized with the Yoast SEO plugin v27.6 - https:\/\/yoast.com\/product\/yoast-seo-wordpress\/ -->\n<title>22ct Gold Kada Bangle | 2.4 | Rosettes Collection | London<\/title>\n<meta name=\"description\" content=\"This 22ct kada bangle is crafted using the die-stamping technique. It is embellished with intricate motifs and designs to create a timeless piece of jewellery.\" \/>\n<meta name=\"robots\" content=\"index, follow, max-snippet:-1, max-image-preview:large, max-video-preview:-1\" \/>\n<link rel=\"canonical\" href=\"https:\/\/www.purejewels.com\/de\/produkt-2\/22ct-gold-braut-armreif-fur-damen-2-4-rosetten-sammlung-schwergewicht-43785\/\" \/>\n<meta property=\"og:locale\" content=\"de_DE\" \/>\n<meta property=\"og:type\" content=\"article\" \/>\n<meta property=\"og:title\" content=\"22ct Gold Kada Bangle | 2.4 | Rosettes Collection | London\" \/>\n<meta property=\"og:description\" content=\"This 22ct kada bangle is crafted using the die-stamping technique. It is embellished with intricate motifs and designs to create a timeless piece of jewellery.\" \/>\n<meta property=\"og:url\" content=\"https:\/\/www.purejewels.com\/de\/produkt-2\/22ct-gold-braut-armreif-fur-damen-2-4-rosetten-sammlung-schwergewicht-43785\/\" \/>\n<meta property=\"og:site_name\" content=\"PureJewels UK\" \/>\n<meta property=\"article:modified_time\" content=\"2026-02-24T04:16:05+00:00\" \/>\n<meta property=\"og:image\" content=\"https:\/\/static.purejewels.com\/wp-content\/uploads\/2022\/12\/45591-final.jpg\" \/>\n\t<meta property=\"og:image:width\" content=\"1000\" \/>\n\t<meta property=\"og:image:height\" content=\"1000\" \/>\n\t<meta property=\"og:image:type\" content=\"image\/jpeg\" \/>\n<meta name=\"twitter:card\" content=\"summary_large_image\" \/>\n<meta name=\"twitter:label1\" content=\"Gesch\u00e4tzte Lesezeit\" \/>\n\t<meta name=\"twitter:data1\" content=\"1\u00a0Minute\" \/>\n<script type=\"application\/ld+json\" class=\"yoast-schema-graph\">{\"@context\":\"https:\\\/\\\/schema.org\",\"@graph\":[{\"@type\":[\"WebPage\",\"ItemPage\"],\"@id\":\"https:\\\/\\\/www.purejewels.com\\\/product\\\/22ct-gold-bridal-bangle-for-ladies-2-4-rosettes-collection-heavyweight-43785\\\/\",\"url\":\"https:\\\/\\\/www.purejewels.com\\\/product\\\/22ct-gold-bridal-bangle-for-ladies-2-4-rosettes-collection-heavyweight-43785\\\/\",\"name\":\"22ct Gold Kada Bangle | 2.4 | Rosettes Collection | London\",\"isPartOf\":{\"@id\":\"https:\\\/\\\/www.purejewels.com\\\/#website\"},\"primaryImageOfPage\":{\"@id\":\"https:\\\/\\\/www.purejewels.com\\\/product\\\/22ct-gold-bridal-bangle-for-ladies-2-4-rosettes-collection-heavyweight-43785\\\/#primaryimage\"},\"image\":{\"@id\":\"https:\\\/\\\/www.purejewels.com\\\/product\\\/22ct-gold-bridal-bangle-for-ladies-2-4-rosettes-collection-heavyweight-43785\\\/#primaryimage\"},\"thumbnailUrl\":\"https:\\\/\\\/static.purejewels.com\\\/wp-content\\\/uploads\\\/2022\\\/12\\\/45591-final.jpg\",\"datePublished\":\"2023-11-23T08:25:34+00:00\",\"dateModified\":\"2026-02-24T04:16:05+00:00\",\"description\":\"This 22ct kada bangle is crafted using the die-stamping technique. It is embellished with intricate motifs and designs to create a timeless piece of jewellery.\",\"breadcrumb\":{\"@id\":\"https:\\\/\\\/www.purejewels.com\\\/product\\\/22ct-gold-bridal-bangle-for-ladies-2-4-rosettes-collection-heavyweight-43785\\\/#breadcrumb\"},\"inLanguage\":\"de\",\"potentialAction\":[{\"@type\":\"ReadAction\",\"target\":[\"https:\\\/\\\/www.purejewels.com\\\/product\\\/22ct-gold-bridal-bangle-for-ladies-2-4-rosettes-collection-heavyweight-43785\\\/\"]}]},{\"@type\":\"ImageObject\",\"inLanguage\":\"de\",\"@id\":\"https:\\\/\\\/www.purejewels.com\\\/product\\\/22ct-gold-bridal-bangle-for-ladies-2-4-rosettes-collection-heavyweight-43785\\\/#primaryimage\",\"url\":\"https:\\\/\\\/static.purejewels.com\\\/wp-content\\\/uploads\\\/2022\\\/12\\\/45591-final.jpg\",\"contentUrl\":\"https:\\\/\\\/static.purejewels.com\\\/wp-content\\\/uploads\\\/2022\\\/12\\\/45591-final.jpg\",\"width\":1000,\"height\":1000,\"caption\":\"22ct Gold Bridal Kada for Ladies\"},{\"@type\":\"BreadcrumbList\",\"@id\":\"https:\\\/\\\/www.purejewels.com\\\/product\\\/22ct-gold-bridal-bangle-for-ladies-2-4-rosettes-collection-heavyweight-43785\\\/#breadcrumb\",\"itemListElement\":[{\"@type\":\"ListItem\",\"position\":1,\"name\":\"Home\",\"item\":\"https:\\\/\\\/www.purejewels.com\\\/\"},{\"@type\":\"ListItem\",\"position\":2,\"name\":\"Shop\",\"item\":\"https:\\\/\\\/www.purejewels.com\\\/shop\\\/\"},{\"@type\":\"ListItem\",\"position\":3,\"name\":\"22ct Gold Bridal Kada | Rosettes Collection | 2.4\"}]},{\"@type\":\"WebSite\",\"@id\":\"https:\\\/\\\/www.purejewels.com\\\/#website\",\"url\":\"https:\\\/\\\/www.purejewels.com\\\/\",\"name\":\"PureJewels UK\",\"description\":\"Share the Love\",\"publisher\":{\"@id\":\"https:\\\/\\\/www.purejewels.com\\\/#organization\"},\"potentialAction\":[{\"@type\":\"SearchAction\",\"target\":{\"@type\":\"EntryPoint\",\"urlTemplate\":\"https:\\\/\\\/www.purejewels.com\\\/?s={search_term_string}\"},\"query-input\":{\"@type\":\"PropertyValueSpecification\",\"valueRequired\":true,\"valueName\":\"search_term_string\"}}],\"inLanguage\":\"de\"},{\"@type\":\"Organization\",\"@id\":\"https:\\\/\\\/www.purejewels.com\\\/#organization\",\"name\":\"PureJewels UK\",\"url\":\"https:\\\/\\\/www.purejewels.com\\\/\",\"logo\":{\"@type\":\"ImageObject\",\"inLanguage\":\"de\",\"@id\":\"https:\\\/\\\/www.purejewels.com\\\/#\\\/schema\\\/logo\\\/image\\\/\",\"url\":\"https:\\\/\\\/static.purejewels.com\\\/wp-content\\\/uploads\\\/2020\\\/11\\\/Logo-PJ-New-1.png\",\"contentUrl\":\"https:\\\/\\\/static.purejewels.com\\\/wp-content\\\/uploads\\\/2020\\\/11\\\/Logo-PJ-New-1.png\",\"width\":150,\"height\":80,\"caption\":\"PureJewels UK\"},\"image\":{\"@id\":\"https:\\\/\\\/www.purejewels.com\\\/#\\\/schema\\\/logo\\\/image\\\/\"}}]}<\/script>\n<!-- \/ Yoast SEO plugin. -->","yoast_head_json":{"title":"22ct Gold Kada Armreif | 2.4 | Rosetten Kollektion | London","description":"Dieser 22-kar\u00e4tige Kada-Armreif wird in der Pr\u00e4getechnik hergestellt. Er ist mit komplizierten Motiven und Designs verziert, um ein zeitloses Schmuckst\u00fcck zu schaffen.","robots":{"index":"index","follow":"follow","max-snippet":"max-snippet:-1","max-image-preview":"max-image-preview:large","max-video-preview":"max-video-preview:-1"},"canonical":"https:\/\/www.purejewels.com\/de\/produkt-2\/22ct-gold-braut-armreif-fur-damen-2-4-rosetten-sammlung-schwergewicht-43785\/","og_locale":"de_DE","og_type":"article","og_title":"22ct Gold Kada Bangle | 2.4 | Rosettes Collection | London","og_description":"This 22ct kada bangle is crafted using the die-stamping technique. It is embellished with intricate motifs and designs to create a timeless piece of jewellery.","og_url":"https:\/\/www.purejewels.com\/de\/produkt-2\/22ct-gold-braut-armreif-fur-damen-2-4-rosetten-sammlung-schwergewicht-43785\/","og_site_name":"PureJewels UK","article_modified_time":"2026-02-24T04:16:05+00:00","og_image":[{"width":1000,"height":1000,"url":"https:\/\/static.purejewels.com\/wp-content\/uploads\/2022\/12\/45591-final.jpg","type":"image\/jpeg"}],"twitter_card":"summary_large_image","twitter_misc":{"Gesch\u00e4tzte Lesezeit":"1\u00a0Minute"},"schema":{"@context":"https:\/\/schema.org","@graph":[{"@type":["WebPage","ItemPage"],"@id":"https:\/\/www.purejewels.com\/product\/22ct-gold-bridal-bangle-for-ladies-2-4-rosettes-collection-heavyweight-43785\/","url":"https:\/\/www.purejewels.com\/product\/22ct-gold-bridal-bangle-for-ladies-2-4-rosettes-collection-heavyweight-43785\/","name":"22ct Gold Kada Armreif | 2.4 | Rosetten Kollektion | London","isPartOf":{"@id":"https:\/\/www.purejewels.com\/#website"},"primaryImageOfPage":{"@id":"https:\/\/www.purejewels.com\/product\/22ct-gold-bridal-bangle-for-ladies-2-4-rosettes-collection-heavyweight-43785\/#primaryimage"},"image":{"@id":"https:\/\/www.purejewels.com\/product\/22ct-gold-bridal-bangle-for-ladies-2-4-rosettes-collection-heavyweight-43785\/#primaryimage"},"thumbnailUrl":"https:\/\/static.purejewels.com\/wp-content\/uploads\/2022\/12\/45591-final.jpg","datePublished":"2023-11-23T08:25:34+00:00","dateModified":"2026-02-24T04:16:05+00:00","description":"Dieser 22-kar\u00e4tige Kada-Armreif wird in der Pr\u00e4getechnik hergestellt. Er ist mit komplizierten Motiven und Designs verziert, um ein zeitloses Schmuckst\u00fcck zu schaffen.","breadcrumb":{"@id":"https:\/\/www.purejewels.com\/product\/22ct-gold-bridal-bangle-for-ladies-2-4-rosettes-collection-heavyweight-43785\/#breadcrumb"},"inLanguage":"de","potentialAction":[{"@type":"ReadAction","target":["https:\/\/www.purejewels.com\/product\/22ct-gold-bridal-bangle-for-ladies-2-4-rosettes-collection-heavyweight-43785\/"]}]},{"@type":"ImageObject","inLanguage":"de","@id":"https:\/\/www.purejewels.com\/product\/22ct-gold-bridal-bangle-for-ladies-2-4-rosettes-collection-heavyweight-43785\/#primaryimage","url":"https:\/\/static.purejewels.com\/wp-content\/uploads\/2022\/12\/45591-final.jpg","contentUrl":"https:\/\/static.purejewels.com\/wp-content\/uploads\/2022\/12\/45591-final.jpg","width":1000,"height":1000,"caption":"22ct Gold Bridal Kada for Ladies"},{"@type":"BreadcrumbList","@id":"https:\/\/www.purejewels.com\/product\/22ct-gold-bridal-bangle-for-ladies-2-4-rosettes-collection-heavyweight-43785\/#breadcrumb","itemListElement":[{"@type":"ListItem","position":1,"name":"Home","item":"https:\/\/www.purejewels.com\/"},{"@type":"ListItem","position":2,"name":"Shop","item":"https:\/\/www.purejewels.com\/shop\/"},{"@type":"ListItem","position":3,"name":"22ct Gold Bridal Kada | Rosettes Collection | 2.4"}]},{"@type":"WebSite","@id":"https:\/\/www.purejewels.com\/#website","url":"https:\/\/www.purejewels.com\/","name":"PureJewels UK","description":"Teile die Liebe","publisher":{"@id":"https:\/\/www.purejewels.com\/#organization"},"potentialAction":[{"@type":"SearchAction","target":{"@type":"EntryPoint","urlTemplate":"https:\/\/www.purejewels.com\/?s={search_term_string}"},"query-input":{"@type":"PropertyValueSpecification","valueRequired":true,"valueName":"search_term_string"}}],"inLanguage":"de"},{"@type":"Organization","@id":"https:\/\/www.purejewels.com\/#organization","name":"PureJewels UK","url":"https:\/\/www.purejewels.com\/","logo":{"@type":"ImageObject","inLanguage":"de","@id":"https:\/\/www.purejewels.com\/#\/schema\/logo\/image\/","url":"https:\/\/static.purejewels.com\/wp-content\/uploads\/2020\/11\/Logo-PJ-New-1.png","contentUrl":"https:\/\/static.purejewels.com\/wp-content\/uploads\/2020\/11\/Logo-PJ-New-1.png","width":150,"height":80,"caption":"PureJewels UK"},"image":{"@id":"https:\/\/www.purejewels.com\/#\/schema\/logo\/image\/"}}]}},"_links":{"self":[{"href":"https:\/\/www.purejewels.com\/de\/wp-json\/wp\/v2\/product\/342170","targetHints":{"allow":["GET"]}}],"collection":[{"href":"https:\/\/www.purejewels.com\/de\/wp-json\/wp\/v2\/product"}],"about":[{"href":"https:\/\/www.purejewels.com\/de\/wp-json\/wp\/v2\/types\/product"}],"replies":[{"embeddable":true,"href":"https:\/\/www.purejewels.com\/de\/wp-json\/wp\/v2\/comments?post=342170"}],"version-history":[{"count":4,"href":"https:\/\/www.purejewels.com\/de\/wp-json\/wp\/v2\/product\/342170\/revisions"}],"predecessor-version":[{"id":398623,"href":"https:\/\/www.purejewels.com\/de\/wp-json\/wp\/v2\/product\/342170\/revisions\/398623"}],"wp:featuredmedia":[{"embeddable":true,"href":"https:\/\/www.purejewels.com\/de\/wp-json\/wp\/v2\/media\/353009"}],"wp:attachment":[{"href":"https:\/\/www.purejewels.com\/de\/wp-json\/wp\/v2\/media?parent=342170"}],"wp:term":[{"taxonomy":"product_brand","embeddable":true,"href":"https:\/\/www.purejewels.com\/de\/wp-json\/wp\/v2\/product_brand?post=342170"},{"taxonomy":"product_cat","embeddable":true,"href":"https:\/\/www.purejewels.com\/de\/wp-json\/wp\/v2\/product_cat?post=342170"},{"taxonomy":"product_tag","embeddable":true,"href":"https:\/\/www.purejewels.com\/de\/wp-json\/wp\/v2\/product_tag?post=342170"}],"curies":[{"name":"wp","href":"https:\/\/api.w.org\/{rel}","templated":true}]}}