{"id":342190,"date":"2023-08-01T12:48:59","date_gmt":"2023-08-01T11:48:59","guid":{"rendered":"https:\/\/www.purejewels.com\/?post_type=product&#038;p=342190"},"modified":"2026-02-05T06:30:30","modified_gmt":"2026-02-05T06:30:30","slug":"22ct-gold-mala-stil-halsketten-30-zoll-rosette-sammlung-43367","status":"publish","type":"product","link":"https:\/\/www.purejewels.com\/de\/product\/22ct-gold-mala-style-necklaces-30-inches-rosette-collection-43367\/","title":{"rendered":"22ct Gold Mala Style Halsketten | 26 Zoll | Rosette Kollektion"},"content":{"rendered":"<p>Unsere goldene Halskette f\u00fcr M\u00e4nner aus der Rosette-Kollektion wurde aus 22-kar\u00e4tigem Gold und mit der Kunst der Pr\u00e4gung hergestellt. Unsere Rosette-Kollektion basiert auf der Philosophie, Reisen zu feiern. Unsere Lebensereignisse sollten gefeiert werden, ganz gleich wie gro\u00df oder klein sie sind. Jede Errungenschaft ist ein Sprungbrett in unserem Leben, das uns in eine gl\u00e4nzende Zukunft f\u00fchrt.<\/p>\n<p>Die Silhouette einer Halskette im Mala-Stil ist auch nach Jahren noch ein stilvolles Accessoire. Die Halskette ist mit einer filigranen, perlenartigen Struktur mit Rosettenmotiven verziert. Die Vielseitigkeit des Designs erlaubt es, sie auf unterschiedliche Weise zu tragen. Sie k\u00f6nnen es einzeln tragen oder mit verschieden langen Ketten kombinieren. <a href=\"https:\/\/www.purejewels.com\/de\/product-category\/22ct-gold-jewellery\/gold-chains\/\">Ketten<\/a> um einen mehrschichtigen Look zu kreieren. Sie k\u00f6nnen es auch mit einem <a href=\"https:\/\/www.purejewels.com\/de\/product\/22-carat-gold-choker-necklace-5\/\">Gold-Kropfband<\/a> um einen Braut-Look zu kreieren.<\/p>\n<ul>\n<li><b>Bereich ID:<\/b>\u00a0JWNLMLRS016<\/li>\n<li>SKU.43367<\/li>\n<\/ul>","protected":false},"excerpt":{"rendered":"<table class=\"sh_desc\">\n<tbody>\n<tr>\n<td>Art der Halskette<\/td>\n<td>Mala Style Halskette<\/td>\n<\/tr>\n<tr>\n<td>SKU<\/td>\n<td>43367<\/td>\n<\/tr>\n<tr>\n<td>Gewicht<\/td>\n<td>31 Gms<\/td>\n<\/tr>\n<tr>\n<td>Metall<\/td>\n<td>22ct Gold<\/td>\n<\/tr>\n<tr>\n<td>L\u00e4nge<\/td>\n<td>26 Zoll<\/td>\n<\/tr>\n<tr>\n<td>Wahrzeichen<\/td>\n<td>22ct Gold gestempelt von London Assay Office<\/td>\n<\/tr>\n<tr>\n<td>Entgelte<\/td>\n<td>Lieferung und Mehrwertsteuer inbegriffen<\/td>\n<\/tr>\n<tr>\n<td>Verpackung<\/td>\n<td>Mit Pr\u00e4sentationsbox<\/td>\n<\/tr>\n<tr>\n<td>Mehr Informationen<\/td>\n<td>Live-Chat mit uns f\u00fcr Verf\u00fcgbarkeit und mehr Bilder<\/td>\n<\/tr>\n<\/tbody>\n<\/table>","protected":false},"featured_media":342201,"comment_status":"closed","ping_status":"closed","template":"","meta":{"_eb_attr":"","_crsspst_to_jayantr4sg-hostcom":false},"product_brand":[],"product_cat":[1791,1559,5950,5701,1792,1253,1779,1656,5275,1573,1574],"product_tag":[],"class_list":{"0":"post-342190","1":"product","2":"type-product","3":"status-publish","4":"has-post-thumbnail","6":"product_cat-anniversary-gifts","7":"product_cat-birthday-gifts","8":"product_cat-bridal-necklace","9":"product_cat-eid-jewellery","10":"product_cat-festival-gifts","11":"product_cat-gold-necklaces","12":"product_cat-mala-style-necklaces","13":"product_cat-rosettes-collections","14":"product_cat-rosettes-necklace","15":"product_cat-wedding-gifts","16":"product_cat-womens-jewellery","18":"first","19":"instock","20":"taxable","21":"shipping-taxable","22":"purchasable","23":"product-type-simple","24":"add-to-wishlist-before_image"},"yoast_head":"<!-- This site is optimized with the Yoast SEO plugin v27.5 - https:\/\/yoast.com\/product\/yoast-seo-wordpress\/ -->\n<title>22ct Gold Mala Style Necklace UK from Rosette Collection<\/title>\n<meta name=\"description\" content=\"This 22ct Gold Rosette Collection Antique finish necklace from the UK is perfect for adding a touch of vintage glamour to any look.\" \/>\n<meta name=\"robots\" content=\"index, follow, max-snippet:-1, max-image-preview:large, max-video-preview:-1\" \/>\n<link rel=\"canonical\" href=\"https:\/\/www.purejewels.com\/de\/produkt-2\/22ct-gold-mala-stil-halsketten-30-zoll-rosette-sammlung-43367\/\" \/>\n<meta property=\"og:locale\" content=\"de_DE\" \/>\n<meta property=\"og:type\" content=\"article\" \/>\n<meta property=\"og:title\" content=\"22ct Gold Mala Style Necklace UK from Rosette Collection\" \/>\n<meta property=\"og:description\" content=\"This 22ct Gold Rosette Collection Antique finish necklace from the UK is perfect for adding a touch of vintage glamour to any look.\" \/>\n<meta property=\"og:url\" content=\"https:\/\/www.purejewels.com\/de\/produkt-2\/22ct-gold-mala-stil-halsketten-30-zoll-rosette-sammlung-43367\/\" \/>\n<meta property=\"og:site_name\" content=\"PureJewels UK\" \/>\n<meta property=\"article:modified_time\" content=\"2026-02-05T06:30:30+00:00\" \/>\n<meta property=\"og:image\" content=\"https:\/\/static.purejewels.com\/wp-content\/uploads\/2022\/12\/JLML854-2.jpg\" \/>\n\t<meta property=\"og:image:width\" content=\"1000\" \/>\n\t<meta property=\"og:image:height\" content=\"1000\" \/>\n\t<meta property=\"og:image:type\" content=\"image\/jpeg\" \/>\n<meta name=\"twitter:card\" content=\"summary_large_image\" \/>\n<meta name=\"twitter:label1\" content=\"Gesch\u00e4tzte Lesezeit\" \/>\n\t<meta name=\"twitter:data1\" content=\"1\u00a0Minute\" \/>\n<script type=\"application\/ld+json\" class=\"yoast-schema-graph\">{\"@context\":\"https:\\\/\\\/schema.org\",\"@graph\":[{\"@type\":[\"WebPage\",\"ItemPage\"],\"@id\":\"https:\\\/\\\/www.purejewels.com\\\/product\\\/22ct-gold-mala-style-necklaces-30-inches-rosette-collection-43367\\\/\",\"url\":\"https:\\\/\\\/www.purejewels.com\\\/product\\\/22ct-gold-mala-style-necklaces-30-inches-rosette-collection-43367\\\/\",\"name\":\"22ct Gold Mala Style Necklace UK from Rosette Collection\",\"isPartOf\":{\"@id\":\"https:\\\/\\\/www.purejewels.com\\\/#website\"},\"primaryImageOfPage\":{\"@id\":\"https:\\\/\\\/www.purejewels.com\\\/product\\\/22ct-gold-mala-style-necklaces-30-inches-rosette-collection-43367\\\/#primaryimage\"},\"image\":{\"@id\":\"https:\\\/\\\/www.purejewels.com\\\/product\\\/22ct-gold-mala-style-necklaces-30-inches-rosette-collection-43367\\\/#primaryimage\"},\"thumbnailUrl\":\"https:\\\/\\\/static.purejewels.com\\\/wp-content\\\/uploads\\\/2022\\\/12\\\/JLML854-2.jpg\",\"datePublished\":\"2023-08-01T11:48:59+00:00\",\"dateModified\":\"2026-02-05T06:30:30+00:00\",\"description\":\"This 22ct Gold Rosette Collection Antique finish necklace from the UK is perfect for adding a touch of vintage glamour to any look.\",\"breadcrumb\":{\"@id\":\"https:\\\/\\\/www.purejewels.com\\\/product\\\/22ct-gold-mala-style-necklaces-30-inches-rosette-collection-43367\\\/#breadcrumb\"},\"inLanguage\":\"de\",\"potentialAction\":[{\"@type\":\"ReadAction\",\"target\":[\"https:\\\/\\\/www.purejewels.com\\\/product\\\/22ct-gold-mala-style-necklaces-30-inches-rosette-collection-43367\\\/\"]}]},{\"@type\":\"ImageObject\",\"inLanguage\":\"de\",\"@id\":\"https:\\\/\\\/www.purejewels.com\\\/product\\\/22ct-gold-mala-style-necklaces-30-inches-rosette-collection-43367\\\/#primaryimage\",\"url\":\"https:\\\/\\\/static.purejewels.com\\\/wp-content\\\/uploads\\\/2022\\\/12\\\/JLML854-2.jpg\",\"contentUrl\":\"https:\\\/\\\/static.purejewels.com\\\/wp-content\\\/uploads\\\/2022\\\/12\\\/JLML854-2.jpg\",\"width\":1000,\"height\":1000,\"caption\":\"22ct Gold Mala Style Necklaces | 30 Inches | Jali Filigree Collection\"},{\"@type\":\"BreadcrumbList\",\"@id\":\"https:\\\/\\\/www.purejewels.com\\\/product\\\/22ct-gold-mala-style-necklaces-30-inches-rosette-collection-43367\\\/#breadcrumb\",\"itemListElement\":[{\"@type\":\"ListItem\",\"position\":1,\"name\":\"Home\",\"item\":\"https:\\\/\\\/www.purejewels.com\\\/\"},{\"@type\":\"ListItem\",\"position\":2,\"name\":\"Shop\",\"item\":\"https:\\\/\\\/www.purejewels.com\\\/shop\\\/\"},{\"@type\":\"ListItem\",\"position\":3,\"name\":\"22ct Gold Mala Style Necklaces | 26 Inches | Rosette Collection\"}]},{\"@type\":\"WebSite\",\"@id\":\"https:\\\/\\\/www.purejewels.com\\\/#website\",\"url\":\"https:\\\/\\\/www.purejewels.com\\\/\",\"name\":\"PureJewels UK\",\"description\":\"Share the Love\",\"publisher\":{\"@id\":\"https:\\\/\\\/www.purejewels.com\\\/#organization\"},\"potentialAction\":[{\"@type\":\"SearchAction\",\"target\":{\"@type\":\"EntryPoint\",\"urlTemplate\":\"https:\\\/\\\/www.purejewels.com\\\/?s={search_term_string}\"},\"query-input\":{\"@type\":\"PropertyValueSpecification\",\"valueRequired\":true,\"valueName\":\"search_term_string\"}}],\"inLanguage\":\"de\"},{\"@type\":\"Organization\",\"@id\":\"https:\\\/\\\/www.purejewels.com\\\/#organization\",\"name\":\"PureJewels UK\",\"url\":\"https:\\\/\\\/www.purejewels.com\\\/\",\"logo\":{\"@type\":\"ImageObject\",\"inLanguage\":\"de\",\"@id\":\"https:\\\/\\\/www.purejewels.com\\\/#\\\/schema\\\/logo\\\/image\\\/\",\"url\":\"https:\\\/\\\/static.purejewels.com\\\/wp-content\\\/uploads\\\/2020\\\/11\\\/Logo-PJ-New-1.png\",\"contentUrl\":\"https:\\\/\\\/static.purejewels.com\\\/wp-content\\\/uploads\\\/2020\\\/11\\\/Logo-PJ-New-1.png\",\"width\":150,\"height\":80,\"caption\":\"PureJewels UK\"},\"image\":{\"@id\":\"https:\\\/\\\/www.purejewels.com\\\/#\\\/schema\\\/logo\\\/image\\\/\"}}]}<\/script>\n<!-- \/ Yoast SEO plugin. -->","yoast_head_json":{"title":"22ct Gold Mala Style Halskette UK von Rosette Collection","description":"Diese 22ct Gold Rosette Collection Antique Finish Halskette aus Gro\u00dfbritannien ist perfekt, um jedem Look einen Hauch von Vintage Glamour zu verleihen.","robots":{"index":"index","follow":"follow","max-snippet":"max-snippet:-1","max-image-preview":"max-image-preview:large","max-video-preview":"max-video-preview:-1"},"canonical":"https:\/\/www.purejewels.com\/de\/produkt-2\/22ct-gold-mala-stil-halsketten-30-zoll-rosette-sammlung-43367\/","og_locale":"de_DE","og_type":"article","og_title":"22ct Gold Mala Style Necklace UK from Rosette Collection","og_description":"This 22ct Gold Rosette Collection Antique finish necklace from the UK is perfect for adding a touch of vintage glamour to any look.","og_url":"https:\/\/www.purejewels.com\/de\/produkt-2\/22ct-gold-mala-stil-halsketten-30-zoll-rosette-sammlung-43367\/","og_site_name":"PureJewels UK","article_modified_time":"2026-02-05T06:30:30+00:00","og_image":[{"width":1000,"height":1000,"url":"https:\/\/static.purejewels.com\/wp-content\/uploads\/2022\/12\/JLML854-2.jpg","type":"image\/jpeg"}],"twitter_card":"summary_large_image","twitter_misc":{"Gesch\u00e4tzte Lesezeit":"1\u00a0Minute"},"schema":{"@context":"https:\/\/schema.org","@graph":[{"@type":["WebPage","ItemPage"],"@id":"https:\/\/www.purejewels.com\/product\/22ct-gold-mala-style-necklaces-30-inches-rosette-collection-43367\/","url":"https:\/\/www.purejewels.com\/product\/22ct-gold-mala-style-necklaces-30-inches-rosette-collection-43367\/","name":"22ct Gold Mala Style Halskette UK von Rosette Collection","isPartOf":{"@id":"https:\/\/www.purejewels.com\/#website"},"primaryImageOfPage":{"@id":"https:\/\/www.purejewels.com\/product\/22ct-gold-mala-style-necklaces-30-inches-rosette-collection-43367\/#primaryimage"},"image":{"@id":"https:\/\/www.purejewels.com\/product\/22ct-gold-mala-style-necklaces-30-inches-rosette-collection-43367\/#primaryimage"},"thumbnailUrl":"https:\/\/static.purejewels.com\/wp-content\/uploads\/2022\/12\/JLML854-2.jpg","datePublished":"2023-08-01T11:48:59+00:00","dateModified":"2026-02-05T06:30:30+00:00","description":"Diese 22ct Gold Rosette Collection Antique Finish Halskette aus Gro\u00dfbritannien ist perfekt, um jedem Look einen Hauch von Vintage Glamour zu verleihen.","breadcrumb":{"@id":"https:\/\/www.purejewels.com\/product\/22ct-gold-mala-style-necklaces-30-inches-rosette-collection-43367\/#breadcrumb"},"inLanguage":"de","potentialAction":[{"@type":"ReadAction","target":["https:\/\/www.purejewels.com\/product\/22ct-gold-mala-style-necklaces-30-inches-rosette-collection-43367\/"]}]},{"@type":"ImageObject","inLanguage":"de","@id":"https:\/\/www.purejewels.com\/product\/22ct-gold-mala-style-necklaces-30-inches-rosette-collection-43367\/#primaryimage","url":"https:\/\/static.purejewels.com\/wp-content\/uploads\/2022\/12\/JLML854-2.jpg","contentUrl":"https:\/\/static.purejewels.com\/wp-content\/uploads\/2022\/12\/JLML854-2.jpg","width":1000,"height":1000,"caption":"22ct Gold Mala Style Necklaces | 30 Inches | Jali Filigree Collection"},{"@type":"BreadcrumbList","@id":"https:\/\/www.purejewels.com\/product\/22ct-gold-mala-style-necklaces-30-inches-rosette-collection-43367\/#breadcrumb","itemListElement":[{"@type":"ListItem","position":1,"name":"Home","item":"https:\/\/www.purejewels.com\/"},{"@type":"ListItem","position":2,"name":"Shop","item":"https:\/\/www.purejewels.com\/shop\/"},{"@type":"ListItem","position":3,"name":"22ct Gold Mala Style Necklaces | 26 Inches | Rosette Collection"}]},{"@type":"WebSite","@id":"https:\/\/www.purejewels.com\/#website","url":"https:\/\/www.purejewels.com\/","name":"PureJewels UK","description":"Teile die Liebe","publisher":{"@id":"https:\/\/www.purejewels.com\/#organization"},"potentialAction":[{"@type":"SearchAction","target":{"@type":"EntryPoint","urlTemplate":"https:\/\/www.purejewels.com\/?s={search_term_string}"},"query-input":{"@type":"PropertyValueSpecification","valueRequired":true,"valueName":"search_term_string"}}],"inLanguage":"de"},{"@type":"Organization","@id":"https:\/\/www.purejewels.com\/#organization","name":"PureJewels UK","url":"https:\/\/www.purejewels.com\/","logo":{"@type":"ImageObject","inLanguage":"de","@id":"https:\/\/www.purejewels.com\/#\/schema\/logo\/image\/","url":"https:\/\/static.purejewels.com\/wp-content\/uploads\/2020\/11\/Logo-PJ-New-1.png","contentUrl":"https:\/\/static.purejewels.com\/wp-content\/uploads\/2020\/11\/Logo-PJ-New-1.png","width":150,"height":80,"caption":"PureJewels UK"},"image":{"@id":"https:\/\/www.purejewels.com\/#\/schema\/logo\/image\/"}}]}},"_links":{"self":[{"href":"https:\/\/www.purejewels.com\/de\/wp-json\/wp\/v2\/product\/342190","targetHints":{"allow":["GET"]}}],"collection":[{"href":"https:\/\/www.purejewels.com\/de\/wp-json\/wp\/v2\/product"}],"about":[{"href":"https:\/\/www.purejewels.com\/de\/wp-json\/wp\/v2\/types\/product"}],"replies":[{"embeddable":true,"href":"https:\/\/www.purejewels.com\/de\/wp-json\/wp\/v2\/comments?post=342190"}],"version-history":[{"count":3,"href":"https:\/\/www.purejewels.com\/de\/wp-json\/wp\/v2\/product\/342190\/revisions"}],"predecessor-version":[{"id":391260,"href":"https:\/\/www.purejewels.com\/de\/wp-json\/wp\/v2\/product\/342190\/revisions\/391260"}],"wp:featuredmedia":[{"embeddable":true,"href":"https:\/\/www.purejewels.com\/de\/wp-json\/wp\/v2\/media\/342201"}],"wp:attachment":[{"href":"https:\/\/www.purejewels.com\/de\/wp-json\/wp\/v2\/media?parent=342190"}],"wp:term":[{"taxonomy":"product_brand","embeddable":true,"href":"https:\/\/www.purejewels.com\/de\/wp-json\/wp\/v2\/product_brand?post=342190"},{"taxonomy":"product_cat","embeddable":true,"href":"https:\/\/www.purejewels.com\/de\/wp-json\/wp\/v2\/product_cat?post=342190"},{"taxonomy":"product_tag","embeddable":true,"href":"https:\/\/www.purejewels.com\/de\/wp-json\/wp\/v2\/product_tag?post=342190"}],"curies":[{"name":"wp","href":"https:\/\/api.w.org\/{rel}","templated":true}]}}