{"id":342244,"date":"2022-12-23T09:46:58","date_gmt":"2022-12-23T09:46:58","guid":{"rendered":"https:\/\/www.purejewels.com\/?post_type=product&#038;p=342244"},"modified":"2026-01-07T06:13:08","modified_gmt":"2026-01-07T06:13:08","slug":"22ct-gold-damenband-m-grose-4mm-43743","status":"publish","type":"product","link":"https:\/\/www.purejewels.com\/de\/product\/22ct-gold-ladies-band-m-size-4mm-43743\/","title":{"rendered":"22ct Gold Damenring | Gr\u00f6\u00dfe L | 4mm"},"content":{"rendered":"<p data-start=\"0\" data-end=\"368\"><strong data-start=\"0\" data-end=\"10\">Gestaltung<\/strong><br data-start=\"10\" data-end=\"13\" \/>Dieser Damenring aus 22-kar\u00e4tigem Gold hat ein raffiniertes 4-mm-Profil, das genau die richtige Pr\u00e4senz f\u00fcr die Eleganz des Alltags bietet. Seine sanft geschwungene Form liegt sanft am Finger, w\u00e4hrend das ausgefallene Muster rund um das Band einen subtilen Hauch von Glamour verleiht. Er ist klassisch und doch unverwechselbar und passt sowohl zu minimalistischen als auch zu aufw\u00e4ndigeren Schmuckgarderoben.<\/p>\n<p data-start=\"370\" data-end=\"724\"><strong data-start=\"370\" data-end=\"387\">Handwerkliches K\u00f6nnen<\/strong><br data-start=\"387\" data-end=\"390\" \/>Der fachm\u00e4nnisch aus reichem 22-kar\u00e4tigem Gold gefertigte Ring bietet ein ausgewogenes Verh\u00e4ltnis zwischen Komfort und Haltbarkeit f\u00fcr regelm\u00e4\u00dfiges Tragen. Die komplizierten Details wurden sorgf\u00e4ltig verarbeitet, um klare Linien und eine weiche Innenfl\u00e4che zu schaffen, die sich m\u00fchelos an der Hand anf\u00fchlt. Der Ring ist im Vereinigten K\u00f6nigreich mit einem Feingehaltssiegel versehen, so dass Sie ihn jahrelang mit gutem Gewissen tragen k\u00f6nnen.<\/p>\n<p data-start=\"726\" data-end=\"1117\" data-is-last-node=\"\" data-is-only-node=\"\"><strong data-start=\"726\" data-end=\"747\">Styling &amp; Geschenkartikel<\/strong><br data-start=\"747\" data-end=\"750\" \/>Dieser Ring eignet sich perfekt als Einzelst\u00fcck f\u00fcr den Alltag, l\u00e4sst sich aber auch wunderbar mit schmalen Stapelringen kombinieren. <a href=\"https:\/\/www.purejewels.com\/de\/product-category\/22ct-gold-jewellery\/gold-rings\/\">Ringe<\/a> oder einen diamantenen Verlobungsring. W\u00e4hlen Sie ihn als modernen Ehering, als bedeutungsvollen Versprechungsring oder als besonderes Geschenk f\u00fcr sich selbst, um einen pers\u00f6nlichen Meilenstein zu markieren. Sein zeitloses Design macht ihn zu einem einfachen, durchdachten Geschenk f\u00fcr Geburtstage, Jahrestage oder festliche Anl\u00e4sse.<\/p>","protected":false},"excerpt":{"rendered":"<div class=\"woocommerce-product-details__short-description\">\n<table class=\"sh_desc\">\n<tbody>\n<tr>\n<td>Typ des Rings<\/td>\n<td>Ausgefallener Bandring<\/td>\n<\/tr>\n<tr>\n<td>SKU<\/td>\n<td>43733<\/td>\n<\/tr>\n<tr>\n<td>Gewicht<\/td>\n<td>3.1 Gms<\/td>\n<\/tr>\n<tr>\n<td>Metall<\/td>\n<td>22ct Gold<\/td>\n<\/tr>\n<tr>\n<td>Entgelte<\/td>\n<td>Lieferung und Mehrwertsteuer inbegriffen<\/td>\n<\/tr>\n<tr>\n<td>Verpackung<\/td>\n<td>Mit Pr\u00e4sentationsbox<\/td>\n<\/tr>\n<tr>\n<td>Mehr Informationen<\/td>\n<td>Live-Chat mit uns f\u00fcr Verf\u00fcgbarkeit und mehr Bilder<\/td>\n<\/tr>\n<\/tbody>\n<\/table>\n<\/div>\n<div class=\"btn-atc atc-slide\"><\/div>\n<div class=\"product_meta\"><\/div>","protected":false},"featured_media":351452,"comment_status":"closed","ping_status":"closed","template":"","meta":{"_eb_attr":"","_crsspst_to_jayantr4sg-hostcom":false},"product_brand":[],"product_cat":[1640,1791,1559,1794,1785,1793,1792,1235,5344,1783,1786,5338,1569,1573,226,1574,5349],"product_tag":[],"class_list":{"0":"post-342244","1":"product","2":"type-product","3":"status-publish","4":"has-post-thumbnail","6":"product_cat-22ct-gold-bands","7":"product_cat-anniversary-gifts","8":"product_cat-birthday-gifts","9":"product_cat-christmas-gifts","10":"product_cat-daily-wear-rings","11":"product_cat-diwali-gifts","12":"product_cat-festival-gifts","13":"product_cat-gold-rings","14":"product_cat-jewellery-under-750","15":"product_cat-ladies-rings","16":"product_cat-occasional-wear-rings","17":"product_cat-shop-by-price","18":"product_cat-valentine-day-gifts","19":"product_cat-wedding-gifts","20":"product_cat-wedding-rings-bands","21":"product_cat-womens-jewellery","22":"product_cat-yellow-gold-jewellery","24":"first","25":"outofstock","26":"taxable","27":"shipping-taxable","28":"product-type-simple","29":"add-to-wishlist-before_image"},"yoast_head":"<!-- This site is optimized with the Yoast SEO plugin v27.3 - https:\/\/yoast.com\/product\/yoast-seo-wordpress\/ -->\n<title>22ct Gold Ladies Band | L Size | 4mm | PureJewels UK<\/title>\n<meta name=\"description\" content=\"Add a touch of luxury to your everyday look with these stunning Ladies band Ring, crafted from 22 carat gold. Buy this Stud online today.\" \/>\n<meta name=\"robots\" content=\"index, follow, max-snippet:-1, max-image-preview:large, max-video-preview:-1\" \/>\n<link rel=\"canonical\" href=\"https:\/\/www.purejewels.com\/de\/produkt-2\/22ct-gold-damenband-m-grose-4mm-43743\/\" \/>\n<meta property=\"og:locale\" content=\"de_DE\" \/>\n<meta property=\"og:type\" content=\"article\" \/>\n<meta property=\"og:title\" content=\"22ct Gold Ladies Band | L Size | 4mm | PureJewels UK\" \/>\n<meta property=\"og:description\" content=\"Add a touch of luxury to your everyday look with these stunning Ladies band Ring, crafted from 22 carat gold. Buy this Stud online today.\" \/>\n<meta property=\"og:url\" content=\"https:\/\/www.purejewels.com\/de\/produkt-2\/22ct-gold-damenband-m-grose-4mm-43743\/\" \/>\n<meta property=\"og:site_name\" content=\"PureJewels UK\" \/>\n<meta property=\"article:modified_time\" content=\"2026-01-07T06:13:08+00:00\" \/>\n<meta property=\"og:image\" content=\"https:\/\/www.purejewels.com\/wp-content\/uploads\/2022\/12\/43733-1.jpg\" \/>\n\t<meta property=\"og:image:width\" content=\"1\" \/>\n\t<meta property=\"og:image:height\" content=\"1\" \/>\n\t<meta property=\"og:image:type\" content=\"image\/jpeg\" \/>\n<meta name=\"twitter:card\" content=\"summary_large_image\" \/>\n<meta name=\"twitter:label1\" content=\"Gesch\u00e4tzte Lesezeit\" \/>\n\t<meta name=\"twitter:data1\" content=\"1\u00a0Minute\" \/>\n<script type=\"application\/ld+json\" class=\"yoast-schema-graph\">{\"@context\":\"https:\\\/\\\/schema.org\",\"@graph\":[{\"@type\":[\"WebPage\",\"ItemPage\"],\"@id\":\"https:\\\/\\\/www.purejewels.com\\\/product\\\/22ct-gold-ladies-band-m-size-4mm-43743\\\/\",\"url\":\"https:\\\/\\\/www.purejewels.com\\\/product\\\/22ct-gold-ladies-band-m-size-4mm-43743\\\/\",\"name\":\"22ct Gold Ladies Band | L Size | 4mm | PureJewels UK\",\"isPartOf\":{\"@id\":\"https:\\\/\\\/www.purejewels.com\\\/#website\"},\"primaryImageOfPage\":{\"@id\":\"https:\\\/\\\/www.purejewels.com\\\/product\\\/22ct-gold-ladies-band-m-size-4mm-43743\\\/#primaryimage\"},\"image\":{\"@id\":\"https:\\\/\\\/www.purejewels.com\\\/product\\\/22ct-gold-ladies-band-m-size-4mm-43743\\\/#primaryimage\"},\"thumbnailUrl\":\"https:\\\/\\\/static.purejewels.com\\\/wp-content\\\/uploads\\\/2022\\\/12\\\/43733-1.jpg\",\"datePublished\":\"2022-12-23T09:46:58+00:00\",\"dateModified\":\"2026-01-07T06:13:08+00:00\",\"description\":\"Add a touch of luxury to your everyday look with these stunning Ladies band Ring, crafted from 22 carat gold. Buy this Stud online today.\",\"breadcrumb\":{\"@id\":\"https:\\\/\\\/www.purejewels.com\\\/product\\\/22ct-gold-ladies-band-m-size-4mm-43743\\\/#breadcrumb\"},\"inLanguage\":\"de\",\"potentialAction\":[{\"@type\":\"ReadAction\",\"target\":[\"https:\\\/\\\/www.purejewels.com\\\/product\\\/22ct-gold-ladies-band-m-size-4mm-43743\\\/\"]}]},{\"@type\":\"ImageObject\",\"inLanguage\":\"de\",\"@id\":\"https:\\\/\\\/www.purejewels.com\\\/product\\\/22ct-gold-ladies-band-m-size-4mm-43743\\\/#primaryimage\",\"url\":\"https:\\\/\\\/static.purejewels.com\\\/wp-content\\\/uploads\\\/2022\\\/12\\\/43733-1.jpg\",\"contentUrl\":\"https:\\\/\\\/static.purejewels.com\\\/wp-content\\\/uploads\\\/2022\\\/12\\\/43733-1.jpg\",\"caption\":\"22ct Gold Ladies Ring\"},{\"@type\":\"BreadcrumbList\",\"@id\":\"https:\\\/\\\/www.purejewels.com\\\/product\\\/22ct-gold-ladies-band-m-size-4mm-43743\\\/#breadcrumb\",\"itemListElement\":[{\"@type\":\"ListItem\",\"position\":1,\"name\":\"Home\",\"item\":\"https:\\\/\\\/www.purejewels.com\\\/\"},{\"@type\":\"ListItem\",\"position\":2,\"name\":\"Shop\",\"item\":\"https:\\\/\\\/www.purejewels.com\\\/shop\\\/\"},{\"@type\":\"ListItem\",\"position\":3,\"name\":\"22ct Gold Ladies Ring | L Size | 4mm\"}]},{\"@type\":\"WebSite\",\"@id\":\"https:\\\/\\\/www.purejewels.com\\\/#website\",\"url\":\"https:\\\/\\\/www.purejewels.com\\\/\",\"name\":\"PureJewels UK\",\"description\":\"Share the Love\",\"publisher\":{\"@id\":\"https:\\\/\\\/www.purejewels.com\\\/#organization\"},\"potentialAction\":[{\"@type\":\"SearchAction\",\"target\":{\"@type\":\"EntryPoint\",\"urlTemplate\":\"https:\\\/\\\/www.purejewels.com\\\/?s={search_term_string}\"},\"query-input\":{\"@type\":\"PropertyValueSpecification\",\"valueRequired\":true,\"valueName\":\"search_term_string\"}}],\"inLanguage\":\"de\"},{\"@type\":\"Organization\",\"@id\":\"https:\\\/\\\/www.purejewels.com\\\/#organization\",\"name\":\"PureJewels UK\",\"url\":\"https:\\\/\\\/www.purejewels.com\\\/\",\"logo\":{\"@type\":\"ImageObject\",\"inLanguage\":\"de\",\"@id\":\"https:\\\/\\\/www.purejewels.com\\\/#\\\/schema\\\/logo\\\/image\\\/\",\"url\":\"https:\\\/\\\/static.purejewels.com\\\/wp-content\\\/uploads\\\/2020\\\/11\\\/Logo-PJ-New-1.png\",\"contentUrl\":\"https:\\\/\\\/static.purejewels.com\\\/wp-content\\\/uploads\\\/2020\\\/11\\\/Logo-PJ-New-1.png\",\"width\":150,\"height\":80,\"caption\":\"PureJewels UK\"},\"image\":{\"@id\":\"https:\\\/\\\/www.purejewels.com\\\/#\\\/schema\\\/logo\\\/image\\\/\"}}]}<\/script>\n<!-- \/ Yoast SEO plugin. -->","yoast_head_json":{"title":"22ct Gold Damenband | Gr\u00f6\u00dfe L | 4mm | PureJewels UK","description":"Verleihen Sie Ihrem Alltagslook einen Hauch von Luxus mit diesem atemberaubenden, aus 22 Karat Gold gefertigten Damenring. Kaufen Sie diesen Ohrstecker noch heute online.","robots":{"index":"index","follow":"follow","max-snippet":"max-snippet:-1","max-image-preview":"max-image-preview:large","max-video-preview":"max-video-preview:-1"},"canonical":"https:\/\/www.purejewels.com\/de\/produkt-2\/22ct-gold-damenband-m-grose-4mm-43743\/","og_locale":"de_DE","og_type":"article","og_title":"22ct Gold Ladies Band | L Size | 4mm | PureJewels UK","og_description":"Add a touch of luxury to your everyday look with these stunning Ladies band Ring, crafted from 22 carat gold. Buy this Stud online today.","og_url":"https:\/\/www.purejewels.com\/de\/produkt-2\/22ct-gold-damenband-m-grose-4mm-43743\/","og_site_name":"PureJewels UK","article_modified_time":"2026-01-07T06:13:08+00:00","og_image":[{"url":"https:\/\/www.purejewels.com\/wp-content\/uploads\/2022\/12\/43733-1.jpg","width":1,"height":1,"type":"image\/jpeg"}],"twitter_card":"summary_large_image","twitter_misc":{"Gesch\u00e4tzte Lesezeit":"1\u00a0Minute"},"schema":{"@context":"https:\/\/schema.org","@graph":[{"@type":["WebPage","ItemPage"],"@id":"https:\/\/www.purejewels.com\/product\/22ct-gold-ladies-band-m-size-4mm-43743\/","url":"https:\/\/www.purejewels.com\/product\/22ct-gold-ladies-band-m-size-4mm-43743\/","name":"22ct Gold Damenband | Gr\u00f6\u00dfe L | 4mm | PureJewels UK","isPartOf":{"@id":"https:\/\/www.purejewels.com\/#website"},"primaryImageOfPage":{"@id":"https:\/\/www.purejewels.com\/product\/22ct-gold-ladies-band-m-size-4mm-43743\/#primaryimage"},"image":{"@id":"https:\/\/www.purejewels.com\/product\/22ct-gold-ladies-band-m-size-4mm-43743\/#primaryimage"},"thumbnailUrl":"https:\/\/static.purejewels.com\/wp-content\/uploads\/2022\/12\/43733-1.jpg","datePublished":"2022-12-23T09:46:58+00:00","dateModified":"2026-01-07T06:13:08+00:00","description":"Verleihen Sie Ihrem Alltagslook einen Hauch von Luxus mit diesem atemberaubenden, aus 22 Karat Gold gefertigten Damenring. Kaufen Sie diesen Ohrstecker noch heute online.","breadcrumb":{"@id":"https:\/\/www.purejewels.com\/product\/22ct-gold-ladies-band-m-size-4mm-43743\/#breadcrumb"},"inLanguage":"de","potentialAction":[{"@type":"ReadAction","target":["https:\/\/www.purejewels.com\/product\/22ct-gold-ladies-band-m-size-4mm-43743\/"]}]},{"@type":"ImageObject","inLanguage":"de","@id":"https:\/\/www.purejewels.com\/product\/22ct-gold-ladies-band-m-size-4mm-43743\/#primaryimage","url":"https:\/\/static.purejewels.com\/wp-content\/uploads\/2022\/12\/43733-1.jpg","contentUrl":"https:\/\/static.purejewels.com\/wp-content\/uploads\/2022\/12\/43733-1.jpg","caption":"22ct Gold Ladies Ring"},{"@type":"BreadcrumbList","@id":"https:\/\/www.purejewels.com\/product\/22ct-gold-ladies-band-m-size-4mm-43743\/#breadcrumb","itemListElement":[{"@type":"ListItem","position":1,"name":"Home","item":"https:\/\/www.purejewels.com\/"},{"@type":"ListItem","position":2,"name":"Shop","item":"https:\/\/www.purejewels.com\/shop\/"},{"@type":"ListItem","position":3,"name":"22ct Gold Ladies Ring | L Size | 4mm"}]},{"@type":"WebSite","@id":"https:\/\/www.purejewels.com\/#website","url":"https:\/\/www.purejewels.com\/","name":"PureJewels UK","description":"Teile die Liebe","publisher":{"@id":"https:\/\/www.purejewels.com\/#organization"},"potentialAction":[{"@type":"SearchAction","target":{"@type":"EntryPoint","urlTemplate":"https:\/\/www.purejewels.com\/?s={search_term_string}"},"query-input":{"@type":"PropertyValueSpecification","valueRequired":true,"valueName":"search_term_string"}}],"inLanguage":"de"},{"@type":"Organization","@id":"https:\/\/www.purejewels.com\/#organization","name":"PureJewels UK","url":"https:\/\/www.purejewels.com\/","logo":{"@type":"ImageObject","inLanguage":"de","@id":"https:\/\/www.purejewels.com\/#\/schema\/logo\/image\/","url":"https:\/\/static.purejewels.com\/wp-content\/uploads\/2020\/11\/Logo-PJ-New-1.png","contentUrl":"https:\/\/static.purejewels.com\/wp-content\/uploads\/2020\/11\/Logo-PJ-New-1.png","width":150,"height":80,"caption":"PureJewels UK"},"image":{"@id":"https:\/\/www.purejewels.com\/#\/schema\/logo\/image\/"}}]}},"_links":{"self":[{"href":"https:\/\/www.purejewels.com\/de\/wp-json\/wp\/v2\/product\/342244","targetHints":{"allow":["GET"]}}],"collection":[{"href":"https:\/\/www.purejewels.com\/de\/wp-json\/wp\/v2\/product"}],"about":[{"href":"https:\/\/www.purejewels.com\/de\/wp-json\/wp\/v2\/types\/product"}],"replies":[{"embeddable":true,"href":"https:\/\/www.purejewels.com\/de\/wp-json\/wp\/v2\/comments?post=342244"}],"version-history":[{"count":1,"href":"https:\/\/www.purejewels.com\/de\/wp-json\/wp\/v2\/product\/342244\/revisions"}],"predecessor-version":[{"id":420607,"href":"https:\/\/www.purejewels.com\/de\/wp-json\/wp\/v2\/product\/342244\/revisions\/420607"}],"wp:featuredmedia":[{"embeddable":true,"href":"https:\/\/www.purejewels.com\/de\/wp-json\/wp\/v2\/media\/351452"}],"wp:attachment":[{"href":"https:\/\/www.purejewels.com\/de\/wp-json\/wp\/v2\/media?parent=342244"}],"wp:term":[{"taxonomy":"product_brand","embeddable":true,"href":"https:\/\/www.purejewels.com\/de\/wp-json\/wp\/v2\/product_brand?post=342244"},{"taxonomy":"product_cat","embeddable":true,"href":"https:\/\/www.purejewels.com\/de\/wp-json\/wp\/v2\/product_cat?post=342244"},{"taxonomy":"product_tag","embeddable":true,"href":"https:\/\/www.purejewels.com\/de\/wp-json\/wp\/v2\/product_tag?post=342244"}],"curies":[{"name":"wp","href":"https:\/\/api.w.org\/{rel}","templated":true}]}}