{"id":342260,"date":"2022-12-23T11:21:47","date_gmt":"2022-12-23T11:21:47","guid":{"rendered":"https:\/\/www.purejewels.com\/?post_type=product&#038;p=342260"},"modified":"2026-01-07T06:13:08","modified_gmt":"2026-01-07T06:13:08","slug":"22ct-gold-fancy-damenring-m-grose-2-5mm-43739","status":"publish","type":"product","link":"https:\/\/www.purejewels.com\/de\/product\/22ct-gold-fancy-ladies-ring-m-size-2-5mm-43739\/","title":{"rendered":"22ct Gold Fancy Damen Ring | M 1\/2 Gr\u00f6\u00dfe | 4.5mm"},"content":{"rendered":"<ul>\n<li><b>SKU:<\/b>\u00a043730<\/li>\n<li><b>Bereich ID. <\/b>YGWB506<\/li>\n<\/ul>","protected":false},"excerpt":{"rendered":"<div class=\"woocommerce-product-details__short-description\">\n<table class=\"sh_desc\">\n<tbody>\n<tr>\n<td>Typ des Rings<\/td>\n<td>Ausgefallener Ring<\/td>\n<\/tr>\n<tr>\n<td>SKU<\/td>\n<td>43730<\/td>\n<\/tr>\n<tr>\n<td>Gewicht<\/td>\n<td>4.7 Gms<\/td>\n<\/tr>\n<tr>\n<td>Metall<\/td>\n<td>22ct Gold<\/td>\n<\/tr>\n<tr>\n<td>Entgelte<\/td>\n<td>Lieferung und Mehrwertsteuer inbegriffen<\/td>\n<\/tr>\n<tr>\n<td>Verpackung<\/td>\n<td>Mit Pr\u00e4sentationsbox<\/td>\n<\/tr>\n<tr>\n<td>Mehr Informationen<\/td>\n<td>Live-Chat mit uns f\u00fcr Verf\u00fcgbarkeit und mehr Bilder<\/td>\n<\/tr>\n<\/tbody>\n<\/table>\n<\/div>\n<div class=\"btn-atc atc-slide\"><\/div>\n<div class=\"product_meta\"><\/div>","protected":false},"featured_media":349817,"comment_status":"closed","ping_status":"closed","template":"","meta":{"_eb_attr":"","_crsspst_to_jayantr4sg-hostcom":false},"product_brand":[],"product_cat":[1640,1791,1559,1794,1785,1793,1792,1235,1783,1786,5338,1569,1573,226,1574,5349],"product_tag":[64],"class_list":{"0":"post-342260","1":"product","2":"type-product","3":"status-publish","4":"has-post-thumbnail","6":"product_cat-22ct-gold-bands","7":"product_cat-anniversary-gifts","8":"product_cat-birthday-gifts","9":"product_cat-christmas-gifts","10":"product_cat-daily-wear-rings","11":"product_cat-diwali-gifts","12":"product_cat-festival-gifts","13":"product_cat-gold-rings","14":"product_cat-ladies-rings","15":"product_cat-occasional-wear-rings","16":"product_cat-shop-by-price","17":"product_cat-valentine-day-gifts","18":"product_cat-wedding-gifts","19":"product_cat-wedding-rings-bands","20":"product_cat-womens-jewellery","21":"product_cat-yellow-gold-jewellery","22":"product_tag-rings","24":"first","25":"outofstock","26":"taxable","27":"shipping-taxable","28":"product-type-simple","29":"add-to-wishlist-before_image"},"yoast_head":"<!-- This site is optimized with the Yoast SEO plugin v27.3 - https:\/\/yoast.com\/product\/yoast-seo-wordpress\/ -->\n<title>22ct Gold Fancy Ladies Ring | M 1\/2 Size | 4.5mm | PureJewels UK<\/title>\n<meta name=\"description\" content=\"22ct Gold Ladies Ring add a touch of luxury to your everyday look with these stunning Ladies Ring. Buy this Stud online today. Free Delivery at UK.\" \/>\n<meta name=\"robots\" content=\"index, follow, max-snippet:-1, max-image-preview:large, max-video-preview:-1\" \/>\n<link rel=\"canonical\" href=\"https:\/\/www.purejewels.com\/de\/produkt-2\/22ct-gold-fancy-damenring-m-grose-2-5mm-43739\/\" \/>\n<meta property=\"og:locale\" content=\"de_DE\" \/>\n<meta property=\"og:type\" content=\"article\" \/>\n<meta property=\"og:title\" content=\"22ct Gold Fancy Ladies Ring | M 1\/2 Size | 4.5mm | PureJewels UK\" \/>\n<meta property=\"og:description\" content=\"22ct Gold Ladies Ring add a touch of luxury to your everyday look with these stunning Ladies Ring. Buy this Stud online today. Free Delivery at UK.\" \/>\n<meta property=\"og:url\" content=\"https:\/\/www.purejewels.com\/de\/produkt-2\/22ct-gold-fancy-damenring-m-grose-2-5mm-43739\/\" \/>\n<meta property=\"og:site_name\" content=\"PureJewels UK\" \/>\n<meta property=\"article:modified_time\" content=\"2026-01-07T06:13:08+00:00\" \/>\n<meta property=\"og:image\" content=\"https:\/\/www.purejewels.com\/wp-content\/uploads\/2022\/12\/43730-1.jpg\" \/>\n\t<meta property=\"og:image:width\" content=\"1\" \/>\n\t<meta property=\"og:image:height\" content=\"1\" \/>\n\t<meta property=\"og:image:type\" content=\"image\/jpeg\" \/>\n<meta name=\"twitter:card\" content=\"summary_large_image\" \/>\n<script type=\"application\/ld+json\" class=\"yoast-schema-graph\">{\"@context\":\"https:\\\/\\\/schema.org\",\"@graph\":[{\"@type\":[\"WebPage\",\"ItemPage\"],\"@id\":\"https:\\\/\\\/www.purejewels.com\\\/product\\\/22ct-gold-fancy-ladies-ring-m-size-2-5mm-43739\\\/\",\"url\":\"https:\\\/\\\/www.purejewels.com\\\/product\\\/22ct-gold-fancy-ladies-ring-m-size-2-5mm-43739\\\/\",\"name\":\"22ct Gold Fancy Ladies Ring | M 1\\\/2 Size | 4.5mm | PureJewels UK\",\"isPartOf\":{\"@id\":\"https:\\\/\\\/www.purejewels.com\\\/#website\"},\"primaryImageOfPage\":{\"@id\":\"https:\\\/\\\/www.purejewels.com\\\/product\\\/22ct-gold-fancy-ladies-ring-m-size-2-5mm-43739\\\/#primaryimage\"},\"image\":{\"@id\":\"https:\\\/\\\/www.purejewels.com\\\/product\\\/22ct-gold-fancy-ladies-ring-m-size-2-5mm-43739\\\/#primaryimage\"},\"thumbnailUrl\":\"https:\\\/\\\/static.purejewels.com\\\/wp-content\\\/uploads\\\/2022\\\/12\\\/43730-1.jpg\",\"datePublished\":\"2022-12-23T11:21:47+00:00\",\"dateModified\":\"2026-01-07T06:13:08+00:00\",\"description\":\"22ct Gold Ladies Ring add a touch of luxury to your everyday look with these stunning Ladies Ring. Buy this Stud online today. Free Delivery at UK.\",\"breadcrumb\":{\"@id\":\"https:\\\/\\\/www.purejewels.com\\\/product\\\/22ct-gold-fancy-ladies-ring-m-size-2-5mm-43739\\\/#breadcrumb\"},\"inLanguage\":\"de\",\"potentialAction\":[{\"@type\":\"ReadAction\",\"target\":[\"https:\\\/\\\/www.purejewels.com\\\/product\\\/22ct-gold-fancy-ladies-ring-m-size-2-5mm-43739\\\/\"]}]},{\"@type\":\"ImageObject\",\"inLanguage\":\"de\",\"@id\":\"https:\\\/\\\/www.purejewels.com\\\/product\\\/22ct-gold-fancy-ladies-ring-m-size-2-5mm-43739\\\/#primaryimage\",\"url\":\"https:\\\/\\\/static.purejewels.com\\\/wp-content\\\/uploads\\\/2022\\\/12\\\/43730-1.jpg\",\"contentUrl\":\"https:\\\/\\\/static.purejewels.com\\\/wp-content\\\/uploads\\\/2022\\\/12\\\/43730-1.jpg\",\"caption\":\"22ct Gold Fancy Ladies Ring\"},{\"@type\":\"BreadcrumbList\",\"@id\":\"https:\\\/\\\/www.purejewels.com\\\/product\\\/22ct-gold-fancy-ladies-ring-m-size-2-5mm-43739\\\/#breadcrumb\",\"itemListElement\":[{\"@type\":\"ListItem\",\"position\":1,\"name\":\"Home\",\"item\":\"https:\\\/\\\/www.purejewels.com\\\/\"},{\"@type\":\"ListItem\",\"position\":2,\"name\":\"Shop\",\"item\":\"https:\\\/\\\/www.purejewels.com\\\/shop\\\/\"},{\"@type\":\"ListItem\",\"position\":3,\"name\":\"22ct Gold Fancy Ladies Ring | M 1\\\/2 Size | 4.5mm\"}]},{\"@type\":\"WebSite\",\"@id\":\"https:\\\/\\\/www.purejewels.com\\\/#website\",\"url\":\"https:\\\/\\\/www.purejewels.com\\\/\",\"name\":\"PureJewels UK\",\"description\":\"Share the Love\",\"publisher\":{\"@id\":\"https:\\\/\\\/www.purejewels.com\\\/#organization\"},\"potentialAction\":[{\"@type\":\"SearchAction\",\"target\":{\"@type\":\"EntryPoint\",\"urlTemplate\":\"https:\\\/\\\/www.purejewels.com\\\/?s={search_term_string}\"},\"query-input\":{\"@type\":\"PropertyValueSpecification\",\"valueRequired\":true,\"valueName\":\"search_term_string\"}}],\"inLanguage\":\"de\"},{\"@type\":\"Organization\",\"@id\":\"https:\\\/\\\/www.purejewels.com\\\/#organization\",\"name\":\"PureJewels UK\",\"url\":\"https:\\\/\\\/www.purejewels.com\\\/\",\"logo\":{\"@type\":\"ImageObject\",\"inLanguage\":\"de\",\"@id\":\"https:\\\/\\\/www.purejewels.com\\\/#\\\/schema\\\/logo\\\/image\\\/\",\"url\":\"https:\\\/\\\/static.purejewels.com\\\/wp-content\\\/uploads\\\/2020\\\/11\\\/Logo-PJ-New-1.png\",\"contentUrl\":\"https:\\\/\\\/static.purejewels.com\\\/wp-content\\\/uploads\\\/2020\\\/11\\\/Logo-PJ-New-1.png\",\"width\":150,\"height\":80,\"caption\":\"PureJewels UK\"},\"image\":{\"@id\":\"https:\\\/\\\/www.purejewels.com\\\/#\\\/schema\\\/logo\\\/image\\\/\"}}]}<\/script>\n<!-- \/ Yoast SEO plugin. -->","yoast_head_json":{"title":"22ct Gold Fancy Damen Ring | M 1\/2 Gr\u00f6\u00dfe | 4.5mm | PureJewels UK","description":"22ct Gold Damen Ring f\u00fcgen Sie einen Hauch von Luxus zu Ihrem t\u00e4glichen Look mit diesen atemberaubenden Damen Ring. Kaufen Sie diesen Ohrstecker noch heute online. Kostenlose Lieferung in Gro\u00dfbritannien.","robots":{"index":"index","follow":"follow","max-snippet":"max-snippet:-1","max-image-preview":"max-image-preview:large","max-video-preview":"max-video-preview:-1"},"canonical":"https:\/\/www.purejewels.com\/de\/produkt-2\/22ct-gold-fancy-damenring-m-grose-2-5mm-43739\/","og_locale":"de_DE","og_type":"article","og_title":"22ct Gold Fancy Ladies Ring | M 1\/2 Size | 4.5mm | PureJewels UK","og_description":"22ct Gold Ladies Ring add a touch of luxury to your everyday look with these stunning Ladies Ring. Buy this Stud online today. Free Delivery at UK.","og_url":"https:\/\/www.purejewels.com\/de\/produkt-2\/22ct-gold-fancy-damenring-m-grose-2-5mm-43739\/","og_site_name":"PureJewels UK","article_modified_time":"2026-01-07T06:13:08+00:00","og_image":[{"url":"https:\/\/www.purejewels.com\/wp-content\/uploads\/2022\/12\/43730-1.jpg","width":1,"height":1,"type":"image\/jpeg"}],"twitter_card":"summary_large_image","schema":{"@context":"https:\/\/schema.org","@graph":[{"@type":["WebPage","ItemPage"],"@id":"https:\/\/www.purejewels.com\/product\/22ct-gold-fancy-ladies-ring-m-size-2-5mm-43739\/","url":"https:\/\/www.purejewels.com\/product\/22ct-gold-fancy-ladies-ring-m-size-2-5mm-43739\/","name":"22ct Gold Fancy Damen Ring | M 1\/2 Gr\u00f6\u00dfe | 4.5mm | PureJewels UK","isPartOf":{"@id":"https:\/\/www.purejewels.com\/#website"},"primaryImageOfPage":{"@id":"https:\/\/www.purejewels.com\/product\/22ct-gold-fancy-ladies-ring-m-size-2-5mm-43739\/#primaryimage"},"image":{"@id":"https:\/\/www.purejewels.com\/product\/22ct-gold-fancy-ladies-ring-m-size-2-5mm-43739\/#primaryimage"},"thumbnailUrl":"https:\/\/static.purejewels.com\/wp-content\/uploads\/2022\/12\/43730-1.jpg","datePublished":"2022-12-23T11:21:47+00:00","dateModified":"2026-01-07T06:13:08+00:00","description":"22ct Gold Damen Ring f\u00fcgen Sie einen Hauch von Luxus zu Ihrem t\u00e4glichen Look mit diesen atemberaubenden Damen Ring. Kaufen Sie diesen Ohrstecker noch heute online. Kostenlose Lieferung in Gro\u00dfbritannien.","breadcrumb":{"@id":"https:\/\/www.purejewels.com\/product\/22ct-gold-fancy-ladies-ring-m-size-2-5mm-43739\/#breadcrumb"},"inLanguage":"de","potentialAction":[{"@type":"ReadAction","target":["https:\/\/www.purejewels.com\/product\/22ct-gold-fancy-ladies-ring-m-size-2-5mm-43739\/"]}]},{"@type":"ImageObject","inLanguage":"de","@id":"https:\/\/www.purejewels.com\/product\/22ct-gold-fancy-ladies-ring-m-size-2-5mm-43739\/#primaryimage","url":"https:\/\/static.purejewels.com\/wp-content\/uploads\/2022\/12\/43730-1.jpg","contentUrl":"https:\/\/static.purejewels.com\/wp-content\/uploads\/2022\/12\/43730-1.jpg","caption":"22ct Gold Fancy Ladies Ring"},{"@type":"BreadcrumbList","@id":"https:\/\/www.purejewels.com\/product\/22ct-gold-fancy-ladies-ring-m-size-2-5mm-43739\/#breadcrumb","itemListElement":[{"@type":"ListItem","position":1,"name":"Home","item":"https:\/\/www.purejewels.com\/"},{"@type":"ListItem","position":2,"name":"Shop","item":"https:\/\/www.purejewels.com\/shop\/"},{"@type":"ListItem","position":3,"name":"22ct Gold Fancy Ladies Ring | M 1\/2 Size | 4.5mm"}]},{"@type":"WebSite","@id":"https:\/\/www.purejewels.com\/#website","url":"https:\/\/www.purejewels.com\/","name":"PureJewels UK","description":"Teile die Liebe","publisher":{"@id":"https:\/\/www.purejewels.com\/#organization"},"potentialAction":[{"@type":"SearchAction","target":{"@type":"EntryPoint","urlTemplate":"https:\/\/www.purejewels.com\/?s={search_term_string}"},"query-input":{"@type":"PropertyValueSpecification","valueRequired":true,"valueName":"search_term_string"}}],"inLanguage":"de"},{"@type":"Organization","@id":"https:\/\/www.purejewels.com\/#organization","name":"PureJewels UK","url":"https:\/\/www.purejewels.com\/","logo":{"@type":"ImageObject","inLanguage":"de","@id":"https:\/\/www.purejewels.com\/#\/schema\/logo\/image\/","url":"https:\/\/static.purejewels.com\/wp-content\/uploads\/2020\/11\/Logo-PJ-New-1.png","contentUrl":"https:\/\/static.purejewels.com\/wp-content\/uploads\/2020\/11\/Logo-PJ-New-1.png","width":150,"height":80,"caption":"PureJewels UK"},"image":{"@id":"https:\/\/www.purejewels.com\/#\/schema\/logo\/image\/"}}]}},"_links":{"self":[{"href":"https:\/\/www.purejewels.com\/de\/wp-json\/wp\/v2\/product\/342260","targetHints":{"allow":["GET"]}}],"collection":[{"href":"https:\/\/www.purejewels.com\/de\/wp-json\/wp\/v2\/product"}],"about":[{"href":"https:\/\/www.purejewels.com\/de\/wp-json\/wp\/v2\/types\/product"}],"replies":[{"embeddable":true,"href":"https:\/\/www.purejewels.com\/de\/wp-json\/wp\/v2\/comments?post=342260"}],"version-history":[{"count":1,"href":"https:\/\/www.purejewels.com\/de\/wp-json\/wp\/v2\/product\/342260\/revisions"}],"predecessor-version":[{"id":363351,"href":"https:\/\/www.purejewels.com\/de\/wp-json\/wp\/v2\/product\/342260\/revisions\/363351"}],"wp:featuredmedia":[{"embeddable":true,"href":"https:\/\/www.purejewels.com\/de\/wp-json\/wp\/v2\/media\/349817"}],"wp:attachment":[{"href":"https:\/\/www.purejewels.com\/de\/wp-json\/wp\/v2\/media?parent=342260"}],"wp:term":[{"taxonomy":"product_brand","embeddable":true,"href":"https:\/\/www.purejewels.com\/de\/wp-json\/wp\/v2\/product_brand?post=342260"},{"taxonomy":"product_cat","embeddable":true,"href":"https:\/\/www.purejewels.com\/de\/wp-json\/wp\/v2\/product_cat?post=342260"},{"taxonomy":"product_tag","embeddable":true,"href":"https:\/\/www.purejewels.com\/de\/wp-json\/wp\/v2\/product_tag?post=342260"}],"curies":[{"name":"wp","href":"https:\/\/api.w.org\/{rel}","templated":true}]}}