{"id":342328,"date":"2022-12-24T10:55:46","date_gmt":"2022-12-24T10:55:46","guid":{"rendered":"https:\/\/www.purejewels.com\/?post_type=product&#038;p=342328"},"modified":"2025-11-12T07:36:44","modified_gmt":"2025-11-12T07:36:44","slug":"diamant-reifenohrringe-aus-18-karat-gelbgold-44235","status":"publish","type":"product","link":"https:\/\/www.purejewels.com\/de\/product\/18ct-yellow-gold-diamond-hoop-earrings-44235\/","title":{"rendered":"18ct Gelbgold Diamant Huggie Hoops"},"content":{"rendered":"<p>Diese atemberaubenden 18 Karat Gold Umarmung <a href=\"https:\/\/www.purejewels.com\/de\/product-category\/22ct-gold-jewellery\/gold-earrings\/\">Ohrringe<\/a> sind das perfekte Accessoire, um jedem Outfit einen Hauch von Luxus zu verleihen. Aus hochwertigem 18-kar\u00e4tigem Gelbgold gefertigt, sind diese diamantenen Huggie Hoops ein echter Hingucker. Die 0,28 Karat Diamanten verleihen ihnen einen Hauch von Glanz und Eleganz und machen sie zur perfekten Wahl f\u00fcr jeden besonderen Anlass.<\/p>\n<p>Mit einem Gewicht von nur 1,8 Gramm sind diese Ohrringe sehr leicht und lassen sich den ganzen Tag \u00fcber bequem tragen. Sie werden in einer sch\u00f6nen Pr\u00e4sentationsbox geliefert und sind somit ein ideales Geschenk f\u00fcr eine geliebte Person oder eine Freude f\u00fcr Sie selbst.<\/p>\n<p>Bei PureJewels UK bieten wir Ihnen eine kostenlose, verfolgbare Lieferung und sichere Online-Zahlungen, damit Sie mit Vertrauen einkaufen k\u00f6nnen. Wenn Sie Fragen haben oder eine schnellere Lieferung ben\u00f6tigen, steht Ihnen unser Kundenservice-Team per Live-Chat zur Seite.  Bestellen Sie noch heute und verleihen Sie Ihrer Schmucksammlung einen Hauch von Glamour.<\/p>","protected":false},"excerpt":{"rendered":"<div class=\"woocommerce-product-details__short-description\">\n<table class=\"sh_desc\">\n<tbody>\n<tr>\n<td>Art des Ohrrings<\/td>\n<td>Reif-Ohrring<\/td>\n<\/tr>\n<tr>\n<td>SKU<\/td>\n<td>44235<\/td>\n<\/tr>\n<tr>\n<td>Gewicht<\/td>\n<td>1,8 Gramm<\/td>\n<\/tr>\n<tr>\n<td>Metall<\/td>\n<td>18ct Gelbgold<\/td>\n<\/tr>\n<tr>\n<td>Diamant<\/td>\n<td>\u00a00,28ct<\/td>\n<\/tr>\n<tr>\n<td>Entgelte<\/td>\n<td>Lieferung und Mehrwertsteuer inbegriffen<\/td>\n<\/tr>\n<tr>\n<td>Verpackung<\/td>\n<td>Mit Pr\u00e4sentationsbox<\/td>\n<\/tr>\n<tr>\n<td>Mehr Informationen<\/td>\n<td>Live-Chat mit uns f\u00fcr Verf\u00fcgbarkeit und mehr Bilder<\/td>\n<\/tr>\n<\/tbody>\n<\/table>\n<\/div>\n<div class=\"btn-atc atc-slide\"><\/div>\n<div class=\"product_meta\"><\/div>","protected":false},"featured_media":342330,"comment_status":"closed","ping_status":"closed","template":"","meta":{"_eb_attr":"","_crsspst_to_jayantr4sg-hostcom":true},"product_brand":[],"product_cat":[5679,1791,1794,5458,5457,1254,1579,5338,1574,5349],"product_tag":[66],"class_list":{"0":"post-342328","1":"product","2":"type-product","3":"status-publish","4":"has-post-thumbnail","6":"product_cat-18ct-gold-jewellery","7":"product_cat-anniversary-gifts","8":"product_cat-christmas-gifts","9":"product_cat-diamond-earring","10":"product_cat-diamond-jewellery","11":"product_cat-gold-earrings","12":"product_cat-hoop-earrings","13":"product_cat-shop-by-price","14":"product_cat-womens-jewellery","15":"product_cat-yellow-gold-jewellery","16":"product_tag-earrings","18":"first","19":"outofstock","20":"taxable","21":"shipping-taxable","22":"product-type-simple","23":"add-to-wishlist-before_image"},"yoast_head":"<!-- This site is optimized with the Yoast SEO plugin v27.3 - https:\/\/yoast.com\/product\/yoast-seo-wordpress\/ -->\n<title>Diamond Huggie Hoops in 18ct Yellow Gold | PureJewels UK<\/title>\n<meta name=\"description\" content=\"Shop this earrings online today! These stunning Indian gold Hoop are perfect for adding a touch of luxury to Women. Made from 18ct Yellow Gold.\" \/>\n<meta name=\"robots\" content=\"index, follow, max-snippet:-1, max-image-preview:large, max-video-preview:-1\" \/>\n<link rel=\"canonical\" href=\"https:\/\/www.purejewels.com\/de\/produkt-2\/diamant-reifenohrringe-aus-18-karat-gelbgold-44235\/\" \/>\n<meta property=\"og:locale\" content=\"de_DE\" \/>\n<meta property=\"og:type\" content=\"article\" \/>\n<meta property=\"og:title\" content=\"Diamond Huggie Hoops in 18ct Yellow Gold | PureJewels UK\" \/>\n<meta property=\"og:description\" content=\"Shop this earrings online today! These stunning Indian gold Hoop are perfect for adding a touch of luxury to Women. Made from 18ct Yellow Gold.\" \/>\n<meta property=\"og:url\" content=\"https:\/\/www.purejewels.com\/de\/produkt-2\/diamant-reifenohrringe-aus-18-karat-gelbgold-44235\/\" \/>\n<meta property=\"og:site_name\" content=\"PureJewels UK\" \/>\n<meta property=\"article:modified_time\" content=\"2025-11-12T07:36:44+00:00\" \/>\n<meta property=\"og:image\" content=\"https:\/\/www.purejewels.com\/wp-content\/uploads\/2022\/12\/2022-12-16-13-38-43-BR8S4.jpg\" \/>\n\t<meta property=\"og:image:width\" content=\"1000\" \/>\n\t<meta property=\"og:image:height\" content=\"1000\" \/>\n\t<meta property=\"og:image:type\" content=\"image\/jpeg\" \/>\n<meta name=\"twitter:card\" content=\"summary_large_image\" \/>\n<meta name=\"twitter:label1\" content=\"Gesch\u00e4tzte Lesezeit\" \/>\n\t<meta name=\"twitter:data1\" content=\"1\u00a0Minute\" \/>\n<script type=\"application\/ld+json\" class=\"yoast-schema-graph\">{\"@context\":\"https:\\\/\\\/schema.org\",\"@graph\":[{\"@type\":[\"WebPage\",\"ItemPage\"],\"@id\":\"https:\\\/\\\/www.purejewels.com\\\/product\\\/18ct-yellow-gold-diamond-hoop-earrings-44235\\\/\",\"url\":\"https:\\\/\\\/www.purejewels.com\\\/product\\\/18ct-yellow-gold-diamond-hoop-earrings-44235\\\/\",\"name\":\"Diamond Huggie Hoops in 18ct Yellow Gold | PureJewels UK\",\"isPartOf\":{\"@id\":\"https:\\\/\\\/www.purejewels.com\\\/#website\"},\"primaryImageOfPage\":{\"@id\":\"https:\\\/\\\/www.purejewels.com\\\/product\\\/18ct-yellow-gold-diamond-hoop-earrings-44235\\\/#primaryimage\"},\"image\":{\"@id\":\"https:\\\/\\\/www.purejewels.com\\\/product\\\/18ct-yellow-gold-diamond-hoop-earrings-44235\\\/#primaryimage\"},\"thumbnailUrl\":\"https:\\\/\\\/static.purejewels.com\\\/wp-content\\\/uploads\\\/2022\\\/12\\\/2022-12-16-13-38-43-BR8S4.jpg\",\"datePublished\":\"2022-12-24T10:55:46+00:00\",\"dateModified\":\"2025-11-12T07:36:44+00:00\",\"description\":\"Shop this earrings online today! These stunning Indian gold Hoop are perfect for adding a touch of luxury to Women. Made from 18ct Yellow Gold.\",\"breadcrumb\":{\"@id\":\"https:\\\/\\\/www.purejewels.com\\\/product\\\/18ct-yellow-gold-diamond-hoop-earrings-44235\\\/#breadcrumb\"},\"inLanguage\":\"de\",\"potentialAction\":[{\"@type\":\"ReadAction\",\"target\":[\"https:\\\/\\\/www.purejewels.com\\\/product\\\/18ct-yellow-gold-diamond-hoop-earrings-44235\\\/\"]}]},{\"@type\":\"ImageObject\",\"inLanguage\":\"de\",\"@id\":\"https:\\\/\\\/www.purejewels.com\\\/product\\\/18ct-yellow-gold-diamond-hoop-earrings-44235\\\/#primaryimage\",\"url\":\"https:\\\/\\\/static.purejewels.com\\\/wp-content\\\/uploads\\\/2022\\\/12\\\/2022-12-16-13-38-43-BR8S4.jpg\",\"contentUrl\":\"https:\\\/\\\/static.purejewels.com\\\/wp-content\\\/uploads\\\/2022\\\/12\\\/2022-12-16-13-38-43-BR8S4.jpg\",\"width\":1000,\"height\":1000,\"caption\":\"18ct Yellow Gold Diamond Hoop Earrings\"},{\"@type\":\"BreadcrumbList\",\"@id\":\"https:\\\/\\\/www.purejewels.com\\\/product\\\/18ct-yellow-gold-diamond-hoop-earrings-44235\\\/#breadcrumb\",\"itemListElement\":[{\"@type\":\"ListItem\",\"position\":1,\"name\":\"Home\",\"item\":\"https:\\\/\\\/www.purejewels.com\\\/\"},{\"@type\":\"ListItem\",\"position\":2,\"name\":\"Shop\",\"item\":\"https:\\\/\\\/www.purejewels.com\\\/shop\\\/\"},{\"@type\":\"ListItem\",\"position\":3,\"name\":\"18ct Yellow Gold Diamond Huggie Hoops\"}]},{\"@type\":\"WebSite\",\"@id\":\"https:\\\/\\\/www.purejewels.com\\\/#website\",\"url\":\"https:\\\/\\\/www.purejewels.com\\\/\",\"name\":\"PureJewels UK\",\"description\":\"Share the Love\",\"publisher\":{\"@id\":\"https:\\\/\\\/www.purejewels.com\\\/#organization\"},\"potentialAction\":[{\"@type\":\"SearchAction\",\"target\":{\"@type\":\"EntryPoint\",\"urlTemplate\":\"https:\\\/\\\/www.purejewels.com\\\/?s={search_term_string}\"},\"query-input\":{\"@type\":\"PropertyValueSpecification\",\"valueRequired\":true,\"valueName\":\"search_term_string\"}}],\"inLanguage\":\"de\"},{\"@type\":\"Organization\",\"@id\":\"https:\\\/\\\/www.purejewels.com\\\/#organization\",\"name\":\"PureJewels UK\",\"url\":\"https:\\\/\\\/www.purejewels.com\\\/\",\"logo\":{\"@type\":\"ImageObject\",\"inLanguage\":\"de\",\"@id\":\"https:\\\/\\\/www.purejewels.com\\\/#\\\/schema\\\/logo\\\/image\\\/\",\"url\":\"https:\\\/\\\/static.purejewels.com\\\/wp-content\\\/uploads\\\/2020\\\/11\\\/Logo-PJ-New-1.png\",\"contentUrl\":\"https:\\\/\\\/static.purejewels.com\\\/wp-content\\\/uploads\\\/2020\\\/11\\\/Logo-PJ-New-1.png\",\"width\":150,\"height\":80,\"caption\":\"PureJewels UK\"},\"image\":{\"@id\":\"https:\\\/\\\/www.purejewels.com\\\/#\\\/schema\\\/logo\\\/image\\\/\"}}]}<\/script>\n<!-- \/ Yoast SEO plugin. -->","yoast_head_json":{"title":"Diamant Huggie Hoops in 18ct Gelbgold | PureJewels UK","description":"Kaufen Sie diese Ohrringe noch heute online! Diese atemberaubenden indischen Gold Hoop sind perfekt f\u00fcr einen Hauch von Luxus f\u00fcr Frauen. Hergestellt aus 18 Karat Gelbgold.","robots":{"index":"index","follow":"follow","max-snippet":"max-snippet:-1","max-image-preview":"max-image-preview:large","max-video-preview":"max-video-preview:-1"},"canonical":"https:\/\/www.purejewels.com\/de\/produkt-2\/diamant-reifenohrringe-aus-18-karat-gelbgold-44235\/","og_locale":"de_DE","og_type":"article","og_title":"Diamond Huggie Hoops in 18ct Yellow Gold | PureJewels UK","og_description":"Shop this earrings online today! These stunning Indian gold Hoop are perfect for adding a touch of luxury to Women. Made from 18ct Yellow Gold.","og_url":"https:\/\/www.purejewels.com\/de\/produkt-2\/diamant-reifenohrringe-aus-18-karat-gelbgold-44235\/","og_site_name":"PureJewels UK","article_modified_time":"2025-11-12T07:36:44+00:00","og_image":[{"width":1000,"height":1000,"url":"https:\/\/www.purejewels.com\/wp-content\/uploads\/2022\/12\/2022-12-16-13-38-43-BR8S4.jpg","type":"image\/jpeg"}],"twitter_card":"summary_large_image","twitter_misc":{"Gesch\u00e4tzte Lesezeit":"1\u00a0Minute"},"schema":{"@context":"https:\/\/schema.org","@graph":[{"@type":["WebPage","ItemPage"],"@id":"https:\/\/www.purejewels.com\/product\/18ct-yellow-gold-diamond-hoop-earrings-44235\/","url":"https:\/\/www.purejewels.com\/product\/18ct-yellow-gold-diamond-hoop-earrings-44235\/","name":"Diamant Huggie Hoops in 18ct Gelbgold | PureJewels UK","isPartOf":{"@id":"https:\/\/www.purejewels.com\/#website"},"primaryImageOfPage":{"@id":"https:\/\/www.purejewels.com\/product\/18ct-yellow-gold-diamond-hoop-earrings-44235\/#primaryimage"},"image":{"@id":"https:\/\/www.purejewels.com\/product\/18ct-yellow-gold-diamond-hoop-earrings-44235\/#primaryimage"},"thumbnailUrl":"https:\/\/static.purejewels.com\/wp-content\/uploads\/2022\/12\/2022-12-16-13-38-43-BR8S4.jpg","datePublished":"2022-12-24T10:55:46+00:00","dateModified":"2025-11-12T07:36:44+00:00","description":"Kaufen Sie diese Ohrringe noch heute online! Diese atemberaubenden indischen Gold Hoop sind perfekt f\u00fcr einen Hauch von Luxus f\u00fcr Frauen. Hergestellt aus 18 Karat Gelbgold.","breadcrumb":{"@id":"https:\/\/www.purejewels.com\/product\/18ct-yellow-gold-diamond-hoop-earrings-44235\/#breadcrumb"},"inLanguage":"de","potentialAction":[{"@type":"ReadAction","target":["https:\/\/www.purejewels.com\/product\/18ct-yellow-gold-diamond-hoop-earrings-44235\/"]}]},{"@type":"ImageObject","inLanguage":"de","@id":"https:\/\/www.purejewels.com\/product\/18ct-yellow-gold-diamond-hoop-earrings-44235\/#primaryimage","url":"https:\/\/static.purejewels.com\/wp-content\/uploads\/2022\/12\/2022-12-16-13-38-43-BR8S4.jpg","contentUrl":"https:\/\/static.purejewels.com\/wp-content\/uploads\/2022\/12\/2022-12-16-13-38-43-BR8S4.jpg","width":1000,"height":1000,"caption":"18ct Yellow Gold Diamond Hoop Earrings"},{"@type":"BreadcrumbList","@id":"https:\/\/www.purejewels.com\/product\/18ct-yellow-gold-diamond-hoop-earrings-44235\/#breadcrumb","itemListElement":[{"@type":"ListItem","position":1,"name":"Home","item":"https:\/\/www.purejewels.com\/"},{"@type":"ListItem","position":2,"name":"Shop","item":"https:\/\/www.purejewels.com\/shop\/"},{"@type":"ListItem","position":3,"name":"18ct Yellow Gold Diamond Huggie Hoops"}]},{"@type":"WebSite","@id":"https:\/\/www.purejewels.com\/#website","url":"https:\/\/www.purejewels.com\/","name":"PureJewels UK","description":"Teile die Liebe","publisher":{"@id":"https:\/\/www.purejewels.com\/#organization"},"potentialAction":[{"@type":"SearchAction","target":{"@type":"EntryPoint","urlTemplate":"https:\/\/www.purejewels.com\/?s={search_term_string}"},"query-input":{"@type":"PropertyValueSpecification","valueRequired":true,"valueName":"search_term_string"}}],"inLanguage":"de"},{"@type":"Organization","@id":"https:\/\/www.purejewels.com\/#organization","name":"PureJewels UK","url":"https:\/\/www.purejewels.com\/","logo":{"@type":"ImageObject","inLanguage":"de","@id":"https:\/\/www.purejewels.com\/#\/schema\/logo\/image\/","url":"https:\/\/static.purejewels.com\/wp-content\/uploads\/2020\/11\/Logo-PJ-New-1.png","contentUrl":"https:\/\/static.purejewels.com\/wp-content\/uploads\/2020\/11\/Logo-PJ-New-1.png","width":150,"height":80,"caption":"PureJewels UK"},"image":{"@id":"https:\/\/www.purejewels.com\/#\/schema\/logo\/image\/"}}]}},"_links":{"self":[{"href":"https:\/\/www.purejewels.com\/de\/wp-json\/wp\/v2\/product\/342328","targetHints":{"allow":["GET"]}}],"collection":[{"href":"https:\/\/www.purejewels.com\/de\/wp-json\/wp\/v2\/product"}],"about":[{"href":"https:\/\/www.purejewels.com\/de\/wp-json\/wp\/v2\/types\/product"}],"replies":[{"embeddable":true,"href":"https:\/\/www.purejewels.com\/de\/wp-json\/wp\/v2\/comments?post=342328"}],"version-history":[{"count":2,"href":"https:\/\/www.purejewels.com\/de\/wp-json\/wp\/v2\/product\/342328\/revisions"}],"predecessor-version":[{"id":420857,"href":"https:\/\/www.purejewels.com\/de\/wp-json\/wp\/v2\/product\/342328\/revisions\/420857"}],"wp:featuredmedia":[{"embeddable":true,"href":"https:\/\/www.purejewels.com\/de\/wp-json\/wp\/v2\/media\/342330"}],"wp:attachment":[{"href":"https:\/\/www.purejewels.com\/de\/wp-json\/wp\/v2\/media?parent=342328"}],"wp:term":[{"taxonomy":"product_brand","embeddable":true,"href":"https:\/\/www.purejewels.com\/de\/wp-json\/wp\/v2\/product_brand?post=342328"},{"taxonomy":"product_cat","embeddable":true,"href":"https:\/\/www.purejewels.com\/de\/wp-json\/wp\/v2\/product_cat?post=342328"},{"taxonomy":"product_tag","embeddable":true,"href":"https:\/\/www.purejewels.com\/de\/wp-json\/wp\/v2\/product_tag?post=342328"}],"curies":[{"name":"wp","href":"https:\/\/api.w.org\/{rel}","templated":true}]}}