{"id":342410,"date":"2024-12-09T10:53:05","date_gmt":"2024-12-09T10:53:05","guid":{"rendered":"https:\/\/www.purejewels.com\/?post_type=product&#038;p=342410"},"modified":"2026-01-06T10:14:57","modified_gmt":"2026-01-06T10:14:57","slug":"18ct-gelbgold-damen-armbander-mit-diamantsteinen-33744","status":"publish","type":"product","link":"https:\/\/www.purejewels.com\/de\/product\/18ct-yellowgold-ladies-bracelets-with-diamond-stones-33744\/","title":{"rendered":"18ct Gelbgold Damen Armb\u00e4nder mit Diamantsteinen"},"content":{"rendered":"<p>Funkeln und gl\u00e4nzen Sie dieses Weihnachten mit <a href=\"https:\/\/www.purejewels.com\/de\/product\/18ct-white-gold-khanda-sikh-religious-pendant-6226\/\">18ct<\/a> Gelbgold Damenarmb\u00e4nder mit Diamantsteinen<\/p>\n<p>Die Festtage r\u00fccken n\u00e4her und es ist an der Zeit, sich Gedanken \u00fcber die perfekten Geschenke f\u00fcr Ihre Lieben zu machen. Und wie k\u00f6nnte man jemandem besser zeigen, dass man ihn mag als mit einem wundersch\u00f6nen Schmuckst\u00fcck?<\/p>\n<p>Bei PureJewels UK in der Green Street in London bieten wir eine sch\u00f6ne Auswahl an Damenarmb\u00e4ndern aus 18-kar\u00e4tigem Gelbgold mit Diamantsteinen an, die dieses Jahr zu Weihnachten mit Sicherheit f\u00fcr Aufsehen sorgen werden.<\/p>\n<p>Unsere Armb\u00e4nder werden fachm\u00e4nnisch aus den besten Materialien gefertigt, darunter hochwertige Diamanten, die bei jeder Bewegung funkeln und gl\u00e4nzen. Ganz gleich, ob Sie ein zartes St\u00fcck suchen, das einem Outfit einen Hauch von Eleganz verleiht, oder ein gewagtes Statement-St\u00fcck, das alle Blicke auf sich zieht - wir haben f\u00fcr jeden etwas dabei.<\/p>\n<p>Unsere Armb\u00e4nder sind nicht nur das perfekte Geschenk f\u00fcr einen besonderen Menschen, sondern auch ein wunderbares Geschenk f\u00fcr Sie selbst. G\u00f6nnen Sie sich dieses Weihnachten etwas und verleihen Sie Ihrer festlichen Garderobe einen Hauch von Glamour.<\/p>\n<p>Warum also nicht dieses Weihnachten zu etwas ganz Besonderem machen mit einem wundersch\u00f6nen Damenarmband aus 18 Karat Gelbgold mit Diamantsteinen von PureJewels UK? Besuchen Sie uns in der Green Street oder kaufen Sie online ein, um das perfekte St\u00fcck f\u00fcr Sie oder Ihre Liebsten zu finden.<\/p>","protected":false},"excerpt":{"rendered":"<p>Verleihen Sie Ihrem Handgelenk einen Hauch von Glanz mit diesem Armband aus 18-kar\u00e4tigem Gelbgold mit Diamanten. Es ist zart und zierlich und das perfekte St\u00fcck, um Ihren Alltagslook aufzuwerten oder Ihr Abendoutfit mit m\u00fchelosem Glamour zu erg\u00e4nzen.<\/p>\n<p><strong>Typ des Armbands:<\/strong> Diamant-Tennisarmband<br \/>\n<strong>SKU:<\/strong> 33744<br \/>\n<strong>Gewicht:<\/strong> 2.4<br \/>\n<strong>Metall:<\/strong> 18ct Gelbgold<br \/>\n<strong>Diamant:<\/strong> 1,40ct<br \/>\n<strong>L\u00e4nge:<\/strong> 6,75 Zoll<br \/>\n<strong>Geschlecht:<\/strong> Damen<br \/>\n<strong>Anklagen:<\/strong> Lieferung und Mehrwertsteuer inbegriffen<br \/>\n<strong>Mehr Informationen<\/strong><br \/>\nLive-Chat mit uns f\u00fcr Verf\u00fcgbarkeit und mehr Bilder von <span data-sheets-root=\"1\">goldener Weihnachtsschmuck<\/span><\/p>","protected":false},"featured_media":342411,"comment_status":"closed","ping_status":"closed","template":"","meta":{"_eb_attr":"","_crsspst_to_jayantr4sg-hostcom":true},"product_brand":[],"product_cat":[6088,5679,1794,5462,5678,5457,1792,1790,1324,6055,1574],"product_tag":[5910],"class_list":{"0":"post-342410","1":"product","2":"type-product","3":"status-publish","4":"has-post-thumbnail","6":"product_cat-18ct-gold-bracelet","7":"product_cat-18ct-gold-jewellery","8":"product_cat-christmas-gifts","9":"product_cat-diamond-bracelet","10":"product_cat-diamond-bracelets-for-women","11":"product_cat-diamond-jewellery","12":"product_cat-festival-gifts","13":"product_cat-for-whom-when","14":"product_cat-gold-bracelet","15":"product_cat-tennis","16":"product_cat-womens-jewellery","17":"product_tag-real-gold-bracelet","19":"first","20":"outofstock","21":"taxable","22":"shipping-taxable","23":"product-type-simple","24":"add-to-wishlist-before_image"},"yoast_head":"<!-- This site is optimized with the Yoast SEO plugin v27.6 - https:\/\/yoast.com\/product\/yoast-seo-wordpress\/ -->\n<title>18ct Yellow Gold Bracelets With Diamond Stones | Online UK<\/title>\n<meta name=\"description\" content=\"Sparkle and shine with our luxurious 18ct Gold Diamond Tennis Bracelet. The perfect gift for any occasion: 18ct yellow gold diamond bracelets.\" \/>\n<meta name=\"robots\" content=\"index, follow, max-snippet:-1, max-image-preview:large, max-video-preview:-1\" \/>\n<link rel=\"canonical\" href=\"https:\/\/www.purejewels.com\/de\/produkt-2\/18ct-gelbgold-damen-armbander-mit-diamantsteinen-33744\/\" \/>\n<meta property=\"og:locale\" content=\"de_DE\" \/>\n<meta property=\"og:type\" content=\"article\" \/>\n<meta property=\"og:title\" content=\"18ct Yellow Gold Bracelets With Diamond Stones | Online UK\" \/>\n<meta property=\"og:description\" content=\"Sparkle and shine with our luxurious 18ct Gold Diamond Tennis Bracelet. The perfect gift for any occasion: 18ct yellow gold diamond bracelets.\" \/>\n<meta property=\"og:url\" content=\"https:\/\/www.purejewels.com\/de\/produkt-2\/18ct-gelbgold-damen-armbander-mit-diamantsteinen-33744\/\" \/>\n<meta property=\"og:site_name\" content=\"PureJewels UK\" \/>\n<meta property=\"article:modified_time\" content=\"2026-01-06T10:14:57+00:00\" \/>\n<meta property=\"og:image\" content=\"https:\/\/www.purejewels.com\/wp-content\/uploads\/2022\/12\/33744-1.jpg\" \/>\n\t<meta property=\"og:image:width\" content=\"1000\" \/>\n\t<meta property=\"og:image:height\" content=\"1000\" \/>\n\t<meta property=\"og:image:type\" content=\"image\/jpeg\" \/>\n<meta name=\"twitter:card\" content=\"summary_large_image\" \/>\n<meta name=\"twitter:label1\" content=\"Gesch\u00e4tzte Lesezeit\" \/>\n\t<meta name=\"twitter:data1\" content=\"1\u00a0Minute\" \/>\n<script type=\"application\/ld+json\" class=\"yoast-schema-graph\">{\"@context\":\"https:\\\/\\\/schema.org\",\"@graph\":[{\"@type\":[\"WebPage\",\"ItemPage\"],\"@id\":\"https:\\\/\\\/www.purejewels.com\\\/product\\\/18ct-yellowgold-ladies-bracelets-with-diamond-stones-33744\\\/\",\"url\":\"https:\\\/\\\/www.purejewels.com\\\/product\\\/18ct-yellowgold-ladies-bracelets-with-diamond-stones-33744\\\/\",\"name\":\"18ct Yellow Gold Bracelets With Diamond Stones | Online UK\",\"isPartOf\":{\"@id\":\"https:\\\/\\\/www.purejewels.com\\\/#website\"},\"primaryImageOfPage\":{\"@id\":\"https:\\\/\\\/www.purejewels.com\\\/product\\\/18ct-yellowgold-ladies-bracelets-with-diamond-stones-33744\\\/#primaryimage\"},\"image\":{\"@id\":\"https:\\\/\\\/www.purejewels.com\\\/product\\\/18ct-yellowgold-ladies-bracelets-with-diamond-stones-33744\\\/#primaryimage\"},\"thumbnailUrl\":\"https:\\\/\\\/static.purejewels.com\\\/wp-content\\\/uploads\\\/2022\\\/12\\\/33744-1.jpg\",\"datePublished\":\"2024-12-09T10:53:05+00:00\",\"dateModified\":\"2026-01-06T10:14:57+00:00\",\"description\":\"Sparkle and shine with our luxurious 18ct Gold Diamond Tennis Bracelet. The perfect gift for any occasion: 18ct yellow gold diamond bracelets.\",\"breadcrumb\":{\"@id\":\"https:\\\/\\\/www.purejewels.com\\\/product\\\/18ct-yellowgold-ladies-bracelets-with-diamond-stones-33744\\\/#breadcrumb\"},\"inLanguage\":\"de\",\"potentialAction\":[{\"@type\":\"ReadAction\",\"target\":[\"https:\\\/\\\/www.purejewels.com\\\/product\\\/18ct-yellowgold-ladies-bracelets-with-diamond-stones-33744\\\/\"]}]},{\"@type\":\"ImageObject\",\"inLanguage\":\"de\",\"@id\":\"https:\\\/\\\/www.purejewels.com\\\/product\\\/18ct-yellowgold-ladies-bracelets-with-diamond-stones-33744\\\/#primaryimage\",\"url\":\"https:\\\/\\\/static.purejewels.com\\\/wp-content\\\/uploads\\\/2022\\\/12\\\/33744-1.jpg\",\"contentUrl\":\"https:\\\/\\\/static.purejewels.com\\\/wp-content\\\/uploads\\\/2022\\\/12\\\/33744-1.jpg\",\"width\":1000,\"height\":1000,\"caption\":\"18ct White Gold Ladies Gold Bracelets With Diamond Stones\"},{\"@type\":\"BreadcrumbList\",\"@id\":\"https:\\\/\\\/www.purejewels.com\\\/product\\\/18ct-yellowgold-ladies-bracelets-with-diamond-stones-33744\\\/#breadcrumb\",\"itemListElement\":[{\"@type\":\"ListItem\",\"position\":1,\"name\":\"Home\",\"item\":\"https:\\\/\\\/www.purejewels.com\\\/\"},{\"@type\":\"ListItem\",\"position\":2,\"name\":\"Shop\",\"item\":\"https:\\\/\\\/www.purejewels.com\\\/shop\\\/\"},{\"@type\":\"ListItem\",\"position\":3,\"name\":\"18ct Yellow Gold Ladies Bracelets With Diamond Stones\"}]},{\"@type\":\"WebSite\",\"@id\":\"https:\\\/\\\/www.purejewels.com\\\/#website\",\"url\":\"https:\\\/\\\/www.purejewels.com\\\/\",\"name\":\"PureJewels UK\",\"description\":\"Share the Love\",\"publisher\":{\"@id\":\"https:\\\/\\\/www.purejewels.com\\\/#organization\"},\"potentialAction\":[{\"@type\":\"SearchAction\",\"target\":{\"@type\":\"EntryPoint\",\"urlTemplate\":\"https:\\\/\\\/www.purejewels.com\\\/?s={search_term_string}\"},\"query-input\":{\"@type\":\"PropertyValueSpecification\",\"valueRequired\":true,\"valueName\":\"search_term_string\"}}],\"inLanguage\":\"de\"},{\"@type\":\"Organization\",\"@id\":\"https:\\\/\\\/www.purejewels.com\\\/#organization\",\"name\":\"PureJewels UK\",\"url\":\"https:\\\/\\\/www.purejewels.com\\\/\",\"logo\":{\"@type\":\"ImageObject\",\"inLanguage\":\"de\",\"@id\":\"https:\\\/\\\/www.purejewels.com\\\/#\\\/schema\\\/logo\\\/image\\\/\",\"url\":\"https:\\\/\\\/static.purejewels.com\\\/wp-content\\\/uploads\\\/2020\\\/11\\\/Logo-PJ-New-1.png\",\"contentUrl\":\"https:\\\/\\\/static.purejewels.com\\\/wp-content\\\/uploads\\\/2020\\\/11\\\/Logo-PJ-New-1.png\",\"width\":150,\"height\":80,\"caption\":\"PureJewels UK\"},\"image\":{\"@id\":\"https:\\\/\\\/www.purejewels.com\\\/#\\\/schema\\\/logo\\\/image\\\/\"}}]}<\/script>\n<!-- \/ Yoast SEO plugin. -->","yoast_head_json":{"title":"18ct Gelbgold Armb\u00e4nder mit Diamantsteinen | Online UK","description":"Funkeln und gl\u00e4nzen Sie mit unserem luxuri\u00f6sen 18ct Gold Diamond Tennis Bracelet. Das perfekte Geschenk f\u00fcr jeden Anlass: Diamantarmb\u00e4nder aus 18 Karat Gelbgold.","robots":{"index":"index","follow":"follow","max-snippet":"max-snippet:-1","max-image-preview":"max-image-preview:large","max-video-preview":"max-video-preview:-1"},"canonical":"https:\/\/www.purejewels.com\/de\/produkt-2\/18ct-gelbgold-damen-armbander-mit-diamantsteinen-33744\/","og_locale":"de_DE","og_type":"article","og_title":"18ct Yellow Gold Bracelets With Diamond Stones | Online UK","og_description":"Sparkle and shine with our luxurious 18ct Gold Diamond Tennis Bracelet. The perfect gift for any occasion: 18ct yellow gold diamond bracelets.","og_url":"https:\/\/www.purejewels.com\/de\/produkt-2\/18ct-gelbgold-damen-armbander-mit-diamantsteinen-33744\/","og_site_name":"PureJewels UK","article_modified_time":"2026-01-06T10:14:57+00:00","og_image":[{"width":1000,"height":1000,"url":"https:\/\/www.purejewels.com\/wp-content\/uploads\/2022\/12\/33744-1.jpg","type":"image\/jpeg"}],"twitter_card":"summary_large_image","twitter_misc":{"Gesch\u00e4tzte Lesezeit":"1\u00a0Minute"},"schema":{"@context":"https:\/\/schema.org","@graph":[{"@type":["WebPage","ItemPage"],"@id":"https:\/\/www.purejewels.com\/product\/18ct-yellowgold-ladies-bracelets-with-diamond-stones-33744\/","url":"https:\/\/www.purejewels.com\/product\/18ct-yellowgold-ladies-bracelets-with-diamond-stones-33744\/","name":"18ct Gelbgold Armb\u00e4nder mit Diamantsteinen | Online UK","isPartOf":{"@id":"https:\/\/www.purejewels.com\/#website"},"primaryImageOfPage":{"@id":"https:\/\/www.purejewels.com\/product\/18ct-yellowgold-ladies-bracelets-with-diamond-stones-33744\/#primaryimage"},"image":{"@id":"https:\/\/www.purejewels.com\/product\/18ct-yellowgold-ladies-bracelets-with-diamond-stones-33744\/#primaryimage"},"thumbnailUrl":"https:\/\/static.purejewels.com\/wp-content\/uploads\/2022\/12\/33744-1.jpg","datePublished":"2024-12-09T10:53:05+00:00","dateModified":"2026-01-06T10:14:57+00:00","description":"Funkeln und gl\u00e4nzen Sie mit unserem luxuri\u00f6sen 18ct Gold Diamond Tennis Bracelet. Das perfekte Geschenk f\u00fcr jeden Anlass: Diamantarmb\u00e4nder aus 18 Karat Gelbgold.","breadcrumb":{"@id":"https:\/\/www.purejewels.com\/product\/18ct-yellowgold-ladies-bracelets-with-diamond-stones-33744\/#breadcrumb"},"inLanguage":"de","potentialAction":[{"@type":"ReadAction","target":["https:\/\/www.purejewels.com\/product\/18ct-yellowgold-ladies-bracelets-with-diamond-stones-33744\/"]}]},{"@type":"ImageObject","inLanguage":"de","@id":"https:\/\/www.purejewels.com\/product\/18ct-yellowgold-ladies-bracelets-with-diamond-stones-33744\/#primaryimage","url":"https:\/\/static.purejewels.com\/wp-content\/uploads\/2022\/12\/33744-1.jpg","contentUrl":"https:\/\/static.purejewels.com\/wp-content\/uploads\/2022\/12\/33744-1.jpg","width":1000,"height":1000,"caption":"18ct White Gold Ladies Gold Bracelets With Diamond Stones"},{"@type":"BreadcrumbList","@id":"https:\/\/www.purejewels.com\/product\/18ct-yellowgold-ladies-bracelets-with-diamond-stones-33744\/#breadcrumb","itemListElement":[{"@type":"ListItem","position":1,"name":"Home","item":"https:\/\/www.purejewels.com\/"},{"@type":"ListItem","position":2,"name":"Shop","item":"https:\/\/www.purejewels.com\/shop\/"},{"@type":"ListItem","position":3,"name":"18ct Yellow Gold Ladies Bracelets With Diamond Stones"}]},{"@type":"WebSite","@id":"https:\/\/www.purejewels.com\/#website","url":"https:\/\/www.purejewels.com\/","name":"PureJewels UK","description":"Teile die Liebe","publisher":{"@id":"https:\/\/www.purejewels.com\/#organization"},"potentialAction":[{"@type":"SearchAction","target":{"@type":"EntryPoint","urlTemplate":"https:\/\/www.purejewels.com\/?s={search_term_string}"},"query-input":{"@type":"PropertyValueSpecification","valueRequired":true,"valueName":"search_term_string"}}],"inLanguage":"de"},{"@type":"Organization","@id":"https:\/\/www.purejewels.com\/#organization","name":"PureJewels UK","url":"https:\/\/www.purejewels.com\/","logo":{"@type":"ImageObject","inLanguage":"de","@id":"https:\/\/www.purejewels.com\/#\/schema\/logo\/image\/","url":"https:\/\/static.purejewels.com\/wp-content\/uploads\/2020\/11\/Logo-PJ-New-1.png","contentUrl":"https:\/\/static.purejewels.com\/wp-content\/uploads\/2020\/11\/Logo-PJ-New-1.png","width":150,"height":80,"caption":"PureJewels UK"},"image":{"@id":"https:\/\/www.purejewels.com\/#\/schema\/logo\/image\/"}}]}},"_links":{"self":[{"href":"https:\/\/www.purejewels.com\/de\/wp-json\/wp\/v2\/product\/342410","targetHints":{"allow":["GET"]}}],"collection":[{"href":"https:\/\/www.purejewels.com\/de\/wp-json\/wp\/v2\/product"}],"about":[{"href":"https:\/\/www.purejewels.com\/de\/wp-json\/wp\/v2\/types\/product"}],"replies":[{"embeddable":true,"href":"https:\/\/www.purejewels.com\/de\/wp-json\/wp\/v2\/comments?post=342410"}],"version-history":[{"count":5,"href":"https:\/\/www.purejewels.com\/de\/wp-json\/wp\/v2\/product\/342410\/revisions"}],"predecessor-version":[{"id":409067,"href":"https:\/\/www.purejewels.com\/de\/wp-json\/wp\/v2\/product\/342410\/revisions\/409067"}],"wp:featuredmedia":[{"embeddable":true,"href":"https:\/\/www.purejewels.com\/de\/wp-json\/wp\/v2\/media\/342411"}],"wp:attachment":[{"href":"https:\/\/www.purejewels.com\/de\/wp-json\/wp\/v2\/media?parent=342410"}],"wp:term":[{"taxonomy":"product_brand","embeddable":true,"href":"https:\/\/www.purejewels.com\/de\/wp-json\/wp\/v2\/product_brand?post=342410"},{"taxonomy":"product_cat","embeddable":true,"href":"https:\/\/www.purejewels.com\/de\/wp-json\/wp\/v2\/product_cat?post=342410"},{"taxonomy":"product_tag","embeddable":true,"href":"https:\/\/www.purejewels.com\/de\/wp-json\/wp\/v2\/product_tag?post=342410"}],"curies":[{"name":"wp","href":"https:\/\/api.w.org\/{rel}","templated":true}]}}