{"id":342434,"date":"2022-12-28T06:17:32","date_gmt":"2022-12-28T06:17:32","guid":{"rendered":"https:\/\/www.purejewels.com\/?post_type=product&#038;p=342434"},"modified":"2026-01-07T06:13:08","modified_gmt":"2026-01-07T06:13:08","slug":"22ct-gold-damenband-mit-diamant-in-der-mitte-grose-k-5-mm-43736","status":"publish","type":"product","link":"https:\/\/www.purejewels.com\/de\/product\/22ct-gold-ladies-band-with-diamond-in-center-size-k-5-mm-43736\/","title":{"rendered":"22ct Gold Damenring mit einzelnem CZ Stein | Gr\u00f6\u00dfe K | 5 mm"},"content":{"rendered":"<p>SKU: 43736<br \/>\nGewicht: 5,6 g<\/p>","protected":false},"excerpt":{"rendered":"<table style=\"border-collapse: collapse; width: 100%; height: 196px;\">\n<tbody>\n<tr style=\"height: 28px;\">\n<td style=\"width: 50%; height: 28px;\">Typ des Rings<\/td>\n<td style=\"width: 50%; height: 28px;\">22ct Gold Ring Band mit CZ Stein<\/td>\n<\/tr>\n<tr style=\"height: 28px;\">\n<td style=\"width: 50%; height: 28px;\">SKU<\/td>\n<td style=\"width: 50%; height: 28px;\">43736<\/td>\n<\/tr>\n<tr style=\"height: 28px;\">\n<td style=\"width: 50%; height: 28px;\">Gewicht<\/td>\n<td style=\"width: 50%; height: 28px;\">5,6 Gramm<\/td>\n<\/tr>\n<tr style=\"height: 28px;\">\n<td style=\"width: 50%; height: 28px;\">Ringgr\u00f6\u00dfe<\/td>\n<td style=\"width: 50%; height: 28px;\">K<\/td>\n<\/tr>\n<tr style=\"height: 28px;\">\n<td style=\"width: 50%; height: 28px;\">Geschlecht<\/td>\n<td style=\"width: 50%; height: 28px;\">Damen<\/td>\n<\/tr>\n<tr style=\"height: 28px;\">\n<td style=\"width: 50%; height: 28px;\">Entgelte<\/td>\n<td style=\"width: 50%; height: 28px;\">Lieferung und Mehrwertsteuer inbegriffen<\/td>\n<\/tr>\n<tr style=\"height: 28px;\">\n<td style=\"width: 50%; height: 28px;\">Verpackung<\/td>\n<td style=\"width: 50%; height: 28px;\">Mit Pr\u00e4sentationsbox<\/td>\n<\/tr>\n<tr>\n<td style=\"width: 50%;\">Mehr Informationen<\/td>\n<td style=\"width: 50%;\">Live-Chat mit uns f\u00fcr Verf\u00fcgbarkeit und mehr Bilder<\/td>\n<\/tr>\n<\/tbody>\n<\/table>\n<p>&nbsp;<\/p>","protected":false},"featured_media":342455,"comment_status":"closed","ping_status":"closed","template":"","meta":{"_eb_attr":"","_crsspst_to_jayantr4sg-hostcom":false},"product_brand":[],"product_cat":[1785,1229,1235,1783,1786,5349],"product_tag":[64],"class_list":{"0":"post-342434","1":"product","2":"type-product","3":"status-publish","4":"has-post-thumbnail","6":"product_cat-daily-wear-rings","7":"product_cat-22ct-gold-jewellery","8":"product_cat-gold-rings","9":"product_cat-ladies-rings","10":"product_cat-occasional-wear-rings","11":"product_cat-yellow-gold-jewellery","12":"product_tag-rings","14":"first","15":"outofstock","16":"taxable","17":"shipping-taxable","18":"product-type-simple","19":"add-to-wishlist-before_image"},"yoast_head":"<!-- This site is optimized with the Yoast SEO plugin v27.3 - https:\/\/yoast.com\/product\/yoast-seo-wordpress\/ -->\n<title>22ct Gold Ladies Band with Diamond | Size K<\/title>\n<meta name=\"description\" content=\"22ct beautiful ladies gold ring with Diamond | K size | 5 mm width | for birthday gifts, Christmas gifts, anniversary gifts, and wedding gifts.\" \/>\n<meta name=\"robots\" content=\"index, follow, max-snippet:-1, max-image-preview:large, max-video-preview:-1\" \/>\n<link rel=\"canonical\" href=\"https:\/\/www.purejewels.com\/de\/produkt-2\/22ct-gold-damenband-mit-diamant-in-der-mitte-grose-k-5-mm-43736\/\" \/>\n<meta property=\"og:locale\" content=\"de_DE\" \/>\n<meta property=\"og:type\" content=\"article\" \/>\n<meta property=\"og:title\" content=\"22ct Gold Ladies Band with Diamond | Size K\" \/>\n<meta property=\"og:description\" content=\"22ct beautiful ladies gold ring with Diamond | K size | 5 mm width | for birthday gifts, Christmas gifts, anniversary gifts, and wedding gifts.\" \/>\n<meta property=\"og:url\" content=\"https:\/\/www.purejewels.com\/de\/produkt-2\/22ct-gold-damenband-mit-diamant-in-der-mitte-grose-k-5-mm-43736\/\" \/>\n<meta property=\"og:site_name\" content=\"PureJewels UK\" \/>\n<meta property=\"article:modified_time\" content=\"2026-01-07T06:13:08+00:00\" \/>\n<meta property=\"og:image\" content=\"https:\/\/www.purejewels.com\/wp-content\/uploads\/2022\/12\/43736-1.jpg\" \/>\n\t<meta property=\"og:image:width\" content=\"1000\" \/>\n\t<meta property=\"og:image:height\" content=\"1000\" \/>\n\t<meta property=\"og:image:type\" content=\"image\/jpeg\" \/>\n<meta name=\"twitter:card\" content=\"summary_large_image\" \/>\n<meta name=\"twitter:label1\" content=\"Gesch\u00e4tzte Lesezeit\" \/>\n\t<meta name=\"twitter:data1\" content=\"1\u00a0Minute\" \/>\n<script type=\"application\/ld+json\" class=\"yoast-schema-graph\">{\"@context\":\"https:\\\/\\\/schema.org\",\"@graph\":[{\"@type\":[\"WebPage\",\"ItemPage\"],\"@id\":\"https:\\\/\\\/www.purejewels.com\\\/product\\\/22ct-gold-ladies-band-with-diamond-in-center-size-k-5-mm-43736\\\/\",\"url\":\"https:\\\/\\\/www.purejewels.com\\\/product\\\/22ct-gold-ladies-band-with-diamond-in-center-size-k-5-mm-43736\\\/\",\"name\":\"22ct Gold Ladies Band with Diamond | Size K\",\"isPartOf\":{\"@id\":\"https:\\\/\\\/www.purejewels.com\\\/#website\"},\"primaryImageOfPage\":{\"@id\":\"https:\\\/\\\/www.purejewels.com\\\/product\\\/22ct-gold-ladies-band-with-diamond-in-center-size-k-5-mm-43736\\\/#primaryimage\"},\"image\":{\"@id\":\"https:\\\/\\\/www.purejewels.com\\\/product\\\/22ct-gold-ladies-band-with-diamond-in-center-size-k-5-mm-43736\\\/#primaryimage\"},\"thumbnailUrl\":\"https:\\\/\\\/static.purejewels.com\\\/wp-content\\\/uploads\\\/2022\\\/12\\\/43736-1.jpg\",\"datePublished\":\"2022-12-28T06:17:32+00:00\",\"dateModified\":\"2026-01-07T06:13:08+00:00\",\"description\":\"22ct beautiful ladies gold ring with Diamond | K size | 5 mm width | for birthday gifts, Christmas gifts, anniversary gifts, and wedding gifts.\",\"breadcrumb\":{\"@id\":\"https:\\\/\\\/www.purejewels.com\\\/product\\\/22ct-gold-ladies-band-with-diamond-in-center-size-k-5-mm-43736\\\/#breadcrumb\"},\"inLanguage\":\"de\",\"potentialAction\":[{\"@type\":\"ReadAction\",\"target\":[\"https:\\\/\\\/www.purejewels.com\\\/product\\\/22ct-gold-ladies-band-with-diamond-in-center-size-k-5-mm-43736\\\/\"]}]},{\"@type\":\"ImageObject\",\"inLanguage\":\"de\",\"@id\":\"https:\\\/\\\/www.purejewels.com\\\/product\\\/22ct-gold-ladies-band-with-diamond-in-center-size-k-5-mm-43736\\\/#primaryimage\",\"url\":\"https:\\\/\\\/static.purejewels.com\\\/wp-content\\\/uploads\\\/2022\\\/12\\\/43736-1.jpg\",\"contentUrl\":\"https:\\\/\\\/static.purejewels.com\\\/wp-content\\\/uploads\\\/2022\\\/12\\\/43736-1.jpg\",\"width\":1000,\"height\":1000,\"caption\":\"22ct Gold Ladies Band with Diamond in center | Size K | 5 mm\"},{\"@type\":\"BreadcrumbList\",\"@id\":\"https:\\\/\\\/www.purejewels.com\\\/product\\\/22ct-gold-ladies-band-with-diamond-in-center-size-k-5-mm-43736\\\/#breadcrumb\",\"itemListElement\":[{\"@type\":\"ListItem\",\"position\":1,\"name\":\"Home\",\"item\":\"https:\\\/\\\/www.purejewels.com\\\/\"},{\"@type\":\"ListItem\",\"position\":2,\"name\":\"Shop\",\"item\":\"https:\\\/\\\/www.purejewels.com\\\/shop\\\/\"},{\"@type\":\"ListItem\",\"position\":3,\"name\":\"22ct Gold Ladies Ring with single CZ Stone | Size K | 5 mm\"}]},{\"@type\":\"WebSite\",\"@id\":\"https:\\\/\\\/www.purejewels.com\\\/#website\",\"url\":\"https:\\\/\\\/www.purejewels.com\\\/\",\"name\":\"PureJewels UK\",\"description\":\"Share the Love\",\"publisher\":{\"@id\":\"https:\\\/\\\/www.purejewels.com\\\/#organization\"},\"potentialAction\":[{\"@type\":\"SearchAction\",\"target\":{\"@type\":\"EntryPoint\",\"urlTemplate\":\"https:\\\/\\\/www.purejewels.com\\\/?s={search_term_string}\"},\"query-input\":{\"@type\":\"PropertyValueSpecification\",\"valueRequired\":true,\"valueName\":\"search_term_string\"}}],\"inLanguage\":\"de\"},{\"@type\":\"Organization\",\"@id\":\"https:\\\/\\\/www.purejewels.com\\\/#organization\",\"name\":\"PureJewels UK\",\"url\":\"https:\\\/\\\/www.purejewels.com\\\/\",\"logo\":{\"@type\":\"ImageObject\",\"inLanguage\":\"de\",\"@id\":\"https:\\\/\\\/www.purejewels.com\\\/#\\\/schema\\\/logo\\\/image\\\/\",\"url\":\"https:\\\/\\\/static.purejewels.com\\\/wp-content\\\/uploads\\\/2020\\\/11\\\/Logo-PJ-New-1.png\",\"contentUrl\":\"https:\\\/\\\/static.purejewels.com\\\/wp-content\\\/uploads\\\/2020\\\/11\\\/Logo-PJ-New-1.png\",\"width\":150,\"height\":80,\"caption\":\"PureJewels UK\"},\"image\":{\"@id\":\"https:\\\/\\\/www.purejewels.com\\\/#\\\/schema\\\/logo\\\/image\\\/\"}}]}<\/script>\n<!-- \/ Yoast SEO plugin. -->","yoast_head_json":{"title":"22ct Gold Damenband mit Diamant | Gr\u00f6\u00dfe K","description":"22ct sch\u00f6ner Damen Goldring mit Diamant | Gr\u00f6\u00dfe K | 5 mm Breite | f\u00fcr Geburtstagsgeschenke, Weihnachtsgeschenke, Jubil\u00e4umsgeschenke, und Hochzeitsgeschenke.","robots":{"index":"index","follow":"follow","max-snippet":"max-snippet:-1","max-image-preview":"max-image-preview:large","max-video-preview":"max-video-preview:-1"},"canonical":"https:\/\/www.purejewels.com\/de\/produkt-2\/22ct-gold-damenband-mit-diamant-in-der-mitte-grose-k-5-mm-43736\/","og_locale":"de_DE","og_type":"article","og_title":"22ct Gold Ladies Band with Diamond | Size K","og_description":"22ct beautiful ladies gold ring with Diamond | K size | 5 mm width | for birthday gifts, Christmas gifts, anniversary gifts, and wedding gifts.","og_url":"https:\/\/www.purejewels.com\/de\/produkt-2\/22ct-gold-damenband-mit-diamant-in-der-mitte-grose-k-5-mm-43736\/","og_site_name":"PureJewels UK","article_modified_time":"2026-01-07T06:13:08+00:00","og_image":[{"width":1000,"height":1000,"url":"https:\/\/www.purejewels.com\/wp-content\/uploads\/2022\/12\/43736-1.jpg","type":"image\/jpeg"}],"twitter_card":"summary_large_image","twitter_misc":{"Gesch\u00e4tzte Lesezeit":"1\u00a0Minute"},"schema":{"@context":"https:\/\/schema.org","@graph":[{"@type":["WebPage","ItemPage"],"@id":"https:\/\/www.purejewels.com\/product\/22ct-gold-ladies-band-with-diamond-in-center-size-k-5-mm-43736\/","url":"https:\/\/www.purejewels.com\/product\/22ct-gold-ladies-band-with-diamond-in-center-size-k-5-mm-43736\/","name":"22ct Gold Damenband mit Diamant | Gr\u00f6\u00dfe K","isPartOf":{"@id":"https:\/\/www.purejewels.com\/#website"},"primaryImageOfPage":{"@id":"https:\/\/www.purejewels.com\/product\/22ct-gold-ladies-band-with-diamond-in-center-size-k-5-mm-43736\/#primaryimage"},"image":{"@id":"https:\/\/www.purejewels.com\/product\/22ct-gold-ladies-band-with-diamond-in-center-size-k-5-mm-43736\/#primaryimage"},"thumbnailUrl":"https:\/\/static.purejewels.com\/wp-content\/uploads\/2022\/12\/43736-1.jpg","datePublished":"2022-12-28T06:17:32+00:00","dateModified":"2026-01-07T06:13:08+00:00","description":"22ct sch\u00f6ner Damen Goldring mit Diamant | Gr\u00f6\u00dfe K | 5 mm Breite | f\u00fcr Geburtstagsgeschenke, Weihnachtsgeschenke, Jubil\u00e4umsgeschenke, und Hochzeitsgeschenke.","breadcrumb":{"@id":"https:\/\/www.purejewels.com\/product\/22ct-gold-ladies-band-with-diamond-in-center-size-k-5-mm-43736\/#breadcrumb"},"inLanguage":"de","potentialAction":[{"@type":"ReadAction","target":["https:\/\/www.purejewels.com\/product\/22ct-gold-ladies-band-with-diamond-in-center-size-k-5-mm-43736\/"]}]},{"@type":"ImageObject","inLanguage":"de","@id":"https:\/\/www.purejewels.com\/product\/22ct-gold-ladies-band-with-diamond-in-center-size-k-5-mm-43736\/#primaryimage","url":"https:\/\/static.purejewels.com\/wp-content\/uploads\/2022\/12\/43736-1.jpg","contentUrl":"https:\/\/static.purejewels.com\/wp-content\/uploads\/2022\/12\/43736-1.jpg","width":1000,"height":1000,"caption":"22ct Gold Ladies Band with Diamond in center | Size K | 5 mm"},{"@type":"BreadcrumbList","@id":"https:\/\/www.purejewels.com\/product\/22ct-gold-ladies-band-with-diamond-in-center-size-k-5-mm-43736\/#breadcrumb","itemListElement":[{"@type":"ListItem","position":1,"name":"Home","item":"https:\/\/www.purejewels.com\/"},{"@type":"ListItem","position":2,"name":"Shop","item":"https:\/\/www.purejewels.com\/shop\/"},{"@type":"ListItem","position":3,"name":"22ct Gold Ladies Ring with single CZ Stone | Size K | 5 mm"}]},{"@type":"WebSite","@id":"https:\/\/www.purejewels.com\/#website","url":"https:\/\/www.purejewels.com\/","name":"PureJewels UK","description":"Teile die Liebe","publisher":{"@id":"https:\/\/www.purejewels.com\/#organization"},"potentialAction":[{"@type":"SearchAction","target":{"@type":"EntryPoint","urlTemplate":"https:\/\/www.purejewels.com\/?s={search_term_string}"},"query-input":{"@type":"PropertyValueSpecification","valueRequired":true,"valueName":"search_term_string"}}],"inLanguage":"de"},{"@type":"Organization","@id":"https:\/\/www.purejewels.com\/#organization","name":"PureJewels UK","url":"https:\/\/www.purejewels.com\/","logo":{"@type":"ImageObject","inLanguage":"de","@id":"https:\/\/www.purejewels.com\/#\/schema\/logo\/image\/","url":"https:\/\/static.purejewels.com\/wp-content\/uploads\/2020\/11\/Logo-PJ-New-1.png","contentUrl":"https:\/\/static.purejewels.com\/wp-content\/uploads\/2020\/11\/Logo-PJ-New-1.png","width":150,"height":80,"caption":"PureJewels UK"},"image":{"@id":"https:\/\/www.purejewels.com\/#\/schema\/logo\/image\/"}}]}},"_links":{"self":[{"href":"https:\/\/www.purejewels.com\/de\/wp-json\/wp\/v2\/product\/342434","targetHints":{"allow":["GET"]}}],"collection":[{"href":"https:\/\/www.purejewels.com\/de\/wp-json\/wp\/v2\/product"}],"about":[{"href":"https:\/\/www.purejewels.com\/de\/wp-json\/wp\/v2\/types\/product"}],"replies":[{"embeddable":true,"href":"https:\/\/www.purejewels.com\/de\/wp-json\/wp\/v2\/comments?post=342434"}],"version-history":[{"count":1,"href":"https:\/\/www.purejewels.com\/de\/wp-json\/wp\/v2\/product\/342434\/revisions"}],"predecessor-version":[{"id":399488,"href":"https:\/\/www.purejewels.com\/de\/wp-json\/wp\/v2\/product\/342434\/revisions\/399488"}],"wp:featuredmedia":[{"embeddable":true,"href":"https:\/\/www.purejewels.com\/de\/wp-json\/wp\/v2\/media\/342455"}],"wp:attachment":[{"href":"https:\/\/www.purejewels.com\/de\/wp-json\/wp\/v2\/media?parent=342434"}],"wp:term":[{"taxonomy":"product_brand","embeddable":true,"href":"https:\/\/www.purejewels.com\/de\/wp-json\/wp\/v2\/product_brand?post=342434"},{"taxonomy":"product_cat","embeddable":true,"href":"https:\/\/www.purejewels.com\/de\/wp-json\/wp\/v2\/product_cat?post=342434"},{"taxonomy":"product_tag","embeddable":true,"href":"https:\/\/www.purejewels.com\/de\/wp-json\/wp\/v2\/product_tag?post=342434"}],"curies":[{"name":"wp","href":"https:\/\/api.w.org\/{rel}","templated":true}]}}