{"id":342535,"date":"2022-12-29T08:13:29","date_gmt":"2022-12-29T08:13:29","guid":{"rendered":"https:\/\/www.purejewels.com\/?post_type=product&#038;p=342535"},"modified":"2025-11-06T13:06:43","modified_gmt":"2025-11-06T13:06:43","slug":"ehering-aus-platin-fur-herren-grose-o-5-mm-34193","status":"publish","type":"product","link":"https:\/\/www.purejewels.com\/de\/product\/mens-platinum-wedding-band-ring-size-o-5-mm-34193\/","title":{"rendered":"M\u00e4nner Platin Ehering | Gr\u00f6\u00dfe O | 5mm"},"content":{"rendered":"<p><span data-offset-key=\"cgd6b-12-0\">Diese<\/span><span data-offset-key=\"cgd6b-13-0\"> M\u00e4nner<\/span><span data-offset-key=\"cgd6b-14-0\">'s<\/span><span data-offset-key=\"cgd6b-15-0\"> Platin<\/span><span data-offset-key=\"cgd6b-16-0\"> Hochzeit<\/span><span data-offset-key=\"cgd6b-17-0\"> Band<\/span><span data-offset-key=\"cgd6b-18-0\"> Ring<\/span><span data-offset-key=\"cgd6b-19-0\"> ist<\/span><span data-offset-key=\"cgd6b-20-0\"> die<\/span><span data-offset-key=\"cgd6b-21-0\"> perfekt<\/span><span data-offset-key=\"cgd6b-22-0\"> Symbol<\/span><span data-offset-key=\"cgd6b-23-0\"> von<\/span><span data-offset-key=\"cgd6b-24-0\"> Ihr<\/span><span data-offset-key=\"cgd6b-25-0\"> Liebe<\/span><span data-offset-key=\"cgd6b-26-0\"> und<\/span><span data-offset-key=\"cgd6b-27-0\"> Engagement<\/span><span data-offset-key=\"cgd6b-28-0\">.<\/span><span data-offset-key=\"cgd6b-29-0\"> Handwerk<\/span><span data-offset-key=\"cgd6b-30-0\">ed<\/span><span data-offset-key=\"cgd6b-31-0\"> in<\/span><span data-offset-key=\"cgd6b-32-0\"> wertvoll<\/span><span data-offset-key=\"cgd6b-33-0\"> Platin<\/span><span data-offset-key=\"cgd6b-34-0\">,<\/span><span data-offset-key=\"cgd6b-35-0\"> diese<\/span><span data-offset-key=\"cgd6b-36-0\"> Ring<\/span><span data-offset-key=\"cgd6b-37-0\"> ist<\/span><span data-offset-key=\"cgd6b-38-0\"> entworfen<\/span><span data-offset-key=\"cgd6b-39-0\"> zu<\/span><span data-offset-key=\"cgd6b-40-0\"> zuletzt<\/span><span data-offset-key=\"cgd6b-41-0\"> a<\/span><span data-offset-key=\"cgd6b-42-0\"> Lebensdauer<\/span><span data-offset-key=\"cgd6b-43-0\">.<\/span><span data-offset-key=\"cgd6b-44-0\"> Die<\/span><span data-offset-key=\"cgd6b-45-0\"> klassisch<\/span><span data-offset-key=\"cgd6b-46-0\"> Styling<\/span><span data-offset-key=\"cgd6b-47-0\"> von<\/span><span data-offset-key=\"cgd6b-48-0\"> die<\/span><span data-offset-key=\"cgd6b-49-0\"> Band<\/span><span data-offset-key=\"cgd6b-50-0\"> ist<\/span><span data-offset-key=\"cgd6b-51-0\"> erweitert<\/span><span data-offset-key=\"cgd6b-52-0\"> von<\/span><span data-offset-key=\"cgd6b-53-0\"> a<\/span><span data-offset-key=\"cgd6b-54-0\"> poliert<\/span><span data-offset-key=\"cgd6b-55-0\"> fertigstellen<\/span><span data-offset-key=\"cgd6b-56-0\">,<\/span><span data-offset-key=\"cgd6b-57-0\"> Geben<\/span><span data-offset-key=\"cgd6b-58-0\"> es<\/span><span data-offset-key=\"cgd6b-59-0\"> a<\/span><span data-offset-key=\"cgd6b-60-0\"> zeitlos<\/span><span data-offset-key=\"cgd6b-61-0\"> siehe<\/span><span data-offset-key=\"cgd6b-62-0\">.<\/span><span data-offset-key=\"cgd6b-63-0\"> Seine<\/span><span data-offset-key=\"cgd6b-64-0\"> unter<\/span><span data-offset-key=\"cgd6b-65-0\">erkl\u00e4rte<\/span><span data-offset-key=\"cgd6b-66-0\"> Eleganz<\/span><span data-offset-key=\"cgd6b-67-0\"> und<\/span><span data-offset-key=\"cgd6b-68-0\"> \u00fcberlegen<\/span><span data-offset-key=\"cgd6b-69-0\"> Haltbarkeit<\/span><span data-offset-key=\"cgd6b-70-0\"> machen.<\/span><span data-offset-key=\"cgd6b-71-0\"> es<\/span><span data-offset-key=\"cgd6b-72-0\"> a<\/span><span data-offset-key=\"cgd6b-73-0\"> perfekt<\/span><span data-offset-key=\"cgd6b-74-0\"> Auswahl<\/span><span data-offset-key=\"cgd6b-75-0\"> f\u00fcr<\/span><span data-offset-key=\"cgd6b-76-0\"> die<\/span><span data-offset-key=\"cgd6b-77-0\"> man<\/span><span data-offset-key=\"cgd6b-78-0\"> die<\/span><span data-offset-key=\"cgd6b-79-0\"> will<\/span><span data-offset-key=\"cgd6b-80-0\"> zu<\/span><span data-offset-key=\"cgd6b-81-0\"> machen.<\/span><span data-offset-key=\"cgd6b-82-0\"> a<\/span><span data-offset-key=\"cgd6b-83-0\"> Anweisung<\/span><span data-offset-key=\"cgd6b-84-0\">.<\/span><span data-offset-key=\"cgd6b-85-0\">\u00a0<\/span><\/p>\n<p><span data-sheets-root=\"1\">Dieser stilvolle und elegante Ehering aus Platin f\u00fcr Herren ist die perfekte Wahl f\u00fcr den modernen Br\u00e4utigam. Hergestellt aus hochwertigem Platin, ist dieser Ring nicht nur langlebig, sondern auch unglaublich luxuri\u00f6s. Die Breite von 5 mm verleiht dem Design einen Hauch von Raffinesse und macht ihn zu einem zeitlosen Schmuckst\u00fcck, an dem Sie noch viele Jahre Freude haben werden.<\/span><\/p>\n<p>Dieser Ehering aus Platin f\u00fcr Herren ist in der Gr\u00f6\u00dfe O erh\u00e4ltlich und wiegt 6,6 Gramm, wodurch er den ganzen Tag \u00fcber angenehm zu tragen ist. Der Ring wird in einer Pr\u00e4sentationsbox geliefert und ist somit das perfekte Geschenk f\u00fcr den Br\u00e4utigam an seinem besonderen Tag.<\/p>\n<p>Mit kostenloser verfolgter Lieferung, sicheren Online-Zahlungen und einer 30-Tage-Geld-zur\u00fcck-Garantie k\u00f6nnen Sie mit Vertrauen einkaufen. Z\u00f6gern Sie nicht, uns \u00fcber den Live-Chat zu kontaktieren, um die Verf\u00fcgbarkeit und weitere Bilder zu erhalten. Bestellen Sie jetzt und lassen Sie sich diesen atemberaubenden Ehering f\u00fcr M\u00e4nner aus Platin bis zum 19. Oktober nach Hause liefern. Machen Sie Ihren Hochzeitstag mit diesem exquisiten Schmuckst\u00fcck zu etwas ganz Besonderem.<\/p>","protected":false},"excerpt":{"rendered":"<table style=\"border-collapse: collapse; width: 100%; height: 196px;\">\n<tbody>\n<tr>\n<td>Typ des Rings<\/td>\n<td>Eheringe Ring<\/td>\n<\/tr>\n<tr>\n<td>SKU<\/td>\n<td>34193<\/td>\n<\/tr>\n<tr>\n<td>Gewicht<\/td>\n<td>6,6 Gramm<\/td>\n<\/tr>\n<tr>\n<td>Ringgr\u00f6\u00dfe<\/td>\n<td>O<\/td>\n<\/tr>\n<tr>\n<td>Metall<\/td>\n<td>Platin<\/td>\n<\/tr>\n<tr>\n<td>Breite<\/td>\n<td>5 mm<\/td>\n<\/tr>\n<tr>\n<td>Entgelte<\/td>\n<td>Lieferung und Mehrwertsteuer inbegriffen<\/td>\n<\/tr>\n<tr>\n<td>Verpackung<\/td>\n<td>Mit Pr\u00e4sentationsbox<\/td>\n<\/tr>\n<tr>\n<td style=\"width: 50%;\">Mehr Informationen<\/td>\n<td style=\"width: 50%;\">Live-Chat mit uns f\u00fcr Verf\u00fcgbarkeit und mehr Bilder<\/td>\n<\/tr>\n<\/tbody>\n<\/table>","protected":false},"featured_media":342538,"comment_status":"closed","ping_status":"closed","template":"","meta":{"_eb_attr":"","_crsspst_to_jayantr4sg-hostcom":true},"product_brand":[],"product_cat":[1572,1800,5293,5294,5338,229,1573],"product_tag":[5482],"class_list":{"0":"post-342535","1":"product","2":"type-product","3":"status-publish","4":"has-post-thumbnail","6":"product_cat-mens-jewellery","7":"product_cat-platinum-bands","8":"product_cat-platinum-wedding-bands-2","9":"product_cat-platinum-wedding-bands-for-men","10":"product_cat-shop-by-price","11":"product_cat-wedding-bands","12":"product_cat-wedding-gifts","13":"product_tag-platinum-bands","15":"first","16":"instock","17":"taxable","18":"shipping-taxable","19":"purchasable","20":"product-type-simple","21":"add-to-wishlist-before_image"},"yoast_head":"<!-- This site is optimized with the Yoast SEO plugin v27.5 - https:\/\/yoast.com\/product\/yoast-seo-wordpress\/ -->\n<title>Stylish and Elegant Men&#039;s Platinum Wedding Band Ring<\/title>\n<meta name=\"description\" content=\"This men&#039;s platinum wedding band ring is crafted from the finest platinum, this stylish ring is a timeless piece of jewelry that will last a lifetime.\" \/>\n<meta name=\"robots\" content=\"index, follow, max-snippet:-1, max-image-preview:large, max-video-preview:-1\" \/>\n<link rel=\"canonical\" href=\"https:\/\/www.purejewels.com\/de\/produkt-2\/ehering-aus-platin-fur-herren-grose-o-5-mm-34193\/\" \/>\n<meta property=\"og:locale\" content=\"de_DE\" \/>\n<meta property=\"og:type\" content=\"article\" \/>\n<meta property=\"og:title\" content=\"Stylish and Elegant Men&#039;s Platinum Wedding Band Ring\" \/>\n<meta property=\"og:description\" content=\"This men&#039;s platinum wedding band ring is crafted from the finest platinum, this stylish ring is a timeless piece of jewelry that will last a lifetime.\" \/>\n<meta property=\"og:url\" content=\"https:\/\/www.purejewels.com\/de\/produkt-2\/ehering-aus-platin-fur-herren-grose-o-5-mm-34193\/\" \/>\n<meta property=\"og:site_name\" content=\"PureJewels UK\" \/>\n<meta property=\"article:modified_time\" content=\"2025-11-06T13:06:43+00:00\" \/>\n<meta property=\"og:image\" content=\"https:\/\/www.purejewels.com\/wp-content\/uploads\/2022\/12\/34193-1.jpg\" \/>\n\t<meta property=\"og:image:width\" content=\"1000\" \/>\n\t<meta property=\"og:image:height\" content=\"1000\" \/>\n\t<meta property=\"og:image:type\" content=\"image\/jpeg\" \/>\n<meta name=\"twitter:card\" content=\"summary_large_image\" \/>\n<meta name=\"twitter:label1\" content=\"Gesch\u00e4tzte Lesezeit\" \/>\n\t<meta name=\"twitter:data1\" content=\"2\u00a0Minuten\" \/>\n<script type=\"application\/ld+json\" class=\"yoast-schema-graph\">{\"@context\":\"https:\\\/\\\/schema.org\",\"@graph\":[{\"@type\":[\"WebPage\",\"ItemPage\"],\"@id\":\"https:\\\/\\\/www.purejewels.com\\\/product\\\/mens-platinum-wedding-band-ring-size-o-5-mm-34193\\\/\",\"url\":\"https:\\\/\\\/www.purejewels.com\\\/product\\\/mens-platinum-wedding-band-ring-size-o-5-mm-34193\\\/\",\"name\":\"Stylish and Elegant Men's Platinum Wedding Band Ring\",\"isPartOf\":{\"@id\":\"https:\\\/\\\/www.purejewels.com\\\/#website\"},\"primaryImageOfPage\":{\"@id\":\"https:\\\/\\\/www.purejewels.com\\\/product\\\/mens-platinum-wedding-band-ring-size-o-5-mm-34193\\\/#primaryimage\"},\"image\":{\"@id\":\"https:\\\/\\\/www.purejewels.com\\\/product\\\/mens-platinum-wedding-band-ring-size-o-5-mm-34193\\\/#primaryimage\"},\"thumbnailUrl\":\"https:\\\/\\\/static.purejewels.com\\\/wp-content\\\/uploads\\\/2022\\\/12\\\/34193-1.jpg\",\"datePublished\":\"2022-12-29T08:13:29+00:00\",\"dateModified\":\"2025-11-06T13:06:43+00:00\",\"description\":\"This men's platinum wedding band ring is crafted from the finest platinum, this stylish ring is a timeless piece of jewelry that will last a lifetime.\",\"breadcrumb\":{\"@id\":\"https:\\\/\\\/www.purejewels.com\\\/product\\\/mens-platinum-wedding-band-ring-size-o-5-mm-34193\\\/#breadcrumb\"},\"inLanguage\":\"de\",\"potentialAction\":[{\"@type\":\"ReadAction\",\"target\":[\"https:\\\/\\\/www.purejewels.com\\\/product\\\/mens-platinum-wedding-band-ring-size-o-5-mm-34193\\\/\"]}]},{\"@type\":\"ImageObject\",\"inLanguage\":\"de\",\"@id\":\"https:\\\/\\\/www.purejewels.com\\\/product\\\/mens-platinum-wedding-band-ring-size-o-5-mm-34193\\\/#primaryimage\",\"url\":\"https:\\\/\\\/static.purejewels.com\\\/wp-content\\\/uploads\\\/2022\\\/12\\\/34193-1.jpg\",\"contentUrl\":\"https:\\\/\\\/static.purejewels.com\\\/wp-content\\\/uploads\\\/2022\\\/12\\\/34193-1.jpg\",\"width\":1000,\"height\":1000,\"caption\":\"Men's Platinum Wedding Band Ring | Size O | 5 mm\"},{\"@type\":\"BreadcrumbList\",\"@id\":\"https:\\\/\\\/www.purejewels.com\\\/product\\\/mens-platinum-wedding-band-ring-size-o-5-mm-34193\\\/#breadcrumb\",\"itemListElement\":[{\"@type\":\"ListItem\",\"position\":1,\"name\":\"Home\",\"item\":\"https:\\\/\\\/www.purejewels.com\\\/\"},{\"@type\":\"ListItem\",\"position\":2,\"name\":\"Shop\",\"item\":\"https:\\\/\\\/www.purejewels.com\\\/shop\\\/\"},{\"@type\":\"ListItem\",\"position\":3,\"name\":\"Men&#8217;s Platinum Wedding Band Ring | Size O | 5mm\"}]},{\"@type\":\"WebSite\",\"@id\":\"https:\\\/\\\/www.purejewels.com\\\/#website\",\"url\":\"https:\\\/\\\/www.purejewels.com\\\/\",\"name\":\"PureJewels UK\",\"description\":\"Share the Love\",\"publisher\":{\"@id\":\"https:\\\/\\\/www.purejewels.com\\\/#organization\"},\"potentialAction\":[{\"@type\":\"SearchAction\",\"target\":{\"@type\":\"EntryPoint\",\"urlTemplate\":\"https:\\\/\\\/www.purejewels.com\\\/?s={search_term_string}\"},\"query-input\":{\"@type\":\"PropertyValueSpecification\",\"valueRequired\":true,\"valueName\":\"search_term_string\"}}],\"inLanguage\":\"de\"},{\"@type\":\"Organization\",\"@id\":\"https:\\\/\\\/www.purejewels.com\\\/#organization\",\"name\":\"PureJewels UK\",\"url\":\"https:\\\/\\\/www.purejewels.com\\\/\",\"logo\":{\"@type\":\"ImageObject\",\"inLanguage\":\"de\",\"@id\":\"https:\\\/\\\/www.purejewels.com\\\/#\\\/schema\\\/logo\\\/image\\\/\",\"url\":\"https:\\\/\\\/static.purejewels.com\\\/wp-content\\\/uploads\\\/2020\\\/11\\\/Logo-PJ-New-1.png\",\"contentUrl\":\"https:\\\/\\\/static.purejewels.com\\\/wp-content\\\/uploads\\\/2020\\\/11\\\/Logo-PJ-New-1.png\",\"width\":150,\"height\":80,\"caption\":\"PureJewels UK\"},\"image\":{\"@id\":\"https:\\\/\\\/www.purejewels.com\\\/#\\\/schema\\\/logo\\\/image\\\/\"}}]}<\/script>\n<!-- \/ Yoast SEO plugin. -->","yoast_head_json":{"title":"Stilvoller und eleganter Ehering aus Platin f\u00fcr M\u00e4nner","description":"Dieser Ehering f\u00fcr M\u00e4nner aus Platin ist aus feinstem Platin gefertigt. Dieser stilvolle Ring ist ein zeitloses Schmuckst\u00fcck, das ein Leben lang halten wird.","robots":{"index":"index","follow":"follow","max-snippet":"max-snippet:-1","max-image-preview":"max-image-preview:large","max-video-preview":"max-video-preview:-1"},"canonical":"https:\/\/www.purejewels.com\/de\/produkt-2\/ehering-aus-platin-fur-herren-grose-o-5-mm-34193\/","og_locale":"de_DE","og_type":"article","og_title":"Stylish and Elegant Men's Platinum Wedding Band Ring","og_description":"This men's platinum wedding band ring is crafted from the finest platinum, this stylish ring is a timeless piece of jewelry that will last a lifetime.","og_url":"https:\/\/www.purejewels.com\/de\/produkt-2\/ehering-aus-platin-fur-herren-grose-o-5-mm-34193\/","og_site_name":"PureJewels UK","article_modified_time":"2025-11-06T13:06:43+00:00","og_image":[{"width":1000,"height":1000,"url":"https:\/\/www.purejewels.com\/wp-content\/uploads\/2022\/12\/34193-1.jpg","type":"image\/jpeg"}],"twitter_card":"summary_large_image","twitter_misc":{"Gesch\u00e4tzte Lesezeit":"2\u00a0Minuten"},"schema":{"@context":"https:\/\/schema.org","@graph":[{"@type":["WebPage","ItemPage"],"@id":"https:\/\/www.purejewels.com\/product\/mens-platinum-wedding-band-ring-size-o-5-mm-34193\/","url":"https:\/\/www.purejewels.com\/product\/mens-platinum-wedding-band-ring-size-o-5-mm-34193\/","name":"Stilvoller und eleganter Ehering aus Platin f\u00fcr M\u00e4nner","isPartOf":{"@id":"https:\/\/www.purejewels.com\/#website"},"primaryImageOfPage":{"@id":"https:\/\/www.purejewels.com\/product\/mens-platinum-wedding-band-ring-size-o-5-mm-34193\/#primaryimage"},"image":{"@id":"https:\/\/www.purejewels.com\/product\/mens-platinum-wedding-band-ring-size-o-5-mm-34193\/#primaryimage"},"thumbnailUrl":"https:\/\/static.purejewels.com\/wp-content\/uploads\/2022\/12\/34193-1.jpg","datePublished":"2022-12-29T08:13:29+00:00","dateModified":"2025-11-06T13:06:43+00:00","description":"Dieser Ehering f\u00fcr M\u00e4nner aus Platin ist aus feinstem Platin gefertigt. Dieser stilvolle Ring ist ein zeitloses Schmuckst\u00fcck, das ein Leben lang halten wird.","breadcrumb":{"@id":"https:\/\/www.purejewels.com\/product\/mens-platinum-wedding-band-ring-size-o-5-mm-34193\/#breadcrumb"},"inLanguage":"de","potentialAction":[{"@type":"ReadAction","target":["https:\/\/www.purejewels.com\/product\/mens-platinum-wedding-band-ring-size-o-5-mm-34193\/"]}]},{"@type":"ImageObject","inLanguage":"de","@id":"https:\/\/www.purejewels.com\/product\/mens-platinum-wedding-band-ring-size-o-5-mm-34193\/#primaryimage","url":"https:\/\/static.purejewels.com\/wp-content\/uploads\/2022\/12\/34193-1.jpg","contentUrl":"https:\/\/static.purejewels.com\/wp-content\/uploads\/2022\/12\/34193-1.jpg","width":1000,"height":1000,"caption":"Men's Platinum Wedding Band Ring | Size O | 5 mm"},{"@type":"BreadcrumbList","@id":"https:\/\/www.purejewels.com\/product\/mens-platinum-wedding-band-ring-size-o-5-mm-34193\/#breadcrumb","itemListElement":[{"@type":"ListItem","position":1,"name":"Home","item":"https:\/\/www.purejewels.com\/"},{"@type":"ListItem","position":2,"name":"Shop","item":"https:\/\/www.purejewels.com\/shop\/"},{"@type":"ListItem","position":3,"name":"Men&#8217;s Platinum Wedding Band Ring | Size O | 5mm"}]},{"@type":"WebSite","@id":"https:\/\/www.purejewels.com\/#website","url":"https:\/\/www.purejewels.com\/","name":"PureJewels UK","description":"Teile die Liebe","publisher":{"@id":"https:\/\/www.purejewels.com\/#organization"},"potentialAction":[{"@type":"SearchAction","target":{"@type":"EntryPoint","urlTemplate":"https:\/\/www.purejewels.com\/?s={search_term_string}"},"query-input":{"@type":"PropertyValueSpecification","valueRequired":true,"valueName":"search_term_string"}}],"inLanguage":"de"},{"@type":"Organization","@id":"https:\/\/www.purejewels.com\/#organization","name":"PureJewels UK","url":"https:\/\/www.purejewels.com\/","logo":{"@type":"ImageObject","inLanguage":"de","@id":"https:\/\/www.purejewels.com\/#\/schema\/logo\/image\/","url":"https:\/\/static.purejewels.com\/wp-content\/uploads\/2020\/11\/Logo-PJ-New-1.png","contentUrl":"https:\/\/static.purejewels.com\/wp-content\/uploads\/2020\/11\/Logo-PJ-New-1.png","width":150,"height":80,"caption":"PureJewels UK"},"image":{"@id":"https:\/\/www.purejewels.com\/#\/schema\/logo\/image\/"}}]}},"_links":{"self":[{"href":"https:\/\/www.purejewels.com\/de\/wp-json\/wp\/v2\/product\/342535","targetHints":{"allow":["GET"]}}],"collection":[{"href":"https:\/\/www.purejewels.com\/de\/wp-json\/wp\/v2\/product"}],"about":[{"href":"https:\/\/www.purejewels.com\/de\/wp-json\/wp\/v2\/types\/product"}],"replies":[{"embeddable":true,"href":"https:\/\/www.purejewels.com\/de\/wp-json\/wp\/v2\/comments?post=342535"}],"version-history":[{"count":3,"href":"https:\/\/www.purejewels.com\/de\/wp-json\/wp\/v2\/product\/342535\/revisions"}],"predecessor-version":[{"id":420418,"href":"https:\/\/www.purejewels.com\/de\/wp-json\/wp\/v2\/product\/342535\/revisions\/420418"}],"wp:featuredmedia":[{"embeddable":true,"href":"https:\/\/www.purejewels.com\/de\/wp-json\/wp\/v2\/media\/342538"}],"wp:attachment":[{"href":"https:\/\/www.purejewels.com\/de\/wp-json\/wp\/v2\/media?parent=342535"}],"wp:term":[{"taxonomy":"product_brand","embeddable":true,"href":"https:\/\/www.purejewels.com\/de\/wp-json\/wp\/v2\/product_brand?post=342535"},{"taxonomy":"product_cat","embeddable":true,"href":"https:\/\/www.purejewels.com\/de\/wp-json\/wp\/v2\/product_cat?post=342535"},{"taxonomy":"product_tag","embeddable":true,"href":"https:\/\/www.purejewels.com\/de\/wp-json\/wp\/v2\/product_tag?post=342535"}],"curies":[{"name":"wp","href":"https:\/\/api.w.org\/{rel}","templated":true}]}}