{"id":342545,"date":"2022-12-29T08:53:02","date_gmt":"2022-12-29T08:53:02","guid":{"rendered":"https:\/\/www.purejewels.com\/?post_type=product&#038;p=342545"},"modified":"2025-11-12T06:40:03","modified_gmt":"2025-11-12T06:40:03","slug":"platin-ehering-ring-grose-o-5-mm-34196","status":"publish","type":"product","link":"https:\/\/www.purejewels.com\/de\/product\/platinum-fancy-wedding-band-ring-size-o-5-mm-34196\/","title":{"rendered":"Platin Ehering f\u00fcr Frauen | Gr\u00f6\u00dfe O | 5 mm"},"content":{"rendered":"<p>Sie suchen den perfekten Ehering f\u00fcr Ihren besonderen Tag? Dann ist unser Ehering aus Platin genau das Richtige f\u00fcr Sie. Dieser Ring aus hochwertigem Platin ist nicht nur wundersch\u00f6n, sondern auch robust und langlebig. Die 5 mm breite Ringschiene verleiht jedem Outfit einen Hauch von Eleganz und Raffinesse.<\/p>\n<p>Unser Ehering aus Platin ist in der Gr\u00f6\u00dfe O erh\u00e4ltlich und wiegt 7,6 Gramm, wodurch er den ganzen Tag \u00fcber angenehm zu tragen ist. Egal, ob Sie einen klassischen Ehering oder einen modernen Twist suchen, dieser Ring ist die perfekte Wahl. Mit unserem Live-Chat-Support k\u00f6nnen Sie alle Fragen stellen, die Sie haben, und bei Bedarf eine schnellere Lieferung anfordern.<\/p>\n<p>Warten Sie nicht l\u00e4nger darauf, den perfekten Ehering f\u00fcr Ihren besonderen Tag zu finden. Kaufen Sie unseren Platin Ehering f\u00fcr Frauen jetzt und machen Sie Ihren Hochzeitstag noch unvergesslicher.<\/p>","protected":false},"excerpt":{"rendered":"<table style=\"border-collapse: collapse; width: 100%; height: 196px;\">\n<tbody>\n<tr>\n<td>Typ des Rings<\/td>\n<td>Eheringe Ring<\/td>\n<\/tr>\n<tr>\n<td>SKU<\/td>\n<td>34196<\/td>\n<\/tr>\n<tr>\n<td>Gewicht<\/td>\n<td>7,6 Gramm<\/td>\n<\/tr>\n<tr>\n<td>Ringgr\u00f6\u00dfe<\/td>\n<td>O<\/td>\n<\/tr>\n<tr>\n<td>Metall<\/td>\n<td>Platin<\/td>\n<\/tr>\n<tr>\n<td>Breite<\/td>\n<td>5 mm<\/td>\n<\/tr>\n<tr>\n<td>Entgelte<\/td>\n<td>Lieferung und Mehrwertsteuer inbegriffen<\/td>\n<\/tr>\n<tr>\n<td>Verpackung<\/td>\n<td>Mit Pr\u00e4sentationsbox<\/td>\n<\/tr>\n<tr>\n<td style=\"width: 50%;\">Mehr Informationen<\/td>\n<td style=\"width: 50%;\">Live-Chat mit uns f\u00fcr Verf\u00fcgbarkeit und mehr Bilder<\/td>\n<\/tr>\n<\/tbody>\n<\/table>","protected":false},"featured_media":342546,"comment_status":"closed","ping_status":"closed","template":"","meta":{"_eb_attr":"","_crsspst_to_jayantr4sg-hostcom":true},"product_brand":[],"product_cat":[1572,1800,5293,5294,5338,229,1573],"product_tag":[5482],"class_list":{"0":"post-342545","1":"product","2":"type-product","3":"status-publish","4":"has-post-thumbnail","6":"product_cat-mens-jewellery","7":"product_cat-platinum-bands","8":"product_cat-platinum-wedding-bands-2","9":"product_cat-platinum-wedding-bands-for-men","10":"product_cat-shop-by-price","11":"product_cat-wedding-bands","12":"product_cat-wedding-gifts","13":"product_tag-platinum-bands","15":"first","16":"outofstock","17":"taxable","18":"shipping-taxable","19":"product-type-simple","20":"add-to-wishlist-before_image"},"yoast_head":"<!-- This site is optimized with the Yoast SEO plugin v27.3 - https:\/\/yoast.com\/product\/yoast-seo-wordpress\/ -->\n<title>Platinum Women&#039;s Wedding Band Ring | Purejewels UK<\/title>\n<meta name=\"description\" content=\"Platinum Ring For Women&#039;s By Purejewels | Smart And Sturdy Platinum Ring For Women | Add Grace To Your Personality | Shop Now at Purejewels UK.\" \/>\n<meta name=\"robots\" content=\"index, follow, max-snippet:-1, max-image-preview:large, max-video-preview:-1\" \/>\n<link rel=\"canonical\" href=\"https:\/\/www.purejewels.com\/de\/produkt-2\/platin-ehering-ring-grose-o-5-mm-34196\/\" \/>\n<meta property=\"og:locale\" content=\"de_DE\" \/>\n<meta property=\"og:type\" content=\"article\" \/>\n<meta property=\"og:title\" content=\"Platinum Women&#039;s Wedding Band Ring | Purejewels UK\" \/>\n<meta property=\"og:description\" content=\"Platinum Ring For Women&#039;s By Purejewels | Smart And Sturdy Platinum Ring For Women | Add Grace To Your Personality | Shop Now at Purejewels UK.\" \/>\n<meta property=\"og:url\" content=\"https:\/\/www.purejewels.com\/de\/produkt-2\/platin-ehering-ring-grose-o-5-mm-34196\/\" \/>\n<meta property=\"og:site_name\" content=\"PureJewels UK\" \/>\n<meta property=\"article:modified_time\" content=\"2025-11-12T06:40:03+00:00\" \/>\n<meta property=\"og:image\" content=\"https:\/\/www.purejewels.com\/wp-content\/uploads\/2022\/12\/34196-1.jpg\" \/>\n\t<meta property=\"og:image:width\" content=\"1000\" \/>\n\t<meta property=\"og:image:height\" content=\"1000\" \/>\n\t<meta property=\"og:image:type\" content=\"image\/jpeg\" \/>\n<meta name=\"twitter:card\" content=\"summary_large_image\" \/>\n<meta name=\"twitter:label1\" content=\"Gesch\u00e4tzte Lesezeit\" \/>\n\t<meta name=\"twitter:data1\" content=\"1\u00a0Minute\" \/>\n<script type=\"application\/ld+json\" class=\"yoast-schema-graph\">{\"@context\":\"https:\\\/\\\/schema.org\",\"@graph\":[{\"@type\":[\"WebPage\",\"ItemPage\"],\"@id\":\"https:\\\/\\\/www.purejewels.com\\\/product\\\/platinum-fancy-wedding-band-ring-size-o-5-mm-34196\\\/\",\"url\":\"https:\\\/\\\/www.purejewels.com\\\/product\\\/platinum-fancy-wedding-band-ring-size-o-5-mm-34196\\\/\",\"name\":\"Platinum Women's Wedding Band Ring | Purejewels UK\",\"isPartOf\":{\"@id\":\"https:\\\/\\\/www.purejewels.com\\\/#website\"},\"primaryImageOfPage\":{\"@id\":\"https:\\\/\\\/www.purejewels.com\\\/product\\\/platinum-fancy-wedding-band-ring-size-o-5-mm-34196\\\/#primaryimage\"},\"image\":{\"@id\":\"https:\\\/\\\/www.purejewels.com\\\/product\\\/platinum-fancy-wedding-band-ring-size-o-5-mm-34196\\\/#primaryimage\"},\"thumbnailUrl\":\"https:\\\/\\\/static.purejewels.com\\\/wp-content\\\/uploads\\\/2022\\\/12\\\/34196-1.jpg\",\"datePublished\":\"2022-12-29T08:53:02+00:00\",\"dateModified\":\"2025-11-12T06:40:03+00:00\",\"description\":\"Platinum Ring For Women's By Purejewels | Smart And Sturdy Platinum Ring For Women | Add Grace To Your Personality | Shop Now at Purejewels UK.\",\"breadcrumb\":{\"@id\":\"https:\\\/\\\/www.purejewels.com\\\/product\\\/platinum-fancy-wedding-band-ring-size-o-5-mm-34196\\\/#breadcrumb\"},\"inLanguage\":\"de\",\"potentialAction\":[{\"@type\":\"ReadAction\",\"target\":[\"https:\\\/\\\/www.purejewels.com\\\/product\\\/platinum-fancy-wedding-band-ring-size-o-5-mm-34196\\\/\"]}]},{\"@type\":\"ImageObject\",\"inLanguage\":\"de\",\"@id\":\"https:\\\/\\\/www.purejewels.com\\\/product\\\/platinum-fancy-wedding-band-ring-size-o-5-mm-34196\\\/#primaryimage\",\"url\":\"https:\\\/\\\/static.purejewels.com\\\/wp-content\\\/uploads\\\/2022\\\/12\\\/34196-1.jpg\",\"contentUrl\":\"https:\\\/\\\/static.purejewels.com\\\/wp-content\\\/uploads\\\/2022\\\/12\\\/34196-1.jpg\",\"width\":1000,\"height\":1000,\"caption\":\"Platinum Fancy Wedding Band Ring | Size O | 5 mm\"},{\"@type\":\"BreadcrumbList\",\"@id\":\"https:\\\/\\\/www.purejewels.com\\\/product\\\/platinum-fancy-wedding-band-ring-size-o-5-mm-34196\\\/#breadcrumb\",\"itemListElement\":[{\"@type\":\"ListItem\",\"position\":1,\"name\":\"Home\",\"item\":\"https:\\\/\\\/www.purejewels.com\\\/\"},{\"@type\":\"ListItem\",\"position\":2,\"name\":\"Shop\",\"item\":\"https:\\\/\\\/www.purejewels.com\\\/shop\\\/\"},{\"@type\":\"ListItem\",\"position\":3,\"name\":\"Platinum Women&#8217;s Wedding Band Ring | Size O | 5 mm\"}]},{\"@type\":\"WebSite\",\"@id\":\"https:\\\/\\\/www.purejewels.com\\\/#website\",\"url\":\"https:\\\/\\\/www.purejewels.com\\\/\",\"name\":\"PureJewels UK\",\"description\":\"Share the Love\",\"publisher\":{\"@id\":\"https:\\\/\\\/www.purejewels.com\\\/#organization\"},\"potentialAction\":[{\"@type\":\"SearchAction\",\"target\":{\"@type\":\"EntryPoint\",\"urlTemplate\":\"https:\\\/\\\/www.purejewels.com\\\/?s={search_term_string}\"},\"query-input\":{\"@type\":\"PropertyValueSpecification\",\"valueRequired\":true,\"valueName\":\"search_term_string\"}}],\"inLanguage\":\"de\"},{\"@type\":\"Organization\",\"@id\":\"https:\\\/\\\/www.purejewels.com\\\/#organization\",\"name\":\"PureJewels UK\",\"url\":\"https:\\\/\\\/www.purejewels.com\\\/\",\"logo\":{\"@type\":\"ImageObject\",\"inLanguage\":\"de\",\"@id\":\"https:\\\/\\\/www.purejewels.com\\\/#\\\/schema\\\/logo\\\/image\\\/\",\"url\":\"https:\\\/\\\/static.purejewels.com\\\/wp-content\\\/uploads\\\/2020\\\/11\\\/Logo-PJ-New-1.png\",\"contentUrl\":\"https:\\\/\\\/static.purejewels.com\\\/wp-content\\\/uploads\\\/2020\\\/11\\\/Logo-PJ-New-1.png\",\"width\":150,\"height\":80,\"caption\":\"PureJewels UK\"},\"image\":{\"@id\":\"https:\\\/\\\/www.purejewels.com\\\/#\\\/schema\\\/logo\\\/image\\\/\"}}]}<\/script>\n<!-- \/ Yoast SEO plugin. -->","yoast_head_json":{"title":"Platin Frauen Hochzeit Band Ring | Purejewels UK","description":"Platin-Ring f\u00fcr Frauen von Purejewels | Smart und robuste Platin-Ring f\u00fcr Frauen | Add Grace, um Ihre Pers\u00f6nlichkeit | Shop Now at Purejewels UK.","robots":{"index":"index","follow":"follow","max-snippet":"max-snippet:-1","max-image-preview":"max-image-preview:large","max-video-preview":"max-video-preview:-1"},"canonical":"https:\/\/www.purejewels.com\/de\/produkt-2\/platin-ehering-ring-grose-o-5-mm-34196\/","og_locale":"de_DE","og_type":"article","og_title":"Platinum Women's Wedding Band Ring | Purejewels UK","og_description":"Platinum Ring For Women's By Purejewels | Smart And Sturdy Platinum Ring For Women | Add Grace To Your Personality | Shop Now at Purejewels UK.","og_url":"https:\/\/www.purejewels.com\/de\/produkt-2\/platin-ehering-ring-grose-o-5-mm-34196\/","og_site_name":"PureJewels UK","article_modified_time":"2025-11-12T06:40:03+00:00","og_image":[{"width":1000,"height":1000,"url":"https:\/\/www.purejewels.com\/wp-content\/uploads\/2022\/12\/34196-1.jpg","type":"image\/jpeg"}],"twitter_card":"summary_large_image","twitter_misc":{"Gesch\u00e4tzte Lesezeit":"1\u00a0Minute"},"schema":{"@context":"https:\/\/schema.org","@graph":[{"@type":["WebPage","ItemPage"],"@id":"https:\/\/www.purejewels.com\/product\/platinum-fancy-wedding-band-ring-size-o-5-mm-34196\/","url":"https:\/\/www.purejewels.com\/product\/platinum-fancy-wedding-band-ring-size-o-5-mm-34196\/","name":"Platin Frauen Hochzeit Band Ring | Purejewels UK","isPartOf":{"@id":"https:\/\/www.purejewels.com\/#website"},"primaryImageOfPage":{"@id":"https:\/\/www.purejewels.com\/product\/platinum-fancy-wedding-band-ring-size-o-5-mm-34196\/#primaryimage"},"image":{"@id":"https:\/\/www.purejewels.com\/product\/platinum-fancy-wedding-band-ring-size-o-5-mm-34196\/#primaryimage"},"thumbnailUrl":"https:\/\/static.purejewels.com\/wp-content\/uploads\/2022\/12\/34196-1.jpg","datePublished":"2022-12-29T08:53:02+00:00","dateModified":"2025-11-12T06:40:03+00:00","description":"Platin-Ring f\u00fcr Frauen von Purejewels | Smart und robuste Platin-Ring f\u00fcr Frauen | Add Grace, um Ihre Pers\u00f6nlichkeit | Shop Now at Purejewels UK.","breadcrumb":{"@id":"https:\/\/www.purejewels.com\/product\/platinum-fancy-wedding-band-ring-size-o-5-mm-34196\/#breadcrumb"},"inLanguage":"de","potentialAction":[{"@type":"ReadAction","target":["https:\/\/www.purejewels.com\/product\/platinum-fancy-wedding-band-ring-size-o-5-mm-34196\/"]}]},{"@type":"ImageObject","inLanguage":"de","@id":"https:\/\/www.purejewels.com\/product\/platinum-fancy-wedding-band-ring-size-o-5-mm-34196\/#primaryimage","url":"https:\/\/static.purejewels.com\/wp-content\/uploads\/2022\/12\/34196-1.jpg","contentUrl":"https:\/\/static.purejewels.com\/wp-content\/uploads\/2022\/12\/34196-1.jpg","width":1000,"height":1000,"caption":"Platinum Fancy Wedding Band Ring | Size O | 5 mm"},{"@type":"BreadcrumbList","@id":"https:\/\/www.purejewels.com\/product\/platinum-fancy-wedding-band-ring-size-o-5-mm-34196\/#breadcrumb","itemListElement":[{"@type":"ListItem","position":1,"name":"Home","item":"https:\/\/www.purejewels.com\/"},{"@type":"ListItem","position":2,"name":"Shop","item":"https:\/\/www.purejewels.com\/shop\/"},{"@type":"ListItem","position":3,"name":"Platinum Women&#8217;s Wedding Band Ring | Size O | 5 mm"}]},{"@type":"WebSite","@id":"https:\/\/www.purejewels.com\/#website","url":"https:\/\/www.purejewels.com\/","name":"PureJewels UK","description":"Teile die Liebe","publisher":{"@id":"https:\/\/www.purejewels.com\/#organization"},"potentialAction":[{"@type":"SearchAction","target":{"@type":"EntryPoint","urlTemplate":"https:\/\/www.purejewels.com\/?s={search_term_string}"},"query-input":{"@type":"PropertyValueSpecification","valueRequired":true,"valueName":"search_term_string"}}],"inLanguage":"de"},{"@type":"Organization","@id":"https:\/\/www.purejewels.com\/#organization","name":"PureJewels UK","url":"https:\/\/www.purejewels.com\/","logo":{"@type":"ImageObject","inLanguage":"de","@id":"https:\/\/www.purejewels.com\/#\/schema\/logo\/image\/","url":"https:\/\/static.purejewels.com\/wp-content\/uploads\/2020\/11\/Logo-PJ-New-1.png","contentUrl":"https:\/\/static.purejewels.com\/wp-content\/uploads\/2020\/11\/Logo-PJ-New-1.png","width":150,"height":80,"caption":"PureJewels UK"},"image":{"@id":"https:\/\/www.purejewels.com\/#\/schema\/logo\/image\/"}}]}},"_links":{"self":[{"href":"https:\/\/www.purejewels.com\/de\/wp-json\/wp\/v2\/product\/342545","targetHints":{"allow":["GET"]}}],"collection":[{"href":"https:\/\/www.purejewels.com\/de\/wp-json\/wp\/v2\/product"}],"about":[{"href":"https:\/\/www.purejewels.com\/de\/wp-json\/wp\/v2\/types\/product"}],"replies":[{"embeddable":true,"href":"https:\/\/www.purejewels.com\/de\/wp-json\/wp\/v2\/comments?post=342545"}],"version-history":[{"count":3,"href":"https:\/\/www.purejewels.com\/de\/wp-json\/wp\/v2\/product\/342545\/revisions"}],"predecessor-version":[{"id":420847,"href":"https:\/\/www.purejewels.com\/de\/wp-json\/wp\/v2\/product\/342545\/revisions\/420847"}],"wp:featuredmedia":[{"embeddable":true,"href":"https:\/\/www.purejewels.com\/de\/wp-json\/wp\/v2\/media\/342546"}],"wp:attachment":[{"href":"https:\/\/www.purejewels.com\/de\/wp-json\/wp\/v2\/media?parent=342545"}],"wp:term":[{"taxonomy":"product_brand","embeddable":true,"href":"https:\/\/www.purejewels.com\/de\/wp-json\/wp\/v2\/product_brand?post=342545"},{"taxonomy":"product_cat","embeddable":true,"href":"https:\/\/www.purejewels.com\/de\/wp-json\/wp\/v2\/product_cat?post=342545"},{"taxonomy":"product_tag","embeddable":true,"href":"https:\/\/www.purejewels.com\/de\/wp-json\/wp\/v2\/product_tag?post=342545"}],"curies":[{"name":"wp","href":"https:\/\/api.w.org\/{rel}","templated":true}]}}