{"id":342552,"date":"2025-04-29T09:21:42","date_gmt":"2025-04-29T08:21:42","guid":{"rendered":"https:\/\/www.purejewels.com\/?post_type=product&#038;p=342552"},"modified":"2025-12-08T06:39:01","modified_gmt":"2025-12-08T06:39:01","slug":"platin-herren-ehering-ring-grose-q-5-mm-33869","status":"publish","type":"product","link":"https:\/\/www.purejewels.com\/de\/product\/platinum-mens-wedding-band-ring-size-q-5-mm-33869\/","title":{"rendered":"Platin Ehering f\u00fcr M\u00e4nner | Gr\u00f6\u00dfe Q | 5 mm"},"content":{"rendered":"<p>Der Minimalistische Fingerring aus Platin ist die perfekte Wahl f\u00fcr einen Mann, der einen eleganten und raffinierten Ehering sucht. Der aus hochwertigem Platin gefertigte Ring ist nicht nur langlebig, sondern strahlt auch ein Gef\u00fchl von Luxus und Eleganz aus. Das minimalistische Design des Rings macht ihn vielseitig und alltagstauglich.<\/p>\n<p>Dieser Ehering aus Platin ist in der Gr\u00f6\u00dfe Q mit einer Breite von 5 mm erh\u00e4ltlich, wodurch er den meisten Fingern bequem passt. Der Ring wiegt 8,1 g und verleiht dem St\u00fcck ein solides Gef\u00fchl. Er wird in einer Pr\u00e4sentationsbox geliefert, die ihn zum Verschenken oder zur sicheren Aufbewahrung bereith\u00e4lt.<\/p>\n<p>Kaufen Sie mit der Gewissheit, dass Sie in ein zeitloses Schmuckst\u00fcck investieren, das ein Leben lang halten wird. Erweitern Sie Ihr Eheringsspiel mit diesem minimalistischen Fingerring aus Platin noch heute.<\/p>","protected":false},"excerpt":{"rendered":"<table style=\"border-collapse: collapse; width: 100%; height: 196px;\">\n<tbody>\n<tr>\n<td>Typ des Rings<\/td>\n<td>Eheringe Ring<\/td>\n<\/tr>\n<tr>\n<td>SKU<\/td>\n<td>33869<\/td>\n<\/tr>\n<tr>\n<td>Gewicht<\/td>\n<td>8,1 Gramm<\/td>\n<\/tr>\n<tr>\n<td>Ringgr\u00f6\u00dfe<\/td>\n<td>Q<\/td>\n<\/tr>\n<tr>\n<td>Metall<\/td>\n<td>Platin<\/td>\n<\/tr>\n<tr>\n<td>Breite<\/td>\n<td>5 mm<\/td>\n<\/tr>\n<tr>\n<td>Entgelte<\/td>\n<td>Lieferung und Mehrwertsteuer inbegriffen<\/td>\n<\/tr>\n<tr>\n<td>Verpackung<\/td>\n<td>Mit Pr\u00e4sentationsbox<\/td>\n<\/tr>\n<tr>\n<td style=\"width: 50%;\">Mehr Informationen<\/td>\n<td style=\"width: 50%;\">Live-Chat mit uns f\u00fcr Verf\u00fcgbarkeit und mehr Bilder<\/td>\n<\/tr>\n<\/tbody>\n<\/table>","protected":false},"featured_media":342553,"comment_status":"closed","ping_status":"closed","template":"","meta":{"_eb_attr":"","_crsspst_to_jayantr4sg-hostcom":true},"product_brand":[],"product_cat":[1571,1572,1800,5293,5294,5338,229,1573],"product_tag":[5482],"class_list":{"0":"post-342552","1":"product","2":"type-product","3":"status-publish","4":"has-post-thumbnail","6":"product_cat-fathers-day-gifts","7":"product_cat-mens-jewellery","8":"product_cat-platinum-bands","9":"product_cat-platinum-wedding-bands-2","10":"product_cat-platinum-wedding-bands-for-men","11":"product_cat-shop-by-price","12":"product_cat-wedding-bands","13":"product_cat-wedding-gifts","14":"product_tag-platinum-bands","16":"first","17":"outofstock","18":"taxable","19":"shipping-taxable","20":"product-type-simple","21":"add-to-wishlist-before_image"},"yoast_head":"<!-- This site is optimized with the Yoast SEO plugin v27.5 - https:\/\/yoast.com\/product\/yoast-seo-wordpress\/ -->\n<title>Buy Platinum Minimalist Finger Ring Online | Purejewels UK<\/title>\n<meta name=\"description\" content=\"The clean line and sleek design makes this ridged ring set in Platinum the perfect pick for those with a taste for the subtle. | Shop Now at Purejewels UK.\" \/>\n<meta name=\"robots\" content=\"index, follow, max-snippet:-1, max-image-preview:large, max-video-preview:-1\" \/>\n<link rel=\"canonical\" href=\"https:\/\/www.purejewels.com\/de\/produkt-2\/platin-herren-ehering-ring-grose-q-5-mm-33869\/\" \/>\n<meta property=\"og:locale\" content=\"de_DE\" \/>\n<meta property=\"og:type\" content=\"article\" \/>\n<meta property=\"og:title\" content=\"Buy Platinum Minimalist Finger Ring Online | Purejewels UK\" \/>\n<meta property=\"og:description\" content=\"The clean line and sleek design makes this ridged ring set in Platinum the perfect pick for those with a taste for the subtle. | Shop Now at Purejewels UK.\" \/>\n<meta property=\"og:url\" content=\"https:\/\/www.purejewels.com\/de\/produkt-2\/platin-herren-ehering-ring-grose-q-5-mm-33869\/\" \/>\n<meta property=\"og:site_name\" content=\"PureJewels UK\" \/>\n<meta property=\"article:modified_time\" content=\"2025-12-08T06:39:01+00:00\" \/>\n<meta property=\"og:image\" content=\"https:\/\/static.purejewels.com\/wp-content\/uploads\/2022\/12\/33869-1.jpg\" \/>\n\t<meta property=\"og:image:width\" content=\"1000\" \/>\n\t<meta property=\"og:image:height\" content=\"1000\" \/>\n\t<meta property=\"og:image:type\" content=\"image\/jpeg\" \/>\n<meta name=\"twitter:card\" content=\"summary_large_image\" \/>\n<meta name=\"twitter:label1\" content=\"Gesch\u00e4tzte Lesezeit\" \/>\n\t<meta name=\"twitter:data1\" content=\"1\u00a0Minute\" \/>\n<script type=\"application\/ld+json\" class=\"yoast-schema-graph\">{\"@context\":\"https:\\\/\\\/schema.org\",\"@graph\":[{\"@type\":[\"WebPage\",\"ItemPage\"],\"@id\":\"https:\\\/\\\/www.purejewels.com\\\/product\\\/platinum-mens-wedding-band-ring-size-q-5-mm-33869\\\/\",\"url\":\"https:\\\/\\\/www.purejewels.com\\\/product\\\/platinum-mens-wedding-band-ring-size-q-5-mm-33869\\\/\",\"name\":\"Buy Platinum Minimalist Finger Ring Online | Purejewels UK\",\"isPartOf\":{\"@id\":\"https:\\\/\\\/www.purejewels.com\\\/#website\"},\"primaryImageOfPage\":{\"@id\":\"https:\\\/\\\/www.purejewels.com\\\/product\\\/platinum-mens-wedding-band-ring-size-q-5-mm-33869\\\/#primaryimage\"},\"image\":{\"@id\":\"https:\\\/\\\/www.purejewels.com\\\/product\\\/platinum-mens-wedding-band-ring-size-q-5-mm-33869\\\/#primaryimage\"},\"thumbnailUrl\":\"https:\\\/\\\/static.purejewels.com\\\/wp-content\\\/uploads\\\/2022\\\/12\\\/33869-1.jpg\",\"datePublished\":\"2025-04-29T08:21:42+00:00\",\"dateModified\":\"2025-12-08T06:39:01+00:00\",\"description\":\"The clean line and sleek design makes this ridged ring set in Platinum the perfect pick for those with a taste for the subtle. | Shop Now at Purejewels UK.\",\"breadcrumb\":{\"@id\":\"https:\\\/\\\/www.purejewels.com\\\/product\\\/platinum-mens-wedding-band-ring-size-q-5-mm-33869\\\/#breadcrumb\"},\"inLanguage\":\"de\",\"potentialAction\":[{\"@type\":\"ReadAction\",\"target\":[\"https:\\\/\\\/www.purejewels.com\\\/product\\\/platinum-mens-wedding-band-ring-size-q-5-mm-33869\\\/\"]}]},{\"@type\":\"ImageObject\",\"inLanguage\":\"de\",\"@id\":\"https:\\\/\\\/www.purejewels.com\\\/product\\\/platinum-mens-wedding-band-ring-size-q-5-mm-33869\\\/#primaryimage\",\"url\":\"https:\\\/\\\/static.purejewels.com\\\/wp-content\\\/uploads\\\/2022\\\/12\\\/33869-1.jpg\",\"contentUrl\":\"https:\\\/\\\/static.purejewels.com\\\/wp-content\\\/uploads\\\/2022\\\/12\\\/33869-1.jpg\",\"width\":1000,\"height\":1000,\"caption\":\"Platinum Men's Wedding Band Ring | Size Q | 5 mm\"},{\"@type\":\"BreadcrumbList\",\"@id\":\"https:\\\/\\\/www.purejewels.com\\\/product\\\/platinum-mens-wedding-band-ring-size-q-5-mm-33869\\\/#breadcrumb\",\"itemListElement\":[{\"@type\":\"ListItem\",\"position\":1,\"name\":\"Home\",\"item\":\"https:\\\/\\\/www.purejewels.com\\\/\"},{\"@type\":\"ListItem\",\"position\":2,\"name\":\"Shop\",\"item\":\"https:\\\/\\\/www.purejewels.com\\\/shop\\\/\"},{\"@type\":\"ListItem\",\"position\":3,\"name\":\"Platinum Men&#8217;s Wedding Band Ring | Size Q | 5 mm\"}]},{\"@type\":\"WebSite\",\"@id\":\"https:\\\/\\\/www.purejewels.com\\\/#website\",\"url\":\"https:\\\/\\\/www.purejewels.com\\\/\",\"name\":\"PureJewels UK\",\"description\":\"Share the Love\",\"publisher\":{\"@id\":\"https:\\\/\\\/www.purejewels.com\\\/#organization\"},\"potentialAction\":[{\"@type\":\"SearchAction\",\"target\":{\"@type\":\"EntryPoint\",\"urlTemplate\":\"https:\\\/\\\/www.purejewels.com\\\/?s={search_term_string}\"},\"query-input\":{\"@type\":\"PropertyValueSpecification\",\"valueRequired\":true,\"valueName\":\"search_term_string\"}}],\"inLanguage\":\"de\"},{\"@type\":\"Organization\",\"@id\":\"https:\\\/\\\/www.purejewels.com\\\/#organization\",\"name\":\"PureJewels UK\",\"url\":\"https:\\\/\\\/www.purejewels.com\\\/\",\"logo\":{\"@type\":\"ImageObject\",\"inLanguage\":\"de\",\"@id\":\"https:\\\/\\\/www.purejewels.com\\\/#\\\/schema\\\/logo\\\/image\\\/\",\"url\":\"https:\\\/\\\/static.purejewels.com\\\/wp-content\\\/uploads\\\/2020\\\/11\\\/Logo-PJ-New-1.png\",\"contentUrl\":\"https:\\\/\\\/static.purejewels.com\\\/wp-content\\\/uploads\\\/2020\\\/11\\\/Logo-PJ-New-1.png\",\"width\":150,\"height\":80,\"caption\":\"PureJewels UK\"},\"image\":{\"@id\":\"https:\\\/\\\/www.purejewels.com\\\/#\\\/schema\\\/logo\\\/image\\\/\"}}]}<\/script>\n<!-- \/ Yoast SEO plugin. -->","yoast_head_json":{"title":"Minimalistischer Fingerring aus Platin online kaufen | Purejewels UK","description":"Die klare Linie und das schlanke Design machen diesen geriffelten Ring aus Platin zur perfekten Wahl f\u00fcr alle, die einen Sinn f\u00fcr das Subtile haben. | Jetzt einkaufen bei Purejewels UK.","robots":{"index":"index","follow":"follow","max-snippet":"max-snippet:-1","max-image-preview":"max-image-preview:large","max-video-preview":"max-video-preview:-1"},"canonical":"https:\/\/www.purejewels.com\/de\/produkt-2\/platin-herren-ehering-ring-grose-q-5-mm-33869\/","og_locale":"de_DE","og_type":"article","og_title":"Buy Platinum Minimalist Finger Ring Online | Purejewels UK","og_description":"The clean line and sleek design makes this ridged ring set in Platinum the perfect pick for those with a taste for the subtle. | Shop Now at Purejewels UK.","og_url":"https:\/\/www.purejewels.com\/de\/produkt-2\/platin-herren-ehering-ring-grose-q-5-mm-33869\/","og_site_name":"PureJewels UK","article_modified_time":"2025-12-08T06:39:01+00:00","og_image":[{"width":1000,"height":1000,"url":"https:\/\/static.purejewels.com\/wp-content\/uploads\/2022\/12\/33869-1.jpg","type":"image\/jpeg"}],"twitter_card":"summary_large_image","twitter_misc":{"Gesch\u00e4tzte Lesezeit":"1\u00a0Minute"},"schema":{"@context":"https:\/\/schema.org","@graph":[{"@type":["WebPage","ItemPage"],"@id":"https:\/\/www.purejewels.com\/product\/platinum-mens-wedding-band-ring-size-q-5-mm-33869\/","url":"https:\/\/www.purejewels.com\/product\/platinum-mens-wedding-band-ring-size-q-5-mm-33869\/","name":"Minimalistischer Fingerring aus Platin online kaufen | Purejewels UK","isPartOf":{"@id":"https:\/\/www.purejewels.com\/#website"},"primaryImageOfPage":{"@id":"https:\/\/www.purejewels.com\/product\/platinum-mens-wedding-band-ring-size-q-5-mm-33869\/#primaryimage"},"image":{"@id":"https:\/\/www.purejewels.com\/product\/platinum-mens-wedding-band-ring-size-q-5-mm-33869\/#primaryimage"},"thumbnailUrl":"https:\/\/static.purejewels.com\/wp-content\/uploads\/2022\/12\/33869-1.jpg","datePublished":"2025-04-29T08:21:42+00:00","dateModified":"2025-12-08T06:39:01+00:00","description":"Die klare Linie und das schlanke Design machen diesen geriffelten Ring aus Platin zur perfekten Wahl f\u00fcr alle, die einen Sinn f\u00fcr das Subtile haben. | Jetzt einkaufen bei Purejewels UK.","breadcrumb":{"@id":"https:\/\/www.purejewels.com\/product\/platinum-mens-wedding-band-ring-size-q-5-mm-33869\/#breadcrumb"},"inLanguage":"de","potentialAction":[{"@type":"ReadAction","target":["https:\/\/www.purejewels.com\/product\/platinum-mens-wedding-band-ring-size-q-5-mm-33869\/"]}]},{"@type":"ImageObject","inLanguage":"de","@id":"https:\/\/www.purejewels.com\/product\/platinum-mens-wedding-band-ring-size-q-5-mm-33869\/#primaryimage","url":"https:\/\/static.purejewels.com\/wp-content\/uploads\/2022\/12\/33869-1.jpg","contentUrl":"https:\/\/static.purejewels.com\/wp-content\/uploads\/2022\/12\/33869-1.jpg","width":1000,"height":1000,"caption":"Platinum Men's Wedding Band Ring | Size Q | 5 mm"},{"@type":"BreadcrumbList","@id":"https:\/\/www.purejewels.com\/product\/platinum-mens-wedding-band-ring-size-q-5-mm-33869\/#breadcrumb","itemListElement":[{"@type":"ListItem","position":1,"name":"Home","item":"https:\/\/www.purejewels.com\/"},{"@type":"ListItem","position":2,"name":"Shop","item":"https:\/\/www.purejewels.com\/shop\/"},{"@type":"ListItem","position":3,"name":"Platinum Men&#8217;s Wedding Band Ring | Size Q | 5 mm"}]},{"@type":"WebSite","@id":"https:\/\/www.purejewels.com\/#website","url":"https:\/\/www.purejewels.com\/","name":"PureJewels UK","description":"Teile die Liebe","publisher":{"@id":"https:\/\/www.purejewels.com\/#organization"},"potentialAction":[{"@type":"SearchAction","target":{"@type":"EntryPoint","urlTemplate":"https:\/\/www.purejewels.com\/?s={search_term_string}"},"query-input":{"@type":"PropertyValueSpecification","valueRequired":true,"valueName":"search_term_string"}}],"inLanguage":"de"},{"@type":"Organization","@id":"https:\/\/www.purejewels.com\/#organization","name":"PureJewels UK","url":"https:\/\/www.purejewels.com\/","logo":{"@type":"ImageObject","inLanguage":"de","@id":"https:\/\/www.purejewels.com\/#\/schema\/logo\/image\/","url":"https:\/\/static.purejewels.com\/wp-content\/uploads\/2020\/11\/Logo-PJ-New-1.png","contentUrl":"https:\/\/static.purejewels.com\/wp-content\/uploads\/2020\/11\/Logo-PJ-New-1.png","width":150,"height":80,"caption":"PureJewels UK"},"image":{"@id":"https:\/\/www.purejewels.com\/#\/schema\/logo\/image\/"}}]}},"_links":{"self":[{"href":"https:\/\/www.purejewels.com\/de\/wp-json\/wp\/v2\/product\/342552","targetHints":{"allow":["GET"]}}],"collection":[{"href":"https:\/\/www.purejewels.com\/de\/wp-json\/wp\/v2\/product"}],"about":[{"href":"https:\/\/www.purejewels.com\/de\/wp-json\/wp\/v2\/types\/product"}],"replies":[{"embeddable":true,"href":"https:\/\/www.purejewels.com\/de\/wp-json\/wp\/v2\/comments?post=342552"}],"version-history":[{"count":3,"href":"https:\/\/www.purejewels.com\/de\/wp-json\/wp\/v2\/product\/342552\/revisions"}],"predecessor-version":[{"id":420350,"href":"https:\/\/www.purejewels.com\/de\/wp-json\/wp\/v2\/product\/342552\/revisions\/420350"}],"wp:featuredmedia":[{"embeddable":true,"href":"https:\/\/www.purejewels.com\/de\/wp-json\/wp\/v2\/media\/342553"}],"wp:attachment":[{"href":"https:\/\/www.purejewels.com\/de\/wp-json\/wp\/v2\/media?parent=342552"}],"wp:term":[{"taxonomy":"product_brand","embeddable":true,"href":"https:\/\/www.purejewels.com\/de\/wp-json\/wp\/v2\/product_brand?post=342552"},{"taxonomy":"product_cat","embeddable":true,"href":"https:\/\/www.purejewels.com\/de\/wp-json\/wp\/v2\/product_cat?post=342552"},{"taxonomy":"product_tag","embeddable":true,"href":"https:\/\/www.purejewels.com\/de\/wp-json\/wp\/v2\/product_tag?post=342552"}],"curies":[{"name":"wp","href":"https:\/\/api.w.org\/{rel}","templated":true}]}}