{"id":343015,"date":"2025-08-30T10:53:58","date_gmt":"2025-08-30T09:53:58","guid":{"rendered":"https:\/\/www.purejewels.com\/?post_type=product&#038;p=343015"},"modified":"2026-02-13T08:39:07","modified_gmt":"2026-02-13T08:39:07","slug":"22ct-gold-damen-armreif-armband-2-2-grose-43918","status":"publish","type":"product","link":"https:\/\/www.purejewels.com\/de\/product\/22ct-gold-ladies-bangle-bracelet-2-2-size-43918\/","title":{"rendered":"22ct Gold Armreif | Rose Gold Finish | 2.6 Gr\u00f6\u00dfe"},"content":{"rendered":"<h3 data-start=\"664\" data-end=\"688\"><strong data-start=\"668\" data-end=\"686\">Designkonzept<\/strong><\/h3>\n<p data-start=\"689\" data-end=\"1011\">Inspiriert durch das PureJewels-Ethos von <em data-start=\"725\" data-end=\"747\">Fahrten feiern<\/em>, Dieses Schmuckst\u00fcck spiegelt die dauerhafte Sch\u00f6nheit des flie\u00dfenden Designs wider - anmutige Kurven symbolisieren Einheit, Bewegung und die pers\u00f6nliche Entwicklung der Tr\u00e4gerin. Das zarte Rot des Ros\u00e9golds ist eine Anspielung auf die romantische Moderne und verleiht jedem Look W\u00e4rme und subtile Raffinesse.<\/p>\n<h3 data-start=\"1018\" data-end=\"1041\"><strong data-start=\"1022\" data-end=\"1039\">Handwerkliches K\u00f6nnen<\/strong><\/h3>\n<p data-start=\"1042\" data-end=\"1481\">Dieser aus hochwertigem 22-kar\u00e4tigem Gold handgefertigte und mit einer luxuri\u00f6sen Ros\u00e9goldauflage versehene Armreif ist das Ergebnis der Erfahrung einer ganzen Generation. Jedes St\u00fcck wird vom London Assay Office gestempelt, um seine Reinheit und Authentizit\u00e4t zu gew\u00e4hrleisten. Die Armspange wurde f\u00fcr den t\u00e4glichen Gebrauch entworfen und bietet sowohl Eleganz als auch Komfort. Sie hat ein glattes, abgerundetes Innenprofil und passt in Gr\u00f6\u00dfe 2,6, ist aber auch als Ma\u00dfanfertigung f\u00fcr individuelle Handgelenke erh\u00e4ltlich.<\/p>\n<h3 data-start=\"1488\" data-end=\"1511\"><strong data-start=\"1492\" data-end=\"1509\">Styling-Ideen<\/strong><\/h3>\n<ul>\n<li data-start=\"1514\" data-end=\"1623\">Minimalistische Stimmung: Tragen Sie ihn solo mit einer Seidenbluse oder einem knackigen Leinenhemd f\u00fcr ein raffiniertes, m\u00fcheloses Statement.<\/li>\n<li data-start=\"1626\" data-end=\"1735\">Gestapelte Raffinesse: Kombinieren Sie sie mit schmalen Armreifen in komplement\u00e4ren Goldt\u00f6nen f\u00fcr einen eleganten, mehrschichtigen Look.<\/li>\n<li data-start=\"1738\" data-end=\"1844\">F\u00fcr jeden Anlass geeignet: Umrahmen Sie eine Statement-Uhr oder kombinieren Sie sie mit einem Diamantarmband f\u00fcr einen eleganten Abend.<\/li>\n<li data-start=\"1847\" data-end=\"1954\">Allt\u00e4gliche Eleganz: Erh\u00f6hen Sie Ihre Alltagskleidung - sei sie westlich oder traditionell - mit einem Hauch von vergoldetem Charme.<\/li>\n<\/ul>","protected":false},"excerpt":{"rendered":"<table style=\"border-collapse: collapse;width: 100%\">\n<tbody>\n<tr>\n<td style=\"width: 33%\">Art des Armreifs<\/td>\n<td style=\"width: 67%\">Daily Wear Armreif<\/td>\n<\/tr>\n<tr>\n<td style=\"width: 33%\">SKU<\/td>\n<td style=\"width: 67%\">45618<\/td>\n<\/tr>\n<tr>\n<td style=\"width: 33%\">Gewicht<\/td>\n<td style=\"width: 67%\">12,8 Gramm<\/td>\n<\/tr>\n<tr>\n<td style=\"width: 33%\">Metall<\/td>\n<td style=\"width: 67%\">22ct Gold<\/td>\n<\/tr>\n<tr>\n<td style=\"width: 33%\">Armreif Gr\u00f6\u00dfe<\/td>\n<td style=\"width: 67%\">2.6 (Kann auf Bestellung in allen Gr\u00f6\u00dfen hergestellt werden)<\/td>\n<\/tr>\n<tr>\n<td style=\"width: 33%\">Wahrzeichen<\/td>\n<td style=\"width: 67%\">22ct Gold gestempelt von London Assay Office<\/td>\n<\/tr>\n<tr>\n<td style=\"width: 33%\">Entgelte<\/td>\n<td style=\"width: 67%\">Lieferung und Mehrwertsteuer inbegriffen<\/td>\n<\/tr>\n<tr>\n<td style=\"width: 33%\">Verpackung<\/td>\n<td style=\"width: 67%\">Mit Pr\u00e4sentationsbox<\/td>\n<\/tr>\n<tr>\n<td style=\"width: 33%\">Mehr Informationen<\/td>\n<td style=\"width: 67%\">\n<ul>\n<li>Hinweis: Der hier angegebene Preis bezieht sich auf ein einzelnes Armreif-Armband.<\/li>\n<li>Live-Chat mit uns f\u00fcr Verf\u00fcgbarkeit und mehr Bilder<\/li>\n<li>Unsere Kollektion ansehen\u00a0<strong>gold armb\u00e4nder uk<\/strong><\/li>\n<\/ul>\n<\/td>\n<\/tr>\n<\/tbody>\n<\/table>","protected":false},"featured_media":351618,"comment_status":"closed","ping_status":"closed","template":"","meta":{"_eb_attr":"","_crsspst_to_jayantr4sg-hostcom":true},"product_brand":[],"product_cat":[5270,5370,1792,1233,1229,1573,1574],"product_tag":[1514],"class_list":{"0":"post-343015","1":"product","2":"type-product","3":"status-publish","4":"has-post-thumbnail","6":"product_cat-daily-wear-bangles","7":"product_cat-ethnic-jewellery","8":"product_cat-festival-gifts","9":"product_cat-gold-bangles","10":"product_cat-22ct-gold-jewellery","11":"product_cat-wedding-gifts","12":"product_cat-womens-jewellery","13":"product_tag-bangles","15":"first","16":"onbackorder","17":"taxable","18":"shipping-taxable","19":"product-type-simple","20":"add-to-wishlist-before_image"},"yoast_head":"<!-- This site is optimized with the Yoast SEO plugin v27.5 - https:\/\/yoast.com\/product\/yoast-seo-wordpress\/ -->\n<title>22ct Rose Gold Finish Gold Bangle| PureJewels UK<\/title>\n<meta name=\"description\" content=\"This exquisite 22ct rose gold finsih bangle features stunning craftsmanship and design. Buy Online for free UK delivery.\" \/>\n<meta name=\"robots\" content=\"index, follow, max-snippet:-1, max-image-preview:large, max-video-preview:-1\" \/>\n<link rel=\"canonical\" href=\"https:\/\/www.purejewels.com\/de\/produkt-2\/22ct-gold-damen-armreif-armband-2-2-grose-43918\/\" \/>\n<meta property=\"og:locale\" content=\"de_DE\" \/>\n<meta property=\"og:type\" content=\"article\" \/>\n<meta property=\"og:title\" content=\"22ct Rose Gold Finish Gold Bangle| PureJewels UK\" \/>\n<meta property=\"og:description\" content=\"This exquisite 22ct rose gold finsih bangle features stunning craftsmanship and design. Buy Online for free UK delivery.\" \/>\n<meta property=\"og:url\" content=\"https:\/\/www.purejewels.com\/de\/produkt-2\/22ct-gold-damen-armreif-armband-2-2-grose-43918\/\" \/>\n<meta property=\"og:site_name\" content=\"PureJewels UK\" \/>\n<meta property=\"article:modified_time\" content=\"2026-02-13T08:39:07+00:00\" \/>\n<meta property=\"og:image\" content=\"https:\/\/static.purejewels.com\/wp-content\/uploads\/2023\/01\/SKU-45618.png\" \/>\n\t<meta property=\"og:image:width\" content=\"1000\" \/>\n\t<meta property=\"og:image:height\" content=\"1000\" \/>\n\t<meta property=\"og:image:type\" content=\"image\/png\" \/>\n<meta name=\"twitter:card\" content=\"summary_large_image\" \/>\n<meta name=\"twitter:label1\" content=\"Gesch\u00e4tzte Lesezeit\" \/>\n\t<meta name=\"twitter:data1\" content=\"2\u00a0Minuten\" \/>\n<script type=\"application\/ld+json\" class=\"yoast-schema-graph\">{\"@context\":\"https:\\\/\\\/schema.org\",\"@graph\":[{\"@type\":[\"WebPage\",\"ItemPage\"],\"@id\":\"https:\\\/\\\/www.purejewels.com\\\/product\\\/22ct-gold-ladies-bangle-bracelet-2-2-size-43918\\\/\",\"url\":\"https:\\\/\\\/www.purejewels.com\\\/product\\\/22ct-gold-ladies-bangle-bracelet-2-2-size-43918\\\/\",\"name\":\"22ct Rose Gold Finish Gold Bangle| PureJewels UK\",\"isPartOf\":{\"@id\":\"https:\\\/\\\/www.purejewels.com\\\/#website\"},\"primaryImageOfPage\":{\"@id\":\"https:\\\/\\\/www.purejewels.com\\\/product\\\/22ct-gold-ladies-bangle-bracelet-2-2-size-43918\\\/#primaryimage\"},\"image\":{\"@id\":\"https:\\\/\\\/www.purejewels.com\\\/product\\\/22ct-gold-ladies-bangle-bracelet-2-2-size-43918\\\/#primaryimage\"},\"thumbnailUrl\":\"https:\\\/\\\/static.purejewels.com\\\/wp-content\\\/uploads\\\/2023\\\/01\\\/SKU-45618.png\",\"datePublished\":\"2025-08-30T09:53:58+00:00\",\"dateModified\":\"2026-02-13T08:39:07+00:00\",\"description\":\"This exquisite 22ct rose gold finsih bangle features stunning craftsmanship and design. Buy Online for free UK delivery.\",\"breadcrumb\":{\"@id\":\"https:\\\/\\\/www.purejewels.com\\\/product\\\/22ct-gold-ladies-bangle-bracelet-2-2-size-43918\\\/#breadcrumb\"},\"inLanguage\":\"de\",\"potentialAction\":[{\"@type\":\"ReadAction\",\"target\":[\"https:\\\/\\\/www.purejewels.com\\\/product\\\/22ct-gold-ladies-bangle-bracelet-2-2-size-43918\\\/\"]}]},{\"@type\":\"ImageObject\",\"inLanguage\":\"de\",\"@id\":\"https:\\\/\\\/www.purejewels.com\\\/product\\\/22ct-gold-ladies-bangle-bracelet-2-2-size-43918\\\/#primaryimage\",\"url\":\"https:\\\/\\\/static.purejewels.com\\\/wp-content\\\/uploads\\\/2023\\\/01\\\/SKU-45618.png\",\"contentUrl\":\"https:\\\/\\\/static.purejewels.com\\\/wp-content\\\/uploads\\\/2023\\\/01\\\/SKU-45618.png\",\"width\":1000,\"height\":1000,\"caption\":\"22ct Gold Bangle\"},{\"@type\":\"BreadcrumbList\",\"@id\":\"https:\\\/\\\/www.purejewels.com\\\/product\\\/22ct-gold-ladies-bangle-bracelet-2-2-size-43918\\\/#breadcrumb\",\"itemListElement\":[{\"@type\":\"ListItem\",\"position\":1,\"name\":\"Home\",\"item\":\"https:\\\/\\\/www.purejewels.com\\\/\"},{\"@type\":\"ListItem\",\"position\":2,\"name\":\"Shop\",\"item\":\"https:\\\/\\\/www.purejewels.com\\\/shop\\\/\"},{\"@type\":\"ListItem\",\"position\":3,\"name\":\"22ct Gold Bangle | Rose Gold Finish | 2.6 Size\"}]},{\"@type\":\"WebSite\",\"@id\":\"https:\\\/\\\/www.purejewels.com\\\/#website\",\"url\":\"https:\\\/\\\/www.purejewels.com\\\/\",\"name\":\"PureJewels UK\",\"description\":\"Share the Love\",\"publisher\":{\"@id\":\"https:\\\/\\\/www.purejewels.com\\\/#organization\"},\"potentialAction\":[{\"@type\":\"SearchAction\",\"target\":{\"@type\":\"EntryPoint\",\"urlTemplate\":\"https:\\\/\\\/www.purejewels.com\\\/?s={search_term_string}\"},\"query-input\":{\"@type\":\"PropertyValueSpecification\",\"valueRequired\":true,\"valueName\":\"search_term_string\"}}],\"inLanguage\":\"de\"},{\"@type\":\"Organization\",\"@id\":\"https:\\\/\\\/www.purejewels.com\\\/#organization\",\"name\":\"PureJewels UK\",\"url\":\"https:\\\/\\\/www.purejewels.com\\\/\",\"logo\":{\"@type\":\"ImageObject\",\"inLanguage\":\"de\",\"@id\":\"https:\\\/\\\/www.purejewels.com\\\/#\\\/schema\\\/logo\\\/image\\\/\",\"url\":\"https:\\\/\\\/static.purejewels.com\\\/wp-content\\\/uploads\\\/2020\\\/11\\\/Logo-PJ-New-1.png\",\"contentUrl\":\"https:\\\/\\\/static.purejewels.com\\\/wp-content\\\/uploads\\\/2020\\\/11\\\/Logo-PJ-New-1.png\",\"width\":150,\"height\":80,\"caption\":\"PureJewels UK\"},\"image\":{\"@id\":\"https:\\\/\\\/www.purejewels.com\\\/#\\\/schema\\\/logo\\\/image\\\/\"}}]}<\/script>\n<!-- \/ Yoast SEO plugin. -->","yoast_head_json":{"title":"22ct Rose Gold Finish Gold Armreif| PureJewels UK","description":"Dieser exquisite Armreif aus 22 Karat Ros\u00e9gold besticht durch seine handwerkliche Qualit\u00e4t und sein Design. Online kaufen f\u00fcr kostenlose Lieferung in Gro\u00dfbritannien.","robots":{"index":"index","follow":"follow","max-snippet":"max-snippet:-1","max-image-preview":"max-image-preview:large","max-video-preview":"max-video-preview:-1"},"canonical":"https:\/\/www.purejewels.com\/de\/produkt-2\/22ct-gold-damen-armreif-armband-2-2-grose-43918\/","og_locale":"de_DE","og_type":"article","og_title":"22ct Rose Gold Finish Gold Bangle| PureJewels UK","og_description":"This exquisite 22ct rose gold finsih bangle features stunning craftsmanship and design. Buy Online for free UK delivery.","og_url":"https:\/\/www.purejewels.com\/de\/produkt-2\/22ct-gold-damen-armreif-armband-2-2-grose-43918\/","og_site_name":"PureJewels UK","article_modified_time":"2026-02-13T08:39:07+00:00","og_image":[{"width":1000,"height":1000,"url":"https:\/\/static.purejewels.com\/wp-content\/uploads\/2023\/01\/SKU-45618.png","type":"image\/png"}],"twitter_card":"summary_large_image","twitter_misc":{"Gesch\u00e4tzte Lesezeit":"2\u00a0Minuten"},"schema":{"@context":"https:\/\/schema.org","@graph":[{"@type":["WebPage","ItemPage"],"@id":"https:\/\/www.purejewels.com\/product\/22ct-gold-ladies-bangle-bracelet-2-2-size-43918\/","url":"https:\/\/www.purejewels.com\/product\/22ct-gold-ladies-bangle-bracelet-2-2-size-43918\/","name":"22ct Rose Gold Finish Gold Armreif| PureJewels UK","isPartOf":{"@id":"https:\/\/www.purejewels.com\/#website"},"primaryImageOfPage":{"@id":"https:\/\/www.purejewels.com\/product\/22ct-gold-ladies-bangle-bracelet-2-2-size-43918\/#primaryimage"},"image":{"@id":"https:\/\/www.purejewels.com\/product\/22ct-gold-ladies-bangle-bracelet-2-2-size-43918\/#primaryimage"},"thumbnailUrl":"https:\/\/static.purejewels.com\/wp-content\/uploads\/2023\/01\/SKU-45618.png","datePublished":"2025-08-30T09:53:58+00:00","dateModified":"2026-02-13T08:39:07+00:00","description":"Dieser exquisite Armreif aus 22 Karat Ros\u00e9gold besticht durch seine handwerkliche Qualit\u00e4t und sein Design. Online kaufen f\u00fcr kostenlose Lieferung in Gro\u00dfbritannien.","breadcrumb":{"@id":"https:\/\/www.purejewels.com\/product\/22ct-gold-ladies-bangle-bracelet-2-2-size-43918\/#breadcrumb"},"inLanguage":"de","potentialAction":[{"@type":"ReadAction","target":["https:\/\/www.purejewels.com\/product\/22ct-gold-ladies-bangle-bracelet-2-2-size-43918\/"]}]},{"@type":"ImageObject","inLanguage":"de","@id":"https:\/\/www.purejewels.com\/product\/22ct-gold-ladies-bangle-bracelet-2-2-size-43918\/#primaryimage","url":"https:\/\/static.purejewels.com\/wp-content\/uploads\/2023\/01\/SKU-45618.png","contentUrl":"https:\/\/static.purejewels.com\/wp-content\/uploads\/2023\/01\/SKU-45618.png","width":1000,"height":1000,"caption":"22ct Gold Bangle"},{"@type":"BreadcrumbList","@id":"https:\/\/www.purejewels.com\/product\/22ct-gold-ladies-bangle-bracelet-2-2-size-43918\/#breadcrumb","itemListElement":[{"@type":"ListItem","position":1,"name":"Home","item":"https:\/\/www.purejewels.com\/"},{"@type":"ListItem","position":2,"name":"Shop","item":"https:\/\/www.purejewels.com\/shop\/"},{"@type":"ListItem","position":3,"name":"22ct Gold Bangle | Rose Gold Finish | 2.6 Size"}]},{"@type":"WebSite","@id":"https:\/\/www.purejewels.com\/#website","url":"https:\/\/www.purejewels.com\/","name":"PureJewels UK","description":"Teile die Liebe","publisher":{"@id":"https:\/\/www.purejewels.com\/#organization"},"potentialAction":[{"@type":"SearchAction","target":{"@type":"EntryPoint","urlTemplate":"https:\/\/www.purejewels.com\/?s={search_term_string}"},"query-input":{"@type":"PropertyValueSpecification","valueRequired":true,"valueName":"search_term_string"}}],"inLanguage":"de"},{"@type":"Organization","@id":"https:\/\/www.purejewels.com\/#organization","name":"PureJewels UK","url":"https:\/\/www.purejewels.com\/","logo":{"@type":"ImageObject","inLanguage":"de","@id":"https:\/\/www.purejewels.com\/#\/schema\/logo\/image\/","url":"https:\/\/static.purejewels.com\/wp-content\/uploads\/2020\/11\/Logo-PJ-New-1.png","contentUrl":"https:\/\/static.purejewels.com\/wp-content\/uploads\/2020\/11\/Logo-PJ-New-1.png","width":150,"height":80,"caption":"PureJewels UK"},"image":{"@id":"https:\/\/www.purejewels.com\/#\/schema\/logo\/image\/"}}]}},"_links":{"self":[{"href":"https:\/\/www.purejewels.com\/de\/wp-json\/wp\/v2\/product\/343015","targetHints":{"allow":["GET"]}}],"collection":[{"href":"https:\/\/www.purejewels.com\/de\/wp-json\/wp\/v2\/product"}],"about":[{"href":"https:\/\/www.purejewels.com\/de\/wp-json\/wp\/v2\/types\/product"}],"replies":[{"embeddable":true,"href":"https:\/\/www.purejewels.com\/de\/wp-json\/wp\/v2\/comments?post=343015"}],"version-history":[{"count":3,"href":"https:\/\/www.purejewels.com\/de\/wp-json\/wp\/v2\/product\/343015\/revisions"}],"predecessor-version":[{"id":424136,"href":"https:\/\/www.purejewels.com\/de\/wp-json\/wp\/v2\/product\/343015\/revisions\/424136"}],"wp:featuredmedia":[{"embeddable":true,"href":"https:\/\/www.purejewels.com\/de\/wp-json\/wp\/v2\/media\/351618"}],"wp:attachment":[{"href":"https:\/\/www.purejewels.com\/de\/wp-json\/wp\/v2\/media?parent=343015"}],"wp:term":[{"taxonomy":"product_brand","embeddable":true,"href":"https:\/\/www.purejewels.com\/de\/wp-json\/wp\/v2\/product_brand?post=343015"},{"taxonomy":"product_cat","embeddable":true,"href":"https:\/\/www.purejewels.com\/de\/wp-json\/wp\/v2\/product_cat?post=343015"},{"taxonomy":"product_tag","embeddable":true,"href":"https:\/\/www.purejewels.com\/de\/wp-json\/wp\/v2\/product_tag?post=343015"}],"curies":[{"name":"wp","href":"https:\/\/api.w.org\/{rel}","templated":true}]}}