{"id":343288,"date":"2024-12-07T07:51:28","date_gmt":"2024-12-07T07:51:28","guid":{"rendered":"https:\/\/www.purejewels.com\/?post_type=product&#038;p=343288"},"modified":"2025-11-05T10:57:07","modified_gmt":"2025-11-05T10:57:07","slug":"22ct-gold-perlenohrstecker-fur-damen-3-5mm-42375","status":"publish","type":"product","link":"https:\/\/www.purejewels.com\/de\/product\/22ct-gold-pearl-stud-earring-for-ladies-3-5mm-42375\/","title":{"rendered":"22ct Gold Perlenohrstecker f\u00fcr Damen"},"content":{"rendered":"<p>Das Einzige, was besser ist als goldene Ohrstecker, sind Perlenstecker <a href=\"https:\/\/www.purejewels.com\/de\/product-category\/22ct-gold-jewellery\/gold-earrings\/\">Ohrringe<\/a> in Gold. Wir lieben Perlen und Gold. Wir lieben die vielseitige \u00c4sthetik, die sie bieten, und wir lieben den Glamour einer goldenen Perle <a href=\"https:\/\/www.purejewels.com\/de\/product\/22ct-gold-ladies-stud-earring-with-rhodium-finish-46497\/\">Ohrring<\/a>.<\/p>\n<p>Unsere Perle <a href=\"https:\/\/www.purejewels.com\/de\/product-category\/22ct-gold-jewellery\/gold-earrings\/stud-earrings\/\">Ohrstecker<\/a> in Gold sind aus 22-kar\u00e4tigem Gold gefertigt. Das 22-kar\u00e4tige Gold hat einen ganz eigenen Glanz, der an die warmen Farbt\u00f6ne des Herbstes erinnert. Wenn Sie mit Ohrsteckern aus 22-kar\u00e4tigem Gold lieb\u00e4ugeln, werden Sie von unserer Kollektion begeistert sein. Unsere Kollektion besteht aus Diamant-Ohrsteckern, Perlen-Ohrsteckern in Gold, schlichten Gold-Ohrsteckern und vielem mehr. Wenn Sie Ihre Perlenohrstecker in Gold oder Ihre goldenen Perlenohrringe mit Tropfen kombinieren m\u00f6chten, haben wir goldene Halsketten und <a href=\"https:\/\/www.purejewels.com\/de\/product-category\/22ct-gold-jewellery\/gold-rings\/\">Ringe<\/a> die zu ihnen passen.<\/p>\n<p><span data-sheets-root=\"1\">Diese exquisiten Perlenohrstecker aus 22 Karat Gold sind das perfekte Accessoire f\u00fcr jede Dame, die ihrem Outfit einen Hauch von Eleganz verleihen m\u00f6chte. Das Design mit 6 Zacken h\u00e4lt eine wundersch\u00f6ne 5 mm gro\u00dfe S\u00fc\u00dfwasserperle sicher fest und verleiht jedem Look einen Hauch von Raffinesse. Die leichten Ohrstecker wiegen nur 2,1 Gramm und sind daher den ganzen Tag \u00fcber bequem zu tragen.<\/p>\n<p>Diese goldenen Perlenohrstecker sind in einer Pr\u00e4sentationsbox verpackt und eignen sich auch hervorragend als Geschenk f\u00fcr einen lieben Menschen. Verpassen Sie es nicht, Ihre Schmucksammlung um diese atemberaubenden Ohrringe zu erweitern.<\/span><\/p>","protected":false},"excerpt":{"rendered":"<div class=\"woocommerce-product-details__short-description\">\n<table class=\"sh_desc\" style=\"width: 100%; height: 252px;\">\n<tbody>\n<tr style=\"height: 28px;\">\n<td style=\"height: 28px;\">Art des Ohrrings<\/td>\n<td style=\"height: 28px;\">6 Zacken-Perlenohrstecker, 5mm<\/td>\n<\/tr>\n<tr style=\"height: 28px;\">\n<td style=\"height: 28px;\">SKU<\/td>\n<td style=\"height: 28px;\">48226, 48320<\/td>\n<\/tr>\n<tr style=\"height: 28px;\">\n<td style=\"height: 28px;\">Gewicht<\/td>\n<td style=\"height: 28px;\">2.1 Gms<\/td>\n<\/tr>\n<tr style=\"height: 28px;\">\n<td style=\"height: 28px;\">Stein<\/td>\n<td style=\"height: 28px;\">S\u00fc\u00dfwasserperle (0,3 Gramm, 5 mm)<\/td>\n<\/tr>\n<tr style=\"height: 28px;\">\n<td style=\"height: 28px;\">Metall<\/td>\n<td style=\"height: 28px;\">22ct Gold<\/td>\n<\/tr>\n<tr style=\"height: 28px;\">\n<td style=\"height: 28px;\">Geschlecht<\/td>\n<td style=\"height: 28px;\">Damen<\/td>\n<\/tr>\n<tr style=\"height: 28px;\">\n<td style=\"height: 28px;\">Entgelte<\/td>\n<td style=\"height: 28px;\">Lieferung und Mehrwertsteuer inbegriffen<\/td>\n<\/tr>\n<tr style=\"height: 28px;\">\n<td style=\"height: 28px;\">Verpackung<\/td>\n<td style=\"height: 28px;\">Mit einer Pr\u00e4sentationsbox<\/td>\n<\/tr>\n<tr style=\"height: 28px;\">\n<td style=\"height: 28px;\">Mehr Informationen<\/td>\n<td style=\"height: 28px;\">\n<ul>\n<li>Live-Chat mit uns f\u00fcr die Verf\u00fcgbarkeit und mehr Bilder f\u00fcr <strong>Perlenschmuck<\/strong><\/li>\n<li>Entdecken Sie unsere Sammlung von\u00a0<strong>Baby-Ohrring<\/strong><\/li>\n<li>Passend kaufen <strong>Perlentropfen<\/strong><\/li>\n<\/ul>\n<\/td>\n<\/tr>\n<\/tbody>\n<\/table>\n<\/div>\n<div class=\"btn-atc atc-slide\"><\/div>\n<div class=\"product_meta\"><\/div>","protected":false},"featured_media":357819,"comment_status":"closed","ping_status":"closed","template":"","meta":{"_eb_attr":"","_crsspst_to_jayantr4sg-hostcom":false},"product_brand":[],"product_cat":[1791,1559,1794,1254,5343,5599,5456,1577,1575,1569,1573,1574,5349],"product_tag":[66],"class_list":{"0":"post-343288","1":"product","2":"type-product","3":"status-publish","4":"has-post-thumbnail","6":"product_cat-anniversary-gifts","7":"product_cat-birthday-gifts","8":"product_cat-christmas-gifts","9":"product_cat-gold-earrings","10":"product_cat-jewellery-under-550","11":"product_cat-baby-earring","12":"product_cat-pearl-collection","13":"product_cat-stud-earrings","14":"product_cat-teenage-jewellery","15":"product_cat-valentine-day-gifts","16":"product_cat-wedding-gifts","17":"product_cat-womens-jewellery","18":"product_cat-yellow-gold-jewellery","19":"product_tag-earrings","21":"first","22":"outofstock","23":"taxable","24":"shipping-taxable","25":"product-type-simple","26":"add-to-wishlist-before_image"},"yoast_head":"<!-- This site is optimized with the Yoast SEO plugin v27.5 - https:\/\/yoast.com\/product\/yoast-seo-wordpress\/ -->\n<title>22ct Gold Pearl Stud Earring for Ladies | PureJewels UK<\/title>\n<meta name=\"description\" content=\"Buy online Pearl Stud Earring in Gold for Ladies&#039; daily wear | crafted from 22ct yellow gold. Buy these Pearl Studs online today!\" \/>\n<meta name=\"robots\" content=\"index, follow, max-snippet:-1, max-image-preview:large, max-video-preview:-1\" \/>\n<link rel=\"canonical\" href=\"https:\/\/www.purejewels.com\/de\/produkt-2\/22ct-gold-perlenohrstecker-fur-damen-3-5mm-42375\/\" \/>\n<meta property=\"og:locale\" content=\"de_DE\" \/>\n<meta property=\"og:type\" content=\"article\" \/>\n<meta property=\"og:title\" content=\"22ct Gold Pearl Stud Earring for Ladies | PureJewels UK\" \/>\n<meta property=\"og:description\" content=\"Buy online Pearl Stud Earring in Gold for Ladies&#039; daily wear | crafted from 22ct yellow gold. Buy these Pearl Studs online today!\" \/>\n<meta property=\"og:url\" content=\"https:\/\/www.purejewels.com\/de\/produkt-2\/22ct-gold-perlenohrstecker-fur-damen-3-5mm-42375\/\" \/>\n<meta property=\"og:site_name\" content=\"PureJewels UK\" \/>\n<meta property=\"article:modified_time\" content=\"2025-11-05T10:57:07+00:00\" \/>\n<meta property=\"og:image\" content=\"https:\/\/www.purejewels.com\/wp-content\/uploads\/2023\/12\/42375-1.png\" \/>\n\t<meta property=\"og:image:width\" content=\"1000\" \/>\n\t<meta property=\"og:image:height\" content=\"1000\" \/>\n\t<meta property=\"og:image:type\" content=\"image\/png\" \/>\n<meta name=\"twitter:card\" content=\"summary_large_image\" \/>\n<meta name=\"twitter:label1\" content=\"Gesch\u00e4tzte Lesezeit\" \/>\n\t<meta name=\"twitter:data1\" content=\"2\u00a0Minuten\" \/>\n<script type=\"application\/ld+json\" class=\"yoast-schema-graph\">{\"@context\":\"https:\\\/\\\/schema.org\",\"@graph\":[{\"@type\":[\"WebPage\",\"ItemPage\"],\"@id\":\"https:\\\/\\\/www.purejewels.com\\\/product\\\/22ct-gold-pearl-stud-earring-for-ladies-3-5mm-42375\\\/\",\"url\":\"https:\\\/\\\/www.purejewels.com\\\/product\\\/22ct-gold-pearl-stud-earring-for-ladies-3-5mm-42375\\\/\",\"name\":\"22ct Gold Pearl Stud Earring for Ladies | PureJewels UK\",\"isPartOf\":{\"@id\":\"https:\\\/\\\/www.purejewels.com\\\/#website\"},\"primaryImageOfPage\":{\"@id\":\"https:\\\/\\\/www.purejewels.com\\\/product\\\/22ct-gold-pearl-stud-earring-for-ladies-3-5mm-42375\\\/#primaryimage\"},\"image\":{\"@id\":\"https:\\\/\\\/www.purejewels.com\\\/product\\\/22ct-gold-pearl-stud-earring-for-ladies-3-5mm-42375\\\/#primaryimage\"},\"thumbnailUrl\":\"https:\\\/\\\/static.purejewels.com\\\/wp-content\\\/uploads\\\/2023\\\/12\\\/42375-1.png\",\"datePublished\":\"2024-12-07T07:51:28+00:00\",\"dateModified\":\"2025-11-05T10:57:07+00:00\",\"description\":\"Buy online Pearl Stud Earring in Gold for Ladies' daily wear | crafted from 22ct yellow gold. Buy these Pearl Studs online today!\",\"breadcrumb\":{\"@id\":\"https:\\\/\\\/www.purejewels.com\\\/product\\\/22ct-gold-pearl-stud-earring-for-ladies-3-5mm-42375\\\/#breadcrumb\"},\"inLanguage\":\"de\",\"potentialAction\":[{\"@type\":\"ReadAction\",\"target\":[\"https:\\\/\\\/www.purejewels.com\\\/product\\\/22ct-gold-pearl-stud-earring-for-ladies-3-5mm-42375\\\/\"]}]},{\"@type\":\"ImageObject\",\"inLanguage\":\"de\",\"@id\":\"https:\\\/\\\/www.purejewels.com\\\/product\\\/22ct-gold-pearl-stud-earring-for-ladies-3-5mm-42375\\\/#primaryimage\",\"url\":\"https:\\\/\\\/static.purejewels.com\\\/wp-content\\\/uploads\\\/2023\\\/12\\\/42375-1.png\",\"contentUrl\":\"https:\\\/\\\/static.purejewels.com\\\/wp-content\\\/uploads\\\/2023\\\/12\\\/42375-1.png\",\"width\":1000,\"height\":1000},{\"@type\":\"BreadcrumbList\",\"@id\":\"https:\\\/\\\/www.purejewels.com\\\/product\\\/22ct-gold-pearl-stud-earring-for-ladies-3-5mm-42375\\\/#breadcrumb\",\"itemListElement\":[{\"@type\":\"ListItem\",\"position\":1,\"name\":\"Home\",\"item\":\"https:\\\/\\\/www.purejewels.com\\\/\"},{\"@type\":\"ListItem\",\"position\":2,\"name\":\"Shop\",\"item\":\"https:\\\/\\\/www.purejewels.com\\\/shop\\\/\"},{\"@type\":\"ListItem\",\"position\":3,\"name\":\"22ct Gold Pearl Stud Earring for Ladies\"}]},{\"@type\":\"WebSite\",\"@id\":\"https:\\\/\\\/www.purejewels.com\\\/#website\",\"url\":\"https:\\\/\\\/www.purejewels.com\\\/\",\"name\":\"PureJewels UK\",\"description\":\"Share the Love\",\"publisher\":{\"@id\":\"https:\\\/\\\/www.purejewels.com\\\/#organization\"},\"potentialAction\":[{\"@type\":\"SearchAction\",\"target\":{\"@type\":\"EntryPoint\",\"urlTemplate\":\"https:\\\/\\\/www.purejewels.com\\\/?s={search_term_string}\"},\"query-input\":{\"@type\":\"PropertyValueSpecification\",\"valueRequired\":true,\"valueName\":\"search_term_string\"}}],\"inLanguage\":\"de\"},{\"@type\":\"Organization\",\"@id\":\"https:\\\/\\\/www.purejewels.com\\\/#organization\",\"name\":\"PureJewels UK\",\"url\":\"https:\\\/\\\/www.purejewels.com\\\/\",\"logo\":{\"@type\":\"ImageObject\",\"inLanguage\":\"de\",\"@id\":\"https:\\\/\\\/www.purejewels.com\\\/#\\\/schema\\\/logo\\\/image\\\/\",\"url\":\"https:\\\/\\\/static.purejewels.com\\\/wp-content\\\/uploads\\\/2020\\\/11\\\/Logo-PJ-New-1.png\",\"contentUrl\":\"https:\\\/\\\/static.purejewels.com\\\/wp-content\\\/uploads\\\/2020\\\/11\\\/Logo-PJ-New-1.png\",\"width\":150,\"height\":80,\"caption\":\"PureJewels UK\"},\"image\":{\"@id\":\"https:\\\/\\\/www.purejewels.com\\\/#\\\/schema\\\/logo\\\/image\\\/\"}}]}<\/script>\n<!-- \/ Yoast SEO plugin. -->","yoast_head_json":{"title":"22ct Gold Perlen Ohrstecker f\u00fcr Damen | PureJewels UK","description":"Kaufen Sie online Perlenohrstecker in Gold f\u00fcr das t\u00e4gliche Tragen von Damen, hergestellt aus 22 Karat Gelbgold. Kaufen Sie diese Perlenohrstecker noch heute online!","robots":{"index":"index","follow":"follow","max-snippet":"max-snippet:-1","max-image-preview":"max-image-preview:large","max-video-preview":"max-video-preview:-1"},"canonical":"https:\/\/www.purejewels.com\/de\/produkt-2\/22ct-gold-perlenohrstecker-fur-damen-3-5mm-42375\/","og_locale":"de_DE","og_type":"article","og_title":"22ct Gold Pearl Stud Earring for Ladies | PureJewels UK","og_description":"Buy online Pearl Stud Earring in Gold for Ladies' daily wear | crafted from 22ct yellow gold. Buy these Pearl Studs online today!","og_url":"https:\/\/www.purejewels.com\/de\/produkt-2\/22ct-gold-perlenohrstecker-fur-damen-3-5mm-42375\/","og_site_name":"PureJewels UK","article_modified_time":"2025-11-05T10:57:07+00:00","og_image":[{"width":1000,"height":1000,"url":"https:\/\/www.purejewels.com\/wp-content\/uploads\/2023\/12\/42375-1.png","type":"image\/png"}],"twitter_card":"summary_large_image","twitter_misc":{"Gesch\u00e4tzte Lesezeit":"2\u00a0Minuten"},"schema":{"@context":"https:\/\/schema.org","@graph":[{"@type":["WebPage","ItemPage"],"@id":"https:\/\/www.purejewels.com\/product\/22ct-gold-pearl-stud-earring-for-ladies-3-5mm-42375\/","url":"https:\/\/www.purejewels.com\/product\/22ct-gold-pearl-stud-earring-for-ladies-3-5mm-42375\/","name":"22ct Gold Perlen Ohrstecker f\u00fcr Damen | PureJewels UK","isPartOf":{"@id":"https:\/\/www.purejewels.com\/#website"},"primaryImageOfPage":{"@id":"https:\/\/www.purejewels.com\/product\/22ct-gold-pearl-stud-earring-for-ladies-3-5mm-42375\/#primaryimage"},"image":{"@id":"https:\/\/www.purejewels.com\/product\/22ct-gold-pearl-stud-earring-for-ladies-3-5mm-42375\/#primaryimage"},"thumbnailUrl":"https:\/\/static.purejewels.com\/wp-content\/uploads\/2023\/12\/42375-1.png","datePublished":"2024-12-07T07:51:28+00:00","dateModified":"2025-11-05T10:57:07+00:00","description":"Kaufen Sie online Perlenohrstecker in Gold f\u00fcr das t\u00e4gliche Tragen von Damen, hergestellt aus 22 Karat Gelbgold. Kaufen Sie diese Perlenohrstecker noch heute online!","breadcrumb":{"@id":"https:\/\/www.purejewels.com\/product\/22ct-gold-pearl-stud-earring-for-ladies-3-5mm-42375\/#breadcrumb"},"inLanguage":"de","potentialAction":[{"@type":"ReadAction","target":["https:\/\/www.purejewels.com\/product\/22ct-gold-pearl-stud-earring-for-ladies-3-5mm-42375\/"]}]},{"@type":"ImageObject","inLanguage":"de","@id":"https:\/\/www.purejewels.com\/product\/22ct-gold-pearl-stud-earring-for-ladies-3-5mm-42375\/#primaryimage","url":"https:\/\/static.purejewels.com\/wp-content\/uploads\/2023\/12\/42375-1.png","contentUrl":"https:\/\/static.purejewels.com\/wp-content\/uploads\/2023\/12\/42375-1.png","width":1000,"height":1000},{"@type":"BreadcrumbList","@id":"https:\/\/www.purejewels.com\/product\/22ct-gold-pearl-stud-earring-for-ladies-3-5mm-42375\/#breadcrumb","itemListElement":[{"@type":"ListItem","position":1,"name":"Home","item":"https:\/\/www.purejewels.com\/"},{"@type":"ListItem","position":2,"name":"Shop","item":"https:\/\/www.purejewels.com\/shop\/"},{"@type":"ListItem","position":3,"name":"22ct Gold Pearl Stud Earring for Ladies"}]},{"@type":"WebSite","@id":"https:\/\/www.purejewels.com\/#website","url":"https:\/\/www.purejewels.com\/","name":"PureJewels UK","description":"Teile die Liebe","publisher":{"@id":"https:\/\/www.purejewels.com\/#organization"},"potentialAction":[{"@type":"SearchAction","target":{"@type":"EntryPoint","urlTemplate":"https:\/\/www.purejewels.com\/?s={search_term_string}"},"query-input":{"@type":"PropertyValueSpecification","valueRequired":true,"valueName":"search_term_string"}}],"inLanguage":"de"},{"@type":"Organization","@id":"https:\/\/www.purejewels.com\/#organization","name":"PureJewels UK","url":"https:\/\/www.purejewels.com\/","logo":{"@type":"ImageObject","inLanguage":"de","@id":"https:\/\/www.purejewels.com\/#\/schema\/logo\/image\/","url":"https:\/\/static.purejewels.com\/wp-content\/uploads\/2020\/11\/Logo-PJ-New-1.png","contentUrl":"https:\/\/static.purejewels.com\/wp-content\/uploads\/2020\/11\/Logo-PJ-New-1.png","width":150,"height":80,"caption":"PureJewels UK"},"image":{"@id":"https:\/\/www.purejewels.com\/#\/schema\/logo\/image\/"}}]}},"_links":{"self":[{"href":"https:\/\/www.purejewels.com\/de\/wp-json\/wp\/v2\/product\/343288","targetHints":{"allow":["GET"]}}],"collection":[{"href":"https:\/\/www.purejewels.com\/de\/wp-json\/wp\/v2\/product"}],"about":[{"href":"https:\/\/www.purejewels.com\/de\/wp-json\/wp\/v2\/types\/product"}],"replies":[{"embeddable":true,"href":"https:\/\/www.purejewels.com\/de\/wp-json\/wp\/v2\/comments?post=343288"}],"version-history":[{"count":4,"href":"https:\/\/www.purejewels.com\/de\/wp-json\/wp\/v2\/product\/343288\/revisions"}],"predecessor-version":[{"id":420221,"href":"https:\/\/www.purejewels.com\/de\/wp-json\/wp\/v2\/product\/343288\/revisions\/420221"}],"wp:featuredmedia":[{"embeddable":true,"href":"https:\/\/www.purejewels.com\/de\/wp-json\/wp\/v2\/media\/357819"}],"wp:attachment":[{"href":"https:\/\/www.purejewels.com\/de\/wp-json\/wp\/v2\/media?parent=343288"}],"wp:term":[{"taxonomy":"product_brand","embeddable":true,"href":"https:\/\/www.purejewels.com\/de\/wp-json\/wp\/v2\/product_brand?post=343288"},{"taxonomy":"product_cat","embeddable":true,"href":"https:\/\/www.purejewels.com\/de\/wp-json\/wp\/v2\/product_cat?post=343288"},{"taxonomy":"product_tag","embeddable":true,"href":"https:\/\/www.purejewels.com\/de\/wp-json\/wp\/v2\/product_tag?post=343288"}],"curies":[{"name":"wp","href":"https:\/\/api.w.org\/{rel}","templated":true}]}}