{"id":343326,"date":"2024-06-04T10:01:33","date_gmt":"2024-06-04T09:01:33","guid":{"rendered":"https:\/\/www.purejewels.com\/?post_type=product&#038;p=343326"},"modified":"2025-12-31T05:44:29","modified_gmt":"2025-12-31T05:44:29","slug":"22-kt-gold-geformter-cz-ohrstecker-46921","status":"publish","type":"product","link":"https:\/\/www.purejewels.com\/de\/product\/22ct-gold-shaped-cz-stud-earring-46921\/","title":{"rendered":"22 Karat Gold-Ohrstecker mit rundem Zirkonia"},"content":{"rendered":"<p><strong>Entwurf:<\/strong><br \/>\nEin klassisches Design f\u00fcr runde Ohrstecker, zart besetzt mit funkelnden Zirkoniasteinen, die in einem Cluster-Muster angeordnet sind. Die hochglanzpolierte 22-Karat-Goldbasis verf\u00fcgt \u00fcber geschnitzte Details an den R\u00e4ndern, die die Brillanz jedes Steins unterstreichen.<\/p>\n<p><strong>Handwerkliches K\u00f6nnen:<\/strong><br \/>\nDiese Ohrringe wurden mit Pr\u00e4zision handgefertigt und zeugen von feiner Goldschmiedekunst \u2013 hervorgehoben durch saubere Fassungen, sichere Schraubverschl\u00fcsse und symmetrische Steinausrichtung. Die Verwendung von CZ sorgt f\u00fcr einen diamant\u00e4hnlichen Glanz, ohne die Erschwinglichkeit zu beeintr\u00e4chtigen.<\/p>\n<p><strong>Stil:<\/strong><br \/>\nDiese Ohrringe sind perfekt f\u00fcr den Alltag oder minimalistische Anl\u00e4sse und verbinden Schlichtheit mit Glanz. Ideal f\u00fcr Berufst\u00e4tige, junge Erwachsene oder als erstes Paar Goldohrringe. Auch eine vielseitige Wahl als Geschenk \u2013 geeignet f\u00fcr Geburtstage, Meilensteine oder festliche Anl\u00e4sse.<\/p>","protected":false},"excerpt":{"rendered":"<p>Diese Ohrstecker aus 22 Karat Gold sind mit funkelnden Zirkoniasteinen in einer Cluster-Fassung versehen und verleihen Ihrem Alltagslook eine dezente, aber raffinierte Note.<\/p>\n<div class=\"woocommerce-product-details__short-description\">\n<table class=\"sh_desc\">\n<tbody>\n<tr>\n<td>Art des Ohrrings<\/td>\n<td>Ohrstecker<\/td>\n<\/tr>\n<tr>\n<td>SKU<\/td>\n<td>46924, 46921<\/td>\n<\/tr>\n<tr>\n<td>Gewicht<\/td>\n<td>1 Gm<\/td>\n<\/tr>\n<tr>\n<td>Stein<\/td>\n<td>CZ<\/td>\n<\/tr>\n<tr>\n<td>Metall<\/td>\n<td>22ct Gold<\/td>\n<\/tr>\n<tr>\n<td>Geschlecht<\/td>\n<td>Damen<\/td>\n<\/tr>\n<tr>\n<td>Entgelte<\/td>\n<td>Lieferung und Mehrwertsteuer inbegriffen<\/td>\n<\/tr>\n<tr>\n<td>Verpackung<\/td>\n<td>Mit Pr\u00e4sentationsbox<\/td>\n<\/tr>\n<tr>\n<td>Mehr Informationen<\/td>\n<td>Live-Chat mit uns f\u00fcr die Verf\u00fcgbarkeit und mehr Bilder von Valentinstag Geschenke<\/td>\n<\/tr>\n<\/tbody>\n<\/table>\n<\/div>\n<div class=\"btn-atc atc-slide\"><\/div>\n<div class=\"product_meta\"><\/div>","protected":false},"featured_media":359159,"comment_status":"closed","ping_status":"closed","template":"","meta":{"_eb_attr":"","_crsspst_to_jayantr4sg-hostcom":true},"product_brand":[],"product_cat":[5682,1559,1793,1792,1790,1254,5342,5338,1577,1575,1574,5349],"product_tag":[66],"class_list":{"0":"post-343326","1":"product","2":"type-product","3":"status-publish","4":"has-post-thumbnail","6":"product_cat-22ct-gold-multi-cz-earrring","7":"product_cat-birthday-gifts","8":"product_cat-diwali-gifts","9":"product_cat-festival-gifts","10":"product_cat-for-whom-when","11":"product_cat-gold-earrings","12":"product_cat-jewellery-under-250","13":"product_cat-shop-by-price","14":"product_cat-stud-earrings","15":"product_cat-teenage-jewellery","16":"product_cat-womens-jewellery","17":"product_cat-yellow-gold-jewellery","18":"product_tag-earrings","20":"first","21":"outofstock","22":"sale","23":"taxable","24":"shipping-taxable","25":"product-type-simple","26":"add-to-wishlist-before_image"},"yoast_head":"<!-- This site is optimized with the Yoast SEO plugin v27.6 - https:\/\/yoast.com\/product\/yoast-seo-wordpress\/ -->\n<title>22ct Gold CZ Stud Earrings | Elegant Gold Earrings | PureJewels<\/title>\n<meta name=\"description\" content=\"Shop 22ct gold stud earrings with brilliant CZ stones. Perfect for everyday elegance or as a thoughtful gift. Lightweight, radiant, and timeless.\" \/>\n<meta name=\"robots\" content=\"index, follow, max-snippet:-1, max-image-preview:large, max-video-preview:-1\" \/>\n<link rel=\"canonical\" href=\"https:\/\/www.purejewels.com\/de\/produkt-2\/22-kt-gold-geformter-cz-ohrstecker-46921\/\" \/>\n<meta property=\"og:locale\" content=\"de_DE\" \/>\n<meta property=\"og:type\" content=\"article\" \/>\n<meta property=\"og:title\" content=\"22ct Gold CZ Stud Earrings | Elegant Gold Earrings | PureJewels\" \/>\n<meta property=\"og:description\" content=\"Shop 22ct gold stud earrings with brilliant CZ stones. Perfect for everyday elegance or as a thoughtful gift. Lightweight, radiant, and timeless.\" \/>\n<meta property=\"og:url\" content=\"https:\/\/www.purejewels.com\/de\/produkt-2\/22-kt-gold-geformter-cz-ohrstecker-46921\/\" \/>\n<meta property=\"og:site_name\" content=\"PureJewels UK\" \/>\n<meta property=\"article:modified_time\" content=\"2025-12-31T05:44:29+00:00\" \/>\n<meta property=\"og:image\" content=\"https:\/\/static.purejewels.com\/wp-content\/uploads\/2023\/01\/46924-1.png\" \/>\n\t<meta property=\"og:image:width\" content=\"1000\" \/>\n\t<meta property=\"og:image:height\" content=\"1000\" \/>\n\t<meta property=\"og:image:type\" content=\"image\/png\" \/>\n<meta name=\"twitter:card\" content=\"summary_large_image\" \/>\n<meta name=\"twitter:label1\" content=\"Gesch\u00e4tzte Lesezeit\" \/>\n\t<meta name=\"twitter:data1\" content=\"1\u00a0Minute\" \/>\n<script type=\"application\/ld+json\" class=\"yoast-schema-graph\">{\"@context\":\"https:\\\/\\\/schema.org\",\"@graph\":[{\"@type\":[\"WebPage\",\"ItemPage\"],\"@id\":\"https:\\\/\\\/www.purejewels.com\\\/product\\\/22ct-gold-shaped-cz-stud-earring-46921\\\/\",\"url\":\"https:\\\/\\\/www.purejewels.com\\\/product\\\/22ct-gold-shaped-cz-stud-earring-46921\\\/\",\"name\":\"22ct Gold CZ Stud Earrings | Elegant Gold Earrings | PureJewels\",\"isPartOf\":{\"@id\":\"https:\\\/\\\/www.purejewels.com\\\/#website\"},\"primaryImageOfPage\":{\"@id\":\"https:\\\/\\\/www.purejewels.com\\\/product\\\/22ct-gold-shaped-cz-stud-earring-46921\\\/#primaryimage\"},\"image\":{\"@id\":\"https:\\\/\\\/www.purejewels.com\\\/product\\\/22ct-gold-shaped-cz-stud-earring-46921\\\/#primaryimage\"},\"thumbnailUrl\":\"https:\\\/\\\/static.purejewels.com\\\/wp-content\\\/uploads\\\/2023\\\/01\\\/46924-1.png\",\"datePublished\":\"2024-06-04T09:01:33+00:00\",\"dateModified\":\"2025-12-31T05:44:29+00:00\",\"description\":\"Shop 22ct gold stud earrings with brilliant CZ stones. Perfect for everyday elegance or as a thoughtful gift. Lightweight, radiant, and timeless.\",\"breadcrumb\":{\"@id\":\"https:\\\/\\\/www.purejewels.com\\\/product\\\/22ct-gold-shaped-cz-stud-earring-46921\\\/#breadcrumb\"},\"inLanguage\":\"de\",\"potentialAction\":[{\"@type\":\"ReadAction\",\"target\":[\"https:\\\/\\\/www.purejewels.com\\\/product\\\/22ct-gold-shaped-cz-stud-earring-46921\\\/\"]}]},{\"@type\":\"ImageObject\",\"inLanguage\":\"de\",\"@id\":\"https:\\\/\\\/www.purejewels.com\\\/product\\\/22ct-gold-shaped-cz-stud-earring-46921\\\/#primaryimage\",\"url\":\"https:\\\/\\\/static.purejewels.com\\\/wp-content\\\/uploads\\\/2023\\\/01\\\/46924-1.png\",\"contentUrl\":\"https:\\\/\\\/static.purejewels.com\\\/wp-content\\\/uploads\\\/2023\\\/01\\\/46924-1.png\",\"width\":1000,\"height\":1000,\"caption\":\"22ct Stud Earring\"},{\"@type\":\"BreadcrumbList\",\"@id\":\"https:\\\/\\\/www.purejewels.com\\\/product\\\/22ct-gold-shaped-cz-stud-earring-46921\\\/#breadcrumb\",\"itemListElement\":[{\"@type\":\"ListItem\",\"position\":1,\"name\":\"Home\",\"item\":\"https:\\\/\\\/www.purejewels.com\\\/\"},{\"@type\":\"ListItem\",\"position\":2,\"name\":\"Shop\",\"item\":\"https:\\\/\\\/www.purejewels.com\\\/shop\\\/\"},{\"@type\":\"ListItem\",\"position\":3,\"name\":\"22ct Gold Cubic Zirconia Round Stud Earrings\"}]},{\"@type\":\"WebSite\",\"@id\":\"https:\\\/\\\/www.purejewels.com\\\/#website\",\"url\":\"https:\\\/\\\/www.purejewels.com\\\/\",\"name\":\"PureJewels UK\",\"description\":\"Share the Love\",\"publisher\":{\"@id\":\"https:\\\/\\\/www.purejewels.com\\\/#organization\"},\"potentialAction\":[{\"@type\":\"SearchAction\",\"target\":{\"@type\":\"EntryPoint\",\"urlTemplate\":\"https:\\\/\\\/www.purejewels.com\\\/?s={search_term_string}\"},\"query-input\":{\"@type\":\"PropertyValueSpecification\",\"valueRequired\":true,\"valueName\":\"search_term_string\"}}],\"inLanguage\":\"de\"},{\"@type\":\"Organization\",\"@id\":\"https:\\\/\\\/www.purejewels.com\\\/#organization\",\"name\":\"PureJewels UK\",\"url\":\"https:\\\/\\\/www.purejewels.com\\\/\",\"logo\":{\"@type\":\"ImageObject\",\"inLanguage\":\"de\",\"@id\":\"https:\\\/\\\/www.purejewels.com\\\/#\\\/schema\\\/logo\\\/image\\\/\",\"url\":\"https:\\\/\\\/static.purejewels.com\\\/wp-content\\\/uploads\\\/2020\\\/11\\\/Logo-PJ-New-1.png\",\"contentUrl\":\"https:\\\/\\\/static.purejewels.com\\\/wp-content\\\/uploads\\\/2020\\\/11\\\/Logo-PJ-New-1.png\",\"width\":150,\"height\":80,\"caption\":\"PureJewels UK\"},\"image\":{\"@id\":\"https:\\\/\\\/www.purejewels.com\\\/#\\\/schema\\\/logo\\\/image\\\/\"}}]}<\/script>\n<!-- \/ Yoast SEO plugin. -->","yoast_head_json":{"title":"22 Karat Gold CZ Ohrstecker | Elegante Goldohrringe | PureJewels","description":"Kaufen Sie Ohrstecker aus 22 Karat Gold mit brillanten Zirkoniasteinen. Perfekt f\u00fcr jeden Tag oder als liebevolles Geschenk. Leicht, strahlend und zeitlos.","robots":{"index":"index","follow":"follow","max-snippet":"max-snippet:-1","max-image-preview":"max-image-preview:large","max-video-preview":"max-video-preview:-1"},"canonical":"https:\/\/www.purejewels.com\/de\/produkt-2\/22-kt-gold-geformter-cz-ohrstecker-46921\/","og_locale":"de_DE","og_type":"article","og_title":"22ct Gold CZ Stud Earrings | Elegant Gold Earrings | PureJewels","og_description":"Shop 22ct gold stud earrings with brilliant CZ stones. Perfect for everyday elegance or as a thoughtful gift. Lightweight, radiant, and timeless.","og_url":"https:\/\/www.purejewels.com\/de\/produkt-2\/22-kt-gold-geformter-cz-ohrstecker-46921\/","og_site_name":"PureJewels UK","article_modified_time":"2025-12-31T05:44:29+00:00","og_image":[{"width":1000,"height":1000,"url":"https:\/\/static.purejewels.com\/wp-content\/uploads\/2023\/01\/46924-1.png","type":"image\/png"}],"twitter_card":"summary_large_image","twitter_misc":{"Gesch\u00e4tzte Lesezeit":"1\u00a0Minute"},"schema":{"@context":"https:\/\/schema.org","@graph":[{"@type":["WebPage","ItemPage"],"@id":"https:\/\/www.purejewels.com\/product\/22ct-gold-shaped-cz-stud-earring-46921\/","url":"https:\/\/www.purejewels.com\/product\/22ct-gold-shaped-cz-stud-earring-46921\/","name":"22 Karat Gold CZ Ohrstecker | Elegante Goldohrringe | PureJewels","isPartOf":{"@id":"https:\/\/www.purejewels.com\/#website"},"primaryImageOfPage":{"@id":"https:\/\/www.purejewels.com\/product\/22ct-gold-shaped-cz-stud-earring-46921\/#primaryimage"},"image":{"@id":"https:\/\/www.purejewels.com\/product\/22ct-gold-shaped-cz-stud-earring-46921\/#primaryimage"},"thumbnailUrl":"https:\/\/static.purejewels.com\/wp-content\/uploads\/2023\/01\/46924-1.png","datePublished":"2024-06-04T09:01:33+00:00","dateModified":"2025-12-31T05:44:29+00:00","description":"Kaufen Sie Ohrstecker aus 22 Karat Gold mit brillanten Zirkoniasteinen. Perfekt f\u00fcr jeden Tag oder als liebevolles Geschenk. Leicht, strahlend und zeitlos.","breadcrumb":{"@id":"https:\/\/www.purejewels.com\/product\/22ct-gold-shaped-cz-stud-earring-46921\/#breadcrumb"},"inLanguage":"de","potentialAction":[{"@type":"ReadAction","target":["https:\/\/www.purejewels.com\/product\/22ct-gold-shaped-cz-stud-earring-46921\/"]}]},{"@type":"ImageObject","inLanguage":"de","@id":"https:\/\/www.purejewels.com\/product\/22ct-gold-shaped-cz-stud-earring-46921\/#primaryimage","url":"https:\/\/static.purejewels.com\/wp-content\/uploads\/2023\/01\/46924-1.png","contentUrl":"https:\/\/static.purejewels.com\/wp-content\/uploads\/2023\/01\/46924-1.png","width":1000,"height":1000,"caption":"22ct Stud Earring"},{"@type":"BreadcrumbList","@id":"https:\/\/www.purejewels.com\/product\/22ct-gold-shaped-cz-stud-earring-46921\/#breadcrumb","itemListElement":[{"@type":"ListItem","position":1,"name":"Home","item":"https:\/\/www.purejewels.com\/"},{"@type":"ListItem","position":2,"name":"Shop","item":"https:\/\/www.purejewels.com\/shop\/"},{"@type":"ListItem","position":3,"name":"22ct Gold Cubic Zirconia Round Stud Earrings"}]},{"@type":"WebSite","@id":"https:\/\/www.purejewels.com\/#website","url":"https:\/\/www.purejewels.com\/","name":"PureJewels UK","description":"Teile die Liebe","publisher":{"@id":"https:\/\/www.purejewels.com\/#organization"},"potentialAction":[{"@type":"SearchAction","target":{"@type":"EntryPoint","urlTemplate":"https:\/\/www.purejewels.com\/?s={search_term_string}"},"query-input":{"@type":"PropertyValueSpecification","valueRequired":true,"valueName":"search_term_string"}}],"inLanguage":"de"},{"@type":"Organization","@id":"https:\/\/www.purejewels.com\/#organization","name":"PureJewels UK","url":"https:\/\/www.purejewels.com\/","logo":{"@type":"ImageObject","inLanguage":"de","@id":"https:\/\/www.purejewels.com\/#\/schema\/logo\/image\/","url":"https:\/\/static.purejewels.com\/wp-content\/uploads\/2020\/11\/Logo-PJ-New-1.png","contentUrl":"https:\/\/static.purejewels.com\/wp-content\/uploads\/2020\/11\/Logo-PJ-New-1.png","width":150,"height":80,"caption":"PureJewels UK"},"image":{"@id":"https:\/\/www.purejewels.com\/#\/schema\/logo\/image\/"}}]}},"_links":{"self":[{"href":"https:\/\/www.purejewels.com\/de\/wp-json\/wp\/v2\/product\/343326","targetHints":{"allow":["GET"]}}],"collection":[{"href":"https:\/\/www.purejewels.com\/de\/wp-json\/wp\/v2\/product"}],"about":[{"href":"https:\/\/www.purejewels.com\/de\/wp-json\/wp\/v2\/types\/product"}],"replies":[{"embeddable":true,"href":"https:\/\/www.purejewels.com\/de\/wp-json\/wp\/v2\/comments?post=343326"}],"version-history":[{"count":3,"href":"https:\/\/www.purejewels.com\/de\/wp-json\/wp\/v2\/product\/343326\/revisions"}],"predecessor-version":[{"id":424068,"href":"https:\/\/www.purejewels.com\/de\/wp-json\/wp\/v2\/product\/343326\/revisions\/424068"}],"wp:featuredmedia":[{"embeddable":true,"href":"https:\/\/www.purejewels.com\/de\/wp-json\/wp\/v2\/media\/359159"}],"wp:attachment":[{"href":"https:\/\/www.purejewels.com\/de\/wp-json\/wp\/v2\/media?parent=343326"}],"wp:term":[{"taxonomy":"product_brand","embeddable":true,"href":"https:\/\/www.purejewels.com\/de\/wp-json\/wp\/v2\/product_brand?post=343326"},{"taxonomy":"product_cat","embeddable":true,"href":"https:\/\/www.purejewels.com\/de\/wp-json\/wp\/v2\/product_cat?post=343326"},{"taxonomy":"product_tag","embeddable":true,"href":"https:\/\/www.purejewels.com\/de\/wp-json\/wp\/v2\/product_tag?post=343326"}],"curies":[{"name":"wp","href":"https:\/\/api.w.org\/{rel}","templated":true}]}}