{"id":343488,"date":"2023-02-03T07:22:16","date_gmt":"2023-02-03T07:22:16","guid":{"rendered":"https:\/\/www.purejewels.com\/?post_type=product&#038;p=343488"},"modified":"2025-11-04T05:16:52","modified_gmt":"2025-11-04T05:16:52","slug":"18ct-weisgold-gliederkette-16-zoll-0-9mm-dick-19426","status":"publish","type":"product","link":"https:\/\/www.purejewels.com\/de\/product\/18ct-white-gold-link-chain-16-inches-0-9mm-thick-19426\/","title":{"rendered":"18ct Wei\u00dfgold | Gliederkette | 16 Zoll | 0,7mm dick"},"content":{"rendered":"<p>SKU: 19426<\/p>","protected":false},"excerpt":{"rendered":"<table class=\"sh_desc\" style=\"width: 100%; height: 280px;\">\n<tbody>\n<tr style=\"height: 28px;\">\n<td style=\"height: 28px;\">Typ der Kette<\/td>\n<td style=\"height: 28px;\">Gliederkette<\/td>\n<\/tr>\n<tr style=\"height: 28px;\">\n<td style=\"height: 28px;\">SKU<\/td>\n<td style=\"height: 28px;\">19426<\/td>\n<\/tr>\n<tr style=\"height: 28px;\">\n<td style=\"height: 28px;\">Gewicht<\/td>\n<td style=\"height: 28px;\">1.4 Gms<\/td>\n<\/tr>\n<tr style=\"height: 28px;\">\n<td style=\"height: 28px;\">Metall<\/td>\n<td style=\"height: 28px;\">18ct Wei\u00dfgold<\/td>\n<\/tr>\n<tr style=\"height: 28px;\">\n<td style=\"height: 28px;\">Dicke<\/td>\n<td style=\"height: 28px;\">0,7 mm<\/td>\n<\/tr>\n<tr style=\"height: 28px;\">\n<td style=\"height: 28px;\">L\u00e4nge<\/td>\n<td style=\"height: 28px;\">16 Zoll<\/td>\n<\/tr>\n<tr style=\"height: 28px;\">\n<td style=\"height: 28px;\">Wahrzeichen<\/td>\n<td style=\"height: 28px;\">18 Karat Wei\u00dfgold, gestempelt von London Assay Office<\/td>\n<\/tr>\n<tr style=\"height: 28px;\">\n<td style=\"height: 28px;\">Entgelte<\/td>\n<td style=\"height: 28px;\">Lieferung und Mehrwertsteuer inbegriffen<\/td>\n<\/tr>\n<tr style=\"height: 28px;\">\n<td style=\"height: 28px;\">Verpackung<\/td>\n<td style=\"height: 28px;\">Mit Pr\u00e4sentationsbox<\/td>\n<\/tr>\n<tr style=\"height: 28px;\">\n<td style=\"height: 28px;\">Mehr Informationen<\/td>\n<td style=\"height: 28px;\">Live-Chat mit uns f\u00fcr Verf\u00fcgbarkeit und mehr Bilder<\/td>\n<\/tr>\n<\/tbody>\n<\/table>","protected":false},"featured_media":330974,"comment_status":"closed","ping_status":"closed","template":"","meta":{"_eb_attr":"","_crsspst_to_jayantr4sg-hostcom":false},"product_brand":[],"product_cat":[5679,1790,5343,5597,1569,5348],"product_tag":[65],"class_list":{"0":"post-343488","1":"product","2":"type-product","3":"status-publish","4":"has-post-thumbnail","6":"product_cat-18ct-gold-jewellery","7":"product_cat-for-whom-when","8":"product_cat-jewellery-under-550","9":"product_cat-link-chain","10":"product_cat-valentine-day-gifts","11":"product_cat-white-gold-jewellery","12":"product_tag-chains","14":"first","15":"instock","16":"taxable","17":"shipping-taxable","18":"purchasable","19":"product-type-simple","20":"add-to-wishlist-before_image"},"yoast_head":"<!-- This site is optimized with the Yoast SEO plugin v27.5 - https:\/\/yoast.com\/product\/yoast-seo-wordpress\/ -->\n<title>18ct Link Chain in white gold | Designer Chains at Purejewels<\/title>\n<meta name=\"description\" content=\"18ct white gold chain for Valentine&#039;s specials, 16-inch daily wear link chain in the UK for free delivery. Limited Stock only.\" \/>\n<meta name=\"robots\" content=\"index, follow, max-snippet:-1, max-image-preview:large, max-video-preview:-1\" \/>\n<link rel=\"canonical\" href=\"https:\/\/www.purejewels.com\/de\/produkt-2\/18ct-weisgold-gliederkette-16-zoll-0-9mm-dick-19426\/\" \/>\n<meta property=\"og:locale\" content=\"de_DE\" \/>\n<meta property=\"og:type\" content=\"article\" \/>\n<meta property=\"og:title\" content=\"18ct Link Chain in white gold | Designer Chains at Purejewels\" \/>\n<meta property=\"og:description\" content=\"18ct white gold chain for Valentine&#039;s specials, 16-inch daily wear link chain in the UK for free delivery. Limited Stock only.\" \/>\n<meta property=\"og:url\" content=\"https:\/\/www.purejewels.com\/de\/produkt-2\/18ct-weisgold-gliederkette-16-zoll-0-9mm-dick-19426\/\" \/>\n<meta property=\"og:site_name\" content=\"PureJewels UK\" \/>\n<meta property=\"article:modified_time\" content=\"2025-11-04T05:16:52+00:00\" \/>\n<meta property=\"og:image\" content=\"https:\/\/www.purejewels.com\/wp-content\/uploads\/2022\/01\/41325-1.jpg\" \/>\n\t<meta property=\"og:image:width\" content=\"1000\" \/>\n\t<meta property=\"og:image:height\" content=\"1000\" \/>\n\t<meta property=\"og:image:type\" content=\"image\/jpeg\" \/>\n<meta name=\"twitter:card\" content=\"summary_large_image\" \/>\n<meta name=\"twitter:label1\" content=\"Gesch\u00e4tzte Lesezeit\" \/>\n\t<meta name=\"twitter:data1\" content=\"1\u00a0Minute\" \/>\n<script type=\"application\/ld+json\" class=\"yoast-schema-graph\">{\"@context\":\"https:\\\/\\\/schema.org\",\"@graph\":[{\"@type\":[\"WebPage\",\"ItemPage\"],\"@id\":\"https:\\\/\\\/www.purejewels.com\\\/product\\\/18ct-white-gold-link-chain-16-inches-0-9mm-thick-19426\\\/\",\"url\":\"https:\\\/\\\/www.purejewels.com\\\/product\\\/18ct-white-gold-link-chain-16-inches-0-9mm-thick-19426\\\/\",\"name\":\"18ct Link Chain in white gold | Designer Chains at Purejewels\",\"isPartOf\":{\"@id\":\"https:\\\/\\\/www.purejewels.com\\\/#website\"},\"primaryImageOfPage\":{\"@id\":\"https:\\\/\\\/www.purejewels.com\\\/product\\\/18ct-white-gold-link-chain-16-inches-0-9mm-thick-19426\\\/#primaryimage\"},\"image\":{\"@id\":\"https:\\\/\\\/www.purejewels.com\\\/product\\\/18ct-white-gold-link-chain-16-inches-0-9mm-thick-19426\\\/#primaryimage\"},\"thumbnailUrl\":\"https:\\\/\\\/static.purejewels.com\\\/wp-content\\\/uploads\\\/2022\\\/01\\\/41325-1.jpg\",\"datePublished\":\"2023-02-03T07:22:16+00:00\",\"dateModified\":\"2025-11-04T05:16:52+00:00\",\"description\":\"18ct white gold chain for Valentine's specials, 16-inch daily wear link chain in the UK for free delivery. Limited Stock only.\",\"breadcrumb\":{\"@id\":\"https:\\\/\\\/www.purejewels.com\\\/product\\\/18ct-white-gold-link-chain-16-inches-0-9mm-thick-19426\\\/#breadcrumb\"},\"inLanguage\":\"de\",\"potentialAction\":[{\"@type\":\"ReadAction\",\"target\":[\"https:\\\/\\\/www.purejewels.com\\\/product\\\/18ct-white-gold-link-chain-16-inches-0-9mm-thick-19426\\\/\"]}]},{\"@type\":\"ImageObject\",\"inLanguage\":\"de\",\"@id\":\"https:\\\/\\\/www.purejewels.com\\\/product\\\/18ct-white-gold-link-chain-16-inches-0-9mm-thick-19426\\\/#primaryimage\",\"url\":\"https:\\\/\\\/static.purejewels.com\\\/wp-content\\\/uploads\\\/2022\\\/01\\\/41325-1.jpg\",\"contentUrl\":\"https:\\\/\\\/static.purejewels.com\\\/wp-content\\\/uploads\\\/2022\\\/01\\\/41325-1.jpg\",\"width\":1000,\"height\":1000,\"caption\":\"18ct White Gold Link Chain | Unisex\"},{\"@type\":\"BreadcrumbList\",\"@id\":\"https:\\\/\\\/www.purejewels.com\\\/product\\\/18ct-white-gold-link-chain-16-inches-0-9mm-thick-19426\\\/#breadcrumb\",\"itemListElement\":[{\"@type\":\"ListItem\",\"position\":1,\"name\":\"Home\",\"item\":\"https:\\\/\\\/www.purejewels.com\\\/\"},{\"@type\":\"ListItem\",\"position\":2,\"name\":\"Shop\",\"item\":\"https:\\\/\\\/www.purejewels.com\\\/shop\\\/\"},{\"@type\":\"ListItem\",\"position\":3,\"name\":\"18ct White Gold | Link Chain | 16 Inches | 0.7mm Thick\"}]},{\"@type\":\"WebSite\",\"@id\":\"https:\\\/\\\/www.purejewels.com\\\/#website\",\"url\":\"https:\\\/\\\/www.purejewels.com\\\/\",\"name\":\"PureJewels UK\",\"description\":\"Share the Love\",\"publisher\":{\"@id\":\"https:\\\/\\\/www.purejewels.com\\\/#organization\"},\"potentialAction\":[{\"@type\":\"SearchAction\",\"target\":{\"@type\":\"EntryPoint\",\"urlTemplate\":\"https:\\\/\\\/www.purejewels.com\\\/?s={search_term_string}\"},\"query-input\":{\"@type\":\"PropertyValueSpecification\",\"valueRequired\":true,\"valueName\":\"search_term_string\"}}],\"inLanguage\":\"de\"},{\"@type\":\"Organization\",\"@id\":\"https:\\\/\\\/www.purejewels.com\\\/#organization\",\"name\":\"PureJewels UK\",\"url\":\"https:\\\/\\\/www.purejewels.com\\\/\",\"logo\":{\"@type\":\"ImageObject\",\"inLanguage\":\"de\",\"@id\":\"https:\\\/\\\/www.purejewels.com\\\/#\\\/schema\\\/logo\\\/image\\\/\",\"url\":\"https:\\\/\\\/static.purejewels.com\\\/wp-content\\\/uploads\\\/2020\\\/11\\\/Logo-PJ-New-1.png\",\"contentUrl\":\"https:\\\/\\\/static.purejewels.com\\\/wp-content\\\/uploads\\\/2020\\\/11\\\/Logo-PJ-New-1.png\",\"width\":150,\"height\":80,\"caption\":\"PureJewels UK\"},\"image\":{\"@id\":\"https:\\\/\\\/www.purejewels.com\\\/#\\\/schema\\\/logo\\\/image\\\/\"}}]}<\/script>\n<!-- \/ Yoast SEO plugin. -->","yoast_head_json":{"title":"18ct Gliederkette in Wei\u00dfgold | Designer-Ketten bei Purejewels","description":"Kette aus 18 Karat Wei\u00dfgold f\u00fcr Valentinstags-Specials, 16-Zoll-Gliederkette f\u00fcr den t\u00e4glichen Gebrauch in Gro\u00dfbritannien mit kostenloser Lieferung. Nur begrenzter Vorrat.","robots":{"index":"index","follow":"follow","max-snippet":"max-snippet:-1","max-image-preview":"max-image-preview:large","max-video-preview":"max-video-preview:-1"},"canonical":"https:\/\/www.purejewels.com\/de\/produkt-2\/18ct-weisgold-gliederkette-16-zoll-0-9mm-dick-19426\/","og_locale":"de_DE","og_type":"article","og_title":"18ct Link Chain in white gold | Designer Chains at Purejewels","og_description":"18ct white gold chain for Valentine's specials, 16-inch daily wear link chain in the UK for free delivery. Limited Stock only.","og_url":"https:\/\/www.purejewels.com\/de\/produkt-2\/18ct-weisgold-gliederkette-16-zoll-0-9mm-dick-19426\/","og_site_name":"PureJewels UK","article_modified_time":"2025-11-04T05:16:52+00:00","og_image":[{"width":1000,"height":1000,"url":"https:\/\/www.purejewels.com\/wp-content\/uploads\/2022\/01\/41325-1.jpg","type":"image\/jpeg"}],"twitter_card":"summary_large_image","twitter_misc":{"Gesch\u00e4tzte Lesezeit":"1\u00a0Minute"},"schema":{"@context":"https:\/\/schema.org","@graph":[{"@type":["WebPage","ItemPage"],"@id":"https:\/\/www.purejewels.com\/product\/18ct-white-gold-link-chain-16-inches-0-9mm-thick-19426\/","url":"https:\/\/www.purejewels.com\/product\/18ct-white-gold-link-chain-16-inches-0-9mm-thick-19426\/","name":"18ct Gliederkette in Wei\u00dfgold | Designer-Ketten bei Purejewels","isPartOf":{"@id":"https:\/\/www.purejewels.com\/#website"},"primaryImageOfPage":{"@id":"https:\/\/www.purejewels.com\/product\/18ct-white-gold-link-chain-16-inches-0-9mm-thick-19426\/#primaryimage"},"image":{"@id":"https:\/\/www.purejewels.com\/product\/18ct-white-gold-link-chain-16-inches-0-9mm-thick-19426\/#primaryimage"},"thumbnailUrl":"https:\/\/static.purejewels.com\/wp-content\/uploads\/2022\/01\/41325-1.jpg","datePublished":"2023-02-03T07:22:16+00:00","dateModified":"2025-11-04T05:16:52+00:00","description":"Kette aus 18 Karat Wei\u00dfgold f\u00fcr Valentinstags-Specials, 16-Zoll-Gliederkette f\u00fcr den t\u00e4glichen Gebrauch in Gro\u00dfbritannien mit kostenloser Lieferung. Nur begrenzter Vorrat.","breadcrumb":{"@id":"https:\/\/www.purejewels.com\/product\/18ct-white-gold-link-chain-16-inches-0-9mm-thick-19426\/#breadcrumb"},"inLanguage":"de","potentialAction":[{"@type":"ReadAction","target":["https:\/\/www.purejewels.com\/product\/18ct-white-gold-link-chain-16-inches-0-9mm-thick-19426\/"]}]},{"@type":"ImageObject","inLanguage":"de","@id":"https:\/\/www.purejewels.com\/product\/18ct-white-gold-link-chain-16-inches-0-9mm-thick-19426\/#primaryimage","url":"https:\/\/static.purejewels.com\/wp-content\/uploads\/2022\/01\/41325-1.jpg","contentUrl":"https:\/\/static.purejewels.com\/wp-content\/uploads\/2022\/01\/41325-1.jpg","width":1000,"height":1000,"caption":"18ct White Gold Link Chain | Unisex"},{"@type":"BreadcrumbList","@id":"https:\/\/www.purejewels.com\/product\/18ct-white-gold-link-chain-16-inches-0-9mm-thick-19426\/#breadcrumb","itemListElement":[{"@type":"ListItem","position":1,"name":"Home","item":"https:\/\/www.purejewels.com\/"},{"@type":"ListItem","position":2,"name":"Shop","item":"https:\/\/www.purejewels.com\/shop\/"},{"@type":"ListItem","position":3,"name":"18ct White Gold | Link Chain | 16 Inches | 0.7mm Thick"}]},{"@type":"WebSite","@id":"https:\/\/www.purejewels.com\/#website","url":"https:\/\/www.purejewels.com\/","name":"PureJewels UK","description":"Teile die Liebe","publisher":{"@id":"https:\/\/www.purejewels.com\/#organization"},"potentialAction":[{"@type":"SearchAction","target":{"@type":"EntryPoint","urlTemplate":"https:\/\/www.purejewels.com\/?s={search_term_string}"},"query-input":{"@type":"PropertyValueSpecification","valueRequired":true,"valueName":"search_term_string"}}],"inLanguage":"de"},{"@type":"Organization","@id":"https:\/\/www.purejewels.com\/#organization","name":"PureJewels UK","url":"https:\/\/www.purejewels.com\/","logo":{"@type":"ImageObject","inLanguage":"de","@id":"https:\/\/www.purejewels.com\/#\/schema\/logo\/image\/","url":"https:\/\/static.purejewels.com\/wp-content\/uploads\/2020\/11\/Logo-PJ-New-1.png","contentUrl":"https:\/\/static.purejewels.com\/wp-content\/uploads\/2020\/11\/Logo-PJ-New-1.png","width":150,"height":80,"caption":"PureJewels UK"},"image":{"@id":"https:\/\/www.purejewels.com\/#\/schema\/logo\/image\/"}}]}},"_links":{"self":[{"href":"https:\/\/www.purejewels.com\/de\/wp-json\/wp\/v2\/product\/343488","targetHints":{"allow":["GET"]}}],"collection":[{"href":"https:\/\/www.purejewels.com\/de\/wp-json\/wp\/v2\/product"}],"about":[{"href":"https:\/\/www.purejewels.com\/de\/wp-json\/wp\/v2\/types\/product"}],"replies":[{"embeddable":true,"href":"https:\/\/www.purejewels.com\/de\/wp-json\/wp\/v2\/comments?post=343488"}],"version-history":[{"count":3,"href":"https:\/\/www.purejewels.com\/de\/wp-json\/wp\/v2\/product\/343488\/revisions"}],"predecessor-version":[{"id":420033,"href":"https:\/\/www.purejewels.com\/de\/wp-json\/wp\/v2\/product\/343488\/revisions\/420033"}],"wp:featuredmedia":[{"embeddable":true,"href":"https:\/\/www.purejewels.com\/de\/wp-json\/wp\/v2\/media\/330974"}],"wp:attachment":[{"href":"https:\/\/www.purejewels.com\/de\/wp-json\/wp\/v2\/media?parent=343488"}],"wp:term":[{"taxonomy":"product_brand","embeddable":true,"href":"https:\/\/www.purejewels.com\/de\/wp-json\/wp\/v2\/product_brand?post=343488"},{"taxonomy":"product_cat","embeddable":true,"href":"https:\/\/www.purejewels.com\/de\/wp-json\/wp\/v2\/product_cat?post=343488"},{"taxonomy":"product_tag","embeddable":true,"href":"https:\/\/www.purejewels.com\/de\/wp-json\/wp\/v2\/product_tag?post=343488"}],"curies":[{"name":"wp","href":"https:\/\/api.w.org\/{rel}","templated":true}]}}