{"id":343555,"date":"2024-11-06T05:31:31","date_gmt":"2024-11-06T05:31:31","guid":{"rendered":"https:\/\/www.purejewels.com\/?post_type=product&#038;p=343555"},"modified":"2026-02-26T11:48:48","modified_gmt":"2026-02-26T11:48:48","slug":"22-kt-gold-ohrring-46108","status":"publish","type":"product","link":"https:\/\/www.purejewels.com\/de\/product\/22ct-gold-fancy-hoop-earring-46108\/","title":{"rendered":"22ct Gold Fancy Hoop Ohrring"},"content":{"rendered":"<p data-start=\"260\" data-end=\"670\"><strong data-start=\"260\" data-end=\"270\">Gestaltung<\/strong><br data-start=\"270\" data-end=\"273\" \/>Diese Designer-Ohrringe sind aus reichem 22-kar\u00e4tigem Gold gefertigt und haben einen Innendurchmesser von 20,3 mm, eine schmeichelhafte Gr\u00f6\u00dfe, die das Gesicht einrahmt, ohne aufdringlich zu wirken. Jeder Reif ist mit feinen Goldtropfen verziert, die sanft schwingen, wenn Sie sich bewegen, und Textur, Rhythmus und ein subtiles Gef\u00fchl von Dramatik verleihen. Mit einem Gewicht von ca. 4,8 Gramm pro Ohrring bieten sie ein Gleichgewicht zwischen Zartheit und einem beruhigenden Gef\u00fchl von Substanz.<\/p>\n<p data-start=\"672\" data-end=\"1055\"><strong data-start=\"672\" data-end=\"689\">Handwerkliches K\u00f6nnen<\/strong><br data-start=\"689\" data-end=\"692\" \/>Jeder Reif und jedes Tr\u00f6pfchen aus hochreinem 22-kar\u00e4tigem Gold ist pr\u00e4zise geformt und poliert, um die nat\u00fcrliche W\u00e4rme und den Glanz des Metalls zu verst\u00e4rken. Die Tropfen werden sorgf\u00e4ltig angebracht, um eine sanfte, flie\u00dfende Bewegung zu erm\u00f6glichen und gleichzeitig sicher zu sein. Jedes Paar ist im Vereinigten K\u00f6nigreich mit dem Feingehaltssiegel versehen, was das Engagement von PureJewels f\u00fcr Qualit\u00e4t und durchdachte Handwerkskunst widerspiegelt.<\/p>\n<p data-start=\"1057\" data-end=\"1444\" data-is-last-node=\"\" data-is-only-node=\"\"><strong data-start=\"1057\" data-end=\"1074\">Styling-Ideen<\/strong><br data-start=\"1074\" data-end=\"1077\" \/>Diese Reifringe sind sowohl f\u00fcr den Tag als auch f\u00fcr den Abend geeignet und werten alles auf, von einfachen Hemden und Kleidern bis hin zu Freizeitkleidung. Tragen Sie sie als Einzelst\u00fcck oder kombinieren Sie sie mit schmalen goldenen Armreifen und einer feinen Kettenhalskette f\u00fcr einen koordinierten, mehrschichtigen Look. Sie eignen sich auch hervorragend f\u00fcr besondere Anl\u00e4sse und verleihen festlichen Outfits, Hochzeiten oder Jahrestagen einen raffinierten Schliff.<\/p>","protected":false},"excerpt":{"rendered":"<div class=\"woocommerce-product-details__short-description\">\n<table class=\"sh_desc\">\n<tbody>\n<tr>\n<td>Art des Ohrrings<\/td>\n<td>Reif-Ohrring<\/td>\n<\/tr>\n<tr>\n<td>SKU<\/td>\n<td>46108<\/td>\n<\/tr>\n<tr>\n<td>Gewicht<\/td>\n<td>4.8 Gms<\/td>\n<\/tr>\n<tr>\n<td>Innendurchmesser<\/td>\n<td>20,3 mm<\/td>\n<\/tr>\n<tr>\n<td>Metall<\/td>\n<td>22ct Gold<\/td>\n<\/tr>\n<tr>\n<td>Entgelte<\/td>\n<td>Lieferung und Mehrwertsteuer inbegriffen<\/td>\n<\/tr>\n<tr>\n<td>Verpackung<\/td>\n<td>Mit Pr\u00e4sentationsbox<\/td>\n<\/tr>\n<tr>\n<td>Mehr Informationen<\/td>\n<td>Live-Chat mit uns f\u00fcr Verf\u00fcgbarkeit und mehr Bilder<\/td>\n<\/tr>\n<\/tbody>\n<\/table>\n<\/div>","protected":false},"featured_media":356683,"comment_status":"closed","ping_status":"closed","template":"","meta":{"_eb_attr":"","_crsspst_to_jayantr4sg-hostcom":true},"product_brand":[],"product_cat":[1791,1559,5956,1254,1229,1579,5609,1573,1574,5349],"product_tag":[66],"class_list":{"0":"post-343555","1":"product","2":"type-product","3":"status-publish","4":"has-post-thumbnail","6":"product_cat-anniversary-gifts","7":"product_cat-birthday-gifts","8":"product_cat-dangler","9":"product_cat-gold-earrings","10":"product_cat-22ct-gold-jewellery","11":"product_cat-hoop-earrings","12":"product_cat-hoop-with-droplets","13":"product_cat-wedding-gifts","14":"product_cat-womens-jewellery","15":"product_cat-yellow-gold-jewellery","16":"product_tag-earrings","18":"first","19":"outofstock","20":"taxable","21":"shipping-taxable","22":"product-type-simple","23":"add-to-wishlist-before_image"},"yoast_head":"<!-- This site is optimized with the Yoast SEO plugin v27.6 - https:\/\/yoast.com\/product\/yoast-seo-wordpress\/ -->\n<title>Designer Gold Hoop Earrings with Drooplets | PureJewels UK<\/title>\n<meta name=\"description\" content=\"Shop our collection of 22ct gold hoop earrings today and find the perfect pair to add a touch of luxury to your look.\" \/>\n<meta name=\"robots\" content=\"index, follow, max-snippet:-1, max-image-preview:large, max-video-preview:-1\" \/>\n<link rel=\"canonical\" href=\"https:\/\/www.purejewels.com\/de\/produkt-2\/22-kt-gold-ohrring-46108\/\" \/>\n<meta property=\"og:locale\" content=\"de_DE\" \/>\n<meta property=\"og:type\" content=\"article\" \/>\n<meta property=\"og:title\" content=\"Designer Gold Hoop Earrings with Drooplets | PureJewels UK\" \/>\n<meta property=\"og:description\" content=\"Shop our collection of 22ct gold hoop earrings today and find the perfect pair to add a touch of luxury to your look.\" \/>\n<meta property=\"og:url\" content=\"https:\/\/www.purejewels.com\/de\/produkt-2\/22-kt-gold-ohrring-46108\/\" \/>\n<meta property=\"og:site_name\" content=\"PureJewels UK\" \/>\n<meta property=\"article:modified_time\" content=\"2026-02-26T11:48:48+00:00\" \/>\n<meta property=\"og:image\" content=\"https:\/\/static.purejewels.com\/wp-content\/uploads\/2023\/02\/46108.jpg\" \/>\n\t<meta property=\"og:image:width\" content=\"1\" \/>\n\t<meta property=\"og:image:height\" content=\"1\" \/>\n\t<meta property=\"og:image:type\" content=\"image\/jpeg\" \/>\n<meta name=\"twitter:card\" content=\"summary_large_image\" \/>\n<meta name=\"twitter:label1\" content=\"Gesch\u00e4tzte Lesezeit\" \/>\n\t<meta name=\"twitter:data1\" content=\"1\u00a0Minute\" \/>\n<script type=\"application\/ld+json\" class=\"yoast-schema-graph\">{\"@context\":\"https:\\\/\\\/schema.org\",\"@graph\":[{\"@type\":[\"WebPage\",\"ItemPage\"],\"@id\":\"https:\\\/\\\/www.purejewels.com\\\/product\\\/22ct-gold-fancy-hoop-earring-46108\\\/\",\"url\":\"https:\\\/\\\/www.purejewels.com\\\/product\\\/22ct-gold-fancy-hoop-earring-46108\\\/\",\"name\":\"Designer Gold Hoop Earrings with Drooplets | PureJewels UK\",\"isPartOf\":{\"@id\":\"https:\\\/\\\/www.purejewels.com\\\/#website\"},\"primaryImageOfPage\":{\"@id\":\"https:\\\/\\\/www.purejewels.com\\\/product\\\/22ct-gold-fancy-hoop-earring-46108\\\/#primaryimage\"},\"image\":{\"@id\":\"https:\\\/\\\/www.purejewels.com\\\/product\\\/22ct-gold-fancy-hoop-earring-46108\\\/#primaryimage\"},\"thumbnailUrl\":\"https:\\\/\\\/static.purejewels.com\\\/wp-content\\\/uploads\\\/2023\\\/02\\\/46108.jpg\",\"datePublished\":\"2024-11-06T05:31:31+00:00\",\"dateModified\":\"2026-02-26T11:48:48+00:00\",\"description\":\"Shop our collection of 22ct gold hoop earrings today and find the perfect pair to add a touch of luxury to your look.\",\"breadcrumb\":{\"@id\":\"https:\\\/\\\/www.purejewels.com\\\/product\\\/22ct-gold-fancy-hoop-earring-46108\\\/#breadcrumb\"},\"inLanguage\":\"de\",\"potentialAction\":[{\"@type\":\"ReadAction\",\"target\":[\"https:\\\/\\\/www.purejewels.com\\\/product\\\/22ct-gold-fancy-hoop-earring-46108\\\/\"]}]},{\"@type\":\"ImageObject\",\"inLanguage\":\"de\",\"@id\":\"https:\\\/\\\/www.purejewels.com\\\/product\\\/22ct-gold-fancy-hoop-earring-46108\\\/#primaryimage\",\"url\":\"https:\\\/\\\/static.purejewels.com\\\/wp-content\\\/uploads\\\/2023\\\/02\\\/46108.jpg\",\"contentUrl\":\"https:\\\/\\\/static.purejewels.com\\\/wp-content\\\/uploads\\\/2023\\\/02\\\/46108.jpg\",\"caption\":\"22ct Gold Hoop Earring\"},{\"@type\":\"BreadcrumbList\",\"@id\":\"https:\\\/\\\/www.purejewels.com\\\/product\\\/22ct-gold-fancy-hoop-earring-46108\\\/#breadcrumb\",\"itemListElement\":[{\"@type\":\"ListItem\",\"position\":1,\"name\":\"Home\",\"item\":\"https:\\\/\\\/www.purejewels.com\\\/\"},{\"@type\":\"ListItem\",\"position\":2,\"name\":\"Shop\",\"item\":\"https:\\\/\\\/www.purejewels.com\\\/shop\\\/\"},{\"@type\":\"ListItem\",\"position\":3,\"name\":\"22ct Gold Fancy Hoop Earring\"}]},{\"@type\":\"WebSite\",\"@id\":\"https:\\\/\\\/www.purejewels.com\\\/#website\",\"url\":\"https:\\\/\\\/www.purejewels.com\\\/\",\"name\":\"PureJewels UK\",\"description\":\"Share the Love\",\"publisher\":{\"@id\":\"https:\\\/\\\/www.purejewels.com\\\/#organization\"},\"potentialAction\":[{\"@type\":\"SearchAction\",\"target\":{\"@type\":\"EntryPoint\",\"urlTemplate\":\"https:\\\/\\\/www.purejewels.com\\\/?s={search_term_string}\"},\"query-input\":{\"@type\":\"PropertyValueSpecification\",\"valueRequired\":true,\"valueName\":\"search_term_string\"}}],\"inLanguage\":\"de\"},{\"@type\":\"Organization\",\"@id\":\"https:\\\/\\\/www.purejewels.com\\\/#organization\",\"name\":\"PureJewels UK\",\"url\":\"https:\\\/\\\/www.purejewels.com\\\/\",\"logo\":{\"@type\":\"ImageObject\",\"inLanguage\":\"de\",\"@id\":\"https:\\\/\\\/www.purejewels.com\\\/#\\\/schema\\\/logo\\\/image\\\/\",\"url\":\"https:\\\/\\\/static.purejewels.com\\\/wp-content\\\/uploads\\\/2020\\\/11\\\/Logo-PJ-New-1.png\",\"contentUrl\":\"https:\\\/\\\/static.purejewels.com\\\/wp-content\\\/uploads\\\/2020\\\/11\\\/Logo-PJ-New-1.png\",\"width\":150,\"height\":80,\"caption\":\"PureJewels UK\"},\"image\":{\"@id\":\"https:\\\/\\\/www.purejewels.com\\\/#\\\/schema\\\/logo\\\/image\\\/\"}}]}<\/script>\n<!-- \/ Yoast SEO plugin. -->","yoast_head_json":{"title":"Designer Gold Hoop Ohrringe mit Droletts | PureJewels UK","description":"St\u00f6bern Sie noch heute in unserer Kollektion von Ohrringen aus 22 Karat Gold und finden Sie das perfekte Paar, um Ihrem Look einen Hauch von Luxus zu verleihen.","robots":{"index":"index","follow":"follow","max-snippet":"max-snippet:-1","max-image-preview":"max-image-preview:large","max-video-preview":"max-video-preview:-1"},"canonical":"https:\/\/www.purejewels.com\/de\/produkt-2\/22-kt-gold-ohrring-46108\/","og_locale":"de_DE","og_type":"article","og_title":"Designer Gold Hoop Earrings with Drooplets | PureJewels UK","og_description":"Shop our collection of 22ct gold hoop earrings today and find the perfect pair to add a touch of luxury to your look.","og_url":"https:\/\/www.purejewels.com\/de\/produkt-2\/22-kt-gold-ohrring-46108\/","og_site_name":"PureJewels UK","article_modified_time":"2026-02-26T11:48:48+00:00","og_image":[{"url":"https:\/\/static.purejewels.com\/wp-content\/uploads\/2023\/02\/46108.jpg","width":1,"height":1,"type":"image\/jpeg"}],"twitter_card":"summary_large_image","twitter_misc":{"Gesch\u00e4tzte Lesezeit":"1\u00a0Minute"},"schema":{"@context":"https:\/\/schema.org","@graph":[{"@type":["WebPage","ItemPage"],"@id":"https:\/\/www.purejewels.com\/product\/22ct-gold-fancy-hoop-earring-46108\/","url":"https:\/\/www.purejewels.com\/product\/22ct-gold-fancy-hoop-earring-46108\/","name":"Designer Gold Hoop Ohrringe mit Droletts | PureJewels UK","isPartOf":{"@id":"https:\/\/www.purejewels.com\/#website"},"primaryImageOfPage":{"@id":"https:\/\/www.purejewels.com\/product\/22ct-gold-fancy-hoop-earring-46108\/#primaryimage"},"image":{"@id":"https:\/\/www.purejewels.com\/product\/22ct-gold-fancy-hoop-earring-46108\/#primaryimage"},"thumbnailUrl":"https:\/\/static.purejewels.com\/wp-content\/uploads\/2023\/02\/46108.jpg","datePublished":"2024-11-06T05:31:31+00:00","dateModified":"2026-02-26T11:48:48+00:00","description":"St\u00f6bern Sie noch heute in unserer Kollektion von Ohrringen aus 22 Karat Gold und finden Sie das perfekte Paar, um Ihrem Look einen Hauch von Luxus zu verleihen.","breadcrumb":{"@id":"https:\/\/www.purejewels.com\/product\/22ct-gold-fancy-hoop-earring-46108\/#breadcrumb"},"inLanguage":"de","potentialAction":[{"@type":"ReadAction","target":["https:\/\/www.purejewels.com\/product\/22ct-gold-fancy-hoop-earring-46108\/"]}]},{"@type":"ImageObject","inLanguage":"de","@id":"https:\/\/www.purejewels.com\/product\/22ct-gold-fancy-hoop-earring-46108\/#primaryimage","url":"https:\/\/static.purejewels.com\/wp-content\/uploads\/2023\/02\/46108.jpg","contentUrl":"https:\/\/static.purejewels.com\/wp-content\/uploads\/2023\/02\/46108.jpg","caption":"22ct Gold Hoop Earring"},{"@type":"BreadcrumbList","@id":"https:\/\/www.purejewels.com\/product\/22ct-gold-fancy-hoop-earring-46108\/#breadcrumb","itemListElement":[{"@type":"ListItem","position":1,"name":"Home","item":"https:\/\/www.purejewels.com\/"},{"@type":"ListItem","position":2,"name":"Shop","item":"https:\/\/www.purejewels.com\/shop\/"},{"@type":"ListItem","position":3,"name":"22ct Gold Fancy Hoop Earring"}]},{"@type":"WebSite","@id":"https:\/\/www.purejewels.com\/#website","url":"https:\/\/www.purejewels.com\/","name":"PureJewels UK","description":"Teile die Liebe","publisher":{"@id":"https:\/\/www.purejewels.com\/#organization"},"potentialAction":[{"@type":"SearchAction","target":{"@type":"EntryPoint","urlTemplate":"https:\/\/www.purejewels.com\/?s={search_term_string}"},"query-input":{"@type":"PropertyValueSpecification","valueRequired":true,"valueName":"search_term_string"}}],"inLanguage":"de"},{"@type":"Organization","@id":"https:\/\/www.purejewels.com\/#organization","name":"PureJewels UK","url":"https:\/\/www.purejewels.com\/","logo":{"@type":"ImageObject","inLanguage":"de","@id":"https:\/\/www.purejewels.com\/#\/schema\/logo\/image\/","url":"https:\/\/static.purejewels.com\/wp-content\/uploads\/2020\/11\/Logo-PJ-New-1.png","contentUrl":"https:\/\/static.purejewels.com\/wp-content\/uploads\/2020\/11\/Logo-PJ-New-1.png","width":150,"height":80,"caption":"PureJewels UK"},"image":{"@id":"https:\/\/www.purejewels.com\/#\/schema\/logo\/image\/"}}]}},"_links":{"self":[{"href":"https:\/\/www.purejewels.com\/de\/wp-json\/wp\/v2\/product\/343555","targetHints":{"allow":["GET"]}}],"collection":[{"href":"https:\/\/www.purejewels.com\/de\/wp-json\/wp\/v2\/product"}],"about":[{"href":"https:\/\/www.purejewels.com\/de\/wp-json\/wp\/v2\/types\/product"}],"replies":[{"embeddable":true,"href":"https:\/\/www.purejewels.com\/de\/wp-json\/wp\/v2\/comments?post=343555"}],"version-history":[{"count":3,"href":"https:\/\/www.purejewels.com\/de\/wp-json\/wp\/v2\/product\/343555\/revisions"}],"predecessor-version":[{"id":420891,"href":"https:\/\/www.purejewels.com\/de\/wp-json\/wp\/v2\/product\/343555\/revisions\/420891"}],"wp:featuredmedia":[{"embeddable":true,"href":"https:\/\/www.purejewels.com\/de\/wp-json\/wp\/v2\/media\/356683"}],"wp:attachment":[{"href":"https:\/\/www.purejewels.com\/de\/wp-json\/wp\/v2\/media?parent=343555"}],"wp:term":[{"taxonomy":"product_brand","embeddable":true,"href":"https:\/\/www.purejewels.com\/de\/wp-json\/wp\/v2\/product_brand?post=343555"},{"taxonomy":"product_cat","embeddable":true,"href":"https:\/\/www.purejewels.com\/de\/wp-json\/wp\/v2\/product_cat?post=343555"},{"taxonomy":"product_tag","embeddable":true,"href":"https:\/\/www.purejewels.com\/de\/wp-json\/wp\/v2\/product_tag?post=343555"}],"curies":[{"name":"wp","href":"https:\/\/api.w.org\/{rel}","templated":true}]}}