{"id":343628,"date":"2025-08-10T06:37:58","date_gmt":"2025-08-10T05:37:58","guid":{"rendered":"https:\/\/www.purejewels.com\/?post_type=product&#038;p=343628"},"modified":"2026-04-29T06:42:51","modified_gmt":"2026-04-29T05:42:51","slug":"22ct-gold-fancy-hoop-ohrring-bali-fur-damen-52202","status":"publish","type":"product","link":"https:\/\/www.purejewels.com\/de\/product\/22ct-gold-fancy-hoop-earring-bali-for-ladies-52202\/","title":{"rendered":"22ct Gold Fancy Hoop Earrings f\u00fcr Damen"},"content":{"rendered":"<p data-start=\"570\" data-end=\"793\">Wir stellen vor:<strong data-start=\"586\" data-end=\"621\">\u00a022ct Gold Ohrringe<\/strong>, ein raffiniertes Symbol f\u00fcr Reise und Anmut. Gefertigt in <strong data-start=\"673\" data-end=\"695\">reines 22 Karat Gold<\/strong>diese <strong data-start=\"703\" data-end=\"739\">leichte Goldreifen f\u00fcr Frauen<\/strong> verbinden \u00f6stliche Eleganz mit modernem Minimalismus.<\/p>\n<p data-start=\"1081\" data-end=\"1239\">Ob Sie Ihren eigenen Stil kreieren oder ein bedeutungsvolles St\u00fcck verschenken m\u00f6chten, diese <strong data-start=\"1163\" data-end=\"1190\">Echte goldene Reif-Ohrringe<\/strong> sind eine dauerhafte Investition in Sch\u00f6nheit und Erbe.<\/p>\n<ul data-start=\"1241\" data-end=\"1550\">\n<li data-start=\"1241\" data-end=\"1308\">\n<p data-start=\"1243\" data-end=\"1308\"><strong data-start=\"1243\" data-end=\"1253\">Metall:<\/strong> 22 Karat Gelbgold (gestempelt vom London Assay Office)<\/p>\n<\/li>\n<li data-start=\"1309\" data-end=\"1336\">\n<p data-start=\"1311\" data-end=\"1336\"><strong data-start=\"1311\" data-end=\"1322\">Beenden:<\/strong> Hochpolnisch<\/p>\n<\/li>\n<li data-start=\"1337\" data-end=\"1362\">\n<p data-start=\"1339\" data-end=\"1362\"><strong data-start=\"1339\" data-end=\"1349\">Stil:<\/strong> Runder Reif mit Tropfen<\/p>\n<\/li>\n<li data-start=\"1363\" data-end=\"1392\"><strong data-start=\"1419\" data-end=\"1431\">Schlie\u00dfung:<\/strong> Sichere Schnappschlie\u00dfe<\/li>\n<\/ul>","protected":false},"excerpt":{"rendered":"<p>Entdecken Sie zeitlose Eleganz mit den 22ct Gold Hoop Earrings - handgefertigt aus reinem Gold f\u00fcr m\u00fchelosen Luxus im Alltag. Leicht, langlebig und strahlend - ideal f\u00fcr moderne Frauen, die Tradition und Minimalismus sch\u00e4tzen.<\/p>\n<p><strong>Material:<\/strong>\u00a022ct Gold<strong><br \/>\nWahrzeichen:\u00a0<\/strong>Britisches G\u00fctesiegel<strong><br \/>\n<\/strong><strong>Bruttogewicht: <\/strong>3 Gramm<br \/>\n<strong>Innendurchmesser:<\/strong> 15mm<br \/>\n<strong>SKU:<\/strong> 54673, 54612, 54611, 54609, 54608, 54607, 54605, 54604, 55287<\/p>\n<p><strong>Preis und Lieferung<\/strong>: Inklusive Mehrwertsteuer und Lieferkosten<br \/>\n<strong>Hinweis<\/strong>: Modell Bild ist f\u00fcr <strong>approaximate<\/strong> <strong>Gr\u00f6\u00dfe<\/strong> nur Referenz<\/p>\n<p><a href=\"https:\/\/www.purejewels.com\/de\/ruckgabepolitik\/\">R\u00fcckgabepolitik<\/a><\/p>","protected":false},"featured_media":401817,"comment_status":"closed","ping_status":"closed","template":"","meta":{"_eb_attr":"","_crsspst_to_jayantr4sg-hostcom":true},"product_brand":[],"product_cat":[1791,1793,1254,1229,1579,5609,5344,1570,1573,1574,5349],"product_tag":[66],"class_list":{"0":"post-343628","1":"product","2":"type-product","3":"status-publish","4":"has-post-thumbnail","6":"product_cat-anniversary-gifts","7":"product_cat-diwali-gifts","8":"product_cat-gold-earrings","9":"product_cat-22ct-gold-jewellery","10":"product_cat-hoop-earrings","11":"product_cat-hoop-with-droplets","12":"product_cat-jewellery-under-750","13":"product_cat-mothers-day-gifts","14":"product_cat-wedding-gifts","15":"product_cat-womens-jewellery","16":"product_cat-yellow-gold-jewellery","17":"product_tag-earrings","19":"first","20":"instock","21":"taxable","22":"shipping-taxable","23":"purchasable","24":"product-type-simple","25":"add-to-wishlist-before_image"},"yoast_head":"<!-- This site is optimized with the Yoast SEO plugin v27.5 - https:\/\/yoast.com\/product\/yoast-seo-wordpress\/ -->\n<title>22ct Gold Fancy Hoop Earring Bali for Ladies at purejewels.com<\/title>\n<meta name=\"description\" content=\"Buy 22ct Gold Fancy Hoop Earring Bali for Ladies and add a touch of luxury to your everyday look. Shop now and get free shipping.\" \/>\n<meta name=\"robots\" content=\"index, follow, max-snippet:-1, max-image-preview:large, max-video-preview:-1\" \/>\n<link rel=\"canonical\" href=\"https:\/\/www.purejewels.com\/de\/produkt-2\/22ct-gold-fancy-hoop-ohrring-bali-fur-damen-52202\/\" \/>\n<meta property=\"og:locale\" content=\"de_DE\" \/>\n<meta property=\"og:type\" content=\"article\" \/>\n<meta property=\"og:title\" content=\"22ct Gold Fancy Hoop Earring Bali for Ladies at purejewels.com\" \/>\n<meta property=\"og:description\" content=\"Buy 22ct Gold Fancy Hoop Earring Bali for Ladies and add a touch of luxury to your everyday look. Shop now and get free shipping.\" \/>\n<meta property=\"og:url\" content=\"https:\/\/www.purejewels.com\/de\/produkt-2\/22ct-gold-fancy-hoop-ohrring-bali-fur-damen-52202\/\" \/>\n<meta property=\"og:site_name\" content=\"PureJewels UK\" \/>\n<meta property=\"article:modified_time\" content=\"2026-04-29T05:42:51+00:00\" \/>\n<meta property=\"og:image\" content=\"https:\/\/static.purejewels.com\/wp-content\/uploads\/2023\/02\/SKU-52202.2.png\" \/>\n\t<meta property=\"og:image:width\" content=\"1000\" \/>\n\t<meta property=\"og:image:height\" content=\"1000\" \/>\n\t<meta property=\"og:image:type\" content=\"image\/png\" \/>\n<meta name=\"twitter:card\" content=\"summary_large_image\" \/>\n<meta name=\"twitter:label1\" content=\"Gesch\u00e4tzte Lesezeit\" \/>\n\t<meta name=\"twitter:data1\" content=\"1\u00a0Minute\" \/>\n<script type=\"application\/ld+json\" class=\"yoast-schema-graph\">{\"@context\":\"https:\\\/\\\/schema.org\",\"@graph\":[{\"@type\":[\"WebPage\",\"ItemPage\"],\"@id\":\"https:\\\/\\\/www.purejewels.com\\\/product\\\/22ct-gold-fancy-hoop-earring-bali-for-ladies-52202\\\/\",\"url\":\"https:\\\/\\\/www.purejewels.com\\\/product\\\/22ct-gold-fancy-hoop-earring-bali-for-ladies-52202\\\/\",\"name\":\"22ct Gold Fancy Hoop Earring Bali for Ladies at purejewels.com\",\"isPartOf\":{\"@id\":\"https:\\\/\\\/www.purejewels.com\\\/#website\"},\"primaryImageOfPage\":{\"@id\":\"https:\\\/\\\/www.purejewels.com\\\/product\\\/22ct-gold-fancy-hoop-earring-bali-for-ladies-52202\\\/#primaryimage\"},\"image\":{\"@id\":\"https:\\\/\\\/www.purejewels.com\\\/product\\\/22ct-gold-fancy-hoop-earring-bali-for-ladies-52202\\\/#primaryimage\"},\"thumbnailUrl\":\"https:\\\/\\\/static.purejewels.com\\\/wp-content\\\/uploads\\\/2023\\\/02\\\/SKU-52202.2.png\",\"datePublished\":\"2025-08-10T05:37:58+00:00\",\"dateModified\":\"2026-04-29T05:42:51+00:00\",\"description\":\"Buy 22ct Gold Fancy Hoop Earring Bali for Ladies and add a touch of luxury to your everyday look. Shop now and get free shipping.\",\"breadcrumb\":{\"@id\":\"https:\\\/\\\/www.purejewels.com\\\/product\\\/22ct-gold-fancy-hoop-earring-bali-for-ladies-52202\\\/#breadcrumb\"},\"inLanguage\":\"de\",\"potentialAction\":[{\"@type\":\"ReadAction\",\"target\":[\"https:\\\/\\\/www.purejewels.com\\\/product\\\/22ct-gold-fancy-hoop-earring-bali-for-ladies-52202\\\/\"]}]},{\"@type\":\"ImageObject\",\"inLanguage\":\"de\",\"@id\":\"https:\\\/\\\/www.purejewels.com\\\/product\\\/22ct-gold-fancy-hoop-earring-bali-for-ladies-52202\\\/#primaryimage\",\"url\":\"https:\\\/\\\/static.purejewels.com\\\/wp-content\\\/uploads\\\/2023\\\/02\\\/SKU-52202.2.png\",\"contentUrl\":\"https:\\\/\\\/static.purejewels.com\\\/wp-content\\\/uploads\\\/2023\\\/02\\\/SKU-52202.2.png\",\"width\":1000,\"height\":1000,\"caption\":\"22ct Gold Fancy Hoop Earrings for Ladies\"},{\"@type\":\"BreadcrumbList\",\"@id\":\"https:\\\/\\\/www.purejewels.com\\\/product\\\/22ct-gold-fancy-hoop-earring-bali-for-ladies-52202\\\/#breadcrumb\",\"itemListElement\":[{\"@type\":\"ListItem\",\"position\":1,\"name\":\"Home\",\"item\":\"https:\\\/\\\/www.purejewels.com\\\/\"},{\"@type\":\"ListItem\",\"position\":2,\"name\":\"Shop\",\"item\":\"https:\\\/\\\/www.purejewels.com\\\/shop\\\/\"},{\"@type\":\"ListItem\",\"position\":3,\"name\":\"22ct Gold Fancy Hoop Earrings for Ladies\"}]},{\"@type\":\"WebSite\",\"@id\":\"https:\\\/\\\/www.purejewels.com\\\/#website\",\"url\":\"https:\\\/\\\/www.purejewels.com\\\/\",\"name\":\"PureJewels UK\",\"description\":\"Share the Love\",\"publisher\":{\"@id\":\"https:\\\/\\\/www.purejewels.com\\\/#organization\"},\"potentialAction\":[{\"@type\":\"SearchAction\",\"target\":{\"@type\":\"EntryPoint\",\"urlTemplate\":\"https:\\\/\\\/www.purejewels.com\\\/?s={search_term_string}\"},\"query-input\":{\"@type\":\"PropertyValueSpecification\",\"valueRequired\":true,\"valueName\":\"search_term_string\"}}],\"inLanguage\":\"de\"},{\"@type\":\"Organization\",\"@id\":\"https:\\\/\\\/www.purejewels.com\\\/#organization\",\"name\":\"PureJewels UK\",\"url\":\"https:\\\/\\\/www.purejewels.com\\\/\",\"logo\":{\"@type\":\"ImageObject\",\"inLanguage\":\"de\",\"@id\":\"https:\\\/\\\/www.purejewels.com\\\/#\\\/schema\\\/logo\\\/image\\\/\",\"url\":\"https:\\\/\\\/static.purejewels.com\\\/wp-content\\\/uploads\\\/2020\\\/11\\\/Logo-PJ-New-1.png\",\"contentUrl\":\"https:\\\/\\\/static.purejewels.com\\\/wp-content\\\/uploads\\\/2020\\\/11\\\/Logo-PJ-New-1.png\",\"width\":150,\"height\":80,\"caption\":\"PureJewels UK\"},\"image\":{\"@id\":\"https:\\\/\\\/www.purejewels.com\\\/#\\\/schema\\\/logo\\\/image\\\/\"}}]}<\/script>\n<!-- \/ Yoast SEO plugin. -->","yoast_head_json":{"title":"22ct Gold Fancy Hoop Earring Bali f\u00fcr Damen bei purejewels.com","description":"Kaufen Sie 22ct Gold Fancy Hoop Earring Bali f\u00fcr Damen und f\u00fcgen Sie einen Hauch von Luxus zu Ihrem t\u00e4glichen Look. Jetzt einkaufen und kostenlosen Versand erhalten.","robots":{"index":"index","follow":"follow","max-snippet":"max-snippet:-1","max-image-preview":"max-image-preview:large","max-video-preview":"max-video-preview:-1"},"canonical":"https:\/\/www.purejewels.com\/de\/produkt-2\/22ct-gold-fancy-hoop-ohrring-bali-fur-damen-52202\/","og_locale":"de_DE","og_type":"article","og_title":"22ct Gold Fancy Hoop Earring Bali for Ladies at purejewels.com","og_description":"Buy 22ct Gold Fancy Hoop Earring Bali for Ladies and add a touch of luxury to your everyday look. Shop now and get free shipping.","og_url":"https:\/\/www.purejewels.com\/de\/produkt-2\/22ct-gold-fancy-hoop-ohrring-bali-fur-damen-52202\/","og_site_name":"PureJewels UK","article_modified_time":"2026-04-29T05:42:51+00:00","og_image":[{"width":1000,"height":1000,"url":"https:\/\/static.purejewels.com\/wp-content\/uploads\/2023\/02\/SKU-52202.2.png","type":"image\/png"}],"twitter_card":"summary_large_image","twitter_misc":{"Gesch\u00e4tzte Lesezeit":"1\u00a0Minute"},"schema":{"@context":"https:\/\/schema.org","@graph":[{"@type":["WebPage","ItemPage"],"@id":"https:\/\/www.purejewels.com\/product\/22ct-gold-fancy-hoop-earring-bali-for-ladies-52202\/","url":"https:\/\/www.purejewels.com\/product\/22ct-gold-fancy-hoop-earring-bali-for-ladies-52202\/","name":"22ct Gold Fancy Hoop Earring Bali f\u00fcr Damen bei purejewels.com","isPartOf":{"@id":"https:\/\/www.purejewels.com\/#website"},"primaryImageOfPage":{"@id":"https:\/\/www.purejewels.com\/product\/22ct-gold-fancy-hoop-earring-bali-for-ladies-52202\/#primaryimage"},"image":{"@id":"https:\/\/www.purejewels.com\/product\/22ct-gold-fancy-hoop-earring-bali-for-ladies-52202\/#primaryimage"},"thumbnailUrl":"https:\/\/static.purejewels.com\/wp-content\/uploads\/2023\/02\/SKU-52202.2.png","datePublished":"2025-08-10T05:37:58+00:00","dateModified":"2026-04-29T05:42:51+00:00","description":"Kaufen Sie 22ct Gold Fancy Hoop Earring Bali f\u00fcr Damen und f\u00fcgen Sie einen Hauch von Luxus zu Ihrem t\u00e4glichen Look. Jetzt einkaufen und kostenlosen Versand erhalten.","breadcrumb":{"@id":"https:\/\/www.purejewels.com\/product\/22ct-gold-fancy-hoop-earring-bali-for-ladies-52202\/#breadcrumb"},"inLanguage":"de","potentialAction":[{"@type":"ReadAction","target":["https:\/\/www.purejewels.com\/product\/22ct-gold-fancy-hoop-earring-bali-for-ladies-52202\/"]}]},{"@type":"ImageObject","inLanguage":"de","@id":"https:\/\/www.purejewels.com\/product\/22ct-gold-fancy-hoop-earring-bali-for-ladies-52202\/#primaryimage","url":"https:\/\/static.purejewels.com\/wp-content\/uploads\/2023\/02\/SKU-52202.2.png","contentUrl":"https:\/\/static.purejewels.com\/wp-content\/uploads\/2023\/02\/SKU-52202.2.png","width":1000,"height":1000,"caption":"22ct Gold Fancy Hoop Earrings for Ladies"},{"@type":"BreadcrumbList","@id":"https:\/\/www.purejewels.com\/product\/22ct-gold-fancy-hoop-earring-bali-for-ladies-52202\/#breadcrumb","itemListElement":[{"@type":"ListItem","position":1,"name":"Home","item":"https:\/\/www.purejewels.com\/"},{"@type":"ListItem","position":2,"name":"Shop","item":"https:\/\/www.purejewels.com\/shop\/"},{"@type":"ListItem","position":3,"name":"22ct Gold Fancy Hoop Earrings for Ladies"}]},{"@type":"WebSite","@id":"https:\/\/www.purejewels.com\/#website","url":"https:\/\/www.purejewels.com\/","name":"PureJewels UK","description":"Teile die Liebe","publisher":{"@id":"https:\/\/www.purejewels.com\/#organization"},"potentialAction":[{"@type":"SearchAction","target":{"@type":"EntryPoint","urlTemplate":"https:\/\/www.purejewels.com\/?s={search_term_string}"},"query-input":{"@type":"PropertyValueSpecification","valueRequired":true,"valueName":"search_term_string"}}],"inLanguage":"de"},{"@type":"Organization","@id":"https:\/\/www.purejewels.com\/#organization","name":"PureJewels UK","url":"https:\/\/www.purejewels.com\/","logo":{"@type":"ImageObject","inLanguage":"de","@id":"https:\/\/www.purejewels.com\/#\/schema\/logo\/image\/","url":"https:\/\/static.purejewels.com\/wp-content\/uploads\/2020\/11\/Logo-PJ-New-1.png","contentUrl":"https:\/\/static.purejewels.com\/wp-content\/uploads\/2020\/11\/Logo-PJ-New-1.png","width":150,"height":80,"caption":"PureJewels UK"},"image":{"@id":"https:\/\/www.purejewels.com\/#\/schema\/logo\/image\/"}}]}},"_links":{"self":[{"href":"https:\/\/www.purejewels.com\/de\/wp-json\/wp\/v2\/product\/343628","targetHints":{"allow":["GET"]}}],"collection":[{"href":"https:\/\/www.purejewels.com\/de\/wp-json\/wp\/v2\/product"}],"about":[{"href":"https:\/\/www.purejewels.com\/de\/wp-json\/wp\/v2\/types\/product"}],"replies":[{"embeddable":true,"href":"https:\/\/www.purejewels.com\/de\/wp-json\/wp\/v2\/comments?post=343628"}],"version-history":[{"count":4,"href":"https:\/\/www.purejewels.com\/de\/wp-json\/wp\/v2\/product\/343628\/revisions"}],"predecessor-version":[{"id":428119,"href":"https:\/\/www.purejewels.com\/de\/wp-json\/wp\/v2\/product\/343628\/revisions\/428119"}],"wp:featuredmedia":[{"embeddable":true,"href":"https:\/\/www.purejewels.com\/de\/wp-json\/wp\/v2\/media\/401817"}],"wp:attachment":[{"href":"https:\/\/www.purejewels.com\/de\/wp-json\/wp\/v2\/media?parent=343628"}],"wp:term":[{"taxonomy":"product_brand","embeddable":true,"href":"https:\/\/www.purejewels.com\/de\/wp-json\/wp\/v2\/product_brand?post=343628"},{"taxonomy":"product_cat","embeddable":true,"href":"https:\/\/www.purejewels.com\/de\/wp-json\/wp\/v2\/product_cat?post=343628"},{"taxonomy":"product_tag","embeddable":true,"href":"https:\/\/www.purejewels.com\/de\/wp-json\/wp\/v2\/product_tag?post=343628"}],"curies":[{"name":"wp","href":"https:\/\/api.w.org\/{rel}","templated":true}]}}