{"id":343662,"date":"2023-02-08T09:44:42","date_gmt":"2023-02-08T09:44:42","guid":{"rendered":"https:\/\/www.purejewels.com\/?post_type=product&#038;p=343662"},"modified":"2025-11-06T09:26:56","modified_gmt":"2025-11-06T09:26:56","slug":"22ct-gold-plain-nasenring-fur-damen-44037","status":"publish","type":"product","link":"https:\/\/www.purejewels.com\/de\/product\/22ct-gold-plain-nose-ring-for-ladies-44037\/","title":{"rendered":"22ct Gold Plain Nose Ring f\u00fcr Damen"},"content":{"rendered":"<p>Dieser elegante, schlichte Nasenring aus 22-kar\u00e4tigem Gold, der speziell f\u00fcr Frauen entworfen wurde, wertet Ihren Alltagslook auf. Dieser mit Pr\u00e4zision und Liebe zum Detail gefertigte Nasenring ist perfekt f\u00fcr den t\u00e4glichen Gebrauch und verleiht jedem Outfit einen Hauch von Raffinesse. Die klassische Gelbgoldfarbe passt zu allen Hautt\u00f6nen und verleiht Ihrem Outfit einen subtilen Hauch von Luxus.<\/p>\n<p>Dieser leichte Nasenring wiegt nur 0,1 Gramm und ist daher den ganzen Tag \u00fcber angenehm zu tragen.<\/p>\n<p>Wenn Sie Fragen zur Verf\u00fcgbarkeit haben oder weitere Bilder dieses Nasenrings aus purem Gold sehen m\u00f6chten, steht Ihnen unser Kundenservice gerne zur Verf\u00fcgung. Erg\u00e4nzen Sie Ihre Accessoire-Kollektion mit diesem zeitlosen Schmuckst\u00fcck, das Eleganz und Stil ausstrahlt.<\/p>","protected":false},"excerpt":{"rendered":"<table class=\"sh_desc\">\n<tbody>\n<tr>\n<td>Typ des Nasenstifts<\/td>\n<td>Gelbgold Nasenring<\/td>\n<\/tr>\n<tr>\n<td>SKU<\/td>\n<td>44037<\/td>\n<\/tr>\n<tr>\n<td>Gewicht<\/td>\n<td>0,1 Gramm<\/td>\n<\/tr>\n<tr>\n<td>Metall<\/td>\n<td>22ct Gold<\/td>\n<\/tr>\n<tr>\n<td>Entgelte<\/td>\n<td>Lieferung und Mehrwertsteuer inbegriffen<\/td>\n<\/tr>\n<tr>\n<td>Verpackung<\/td>\n<td>Mit Pr\u00e4sentationsbox<\/td>\n<\/tr>\n<tr>\n<td>Mehr Informationen<\/td>\n<td>Live-Chat mit uns f\u00fcr Verf\u00fcgbarkeit und mehr Bilder von Pure Gold Nose Ring<\/td>\n<\/tr>\n<\/tbody>\n<\/table>\n<p>&nbsp;<\/p>","protected":false},"featured_media":343678,"comment_status":"closed","ping_status":"closed","template":"","meta":{"_eb_attr":"","_crsspst_to_jayantr4sg-hostcom":false},"product_brand":[],"product_cat":[1712,5342,1463,5338],"product_tag":[],"class_list":{"0":"post-343662","1":"product","2":"type-product","3":"status-publish","4":"has-post-thumbnail","6":"product_cat-gold-nose-ring","7":"product_cat-jewellery-under-250","8":"product_cat-gold-nose-pins","9":"product_cat-shop-by-price","11":"first","12":"outofstock","13":"taxable","14":"shipping-taxable","15":"product-type-simple","16":"add-to-wishlist-before_image"},"yoast_head":"<!-- This site is optimized with the Yoast SEO plugin v27.3 - https:\/\/yoast.com\/product\/yoast-seo-wordpress\/ -->\n<title>Plain Ladies Nose Ring in 22ct gold for daily wear<\/title>\n<meta name=\"description\" content=\"This Plain Yellow Gold Ladies Nose Pin Ring in 22ct gold is easy to wear. Order online for free delivery at UK . | Online shop\" \/>\n<meta name=\"robots\" content=\"index, follow, max-snippet:-1, max-image-preview:large, max-video-preview:-1\" \/>\n<link rel=\"canonical\" href=\"https:\/\/www.purejewels.com\/de\/produkt-2\/22ct-gold-plain-nasenring-fur-damen-44037\/\" \/>\n<meta property=\"og:locale\" content=\"de_DE\" \/>\n<meta property=\"og:type\" content=\"article\" \/>\n<meta property=\"og:title\" content=\"Plain Ladies Nose Ring in 22ct gold for daily wear\" \/>\n<meta property=\"og:description\" content=\"This Plain Yellow Gold Ladies Nose Pin Ring in 22ct gold is easy to wear. Order online for free delivery at UK . | Online shop\" \/>\n<meta property=\"og:url\" content=\"https:\/\/www.purejewels.com\/de\/produkt-2\/22ct-gold-plain-nasenring-fur-damen-44037\/\" \/>\n<meta property=\"og:site_name\" content=\"PureJewels UK\" \/>\n<meta property=\"article:modified_time\" content=\"2025-11-06T09:26:56+00:00\" \/>\n<meta property=\"og:image\" content=\"https:\/\/www.purejewels.com\/wp-content\/uploads\/2023\/02\/44037-1.jpg\" \/>\n\t<meta property=\"og:image:width\" content=\"1000\" \/>\n\t<meta property=\"og:image:height\" content=\"1000\" \/>\n\t<meta property=\"og:image:type\" content=\"image\/jpeg\" \/>\n<meta name=\"twitter:card\" content=\"summary_large_image\" \/>\n<meta name=\"twitter:label1\" content=\"Gesch\u00e4tzte Lesezeit\" \/>\n\t<meta name=\"twitter:data1\" content=\"1\u00a0Minute\" \/>\n<script type=\"application\/ld+json\" class=\"yoast-schema-graph\">{\"@context\":\"https:\\\/\\\/schema.org\",\"@graph\":[{\"@type\":[\"WebPage\",\"ItemPage\"],\"@id\":\"https:\\\/\\\/www.purejewels.com\\\/product\\\/22ct-gold-plain-nose-ring-for-ladies-44037\\\/\",\"url\":\"https:\\\/\\\/www.purejewels.com\\\/product\\\/22ct-gold-plain-nose-ring-for-ladies-44037\\\/\",\"name\":\"Plain Ladies Nose Ring in 22ct gold for daily wear\",\"isPartOf\":{\"@id\":\"https:\\\/\\\/www.purejewels.com\\\/#website\"},\"primaryImageOfPage\":{\"@id\":\"https:\\\/\\\/www.purejewels.com\\\/product\\\/22ct-gold-plain-nose-ring-for-ladies-44037\\\/#primaryimage\"},\"image\":{\"@id\":\"https:\\\/\\\/www.purejewels.com\\\/product\\\/22ct-gold-plain-nose-ring-for-ladies-44037\\\/#primaryimage\"},\"thumbnailUrl\":\"https:\\\/\\\/static.purejewels.com\\\/wp-content\\\/uploads\\\/2023\\\/02\\\/44037-1.jpg\",\"datePublished\":\"2023-02-08T09:44:42+00:00\",\"dateModified\":\"2025-11-06T09:26:56+00:00\",\"description\":\"This Plain Yellow Gold Ladies Nose Pin Ring in 22ct gold is easy to wear. Order online for free delivery at UK . | Online shop\",\"breadcrumb\":{\"@id\":\"https:\\\/\\\/www.purejewels.com\\\/product\\\/22ct-gold-plain-nose-ring-for-ladies-44037\\\/#breadcrumb\"},\"inLanguage\":\"de\",\"potentialAction\":[{\"@type\":\"ReadAction\",\"target\":[\"https:\\\/\\\/www.purejewels.com\\\/product\\\/22ct-gold-plain-nose-ring-for-ladies-44037\\\/\"]}]},{\"@type\":\"ImageObject\",\"inLanguage\":\"de\",\"@id\":\"https:\\\/\\\/www.purejewels.com\\\/product\\\/22ct-gold-plain-nose-ring-for-ladies-44037\\\/#primaryimage\",\"url\":\"https:\\\/\\\/static.purejewels.com\\\/wp-content\\\/uploads\\\/2023\\\/02\\\/44037-1.jpg\",\"contentUrl\":\"https:\\\/\\\/static.purejewels.com\\\/wp-content\\\/uploads\\\/2023\\\/02\\\/44037-1.jpg\",\"width\":1000,\"height\":1000,\"caption\":\"22ct Gold Plain Nose Ring for Ladies\"},{\"@type\":\"BreadcrumbList\",\"@id\":\"https:\\\/\\\/www.purejewels.com\\\/product\\\/22ct-gold-plain-nose-ring-for-ladies-44037\\\/#breadcrumb\",\"itemListElement\":[{\"@type\":\"ListItem\",\"position\":1,\"name\":\"Home\",\"item\":\"https:\\\/\\\/www.purejewels.com\\\/\"},{\"@type\":\"ListItem\",\"position\":2,\"name\":\"Shop\",\"item\":\"https:\\\/\\\/www.purejewels.com\\\/shop\\\/\"},{\"@type\":\"ListItem\",\"position\":3,\"name\":\"22ct Gold Plain Nose Ring for Ladies\"}]},{\"@type\":\"WebSite\",\"@id\":\"https:\\\/\\\/www.purejewels.com\\\/#website\",\"url\":\"https:\\\/\\\/www.purejewels.com\\\/\",\"name\":\"PureJewels UK\",\"description\":\"Share the Love\",\"publisher\":{\"@id\":\"https:\\\/\\\/www.purejewels.com\\\/#organization\"},\"potentialAction\":[{\"@type\":\"SearchAction\",\"target\":{\"@type\":\"EntryPoint\",\"urlTemplate\":\"https:\\\/\\\/www.purejewels.com\\\/?s={search_term_string}\"},\"query-input\":{\"@type\":\"PropertyValueSpecification\",\"valueRequired\":true,\"valueName\":\"search_term_string\"}}],\"inLanguage\":\"de\"},{\"@type\":\"Organization\",\"@id\":\"https:\\\/\\\/www.purejewels.com\\\/#organization\",\"name\":\"PureJewels UK\",\"url\":\"https:\\\/\\\/www.purejewels.com\\\/\",\"logo\":{\"@type\":\"ImageObject\",\"inLanguage\":\"de\",\"@id\":\"https:\\\/\\\/www.purejewels.com\\\/#\\\/schema\\\/logo\\\/image\\\/\",\"url\":\"https:\\\/\\\/static.purejewels.com\\\/wp-content\\\/uploads\\\/2020\\\/11\\\/Logo-PJ-New-1.png\",\"contentUrl\":\"https:\\\/\\\/static.purejewels.com\\\/wp-content\\\/uploads\\\/2020\\\/11\\\/Logo-PJ-New-1.png\",\"width\":150,\"height\":80,\"caption\":\"PureJewels UK\"},\"image\":{\"@id\":\"https:\\\/\\\/www.purejewels.com\\\/#\\\/schema\\\/logo\\\/image\\\/\"}}]}<\/script>\n<!-- \/ Yoast SEO plugin. -->","yoast_head_json":{"title":"Schlichter Damen Nasenring aus 22 Karat Gold f\u00fcr den t\u00e4glichen Gebrauch","description":"Diese Plain Gelbgold Damen Nose Pin Ring in 22ct Gold ist einfach zu tragen. Bestellen Sie online f\u00fcr kostenlose Lieferung in Gro\u00dfbritannien. | Online Gesch\u00e4ft","robots":{"index":"index","follow":"follow","max-snippet":"max-snippet:-1","max-image-preview":"max-image-preview:large","max-video-preview":"max-video-preview:-1"},"canonical":"https:\/\/www.purejewels.com\/de\/produkt-2\/22ct-gold-plain-nasenring-fur-damen-44037\/","og_locale":"de_DE","og_type":"article","og_title":"Plain Ladies Nose Ring in 22ct gold for daily wear","og_description":"This Plain Yellow Gold Ladies Nose Pin Ring in 22ct gold is easy to wear. Order online for free delivery at UK . | Online shop","og_url":"https:\/\/www.purejewels.com\/de\/produkt-2\/22ct-gold-plain-nasenring-fur-damen-44037\/","og_site_name":"PureJewels UK","article_modified_time":"2025-11-06T09:26:56+00:00","og_image":[{"width":1000,"height":1000,"url":"https:\/\/www.purejewels.com\/wp-content\/uploads\/2023\/02\/44037-1.jpg","type":"image\/jpeg"}],"twitter_card":"summary_large_image","twitter_misc":{"Gesch\u00e4tzte Lesezeit":"1\u00a0Minute"},"schema":{"@context":"https:\/\/schema.org","@graph":[{"@type":["WebPage","ItemPage"],"@id":"https:\/\/www.purejewels.com\/product\/22ct-gold-plain-nose-ring-for-ladies-44037\/","url":"https:\/\/www.purejewels.com\/product\/22ct-gold-plain-nose-ring-for-ladies-44037\/","name":"Schlichter Damen Nasenring aus 22 Karat Gold f\u00fcr den t\u00e4glichen Gebrauch","isPartOf":{"@id":"https:\/\/www.purejewels.com\/#website"},"primaryImageOfPage":{"@id":"https:\/\/www.purejewels.com\/product\/22ct-gold-plain-nose-ring-for-ladies-44037\/#primaryimage"},"image":{"@id":"https:\/\/www.purejewels.com\/product\/22ct-gold-plain-nose-ring-for-ladies-44037\/#primaryimage"},"thumbnailUrl":"https:\/\/static.purejewels.com\/wp-content\/uploads\/2023\/02\/44037-1.jpg","datePublished":"2023-02-08T09:44:42+00:00","dateModified":"2025-11-06T09:26:56+00:00","description":"Diese Plain Gelbgold Damen Nose Pin Ring in 22ct Gold ist einfach zu tragen. Bestellen Sie online f\u00fcr kostenlose Lieferung in Gro\u00dfbritannien. | Online Gesch\u00e4ft","breadcrumb":{"@id":"https:\/\/www.purejewels.com\/product\/22ct-gold-plain-nose-ring-for-ladies-44037\/#breadcrumb"},"inLanguage":"de","potentialAction":[{"@type":"ReadAction","target":["https:\/\/www.purejewels.com\/product\/22ct-gold-plain-nose-ring-for-ladies-44037\/"]}]},{"@type":"ImageObject","inLanguage":"de","@id":"https:\/\/www.purejewels.com\/product\/22ct-gold-plain-nose-ring-for-ladies-44037\/#primaryimage","url":"https:\/\/static.purejewels.com\/wp-content\/uploads\/2023\/02\/44037-1.jpg","contentUrl":"https:\/\/static.purejewels.com\/wp-content\/uploads\/2023\/02\/44037-1.jpg","width":1000,"height":1000,"caption":"22ct Gold Plain Nose Ring for Ladies"},{"@type":"BreadcrumbList","@id":"https:\/\/www.purejewels.com\/product\/22ct-gold-plain-nose-ring-for-ladies-44037\/#breadcrumb","itemListElement":[{"@type":"ListItem","position":1,"name":"Home","item":"https:\/\/www.purejewels.com\/"},{"@type":"ListItem","position":2,"name":"Shop","item":"https:\/\/www.purejewels.com\/shop\/"},{"@type":"ListItem","position":3,"name":"22ct Gold Plain Nose Ring for Ladies"}]},{"@type":"WebSite","@id":"https:\/\/www.purejewels.com\/#website","url":"https:\/\/www.purejewels.com\/","name":"PureJewels UK","description":"Teile die Liebe","publisher":{"@id":"https:\/\/www.purejewels.com\/#organization"},"potentialAction":[{"@type":"SearchAction","target":{"@type":"EntryPoint","urlTemplate":"https:\/\/www.purejewels.com\/?s={search_term_string}"},"query-input":{"@type":"PropertyValueSpecification","valueRequired":true,"valueName":"search_term_string"}}],"inLanguage":"de"},{"@type":"Organization","@id":"https:\/\/www.purejewels.com\/#organization","name":"PureJewels UK","url":"https:\/\/www.purejewels.com\/","logo":{"@type":"ImageObject","inLanguage":"de","@id":"https:\/\/www.purejewels.com\/#\/schema\/logo\/image\/","url":"https:\/\/static.purejewels.com\/wp-content\/uploads\/2020\/11\/Logo-PJ-New-1.png","contentUrl":"https:\/\/static.purejewels.com\/wp-content\/uploads\/2020\/11\/Logo-PJ-New-1.png","width":150,"height":80,"caption":"PureJewels UK"},"image":{"@id":"https:\/\/www.purejewels.com\/#\/schema\/logo\/image\/"}}]}},"_links":{"self":[{"href":"https:\/\/www.purejewels.com\/de\/wp-json\/wp\/v2\/product\/343662","targetHints":{"allow":["GET"]}}],"collection":[{"href":"https:\/\/www.purejewels.com\/de\/wp-json\/wp\/v2\/product"}],"about":[{"href":"https:\/\/www.purejewels.com\/de\/wp-json\/wp\/v2\/types\/product"}],"replies":[{"embeddable":true,"href":"https:\/\/www.purejewels.com\/de\/wp-json\/wp\/v2\/comments?post=343662"}],"version-history":[{"count":2,"href":"https:\/\/www.purejewels.com\/de\/wp-json\/wp\/v2\/product\/343662\/revisions"}],"predecessor-version":[{"id":420377,"href":"https:\/\/www.purejewels.com\/de\/wp-json\/wp\/v2\/product\/343662\/revisions\/420377"}],"wp:featuredmedia":[{"embeddable":true,"href":"https:\/\/www.purejewels.com\/de\/wp-json\/wp\/v2\/media\/343678"}],"wp:attachment":[{"href":"https:\/\/www.purejewels.com\/de\/wp-json\/wp\/v2\/media?parent=343662"}],"wp:term":[{"taxonomy":"product_brand","embeddable":true,"href":"https:\/\/www.purejewels.com\/de\/wp-json\/wp\/v2\/product_brand?post=343662"},{"taxonomy":"product_cat","embeddable":true,"href":"https:\/\/www.purejewels.com\/de\/wp-json\/wp\/v2\/product_cat?post=343662"},{"taxonomy":"product_tag","embeddable":true,"href":"https:\/\/www.purejewels.com\/de\/wp-json\/wp\/v2\/product_tag?post=343662"}],"curies":[{"name":"wp","href":"https:\/\/api.w.org\/{rel}","templated":true}]}}