{"id":343702,"date":"2025-09-24T02:02:59","date_gmt":"2025-09-24T01:02:59","guid":{"rendered":"https:\/\/www.purejewels.com\/?post_type=product&#038;p=343702"},"modified":"2026-04-20T12:15:36","modified_gmt":"2026-04-20T11:15:36","slug":"22ct-gold-schwarz-perle-mangalsura-armband-rosette-sammlung-47437","status":"publish","type":"product","link":"https:\/\/www.purejewels.com\/de\/product\/22ct-gold-black-bead-mangalsura-bracelet-rosette-collection-47437\/","title":{"rendered":"22ct Gold Schwarzes Glasperlenarmband | 7 Zentimeter"},"content":{"rendered":"<h3 data-start=\"906\" data-end=\"930\"><strong data-start=\"910\" data-end=\"928\">Designkonzept<\/strong><\/h3>\n<p data-start=\"931\" data-end=\"1294\">Inspiriert durch das nat\u00fcrliche Wechselspiel von Licht und Schatten, spiegelt dieses St\u00fcck die f\u00fcr die Rosettes Collection typische Mischung aus zarter Form und reicher Symbolik wider. Die dunklen, leuchtenden Perlen stehen f\u00fcr Geheimnis und Tiefe, w\u00e4hrend die goldenen Elemente W\u00e4rme und Reinheit ausstrahlen. Zusammen erz\u00e4hlen sie eine Geschichte von Kontrast, Gleichgewicht und Sch\u00f6nheit - verwurzelt in der Tradition, aber gestylt f\u00fcr heute.<\/p>\n<h3 data-start=\"1301\" data-end=\"1324\"><strong data-start=\"1305\" data-end=\"1322\">Handwerkliches K\u00f6nnen<\/strong><\/h3>\n<p data-start=\"1325\" data-end=\"1676\">Jede Glasperle ist einzeln handgefertigt, perfekt poliert und mit Akzenten aus hochreinem 22-kar\u00e4tigem Gold versehen. Das St\u00fcck ist vom London Assay Office gepunzt, was seine Echtheit und den Goldstandard best\u00e4tigt. Dieses leichte und raffinierte Armband ist ein Beweis f\u00fcr PureJewels\u2019 Engagement f\u00fcr handwerkliche Finesse und kulturelle Eleganz.<\/p>\n<h3 data-start=\"1683\" data-end=\"1706\"><strong data-start=\"1687\" data-end=\"1704\">Styling-Ideen<\/strong><\/h3>\n<ul>\n<li data-start=\"1709\" data-end=\"1798\">Tragen Sie es solo f\u00fcr einen unaufdringlichen, aber schicken Look zu westlicher und traditioneller Kleidung<\/li>\n<li data-start=\"1801\" data-end=\"1882\">Stapelbar mit anderen goldenen Armreifen oder feinen Armb\u00e4ndern f\u00fcr einen modernen, mehrschichtigen Stil<\/li>\n<li data-start=\"1885\" data-end=\"1967\">Erg\u00e4nzt einfarbige oder juwelenfarbene Outfits mit m\u00fcheloser Raffinesse<\/li>\n<li data-start=\"1970\" data-end=\"2050\">Eine wunderbare Erg\u00e4nzung f\u00fcr den \u00dcbergang vom Tag zum Abend, vom Brunch zum Smoking<\/li>\n<\/ul>","protected":false},"excerpt":{"rendered":"<table class=\"sh_desc\">\n<tbody>\n<tr>\n<td>Typ des Armbands<\/td>\n<td>Frauen-Armband<\/td>\n<\/tr>\n<tr>\n<td>SKU<\/td>\n<td>55476, 55477<\/td>\n<\/tr>\n<tr>\n<td>Bruttogewicht<\/td>\n<td>2,77 Gramm<\/td>\n<\/tr>\n<tr>\n<td>Nettogewicht<\/td>\n<td>2.39 Gms<\/td>\n<\/tr>\n<tr>\n<td>L\u00e4nge<\/td>\n<td>7 Zoll<\/td>\n<\/tr>\n<tr>\n<td>Breite<\/td>\n<td>5 mm<\/td>\n<\/tr>\n<tr>\n<td>Sammlung<\/td>\n<td><strong>Kollektion Rosette<\/strong><\/td>\n<\/tr>\n<tr>\n<td>Wahrzeichen<\/td>\n<td>22ct Gold gestempelt von London Assay Office<\/td>\n<\/tr>\n<tr>\n<td>Entgelte<\/td>\n<td>Lieferung und Mehrwertsteuer inbegriffen<\/td>\n<\/tr>\n<tr>\n<td>Verpackung<\/td>\n<td>Mit Pr\u00e4sentationsbox<\/td>\n<\/tr>\n<tr>\n<td>Mehr Informationen<\/td>\n<td>Live-Chat mit uns f\u00fcr die Verf\u00fcgbarkeit und mehr Bilder von Gold Bracelet<\/td>\n<\/tr>\n<\/tbody>\n<\/table>","protected":false},"featured_media":364374,"comment_status":"closed","ping_status":"closed","template":"","meta":{"_eb_attr":"","_crsspst_to_jayantr4sg-hostcom":false},"product_brand":[],"product_cat":[1791,5441,1559,1790,1324,1229,5586,1656,1573,1574],"product_tag":[],"class_list":{"0":"post-343702","1":"product","2":"type-product","3":"status-publish","4":"has-post-thumbnail","6":"product_cat-anniversary-gifts","7":"product_cat-gold-bead-bracelets","8":"product_cat-birthday-gifts","9":"product_cat-for-whom-when","10":"product_cat-gold-bracelet","11":"product_cat-22ct-gold-jewellery","12":"product_cat-rosette-bracelet","13":"product_cat-rosettes-collections","14":"product_cat-wedding-gifts","15":"product_cat-womens-jewellery","17":"first","18":"instock","19":"taxable","20":"shipping-taxable","21":"purchasable","22":"product-type-simple","23":"add-to-wishlist-before_image"},"yoast_head":"<!-- This site is optimized with the Yoast SEO plugin v27.5 - https:\/\/yoast.com\/product\/yoast-seo-wordpress\/ -->\n<title>22ct Gold Black Bead Mangalsura Bracelet online at UK<\/title>\n<meta name=\"description\" content=\"Experience the allure of the Rosette Collection&#039;s 22ct Gold Black Bead women Mangalsura Bracelet, a stunning addition to your jewelry collection.\" \/>\n<meta name=\"robots\" content=\"index, follow, max-snippet:-1, max-image-preview:large, max-video-preview:-1\" \/>\n<link rel=\"canonical\" href=\"https:\/\/www.purejewels.com\/de\/produkt-2\/22ct-gold-schwarz-perle-mangalsura-armband-rosette-sammlung-47437\/\" \/>\n<meta property=\"og:locale\" content=\"de_DE\" \/>\n<meta property=\"og:type\" content=\"article\" \/>\n<meta property=\"og:title\" content=\"22ct Gold Black Bead Mangalsura Bracelet online at UK\" \/>\n<meta property=\"og:description\" content=\"Experience the allure of the Rosette Collection&#039;s 22ct Gold Black Bead women Mangalsura Bracelet, a stunning addition to your jewelry collection.\" \/>\n<meta property=\"og:url\" content=\"https:\/\/www.purejewels.com\/de\/produkt-2\/22ct-gold-schwarz-perle-mangalsura-armband-rosette-sammlung-47437\/\" \/>\n<meta property=\"og:site_name\" content=\"PureJewels UK\" \/>\n<meta property=\"article:modified_time\" content=\"2026-04-20T11:15:36+00:00\" \/>\n<meta property=\"og:image\" content=\"https:\/\/static.purejewels.com\/wp-content\/uploads\/2024\/01\/47437.png\" \/>\n\t<meta property=\"og:image:width\" content=\"1000\" \/>\n\t<meta property=\"og:image:height\" content=\"1000\" \/>\n\t<meta property=\"og:image:type\" content=\"image\/png\" \/>\n<meta name=\"twitter:card\" content=\"summary_large_image\" \/>\n<meta name=\"twitter:label1\" content=\"Gesch\u00e4tzte Lesezeit\" \/>\n\t<meta name=\"twitter:data1\" content=\"1\u00a0Minute\" \/>\n<script type=\"application\/ld+json\" class=\"yoast-schema-graph\">{\"@context\":\"https:\\\/\\\/schema.org\",\"@graph\":[{\"@type\":[\"WebPage\",\"ItemPage\"],\"@id\":\"https:\\\/\\\/www.purejewels.com\\\/product\\\/22ct-gold-black-bead-mangalsura-bracelet-rosette-collection-47437\\\/\",\"url\":\"https:\\\/\\\/www.purejewels.com\\\/product\\\/22ct-gold-black-bead-mangalsura-bracelet-rosette-collection-47437\\\/\",\"name\":\"22ct Gold Black Bead Mangalsura Bracelet online at UK\",\"isPartOf\":{\"@id\":\"https:\\\/\\\/www.purejewels.com\\\/#website\"},\"primaryImageOfPage\":{\"@id\":\"https:\\\/\\\/www.purejewels.com\\\/product\\\/22ct-gold-black-bead-mangalsura-bracelet-rosette-collection-47437\\\/#primaryimage\"},\"image\":{\"@id\":\"https:\\\/\\\/www.purejewels.com\\\/product\\\/22ct-gold-black-bead-mangalsura-bracelet-rosette-collection-47437\\\/#primaryimage\"},\"thumbnailUrl\":\"https:\\\/\\\/static.purejewels.com\\\/wp-content\\\/uploads\\\/2024\\\/01\\\/47437.png\",\"datePublished\":\"2025-09-24T01:02:59+00:00\",\"dateModified\":\"2026-04-20T11:15:36+00:00\",\"description\":\"Experience the allure of the Rosette Collection's 22ct Gold Black Bead women Mangalsura Bracelet, a stunning addition to your jewelry collection.\",\"breadcrumb\":{\"@id\":\"https:\\\/\\\/www.purejewels.com\\\/product\\\/22ct-gold-black-bead-mangalsura-bracelet-rosette-collection-47437\\\/#breadcrumb\"},\"inLanguage\":\"de\",\"potentialAction\":[{\"@type\":\"ReadAction\",\"target\":[\"https:\\\/\\\/www.purejewels.com\\\/product\\\/22ct-gold-black-bead-mangalsura-bracelet-rosette-collection-47437\\\/\"]}]},{\"@type\":\"ImageObject\",\"inLanguage\":\"de\",\"@id\":\"https:\\\/\\\/www.purejewels.com\\\/product\\\/22ct-gold-black-bead-mangalsura-bracelet-rosette-collection-47437\\\/#primaryimage\",\"url\":\"https:\\\/\\\/static.purejewels.com\\\/wp-content\\\/uploads\\\/2024\\\/01\\\/47437.png\",\"contentUrl\":\"https:\\\/\\\/static.purejewels.com\\\/wp-content\\\/uploads\\\/2024\\\/01\\\/47437.png\",\"width\":1000,\"height\":1000,\"caption\":\"22ct Gold Bracelet\"},{\"@type\":\"BreadcrumbList\",\"@id\":\"https:\\\/\\\/www.purejewels.com\\\/product\\\/22ct-gold-black-bead-mangalsura-bracelet-rosette-collection-47437\\\/#breadcrumb\",\"itemListElement\":[{\"@type\":\"ListItem\",\"position\":1,\"name\":\"Home\",\"item\":\"https:\\\/\\\/www.purejewels.com\\\/\"},{\"@type\":\"ListItem\",\"position\":2,\"name\":\"Shop\",\"item\":\"https:\\\/\\\/www.purejewels.com\\\/shop\\\/\"},{\"@type\":\"ListItem\",\"position\":3,\"name\":\"22ct Gold Black Glass Bead Bracelet | 7 Inches\"}]},{\"@type\":\"WebSite\",\"@id\":\"https:\\\/\\\/www.purejewels.com\\\/#website\",\"url\":\"https:\\\/\\\/www.purejewels.com\\\/\",\"name\":\"PureJewels UK\",\"description\":\"Share the Love\",\"publisher\":{\"@id\":\"https:\\\/\\\/www.purejewels.com\\\/#organization\"},\"potentialAction\":[{\"@type\":\"SearchAction\",\"target\":{\"@type\":\"EntryPoint\",\"urlTemplate\":\"https:\\\/\\\/www.purejewels.com\\\/?s={search_term_string}\"},\"query-input\":{\"@type\":\"PropertyValueSpecification\",\"valueRequired\":true,\"valueName\":\"search_term_string\"}}],\"inLanguage\":\"de\"},{\"@type\":\"Organization\",\"@id\":\"https:\\\/\\\/www.purejewels.com\\\/#organization\",\"name\":\"PureJewels UK\",\"url\":\"https:\\\/\\\/www.purejewels.com\\\/\",\"logo\":{\"@type\":\"ImageObject\",\"inLanguage\":\"de\",\"@id\":\"https:\\\/\\\/www.purejewels.com\\\/#\\\/schema\\\/logo\\\/image\\\/\",\"url\":\"https:\\\/\\\/static.purejewels.com\\\/wp-content\\\/uploads\\\/2020\\\/11\\\/Logo-PJ-New-1.png\",\"contentUrl\":\"https:\\\/\\\/static.purejewels.com\\\/wp-content\\\/uploads\\\/2020\\\/11\\\/Logo-PJ-New-1.png\",\"width\":150,\"height\":80,\"caption\":\"PureJewels UK\"},\"image\":{\"@id\":\"https:\\\/\\\/www.purejewels.com\\\/#\\\/schema\\\/logo\\\/image\\\/\"}}]}<\/script>\n<!-- \/ Yoast SEO plugin. -->","yoast_head_json":{"title":"22ct Gold Schwarz Perle Mangalsura Armband online bei UK","description":"Erleben Sie die Anziehungskraft des Rosette Collection 22ct Gold Black Bead Women Mangalsura Armbands, eine atemberaubende Erg\u00e4nzung zu Ihrer Schmucksammlung.","robots":{"index":"index","follow":"follow","max-snippet":"max-snippet:-1","max-image-preview":"max-image-preview:large","max-video-preview":"max-video-preview:-1"},"canonical":"https:\/\/www.purejewels.com\/de\/produkt-2\/22ct-gold-schwarz-perle-mangalsura-armband-rosette-sammlung-47437\/","og_locale":"de_DE","og_type":"article","og_title":"22ct Gold Black Bead Mangalsura Bracelet online at UK","og_description":"Experience the allure of the Rosette Collection's 22ct Gold Black Bead women Mangalsura Bracelet, a stunning addition to your jewelry collection.","og_url":"https:\/\/www.purejewels.com\/de\/produkt-2\/22ct-gold-schwarz-perle-mangalsura-armband-rosette-sammlung-47437\/","og_site_name":"PureJewels UK","article_modified_time":"2026-04-20T11:15:36+00:00","og_image":[{"width":1000,"height":1000,"url":"https:\/\/static.purejewels.com\/wp-content\/uploads\/2024\/01\/47437.png","type":"image\/png"}],"twitter_card":"summary_large_image","twitter_misc":{"Gesch\u00e4tzte Lesezeit":"1\u00a0Minute"},"schema":{"@context":"https:\/\/schema.org","@graph":[{"@type":["WebPage","ItemPage"],"@id":"https:\/\/www.purejewels.com\/product\/22ct-gold-black-bead-mangalsura-bracelet-rosette-collection-47437\/","url":"https:\/\/www.purejewels.com\/product\/22ct-gold-black-bead-mangalsura-bracelet-rosette-collection-47437\/","name":"22ct Gold Schwarz Perle Mangalsura Armband online bei UK","isPartOf":{"@id":"https:\/\/www.purejewels.com\/#website"},"primaryImageOfPage":{"@id":"https:\/\/www.purejewels.com\/product\/22ct-gold-black-bead-mangalsura-bracelet-rosette-collection-47437\/#primaryimage"},"image":{"@id":"https:\/\/www.purejewels.com\/product\/22ct-gold-black-bead-mangalsura-bracelet-rosette-collection-47437\/#primaryimage"},"thumbnailUrl":"https:\/\/static.purejewels.com\/wp-content\/uploads\/2024\/01\/47437.png","datePublished":"2025-09-24T01:02:59+00:00","dateModified":"2026-04-20T11:15:36+00:00","description":"Erleben Sie die Anziehungskraft des Rosette Collection 22ct Gold Black Bead Women Mangalsura Armbands, eine atemberaubende Erg\u00e4nzung zu Ihrer Schmucksammlung.","breadcrumb":{"@id":"https:\/\/www.purejewels.com\/product\/22ct-gold-black-bead-mangalsura-bracelet-rosette-collection-47437\/#breadcrumb"},"inLanguage":"de","potentialAction":[{"@type":"ReadAction","target":["https:\/\/www.purejewels.com\/product\/22ct-gold-black-bead-mangalsura-bracelet-rosette-collection-47437\/"]}]},{"@type":"ImageObject","inLanguage":"de","@id":"https:\/\/www.purejewels.com\/product\/22ct-gold-black-bead-mangalsura-bracelet-rosette-collection-47437\/#primaryimage","url":"https:\/\/static.purejewels.com\/wp-content\/uploads\/2024\/01\/47437.png","contentUrl":"https:\/\/static.purejewels.com\/wp-content\/uploads\/2024\/01\/47437.png","width":1000,"height":1000,"caption":"22ct Gold Bracelet"},{"@type":"BreadcrumbList","@id":"https:\/\/www.purejewels.com\/product\/22ct-gold-black-bead-mangalsura-bracelet-rosette-collection-47437\/#breadcrumb","itemListElement":[{"@type":"ListItem","position":1,"name":"Home","item":"https:\/\/www.purejewels.com\/"},{"@type":"ListItem","position":2,"name":"Shop","item":"https:\/\/www.purejewels.com\/shop\/"},{"@type":"ListItem","position":3,"name":"22ct Gold Black Glass Bead Bracelet | 7 Inches"}]},{"@type":"WebSite","@id":"https:\/\/www.purejewels.com\/#website","url":"https:\/\/www.purejewels.com\/","name":"PureJewels UK","description":"Teile die Liebe","publisher":{"@id":"https:\/\/www.purejewels.com\/#organization"},"potentialAction":[{"@type":"SearchAction","target":{"@type":"EntryPoint","urlTemplate":"https:\/\/www.purejewels.com\/?s={search_term_string}"},"query-input":{"@type":"PropertyValueSpecification","valueRequired":true,"valueName":"search_term_string"}}],"inLanguage":"de"},{"@type":"Organization","@id":"https:\/\/www.purejewels.com\/#organization","name":"PureJewels UK","url":"https:\/\/www.purejewels.com\/","logo":{"@type":"ImageObject","inLanguage":"de","@id":"https:\/\/www.purejewels.com\/#\/schema\/logo\/image\/","url":"https:\/\/static.purejewels.com\/wp-content\/uploads\/2020\/11\/Logo-PJ-New-1.png","contentUrl":"https:\/\/static.purejewels.com\/wp-content\/uploads\/2020\/11\/Logo-PJ-New-1.png","width":150,"height":80,"caption":"PureJewels UK"},"image":{"@id":"https:\/\/www.purejewels.com\/#\/schema\/logo\/image\/"}}]}},"_links":{"self":[{"href":"https:\/\/www.purejewels.com\/de\/wp-json\/wp\/v2\/product\/343702","targetHints":{"allow":["GET"]}}],"collection":[{"href":"https:\/\/www.purejewels.com\/de\/wp-json\/wp\/v2\/product"}],"about":[{"href":"https:\/\/www.purejewels.com\/de\/wp-json\/wp\/v2\/types\/product"}],"replies":[{"embeddable":true,"href":"https:\/\/www.purejewels.com\/de\/wp-json\/wp\/v2\/comments?post=343702"}],"version-history":[{"count":3,"href":"https:\/\/www.purejewels.com\/de\/wp-json\/wp\/v2\/product\/343702\/revisions"}],"predecessor-version":[{"id":428788,"href":"https:\/\/www.purejewels.com\/de\/wp-json\/wp\/v2\/product\/343702\/revisions\/428788"}],"wp:featuredmedia":[{"embeddable":true,"href":"https:\/\/www.purejewels.com\/de\/wp-json\/wp\/v2\/media\/364374"}],"wp:attachment":[{"href":"https:\/\/www.purejewels.com\/de\/wp-json\/wp\/v2\/media?parent=343702"}],"wp:term":[{"taxonomy":"product_brand","embeddable":true,"href":"https:\/\/www.purejewels.com\/de\/wp-json\/wp\/v2\/product_brand?post=343702"},{"taxonomy":"product_cat","embeddable":true,"href":"https:\/\/www.purejewels.com\/de\/wp-json\/wp\/v2\/product_cat?post=343702"},{"taxonomy":"product_tag","embeddable":true,"href":"https:\/\/www.purejewels.com\/de\/wp-json\/wp\/v2\/product_tag?post=343702"}],"curies":[{"name":"wp","href":"https:\/\/api.w.org\/{rel}","templated":true}]}}