{"id":343705,"date":"2024-08-27T10:11:18","date_gmt":"2024-08-27T09:11:18","guid":{"rendered":"https:\/\/www.purejewels.com\/?post_type=product&#038;p=343705"},"modified":"2026-05-11T10:08:26","modified_gmt":"2026-05-11T09:08:26","slug":"22ct-gold-luxus-drachenkette-20-zoll-52911","status":"publish","type":"product","link":"https:\/\/www.purejewels.com\/de\/product\/22ct-gold-luxury-dragon-chain-20-inch-52911\/","title":{"rendered":"22ct Gold Luxus Drachen Kette | 20 Zoll"},"content":{"rendered":"<p>Was wir an unserem Gold lieben <a href=\"https:\/\/www.purejewels.com\/de\/product-category\/22ct-gold-jewellery\/gold-chains\/dragon-chain\/\">Drachenkette<\/a> sind die feinen Verflechtungen. Die filigranen Details machen den Reiz von Gold aus. Unsere Ketten sind aus 22 Karat Gold gefertigt. Sie ist von ihrem Namensgeber - einem Drachen - inspiriert. Die Verflechtung ist vom Mechanismus der Schuppen eines Drachenk\u00f6rpers inspiriert. Die Verflechtung ist stark und geschmeidig, was sie haltbar und bequem f\u00fcr das t\u00e4gliche Tragen macht.<\/p>\n<p>Die Drachenkette ist in verschiedenen L\u00e4ngen erh\u00e4ltlich. So k\u00f6nnen Sie sie entweder alleine tragen oder mit einer anderen Drachenkette kombinieren, um einen Lagenlook zu kreieren.<\/p>","protected":false},"excerpt":{"rendered":"<p>Ein Zeichen von St\u00e4rke und Eleganz, das <strong data-start=\"159\" data-end=\"185\">22ct Gold Drachenkette<\/strong> wiegt <strong data-start=\"193\" data-end=\"207\">15,0 Gramm<\/strong> und \u00fcberspannt <strong data-start=\"218\" data-end=\"231\">20 Zoll<\/strong>. Seine verschlungenen, von Schuppen inspirierten Glieder erinnern an antike Kunstfertigkeit und sind so gestaltet, dass sie mit Kraft und Ausgeglichenheit flie\u00dfen. Die vollst\u00e4ndig gepunzte und charakterstarke Uhr ist f\u00fcr diejenigen gemacht, die ihr Erbe mit Selbstvertrauen tragen.<\/p>\n<p><strong>SKU:<\/strong> 52911<br \/>\n<strong>Metall:<\/strong> 22ct Gold (92,6% rein)<br \/>\n<strong>L\u00e4nge:<\/strong> 20 Zoll<br \/>\n<strong>Gewicht:<\/strong> 15,00 Gramm<br \/>\n<strong data-start=\"42\" data-end=\"57\">Art des Verschlusses:<\/strong> Karabiner-Verschluss<br \/>\n<strong>Wahrzeichen:<\/strong>\u00a022ct Gold gestempelt von UK Assay Office<br \/>\n<strong>Anklagen:<\/strong>\u00a0Lieferung und Mehrwertsteuer inbegriffen<\/p>","protected":false},"featured_media":327596,"comment_status":"closed","ping_status":"closed","template":"","meta":{"_eb_attr":"","_crsspst_to_jayantr4sg-hostcom":true},"product_brand":[],"product_cat":[5015,5018,5264,6164,5584,1475,1773,1572,1774,1574,5349],"product_tag":[3990,65],"class_list":{"0":"post-343705","1":"product","2":"type-product","3":"status-publish","4":"has-post-thumbnail","6":"product_cat-20-inch-ladies-chain","7":"product_cat-20-inch-mens-chain","8":"product_cat-22ct-gold-chain","9":"product_cat-chain-gents","10":"product_cat-dragon-chain","11":"product_cat-gold-chains","12":"product_cat-ladies-chains","13":"product_cat-mens-jewellery","14":"product_cat-mens-chains","15":"product_cat-womens-jewellery","16":"product_cat-yellow-gold-jewellery","17":"product_tag-22-carat-gold-chain","18":"product_tag-chains","20":"first","21":"onbackorder","22":"taxable","23":"shipping-taxable","24":"product-type-simple","25":"add-to-wishlist-before_image"},"yoast_head":"<!-- This site is optimized with the Yoast SEO plugin v27.5 - https:\/\/yoast.com\/product\/yoast-seo-wordpress\/ -->\n<title>Dragon Chain in 22 Carat Gold available at PureJewels London<\/title>\n<meta name=\"description\" content=\"This High-End 22ct gold Chain makes a great gift for any occasion and is perfect for men and women. Order online for free delivery across UK.\" \/>\n<meta name=\"robots\" content=\"index, follow, max-snippet:-1, max-image-preview:large, max-video-preview:-1\" \/>\n<link rel=\"canonical\" href=\"https:\/\/www.purejewels.com\/de\/produkt-2\/22ct-gold-luxus-drachenkette-20-zoll-52911\/\" \/>\n<meta property=\"og:locale\" content=\"de_DE\" \/>\n<meta property=\"og:type\" content=\"article\" \/>\n<meta property=\"og:title\" content=\"Dragon Chain in 22 Carat Gold available at PureJewels London\" \/>\n<meta property=\"og:description\" content=\"This High-End 22ct gold Chain makes a great gift for any occasion and is perfect for men and women. Order online for free delivery across UK.\" \/>\n<meta property=\"og:url\" content=\"https:\/\/www.purejewels.com\/de\/produkt-2\/22ct-gold-luxus-drachenkette-20-zoll-52911\/\" \/>\n<meta property=\"og:site_name\" content=\"PureJewels UK\" \/>\n<meta property=\"article:modified_time\" content=\"2026-05-11T09:08:26+00:00\" \/>\n<meta property=\"og:image\" content=\"https:\/\/static.purejewels.com\/wp-content\/uploads\/2021\/10\/34347-1.jpg\" \/>\n\t<meta property=\"og:image:width\" content=\"1000\" \/>\n\t<meta property=\"og:image:height\" content=\"1000\" \/>\n\t<meta property=\"og:image:type\" content=\"image\/jpeg\" \/>\n<meta name=\"twitter:card\" content=\"summary_large_image\" \/>\n<meta name=\"twitter:label1\" content=\"Gesch\u00e4tzte Lesezeit\" \/>\n\t<meta name=\"twitter:data1\" content=\"1\u00a0Minute\" \/>\n<script type=\"application\/ld+json\" class=\"yoast-schema-graph\">{\"@context\":\"https:\\\/\\\/schema.org\",\"@graph\":[{\"@type\":[\"WebPage\",\"ItemPage\"],\"@id\":\"https:\\\/\\\/www.purejewels.com\\\/product\\\/22ct-gold-luxury-dragon-chain-20-inch-52911\\\/\",\"url\":\"https:\\\/\\\/www.purejewels.com\\\/product\\\/22ct-gold-luxury-dragon-chain-20-inch-52911\\\/\",\"name\":\"Dragon Chain in 22 Carat Gold available at PureJewels London\",\"isPartOf\":{\"@id\":\"https:\\\/\\\/www.purejewels.com\\\/#website\"},\"primaryImageOfPage\":{\"@id\":\"https:\\\/\\\/www.purejewels.com\\\/product\\\/22ct-gold-luxury-dragon-chain-20-inch-52911\\\/#primaryimage\"},\"image\":{\"@id\":\"https:\\\/\\\/www.purejewels.com\\\/product\\\/22ct-gold-luxury-dragon-chain-20-inch-52911\\\/#primaryimage\"},\"thumbnailUrl\":\"https:\\\/\\\/static.purejewels.com\\\/wp-content\\\/uploads\\\/2021\\\/10\\\/34347-1.jpg\",\"datePublished\":\"2024-08-27T09:11:18+00:00\",\"dateModified\":\"2026-05-11T09:08:26+00:00\",\"description\":\"This High-End 22ct gold Chain makes a great gift for any occasion and is perfect for men and women. Order online for free delivery across UK.\",\"breadcrumb\":{\"@id\":\"https:\\\/\\\/www.purejewels.com\\\/product\\\/22ct-gold-luxury-dragon-chain-20-inch-52911\\\/#breadcrumb\"},\"inLanguage\":\"de\",\"potentialAction\":[{\"@type\":\"ReadAction\",\"target\":[\"https:\\\/\\\/www.purejewels.com\\\/product\\\/22ct-gold-luxury-dragon-chain-20-inch-52911\\\/\"]}]},{\"@type\":\"ImageObject\",\"inLanguage\":\"de\",\"@id\":\"https:\\\/\\\/www.purejewels.com\\\/product\\\/22ct-gold-luxury-dragon-chain-20-inch-52911\\\/#primaryimage\",\"url\":\"https:\\\/\\\/static.purejewels.com\\\/wp-content\\\/uploads\\\/2021\\\/10\\\/34347-1.jpg\",\"contentUrl\":\"https:\\\/\\\/static.purejewels.com\\\/wp-content\\\/uploads\\\/2021\\\/10\\\/34347-1.jpg\",\"width\":1000,\"height\":1000,\"caption\":\"22ct Gold Dragon Chain 34347-1\"},{\"@type\":\"BreadcrumbList\",\"@id\":\"https:\\\/\\\/www.purejewels.com\\\/product\\\/22ct-gold-luxury-dragon-chain-20-inch-52911\\\/#breadcrumb\",\"itemListElement\":[{\"@type\":\"ListItem\",\"position\":1,\"name\":\"Home\",\"item\":\"https:\\\/\\\/www.purejewels.com\\\/\"},{\"@type\":\"ListItem\",\"position\":2,\"name\":\"Shop\",\"item\":\"https:\\\/\\\/www.purejewels.com\\\/shop\\\/\"},{\"@type\":\"ListItem\",\"position\":3,\"name\":\"22ct Gold Luxury Dragon Chain | 20 Inch\"}]},{\"@type\":\"WebSite\",\"@id\":\"https:\\\/\\\/www.purejewels.com\\\/#website\",\"url\":\"https:\\\/\\\/www.purejewels.com\\\/\",\"name\":\"PureJewels UK\",\"description\":\"Share the Love\",\"publisher\":{\"@id\":\"https:\\\/\\\/www.purejewels.com\\\/#organization\"},\"potentialAction\":[{\"@type\":\"SearchAction\",\"target\":{\"@type\":\"EntryPoint\",\"urlTemplate\":\"https:\\\/\\\/www.purejewels.com\\\/?s={search_term_string}\"},\"query-input\":{\"@type\":\"PropertyValueSpecification\",\"valueRequired\":true,\"valueName\":\"search_term_string\"}}],\"inLanguage\":\"de\"},{\"@type\":\"Organization\",\"@id\":\"https:\\\/\\\/www.purejewels.com\\\/#organization\",\"name\":\"PureJewels UK\",\"url\":\"https:\\\/\\\/www.purejewels.com\\\/\",\"logo\":{\"@type\":\"ImageObject\",\"inLanguage\":\"de\",\"@id\":\"https:\\\/\\\/www.purejewels.com\\\/#\\\/schema\\\/logo\\\/image\\\/\",\"url\":\"https:\\\/\\\/static.purejewels.com\\\/wp-content\\\/uploads\\\/2020\\\/11\\\/Logo-PJ-New-1.png\",\"contentUrl\":\"https:\\\/\\\/static.purejewels.com\\\/wp-content\\\/uploads\\\/2020\\\/11\\\/Logo-PJ-New-1.png\",\"width\":150,\"height\":80,\"caption\":\"PureJewels UK\"},\"image\":{\"@id\":\"https:\\\/\\\/www.purejewels.com\\\/#\\\/schema\\\/logo\\\/image\\\/\"}}]}<\/script>\n<!-- \/ Yoast SEO plugin. -->","yoast_head_json":{"title":"Drachenkette aus 22 Karat Gold erh\u00e4ltlich bei PureJewels London","description":"Diese High-End-Kette aus 22 Karat Gold ist ein gro\u00dfartiges Geschenk f\u00fcr jeden Anlass und eignet sich perfekt f\u00fcr M\u00e4nner und Frauen. Bestellen Sie online f\u00fcr kostenlose Lieferung in ganz Gro\u00dfbritannien.","robots":{"index":"index","follow":"follow","max-snippet":"max-snippet:-1","max-image-preview":"max-image-preview:large","max-video-preview":"max-video-preview:-1"},"canonical":"https:\/\/www.purejewels.com\/de\/produkt-2\/22ct-gold-luxus-drachenkette-20-zoll-52911\/","og_locale":"de_DE","og_type":"article","og_title":"Dragon Chain in 22 Carat Gold available at PureJewels London","og_description":"This High-End 22ct gold Chain makes a great gift for any occasion and is perfect for men and women. Order online for free delivery across UK.","og_url":"https:\/\/www.purejewels.com\/de\/produkt-2\/22ct-gold-luxus-drachenkette-20-zoll-52911\/","og_site_name":"PureJewels UK","article_modified_time":"2026-05-11T09:08:26+00:00","og_image":[{"width":1000,"height":1000,"url":"https:\/\/static.purejewels.com\/wp-content\/uploads\/2021\/10\/34347-1.jpg","type":"image\/jpeg"}],"twitter_card":"summary_large_image","twitter_misc":{"Gesch\u00e4tzte Lesezeit":"1\u00a0Minute"},"schema":{"@context":"https:\/\/schema.org","@graph":[{"@type":["WebPage","ItemPage"],"@id":"https:\/\/www.purejewels.com\/product\/22ct-gold-luxury-dragon-chain-20-inch-52911\/","url":"https:\/\/www.purejewels.com\/product\/22ct-gold-luxury-dragon-chain-20-inch-52911\/","name":"Drachenkette aus 22 Karat Gold erh\u00e4ltlich bei PureJewels London","isPartOf":{"@id":"https:\/\/www.purejewels.com\/#website"},"primaryImageOfPage":{"@id":"https:\/\/www.purejewels.com\/product\/22ct-gold-luxury-dragon-chain-20-inch-52911\/#primaryimage"},"image":{"@id":"https:\/\/www.purejewels.com\/product\/22ct-gold-luxury-dragon-chain-20-inch-52911\/#primaryimage"},"thumbnailUrl":"https:\/\/static.purejewels.com\/wp-content\/uploads\/2021\/10\/34347-1.jpg","datePublished":"2024-08-27T09:11:18+00:00","dateModified":"2026-05-11T09:08:26+00:00","description":"Diese High-End-Kette aus 22 Karat Gold ist ein gro\u00dfartiges Geschenk f\u00fcr jeden Anlass und eignet sich perfekt f\u00fcr M\u00e4nner und Frauen. Bestellen Sie online f\u00fcr kostenlose Lieferung in ganz Gro\u00dfbritannien.","breadcrumb":{"@id":"https:\/\/www.purejewels.com\/product\/22ct-gold-luxury-dragon-chain-20-inch-52911\/#breadcrumb"},"inLanguage":"de","potentialAction":[{"@type":"ReadAction","target":["https:\/\/www.purejewels.com\/product\/22ct-gold-luxury-dragon-chain-20-inch-52911\/"]}]},{"@type":"ImageObject","inLanguage":"de","@id":"https:\/\/www.purejewels.com\/product\/22ct-gold-luxury-dragon-chain-20-inch-52911\/#primaryimage","url":"https:\/\/static.purejewels.com\/wp-content\/uploads\/2021\/10\/34347-1.jpg","contentUrl":"https:\/\/static.purejewels.com\/wp-content\/uploads\/2021\/10\/34347-1.jpg","width":1000,"height":1000,"caption":"22ct Gold Dragon Chain 34347-1"},{"@type":"BreadcrumbList","@id":"https:\/\/www.purejewels.com\/product\/22ct-gold-luxury-dragon-chain-20-inch-52911\/#breadcrumb","itemListElement":[{"@type":"ListItem","position":1,"name":"Home","item":"https:\/\/www.purejewels.com\/"},{"@type":"ListItem","position":2,"name":"Shop","item":"https:\/\/www.purejewels.com\/shop\/"},{"@type":"ListItem","position":3,"name":"22ct Gold Luxury Dragon Chain | 20 Inch"}]},{"@type":"WebSite","@id":"https:\/\/www.purejewels.com\/#website","url":"https:\/\/www.purejewels.com\/","name":"PureJewels UK","description":"Teile die Liebe","publisher":{"@id":"https:\/\/www.purejewels.com\/#organization"},"potentialAction":[{"@type":"SearchAction","target":{"@type":"EntryPoint","urlTemplate":"https:\/\/www.purejewels.com\/?s={search_term_string}"},"query-input":{"@type":"PropertyValueSpecification","valueRequired":true,"valueName":"search_term_string"}}],"inLanguage":"de"},{"@type":"Organization","@id":"https:\/\/www.purejewels.com\/#organization","name":"PureJewels UK","url":"https:\/\/www.purejewels.com\/","logo":{"@type":"ImageObject","inLanguage":"de","@id":"https:\/\/www.purejewels.com\/#\/schema\/logo\/image\/","url":"https:\/\/static.purejewels.com\/wp-content\/uploads\/2020\/11\/Logo-PJ-New-1.png","contentUrl":"https:\/\/static.purejewels.com\/wp-content\/uploads\/2020\/11\/Logo-PJ-New-1.png","width":150,"height":80,"caption":"PureJewels UK"},"image":{"@id":"https:\/\/www.purejewels.com\/#\/schema\/logo\/image\/"}}]}},"_links":{"self":[{"href":"https:\/\/www.purejewels.com\/de\/wp-json\/wp\/v2\/product\/343705","targetHints":{"allow":["GET"]}}],"collection":[{"href":"https:\/\/www.purejewels.com\/de\/wp-json\/wp\/v2\/product"}],"about":[{"href":"https:\/\/www.purejewels.com\/de\/wp-json\/wp\/v2\/types\/product"}],"replies":[{"embeddable":true,"href":"https:\/\/www.purejewels.com\/de\/wp-json\/wp\/v2\/comments?post=343705"}],"version-history":[{"count":4,"href":"https:\/\/www.purejewels.com\/de\/wp-json\/wp\/v2\/product\/343705\/revisions"}],"predecessor-version":[{"id":412490,"href":"https:\/\/www.purejewels.com\/de\/wp-json\/wp\/v2\/product\/343705\/revisions\/412490"}],"wp:featuredmedia":[{"embeddable":true,"href":"https:\/\/www.purejewels.com\/de\/wp-json\/wp\/v2\/media\/327596"}],"wp:attachment":[{"href":"https:\/\/www.purejewels.com\/de\/wp-json\/wp\/v2\/media?parent=343705"}],"wp:term":[{"taxonomy":"product_brand","embeddable":true,"href":"https:\/\/www.purejewels.com\/de\/wp-json\/wp\/v2\/product_brand?post=343705"},{"taxonomy":"product_cat","embeddable":true,"href":"https:\/\/www.purejewels.com\/de\/wp-json\/wp\/v2\/product_cat?post=343705"},{"taxonomy":"product_tag","embeddable":true,"href":"https:\/\/www.purejewels.com\/de\/wp-json\/wp\/v2\/product_tag?post=343705"}],"curies":[{"name":"wp","href":"https:\/\/api.w.org\/{rel}","templated":true}]}}