{"id":343715,"date":"2023-02-09T11:26:13","date_gmt":"2023-02-09T11:26:13","guid":{"rendered":"https:\/\/www.purejewels.com\/?post_type=product&#038;p=343715"},"modified":"2026-04-29T09:01:37","modified_gmt":"2026-04-29T08:01:37","slug":"22ct-gold-baby-kandare-armband-41231","status":"publish","type":"product","link":"https:\/\/www.purejewels.com\/de\/product\/22ct-gold-baby-curb-bracelet-41231\/","title":{"rendered":"22ct Gold Baby Kandare Armband | 5,5 Zentimeter"},"content":{"rendered":"<p data-start=\"238\" data-end=\"640\"><strong data-start=\"238\" data-end=\"248\">Gestaltung<\/strong><br data-start=\"248\" data-end=\"251\" \/>Dieses Armband f\u00fcr Babys ist aus strahlendem 22-kar\u00e4tigem Gold gefertigt und verf\u00fcgt \u00fcber eine klassische, eng gekn\u00fcpfte Kette, die sich sanft an das Handgelenk schmiegt. Mit einer L\u00e4nge von 5,5 Zentimetern und einem Gewicht von 5,4 Gramm ist es f\u00fcr das Handgelenk eines Kindes gut proportioniert und f\u00fchlt sich dennoch beruhigend massiv an. Seine zeitlose Silhouette macht ihn zu einem Schmuckst\u00fcck, das zu allem passt, von Party-Outfits bis hin zu traditionellen Gew\u00e4ndern.<\/p>\n<p data-start=\"642\" data-end=\"1002\"><strong data-start=\"642\" data-end=\"659\">Handwerkliches K\u00f6nnen<\/strong><br data-start=\"659\" data-end=\"662\" \/>Jedes Armband aus feinem 22-kar\u00e4tigem Gold wird sorgf\u00e4ltig zusammengesetzt und poliert, damit sich die Glieder zart auf der Haut anf\u00fchlen. Es ist im Vereinigten K\u00f6nigreich f\u00fcr die Reinheitszertifizierung gepunzt und bietet somit eine Garantie f\u00fcr Qualit\u00e4t und Echtheit. Der sichere Verschluss und die glatte Oberfl\u00e4che spiegeln die gleichen Standards wider, die Sie von einem gesch\u00e4tzten Familienerbst\u00fcck erwarten w\u00fcrden.<\/p>\n<p data-start=\"1004\" data-end=\"1415\" data-is-last-node=\"\" data-is-only-node=\"\"><strong data-start=\"1004\" data-end=\"1021\">Styling-Ideen<\/strong><br data-start=\"1021\" data-end=\"1024\" \/>Dieses Armband eignet sich perfekt f\u00fcr besondere Anl\u00e4sse wie Geburtstage, Tauffeiern oder Taufen und verleiht dem Outfit Ihres Kindes einen dezenten Glanz, ohne es zu \u00fcberladen. F\u00fcr einen klassischen Look k\u00f6nnen Sie es allein tragen oder mit einem winzigen Goldanh\u00e4nger kombinieren, um ein abgestimmtes Set zu erhalten. Mit zunehmendem Alter wird es zu einem wertvollen Erinnerungsst\u00fcck, das in der Schmuckschatulle Ihres Kindes aufbewahrt werden kann, um es an seine fr\u00fchesten Feiern zu erinnern.<\/p>","protected":false},"excerpt":{"rendered":"<table class=\"sh_desc\">\n<tbody>\n<tr>\n<td>Typ des Armbands<\/td>\n<td>Kinder-Armband<\/td>\n<\/tr>\n<tr>\n<td>SKU<\/td>\n<td>41231<\/td>\n<\/tr>\n<tr>\n<td>Gewicht<\/td>\n<td>5,4 gm<\/td>\n<\/tr>\n<tr>\n<td>Geschlecht<\/td>\n<td>Kinder<\/td>\n<\/tr>\n<tr>\n<td>Wahrzeichen<\/td>\n<td>22ct Gold gestempelt von London Assay Office<\/td>\n<\/tr>\n<tr>\n<td>Entgelte<\/td>\n<td>Lieferung und Mehrwertsteuer inbegriffen<\/td>\n<\/tr>\n<tr>\n<td>Verpackung<\/td>\n<td>Mit Pr\u00e4sentationsbox<\/td>\n<\/tr>\n<tr>\n<td>Mehr Informationen<\/td>\n<td>Live-Chat mit uns f\u00fcr die Verf\u00fcgbarkeit und mehr Bilder von Gold Bracelet.<br \/>\nMehr Kinderarmband \/ Kada erkunden<\/td>\n<\/tr>\n<\/tbody>\n<\/table>","protected":false},"featured_media":348594,"comment_status":"closed","ping_status":"closed","template":"","meta":{"_eb_attr":"","_crsspst_to_jayantr4sg-hostcom":true},"product_brand":[],"product_cat":[5672,1576,1790,1229,1436,5943,5349],"product_tag":[],"class_list":{"0":"post-343715","1":"product","2":"type-product","3":"status-publish","4":"has-post-thumbnail","6":"product_cat-baby-gold-bracelet","7":"product_cat-childrens-jewellery","8":"product_cat-for-whom-when","9":"product_cat-22ct-gold-jewellery","10":"product_cat-kids-bracelet-kada","11":"product_cat-kids-jewellery","12":"product_cat-yellow-gold-jewellery","14":"first","15":"instock","16":"taxable","17":"shipping-taxable","18":"purchasable","19":"product-type-simple","20":"add-to-wishlist-before_image"},"yoast_head":"<!-- This site is optimized with the Yoast SEO plugin v27.5 - https:\/\/yoast.com\/product\/yoast-seo-wordpress\/ -->\n<title>22ct Gold Baby Curb Bracelet online at UK<\/title>\n<meta name=\"robots\" content=\"index, follow, max-snippet:-1, max-image-preview:large, max-video-preview:-1\" \/>\n<link rel=\"canonical\" href=\"https:\/\/www.purejewels.com\/de\/produkt-2\/22ct-gold-baby-kandare-armband-41231\/\" \/>\n<meta property=\"og:locale\" content=\"de_DE\" \/>\n<meta property=\"og:type\" content=\"article\" \/>\n<meta property=\"og:title\" content=\"22ct Gold Baby Curb Bracelet online at UK\" \/>\n<meta property=\"og:description\" content=\"Type Of Bracelet Kids Bracelet   SKU 41231   Weight 5.4 gm   Gender Kids   Hallmark 22ct Gold Hallmarked by London Assay Office   Charges Delivery\u00a0and\u00a0VAT\u00a0Included   Packaging Comes\u00a0With\u00a0Presentation\u00a0Box   More\u00a0Information Live chat with us for availability and more images of Gold Bracelet. Explore more Kids Bracelet \/ Kada\" \/>\n<meta property=\"og:url\" content=\"https:\/\/www.purejewels.com\/de\/produkt-2\/22ct-gold-baby-kandare-armband-41231\/\" \/>\n<meta property=\"og:site_name\" content=\"PureJewels UK\" \/>\n<meta property=\"article:modified_time\" content=\"2026-04-29T08:01:37+00:00\" \/>\n<meta property=\"og:image\" content=\"https:\/\/static.purejewels.com\/wp-content\/uploads\/2023\/02\/41231.jpg\" \/>\n\t<meta property=\"og:image:width\" content=\"1000\" \/>\n\t<meta property=\"og:image:height\" content=\"1000\" \/>\n\t<meta property=\"og:image:type\" content=\"image\/jpeg\" \/>\n<meta name=\"twitter:card\" content=\"summary_large_image\" \/>\n<meta name=\"twitter:label1\" content=\"Gesch\u00e4tzte Lesezeit\" \/>\n\t<meta name=\"twitter:data1\" content=\"2\u00a0Minuten\" \/>\n<script type=\"application\/ld+json\" class=\"yoast-schema-graph\">{\"@context\":\"https:\\\/\\\/schema.org\",\"@graph\":[{\"@type\":[\"WebPage\",\"ItemPage\"],\"@id\":\"https:\\\/\\\/www.purejewels.com\\\/product\\\/22ct-gold-baby-curb-bracelet-41231\\\/\",\"url\":\"https:\\\/\\\/www.purejewels.com\\\/product\\\/22ct-gold-baby-curb-bracelet-41231\\\/\",\"name\":\"22ct Gold Baby Curb Bracelet online at UK\",\"isPartOf\":{\"@id\":\"https:\\\/\\\/www.purejewels.com\\\/#website\"},\"primaryImageOfPage\":{\"@id\":\"https:\\\/\\\/www.purejewels.com\\\/product\\\/22ct-gold-baby-curb-bracelet-41231\\\/#primaryimage\"},\"image\":{\"@id\":\"https:\\\/\\\/www.purejewels.com\\\/product\\\/22ct-gold-baby-curb-bracelet-41231\\\/#primaryimage\"},\"thumbnailUrl\":\"https:\\\/\\\/static.purejewels.com\\\/wp-content\\\/uploads\\\/2023\\\/02\\\/41231.jpg\",\"datePublished\":\"2023-02-09T11:26:13+00:00\",\"dateModified\":\"2026-04-29T08:01:37+00:00\",\"breadcrumb\":{\"@id\":\"https:\\\/\\\/www.purejewels.com\\\/product\\\/22ct-gold-baby-curb-bracelet-41231\\\/#breadcrumb\"},\"inLanguage\":\"de\",\"potentialAction\":[{\"@type\":\"ReadAction\",\"target\":[\"https:\\\/\\\/www.purejewels.com\\\/product\\\/22ct-gold-baby-curb-bracelet-41231\\\/\"]}]},{\"@type\":\"ImageObject\",\"inLanguage\":\"de\",\"@id\":\"https:\\\/\\\/www.purejewels.com\\\/product\\\/22ct-gold-baby-curb-bracelet-41231\\\/#primaryimage\",\"url\":\"https:\\\/\\\/static.purejewels.com\\\/wp-content\\\/uploads\\\/2023\\\/02\\\/41231.jpg\",\"contentUrl\":\"https:\\\/\\\/static.purejewels.com\\\/wp-content\\\/uploads\\\/2023\\\/02\\\/41231.jpg\",\"width\":1000,\"height\":1000,\"caption\":\"22ct Gold Baby Curb Bracelet\"},{\"@type\":\"BreadcrumbList\",\"@id\":\"https:\\\/\\\/www.purejewels.com\\\/product\\\/22ct-gold-baby-curb-bracelet-41231\\\/#breadcrumb\",\"itemListElement\":[{\"@type\":\"ListItem\",\"position\":1,\"name\":\"Home\",\"item\":\"https:\\\/\\\/www.purejewels.com\\\/\"},{\"@type\":\"ListItem\",\"position\":2,\"name\":\"Shop\",\"item\":\"https:\\\/\\\/www.purejewels.com\\\/shop\\\/\"},{\"@type\":\"ListItem\",\"position\":3,\"name\":\"22ct Gold Baby Curb Bracelet | 5.5 Inches\"}]},{\"@type\":\"WebSite\",\"@id\":\"https:\\\/\\\/www.purejewels.com\\\/#website\",\"url\":\"https:\\\/\\\/www.purejewels.com\\\/\",\"name\":\"PureJewels UK\",\"description\":\"Share the Love\",\"publisher\":{\"@id\":\"https:\\\/\\\/www.purejewels.com\\\/#organization\"},\"potentialAction\":[{\"@type\":\"SearchAction\",\"target\":{\"@type\":\"EntryPoint\",\"urlTemplate\":\"https:\\\/\\\/www.purejewels.com\\\/?s={search_term_string}\"},\"query-input\":{\"@type\":\"PropertyValueSpecification\",\"valueRequired\":true,\"valueName\":\"search_term_string\"}}],\"inLanguage\":\"de\"},{\"@type\":\"Organization\",\"@id\":\"https:\\\/\\\/www.purejewels.com\\\/#organization\",\"name\":\"PureJewels UK\",\"url\":\"https:\\\/\\\/www.purejewels.com\\\/\",\"logo\":{\"@type\":\"ImageObject\",\"inLanguage\":\"de\",\"@id\":\"https:\\\/\\\/www.purejewels.com\\\/#\\\/schema\\\/logo\\\/image\\\/\",\"url\":\"https:\\\/\\\/static.purejewels.com\\\/wp-content\\\/uploads\\\/2020\\\/11\\\/Logo-PJ-New-1.png\",\"contentUrl\":\"https:\\\/\\\/static.purejewels.com\\\/wp-content\\\/uploads\\\/2020\\\/11\\\/Logo-PJ-New-1.png\",\"width\":150,\"height\":80,\"caption\":\"PureJewels UK\"},\"image\":{\"@id\":\"https:\\\/\\\/www.purejewels.com\\\/#\\\/schema\\\/logo\\\/image\\\/\"}}]}<\/script>\n<!-- \/ Yoast SEO plugin. -->","yoast_head_json":{"title":"22ct Gold Baby Curb Armband online bei UK","robots":{"index":"index","follow":"follow","max-snippet":"max-snippet:-1","max-image-preview":"max-image-preview:large","max-video-preview":"max-video-preview:-1"},"canonical":"https:\/\/www.purejewels.com\/de\/produkt-2\/22ct-gold-baby-kandare-armband-41231\/","og_locale":"de_DE","og_type":"article","og_title":"22ct Gold Baby Curb Bracelet online at UK","og_description":"Type Of Bracelet Kids Bracelet   SKU 41231   Weight 5.4 gm   Gender Kids   Hallmark 22ct Gold Hallmarked by London Assay Office   Charges Delivery\u00a0and\u00a0VAT\u00a0Included   Packaging Comes\u00a0With\u00a0Presentation\u00a0Box   More\u00a0Information Live chat with us for availability and more images of Gold Bracelet. Explore more Kids Bracelet \/ Kada","og_url":"https:\/\/www.purejewels.com\/de\/produkt-2\/22ct-gold-baby-kandare-armband-41231\/","og_site_name":"PureJewels UK","article_modified_time":"2026-04-29T08:01:37+00:00","og_image":[{"width":1000,"height":1000,"url":"https:\/\/static.purejewels.com\/wp-content\/uploads\/2023\/02\/41231.jpg","type":"image\/jpeg"}],"twitter_card":"summary_large_image","twitter_misc":{"Gesch\u00e4tzte Lesezeit":"2\u00a0Minuten"},"schema":{"@context":"https:\/\/schema.org","@graph":[{"@type":["WebPage","ItemPage"],"@id":"https:\/\/www.purejewels.com\/product\/22ct-gold-baby-curb-bracelet-41231\/","url":"https:\/\/www.purejewels.com\/product\/22ct-gold-baby-curb-bracelet-41231\/","name":"22ct Gold Baby Curb Armband online bei UK","isPartOf":{"@id":"https:\/\/www.purejewels.com\/#website"},"primaryImageOfPage":{"@id":"https:\/\/www.purejewels.com\/product\/22ct-gold-baby-curb-bracelet-41231\/#primaryimage"},"image":{"@id":"https:\/\/www.purejewels.com\/product\/22ct-gold-baby-curb-bracelet-41231\/#primaryimage"},"thumbnailUrl":"https:\/\/static.purejewels.com\/wp-content\/uploads\/2023\/02\/41231.jpg","datePublished":"2023-02-09T11:26:13+00:00","dateModified":"2026-04-29T08:01:37+00:00","breadcrumb":{"@id":"https:\/\/www.purejewels.com\/product\/22ct-gold-baby-curb-bracelet-41231\/#breadcrumb"},"inLanguage":"de","potentialAction":[{"@type":"ReadAction","target":["https:\/\/www.purejewels.com\/product\/22ct-gold-baby-curb-bracelet-41231\/"]}]},{"@type":"ImageObject","inLanguage":"de","@id":"https:\/\/www.purejewels.com\/product\/22ct-gold-baby-curb-bracelet-41231\/#primaryimage","url":"https:\/\/static.purejewels.com\/wp-content\/uploads\/2023\/02\/41231.jpg","contentUrl":"https:\/\/static.purejewels.com\/wp-content\/uploads\/2023\/02\/41231.jpg","width":1000,"height":1000,"caption":"22ct Gold Baby Curb Bracelet"},{"@type":"BreadcrumbList","@id":"https:\/\/www.purejewels.com\/product\/22ct-gold-baby-curb-bracelet-41231\/#breadcrumb","itemListElement":[{"@type":"ListItem","position":1,"name":"Home","item":"https:\/\/www.purejewels.com\/"},{"@type":"ListItem","position":2,"name":"Shop","item":"https:\/\/www.purejewels.com\/shop\/"},{"@type":"ListItem","position":3,"name":"22ct Gold Baby Curb Bracelet | 5.5 Inches"}]},{"@type":"WebSite","@id":"https:\/\/www.purejewels.com\/#website","url":"https:\/\/www.purejewels.com\/","name":"PureJewels UK","description":"Teile die Liebe","publisher":{"@id":"https:\/\/www.purejewels.com\/#organization"},"potentialAction":[{"@type":"SearchAction","target":{"@type":"EntryPoint","urlTemplate":"https:\/\/www.purejewels.com\/?s={search_term_string}"},"query-input":{"@type":"PropertyValueSpecification","valueRequired":true,"valueName":"search_term_string"}}],"inLanguage":"de"},{"@type":"Organization","@id":"https:\/\/www.purejewels.com\/#organization","name":"PureJewels UK","url":"https:\/\/www.purejewels.com\/","logo":{"@type":"ImageObject","inLanguage":"de","@id":"https:\/\/www.purejewels.com\/#\/schema\/logo\/image\/","url":"https:\/\/static.purejewels.com\/wp-content\/uploads\/2020\/11\/Logo-PJ-New-1.png","contentUrl":"https:\/\/static.purejewels.com\/wp-content\/uploads\/2020\/11\/Logo-PJ-New-1.png","width":150,"height":80,"caption":"PureJewels UK"},"image":{"@id":"https:\/\/www.purejewels.com\/#\/schema\/logo\/image\/"}}]}},"_links":{"self":[{"href":"https:\/\/www.purejewels.com\/de\/wp-json\/wp\/v2\/product\/343715","targetHints":{"allow":["GET"]}}],"collection":[{"href":"https:\/\/www.purejewels.com\/de\/wp-json\/wp\/v2\/product"}],"about":[{"href":"https:\/\/www.purejewels.com\/de\/wp-json\/wp\/v2\/types\/product"}],"replies":[{"embeddable":true,"href":"https:\/\/www.purejewels.com\/de\/wp-json\/wp\/v2\/comments?post=343715"}],"version-history":[{"count":4,"href":"https:\/\/www.purejewels.com\/de\/wp-json\/wp\/v2\/product\/343715\/revisions"}],"predecessor-version":[{"id":420855,"href":"https:\/\/www.purejewels.com\/de\/wp-json\/wp\/v2\/product\/343715\/revisions\/420855"}],"wp:featuredmedia":[{"embeddable":true,"href":"https:\/\/www.purejewels.com\/de\/wp-json\/wp\/v2\/media\/348594"}],"wp:attachment":[{"href":"https:\/\/www.purejewels.com\/de\/wp-json\/wp\/v2\/media?parent=343715"}],"wp:term":[{"taxonomy":"product_brand","embeddable":true,"href":"https:\/\/www.purejewels.com\/de\/wp-json\/wp\/v2\/product_brand?post=343715"},{"taxonomy":"product_cat","embeddable":true,"href":"https:\/\/www.purejewels.com\/de\/wp-json\/wp\/v2\/product_cat?post=343715"},{"taxonomy":"product_tag","embeddable":true,"href":"https:\/\/www.purejewels.com\/de\/wp-json\/wp\/v2\/product_tag?post=343715"}],"curies":[{"name":"wp","href":"https:\/\/api.w.org\/{rel}","templated":true}]}}