{"id":343784,"date":"2024-11-25T07:24:35","date_gmt":"2024-11-25T07:24:35","guid":{"rendered":"https:\/\/www.purejewels.com\/?post_type=product&#038;p=343784"},"modified":"2026-02-03T07:03:51","modified_gmt":"2026-02-03T07:03:51","slug":"22-kt-gold-kreuz-anhanger-50630","status":"publish","type":"product","link":"https:\/\/www.purejewels.com\/de\/product\/22ct-gold-cross-pendant-50630\/","title":{"rendered":"Kreuz-Anh\u00e4nger aus 22 Karat Gold mit Designer-B\u00fcgelschlaufe"},"content":{"rendered":"<p>SKU: 50630<br \/>\nGewicht: 1,4 g<\/p>\n<p><strong><a href=\"https:\/\/www.purejewels.com\/de\/product\/holy-cross-gold-pendant-44856\/\">22ct Gold Kreuz-Anh\u00e4nger<\/a> in Sunrise Gold<\/strong><\/p>\n<p>Entdecken Sie zeitlose Eleganz mit unseren exquisit gefertigten <a href=\"https:\/\/www.purejewels.com\/de\/product\/22ct-gold-jali-filigree-ring-jali-collection-31926\/\">22ct<\/a> Gold <a href=\"https:\/\/www.purejewels.com\/de\/product\/holy-cross-gold-pendant-44713\/\">Kreuzanh\u00e4nger<\/a> in Sunrise Gold. Das in unserem Londoner Atelier sorgf\u00e4ltig entworfene, strahlende St\u00fcck pr\u00e4sentiert sich in unvergleichlicher <a href=\"https:\/\/www.purejewels.com\/de\/a-guide-to-die-stamping\/\">Handwerkskunst<\/a>mit einer atemberaubenden Designer-B\u00fcgelschlaufe, an der Sie m\u00fchelos Ihre Lieblingskette befestigen k\u00f6nnen.<\/p>\n<p>Mit einer L\u00e4nge von 1 Zoll und einer Breite von 0,5 Zoll ist der Anh\u00e4nger dank seiner klassischen Proportionen ein vielseitiges und aussagekr\u00e4ftiges Accessoire, das sich perfekt f\u00fcr den Alltag oder besondere Anl\u00e4sse eignet. Ob als gesch\u00e4tztes Geschenk oder als pers\u00f6nliches Glaubens- und Stilbekenntnis, dieser Anh\u00e4nger ist eine strahlende Erg\u00e4nzung f\u00fcr jede Schmucksammlung.<\/p>\n<p>Abmessung: 1 Zoll x 0,5 Zoll<\/p>\n<p>Hinweis: Dieser Anh\u00e4nger ist auch in reinem 24 Karat Gold erh\u00e4ltlich.<\/p>","protected":false},"excerpt":{"rendered":"<table style=\"border-collapse: collapse; width: 100%; height: 196px;\">\n<tbody>\n<tr style=\"height: 28px;\">\n<td style=\"width: 50%; height: 28px;\">Typ des Anh\u00e4ngers<\/td>\n<td style=\"width: 50%; height: 28px;\">Religion Kreuz-Anh\u00e4nger<\/td>\n<\/tr>\n<tr style=\"height: 28px;\">\n<td style=\"width: 50%; height: 28px;\">SKU<\/td>\n<td style=\"width: 50%; height: 28px;\">50630<\/td>\n<\/tr>\n<tr style=\"height: 28px;\">\n<td style=\"width: 50%; height: 28px;\">Gewicht<\/td>\n<td style=\"width: 50%; height: 28px;\">1,4 Gramm<\/td>\n<\/tr>\n<tr style=\"height: 28px;\">\n<td style=\"width: 50%; height: 28px;\">Dimension<\/td>\n<td style=\"width: 50%; height: 28px;\">Messung <strong>2,54 cm L\u00e4nge<\/strong> und <strong>1,27 cm in der Breite<\/strong>.<\/td>\n<\/tr>\n<tr style=\"height: 28px;\">\n<td style=\"width: 50%; height: 28px;\">Geschlecht<\/td>\n<td style=\"width: 50%; height: 28px;\">Unisex<\/td>\n<\/tr>\n<tr style=\"height: 28px;\">\n<td style=\"width: 50%; height: 28px;\">Entgelte<\/td>\n<td style=\"width: 50%; height: 28px;\">Lieferung und Mehrwertsteuer inbegriffen<\/td>\n<\/tr>\n<tr style=\"height: 28px;\">\n<td style=\"width: 50%; height: 28px;\">Verpackung<\/td>\n<td style=\"width: 50%; height: 28px;\">Mit einer Pr\u00e4sentationsbox<\/td>\n<\/tr>\n<tr>\n<td style=\"width: 50%;\">Mehr Informationen<\/td>\n<td style=\"width: 50%;\">\n<ul>\n<li>Kette nicht enthalten<\/li>\n<li>Klicken Sie hier f\u00fcr eine passende Kette<\/li>\n<li>Live-Chat mit uns f\u00fcr Verf\u00fcgbarkeit und mehr Bilder<\/li>\n<\/ul>\n<\/td>\n<\/tr>\n<\/tbody>\n<\/table>\n<p>&nbsp;<\/p>","protected":false},"featured_media":379714,"comment_status":"closed","ping_status":"closed","template":"","meta":{"_eb_attr":"","_crsspst_to_jayantr4sg-hostcom":false},"product_brand":[],"product_cat":[1794,5603,1792,1229,1255,1572,1701,1574,5349],"product_tag":[],"class_list":{"0":"post-343784","1":"product","2":"type-product","3":"status-publish","4":"has-post-thumbnail","6":"product_cat-christmas-gifts","7":"product_cat-cross-pendants","8":"product_cat-festival-gifts","9":"product_cat-22ct-gold-jewellery","10":"product_cat-gold-pendants","11":"product_cat-mens-jewellery","12":"product_cat-religious-pendants","13":"product_cat-womens-jewellery","14":"product_cat-yellow-gold-jewellery","16":"first","17":"onbackorder","18":"taxable","19":"shipping-taxable","20":"product-type-simple","21":"add-to-wishlist-before_image"},"yoast_head":"<!-- This site is optimized with the Yoast SEO plugin v27.3 - https:\/\/yoast.com\/product\/yoast-seo-wordpress\/ -->\n<title>22ct Gold Cross Pendant online at Purejewels UK<\/title>\n<meta name=\"description\" content=\"Shop 22ct Gold Cross Pendant with designer bail loop is the perfect for daily ware. This is Religion pendant at Purejewels UK | Free delivery at UK.\" \/>\n<meta name=\"robots\" content=\"index, follow, max-snippet:-1, max-image-preview:large, max-video-preview:-1\" \/>\n<link rel=\"canonical\" href=\"https:\/\/www.purejewels.com\/de\/produkt-2\/22-kt-gold-kreuz-anhanger-50630\/\" \/>\n<meta property=\"og:locale\" content=\"de_DE\" \/>\n<meta property=\"og:type\" content=\"article\" \/>\n<meta property=\"og:title\" content=\"22ct Gold Cross Pendant online at Purejewels UK\" \/>\n<meta property=\"og:description\" content=\"Shop 22ct Gold Cross Pendant with designer bail loop is the perfect for daily ware. This is Religion pendant at Purejewels UK | Free delivery at UK.\" \/>\n<meta property=\"og:url\" content=\"https:\/\/www.purejewels.com\/de\/produkt-2\/22-kt-gold-kreuz-anhanger-50630\/\" \/>\n<meta property=\"og:site_name\" content=\"PureJewels UK\" \/>\n<meta property=\"article:modified_time\" content=\"2026-02-03T07:03:51+00:00\" \/>\n<meta property=\"og:image\" content=\"https:\/\/static.purejewels.com\/wp-content\/uploads\/2024\/12\/New-Project-1.png\" \/>\n\t<meta property=\"og:image:width\" content=\"1044\" \/>\n\t<meta property=\"og:image:height\" content=\"1044\" \/>\n\t<meta property=\"og:image:type\" content=\"image\/png\" \/>\n<meta name=\"twitter:card\" content=\"summary_large_image\" \/>\n<meta name=\"twitter:label1\" content=\"Gesch\u00e4tzte Lesezeit\" \/>\n\t<meta name=\"twitter:data1\" content=\"1\u00a0Minute\" \/>\n<script type=\"application\/ld+json\" class=\"yoast-schema-graph\">{\"@context\":\"https:\\\/\\\/schema.org\",\"@graph\":[{\"@type\":[\"WebPage\",\"ItemPage\"],\"@id\":\"https:\\\/\\\/www.purejewels.com\\\/product\\\/22ct-gold-cross-pendant-50630\\\/\",\"url\":\"https:\\\/\\\/www.purejewels.com\\\/product\\\/22ct-gold-cross-pendant-50630\\\/\",\"name\":\"22ct Gold Cross Pendant online at Purejewels UK\",\"isPartOf\":{\"@id\":\"https:\\\/\\\/www.purejewels.com\\\/#website\"},\"primaryImageOfPage\":{\"@id\":\"https:\\\/\\\/www.purejewels.com\\\/product\\\/22ct-gold-cross-pendant-50630\\\/#primaryimage\"},\"image\":{\"@id\":\"https:\\\/\\\/www.purejewels.com\\\/product\\\/22ct-gold-cross-pendant-50630\\\/#primaryimage\"},\"thumbnailUrl\":\"https:\\\/\\\/static.purejewels.com\\\/wp-content\\\/uploads\\\/2024\\\/12\\\/New-Project-1.png\",\"datePublished\":\"2024-11-25T07:24:35+00:00\",\"dateModified\":\"2026-02-03T07:03:51+00:00\",\"description\":\"Shop 22ct Gold Cross Pendant with designer bail loop is the perfect for daily ware. This is Religion pendant at Purejewels UK | Free delivery at UK.\",\"breadcrumb\":{\"@id\":\"https:\\\/\\\/www.purejewels.com\\\/product\\\/22ct-gold-cross-pendant-50630\\\/#breadcrumb\"},\"inLanguage\":\"de\",\"potentialAction\":[{\"@type\":\"ReadAction\",\"target\":[\"https:\\\/\\\/www.purejewels.com\\\/product\\\/22ct-gold-cross-pendant-50630\\\/\"]}]},{\"@type\":\"ImageObject\",\"inLanguage\":\"de\",\"@id\":\"https:\\\/\\\/www.purejewels.com\\\/product\\\/22ct-gold-cross-pendant-50630\\\/#primaryimage\",\"url\":\"https:\\\/\\\/static.purejewels.com\\\/wp-content\\\/uploads\\\/2024\\\/12\\\/New-Project-1.png\",\"contentUrl\":\"https:\\\/\\\/static.purejewels.com\\\/wp-content\\\/uploads\\\/2024\\\/12\\\/New-Project-1.png\",\"width\":1044,\"height\":1044,\"caption\":\"Pure Gold Cross Pendant with designer loop\"},{\"@type\":\"BreadcrumbList\",\"@id\":\"https:\\\/\\\/www.purejewels.com\\\/product\\\/22ct-gold-cross-pendant-50630\\\/#breadcrumb\",\"itemListElement\":[{\"@type\":\"ListItem\",\"position\":1,\"name\":\"Home\",\"item\":\"https:\\\/\\\/www.purejewels.com\\\/\"},{\"@type\":\"ListItem\",\"position\":2,\"name\":\"Shop\",\"item\":\"https:\\\/\\\/www.purejewels.com\\\/shop\\\/\"},{\"@type\":\"ListItem\",\"position\":3,\"name\":\"22ct Gold Cross Pendant with designer bail loop\"}]},{\"@type\":\"WebSite\",\"@id\":\"https:\\\/\\\/www.purejewels.com\\\/#website\",\"url\":\"https:\\\/\\\/www.purejewels.com\\\/\",\"name\":\"PureJewels UK\",\"description\":\"Share the Love\",\"publisher\":{\"@id\":\"https:\\\/\\\/www.purejewels.com\\\/#organization\"},\"potentialAction\":[{\"@type\":\"SearchAction\",\"target\":{\"@type\":\"EntryPoint\",\"urlTemplate\":\"https:\\\/\\\/www.purejewels.com\\\/?s={search_term_string}\"},\"query-input\":{\"@type\":\"PropertyValueSpecification\",\"valueRequired\":true,\"valueName\":\"search_term_string\"}}],\"inLanguage\":\"de\"},{\"@type\":\"Organization\",\"@id\":\"https:\\\/\\\/www.purejewels.com\\\/#organization\",\"name\":\"PureJewels UK\",\"url\":\"https:\\\/\\\/www.purejewels.com\\\/\",\"logo\":{\"@type\":\"ImageObject\",\"inLanguage\":\"de\",\"@id\":\"https:\\\/\\\/www.purejewels.com\\\/#\\\/schema\\\/logo\\\/image\\\/\",\"url\":\"https:\\\/\\\/static.purejewels.com\\\/wp-content\\\/uploads\\\/2020\\\/11\\\/Logo-PJ-New-1.png\",\"contentUrl\":\"https:\\\/\\\/static.purejewels.com\\\/wp-content\\\/uploads\\\/2020\\\/11\\\/Logo-PJ-New-1.png\",\"width\":150,\"height\":80,\"caption\":\"PureJewels UK\"},\"image\":{\"@id\":\"https:\\\/\\\/www.purejewels.com\\\/#\\\/schema\\\/logo\\\/image\\\/\"}}]}<\/script>\n<!-- \/ Yoast SEO plugin. -->","yoast_head_json":{"title":"22ct Gold Kreuz-Anh\u00e4nger online bei Purejewels UK","description":"Shop 22ct Gold Kreuz Anh\u00e4nger mit Designer-B\u00fcgel Schleife ist die perfekte f\u00fcr den t\u00e4glichen Gebrauch. Dies ist Religion Anh\u00e4nger bei Purejewels UK | Kostenlose Lieferung in Gro\u00dfbritannien.","robots":{"index":"index","follow":"follow","max-snippet":"max-snippet:-1","max-image-preview":"max-image-preview:large","max-video-preview":"max-video-preview:-1"},"canonical":"https:\/\/www.purejewels.com\/de\/produkt-2\/22-kt-gold-kreuz-anhanger-50630\/","og_locale":"de_DE","og_type":"article","og_title":"22ct Gold Cross Pendant online at Purejewels UK","og_description":"Shop 22ct Gold Cross Pendant with designer bail loop is the perfect for daily ware. This is Religion pendant at Purejewels UK | Free delivery at UK.","og_url":"https:\/\/www.purejewels.com\/de\/produkt-2\/22-kt-gold-kreuz-anhanger-50630\/","og_site_name":"PureJewels UK","article_modified_time":"2026-02-03T07:03:51+00:00","og_image":[{"width":1044,"height":1044,"url":"https:\/\/static.purejewels.com\/wp-content\/uploads\/2024\/12\/New-Project-1.png","type":"image\/png"}],"twitter_card":"summary_large_image","twitter_misc":{"Gesch\u00e4tzte Lesezeit":"1\u00a0Minute"},"schema":{"@context":"https:\/\/schema.org","@graph":[{"@type":["WebPage","ItemPage"],"@id":"https:\/\/www.purejewels.com\/product\/22ct-gold-cross-pendant-50630\/","url":"https:\/\/www.purejewels.com\/product\/22ct-gold-cross-pendant-50630\/","name":"22ct Gold Kreuz-Anh\u00e4nger online bei Purejewels UK","isPartOf":{"@id":"https:\/\/www.purejewels.com\/#website"},"primaryImageOfPage":{"@id":"https:\/\/www.purejewels.com\/product\/22ct-gold-cross-pendant-50630\/#primaryimage"},"image":{"@id":"https:\/\/www.purejewels.com\/product\/22ct-gold-cross-pendant-50630\/#primaryimage"},"thumbnailUrl":"https:\/\/static.purejewels.com\/wp-content\/uploads\/2024\/12\/New-Project-1.png","datePublished":"2024-11-25T07:24:35+00:00","dateModified":"2026-02-03T07:03:51+00:00","description":"Shop 22ct Gold Kreuz Anh\u00e4nger mit Designer-B\u00fcgel Schleife ist die perfekte f\u00fcr den t\u00e4glichen Gebrauch. Dies ist Religion Anh\u00e4nger bei Purejewels UK | Kostenlose Lieferung in Gro\u00dfbritannien.","breadcrumb":{"@id":"https:\/\/www.purejewels.com\/product\/22ct-gold-cross-pendant-50630\/#breadcrumb"},"inLanguage":"de","potentialAction":[{"@type":"ReadAction","target":["https:\/\/www.purejewels.com\/product\/22ct-gold-cross-pendant-50630\/"]}]},{"@type":"ImageObject","inLanguage":"de","@id":"https:\/\/www.purejewels.com\/product\/22ct-gold-cross-pendant-50630\/#primaryimage","url":"https:\/\/static.purejewels.com\/wp-content\/uploads\/2024\/12\/New-Project-1.png","contentUrl":"https:\/\/static.purejewels.com\/wp-content\/uploads\/2024\/12\/New-Project-1.png","width":1044,"height":1044,"caption":"Pure Gold Cross Pendant with designer loop"},{"@type":"BreadcrumbList","@id":"https:\/\/www.purejewels.com\/product\/22ct-gold-cross-pendant-50630\/#breadcrumb","itemListElement":[{"@type":"ListItem","position":1,"name":"Home","item":"https:\/\/www.purejewels.com\/"},{"@type":"ListItem","position":2,"name":"Shop","item":"https:\/\/www.purejewels.com\/shop\/"},{"@type":"ListItem","position":3,"name":"22ct Gold Cross Pendant with designer bail loop"}]},{"@type":"WebSite","@id":"https:\/\/www.purejewels.com\/#website","url":"https:\/\/www.purejewels.com\/","name":"PureJewels UK","description":"Teile die Liebe","publisher":{"@id":"https:\/\/www.purejewels.com\/#organization"},"potentialAction":[{"@type":"SearchAction","target":{"@type":"EntryPoint","urlTemplate":"https:\/\/www.purejewels.com\/?s={search_term_string}"},"query-input":{"@type":"PropertyValueSpecification","valueRequired":true,"valueName":"search_term_string"}}],"inLanguage":"de"},{"@type":"Organization","@id":"https:\/\/www.purejewels.com\/#organization","name":"PureJewels UK","url":"https:\/\/www.purejewels.com\/","logo":{"@type":"ImageObject","inLanguage":"de","@id":"https:\/\/www.purejewels.com\/#\/schema\/logo\/image\/","url":"https:\/\/static.purejewels.com\/wp-content\/uploads\/2020\/11\/Logo-PJ-New-1.png","contentUrl":"https:\/\/static.purejewels.com\/wp-content\/uploads\/2020\/11\/Logo-PJ-New-1.png","width":150,"height":80,"caption":"PureJewels UK"},"image":{"@id":"https:\/\/www.purejewels.com\/#\/schema\/logo\/image\/"}}]}},"_links":{"self":[{"href":"https:\/\/www.purejewels.com\/de\/wp-json\/wp\/v2\/product\/343784","targetHints":{"allow":["GET"]}}],"collection":[{"href":"https:\/\/www.purejewels.com\/de\/wp-json\/wp\/v2\/product"}],"about":[{"href":"https:\/\/www.purejewels.com\/de\/wp-json\/wp\/v2\/types\/product"}],"replies":[{"embeddable":true,"href":"https:\/\/www.purejewels.com\/de\/wp-json\/wp\/v2\/comments?post=343784"}],"version-history":[{"count":6,"href":"https:\/\/www.purejewels.com\/de\/wp-json\/wp\/v2\/product\/343784\/revisions"}],"predecessor-version":[{"id":399510,"href":"https:\/\/www.purejewels.com\/de\/wp-json\/wp\/v2\/product\/343784\/revisions\/399510"}],"wp:featuredmedia":[{"embeddable":true,"href":"https:\/\/www.purejewels.com\/de\/wp-json\/wp\/v2\/media\/379714"}],"wp:attachment":[{"href":"https:\/\/www.purejewels.com\/de\/wp-json\/wp\/v2\/media?parent=343784"}],"wp:term":[{"taxonomy":"product_brand","embeddable":true,"href":"https:\/\/www.purejewels.com\/de\/wp-json\/wp\/v2\/product_brand?post=343784"},{"taxonomy":"product_cat","embeddable":true,"href":"https:\/\/www.purejewels.com\/de\/wp-json\/wp\/v2\/product_cat?post=343784"},{"taxonomy":"product_tag","embeddable":true,"href":"https:\/\/www.purejewels.com\/de\/wp-json\/wp\/v2\/product_tag?post=343784"}],"curies":[{"name":"wp","href":"https:\/\/api.w.org\/{rel}","templated":true}]}}