{"id":343973,"date":"2025-02-16T09:26:58","date_gmt":"2025-02-16T09:26:58","guid":{"rendered":"https:\/\/www.purejewels.com\/?post_type=product&#038;p=343973"},"modified":"2026-03-30T09:54:23","modified_gmt":"2026-03-30T08:54:23","slug":"designer-armreif-aus-22-karat-gold-44136","status":"publish","type":"product","link":"https:\/\/www.purejewels.com\/de\/product\/22ct-gold-designer-bangle-44136\/","title":{"rendered":"22ct Gold Armreif | Brautmode | Gr\u00f6\u00dfe 2.6"},"content":{"rendered":"<p><span data-sheets-root=\"1\">Dieser exquisite Designer-Armreif aus 22-kar\u00e4tigem Gold ist ein Muss f\u00fcr jede Braut, die ihrem Hochzeitsensemble einen Hauch von Eleganz verleihen m\u00f6chte. Gefertigt aus hochwertigem 22-kar\u00e4tigem Gold und mit einem Gewicht von 17,8 Gramm, ist dieser <a href=\"https:\/\/www.purejewels.com\/de\/produkt-kategorie\/22-karatiger-goldschmuck\/goldarmbander\/goldener-kada-armreif-fur-braut-und-partykleidung\/\">Brautmode-Armreif<\/a> wurde entwickelt, um an Ihrem besonderen Tag ein Zeichen zu setzen.<\/span><\/p>\n<p>Durch das London Assay Office gestempelt, k\u00f6nnen Sie sich der Echtheit und Qualit\u00e4t dieses Designer-Armreifs sicher sein. Das komplizierte Design und die Handwerkskunst machen ihn zu einem zeitlosen St\u00fcck, das \u00fcber Generationen hinweg weitergegeben werden kann.<\/p>\n<p>Dieser Designer-Armreif ist in der Gr\u00f6\u00dfe 2,6 erh\u00e4ltlich, weitere Gr\u00f6\u00dfen k\u00f6nnen angefragt werden. Er wird in einer sch\u00f6nen Geschenkbox geliefert und ist das perfekte Geschenk f\u00fcr Sie selbst oder einen lieben Menschen.<\/p>\n<p>Kaufen Sie diesen atemberaubenden Designer-Armreif aus 22 Karat Gold noch heute online in Gro\u00dfbritannien und profitieren Sie von einer kostenlosen Lieferung, sicheren Online-Zahlungen und einer 30-t\u00e4gigen Geld-zur\u00fcck-Garantie. Peppen Sie Ihren Brautlook mit diesem exquisiten Schmuckst\u00fcck auf.<\/p>","protected":false},"excerpt":{"rendered":"<ul>\n<li><strong>Material:<\/strong>\u00a022ct Gold (91,6% reines Gold)<\/li>\n<li><strong>Wahrzeichen:\u00a0<\/strong>Britisches G\u00fctesiegel<\/li>\n<li><strong>Bruttogewicht:\u00a0<\/strong>17.8 Gms<\/li>\n<li><strong>Armreif Gr\u00f6\u00dfe:<\/strong>\u00a02.6 (Weitere Gr\u00f6\u00dfen auf Anfrage)<\/li>\n<li><strong>SKU:<\/strong>44136<\/li>\n<\/ul>\n<p><strong><br \/>\nPreis und Lieferung:\u00a0<\/strong>Inklusive Mehrwertsteuer und Lieferkosten<br \/>\n<em><strong>Anmerkung:<\/strong>\u00a0Der angegebene Preis gilt f\u00fcr einen einzelnen Armreif.<\/em><br \/>\n<strong><a href=\"https:\/\/www.purejewels.com\/de\/ruckgabepolitik\/\">R\u00fcckgabepolitik<\/a><\/strong><\/p>","protected":false},"featured_media":343998,"comment_status":"closed","ping_status":"closed","template":"","meta":{"_eb_attr":"","_crsspst_to_jayantr4sg-hostcom":true},"product_brand":[],"product_cat":[236,1233,5271,6151,1573],"product_tag":[1521],"class_list":{"0":"post-343973","1":"product","2":"type-product","3":"status-publish","4":"has-post-thumbnail","6":"product_cat-collections","7":"product_cat-gold-bangles","8":"product_cat-occasion-wear-bangles","9":"product_cat-plated-gold-bangles","10":"product_cat-wedding-gifts","11":"product_tag-kada","13":"first","14":"instock","15":"taxable","16":"shipping-taxable","17":"purchasable","18":"product-type-simple","19":"add-to-wishlist-before_image"},"yoast_head":"<!-- This site is optimized with the Yoast SEO plugin v27.5 - https:\/\/yoast.com\/product\/yoast-seo-wordpress\/ -->\n<title>Buy 22ct Gold Fancy Designer Bangle Online in UK<\/title>\n<meta name=\"description\" content=\"This charming bangle will make a perfect Bridal Jewellery. Made of 22 carat Gold and set with Rhodium and Rose Gold Finish. Free delivery across UK.\" \/>\n<meta name=\"robots\" content=\"index, follow, max-snippet:-1, max-image-preview:large, max-video-preview:-1\" \/>\n<link rel=\"canonical\" href=\"https:\/\/www.purejewels.com\/de\/produkt-2\/designer-armreif-aus-22-karat-gold-44136\/\" \/>\n<meta property=\"og:locale\" content=\"de_DE\" \/>\n<meta property=\"og:type\" content=\"article\" \/>\n<meta property=\"og:title\" content=\"Buy 22ct Gold Fancy Designer Bangle Online in UK\" \/>\n<meta property=\"og:description\" content=\"This charming bangle will make a perfect Bridal Jewellery. Made of 22 carat Gold and set with Rhodium and Rose Gold Finish. Free delivery across UK.\" \/>\n<meta property=\"og:url\" content=\"https:\/\/www.purejewels.com\/de\/produkt-2\/designer-armreif-aus-22-karat-gold-44136\/\" \/>\n<meta property=\"og:site_name\" content=\"PureJewels UK\" \/>\n<meta property=\"article:modified_time\" content=\"2026-03-30T08:54:23+00:00\" \/>\n<meta property=\"og:image\" content=\"https:\/\/static.purejewels.com\/wp-content\/uploads\/2023\/02\/44137-44136-1.jpg\" \/>\n\t<meta property=\"og:image:width\" content=\"1000\" \/>\n\t<meta property=\"og:image:height\" content=\"1000\" \/>\n\t<meta property=\"og:image:type\" content=\"image\/jpeg\" \/>\n<meta name=\"twitter:card\" content=\"summary_large_image\" \/>\n<meta name=\"twitter:label1\" content=\"Gesch\u00e4tzte Lesezeit\" \/>\n\t<meta name=\"twitter:data1\" content=\"1\u00a0Minute\" \/>\n<script type=\"application\/ld+json\" class=\"yoast-schema-graph\">{\"@context\":\"https:\\\/\\\/schema.org\",\"@graph\":[{\"@type\":[\"WebPage\",\"ItemPage\"],\"@id\":\"https:\\\/\\\/www.purejewels.com\\\/product\\\/22ct-gold-designer-bangle-44136\\\/\",\"url\":\"https:\\\/\\\/www.purejewels.com\\\/product\\\/22ct-gold-designer-bangle-44136\\\/\",\"name\":\"Buy 22ct Gold Fancy Designer Bangle Online in UK\",\"isPartOf\":{\"@id\":\"https:\\\/\\\/www.purejewels.com\\\/#website\"},\"primaryImageOfPage\":{\"@id\":\"https:\\\/\\\/www.purejewels.com\\\/product\\\/22ct-gold-designer-bangle-44136\\\/#primaryimage\"},\"image\":{\"@id\":\"https:\\\/\\\/www.purejewels.com\\\/product\\\/22ct-gold-designer-bangle-44136\\\/#primaryimage\"},\"thumbnailUrl\":\"https:\\\/\\\/static.purejewels.com\\\/wp-content\\\/uploads\\\/2023\\\/02\\\/44137-44136-1.jpg\",\"datePublished\":\"2025-02-16T09:26:58+00:00\",\"dateModified\":\"2026-03-30T08:54:23+00:00\",\"description\":\"This charming bangle will make a perfect Bridal Jewellery. Made of 22 carat Gold and set with Rhodium and Rose Gold Finish. Free delivery across UK.\",\"breadcrumb\":{\"@id\":\"https:\\\/\\\/www.purejewels.com\\\/product\\\/22ct-gold-designer-bangle-44136\\\/#breadcrumb\"},\"inLanguage\":\"de\",\"potentialAction\":[{\"@type\":\"ReadAction\",\"target\":[\"https:\\\/\\\/www.purejewels.com\\\/product\\\/22ct-gold-designer-bangle-44136\\\/\"]}]},{\"@type\":\"ImageObject\",\"inLanguage\":\"de\",\"@id\":\"https:\\\/\\\/www.purejewels.com\\\/product\\\/22ct-gold-designer-bangle-44136\\\/#primaryimage\",\"url\":\"https:\\\/\\\/static.purejewels.com\\\/wp-content\\\/uploads\\\/2023\\\/02\\\/44137-44136-1.jpg\",\"contentUrl\":\"https:\\\/\\\/static.purejewels.com\\\/wp-content\\\/uploads\\\/2023\\\/02\\\/44137-44136-1.jpg\",\"width\":1000,\"height\":1000,\"caption\":\"22ct Designer Gold Bangle | Bridal Wear | 2.6 | Heavyweight\"},{\"@type\":\"BreadcrumbList\",\"@id\":\"https:\\\/\\\/www.purejewels.com\\\/product\\\/22ct-gold-designer-bangle-44136\\\/#breadcrumb\",\"itemListElement\":[{\"@type\":\"ListItem\",\"position\":1,\"name\":\"Home\",\"item\":\"https:\\\/\\\/www.purejewels.com\\\/\"},{\"@type\":\"ListItem\",\"position\":2,\"name\":\"Shop\",\"item\":\"https:\\\/\\\/www.purejewels.com\\\/shop\\\/\"},{\"@type\":\"ListItem\",\"position\":3,\"name\":\"22ct Gold Bangle | Bridal Wear | Size 2.6\"}]},{\"@type\":\"WebSite\",\"@id\":\"https:\\\/\\\/www.purejewels.com\\\/#website\",\"url\":\"https:\\\/\\\/www.purejewels.com\\\/\",\"name\":\"PureJewels UK\",\"description\":\"Share the Love\",\"publisher\":{\"@id\":\"https:\\\/\\\/www.purejewels.com\\\/#organization\"},\"potentialAction\":[{\"@type\":\"SearchAction\",\"target\":{\"@type\":\"EntryPoint\",\"urlTemplate\":\"https:\\\/\\\/www.purejewels.com\\\/?s={search_term_string}\"},\"query-input\":{\"@type\":\"PropertyValueSpecification\",\"valueRequired\":true,\"valueName\":\"search_term_string\"}}],\"inLanguage\":\"de\"},{\"@type\":\"Organization\",\"@id\":\"https:\\\/\\\/www.purejewels.com\\\/#organization\",\"name\":\"PureJewels UK\",\"url\":\"https:\\\/\\\/www.purejewels.com\\\/\",\"logo\":{\"@type\":\"ImageObject\",\"inLanguage\":\"de\",\"@id\":\"https:\\\/\\\/www.purejewels.com\\\/#\\\/schema\\\/logo\\\/image\\\/\",\"url\":\"https:\\\/\\\/static.purejewels.com\\\/wp-content\\\/uploads\\\/2020\\\/11\\\/Logo-PJ-New-1.png\",\"contentUrl\":\"https:\\\/\\\/static.purejewels.com\\\/wp-content\\\/uploads\\\/2020\\\/11\\\/Logo-PJ-New-1.png\",\"width\":150,\"height\":80,\"caption\":\"PureJewels UK\"},\"image\":{\"@id\":\"https:\\\/\\\/www.purejewels.com\\\/#\\\/schema\\\/logo\\\/image\\\/\"}}]}<\/script>\n<!-- \/ Yoast SEO plugin. -->","yoast_head_json":{"title":"22ct Gold Fancy Designer Armreif online kaufen in UK","description":"Dieser bezaubernde Armreif ist der perfekte Brautschmuck. Hergestellt aus 22 Karat Gold und mit Rhodium und Rose Gold Finish. Kostenlose Lieferung in ganz Gro\u00dfbritannien.","robots":{"index":"index","follow":"follow","max-snippet":"max-snippet:-1","max-image-preview":"max-image-preview:large","max-video-preview":"max-video-preview:-1"},"canonical":"https:\/\/www.purejewels.com\/de\/produkt-2\/designer-armreif-aus-22-karat-gold-44136\/","og_locale":"de_DE","og_type":"article","og_title":"Buy 22ct Gold Fancy Designer Bangle Online in UK","og_description":"This charming bangle will make a perfect Bridal Jewellery. Made of 22 carat Gold and set with Rhodium and Rose Gold Finish. Free delivery across UK.","og_url":"https:\/\/www.purejewels.com\/de\/produkt-2\/designer-armreif-aus-22-karat-gold-44136\/","og_site_name":"PureJewels UK","article_modified_time":"2026-03-30T08:54:23+00:00","og_image":[{"width":1000,"height":1000,"url":"https:\/\/static.purejewels.com\/wp-content\/uploads\/2023\/02\/44137-44136-1.jpg","type":"image\/jpeg"}],"twitter_card":"summary_large_image","twitter_misc":{"Gesch\u00e4tzte Lesezeit":"1\u00a0Minute"},"schema":{"@context":"https:\/\/schema.org","@graph":[{"@type":["WebPage","ItemPage"],"@id":"https:\/\/www.purejewels.com\/product\/22ct-gold-designer-bangle-44136\/","url":"https:\/\/www.purejewels.com\/product\/22ct-gold-designer-bangle-44136\/","name":"22ct Gold Fancy Designer Armreif online kaufen in UK","isPartOf":{"@id":"https:\/\/www.purejewels.com\/#website"},"primaryImageOfPage":{"@id":"https:\/\/www.purejewels.com\/product\/22ct-gold-designer-bangle-44136\/#primaryimage"},"image":{"@id":"https:\/\/www.purejewels.com\/product\/22ct-gold-designer-bangle-44136\/#primaryimage"},"thumbnailUrl":"https:\/\/static.purejewels.com\/wp-content\/uploads\/2023\/02\/44137-44136-1.jpg","datePublished":"2025-02-16T09:26:58+00:00","dateModified":"2026-03-30T08:54:23+00:00","description":"Dieser bezaubernde Armreif ist der perfekte Brautschmuck. Hergestellt aus 22 Karat Gold und mit Rhodium und Rose Gold Finish. Kostenlose Lieferung in ganz Gro\u00dfbritannien.","breadcrumb":{"@id":"https:\/\/www.purejewels.com\/product\/22ct-gold-designer-bangle-44136\/#breadcrumb"},"inLanguage":"de","potentialAction":[{"@type":"ReadAction","target":["https:\/\/www.purejewels.com\/product\/22ct-gold-designer-bangle-44136\/"]}]},{"@type":"ImageObject","inLanguage":"de","@id":"https:\/\/www.purejewels.com\/product\/22ct-gold-designer-bangle-44136\/#primaryimage","url":"https:\/\/static.purejewels.com\/wp-content\/uploads\/2023\/02\/44137-44136-1.jpg","contentUrl":"https:\/\/static.purejewels.com\/wp-content\/uploads\/2023\/02\/44137-44136-1.jpg","width":1000,"height":1000,"caption":"22ct Designer Gold Bangle | Bridal Wear | 2.6 | Heavyweight"},{"@type":"BreadcrumbList","@id":"https:\/\/www.purejewels.com\/product\/22ct-gold-designer-bangle-44136\/#breadcrumb","itemListElement":[{"@type":"ListItem","position":1,"name":"Home","item":"https:\/\/www.purejewels.com\/"},{"@type":"ListItem","position":2,"name":"Shop","item":"https:\/\/www.purejewels.com\/shop\/"},{"@type":"ListItem","position":3,"name":"22ct Gold Bangle | Bridal Wear | Size 2.6"}]},{"@type":"WebSite","@id":"https:\/\/www.purejewels.com\/#website","url":"https:\/\/www.purejewels.com\/","name":"PureJewels UK","description":"Teile die Liebe","publisher":{"@id":"https:\/\/www.purejewels.com\/#organization"},"potentialAction":[{"@type":"SearchAction","target":{"@type":"EntryPoint","urlTemplate":"https:\/\/www.purejewels.com\/?s={search_term_string}"},"query-input":{"@type":"PropertyValueSpecification","valueRequired":true,"valueName":"search_term_string"}}],"inLanguage":"de"},{"@type":"Organization","@id":"https:\/\/www.purejewels.com\/#organization","name":"PureJewels UK","url":"https:\/\/www.purejewels.com\/","logo":{"@type":"ImageObject","inLanguage":"de","@id":"https:\/\/www.purejewels.com\/#\/schema\/logo\/image\/","url":"https:\/\/static.purejewels.com\/wp-content\/uploads\/2020\/11\/Logo-PJ-New-1.png","contentUrl":"https:\/\/static.purejewels.com\/wp-content\/uploads\/2020\/11\/Logo-PJ-New-1.png","width":150,"height":80,"caption":"PureJewels UK"},"image":{"@id":"https:\/\/www.purejewels.com\/#\/schema\/logo\/image\/"}}]}},"_links":{"self":[{"href":"https:\/\/www.purejewels.com\/de\/wp-json\/wp\/v2\/product\/343973","targetHints":{"allow":["GET"]}}],"collection":[{"href":"https:\/\/www.purejewels.com\/de\/wp-json\/wp\/v2\/product"}],"about":[{"href":"https:\/\/www.purejewels.com\/de\/wp-json\/wp\/v2\/types\/product"}],"replies":[{"embeddable":true,"href":"https:\/\/www.purejewels.com\/de\/wp-json\/wp\/v2\/comments?post=343973"}],"version-history":[{"count":4,"href":"https:\/\/www.purejewels.com\/de\/wp-json\/wp\/v2\/product\/343973\/revisions"}],"predecessor-version":[{"id":427789,"href":"https:\/\/www.purejewels.com\/de\/wp-json\/wp\/v2\/product\/343973\/revisions\/427789"}],"wp:featuredmedia":[{"embeddable":true,"href":"https:\/\/www.purejewels.com\/de\/wp-json\/wp\/v2\/media\/343998"}],"wp:attachment":[{"href":"https:\/\/www.purejewels.com\/de\/wp-json\/wp\/v2\/media?parent=343973"}],"wp:term":[{"taxonomy":"product_brand","embeddable":true,"href":"https:\/\/www.purejewels.com\/de\/wp-json\/wp\/v2\/product_brand?post=343973"},{"taxonomy":"product_cat","embeddable":true,"href":"https:\/\/www.purejewels.com\/de\/wp-json\/wp\/v2\/product_cat?post=343973"},{"taxonomy":"product_tag","embeddable":true,"href":"https:\/\/www.purejewels.com\/de\/wp-json\/wp\/v2\/product_tag?post=343973"}],"curies":[{"name":"wp","href":"https:\/\/api.w.org\/{rel}","templated":true}]}}