{"id":344043,"date":"2023-02-20T08:40:29","date_gmt":"2023-02-20T08:40:29","guid":{"rendered":"https:\/\/www.purejewels.com\/?post_type=product&#038;p=344043"},"modified":"2024-02-18T19:56:57","modified_gmt":"2024-02-18T19:56:57","slug":"22-karat-gold-schlangenkette-43862","status":"publish","type":"product","link":"https:\/\/www.purejewels.com\/de\/product\/22ct-gold-snake-chain-43862\/","title":{"rendered":"22ct Gold | Schlangenkette mit Spiga Link | 20 Zoll"},"content":{"rendered":"<p>Unsere Spiga-Schlangenkette aus 22 Karat Gold ist von der gewundenen Struktur eines Schlangenk\u00f6rpers inspiriert. Diese Art der Verbindung zwischen den einzelnen Elementen ist stark und perfekt f\u00fcr das t\u00e4gliche Tragen geeignet.<\/p>\n<p>Diese <a href=\"https:\/\/www.purejewels.com\/de\/product\/22ct-gold-foxtail-chain-43297\/\">Goldkette<\/a> ist ein tadelloses Geschenk f\u00fcr M\u00e4nner und Frauen. Sie kann alleine getragen werden oder mit einer anderen Kette kombiniert werden, um einen Lageneffekt zu erzeugen. Bei PureJewels, unser Atelier besteht aus verschiedenen <a href=\"https:\/\/www.purejewels.com\/de\/elegance-of-sold-gold\/\">Echtes Gold<\/a> Ketten f\u00fcr jeden Tag und jeden Anlass. Diese Goldketten sind in verschiedenen L\u00e4ngen erh\u00e4ltlich. Alle unsere Goldketten werden nach dem neuesten Stand der Technik hergestellt, damit sie bequem und langlebig sind.<\/p>","protected":false},"excerpt":{"rendered":"<table class=\"sh_desc\">\n<tbody>\n<tr>\n<td>Typ der Kette<\/td>\n<td>Schlangenkette mit Spiga-Glied<\/td>\n<\/tr>\n<tr>\n<td>SKU<\/td>\n<td>45843<\/td>\n<\/tr>\n<tr>\n<td>Gewicht<\/td>\n<td>7.4 Gms<\/td>\n<\/tr>\n<tr>\n<td>Metall<\/td>\n<td>22ct Gold<\/td>\n<\/tr>\n<tr>\n<td>L\u00e4nge<\/td>\n<td>20 Zoll<\/td>\n<\/tr>\n<tr>\n<td>Wahrzeichen<\/td>\n<td>22ct Gold gestempelt von London Assay Office<\/td>\n<\/tr>\n<tr>\n<td>Entgelte<\/td>\n<td>Lieferung und Mehrwertsteuer inbegriffen<\/td>\n<\/tr>\n<tr>\n<td>Verpackung<\/td>\n<td>Mit Pr\u00e4sentationsbox<\/td>\n<\/tr>\n<tr>\n<td>Mehr Informationen<\/td>\n<td>Live-Chat mit uns f\u00fcr Verf\u00fcgbarkeit und mehr Bilder<\/td>\n<\/tr>\n<\/tbody>\n<\/table>","protected":false},"featured_media":327527,"comment_status":"closed","ping_status":"closed","template":"","meta":{"_eb_attr":"","_crsspst_to_jayantr4sg-hostcom":false},"product_brand":[],"product_cat":[5015,5018,5264,1791,1559,1475,1773,1572,1774,1570,5266,1573,1574,5349],"product_tag":[],"class_list":{"0":"post-344043","1":"product","2":"type-product","3":"status-publish","4":"has-post-thumbnail","6":"product_cat-20-inch-ladies-chain","7":"product_cat-20-inch-mens-chain","8":"product_cat-22ct-gold-chain","9":"product_cat-anniversary-gifts","10":"product_cat-birthday-gifts","11":"product_cat-gold-chains","12":"product_cat-ladies-chains","13":"product_cat-mens-jewellery","14":"product_cat-mens-chains","15":"product_cat-mothers-day-gifts","16":"product_cat-spiga-chain","17":"product_cat-wedding-gifts","18":"product_cat-womens-jewellery","19":"product_cat-yellow-gold-jewellery","21":"first","22":"outofstock","23":"taxable","24":"shipping-taxable","25":"product-type-simple","26":"add-to-wishlist-before_image"},"yoast_head":"<!-- This site is optimized with the Yoast SEO plugin v27.3 - https:\/\/yoast.com\/product\/yoast-seo-wordpress\/ -->\n<title>Snake Chain Design with Spiga Link in 20 Inches | PureJewels<\/title>\n<meta name=\"description\" content=\"Explore our selection of Gold Snake Chains with Spiga Link. Shop 22 Carat Gold Chains. All our gold\u00a0Jewelry is Hallmarked by London Assay Office.\" \/>\n<meta name=\"robots\" content=\"index, follow, max-snippet:-1, max-image-preview:large, max-video-preview:-1\" \/>\n<link rel=\"canonical\" href=\"https:\/\/www.purejewels.com\/de\/produkt-2\/22-karat-gold-schlangenkette-43862\/\" \/>\n<meta property=\"og:locale\" content=\"de_DE\" \/>\n<meta property=\"og:type\" content=\"article\" \/>\n<meta property=\"og:title\" content=\"Snake Chain Design with Spiga Link in 20 Inches | PureJewels\" \/>\n<meta property=\"og:description\" content=\"Explore our selection of Gold Snake Chains with Spiga Link. Shop 22 Carat Gold Chains. All our gold\u00a0Jewelry is Hallmarked by London Assay Office.\" \/>\n<meta property=\"og:url\" content=\"https:\/\/www.purejewels.com\/de\/produkt-2\/22-karat-gold-schlangenkette-43862\/\" \/>\n<meta property=\"og:site_name\" content=\"PureJewels UK\" \/>\n<meta property=\"article:modified_time\" content=\"2024-02-18T19:56:57+00:00\" \/>\n<meta property=\"og:image\" content=\"https:\/\/www.purejewels.com\/wp-content\/uploads\/2020\/02\/31814-1.jpg\" \/>\n\t<meta property=\"og:image:width\" content=\"1000\" \/>\n\t<meta property=\"og:image:height\" content=\"1000\" \/>\n\t<meta property=\"og:image:type\" content=\"image\/jpeg\" \/>\n<meta name=\"twitter:card\" content=\"summary_large_image\" \/>\n<script type=\"application\/ld+json\" class=\"yoast-schema-graph\">{\"@context\":\"https:\\\/\\\/schema.org\",\"@graph\":[{\"@type\":[\"WebPage\",\"ItemPage\"],\"@id\":\"https:\\\/\\\/www.purejewels.com\\\/product\\\/22ct-gold-snake-chain-43862\\\/\",\"url\":\"https:\\\/\\\/www.purejewels.com\\\/product\\\/22ct-gold-snake-chain-43862\\\/\",\"name\":\"Snake Chain Design with Spiga Link in 20 Inches | PureJewels\",\"isPartOf\":{\"@id\":\"https:\\\/\\\/www.purejewels.com\\\/#website\"},\"primaryImageOfPage\":{\"@id\":\"https:\\\/\\\/www.purejewels.com\\\/product\\\/22ct-gold-snake-chain-43862\\\/#primaryimage\"},\"image\":{\"@id\":\"https:\\\/\\\/www.purejewels.com\\\/product\\\/22ct-gold-snake-chain-43862\\\/#primaryimage\"},\"thumbnailUrl\":\"https:\\\/\\\/static.purejewels.com\\\/wp-content\\\/uploads\\\/2020\\\/02\\\/31814-1.jpg\",\"datePublished\":\"2023-02-20T08:40:29+00:00\",\"dateModified\":\"2024-02-18T19:56:57+00:00\",\"description\":\"Explore our selection of Gold Snake Chains with Spiga Link. Shop 22 Carat Gold Chains. All our gold\u00a0Jewelry is Hallmarked by London Assay Office.\",\"breadcrumb\":{\"@id\":\"https:\\\/\\\/www.purejewels.com\\\/product\\\/22ct-gold-snake-chain-43862\\\/#breadcrumb\"},\"inLanguage\":\"de\",\"potentialAction\":[{\"@type\":\"ReadAction\",\"target\":[\"https:\\\/\\\/www.purejewels.com\\\/product\\\/22ct-gold-snake-chain-43862\\\/\"]}]},{\"@type\":\"ImageObject\",\"inLanguage\":\"de\",\"@id\":\"https:\\\/\\\/www.purejewels.com\\\/product\\\/22ct-gold-snake-chain-43862\\\/#primaryimage\",\"url\":\"https:\\\/\\\/static.purejewels.com\\\/wp-content\\\/uploads\\\/2020\\\/02\\\/31814-1.jpg\",\"contentUrl\":\"https:\\\/\\\/static.purejewels.com\\\/wp-content\\\/uploads\\\/2020\\\/02\\\/31814-1.jpg\",\"width\":1000,\"height\":1000,\"caption\":\"22ct Gold Spiga Chain 31814-1\"},{\"@type\":\"BreadcrumbList\",\"@id\":\"https:\\\/\\\/www.purejewels.com\\\/product\\\/22ct-gold-snake-chain-43862\\\/#breadcrumb\",\"itemListElement\":[{\"@type\":\"ListItem\",\"position\":1,\"name\":\"Home\",\"item\":\"https:\\\/\\\/www.purejewels.com\\\/\"},{\"@type\":\"ListItem\",\"position\":2,\"name\":\"Shop\",\"item\":\"https:\\\/\\\/www.purejewels.com\\\/shop\\\/\"},{\"@type\":\"ListItem\",\"position\":3,\"name\":\"22ct Gold | Snake Chain with Spiga Link | 20 Inches\"}]},{\"@type\":\"WebSite\",\"@id\":\"https:\\\/\\\/www.purejewels.com\\\/#website\",\"url\":\"https:\\\/\\\/www.purejewels.com\\\/\",\"name\":\"PureJewels UK\",\"description\":\"Share the Love\",\"publisher\":{\"@id\":\"https:\\\/\\\/www.purejewels.com\\\/#organization\"},\"potentialAction\":[{\"@type\":\"SearchAction\",\"target\":{\"@type\":\"EntryPoint\",\"urlTemplate\":\"https:\\\/\\\/www.purejewels.com\\\/?s={search_term_string}\"},\"query-input\":{\"@type\":\"PropertyValueSpecification\",\"valueRequired\":true,\"valueName\":\"search_term_string\"}}],\"inLanguage\":\"de\"},{\"@type\":\"Organization\",\"@id\":\"https:\\\/\\\/www.purejewels.com\\\/#organization\",\"name\":\"PureJewels UK\",\"url\":\"https:\\\/\\\/www.purejewels.com\\\/\",\"logo\":{\"@type\":\"ImageObject\",\"inLanguage\":\"de\",\"@id\":\"https:\\\/\\\/www.purejewels.com\\\/#\\\/schema\\\/logo\\\/image\\\/\",\"url\":\"https:\\\/\\\/static.purejewels.com\\\/wp-content\\\/uploads\\\/2020\\\/11\\\/Logo-PJ-New-1.png\",\"contentUrl\":\"https:\\\/\\\/static.purejewels.com\\\/wp-content\\\/uploads\\\/2020\\\/11\\\/Logo-PJ-New-1.png\",\"width\":150,\"height\":80,\"caption\":\"PureJewels UK\"},\"image\":{\"@id\":\"https:\\\/\\\/www.purejewels.com\\\/#\\\/schema\\\/logo\\\/image\\\/\"}}]}<\/script>\n<!-- \/ Yoast SEO plugin. -->","yoast_head_json":{"title":"Schlange Kette Design mit Spiga Link in 20 Zoll | PureJewels","description":"Entdecken Sie unsere Auswahl an Goldschlangenketten mit Spiga Link. Shop 22 Karat Gold-Ketten. Alle unsere Goldschmuck ist Hallmarked von London Assay Office.","robots":{"index":"index","follow":"follow","max-snippet":"max-snippet:-1","max-image-preview":"max-image-preview:large","max-video-preview":"max-video-preview:-1"},"canonical":"https:\/\/www.purejewels.com\/de\/produkt-2\/22-karat-gold-schlangenkette-43862\/","og_locale":"de_DE","og_type":"article","og_title":"Snake Chain Design with Spiga Link in 20 Inches | PureJewels","og_description":"Explore our selection of Gold Snake Chains with Spiga Link. Shop 22 Carat Gold Chains. All our gold\u00a0Jewelry is Hallmarked by London Assay Office.","og_url":"https:\/\/www.purejewels.com\/de\/produkt-2\/22-karat-gold-schlangenkette-43862\/","og_site_name":"PureJewels UK","article_modified_time":"2024-02-18T19:56:57+00:00","og_image":[{"width":1000,"height":1000,"url":"https:\/\/www.purejewels.com\/wp-content\/uploads\/2020\/02\/31814-1.jpg","type":"image\/jpeg"}],"twitter_card":"summary_large_image","schema":{"@context":"https:\/\/schema.org","@graph":[{"@type":["WebPage","ItemPage"],"@id":"https:\/\/www.purejewels.com\/product\/22ct-gold-snake-chain-43862\/","url":"https:\/\/www.purejewels.com\/product\/22ct-gold-snake-chain-43862\/","name":"Schlange Kette Design mit Spiga Link in 20 Zoll | PureJewels","isPartOf":{"@id":"https:\/\/www.purejewels.com\/#website"},"primaryImageOfPage":{"@id":"https:\/\/www.purejewels.com\/product\/22ct-gold-snake-chain-43862\/#primaryimage"},"image":{"@id":"https:\/\/www.purejewels.com\/product\/22ct-gold-snake-chain-43862\/#primaryimage"},"thumbnailUrl":"https:\/\/static.purejewels.com\/wp-content\/uploads\/2020\/02\/31814-1.jpg","datePublished":"2023-02-20T08:40:29+00:00","dateModified":"2024-02-18T19:56:57+00:00","description":"Entdecken Sie unsere Auswahl an Goldschlangenketten mit Spiga Link. Shop 22 Karat Gold-Ketten. Alle unsere Goldschmuck ist Hallmarked von London Assay Office.","breadcrumb":{"@id":"https:\/\/www.purejewels.com\/product\/22ct-gold-snake-chain-43862\/#breadcrumb"},"inLanguage":"de","potentialAction":[{"@type":"ReadAction","target":["https:\/\/www.purejewels.com\/product\/22ct-gold-snake-chain-43862\/"]}]},{"@type":"ImageObject","inLanguage":"de","@id":"https:\/\/www.purejewels.com\/product\/22ct-gold-snake-chain-43862\/#primaryimage","url":"https:\/\/static.purejewels.com\/wp-content\/uploads\/2020\/02\/31814-1.jpg","contentUrl":"https:\/\/static.purejewels.com\/wp-content\/uploads\/2020\/02\/31814-1.jpg","width":1000,"height":1000,"caption":"22ct Gold Spiga Chain 31814-1"},{"@type":"BreadcrumbList","@id":"https:\/\/www.purejewels.com\/product\/22ct-gold-snake-chain-43862\/#breadcrumb","itemListElement":[{"@type":"ListItem","position":1,"name":"Home","item":"https:\/\/www.purejewels.com\/"},{"@type":"ListItem","position":2,"name":"Shop","item":"https:\/\/www.purejewels.com\/shop\/"},{"@type":"ListItem","position":3,"name":"22ct Gold | Snake Chain with Spiga Link | 20 Inches"}]},{"@type":"WebSite","@id":"https:\/\/www.purejewels.com\/#website","url":"https:\/\/www.purejewels.com\/","name":"PureJewels UK","description":"Teile die Liebe","publisher":{"@id":"https:\/\/www.purejewels.com\/#organization"},"potentialAction":[{"@type":"SearchAction","target":{"@type":"EntryPoint","urlTemplate":"https:\/\/www.purejewels.com\/?s={search_term_string}"},"query-input":{"@type":"PropertyValueSpecification","valueRequired":true,"valueName":"search_term_string"}}],"inLanguage":"de"},{"@type":"Organization","@id":"https:\/\/www.purejewels.com\/#organization","name":"PureJewels UK","url":"https:\/\/www.purejewels.com\/","logo":{"@type":"ImageObject","inLanguage":"de","@id":"https:\/\/www.purejewels.com\/#\/schema\/logo\/image\/","url":"https:\/\/static.purejewels.com\/wp-content\/uploads\/2020\/11\/Logo-PJ-New-1.png","contentUrl":"https:\/\/static.purejewels.com\/wp-content\/uploads\/2020\/11\/Logo-PJ-New-1.png","width":150,"height":80,"caption":"PureJewels UK"},"image":{"@id":"https:\/\/www.purejewels.com\/#\/schema\/logo\/image\/"}}]}},"_links":{"self":[{"href":"https:\/\/www.purejewels.com\/de\/wp-json\/wp\/v2\/product\/344043","targetHints":{"allow":["GET"]}}],"collection":[{"href":"https:\/\/www.purejewels.com\/de\/wp-json\/wp\/v2\/product"}],"about":[{"href":"https:\/\/www.purejewels.com\/de\/wp-json\/wp\/v2\/types\/product"}],"replies":[{"embeddable":true,"href":"https:\/\/www.purejewels.com\/de\/wp-json\/wp\/v2\/comments?post=344043"}],"version-history":[{"count":0,"href":"https:\/\/www.purejewels.com\/de\/wp-json\/wp\/v2\/product\/344043\/revisions"}],"wp:featuredmedia":[{"embeddable":true,"href":"https:\/\/www.purejewels.com\/de\/wp-json\/wp\/v2\/media\/327527"}],"wp:attachment":[{"href":"https:\/\/www.purejewels.com\/de\/wp-json\/wp\/v2\/media?parent=344043"}],"wp:term":[{"taxonomy":"product_brand","embeddable":true,"href":"https:\/\/www.purejewels.com\/de\/wp-json\/wp\/v2\/product_brand?post=344043"},{"taxonomy":"product_cat","embeddable":true,"href":"https:\/\/www.purejewels.com\/de\/wp-json\/wp\/v2\/product_cat?post=344043"},{"taxonomy":"product_tag","embeddable":true,"href":"https:\/\/www.purejewels.com\/de\/wp-json\/wp\/v2\/product_tag?post=344043"}],"curies":[{"name":"wp","href":"https:\/\/api.w.org\/{rel}","templated":true}]}}