{"id":344051,"date":"2025-04-27T10:17:45","date_gmt":"2025-04-27T09:17:45","guid":{"rendered":"https:\/\/www.purejewels.com\/?post_type=product&#038;p=344051"},"modified":"2026-01-07T06:13:09","modified_gmt":"2026-01-07T06:13:09","slug":"22-karat-goldband-ring-43725","status":"publish","type":"product","link":"https:\/\/www.purejewels.com\/de\/product\/22-carat-gold-band-ring-43725\/","title":{"rendered":"22 Karat Goldband Ring | Gr\u00f6\u00dfe Q | 5mm"},"content":{"rendered":"<p>Dieser Ring aus 22-kar\u00e4tigem Gold ist ein zeitloses und klassisches Schmuckst\u00fcck, das sich perfekt f\u00fcr das t\u00e4gliche Tragen oder als Ehering eignet. Aus hochwertigem 22-kar\u00e4tigem Gold gefertigt, ist dieser Ring haltbar und langlebig, was ihn zu einem gro\u00dfartigen Investitionsobjekt macht. Das schlichte Design dieses Rings macht ihn vielseitig und l\u00e4sst sich leicht mit jedem Outfit kombinieren und verleiht Ihrem Look einen Hauch von Eleganz und Raffinesse.<\/p>\n<p>Dieser Goldring ist in den Gr\u00f6\u00dfen O und Q erh\u00e4ltlich und hat eine Breite von 5 mm, sodass er den meisten Fingern bequem passt. Der Ring wiegt 5,8 Gramm und f\u00fchlt sich daher gut an, ohne zu schwer zu sein. Er wird in einer Pr\u00e4sentationsbox verpackt und kann so verschenkt oder sicher aufbewahrt werden, wenn er nicht gebraucht wird.<\/p>\n<p><span data-sheets-root=\"1\">F\u00fcgen Sie diesen atemberaubenden Ring aus purem Gold noch heute Ihrer Sammlung hinzu und erfreuen Sie sich jahrelang an seiner zeitlosen Sch\u00f6nheit.<\/span><\/p>","protected":false},"excerpt":{"rendered":"<div class=\"woocommerce-product-details__short-description\">\n<p>&nbsp;<\/p>\n<table class=\"sh_desc\">\n<tbody>\n<tr>\n<td>Typ des Rings<\/td>\n<td>Hochzeitsband<\/td>\n<\/tr>\n<tr>\n<td>SKU<\/td>\n<td>43725<\/td>\n<\/tr>\n<tr>\n<td>Gewicht<\/td>\n<td>5,8 Gms<\/td>\n<\/tr>\n<tr>\n<td>Metall<\/td>\n<td>22ct Gold<\/td>\n<\/tr>\n<tr>\n<td>Entgelte<\/td>\n<td>Lieferung und Mehrwertsteuer inbegriffen<\/td>\n<\/tr>\n<tr>\n<td>Verpackung<\/td>\n<td>Mit Pr\u00e4sentationsbox<\/td>\n<\/tr>\n<tr>\n<td>Mehr Informationen<\/td>\n<td>Live-Chat mit uns f\u00fcr Verf\u00fcgbarkeit und mehr Bilder<\/td>\n<\/tr>\n<\/tbody>\n<\/table>\n<\/div>\n<div class=\"btn-atc atc-slide\"><\/div>\n<div class=\"product_meta\"><\/div>","protected":false},"featured_media":344255,"comment_status":"closed","ping_status":"closed","template":"","meta":{"_eb_attr":"","_crsspst_to_jayantr4sg-hostcom":true},"product_brand":[],"product_cat":[1640,1785,1571,1784,1229,1235,1783,5300,229,226,5303,5297],"product_tag":[64],"class_list":{"0":"post-344051","1":"product","2":"type-product","3":"status-publish","4":"has-post-thumbnail","6":"product_cat-22ct-gold-bands","7":"product_cat-daily-wear-rings","8":"product_cat-fathers-day-gifts","9":"product_cat-gents-rings","10":"product_cat-22ct-gold-jewellery","11":"product_cat-gold-rings","12":"product_cat-ladies-rings","13":"product_cat-mens-yellow-gold-bands","14":"product_cat-wedding-bands","15":"product_cat-wedding-rings-bands","16":"product_cat-womens-yellow-gold-bands","17":"product_cat-yellow-gold-wedding-bands","18":"product_tag-rings","20":"first","21":"outofstock","22":"taxable","23":"shipping-taxable","24":"product-type-simple","25":"add-to-wishlist-before_image"},"yoast_head":"<!-- This site is optimized with the Yoast SEO plugin v27.6 - https:\/\/yoast.com\/product\/yoast-seo-wordpress\/ -->\n<title>22ct Plain Gold Band Ring | Size O | Purejewels UK<\/title>\n<meta name=\"description\" content=\"Order this 22ct Classic Gold Unisex Band | Q size | 5 mm width | for birthday gifts, Christmas gifts, anniversary gifts, and wedding gifts.\" \/>\n<meta name=\"robots\" content=\"index, follow, max-snippet:-1, max-image-preview:large, max-video-preview:-1\" \/>\n<link rel=\"canonical\" href=\"https:\/\/www.purejewels.com\/de\/produkt-2\/22-karat-goldband-ring-43725\/\" \/>\n<meta property=\"og:locale\" content=\"de_DE\" \/>\n<meta property=\"og:type\" content=\"article\" \/>\n<meta property=\"og:title\" content=\"22ct Plain Gold Band Ring | Size O | Purejewels UK\" \/>\n<meta property=\"og:description\" content=\"Order this 22ct Classic Gold Unisex Band | Q size | 5 mm width | for birthday gifts, Christmas gifts, anniversary gifts, and wedding gifts.\" \/>\n<meta property=\"og:url\" content=\"https:\/\/www.purejewels.com\/de\/produkt-2\/22-karat-goldband-ring-43725\/\" \/>\n<meta property=\"og:site_name\" content=\"PureJewels UK\" \/>\n<meta property=\"article:modified_time\" content=\"2026-01-07T06:13:09+00:00\" \/>\n<meta property=\"og:image\" content=\"https:\/\/static.purejewels.com\/wp-content\/uploads\/2023\/02\/43725-1.jpg\" \/>\n\t<meta property=\"og:image:width\" content=\"1000\" \/>\n\t<meta property=\"og:image:height\" content=\"1000\" \/>\n\t<meta property=\"og:image:type\" content=\"image\/jpeg\" \/>\n<meta name=\"twitter:card\" content=\"summary_large_image\" \/>\n<meta name=\"twitter:label1\" content=\"Gesch\u00e4tzte Lesezeit\" \/>\n\t<meta name=\"twitter:data1\" content=\"1\u00a0Minute\" \/>\n<script type=\"application\/ld+json\" class=\"yoast-schema-graph\">{\"@context\":\"https:\\\/\\\/schema.org\",\"@graph\":[{\"@type\":[\"WebPage\",\"ItemPage\"],\"@id\":\"https:\\\/\\\/www.purejewels.com\\\/product\\\/22-carat-gold-band-ring-43725\\\/\",\"url\":\"https:\\\/\\\/www.purejewels.com\\\/product\\\/22-carat-gold-band-ring-43725\\\/\",\"name\":\"22ct Plain Gold Band Ring | Size O | Purejewels UK\",\"isPartOf\":{\"@id\":\"https:\\\/\\\/www.purejewels.com\\\/#website\"},\"primaryImageOfPage\":{\"@id\":\"https:\\\/\\\/www.purejewels.com\\\/product\\\/22-carat-gold-band-ring-43725\\\/#primaryimage\"},\"image\":{\"@id\":\"https:\\\/\\\/www.purejewels.com\\\/product\\\/22-carat-gold-band-ring-43725\\\/#primaryimage\"},\"thumbnailUrl\":\"https:\\\/\\\/static.purejewels.com\\\/wp-content\\\/uploads\\\/2023\\\/02\\\/43725-1.jpg\",\"datePublished\":\"2025-04-27T09:17:45+00:00\",\"dateModified\":\"2026-01-07T06:13:09+00:00\",\"description\":\"Order this 22ct Classic Gold Unisex Band | Q size | 5 mm width | for birthday gifts, Christmas gifts, anniversary gifts, and wedding gifts.\",\"breadcrumb\":{\"@id\":\"https:\\\/\\\/www.purejewels.com\\\/product\\\/22-carat-gold-band-ring-43725\\\/#breadcrumb\"},\"inLanguage\":\"de\",\"potentialAction\":[{\"@type\":\"ReadAction\",\"target\":[\"https:\\\/\\\/www.purejewels.com\\\/product\\\/22-carat-gold-band-ring-43725\\\/\"]}]},{\"@type\":\"ImageObject\",\"inLanguage\":\"de\",\"@id\":\"https:\\\/\\\/www.purejewels.com\\\/product\\\/22-carat-gold-band-ring-43725\\\/#primaryimage\",\"url\":\"https:\\\/\\\/static.purejewels.com\\\/wp-content\\\/uploads\\\/2023\\\/02\\\/43725-1.jpg\",\"contentUrl\":\"https:\\\/\\\/static.purejewels.com\\\/wp-content\\\/uploads\\\/2023\\\/02\\\/43725-1.jpg\",\"width\":1000,\"height\":1000,\"caption\":\"22 carat Gold Band Ring | Size Q | 5mm\"},{\"@type\":\"BreadcrumbList\",\"@id\":\"https:\\\/\\\/www.purejewels.com\\\/product\\\/22-carat-gold-band-ring-43725\\\/#breadcrumb\",\"itemListElement\":[{\"@type\":\"ListItem\",\"position\":1,\"name\":\"Home\",\"item\":\"https:\\\/\\\/www.purejewels.com\\\/\"},{\"@type\":\"ListItem\",\"position\":2,\"name\":\"Shop\",\"item\":\"https:\\\/\\\/www.purejewels.com\\\/shop\\\/\"},{\"@type\":\"ListItem\",\"position\":3,\"name\":\"22 carat Gold Band Ring | Size Q | 5mm\"}]},{\"@type\":\"WebSite\",\"@id\":\"https:\\\/\\\/www.purejewels.com\\\/#website\",\"url\":\"https:\\\/\\\/www.purejewels.com\\\/\",\"name\":\"PureJewels UK\",\"description\":\"Share the Love\",\"publisher\":{\"@id\":\"https:\\\/\\\/www.purejewels.com\\\/#organization\"},\"potentialAction\":[{\"@type\":\"SearchAction\",\"target\":{\"@type\":\"EntryPoint\",\"urlTemplate\":\"https:\\\/\\\/www.purejewels.com\\\/?s={search_term_string}\"},\"query-input\":{\"@type\":\"PropertyValueSpecification\",\"valueRequired\":true,\"valueName\":\"search_term_string\"}}],\"inLanguage\":\"de\"},{\"@type\":\"Organization\",\"@id\":\"https:\\\/\\\/www.purejewels.com\\\/#organization\",\"name\":\"PureJewels UK\",\"url\":\"https:\\\/\\\/www.purejewels.com\\\/\",\"logo\":{\"@type\":\"ImageObject\",\"inLanguage\":\"de\",\"@id\":\"https:\\\/\\\/www.purejewels.com\\\/#\\\/schema\\\/logo\\\/image\\\/\",\"url\":\"https:\\\/\\\/static.purejewels.com\\\/wp-content\\\/uploads\\\/2020\\\/11\\\/Logo-PJ-New-1.png\",\"contentUrl\":\"https:\\\/\\\/static.purejewels.com\\\/wp-content\\\/uploads\\\/2020\\\/11\\\/Logo-PJ-New-1.png\",\"width\":150,\"height\":80,\"caption\":\"PureJewels UK\"},\"image\":{\"@id\":\"https:\\\/\\\/www.purejewels.com\\\/#\\\/schema\\\/logo\\\/image\\\/\"}}]}<\/script>\n<!-- \/ Yoast SEO plugin. -->","yoast_head_json":{"title":"22ct Plain Gold Band Ring | Gr\u00f6\u00dfe O | Purejewels UK","description":"Bestellen Sie dieses 22ct Classic Gold Unisex Band | Gr\u00f6\u00dfe Q | 5 mm Breite | f\u00fcr Geburtstagsgeschenke, Weihnachtsgeschenke, Jubil\u00e4umsgeschenke und Hochzeitsgeschenke.","robots":{"index":"index","follow":"follow","max-snippet":"max-snippet:-1","max-image-preview":"max-image-preview:large","max-video-preview":"max-video-preview:-1"},"canonical":"https:\/\/www.purejewels.com\/de\/produkt-2\/22-karat-goldband-ring-43725\/","og_locale":"de_DE","og_type":"article","og_title":"22ct Plain Gold Band Ring | Size O | Purejewels UK","og_description":"Order this 22ct Classic Gold Unisex Band | Q size | 5 mm width | for birthday gifts, Christmas gifts, anniversary gifts, and wedding gifts.","og_url":"https:\/\/www.purejewels.com\/de\/produkt-2\/22-karat-goldband-ring-43725\/","og_site_name":"PureJewels UK","article_modified_time":"2026-01-07T06:13:09+00:00","og_image":[{"width":1000,"height":1000,"url":"https:\/\/static.purejewels.com\/wp-content\/uploads\/2023\/02\/43725-1.jpg","type":"image\/jpeg"}],"twitter_card":"summary_large_image","twitter_misc":{"Gesch\u00e4tzte Lesezeit":"1\u00a0Minute"},"schema":{"@context":"https:\/\/schema.org","@graph":[{"@type":["WebPage","ItemPage"],"@id":"https:\/\/www.purejewels.com\/product\/22-carat-gold-band-ring-43725\/","url":"https:\/\/www.purejewels.com\/product\/22-carat-gold-band-ring-43725\/","name":"22ct Plain Gold Band Ring | Gr\u00f6\u00dfe O | Purejewels UK","isPartOf":{"@id":"https:\/\/www.purejewels.com\/#website"},"primaryImageOfPage":{"@id":"https:\/\/www.purejewels.com\/product\/22-carat-gold-band-ring-43725\/#primaryimage"},"image":{"@id":"https:\/\/www.purejewels.com\/product\/22-carat-gold-band-ring-43725\/#primaryimage"},"thumbnailUrl":"https:\/\/static.purejewels.com\/wp-content\/uploads\/2023\/02\/43725-1.jpg","datePublished":"2025-04-27T09:17:45+00:00","dateModified":"2026-01-07T06:13:09+00:00","description":"Bestellen Sie dieses 22ct Classic Gold Unisex Band | Gr\u00f6\u00dfe Q | 5 mm Breite | f\u00fcr Geburtstagsgeschenke, Weihnachtsgeschenke, Jubil\u00e4umsgeschenke und Hochzeitsgeschenke.","breadcrumb":{"@id":"https:\/\/www.purejewels.com\/product\/22-carat-gold-band-ring-43725\/#breadcrumb"},"inLanguage":"de","potentialAction":[{"@type":"ReadAction","target":["https:\/\/www.purejewels.com\/product\/22-carat-gold-band-ring-43725\/"]}]},{"@type":"ImageObject","inLanguage":"de","@id":"https:\/\/www.purejewels.com\/product\/22-carat-gold-band-ring-43725\/#primaryimage","url":"https:\/\/static.purejewels.com\/wp-content\/uploads\/2023\/02\/43725-1.jpg","contentUrl":"https:\/\/static.purejewels.com\/wp-content\/uploads\/2023\/02\/43725-1.jpg","width":1000,"height":1000,"caption":"22 carat Gold Band Ring | Size Q | 5mm"},{"@type":"BreadcrumbList","@id":"https:\/\/www.purejewels.com\/product\/22-carat-gold-band-ring-43725\/#breadcrumb","itemListElement":[{"@type":"ListItem","position":1,"name":"Home","item":"https:\/\/www.purejewels.com\/"},{"@type":"ListItem","position":2,"name":"Shop","item":"https:\/\/www.purejewels.com\/shop\/"},{"@type":"ListItem","position":3,"name":"22 carat Gold Band Ring | Size Q | 5mm"}]},{"@type":"WebSite","@id":"https:\/\/www.purejewels.com\/#website","url":"https:\/\/www.purejewels.com\/","name":"PureJewels UK","description":"Teile die Liebe","publisher":{"@id":"https:\/\/www.purejewels.com\/#organization"},"potentialAction":[{"@type":"SearchAction","target":{"@type":"EntryPoint","urlTemplate":"https:\/\/www.purejewels.com\/?s={search_term_string}"},"query-input":{"@type":"PropertyValueSpecification","valueRequired":true,"valueName":"search_term_string"}}],"inLanguage":"de"},{"@type":"Organization","@id":"https:\/\/www.purejewels.com\/#organization","name":"PureJewels UK","url":"https:\/\/www.purejewels.com\/","logo":{"@type":"ImageObject","inLanguage":"de","@id":"https:\/\/www.purejewels.com\/#\/schema\/logo\/image\/","url":"https:\/\/static.purejewels.com\/wp-content\/uploads\/2020\/11\/Logo-PJ-New-1.png","contentUrl":"https:\/\/static.purejewels.com\/wp-content\/uploads\/2020\/11\/Logo-PJ-New-1.png","width":150,"height":80,"caption":"PureJewels UK"},"image":{"@id":"https:\/\/www.purejewels.com\/#\/schema\/logo\/image\/"}}]}},"_links":{"self":[{"href":"https:\/\/www.purejewels.com\/de\/wp-json\/wp\/v2\/product\/344051","targetHints":{"allow":["GET"]}}],"collection":[{"href":"https:\/\/www.purejewels.com\/de\/wp-json\/wp\/v2\/product"}],"about":[{"href":"https:\/\/www.purejewels.com\/de\/wp-json\/wp\/v2\/types\/product"}],"replies":[{"embeddable":true,"href":"https:\/\/www.purejewels.com\/de\/wp-json\/wp\/v2\/comments?post=344051"}],"version-history":[{"count":3,"href":"https:\/\/www.purejewels.com\/de\/wp-json\/wp\/v2\/product\/344051\/revisions"}],"predecessor-version":[{"id":420782,"href":"https:\/\/www.purejewels.com\/de\/wp-json\/wp\/v2\/product\/344051\/revisions\/420782"}],"wp:featuredmedia":[{"embeddable":true,"href":"https:\/\/www.purejewels.com\/de\/wp-json\/wp\/v2\/media\/344255"}],"wp:attachment":[{"href":"https:\/\/www.purejewels.com\/de\/wp-json\/wp\/v2\/media?parent=344051"}],"wp:term":[{"taxonomy":"product_brand","embeddable":true,"href":"https:\/\/www.purejewels.com\/de\/wp-json\/wp\/v2\/product_brand?post=344051"},{"taxonomy":"product_cat","embeddable":true,"href":"https:\/\/www.purejewels.com\/de\/wp-json\/wp\/v2\/product_cat?post=344051"},{"taxonomy":"product_tag","embeddable":true,"href":"https:\/\/www.purejewels.com\/de\/wp-json\/wp\/v2\/product_tag?post=344051"}],"curies":[{"name":"wp","href":"https:\/\/api.w.org\/{rel}","templated":true}]}}