{"id":344244,"date":"2025-06-30T04:04:05","date_gmt":"2025-06-30T03:04:05","guid":{"rendered":"https:\/\/www.purejewels.com\/?post_type=product&#038;p=344244"},"modified":"2026-02-13T12:58:17","modified_gmt":"2026-02-13T12:58:17","slug":"gold-mangalsutra-armband-mit-schwarzen-perlen-46623","status":"publish","type":"product","link":"https:\/\/www.purejewels.com\/de\/product\/gold-mangalsutra-bracelet-with-black-beads-46623\/","title":{"rendered":"Gold-Mangalsutra-Armband mit schwarzen Perlen"},"content":{"rendered":"<p data-start=\"798\" data-end=\"1141\">Feiern Sie zeitlose Traditionen mit dieser eleganten <strong data-start=\"846\" data-end=\"880\">22ct Gold Mangalsutra-Armband<\/strong>. Es ist aus reinem 916er Gold gefertigt und zeigt die charakteristischen schwarzen Perlen, die Schutz und Harmonie symbolisieren, gepaart mit filigranen Goldverzierungen. Dieses Armband verbindet kulturelle Bedeutung mit einem eleganten, modernen Design - ideal f\u00fcr den t\u00e4glichen Gebrauch oder besondere Anl\u00e4sse.<\/p>\n<ul data-start=\"1143\" data-end=\"1497\">\n<li data-start=\"1143\" data-end=\"1190\">\n<p data-start=\"1145\" data-end=\"1190\"><strong data-start=\"1145\" data-end=\"1155\">Metall:<\/strong> 22 Karat Massivgold (916 gestempelt)<\/p>\n<\/li>\n<li data-start=\"1191\" data-end=\"1273\">\n<p data-start=\"1193\" data-end=\"1273\"><strong data-start=\"1193\" data-end=\"1204\">Entwurf:<\/strong> Doppelter Strang mit traditionellen schwarzen Perlen und goldfarbenen Strukturperlen<\/p>\n<\/li>\n<li data-start=\"1274\" data-end=\"1317\">\n<p data-start=\"1276\" data-end=\"1317\"><strong data-start=\"1276\" data-end=\"1286\">Schlie\u00dfe:<\/strong> Sichere Karabinerschlie\u00dfe<\/p>\n<\/li>\n<li data-start=\"1318\" data-end=\"1390\">\n<p data-start=\"1320\" data-end=\"1390\"><strong data-start=\"1320\" data-end=\"1333\">Anlass:<\/strong> Perfekt f\u00fcr das t\u00e4gliche Tragen, als Geschenk oder f\u00fcr Hochzeitstraditionen<\/p>\n<\/li>\n<li data-start=\"1391\" data-end=\"1436\">\n<p data-start=\"1393\" data-end=\"1436\"><strong data-start=\"1393\" data-end=\"1406\">Versand:<\/strong> Kostenlose Lieferung in ganz Gro\u00dfbritannien<\/p>\n<\/li>\n<li data-start=\"1437\" data-end=\"1497\">\n<p data-start=\"1439\" data-end=\"1497\"><strong data-start=\"1439\" data-end=\"1457\">Zertifizierung:<\/strong> Gepunzt vom London Assay Office46623<\/p>\n<\/li>\n<\/ul>","protected":false},"excerpt":{"rendered":"<p>Ein zartes Mangalsutra-Armband aus 22 Karat Gold mit schwarzen Perlen und goldenen Motiven. Perfekt f\u00fcr moderne Frauen, die Tradition mit Stil umarmen. Gepunzt und mit kostenloser Lieferung in Gro\u00dfbritannien erh\u00e4ltlich.<\/p>\n<p><strong>Material:<\/strong>\u00a022ct Gold<strong><br \/>\nWahrzeichen:\u00a0<\/strong>Britisches G\u00fctesiegel<strong><br \/>\n<\/strong><strong>Bruttogewicht: <\/strong>7 Gramm<br \/>\n<strong>L\u00e4nge:<\/strong> 8 Zoll<br \/>\n<strong>SKU:<\/strong> 46623<\/p>\n<p><strong>Preis und Lieferung<\/strong>: Inklusive Mehrwertsteuer und Lieferkosten<br \/>\n<a href=\"https:\/\/www.purejewels.com\/de\/ruckgabepolitik\/\">R\u00fcckgabepolitik<\/a><\/p>","protected":false},"featured_media":403216,"comment_status":"closed","ping_status":"closed","template":"","meta":{"_eb_attr":"","_crsspst_to_jayantr4sg-hostcom":true},"product_brand":[],"product_cat":[1791,1559,1324,1627,1569,1574],"product_tag":[],"class_list":{"0":"post-344244","1":"product","2":"type-product","3":"status-publish","4":"has-post-thumbnail","6":"product_cat-anniversary-gifts","7":"product_cat-birthday-gifts","8":"product_cat-gold-bracelet","9":"product_cat-ladies-bracelet","10":"product_cat-valentine-day-gifts","11":"product_cat-womens-jewellery","13":"first","14":"instock","15":"taxable","16":"shipping-taxable","17":"purchasable","18":"product-type-simple","19":"add-to-wishlist-before_image"},"yoast_head":"<!-- This site is optimized with the Yoast SEO plugin v27.4 - https:\/\/yoast.com\/product\/yoast-seo-wordpress\/ -->\n<title>Gold Mangalsutra Bracelet with Black Beads | Purejewels<\/title>\n<meta name=\"description\" content=\"This Gold Mangalsutra Bracelet with Black Beads is made of 22ct gold and looks elegant and beautiful. Buy this Bracelet Online today!\" \/>\n<meta name=\"robots\" content=\"index, follow, max-snippet:-1, max-image-preview:large, max-video-preview:-1\" \/>\n<link rel=\"canonical\" href=\"https:\/\/www.purejewels.com\/de\/produkt-2\/gold-mangalsutra-armband-mit-schwarzen-perlen-46623\/\" \/>\n<meta property=\"og:locale\" content=\"de_DE\" \/>\n<meta property=\"og:type\" content=\"article\" \/>\n<meta property=\"og:title\" content=\"Gold Mangalsutra Bracelet with Black Beads | Purejewels\" \/>\n<meta property=\"og:description\" content=\"This Gold Mangalsutra Bracelet with Black Beads is made of 22ct gold and looks elegant and beautiful. Buy this Bracelet Online today!\" \/>\n<meta property=\"og:url\" content=\"https:\/\/www.purejewels.com\/de\/produkt-2\/gold-mangalsutra-armband-mit-schwarzen-perlen-46623\/\" \/>\n<meta property=\"og:site_name\" content=\"PureJewels UK\" \/>\n<meta property=\"article:modified_time\" content=\"2026-02-13T12:58:17+00:00\" \/>\n<meta property=\"og:image\" content=\"https:\/\/static.purejewels.com\/wp-content\/uploads\/2023\/02\/SKU-46623.jpg\" \/>\n\t<meta property=\"og:image:width\" content=\"1000\" \/>\n\t<meta property=\"og:image:height\" content=\"1000\" \/>\n\t<meta property=\"og:image:type\" content=\"image\/jpeg\" \/>\n<meta name=\"twitter:card\" content=\"summary_large_image\" \/>\n<meta name=\"twitter:label1\" content=\"Gesch\u00e4tzte Lesezeit\" \/>\n\t<meta name=\"twitter:data1\" content=\"1\u00a0Minute\" \/>\n<script type=\"application\/ld+json\" class=\"yoast-schema-graph\">{\"@context\":\"https:\\\/\\\/schema.org\",\"@graph\":[{\"@type\":[\"WebPage\",\"ItemPage\"],\"@id\":\"https:\\\/\\\/www.purejewels.com\\\/product\\\/gold-mangalsutra-bracelet-with-black-beads-46623\\\/\",\"url\":\"https:\\\/\\\/www.purejewels.com\\\/product\\\/gold-mangalsutra-bracelet-with-black-beads-46623\\\/\",\"name\":\"Gold Mangalsutra Bracelet with Black Beads | Purejewels\",\"isPartOf\":{\"@id\":\"https:\\\/\\\/www.purejewels.com\\\/#website\"},\"primaryImageOfPage\":{\"@id\":\"https:\\\/\\\/www.purejewels.com\\\/product\\\/gold-mangalsutra-bracelet-with-black-beads-46623\\\/#primaryimage\"},\"image\":{\"@id\":\"https:\\\/\\\/www.purejewels.com\\\/product\\\/gold-mangalsutra-bracelet-with-black-beads-46623\\\/#primaryimage\"},\"thumbnailUrl\":\"https:\\\/\\\/static.purejewels.com\\\/wp-content\\\/uploads\\\/2023\\\/02\\\/SKU-46623.jpg\",\"datePublished\":\"2025-06-30T03:04:05+00:00\",\"dateModified\":\"2026-02-13T12:58:17+00:00\",\"description\":\"This Gold Mangalsutra Bracelet with Black Beads is made of 22ct gold and looks elegant and beautiful. Buy this Bracelet Online today!\",\"breadcrumb\":{\"@id\":\"https:\\\/\\\/www.purejewels.com\\\/product\\\/gold-mangalsutra-bracelet-with-black-beads-46623\\\/#breadcrumb\"},\"inLanguage\":\"de\",\"potentialAction\":[{\"@type\":\"ReadAction\",\"target\":[\"https:\\\/\\\/www.purejewels.com\\\/product\\\/gold-mangalsutra-bracelet-with-black-beads-46623\\\/\"]}]},{\"@type\":\"ImageObject\",\"inLanguage\":\"de\",\"@id\":\"https:\\\/\\\/www.purejewels.com\\\/product\\\/gold-mangalsutra-bracelet-with-black-beads-46623\\\/#primaryimage\",\"url\":\"https:\\\/\\\/static.purejewels.com\\\/wp-content\\\/uploads\\\/2023\\\/02\\\/SKU-46623.jpg\",\"contentUrl\":\"https:\\\/\\\/static.purejewels.com\\\/wp-content\\\/uploads\\\/2023\\\/02\\\/SKU-46623.jpg\",\"width\":1000,\"height\":1000,\"caption\":\"Gold Mangalsutra Bracelet with Black Beads\"},{\"@type\":\"BreadcrumbList\",\"@id\":\"https:\\\/\\\/www.purejewels.com\\\/product\\\/gold-mangalsutra-bracelet-with-black-beads-46623\\\/#breadcrumb\",\"itemListElement\":[{\"@type\":\"ListItem\",\"position\":1,\"name\":\"Home\",\"item\":\"https:\\\/\\\/www.purejewels.com\\\/\"},{\"@type\":\"ListItem\",\"position\":2,\"name\":\"Shop\",\"item\":\"https:\\\/\\\/www.purejewels.com\\\/shop\\\/\"},{\"@type\":\"ListItem\",\"position\":3,\"name\":\"Gold Mangalsutra Bracelet with Black Beads\"}]},{\"@type\":\"WebSite\",\"@id\":\"https:\\\/\\\/www.purejewels.com\\\/#website\",\"url\":\"https:\\\/\\\/www.purejewels.com\\\/\",\"name\":\"PureJewels UK\",\"description\":\"Share the Love\",\"publisher\":{\"@id\":\"https:\\\/\\\/www.purejewels.com\\\/#organization\"},\"potentialAction\":[{\"@type\":\"SearchAction\",\"target\":{\"@type\":\"EntryPoint\",\"urlTemplate\":\"https:\\\/\\\/www.purejewels.com\\\/?s={search_term_string}\"},\"query-input\":{\"@type\":\"PropertyValueSpecification\",\"valueRequired\":true,\"valueName\":\"search_term_string\"}}],\"inLanguage\":\"de\"},{\"@type\":\"Organization\",\"@id\":\"https:\\\/\\\/www.purejewels.com\\\/#organization\",\"name\":\"PureJewels UK\",\"url\":\"https:\\\/\\\/www.purejewels.com\\\/\",\"logo\":{\"@type\":\"ImageObject\",\"inLanguage\":\"de\",\"@id\":\"https:\\\/\\\/www.purejewels.com\\\/#\\\/schema\\\/logo\\\/image\\\/\",\"url\":\"https:\\\/\\\/static.purejewels.com\\\/wp-content\\\/uploads\\\/2020\\\/11\\\/Logo-PJ-New-1.png\",\"contentUrl\":\"https:\\\/\\\/static.purejewels.com\\\/wp-content\\\/uploads\\\/2020\\\/11\\\/Logo-PJ-New-1.png\",\"width\":150,\"height\":80,\"caption\":\"PureJewels UK\"},\"image\":{\"@id\":\"https:\\\/\\\/www.purejewels.com\\\/#\\\/schema\\\/logo\\\/image\\\/\"}}]}<\/script>\n<!-- \/ Yoast SEO plugin. -->","yoast_head_json":{"title":"Gold-Mangalsutra-Armband mit schwarzen Perlen | Purejewels","description":"Dieses goldene Mangalsutra-Armband mit schwarzen Perlen ist aus 22 Karat Gold gefertigt und sieht elegant und sch\u00f6n aus. Kaufen Sie dieses Armband noch heute online!","robots":{"index":"index","follow":"follow","max-snippet":"max-snippet:-1","max-image-preview":"max-image-preview:large","max-video-preview":"max-video-preview:-1"},"canonical":"https:\/\/www.purejewels.com\/de\/produkt-2\/gold-mangalsutra-armband-mit-schwarzen-perlen-46623\/","og_locale":"de_DE","og_type":"article","og_title":"Gold Mangalsutra Bracelet with Black Beads | Purejewels","og_description":"This Gold Mangalsutra Bracelet with Black Beads is made of 22ct gold and looks elegant and beautiful. Buy this Bracelet Online today!","og_url":"https:\/\/www.purejewels.com\/de\/produkt-2\/gold-mangalsutra-armband-mit-schwarzen-perlen-46623\/","og_site_name":"PureJewels UK","article_modified_time":"2026-02-13T12:58:17+00:00","og_image":[{"width":1000,"height":1000,"url":"https:\/\/static.purejewels.com\/wp-content\/uploads\/2023\/02\/SKU-46623.jpg","type":"image\/jpeg"}],"twitter_card":"summary_large_image","twitter_misc":{"Gesch\u00e4tzte Lesezeit":"1\u00a0Minute"},"schema":{"@context":"https:\/\/schema.org","@graph":[{"@type":["WebPage","ItemPage"],"@id":"https:\/\/www.purejewels.com\/product\/gold-mangalsutra-bracelet-with-black-beads-46623\/","url":"https:\/\/www.purejewels.com\/product\/gold-mangalsutra-bracelet-with-black-beads-46623\/","name":"Gold-Mangalsutra-Armband mit schwarzen Perlen | Purejewels","isPartOf":{"@id":"https:\/\/www.purejewels.com\/#website"},"primaryImageOfPage":{"@id":"https:\/\/www.purejewels.com\/product\/gold-mangalsutra-bracelet-with-black-beads-46623\/#primaryimage"},"image":{"@id":"https:\/\/www.purejewels.com\/product\/gold-mangalsutra-bracelet-with-black-beads-46623\/#primaryimage"},"thumbnailUrl":"https:\/\/static.purejewels.com\/wp-content\/uploads\/2023\/02\/SKU-46623.jpg","datePublished":"2025-06-30T03:04:05+00:00","dateModified":"2026-02-13T12:58:17+00:00","description":"Dieses goldene Mangalsutra-Armband mit schwarzen Perlen ist aus 22 Karat Gold gefertigt und sieht elegant und sch\u00f6n aus. Kaufen Sie dieses Armband noch heute online!","breadcrumb":{"@id":"https:\/\/www.purejewels.com\/product\/gold-mangalsutra-bracelet-with-black-beads-46623\/#breadcrumb"},"inLanguage":"de","potentialAction":[{"@type":"ReadAction","target":["https:\/\/www.purejewels.com\/product\/gold-mangalsutra-bracelet-with-black-beads-46623\/"]}]},{"@type":"ImageObject","inLanguage":"de","@id":"https:\/\/www.purejewels.com\/product\/gold-mangalsutra-bracelet-with-black-beads-46623\/#primaryimage","url":"https:\/\/static.purejewels.com\/wp-content\/uploads\/2023\/02\/SKU-46623.jpg","contentUrl":"https:\/\/static.purejewels.com\/wp-content\/uploads\/2023\/02\/SKU-46623.jpg","width":1000,"height":1000,"caption":"Gold Mangalsutra Bracelet with Black Beads"},{"@type":"BreadcrumbList","@id":"https:\/\/www.purejewels.com\/product\/gold-mangalsutra-bracelet-with-black-beads-46623\/#breadcrumb","itemListElement":[{"@type":"ListItem","position":1,"name":"Home","item":"https:\/\/www.purejewels.com\/"},{"@type":"ListItem","position":2,"name":"Shop","item":"https:\/\/www.purejewels.com\/shop\/"},{"@type":"ListItem","position":3,"name":"Gold Mangalsutra Bracelet with Black Beads"}]},{"@type":"WebSite","@id":"https:\/\/www.purejewels.com\/#website","url":"https:\/\/www.purejewels.com\/","name":"PureJewels UK","description":"Teile die Liebe","publisher":{"@id":"https:\/\/www.purejewels.com\/#organization"},"potentialAction":[{"@type":"SearchAction","target":{"@type":"EntryPoint","urlTemplate":"https:\/\/www.purejewels.com\/?s={search_term_string}"},"query-input":{"@type":"PropertyValueSpecification","valueRequired":true,"valueName":"search_term_string"}}],"inLanguage":"de"},{"@type":"Organization","@id":"https:\/\/www.purejewels.com\/#organization","name":"PureJewels UK","url":"https:\/\/www.purejewels.com\/","logo":{"@type":"ImageObject","inLanguage":"de","@id":"https:\/\/www.purejewels.com\/#\/schema\/logo\/image\/","url":"https:\/\/static.purejewels.com\/wp-content\/uploads\/2020\/11\/Logo-PJ-New-1.png","contentUrl":"https:\/\/static.purejewels.com\/wp-content\/uploads\/2020\/11\/Logo-PJ-New-1.png","width":150,"height":80,"caption":"PureJewels UK"},"image":{"@id":"https:\/\/www.purejewels.com\/#\/schema\/logo\/image\/"}}]}},"_links":{"self":[{"href":"https:\/\/www.purejewels.com\/de\/wp-json\/wp\/v2\/product\/344244","targetHints":{"allow":["GET"]}}],"collection":[{"href":"https:\/\/www.purejewels.com\/de\/wp-json\/wp\/v2\/product"}],"about":[{"href":"https:\/\/www.purejewels.com\/de\/wp-json\/wp\/v2\/types\/product"}],"replies":[{"embeddable":true,"href":"https:\/\/www.purejewels.com\/de\/wp-json\/wp\/v2\/comments?post=344244"}],"version-history":[{"count":3,"href":"https:\/\/www.purejewels.com\/de\/wp-json\/wp\/v2\/product\/344244\/revisions"}],"predecessor-version":[{"id":403217,"href":"https:\/\/www.purejewels.com\/de\/wp-json\/wp\/v2\/product\/344244\/revisions\/403217"}],"wp:featuredmedia":[{"embeddable":true,"href":"https:\/\/www.purejewels.com\/de\/wp-json\/wp\/v2\/media\/403216"}],"wp:attachment":[{"href":"https:\/\/www.purejewels.com\/de\/wp-json\/wp\/v2\/media?parent=344244"}],"wp:term":[{"taxonomy":"product_brand","embeddable":true,"href":"https:\/\/www.purejewels.com\/de\/wp-json\/wp\/v2\/product_brand?post=344244"},{"taxonomy":"product_cat","embeddable":true,"href":"https:\/\/www.purejewels.com\/de\/wp-json\/wp\/v2\/product_cat?post=344244"},{"taxonomy":"product_tag","embeddable":true,"href":"https:\/\/www.purejewels.com\/de\/wp-json\/wp\/v2\/product_tag?post=344244"}],"curies":[{"name":"wp","href":"https:\/\/api.w.org\/{rel}","templated":true}]}}