{"id":344544,"date":"2023-03-01T11:35:01","date_gmt":"2023-03-01T11:35:01","guid":{"rendered":"https:\/\/www.purejewels.com\/?post_type=product&#038;p=344544"},"modified":"2026-01-07T06:13:09","modified_gmt":"2026-01-07T06:13:09","slug":"gelbgold-ring-46796","status":"publish","type":"product","link":"https:\/\/www.purejewels.com\/de\/product\/yellow-gold-ring-46796\/","title":{"rendered":"Gelbgold Ring | Gr\u00f6\u00dfe N"},"content":{"rendered":"<p>Diese <a href=\"https:\/\/www.purejewels.com\/de\/product\/22ct-gold-jali-filigree-ring-jali-collection-31926\/\">22ct<\/a> Der skulpturale Ring aus Gelbgold ist eine auff\u00e4llige Mischung aus Reinheit und modernem Design. Mit drei polierten, gew\u00f6lbten Akzenten, die sich von einem schlanken Goldband abheben, zieht er mit seiner architektonischen Komposition und seiner reflektierenden Oberfl\u00e4che alle Blicke auf sich.<\/p>\n<p>Jede Kuppel befindet sich im Gleichgewicht \u2013 ein Symbol f\u00fcr Harmonie und Fluss. Der Ring aus hochreinem 22-kar\u00e4tigem Gold verk\u00f6rpert raffinierte Eleganz und ist ideal f\u00fcr diejenigen, die Modernit\u00e4t sch\u00e4tzen und gleichzeitig Tradition ehren.<\/p>\n<p>Ob als Einzelst\u00fcck oder zusammen mit passenden Ringen getragen, dieses Design bietet vielseitige Kombinationsm\u00f6glichkeiten f\u00fcr jeden Tag und einen edlen Stil. Mit einem Echtheitsstempel versehen, tr\u00e4gt es die PureJewels-Signatur f\u00fcr Qualit\u00e4t, Pr\u00e4zision und kulturelle Geschichten.<\/p>\n<p><strong>Designstil<\/strong><\/p>\n<p>Zeitgen\u00f6ssischer Minimalismus mit skulpturaler Eleganz. Die dreifache Kuppelsilhouette ist von weichen organischen Formen inspiriert \u2013 klar, flie\u00dfend und zur\u00fcckhaltend k\u00fchn.<\/p>\n<p><strong>Handwerkliches K\u00f6nnen<\/strong><\/p>\n<p>Dieser Ring aus edlem 22-kar\u00e4tigem Gelbgold wurde von Hand auf Hochglanz poliert. Er wurde in der Londoner Werkstatt von PureJewels entworfen und gefertigt und ist mit dem Punzzeichen des London Assay Office versehen, das seine Reinheit und Qualit\u00e4t f\u00fcr kommende Generationen garantiert.<\/p>","protected":false},"excerpt":{"rendered":"<p>Minimalistisch und doch ausdrucksstark \u2013 dieser Ring aus 22 Karat Gelbgold besticht durch drei polierte Kuppelmotive und zelebriert zeitgen\u00f6ssisches Design mit traditioneller Reinheit.<\/p>\n<table class=\"sh_desc\">\n<tbody>\n<tr>\n<td>Typ des Rings<\/td>\n<td>Damenringe<\/td>\n<\/tr>\n<tr>\n<td>SKU<\/td>\n<td>46796<\/td>\n<\/tr>\n<tr>\n<td>Gewicht<\/td>\n<td>2.2 Gms<\/td>\n<\/tr>\n<tr>\n<td>Ringgr\u00f6\u00dfe<\/td>\n<td>N<\/td>\n<\/tr>\n<tr>\n<td>Metall<\/td>\n<td>22ct Gold<\/td>\n<\/tr>\n<tr>\n<td>Entgelte<\/td>\n<td>Lieferung und Mehrwertsteuer inbegriffen<\/td>\n<\/tr>\n<tr>\n<td>Verpackung<\/td>\n<td>Mit Pr\u00e4sentationsbox<\/td>\n<\/tr>\n<tr>\n<td>Mehr Informationen<\/td>\n<td>\n<ul>\n<li>Live-Chat mit uns f\u00fcr Verf\u00fcgbarkeit und mehr Bilder<\/li>\n<li>Entdecken Sie unsere Goldring-Kollektion<\/li>\n<\/ul>\n<\/td>\n<\/tr>\n<\/tbody>\n<\/table>\n<p>&nbsp;<\/p>","protected":false},"featured_media":355193,"comment_status":"closed","ping_status":"closed","template":"","meta":{"_eb_attr":"","_crsspst_to_jayantr4sg-hostcom":false},"product_brand":[],"product_cat":[1791,1794,1785,1793,1792,1229,1235,5344,1783,1570,5338,1573,1574,5349],"product_tag":[64],"class_list":{"0":"post-344544","1":"product","2":"type-product","3":"status-publish","4":"has-post-thumbnail","6":"product_cat-anniversary-gifts","7":"product_cat-christmas-gifts","8":"product_cat-daily-wear-rings","9":"product_cat-diwali-gifts","10":"product_cat-festival-gifts","11":"product_cat-22ct-gold-jewellery","12":"product_cat-gold-rings","13":"product_cat-jewellery-under-750","14":"product_cat-ladies-rings","15":"product_cat-mothers-day-gifts","16":"product_cat-shop-by-price","17":"product_cat-wedding-gifts","18":"product_cat-womens-jewellery","19":"product_cat-yellow-gold-jewellery","20":"product_tag-rings","22":"first","23":"outofstock","24":"taxable","25":"shipping-taxable","26":"product-type-simple","27":"add-to-wishlist-before_image"},"yoast_head":"<!-- This site is optimized with the Yoast SEO plugin v27.3 - https:\/\/yoast.com\/product\/yoast-seo-wordpress\/ -->\n<title>Yellow Gold Ring | Size N | PureJewels UK<\/title>\n<meta name=\"description\" content=\"Looking for a beautiful yellow gold ring in size P? Look no further than PureJewels UK! We offer a wide selection of yellow gold rings to choose from.\" \/>\n<meta name=\"robots\" content=\"index, follow, max-snippet:-1, max-image-preview:large, max-video-preview:-1\" \/>\n<link rel=\"canonical\" href=\"https:\/\/www.purejewels.com\/de\/produkt-2\/gelbgold-ring-46796\/\" \/>\n<meta property=\"og:locale\" content=\"de_DE\" \/>\n<meta property=\"og:type\" content=\"article\" \/>\n<meta property=\"og:title\" content=\"Yellow Gold Ring | Size N | PureJewels UK\" \/>\n<meta property=\"og:description\" content=\"Looking for a beautiful yellow gold ring in size P? Look no further than PureJewels UK! We offer a wide selection of yellow gold rings to choose from.\" \/>\n<meta property=\"og:url\" content=\"https:\/\/www.purejewels.com\/de\/produkt-2\/gelbgold-ring-46796\/\" \/>\n<meta property=\"og:site_name\" content=\"PureJewels UK\" \/>\n<meta property=\"article:modified_time\" content=\"2026-01-07T06:13:09+00:00\" \/>\n<meta property=\"og:image\" content=\"https:\/\/static.purejewels.com\/wp-content\/uploads\/2023\/03\/46796.jpg\" \/>\n\t<meta property=\"og:image:width\" content=\"1000\" \/>\n\t<meta property=\"og:image:height\" content=\"1000\" \/>\n\t<meta property=\"og:image:type\" content=\"image\/jpeg\" \/>\n<meta name=\"twitter:card\" content=\"summary_large_image\" \/>\n<meta name=\"twitter:label1\" content=\"Gesch\u00e4tzte Lesezeit\" \/>\n\t<meta name=\"twitter:data1\" content=\"1\u00a0Minute\" \/>\n<script type=\"application\/ld+json\" class=\"yoast-schema-graph\">{\"@context\":\"https:\\\/\\\/schema.org\",\"@graph\":[{\"@type\":[\"WebPage\",\"ItemPage\"],\"@id\":\"https:\\\/\\\/www.purejewels.com\\\/product\\\/yellow-gold-ring-46796\\\/\",\"url\":\"https:\\\/\\\/www.purejewels.com\\\/product\\\/yellow-gold-ring-46796\\\/\",\"name\":\"Yellow Gold Ring | Size N | PureJewels UK\",\"isPartOf\":{\"@id\":\"https:\\\/\\\/www.purejewels.com\\\/#website\"},\"primaryImageOfPage\":{\"@id\":\"https:\\\/\\\/www.purejewels.com\\\/product\\\/yellow-gold-ring-46796\\\/#primaryimage\"},\"image\":{\"@id\":\"https:\\\/\\\/www.purejewels.com\\\/product\\\/yellow-gold-ring-46796\\\/#primaryimage\"},\"thumbnailUrl\":\"https:\\\/\\\/static.purejewels.com\\\/wp-content\\\/uploads\\\/2023\\\/03\\\/46796.jpg\",\"datePublished\":\"2023-03-01T11:35:01+00:00\",\"dateModified\":\"2026-01-07T06:13:09+00:00\",\"description\":\"Looking for a beautiful yellow gold ring in size P? Look no further than PureJewels UK! We offer a wide selection of yellow gold rings to choose from.\",\"breadcrumb\":{\"@id\":\"https:\\\/\\\/www.purejewels.com\\\/product\\\/yellow-gold-ring-46796\\\/#breadcrumb\"},\"inLanguage\":\"de\",\"potentialAction\":[{\"@type\":\"ReadAction\",\"target\":[\"https:\\\/\\\/www.purejewels.com\\\/product\\\/yellow-gold-ring-46796\\\/\"]}]},{\"@type\":\"ImageObject\",\"inLanguage\":\"de\",\"@id\":\"https:\\\/\\\/www.purejewels.com\\\/product\\\/yellow-gold-ring-46796\\\/#primaryimage\",\"url\":\"https:\\\/\\\/static.purejewels.com\\\/wp-content\\\/uploads\\\/2023\\\/03\\\/46796.jpg\",\"contentUrl\":\"https:\\\/\\\/static.purejewels.com\\\/wp-content\\\/uploads\\\/2023\\\/03\\\/46796.jpg\",\"width\":1000,\"height\":1000,\"caption\":\"22ct Gold Ring\"},{\"@type\":\"BreadcrumbList\",\"@id\":\"https:\\\/\\\/www.purejewels.com\\\/product\\\/yellow-gold-ring-46796\\\/#breadcrumb\",\"itemListElement\":[{\"@type\":\"ListItem\",\"position\":1,\"name\":\"Home\",\"item\":\"https:\\\/\\\/www.purejewels.com\\\/\"},{\"@type\":\"ListItem\",\"position\":2,\"name\":\"Shop\",\"item\":\"https:\\\/\\\/www.purejewels.com\\\/shop\\\/\"},{\"@type\":\"ListItem\",\"position\":3,\"name\":\"Yellow Gold Ring | Size N\"}]},{\"@type\":\"WebSite\",\"@id\":\"https:\\\/\\\/www.purejewels.com\\\/#website\",\"url\":\"https:\\\/\\\/www.purejewels.com\\\/\",\"name\":\"PureJewels UK\",\"description\":\"Share the Love\",\"publisher\":{\"@id\":\"https:\\\/\\\/www.purejewels.com\\\/#organization\"},\"potentialAction\":[{\"@type\":\"SearchAction\",\"target\":{\"@type\":\"EntryPoint\",\"urlTemplate\":\"https:\\\/\\\/www.purejewels.com\\\/?s={search_term_string}\"},\"query-input\":{\"@type\":\"PropertyValueSpecification\",\"valueRequired\":true,\"valueName\":\"search_term_string\"}}],\"inLanguage\":\"de\"},{\"@type\":\"Organization\",\"@id\":\"https:\\\/\\\/www.purejewels.com\\\/#organization\",\"name\":\"PureJewels UK\",\"url\":\"https:\\\/\\\/www.purejewels.com\\\/\",\"logo\":{\"@type\":\"ImageObject\",\"inLanguage\":\"de\",\"@id\":\"https:\\\/\\\/www.purejewels.com\\\/#\\\/schema\\\/logo\\\/image\\\/\",\"url\":\"https:\\\/\\\/static.purejewels.com\\\/wp-content\\\/uploads\\\/2020\\\/11\\\/Logo-PJ-New-1.png\",\"contentUrl\":\"https:\\\/\\\/static.purejewels.com\\\/wp-content\\\/uploads\\\/2020\\\/11\\\/Logo-PJ-New-1.png\",\"width\":150,\"height\":80,\"caption\":\"PureJewels UK\"},\"image\":{\"@id\":\"https:\\\/\\\/www.purejewels.com\\\/#\\\/schema\\\/logo\\\/image\\\/\"}}]}<\/script>\n<!-- \/ Yoast SEO plugin. -->","yoast_head_json":{"title":"Gelbgold Ring | Gr\u00f6\u00dfe N | PureJewels UK","description":"Suchen Sie einen sch\u00f6nen Gelbgoldring in Gr\u00f6\u00dfe P? Suchen Sie nicht weiter als PureJewels UK! Wir bieten eine gro\u00dfe Auswahl an Gelbgold Ringe zur Auswahl.","robots":{"index":"index","follow":"follow","max-snippet":"max-snippet:-1","max-image-preview":"max-image-preview:large","max-video-preview":"max-video-preview:-1"},"canonical":"https:\/\/www.purejewels.com\/de\/produkt-2\/gelbgold-ring-46796\/","og_locale":"de_DE","og_type":"article","og_title":"Yellow Gold Ring | Size N | PureJewels UK","og_description":"Looking for a beautiful yellow gold ring in size P? Look no further than PureJewels UK! We offer a wide selection of yellow gold rings to choose from.","og_url":"https:\/\/www.purejewels.com\/de\/produkt-2\/gelbgold-ring-46796\/","og_site_name":"PureJewels UK","article_modified_time":"2026-01-07T06:13:09+00:00","og_image":[{"width":1000,"height":1000,"url":"https:\/\/static.purejewels.com\/wp-content\/uploads\/2023\/03\/46796.jpg","type":"image\/jpeg"}],"twitter_card":"summary_large_image","twitter_misc":{"Gesch\u00e4tzte Lesezeit":"1\u00a0Minute"},"schema":{"@context":"https:\/\/schema.org","@graph":[{"@type":["WebPage","ItemPage"],"@id":"https:\/\/www.purejewels.com\/product\/yellow-gold-ring-46796\/","url":"https:\/\/www.purejewels.com\/product\/yellow-gold-ring-46796\/","name":"Gelbgold Ring | Gr\u00f6\u00dfe N | PureJewels UK","isPartOf":{"@id":"https:\/\/www.purejewels.com\/#website"},"primaryImageOfPage":{"@id":"https:\/\/www.purejewels.com\/product\/yellow-gold-ring-46796\/#primaryimage"},"image":{"@id":"https:\/\/www.purejewels.com\/product\/yellow-gold-ring-46796\/#primaryimage"},"thumbnailUrl":"https:\/\/static.purejewels.com\/wp-content\/uploads\/2023\/03\/46796.jpg","datePublished":"2023-03-01T11:35:01+00:00","dateModified":"2026-01-07T06:13:09+00:00","description":"Suchen Sie einen sch\u00f6nen Gelbgoldring in Gr\u00f6\u00dfe P? Suchen Sie nicht weiter als PureJewels UK! Wir bieten eine gro\u00dfe Auswahl an Gelbgold Ringe zur Auswahl.","breadcrumb":{"@id":"https:\/\/www.purejewels.com\/product\/yellow-gold-ring-46796\/#breadcrumb"},"inLanguage":"de","potentialAction":[{"@type":"ReadAction","target":["https:\/\/www.purejewels.com\/product\/yellow-gold-ring-46796\/"]}]},{"@type":"ImageObject","inLanguage":"de","@id":"https:\/\/www.purejewels.com\/product\/yellow-gold-ring-46796\/#primaryimage","url":"https:\/\/static.purejewels.com\/wp-content\/uploads\/2023\/03\/46796.jpg","contentUrl":"https:\/\/static.purejewels.com\/wp-content\/uploads\/2023\/03\/46796.jpg","width":1000,"height":1000,"caption":"22ct Gold Ring"},{"@type":"BreadcrumbList","@id":"https:\/\/www.purejewels.com\/product\/yellow-gold-ring-46796\/#breadcrumb","itemListElement":[{"@type":"ListItem","position":1,"name":"Home","item":"https:\/\/www.purejewels.com\/"},{"@type":"ListItem","position":2,"name":"Shop","item":"https:\/\/www.purejewels.com\/shop\/"},{"@type":"ListItem","position":3,"name":"Yellow Gold Ring | Size N"}]},{"@type":"WebSite","@id":"https:\/\/www.purejewels.com\/#website","url":"https:\/\/www.purejewels.com\/","name":"PureJewels UK","description":"Teile die Liebe","publisher":{"@id":"https:\/\/www.purejewels.com\/#organization"},"potentialAction":[{"@type":"SearchAction","target":{"@type":"EntryPoint","urlTemplate":"https:\/\/www.purejewels.com\/?s={search_term_string}"},"query-input":{"@type":"PropertyValueSpecification","valueRequired":true,"valueName":"search_term_string"}}],"inLanguage":"de"},{"@type":"Organization","@id":"https:\/\/www.purejewels.com\/#organization","name":"PureJewels UK","url":"https:\/\/www.purejewels.com\/","logo":{"@type":"ImageObject","inLanguage":"de","@id":"https:\/\/www.purejewels.com\/#\/schema\/logo\/image\/","url":"https:\/\/static.purejewels.com\/wp-content\/uploads\/2020\/11\/Logo-PJ-New-1.png","contentUrl":"https:\/\/static.purejewels.com\/wp-content\/uploads\/2020\/11\/Logo-PJ-New-1.png","width":150,"height":80,"caption":"PureJewels UK"},"image":{"@id":"https:\/\/www.purejewels.com\/#\/schema\/logo\/image\/"}}]}},"_links":{"self":[{"href":"https:\/\/www.purejewels.com\/de\/wp-json\/wp\/v2\/product\/344544","targetHints":{"allow":["GET"]}}],"collection":[{"href":"https:\/\/www.purejewels.com\/de\/wp-json\/wp\/v2\/product"}],"about":[{"href":"https:\/\/www.purejewels.com\/de\/wp-json\/wp\/v2\/types\/product"}],"replies":[{"embeddable":true,"href":"https:\/\/www.purejewels.com\/de\/wp-json\/wp\/v2\/comments?post=344544"}],"version-history":[{"count":3,"href":"https:\/\/www.purejewels.com\/de\/wp-json\/wp\/v2\/product\/344544\/revisions"}],"predecessor-version":[{"id":422598,"href":"https:\/\/www.purejewels.com\/de\/wp-json\/wp\/v2\/product\/344544\/revisions\/422598"}],"wp:featuredmedia":[{"embeddable":true,"href":"https:\/\/www.purejewels.com\/de\/wp-json\/wp\/v2\/media\/355193"}],"wp:attachment":[{"href":"https:\/\/www.purejewels.com\/de\/wp-json\/wp\/v2\/media?parent=344544"}],"wp:term":[{"taxonomy":"product_brand","embeddable":true,"href":"https:\/\/www.purejewels.com\/de\/wp-json\/wp\/v2\/product_brand?post=344544"},{"taxonomy":"product_cat","embeddable":true,"href":"https:\/\/www.purejewels.com\/de\/wp-json\/wp\/v2\/product_cat?post=344544"},{"taxonomy":"product_tag","embeddable":true,"href":"https:\/\/www.purejewels.com\/de\/wp-json\/wp\/v2\/product_tag?post=344544"}],"curies":[{"name":"wp","href":"https:\/\/api.w.org\/{rel}","templated":true}]}}