{"id":344659,"date":"2024-08-04T08:29:43","date_gmt":"2024-08-04T07:29:43","guid":{"rendered":"https:\/\/www.purejewels.com\/?post_type=product&#038;p=344659"},"modified":"2026-01-30T07:35:53","modified_gmt":"2026-01-30T07:35:53","slug":"jhumkha-ohrring-aus-22-karat-gold-48589","status":"publish","type":"product","link":"https:\/\/www.purejewels.com\/de\/product\/22ct-gold-jhumkha-earring-48589\/","title":{"rendered":"22ct Gold Jhumkha Ohrring | Armari Kollektion"},"content":{"rendered":"<p>Einf\u00fchrung in die exquisite <a href=\"https:\/\/www.purejewels.com\/de\/product\/22ct-gold-jali-filigree-ring-jali-collection-31926\/\">22ct<\/a> Die goldenen Armari Jumka-Ohrringe wurden sorgf\u00e4ltig gefertigt und werten Ihre Schmucksammlung auf. Mit einem Gewicht von 27,5 Gramm zeichnen sich diese atemberaubenden Ohrringe durch ein kompliziertes Design aus, das traditionelle Kunstfertigkeit mit moderner Eleganz verbindet. Das Jumka-Design, das sich durch seine glockenf\u00f6rmige Struktur auszeichnet, ist eine harmonische Mischung aus zarten Details und k\u00fchner Anziehungskraft, die es zum perfekten Statement-St\u00fcck f\u00fcr jeden Anlass macht. Die Ohrringe sind aus hochwertigem 22-kar\u00e4tigem Gold gefertigt und bieten Luxus und Langlebigkeit. Tragen Sie sie, um Ihrem Ensemble einen Hauch von k\u00f6niglichem Charme zu verleihen, sei es f\u00fcr eine Hochzeit, ein Festival oder einen besonderen Abend.<\/p>","protected":false},"excerpt":{"rendered":"<div class=\"woocommerce-product-details__short-description\">\n<table class=\"sh_desc\">\n<tbody>\n<tr>\n<td>Art des Ohrrings<\/td>\n<td>Jhumkha-Ohrring<\/td>\n<\/tr>\n<tr>\n<td>SKU<\/td>\n<td>52275<\/td>\n<\/tr>\n<tr>\n<td>Gewicht<\/td>\n<td>26,45 Gramm<\/td>\n<\/tr>\n<tr>\n<td>Metall<\/td>\n<td>22ct Gold<\/td>\n<\/tr>\n<tr>\n<td>Entgelte<\/td>\n<td>Lieferung und Mehrwertsteuer inbegriffen<\/td>\n<\/tr>\n<tr>\n<td>Verpackung<\/td>\n<td>Mit Pr\u00e4sentationsbox<\/td>\n<\/tr>\n<tr>\n<td>Mehr Informationen<\/td>\n<td>Live-Chat mit uns f\u00fcr Verf\u00fcgbarkeit und mehr Bilder<\/td>\n<\/tr>\n<\/tbody>\n<\/table>\n<\/div>\n<div class=\"btn-atc atc-slide\"><\/div>\n<div class=\"product_meta\"><\/div>","protected":false},"featured_media":344660,"comment_status":"closed","ping_status":"closed","template":"","meta":{"_eb_attr":"","_crsspst_to_jayantr4sg-hostcom":false},"product_brand":[],"product_cat":[1791,245,5639,6139,5315,236,1254,1229,1578,1573,1574],"product_tag":[5926,66],"class_list":{"0":"post-344659","1":"product","2":"type-product","3":"status-publish","4":"has-post-thumbnail","6":"product_cat-anniversary-gifts","7":"product_cat-armari-collections","8":"product_cat-armari-earring","9":"product_cat-armari-jhumka-earring","10":"product_cat-bridal-and-wedding-earrings","11":"product_cat-collections","12":"product_cat-gold-earrings","13":"product_cat-22ct-gold-jewellery","14":"product_cat-jhumkha-earrings","15":"product_cat-wedding-gifts","16":"product_cat-womens-jewellery","17":"product_tag-22ct-gold-jumka-earrings","18":"product_tag-earrings","20":"first","21":"onbackorder","22":"taxable","23":"shipping-taxable","24":"purchasable","25":"product-type-simple","26":"add-to-wishlist-before_image"},"yoast_head":"<!-- This site is optimized with the Yoast SEO plugin v27.3 - https:\/\/yoast.com\/product\/yoast-seo-wordpress\/ -->\n<title>Shop 22ct Gold Antique Jhumkha Earring | purejewels.com<\/title>\n<meta name=\"description\" content=\"&quot;Elegant 22ct Gold Armari Jumka Earrings weighing 27.5g, crafted for timeless beauty. Perfect for any special occasion, these stunning earrings combine intricate design with luxurious gold, offering a perfect blend of tradition and modern style.&quot;\" \/>\n<meta name=\"robots\" content=\"index, follow, max-snippet:-1, max-image-preview:large, max-video-preview:-1\" \/>\n<link rel=\"canonical\" href=\"https:\/\/www.purejewels.com\/de\/produkt-2\/jhumkha-ohrring-aus-22-karat-gold-48589\/\" \/>\n<meta property=\"og:locale\" content=\"de_DE\" \/>\n<meta property=\"og:type\" content=\"article\" \/>\n<meta property=\"og:title\" content=\"Shop 22ct Gold Antique Jhumkha Earring | purejewels.com\" \/>\n<meta property=\"og:description\" content=\"&quot;Elegant 22ct Gold Armari Jumka Earrings weighing 27.5g, crafted for timeless beauty. Perfect for any special occasion, these stunning earrings combine intricate design with luxurious gold, offering a perfect blend of tradition and modern style.&quot;\" \/>\n<meta property=\"og:url\" content=\"https:\/\/www.purejewels.com\/de\/produkt-2\/jhumkha-ohrring-aus-22-karat-gold-48589\/\" \/>\n<meta property=\"og:site_name\" content=\"PureJewels UK\" \/>\n<meta property=\"article:modified_time\" content=\"2026-01-30T07:35:53+00:00\" \/>\n<meta property=\"og:image\" content=\"https:\/\/static.purejewels.com\/wp-content\/uploads\/2023\/03\/44611-1.jpg\" \/>\n\t<meta property=\"og:image:width\" content=\"1000\" \/>\n\t<meta property=\"og:image:height\" content=\"1000\" \/>\n\t<meta property=\"og:image:type\" content=\"image\/jpeg\" \/>\n<meta name=\"twitter:card\" content=\"summary_large_image\" \/>\n<meta name=\"twitter:label1\" content=\"Gesch\u00e4tzte Lesezeit\" \/>\n\t<meta name=\"twitter:data1\" content=\"1\u00a0Minute\" \/>\n<script type=\"application\/ld+json\" class=\"yoast-schema-graph\">{\"@context\":\"https:\\\/\\\/schema.org\",\"@graph\":[{\"@type\":[\"WebPage\",\"ItemPage\"],\"@id\":\"https:\\\/\\\/www.purejewels.com\\\/product\\\/22ct-gold-jhumkha-earring-48589\\\/\",\"url\":\"https:\\\/\\\/www.purejewels.com\\\/product\\\/22ct-gold-jhumkha-earring-48589\\\/\",\"name\":\"Shop 22ct Gold Antique Jhumkha Earring | purejewels.com\",\"isPartOf\":{\"@id\":\"https:\\\/\\\/www.purejewels.com\\\/#website\"},\"primaryImageOfPage\":{\"@id\":\"https:\\\/\\\/www.purejewels.com\\\/product\\\/22ct-gold-jhumkha-earring-48589\\\/#primaryimage\"},\"image\":{\"@id\":\"https:\\\/\\\/www.purejewels.com\\\/product\\\/22ct-gold-jhumkha-earring-48589\\\/#primaryimage\"},\"thumbnailUrl\":\"https:\\\/\\\/static.purejewels.com\\\/wp-content\\\/uploads\\\/2023\\\/03\\\/44611-1.jpg\",\"datePublished\":\"2024-08-04T07:29:43+00:00\",\"dateModified\":\"2026-01-30T07:35:53+00:00\",\"description\":\"\\\"Elegant 22ct Gold Armari Jumka Earrings weighing 27.5g, crafted for timeless beauty. Perfect for any special occasion, these stunning earrings combine intricate design with luxurious gold, offering a perfect blend of tradition and modern style.\\\"\",\"breadcrumb\":{\"@id\":\"https:\\\/\\\/www.purejewels.com\\\/product\\\/22ct-gold-jhumkha-earring-48589\\\/#breadcrumb\"},\"inLanguage\":\"de\",\"potentialAction\":[{\"@type\":\"ReadAction\",\"target\":[\"https:\\\/\\\/www.purejewels.com\\\/product\\\/22ct-gold-jhumkha-earring-48589\\\/\"]}]},{\"@type\":\"ImageObject\",\"inLanguage\":\"de\",\"@id\":\"https:\\\/\\\/www.purejewels.com\\\/product\\\/22ct-gold-jhumkha-earring-48589\\\/#primaryimage\",\"url\":\"https:\\\/\\\/static.purejewels.com\\\/wp-content\\\/uploads\\\/2023\\\/03\\\/44611-1.jpg\",\"contentUrl\":\"https:\\\/\\\/static.purejewels.com\\\/wp-content\\\/uploads\\\/2023\\\/03\\\/44611-1.jpg\",\"width\":1000,\"height\":1000,\"caption\":\"22ct Gold Jhumkha Earring - 44611\"},{\"@type\":\"BreadcrumbList\",\"@id\":\"https:\\\/\\\/www.purejewels.com\\\/product\\\/22ct-gold-jhumkha-earring-48589\\\/#breadcrumb\",\"itemListElement\":[{\"@type\":\"ListItem\",\"position\":1,\"name\":\"Home\",\"item\":\"https:\\\/\\\/www.purejewels.com\\\/\"},{\"@type\":\"ListItem\",\"position\":2,\"name\":\"Shop\",\"item\":\"https:\\\/\\\/www.purejewels.com\\\/shop\\\/\"},{\"@type\":\"ListItem\",\"position\":3,\"name\":\"22ct Gold Jhumkha Earring | Armari Collection\"}]},{\"@type\":\"WebSite\",\"@id\":\"https:\\\/\\\/www.purejewels.com\\\/#website\",\"url\":\"https:\\\/\\\/www.purejewels.com\\\/\",\"name\":\"PureJewels UK\",\"description\":\"Share the Love\",\"publisher\":{\"@id\":\"https:\\\/\\\/www.purejewels.com\\\/#organization\"},\"potentialAction\":[{\"@type\":\"SearchAction\",\"target\":{\"@type\":\"EntryPoint\",\"urlTemplate\":\"https:\\\/\\\/www.purejewels.com\\\/?s={search_term_string}\"},\"query-input\":{\"@type\":\"PropertyValueSpecification\",\"valueRequired\":true,\"valueName\":\"search_term_string\"}}],\"inLanguage\":\"de\"},{\"@type\":\"Organization\",\"@id\":\"https:\\\/\\\/www.purejewels.com\\\/#organization\",\"name\":\"PureJewels UK\",\"url\":\"https:\\\/\\\/www.purejewels.com\\\/\",\"logo\":{\"@type\":\"ImageObject\",\"inLanguage\":\"de\",\"@id\":\"https:\\\/\\\/www.purejewels.com\\\/#\\\/schema\\\/logo\\\/image\\\/\",\"url\":\"https:\\\/\\\/static.purejewels.com\\\/wp-content\\\/uploads\\\/2020\\\/11\\\/Logo-PJ-New-1.png\",\"contentUrl\":\"https:\\\/\\\/static.purejewels.com\\\/wp-content\\\/uploads\\\/2020\\\/11\\\/Logo-PJ-New-1.png\",\"width\":150,\"height\":80,\"caption\":\"PureJewels UK\"},\"image\":{\"@id\":\"https:\\\/\\\/www.purejewels.com\\\/#\\\/schema\\\/logo\\\/image\\\/\"}}]}<\/script>\n<!-- \/ Yoast SEO plugin. -->","yoast_head_json":{"title":"22ct Gold Antik Jhumkha Ohrring einkaufen | purejewels.com","description":"\"Elegante Armari Jumka-Ohrringe aus 22-kar\\u00e4tigem Gold mit einem Gewicht von 27,5 g, die sich durch zeitlose Sch\\u00f6nheit auszeichnen. Perfekt f\\u00fcr jeden besonderen Anlass, kombinieren diese atemberaubenden Ohrringe kompliziertes Design mit luxuri\\u00f6sem Gold und bieten eine perfekte Mischung aus Tradition und modernem Stil.\"","robots":{"index":"index","follow":"follow","max-snippet":"max-snippet:-1","max-image-preview":"max-image-preview:large","max-video-preview":"max-video-preview:-1"},"canonical":"https:\/\/www.purejewels.com\/de\/produkt-2\/jhumkha-ohrring-aus-22-karat-gold-48589\/","og_locale":"de_DE","og_type":"article","og_title":"Shop 22ct Gold Antique Jhumkha Earring | purejewels.com","og_description":"\"Elegant 22ct Gold Armari Jumka Earrings weighing 27.5g, crafted for timeless beauty. Perfect for any special occasion, these stunning earrings combine intricate design with luxurious gold, offering a perfect blend of tradition and modern style.\"","og_url":"https:\/\/www.purejewels.com\/de\/produkt-2\/jhumkha-ohrring-aus-22-karat-gold-48589\/","og_site_name":"PureJewels UK","article_modified_time":"2026-01-30T07:35:53+00:00","og_image":[{"width":1000,"height":1000,"url":"https:\/\/static.purejewels.com\/wp-content\/uploads\/2023\/03\/44611-1.jpg","type":"image\/jpeg"}],"twitter_card":"summary_large_image","twitter_misc":{"Gesch\u00e4tzte Lesezeit":"1\u00a0Minute"},"schema":{"@context":"https:\/\/schema.org","@graph":[{"@type":["WebPage","ItemPage"],"@id":"https:\/\/www.purejewels.com\/product\/22ct-gold-jhumkha-earring-48589\/","url":"https:\/\/www.purejewels.com\/product\/22ct-gold-jhumkha-earring-48589\/","name":"22ct Gold Antik Jhumkha Ohrring einkaufen | purejewels.com","isPartOf":{"@id":"https:\/\/www.purejewels.com\/#website"},"primaryImageOfPage":{"@id":"https:\/\/www.purejewels.com\/product\/22ct-gold-jhumkha-earring-48589\/#primaryimage"},"image":{"@id":"https:\/\/www.purejewels.com\/product\/22ct-gold-jhumkha-earring-48589\/#primaryimage"},"thumbnailUrl":"https:\/\/static.purejewels.com\/wp-content\/uploads\/2023\/03\/44611-1.jpg","datePublished":"2024-08-04T07:29:43+00:00","dateModified":"2026-01-30T07:35:53+00:00","description":"\"Elegante Armari Jumka-Ohrringe aus 22-kar\\u00e4tigem Gold mit einem Gewicht von 27,5 g, die sich durch zeitlose Sch\\u00f6nheit auszeichnen. Perfekt f\\u00fcr jeden besonderen Anlass, kombinieren diese atemberaubenden Ohrringe kompliziertes Design mit luxuri\\u00f6sem Gold und bieten eine perfekte Mischung aus Tradition und modernem Stil.\"","breadcrumb":{"@id":"https:\/\/www.purejewels.com\/product\/22ct-gold-jhumkha-earring-48589\/#breadcrumb"},"inLanguage":"de","potentialAction":[{"@type":"ReadAction","target":["https:\/\/www.purejewels.com\/product\/22ct-gold-jhumkha-earring-48589\/"]}]},{"@type":"ImageObject","inLanguage":"de","@id":"https:\/\/www.purejewels.com\/product\/22ct-gold-jhumkha-earring-48589\/#primaryimage","url":"https:\/\/static.purejewels.com\/wp-content\/uploads\/2023\/03\/44611-1.jpg","contentUrl":"https:\/\/static.purejewels.com\/wp-content\/uploads\/2023\/03\/44611-1.jpg","width":1000,"height":1000,"caption":"22ct Gold Jhumkha Earring - 44611"},{"@type":"BreadcrumbList","@id":"https:\/\/www.purejewels.com\/product\/22ct-gold-jhumkha-earring-48589\/#breadcrumb","itemListElement":[{"@type":"ListItem","position":1,"name":"Home","item":"https:\/\/www.purejewels.com\/"},{"@type":"ListItem","position":2,"name":"Shop","item":"https:\/\/www.purejewels.com\/shop\/"},{"@type":"ListItem","position":3,"name":"22ct Gold Jhumkha Earring | Armari Collection"}]},{"@type":"WebSite","@id":"https:\/\/www.purejewels.com\/#website","url":"https:\/\/www.purejewels.com\/","name":"PureJewels UK","description":"Teile die Liebe","publisher":{"@id":"https:\/\/www.purejewels.com\/#organization"},"potentialAction":[{"@type":"SearchAction","target":{"@type":"EntryPoint","urlTemplate":"https:\/\/www.purejewels.com\/?s={search_term_string}"},"query-input":{"@type":"PropertyValueSpecification","valueRequired":true,"valueName":"search_term_string"}}],"inLanguage":"de"},{"@type":"Organization","@id":"https:\/\/www.purejewels.com\/#organization","name":"PureJewels UK","url":"https:\/\/www.purejewels.com\/","logo":{"@type":"ImageObject","inLanguage":"de","@id":"https:\/\/www.purejewels.com\/#\/schema\/logo\/image\/","url":"https:\/\/static.purejewels.com\/wp-content\/uploads\/2020\/11\/Logo-PJ-New-1.png","contentUrl":"https:\/\/static.purejewels.com\/wp-content\/uploads\/2020\/11\/Logo-PJ-New-1.png","width":150,"height":80,"caption":"PureJewels UK"},"image":{"@id":"https:\/\/www.purejewels.com\/#\/schema\/logo\/image\/"}}]}},"_links":{"self":[{"href":"https:\/\/www.purejewels.com\/de\/wp-json\/wp\/v2\/product\/344659","targetHints":{"allow":["GET"]}}],"collection":[{"href":"https:\/\/www.purejewels.com\/de\/wp-json\/wp\/v2\/product"}],"about":[{"href":"https:\/\/www.purejewels.com\/de\/wp-json\/wp\/v2\/types\/product"}],"replies":[{"embeddable":true,"href":"https:\/\/www.purejewels.com\/de\/wp-json\/wp\/v2\/comments?post=344659"}],"version-history":[{"count":4,"href":"https:\/\/www.purejewels.com\/de\/wp-json\/wp\/v2\/product\/344659\/revisions"}],"predecessor-version":[{"id":403374,"href":"https:\/\/www.purejewels.com\/de\/wp-json\/wp\/v2\/product\/344659\/revisions\/403374"}],"wp:featuredmedia":[{"embeddable":true,"href":"https:\/\/www.purejewels.com\/de\/wp-json\/wp\/v2\/media\/344660"}],"wp:attachment":[{"href":"https:\/\/www.purejewels.com\/de\/wp-json\/wp\/v2\/media?parent=344659"}],"wp:term":[{"taxonomy":"product_brand","embeddable":true,"href":"https:\/\/www.purejewels.com\/de\/wp-json\/wp\/v2\/product_brand?post=344659"},{"taxonomy":"product_cat","embeddable":true,"href":"https:\/\/www.purejewels.com\/de\/wp-json\/wp\/v2\/product_cat?post=344659"},{"taxonomy":"product_tag","embeddable":true,"href":"https:\/\/www.purejewels.com\/de\/wp-json\/wp\/v2\/product_tag?post=344659"}],"curies":[{"name":"wp","href":"https:\/\/api.w.org\/{rel}","templated":true}]}}