{"id":344722,"date":"2023-11-17T08:36:57","date_gmt":"2023-11-17T08:36:57","guid":{"rendered":"https:\/\/www.purejewels.com\/?post_type=product&#038;p=344722"},"modified":"2026-02-09T13:35:03","modified_gmt":"2026-02-09T13:35:03","slug":"tropfenohrring-aus-22-karat-gold-mit-rubin-und-smaragdstein-44731","status":"publish","type":"product","link":"https:\/\/www.purejewels.com\/de\/product\/22ct-gold-drop-earring-with-ruby-and-emerald-stone-44731\/","title":{"rendered":"Tropfenohrring aus 22 Karat Gold mit Rubin und Smaragdstein"},"content":{"rendered":"<p><span data-sheets-root=\"1\">Lassen Sie sich von der luxuri\u00f6sen Sch\u00f6nheit dieser exquisiten <a href=\"https:\/\/www.purejewels.com\/de\/product\/22ct-gold-jali-filigree-ring-jali-collection-31926\/\">22ct<\/a> Goldene Tropfenohrringe, verziert mit atemberaubenden Rubin- und Smaragdsteinen. Diese eleganten Ohrringe sind eine zeitlose Erg\u00e4nzung f\u00fcr jede Schmucksammlung, perfekt f\u00fcr besondere Anl\u00e4sse oder f\u00fcr das t\u00e4gliche Tragen. Das leuchtende Rot des Rubins und das satte Gr\u00fcn des Smaragds bilden einen auff\u00e4lligen Kontrast zu der reichen Goldfassung und verleihen jedem Outfit einen Hauch von Raffinesse.<\/span><\/p>\n<p>Diese mit Pr\u00e4zision und Sorgfalt gefertigten Ohrringe wurden f\u00fcr die moderne Frau entworfen, die hochwertige Handwerkskunst und edle Edelsteine zu sch\u00e4tzen wei\u00df. Das Gewicht von 9,3 Gramm verleiht diesen Ohrringen ein Gef\u00fchl von Substanz und Luxus, w\u00e4hrend die sichere Online-Zahlung und die 30-t\u00e4gige Geld-zur\u00fcck-Garantie f\u00fcr ein sorgenfreies Einkaufserlebnis sorgen.<\/p>\n<p>Egal, ob Sie sich selbst verw\u00f6hnen oder das perfekte Geschenk f\u00fcr einen lieben Menschen suchen, diese Tropfenohrringe mit Rubinen und Smaragden werden Sie sicher beeindrucken. Mit kostenloser Lieferung und einer Pr\u00e4sentationsbox k\u00f6nnen Sie sich darauf verlassen, dass Ihr Kauf sicher und gesch\u00fctzt ankommt. Erh\u00f6hen Sie Ihren Stil mit diesen atemberaubenden Ohrringen noch heute.<\/p>","protected":false},"excerpt":{"rendered":"<div class=\"woocommerce-product-details__short-description\">\n<table class=\"sh_desc\">\n<tbody>\n<tr>\n<td>Art des Ohrrings<\/td>\n<td>Ohrring Tropfen<\/td>\n<\/tr>\n<tr>\n<td>SKU<\/td>\n<td>44731<\/td>\n<\/tr>\n<tr>\n<td>Gewicht<\/td>\n<td>9.3 Gms<\/td>\n<\/tr>\n<tr>\n<td>Stein<\/td>\n<td>Rubin und Smaragd<\/td>\n<\/tr>\n<tr>\n<td>Metall<\/td>\n<td>22ct Gold<\/td>\n<\/tr>\n<tr>\n<td>Geschlecht<\/td>\n<td>Damen<\/td>\n<\/tr>\n<tr>\n<td>Entgelte<\/td>\n<td>Lieferung und Mehrwertsteuer inbegriffen<\/td>\n<\/tr>\n<tr>\n<td>Verpackung<\/td>\n<td>Mit Pr\u00e4sentationsbox<\/td>\n<\/tr>\n<tr>\n<td>Mehr Informationen<\/td>\n<td>Live-Chat mit uns f\u00fcr Verf\u00fcgbarkeit und mehr Bilder<\/td>\n<\/tr>\n<\/tbody>\n<\/table>\n<\/div>","protected":false},"featured_media":365031,"comment_status":"closed","ping_status":"closed","template":"","meta":{"_eb_attr":"","_crsspst_to_jayantr4sg-hostcom":false},"product_brand":[],"product_cat":[1791,1559,5657,5699,1685,5754,1792,1790,1254,1229,5755,1573,1574,5349],"product_tag":[66],"class_list":{"0":"post-344722","1":"product","2":"type-product","3":"status-publish","4":"has-post-thumbnail","6":"product_cat-anniversary-gifts","7":"product_cat-birthday-gifts","8":"product_cat-chand-bali","9":"product_cat-coloured-gemstone-jewellery","10":"product_cat-drop-earrings","11":"product_cat-emerald","12":"product_cat-festival-gifts","13":"product_cat-for-whom-when","14":"product_cat-gold-earrings","15":"product_cat-22ct-gold-jewellery","16":"product_cat-ruby-jewellery","17":"product_cat-wedding-gifts","18":"product_cat-womens-jewellery","19":"product_cat-yellow-gold-jewellery","20":"product_tag-earrings","22":"first","23":"instock","24":"taxable","25":"shipping-taxable","26":"purchasable","27":"product-type-simple","28":"add-to-wishlist-before_image"},"yoast_head":"<!-- This site is optimized with the Yoast SEO plugin v27.5 - https:\/\/yoast.com\/product\/yoast-seo-wordpress\/ -->\n<title>22ct Gold Drop Earring with Ruby and Emerald Stone UK<\/title>\n<meta name=\"description\" content=\"Add feminine elegance to any outfit with this stunning gold earring, crafted with Ruby and Emerald Stone. Buy this CZ Earring online!\" \/>\n<meta name=\"robots\" content=\"index, follow, max-snippet:-1, max-image-preview:large, max-video-preview:-1\" \/>\n<link rel=\"canonical\" href=\"https:\/\/www.purejewels.com\/de\/produkt-2\/tropfenohrring-aus-22-karat-gold-mit-rubin-und-smaragdstein-44731\/\" \/>\n<meta property=\"og:locale\" content=\"de_DE\" \/>\n<meta property=\"og:type\" content=\"article\" \/>\n<meta property=\"og:title\" content=\"22ct Gold Drop Earring with Ruby and Emerald Stone UK\" \/>\n<meta property=\"og:description\" content=\"Add feminine elegance to any outfit with this stunning gold earring, crafted with Ruby and Emerald Stone. Buy this CZ Earring online!\" \/>\n<meta property=\"og:url\" content=\"https:\/\/www.purejewels.com\/de\/produkt-2\/tropfenohrring-aus-22-karat-gold-mit-rubin-und-smaragdstein-44731\/\" \/>\n<meta property=\"og:site_name\" content=\"PureJewels UK\" \/>\n<meta property=\"article:modified_time\" content=\"2026-02-09T13:35:03+00:00\" \/>\n<meta property=\"og:image\" content=\"https:\/\/static.purejewels.com\/wp-content\/uploads\/2023\/11\/44731-imag.jpg\" \/>\n\t<meta property=\"og:image:width\" content=\"1000\" \/>\n\t<meta property=\"og:image:height\" content=\"1000\" \/>\n\t<meta property=\"og:image:type\" content=\"image\/jpeg\" \/>\n<meta name=\"twitter:card\" content=\"summary_large_image\" \/>\n<meta name=\"twitter:label1\" content=\"Gesch\u00e4tzte Lesezeit\" \/>\n\t<meta name=\"twitter:data1\" content=\"1\u00a0Minute\" \/>\n<script type=\"application\/ld+json\" class=\"yoast-schema-graph\">{\"@context\":\"https:\\\/\\\/schema.org\",\"@graph\":[{\"@type\":[\"WebPage\",\"ItemPage\"],\"@id\":\"https:\\\/\\\/www.purejewels.com\\\/product\\\/22ct-gold-drop-earring-with-ruby-and-emerald-stone-44731\\\/\",\"url\":\"https:\\\/\\\/www.purejewels.com\\\/product\\\/22ct-gold-drop-earring-with-ruby-and-emerald-stone-44731\\\/\",\"name\":\"22ct Gold Drop Earring with Ruby and Emerald Stone UK\",\"isPartOf\":{\"@id\":\"https:\\\/\\\/www.purejewels.com\\\/#website\"},\"primaryImageOfPage\":{\"@id\":\"https:\\\/\\\/www.purejewels.com\\\/product\\\/22ct-gold-drop-earring-with-ruby-and-emerald-stone-44731\\\/#primaryimage\"},\"image\":{\"@id\":\"https:\\\/\\\/www.purejewels.com\\\/product\\\/22ct-gold-drop-earring-with-ruby-and-emerald-stone-44731\\\/#primaryimage\"},\"thumbnailUrl\":\"https:\\\/\\\/static.purejewels.com\\\/wp-content\\\/uploads\\\/2023\\\/11\\\/44731-imag.jpg\",\"datePublished\":\"2023-11-17T08:36:57+00:00\",\"dateModified\":\"2026-02-09T13:35:03+00:00\",\"description\":\"Add feminine elegance to any outfit with this stunning gold earring, crafted with Ruby and Emerald Stone. Buy this CZ Earring online!\",\"breadcrumb\":{\"@id\":\"https:\\\/\\\/www.purejewels.com\\\/product\\\/22ct-gold-drop-earring-with-ruby-and-emerald-stone-44731\\\/#breadcrumb\"},\"inLanguage\":\"de\",\"potentialAction\":[{\"@type\":\"ReadAction\",\"target\":[\"https:\\\/\\\/www.purejewels.com\\\/product\\\/22ct-gold-drop-earring-with-ruby-and-emerald-stone-44731\\\/\"]}]},{\"@type\":\"ImageObject\",\"inLanguage\":\"de\",\"@id\":\"https:\\\/\\\/www.purejewels.com\\\/product\\\/22ct-gold-drop-earring-with-ruby-and-emerald-stone-44731\\\/#primaryimage\",\"url\":\"https:\\\/\\\/static.purejewels.com\\\/wp-content\\\/uploads\\\/2023\\\/11\\\/44731-imag.jpg\",\"contentUrl\":\"https:\\\/\\\/static.purejewels.com\\\/wp-content\\\/uploads\\\/2023\\\/11\\\/44731-imag.jpg\",\"width\":1000,\"height\":1000,\"caption\":\"22ct Gold Drop Earring with Ruby and Emerald Stone\"},{\"@type\":\"BreadcrumbList\",\"@id\":\"https:\\\/\\\/www.purejewels.com\\\/product\\\/22ct-gold-drop-earring-with-ruby-and-emerald-stone-44731\\\/#breadcrumb\",\"itemListElement\":[{\"@type\":\"ListItem\",\"position\":1,\"name\":\"Home\",\"item\":\"https:\\\/\\\/www.purejewels.com\\\/\"},{\"@type\":\"ListItem\",\"position\":2,\"name\":\"Shop\",\"item\":\"https:\\\/\\\/www.purejewels.com\\\/shop\\\/\"},{\"@type\":\"ListItem\",\"position\":3,\"name\":\"22ct Gold Drop Earring with Ruby and Emerald Stone\"}]},{\"@type\":\"WebSite\",\"@id\":\"https:\\\/\\\/www.purejewels.com\\\/#website\",\"url\":\"https:\\\/\\\/www.purejewels.com\\\/\",\"name\":\"PureJewels UK\",\"description\":\"Share the Love\",\"publisher\":{\"@id\":\"https:\\\/\\\/www.purejewels.com\\\/#organization\"},\"potentialAction\":[{\"@type\":\"SearchAction\",\"target\":{\"@type\":\"EntryPoint\",\"urlTemplate\":\"https:\\\/\\\/www.purejewels.com\\\/?s={search_term_string}\"},\"query-input\":{\"@type\":\"PropertyValueSpecification\",\"valueRequired\":true,\"valueName\":\"search_term_string\"}}],\"inLanguage\":\"de\"},{\"@type\":\"Organization\",\"@id\":\"https:\\\/\\\/www.purejewels.com\\\/#organization\",\"name\":\"PureJewels UK\",\"url\":\"https:\\\/\\\/www.purejewels.com\\\/\",\"logo\":{\"@type\":\"ImageObject\",\"inLanguage\":\"de\",\"@id\":\"https:\\\/\\\/www.purejewels.com\\\/#\\\/schema\\\/logo\\\/image\\\/\",\"url\":\"https:\\\/\\\/static.purejewels.com\\\/wp-content\\\/uploads\\\/2020\\\/11\\\/Logo-PJ-New-1.png\",\"contentUrl\":\"https:\\\/\\\/static.purejewels.com\\\/wp-content\\\/uploads\\\/2020\\\/11\\\/Logo-PJ-New-1.png\",\"width\":150,\"height\":80,\"caption\":\"PureJewels UK\"},\"image\":{\"@id\":\"https:\\\/\\\/www.purejewels.com\\\/#\\\/schema\\\/logo\\\/image\\\/\"}}]}<\/script>\n<!-- \/ Yoast SEO plugin. -->","yoast_head_json":{"title":"22ct Gold Tropfenohrring mit Rubin und Smaragd Stein UK","description":"Verleihen Sie jedem Outfit feminine Eleganz mit diesem atemberaubenden Goldohrring mit Rubin- und Smaragdstein. Kaufen Sie diesen CZ-Ohrring online!","robots":{"index":"index","follow":"follow","max-snippet":"max-snippet:-1","max-image-preview":"max-image-preview:large","max-video-preview":"max-video-preview:-1"},"canonical":"https:\/\/www.purejewels.com\/de\/produkt-2\/tropfenohrring-aus-22-karat-gold-mit-rubin-und-smaragdstein-44731\/","og_locale":"de_DE","og_type":"article","og_title":"22ct Gold Drop Earring with Ruby and Emerald Stone UK","og_description":"Add feminine elegance to any outfit with this stunning gold earring, crafted with Ruby and Emerald Stone. Buy this CZ Earring online!","og_url":"https:\/\/www.purejewels.com\/de\/produkt-2\/tropfenohrring-aus-22-karat-gold-mit-rubin-und-smaragdstein-44731\/","og_site_name":"PureJewels UK","article_modified_time":"2026-02-09T13:35:03+00:00","og_image":[{"width":1000,"height":1000,"url":"https:\/\/static.purejewels.com\/wp-content\/uploads\/2023\/11\/44731-imag.jpg","type":"image\/jpeg"}],"twitter_card":"summary_large_image","twitter_misc":{"Gesch\u00e4tzte Lesezeit":"1\u00a0Minute"},"schema":{"@context":"https:\/\/schema.org","@graph":[{"@type":["WebPage","ItemPage"],"@id":"https:\/\/www.purejewels.com\/product\/22ct-gold-drop-earring-with-ruby-and-emerald-stone-44731\/","url":"https:\/\/www.purejewels.com\/product\/22ct-gold-drop-earring-with-ruby-and-emerald-stone-44731\/","name":"22ct Gold Tropfenohrring mit Rubin und Smaragd Stein UK","isPartOf":{"@id":"https:\/\/www.purejewels.com\/#website"},"primaryImageOfPage":{"@id":"https:\/\/www.purejewels.com\/product\/22ct-gold-drop-earring-with-ruby-and-emerald-stone-44731\/#primaryimage"},"image":{"@id":"https:\/\/www.purejewels.com\/product\/22ct-gold-drop-earring-with-ruby-and-emerald-stone-44731\/#primaryimage"},"thumbnailUrl":"https:\/\/static.purejewels.com\/wp-content\/uploads\/2023\/11\/44731-imag.jpg","datePublished":"2023-11-17T08:36:57+00:00","dateModified":"2026-02-09T13:35:03+00:00","description":"Verleihen Sie jedem Outfit feminine Eleganz mit diesem atemberaubenden Goldohrring mit Rubin- und Smaragdstein. Kaufen Sie diesen CZ-Ohrring online!","breadcrumb":{"@id":"https:\/\/www.purejewels.com\/product\/22ct-gold-drop-earring-with-ruby-and-emerald-stone-44731\/#breadcrumb"},"inLanguage":"de","potentialAction":[{"@type":"ReadAction","target":["https:\/\/www.purejewels.com\/product\/22ct-gold-drop-earring-with-ruby-and-emerald-stone-44731\/"]}]},{"@type":"ImageObject","inLanguage":"de","@id":"https:\/\/www.purejewels.com\/product\/22ct-gold-drop-earring-with-ruby-and-emerald-stone-44731\/#primaryimage","url":"https:\/\/static.purejewels.com\/wp-content\/uploads\/2023\/11\/44731-imag.jpg","contentUrl":"https:\/\/static.purejewels.com\/wp-content\/uploads\/2023\/11\/44731-imag.jpg","width":1000,"height":1000,"caption":"22ct Gold Drop Earring with Ruby and Emerald Stone"},{"@type":"BreadcrumbList","@id":"https:\/\/www.purejewels.com\/product\/22ct-gold-drop-earring-with-ruby-and-emerald-stone-44731\/#breadcrumb","itemListElement":[{"@type":"ListItem","position":1,"name":"Home","item":"https:\/\/www.purejewels.com\/"},{"@type":"ListItem","position":2,"name":"Shop","item":"https:\/\/www.purejewels.com\/shop\/"},{"@type":"ListItem","position":3,"name":"22ct Gold Drop Earring with Ruby and Emerald Stone"}]},{"@type":"WebSite","@id":"https:\/\/www.purejewels.com\/#website","url":"https:\/\/www.purejewels.com\/","name":"PureJewels UK","description":"Teile die Liebe","publisher":{"@id":"https:\/\/www.purejewels.com\/#organization"},"potentialAction":[{"@type":"SearchAction","target":{"@type":"EntryPoint","urlTemplate":"https:\/\/www.purejewels.com\/?s={search_term_string}"},"query-input":{"@type":"PropertyValueSpecification","valueRequired":true,"valueName":"search_term_string"}}],"inLanguage":"de"},{"@type":"Organization","@id":"https:\/\/www.purejewels.com\/#organization","name":"PureJewels UK","url":"https:\/\/www.purejewels.com\/","logo":{"@type":"ImageObject","inLanguage":"de","@id":"https:\/\/www.purejewels.com\/#\/schema\/logo\/image\/","url":"https:\/\/static.purejewels.com\/wp-content\/uploads\/2020\/11\/Logo-PJ-New-1.png","contentUrl":"https:\/\/static.purejewels.com\/wp-content\/uploads\/2020\/11\/Logo-PJ-New-1.png","width":150,"height":80,"caption":"PureJewels UK"},"image":{"@id":"https:\/\/www.purejewels.com\/#\/schema\/logo\/image\/"}}]}},"_links":{"self":[{"href":"https:\/\/www.purejewels.com\/de\/wp-json\/wp\/v2\/product\/344722","targetHints":{"allow":["GET"]}}],"collection":[{"href":"https:\/\/www.purejewels.com\/de\/wp-json\/wp\/v2\/product"}],"about":[{"href":"https:\/\/www.purejewels.com\/de\/wp-json\/wp\/v2\/types\/product"}],"replies":[{"embeddable":true,"href":"https:\/\/www.purejewels.com\/de\/wp-json\/wp\/v2\/comments?post=344722"}],"version-history":[{"count":4,"href":"https:\/\/www.purejewels.com\/de\/wp-json\/wp\/v2\/product\/344722\/revisions"}],"predecessor-version":[{"id":425868,"href":"https:\/\/www.purejewels.com\/de\/wp-json\/wp\/v2\/product\/344722\/revisions\/425868"}],"wp:featuredmedia":[{"embeddable":true,"href":"https:\/\/www.purejewels.com\/de\/wp-json\/wp\/v2\/media\/365031"}],"wp:attachment":[{"href":"https:\/\/www.purejewels.com\/de\/wp-json\/wp\/v2\/media?parent=344722"}],"wp:term":[{"taxonomy":"product_brand","embeddable":true,"href":"https:\/\/www.purejewels.com\/de\/wp-json\/wp\/v2\/product_brand?post=344722"},{"taxonomy":"product_cat","embeddable":true,"href":"https:\/\/www.purejewels.com\/de\/wp-json\/wp\/v2\/product_cat?post=344722"},{"taxonomy":"product_tag","embeddable":true,"href":"https:\/\/www.purejewels.com\/de\/wp-json\/wp\/v2\/product_tag?post=344722"}],"curies":[{"name":"wp","href":"https:\/\/api.w.org\/{rel}","templated":true}]}}