{"id":344736,"date":"2024-01-17T01:11:46","date_gmt":"2024-01-17T01:11:46","guid":{"rendered":"https:\/\/www.purejewels.com\/?post_type=product&#038;p=344736"},"modified":"2026-03-22T19:04:29","modified_gmt":"2026-03-22T19:04:29","slug":"gold-fuskettchen-fur-frauen-44275","status":"publish","type":"product","link":"https:\/\/www.purejewels.com\/de\/product\/gold-anklet-for-women-44275\/","title":{"rendered":"22ct Gold Fu\u00dfkettchen f\u00fcr Frauen | 11 Zentimeter"},"content":{"rendered":"<h3>Elegante goldene Fu\u00dfkettchen f\u00fcr Frauen: Ein Hauch von Luxus<\/h3>\n<p>Entdecken Sie unsere Sammlung von <strong>goldene Fu\u00dfkettchen f\u00fcr Frauen<\/strong>Sie verleihen jedem Ihrer Schritte einen Hauch von Luxus. Egal, ob Sie sich f\u00fcr einen besonderen Anlass herausputzen oder Ihrem Alltag einen Hauch von Eleganz verleihen, diese Fu\u00dfkettchen bieten zeitlose Sch\u00f6nheit und Raffinesse.<\/p>\n<h3>Entdecken Sie die Anmut von 22ct Gold Fu\u00dfkettchen f\u00fcr Frauen<\/h3>\n<p>Treten Sie ein in eine Welt der Eleganz mit unserem exklusiven <strong><a href=\"https:\/\/www.purejewels.com\/de\/product\/22ct-gold-jali-filigree-ring-jali-collection-31926\/\">22ct<\/a> Gelbgold-Fu\u00dfkettchen<\/strong> Sammlung bei <strong>PureJewels UK<\/strong>. Jedes Fu\u00dfkettchen wird sorgf\u00e4ltig aus feinstem Gold gefertigt und ist ein Beweis f\u00fcr zeitlose Sch\u00f6nheit und h\u00f6chste Handwerkskunst. Der schimmernde Glanz des 22-kar\u00e4tigen Goldes strahlt Luxus aus und macht es zu einer exquisiten Wahl f\u00fcr Frauen, die die feinen Dinge des Lebens zu sch\u00e4tzen wissen.<\/p>\n<p>Diese <strong>22 Karat Gold Fu\u00dfkettchen<\/strong> sind mehr als nur Accessoires - sie sind Ausdruck von Stil und Raffinesse. Ob allein getragen f\u00fcr einen subtilen Hauch von Glamour oder in Kombination mit anderen St\u00fccken, das Fu\u00dfkettchen wertet jedes Outfit auf. Ob am Strand oder auf einer Abendveranstaltung, es l\u00e4sst sich nahtlos zwischen legeren und formellen Anl\u00e4ssen kombinieren und verleiht Ihrem Look einen unverwechselbaren Charme.<\/p>\n<p>Bei PureJewels UK, unsere Kollektion von <strong>Damenschmuck<\/strong> soll moderne Eleganz widerspiegeln und gleichzeitig die traditionelle Handwerkskunst ber\u00fccksichtigen. Jedes St\u00fcck unserer Kollektion wurde sorgf\u00e4ltig entworfen, um Komfort, Haltbarkeit und unvergleichliche Sch\u00f6nheit zu bieten. Der satte gelbe Farbton des 22-kar\u00e4tigen Goldes unterstreicht das komplizierte Design des Fu\u00dfkettchens und macht es zu einem auff\u00e4lligen Schmuckst\u00fcck f\u00fcr jede Frau.<\/p>\n<p>Ob Sie sich selbst verw\u00f6hnen oder das perfekte Geschenk suchen, unser <strong>Fu\u00dfkettchen aus 22 Karat Gelbgold<\/strong> hinterl\u00e4sst einen bleibenden Eindruck. Entdecken Sie die exklusive Kollektion bei PureJewels UK und entdecken Sie, wie dieses luxuri\u00f6se Accessoire Ihrer Schmucksammlung einen Hauch von Raffinesse verleihen kann.<\/p>\n<p>Unterstreichen Sie Ihren Stil mit der zeitlosen Sch\u00f6nheit eines <strong>Gold-Fu\u00dfkettchen f\u00fcr Frauen<\/strong> von PureJewels UK. Mit Pr\u00e4zision gefertigt, verleiht dieses exquisite St\u00fcck jedem Outfit, ob leger oder formell, einen Hauch von Raffinesse. Unsere Kollektion von <strong>Damenschmuck<\/strong> bietet die feinsten <strong>22 Karat Gold Fu\u00dfkettchen<\/strong>, die Eleganz und Anmut widerspiegeln. Perfekt f\u00fcr diejenigen, die den Luxus von reinem Gold zu sch\u00e4tzen wissen. Diese Fu\u00dfkettchen sind ein auff\u00e4lliges Statement und verbinden traditionelle Handwerkskunst mit moderner \u00c4sthetik. Entdecken Sie noch heute die Sch\u00f6nheit und Anziehungskraft der exklusiven Kollektion von PureJewels UK.<\/p>","protected":false},"excerpt":{"rendered":"<p>Ein zartes Fu\u00dfkettchen aus 22 Karat Gold f\u00fcr Frauen mit einer L\u00e4nge von 11 Zoll. Elegant und vielseitig spiegelt dieses St\u00fcck PureJewels\u2019 Erbe feiner Handwerkskunst und moderner Anmut wider.<\/p>\n<p><strong>Material:<\/strong> 22ct Gold<br \/>\n<strong>Reinheit:<\/strong>\u00a091.6% reines Gold<br \/>\n<strong>Wahrzeichen:<\/strong>\u00a0Britisches G\u00fctesiegel<br \/>\n<strong>SKU:<\/strong> 47477<br \/>\n<strong>Gewicht:<\/strong> 8.6Gms<br \/>\n<strong>L\u00e4nge:<\/strong> 11 Zoll<\/p>\n<p><strong>Preis und Lieferung:<\/strong>\u00a0Inklusive Mehrwertsteuer und Lieferkosten<br \/>\n<a href=\"https:\/\/www.purejewels.com\/de\/ruckgabepolitik\/\"><strong>R\u00fcckgabepolitik<\/strong><\/a><\/p>","protected":false},"featured_media":356133,"comment_status":"closed","ping_status":"closed","template":"","meta":{"_eb_attr":"","_crsspst_to_jayantr4sg-hostcom":false},"product_brand":[],"product_cat":[1760,1559,236,1793,1792,1574],"product_tag":[],"class_list":{"0":"post-344736","1":"product","2":"type-product","3":"status-publish","4":"has-post-thumbnail","6":"product_cat-gold-anklets","7":"product_cat-birthday-gifts","8":"product_cat-collections","9":"product_cat-diwali-gifts","10":"product_cat-festival-gifts","11":"product_cat-womens-jewellery","13":"first","14":"outofstock","15":"taxable","16":"shipping-taxable","17":"product-type-simple","18":"add-to-wishlist-before_image"},"yoast_head":"<!-- This site is optimized with the Yoast SEO plugin v27.6 - https:\/\/yoast.com\/product\/yoast-seo-wordpress\/ -->\n<title>Gold Anklets for Women Online UK | purejewels.com<\/title>\n<meta name=\"description\" content=\"View our Latest gold anklet designs collection online. Buy gold payal, gold anklets from PureJewels UK. Shop now! Free delivery across UK.\" \/>\n<meta name=\"robots\" content=\"index, follow, max-snippet:-1, max-image-preview:large, max-video-preview:-1\" \/>\n<link rel=\"canonical\" href=\"https:\/\/www.purejewels.com\/de\/produkt-2\/gold-fuskettchen-fur-frauen-44275\/\" \/>\n<meta property=\"og:locale\" content=\"de_DE\" \/>\n<meta property=\"og:type\" content=\"article\" \/>\n<meta property=\"og:title\" content=\"Gold Anklets for Women Online UK | purejewels.com\" \/>\n<meta property=\"og:description\" content=\"View our Latest gold anklet designs collection online. Buy gold payal, gold anklets from PureJewels UK. Shop now! Free delivery across UK.\" \/>\n<meta property=\"og:url\" content=\"https:\/\/www.purejewels.com\/de\/produkt-2\/gold-fuskettchen-fur-frauen-44275\/\" \/>\n<meta property=\"og:site_name\" content=\"PureJewels UK\" \/>\n<meta property=\"article:modified_time\" content=\"2026-03-22T19:04:29+00:00\" \/>\n<meta property=\"og:image\" content=\"https:\/\/static.purejewels.com\/wp-content\/uploads\/2023\/03\/47476.jpg\" \/>\n\t<meta property=\"og:image:width\" content=\"1000\" \/>\n\t<meta property=\"og:image:height\" content=\"1000\" \/>\n\t<meta property=\"og:image:type\" content=\"image\/jpeg\" \/>\n<meta name=\"twitter:card\" content=\"summary_large_image\" \/>\n<meta name=\"twitter:label1\" content=\"Gesch\u00e4tzte Lesezeit\" \/>\n\t<meta name=\"twitter:data1\" content=\"2\u00a0Minuten\" \/>\n<script type=\"application\/ld+json\" class=\"yoast-schema-graph\">{\"@context\":\"https:\\\/\\\/schema.org\",\"@graph\":[{\"@type\":[\"WebPage\",\"ItemPage\"],\"@id\":\"https:\\\/\\\/www.purejewels.com\\\/product\\\/gold-anklet-for-women-44275\\\/\",\"url\":\"https:\\\/\\\/www.purejewels.com\\\/product\\\/gold-anklet-for-women-44275\\\/\",\"name\":\"Gold Anklets for Women Online UK | purejewels.com\",\"isPartOf\":{\"@id\":\"https:\\\/\\\/www.purejewels.com\\\/#website\"},\"primaryImageOfPage\":{\"@id\":\"https:\\\/\\\/www.purejewels.com\\\/product\\\/gold-anklet-for-women-44275\\\/#primaryimage\"},\"image\":{\"@id\":\"https:\\\/\\\/www.purejewels.com\\\/product\\\/gold-anklet-for-women-44275\\\/#primaryimage\"},\"thumbnailUrl\":\"https:\\\/\\\/static.purejewels.com\\\/wp-content\\\/uploads\\\/2023\\\/03\\\/47476.jpg\",\"datePublished\":\"2024-01-17T01:11:46+00:00\",\"dateModified\":\"2026-03-22T19:04:29+00:00\",\"description\":\"View our Latest gold anklet designs collection online. Buy gold payal, gold anklets from PureJewels UK. Shop now! Free delivery across UK.\",\"breadcrumb\":{\"@id\":\"https:\\\/\\\/www.purejewels.com\\\/product\\\/gold-anklet-for-women-44275\\\/#breadcrumb\"},\"inLanguage\":\"de\",\"potentialAction\":[{\"@type\":\"ReadAction\",\"target\":[\"https:\\\/\\\/www.purejewels.com\\\/product\\\/gold-anklet-for-women-44275\\\/\"]}]},{\"@type\":\"ImageObject\",\"inLanguage\":\"de\",\"@id\":\"https:\\\/\\\/www.purejewels.com\\\/product\\\/gold-anklet-for-women-44275\\\/#primaryimage\",\"url\":\"https:\\\/\\\/static.purejewels.com\\\/wp-content\\\/uploads\\\/2023\\\/03\\\/47476.jpg\",\"contentUrl\":\"https:\\\/\\\/static.purejewels.com\\\/wp-content\\\/uploads\\\/2023\\\/03\\\/47476.jpg\",\"width\":1000,\"height\":1000,\"caption\":\"Gold Anklet For Women\"},{\"@type\":\"BreadcrumbList\",\"@id\":\"https:\\\/\\\/www.purejewels.com\\\/product\\\/gold-anklet-for-women-44275\\\/#breadcrumb\",\"itemListElement\":[{\"@type\":\"ListItem\",\"position\":1,\"name\":\"Home\",\"item\":\"https:\\\/\\\/www.purejewels.com\\\/\"},{\"@type\":\"ListItem\",\"position\":2,\"name\":\"Shop\",\"item\":\"https:\\\/\\\/www.purejewels.com\\\/shop\\\/\"},{\"@type\":\"ListItem\",\"position\":3,\"name\":\"22ct Gold Anklet For Women | 11 Inches\"}]},{\"@type\":\"WebSite\",\"@id\":\"https:\\\/\\\/www.purejewels.com\\\/#website\",\"url\":\"https:\\\/\\\/www.purejewels.com\\\/\",\"name\":\"PureJewels UK\",\"description\":\"Share the Love\",\"publisher\":{\"@id\":\"https:\\\/\\\/www.purejewels.com\\\/#organization\"},\"potentialAction\":[{\"@type\":\"SearchAction\",\"target\":{\"@type\":\"EntryPoint\",\"urlTemplate\":\"https:\\\/\\\/www.purejewels.com\\\/?s={search_term_string}\"},\"query-input\":{\"@type\":\"PropertyValueSpecification\",\"valueRequired\":true,\"valueName\":\"search_term_string\"}}],\"inLanguage\":\"de\"},{\"@type\":\"Organization\",\"@id\":\"https:\\\/\\\/www.purejewels.com\\\/#organization\",\"name\":\"PureJewels UK\",\"url\":\"https:\\\/\\\/www.purejewels.com\\\/\",\"logo\":{\"@type\":\"ImageObject\",\"inLanguage\":\"de\",\"@id\":\"https:\\\/\\\/www.purejewels.com\\\/#\\\/schema\\\/logo\\\/image\\\/\",\"url\":\"https:\\\/\\\/static.purejewels.com\\\/wp-content\\\/uploads\\\/2020\\\/11\\\/Logo-PJ-New-1.png\",\"contentUrl\":\"https:\\\/\\\/static.purejewels.com\\\/wp-content\\\/uploads\\\/2020\\\/11\\\/Logo-PJ-New-1.png\",\"width\":150,\"height\":80,\"caption\":\"PureJewels UK\"},\"image\":{\"@id\":\"https:\\\/\\\/www.purejewels.com\\\/#\\\/schema\\\/logo\\\/image\\\/\"}}]}<\/script>\n<!-- \/ Yoast SEO plugin. -->","yoast_head_json":{"title":"Gold Fu\u00dfkettchen f\u00fcr Frauen Online UK | purejewels.com","description":"Sehen Sie sich unsere neuesten Gold Fu\u00dfkettchen Designs Kollektion online. Kaufen Sie Gold Payal, Gold Fu\u00dfkettchen von PureJewels UK. Jetzt einkaufen! Kostenlose Lieferung in ganz Gro\u00dfbritannien.","robots":{"index":"index","follow":"follow","max-snippet":"max-snippet:-1","max-image-preview":"max-image-preview:large","max-video-preview":"max-video-preview:-1"},"canonical":"https:\/\/www.purejewels.com\/de\/produkt-2\/gold-fuskettchen-fur-frauen-44275\/","og_locale":"de_DE","og_type":"article","og_title":"Gold Anklets for Women Online UK | purejewels.com","og_description":"View our Latest gold anklet designs collection online. Buy gold payal, gold anklets from PureJewels UK. Shop now! Free delivery across UK.","og_url":"https:\/\/www.purejewels.com\/de\/produkt-2\/gold-fuskettchen-fur-frauen-44275\/","og_site_name":"PureJewels UK","article_modified_time":"2026-03-22T19:04:29+00:00","og_image":[{"width":1000,"height":1000,"url":"https:\/\/static.purejewels.com\/wp-content\/uploads\/2023\/03\/47476.jpg","type":"image\/jpeg"}],"twitter_card":"summary_large_image","twitter_misc":{"Gesch\u00e4tzte Lesezeit":"2\u00a0Minuten"},"schema":{"@context":"https:\/\/schema.org","@graph":[{"@type":["WebPage","ItemPage"],"@id":"https:\/\/www.purejewels.com\/product\/gold-anklet-for-women-44275\/","url":"https:\/\/www.purejewels.com\/product\/gold-anklet-for-women-44275\/","name":"Gold Fu\u00dfkettchen f\u00fcr Frauen Online UK | purejewels.com","isPartOf":{"@id":"https:\/\/www.purejewels.com\/#website"},"primaryImageOfPage":{"@id":"https:\/\/www.purejewels.com\/product\/gold-anklet-for-women-44275\/#primaryimage"},"image":{"@id":"https:\/\/www.purejewels.com\/product\/gold-anklet-for-women-44275\/#primaryimage"},"thumbnailUrl":"https:\/\/static.purejewels.com\/wp-content\/uploads\/2023\/03\/47476.jpg","datePublished":"2024-01-17T01:11:46+00:00","dateModified":"2026-03-22T19:04:29+00:00","description":"Sehen Sie sich unsere neuesten Gold Fu\u00dfkettchen Designs Kollektion online. Kaufen Sie Gold Payal, Gold Fu\u00dfkettchen von PureJewels UK. Jetzt einkaufen! Kostenlose Lieferung in ganz Gro\u00dfbritannien.","breadcrumb":{"@id":"https:\/\/www.purejewels.com\/product\/gold-anklet-for-women-44275\/#breadcrumb"},"inLanguage":"de","potentialAction":[{"@type":"ReadAction","target":["https:\/\/www.purejewels.com\/product\/gold-anklet-for-women-44275\/"]}]},{"@type":"ImageObject","inLanguage":"de","@id":"https:\/\/www.purejewels.com\/product\/gold-anklet-for-women-44275\/#primaryimage","url":"https:\/\/static.purejewels.com\/wp-content\/uploads\/2023\/03\/47476.jpg","contentUrl":"https:\/\/static.purejewels.com\/wp-content\/uploads\/2023\/03\/47476.jpg","width":1000,"height":1000,"caption":"Gold Anklet For Women"},{"@type":"BreadcrumbList","@id":"https:\/\/www.purejewels.com\/product\/gold-anklet-for-women-44275\/#breadcrumb","itemListElement":[{"@type":"ListItem","position":1,"name":"Home","item":"https:\/\/www.purejewels.com\/"},{"@type":"ListItem","position":2,"name":"Shop","item":"https:\/\/www.purejewels.com\/shop\/"},{"@type":"ListItem","position":3,"name":"22ct Gold Anklet For Women | 11 Inches"}]},{"@type":"WebSite","@id":"https:\/\/www.purejewels.com\/#website","url":"https:\/\/www.purejewels.com\/","name":"PureJewels UK","description":"Teile die Liebe","publisher":{"@id":"https:\/\/www.purejewels.com\/#organization"},"potentialAction":[{"@type":"SearchAction","target":{"@type":"EntryPoint","urlTemplate":"https:\/\/www.purejewels.com\/?s={search_term_string}"},"query-input":{"@type":"PropertyValueSpecification","valueRequired":true,"valueName":"search_term_string"}}],"inLanguage":"de"},{"@type":"Organization","@id":"https:\/\/www.purejewels.com\/#organization","name":"PureJewels UK","url":"https:\/\/www.purejewels.com\/","logo":{"@type":"ImageObject","inLanguage":"de","@id":"https:\/\/www.purejewels.com\/#\/schema\/logo\/image\/","url":"https:\/\/static.purejewels.com\/wp-content\/uploads\/2020\/11\/Logo-PJ-New-1.png","contentUrl":"https:\/\/static.purejewels.com\/wp-content\/uploads\/2020\/11\/Logo-PJ-New-1.png","width":150,"height":80,"caption":"PureJewels UK"},"image":{"@id":"https:\/\/www.purejewels.com\/#\/schema\/logo\/image\/"}}]}},"_links":{"self":[{"href":"https:\/\/www.purejewels.com\/de\/wp-json\/wp\/v2\/product\/344736","targetHints":{"allow":["GET"]}}],"collection":[{"href":"https:\/\/www.purejewels.com\/de\/wp-json\/wp\/v2\/product"}],"about":[{"href":"https:\/\/www.purejewels.com\/de\/wp-json\/wp\/v2\/types\/product"}],"replies":[{"embeddable":true,"href":"https:\/\/www.purejewels.com\/de\/wp-json\/wp\/v2\/comments?post=344736"}],"version-history":[{"count":4,"href":"https:\/\/www.purejewels.com\/de\/wp-json\/wp\/v2\/product\/344736\/revisions"}],"predecessor-version":[{"id":419441,"href":"https:\/\/www.purejewels.com\/de\/wp-json\/wp\/v2\/product\/344736\/revisions\/419441"}],"wp:featuredmedia":[{"embeddable":true,"href":"https:\/\/www.purejewels.com\/de\/wp-json\/wp\/v2\/media\/356133"}],"wp:attachment":[{"href":"https:\/\/www.purejewels.com\/de\/wp-json\/wp\/v2\/media?parent=344736"}],"wp:term":[{"taxonomy":"product_brand","embeddable":true,"href":"https:\/\/www.purejewels.com\/de\/wp-json\/wp\/v2\/product_brand?post=344736"},{"taxonomy":"product_cat","embeddable":true,"href":"https:\/\/www.purejewels.com\/de\/wp-json\/wp\/v2\/product_cat?post=344736"},{"taxonomy":"product_tag","embeddable":true,"href":"https:\/\/www.purejewels.com\/de\/wp-json\/wp\/v2\/product_tag?post=344736"}],"curies":[{"name":"wp","href":"https:\/\/api.w.org\/{rel}","templated":true}]}}