{"id":344746,"date":"2025-03-06T10:30:15","date_gmt":"2025-03-06T10:30:15","guid":{"rendered":"https:\/\/www.purejewels.com\/?post_type=product&#038;p=344746"},"modified":"2026-01-06T07:16:28","modified_gmt":"2026-01-06T07:16:28","slug":"22ct-gold-perle-fuskettchen-10-zoll-48340","status":"publish","type":"product","link":"https:\/\/www.purejewels.com\/de\/product\/22ct-gold-pearl-anklet-10-inches-48340\/","title":{"rendered":"22ct Gold Perle Fu\u00dfkettchen | 10 Zentimeter"},"content":{"rendered":"<h3>Designkonzept<\/h3>\n<p>Inspiriert von der zeitlosen Kombination aus Gold und Perlen zelebriert dieses Fu\u00dfkettchen Reinheit und Raffinesse. Das weiche Zusammenspiel von warmem Gold und leuchtenden Perlen spiegelt die Anmut und das Selbstbewusstsein seiner Tr\u00e4gerin wider.<\/p>\n<h3>Handwerkliches K\u00f6nnen<\/h3>\n<p>Das fachm\u00e4nnisch aus 22-kar\u00e4tigem Gold gefertigte Fu\u00dfkettchen zeichnet sich durch eine sorgf\u00e4ltige Anordnung von 3,5-mm-Perlen aus, die nahtlos in die Kette eingeflochten sind. Jedes Element wird mit Sorgfalt poliert und gefasst, um Komfort und Haltbarkeit zu gew\u00e4hrleisten.<\/p>\n<h3>Styling &amp; Geschenkartikel<\/h3>\n<p>Elegant genug f\u00fcr den Alltag und raffiniert f\u00fcr besondere Anl\u00e4sse passt dieses Fu\u00dfkettchen wunderbar zu ethnischen Ensembles oder minimalistischen Stilen. Ein bedeutungsvolles Geschenk f\u00fcr Geburtstage, Hochzeiten oder Jahrestage, pr\u00e4sentiert in PureJewels\u2019 charakteristischer Luxusbox.<\/p>","protected":false},"excerpt":{"rendered":"<p>Ein Fu\u00dfkettchen aus 22-kar\u00e4tigem Gold, geschm\u00fcckt mit gl\u00e4nzenden Perlen von 3,5 mm Breite und 10 Zoll L\u00e4nge. Elegant, raffiniert und handgefertigt in Perfektion von PureJewels London.<\/p>\n<p><strong>Material:<\/strong>\u00a022ct Gold<br \/>\n<strong>Reinheit:<\/strong>\u00a091.6% rein<br \/>\n<strong>Wahrzeichen:<\/strong>\u00a0Britisches G\u00fctesiegel<strong><br \/>\n<\/strong><b>Gewicht (gms): <\/b>5.00<br \/>\n<b>Perlen Gewicht: <\/b>1.3<br \/>\n<strong>L\u00e4nge:<\/strong> 10 Zoll<br \/>\n<b>Perlenbreite: <\/b>3,5 mm<br \/>\n<strong>SKU:<\/strong> 48340<\/p>\n<p><strong>Preis und Lieferung<\/strong>: Inklusive Mehrwertsteuer und Lieferkosten<br \/>\n<a href=\"https:\/\/www.purejewels.com\/de\/ruckgabepolitik\/\">R\u00fcckgabepolitik<\/a><\/p>","protected":false},"featured_media":419446,"comment_status":"closed","ping_status":"closed","template":"","meta":{"_eb_attr":"","_crsspst_to_jayantr4sg-hostcom":false},"product_brand":[],"product_cat":[1760,236,1792,1790,3628,1569,1574],"product_tag":[],"class_list":{"0":"post-344746","1":"product","2":"type-product","3":"status-publish","4":"has-post-thumbnail","6":"product_cat-gold-anklets","7":"product_cat-collections","8":"product_cat-festival-gifts","9":"product_cat-for-whom-when","10":"product_cat-glow-collections","11":"product_cat-valentine-day-gifts","12":"product_cat-womens-jewellery","14":"first","15":"instock","16":"taxable","17":"shipping-taxable","18":"purchasable","19":"product-type-simple","20":"add-to-wishlist-before_image"},"yoast_head":"<!-- This site is optimized with the Yoast SEO plugin v27.5 - https:\/\/yoast.com\/product\/yoast-seo-wordpress\/ -->\n<title>Anklet Designs with Pearl Beads | purejewels.com<\/title>\n<meta name=\"description\" content=\"A radiant 22ct gold pearl anklet crafted with 3.5mm beads and 10-inch length. Blending timeless design and refined craftsmanship this PureJewels piece celebrates grace and tradition.\" \/>\n<meta name=\"robots\" content=\"index, follow, max-snippet:-1, max-image-preview:large, max-video-preview:-1\" \/>\n<link rel=\"canonical\" href=\"https:\/\/www.purejewels.com\/de\/produkt-2\/22ct-gold-perle-fuskettchen-10-zoll-48340\/\" \/>\n<meta property=\"og:locale\" content=\"de_DE\" \/>\n<meta property=\"og:type\" content=\"article\" \/>\n<meta property=\"og:title\" content=\"Anklet Designs with Pearl Beads | purejewels.com\" \/>\n<meta property=\"og:description\" content=\"A radiant 22ct gold pearl anklet crafted with 3.5mm beads and 10-inch length. Blending timeless design and refined craftsmanship this PureJewels piece celebrates grace and tradition.\" \/>\n<meta property=\"og:url\" content=\"https:\/\/www.purejewels.com\/de\/produkt-2\/22ct-gold-perle-fuskettchen-10-zoll-48340\/\" \/>\n<meta property=\"og:site_name\" content=\"PureJewels UK\" \/>\n<meta property=\"article:modified_time\" content=\"2026-01-06T07:16:28+00:00\" \/>\n<meta property=\"og:image\" content=\"https:\/\/www.purejewels.com\/wp-content\/uploads\/2023\/03\/22ct-Gold-Pearl-Anklet.jpg\" \/>\n\t<meta property=\"og:image:width\" content=\"1000\" \/>\n\t<meta property=\"og:image:height\" content=\"1000\" \/>\n\t<meta property=\"og:image:type\" content=\"image\/jpeg\" \/>\n<meta name=\"twitter:card\" content=\"summary_large_image\" \/>\n<meta name=\"twitter:label1\" content=\"Gesch\u00e4tzte Lesezeit\" \/>\n\t<meta name=\"twitter:data1\" content=\"1\u00a0Minute\" \/>\n<script type=\"application\/ld+json\" class=\"yoast-schema-graph\">{\"@context\":\"https:\\\/\\\/schema.org\",\"@graph\":[{\"@type\":[\"WebPage\",\"ItemPage\"],\"@id\":\"https:\\\/\\\/www.purejewels.com\\\/product\\\/22ct-gold-pearl-anklet-10-inches-48340\\\/\",\"url\":\"https:\\\/\\\/www.purejewels.com\\\/product\\\/22ct-gold-pearl-anklet-10-inches-48340\\\/\",\"name\":\"Anklet Designs with Pearl Beads | purejewels.com\",\"isPartOf\":{\"@id\":\"https:\\\/\\\/www.purejewels.com\\\/#website\"},\"primaryImageOfPage\":{\"@id\":\"https:\\\/\\\/www.purejewels.com\\\/product\\\/22ct-gold-pearl-anklet-10-inches-48340\\\/#primaryimage\"},\"image\":{\"@id\":\"https:\\\/\\\/www.purejewels.com\\\/product\\\/22ct-gold-pearl-anklet-10-inches-48340\\\/#primaryimage\"},\"thumbnailUrl\":\"https:\\\/\\\/static.purejewels.com\\\/wp-content\\\/uploads\\\/2023\\\/03\\\/22ct-Gold-Pearl-Anklet.jpg\",\"datePublished\":\"2025-03-06T10:30:15+00:00\",\"dateModified\":\"2026-01-06T07:16:28+00:00\",\"description\":\"A radiant 22ct gold pearl anklet crafted with 3.5mm beads and 10-inch length. Blending timeless design and refined craftsmanship this PureJewels piece celebrates grace and tradition.\",\"breadcrumb\":{\"@id\":\"https:\\\/\\\/www.purejewels.com\\\/product\\\/22ct-gold-pearl-anklet-10-inches-48340\\\/#breadcrumb\"},\"inLanguage\":\"de\",\"potentialAction\":[{\"@type\":\"ReadAction\",\"target\":[\"https:\\\/\\\/www.purejewels.com\\\/product\\\/22ct-gold-pearl-anklet-10-inches-48340\\\/\"]}]},{\"@type\":\"ImageObject\",\"inLanguage\":\"de\",\"@id\":\"https:\\\/\\\/www.purejewels.com\\\/product\\\/22ct-gold-pearl-anklet-10-inches-48340\\\/#primaryimage\",\"url\":\"https:\\\/\\\/static.purejewels.com\\\/wp-content\\\/uploads\\\/2023\\\/03\\\/22ct-Gold-Pearl-Anklet.jpg\",\"contentUrl\":\"https:\\\/\\\/static.purejewels.com\\\/wp-content\\\/uploads\\\/2023\\\/03\\\/22ct-Gold-Pearl-Anklet.jpg\",\"width\":1000,\"height\":1000,\"caption\":\"22ct Gold Pearl Anklet | 10 Inches\"},{\"@type\":\"BreadcrumbList\",\"@id\":\"https:\\\/\\\/www.purejewels.com\\\/product\\\/22ct-gold-pearl-anklet-10-inches-48340\\\/#breadcrumb\",\"itemListElement\":[{\"@type\":\"ListItem\",\"position\":1,\"name\":\"Home\",\"item\":\"https:\\\/\\\/www.purejewels.com\\\/\"},{\"@type\":\"ListItem\",\"position\":2,\"name\":\"Shop\",\"item\":\"https:\\\/\\\/www.purejewels.com\\\/shop\\\/\"},{\"@type\":\"ListItem\",\"position\":3,\"name\":\"22ct Gold Pearl Anklet | 10 Inches\"}]},{\"@type\":\"WebSite\",\"@id\":\"https:\\\/\\\/www.purejewels.com\\\/#website\",\"url\":\"https:\\\/\\\/www.purejewels.com\\\/\",\"name\":\"PureJewels UK\",\"description\":\"Share the Love\",\"publisher\":{\"@id\":\"https:\\\/\\\/www.purejewels.com\\\/#organization\"},\"potentialAction\":[{\"@type\":\"SearchAction\",\"target\":{\"@type\":\"EntryPoint\",\"urlTemplate\":\"https:\\\/\\\/www.purejewels.com\\\/?s={search_term_string}\"},\"query-input\":{\"@type\":\"PropertyValueSpecification\",\"valueRequired\":true,\"valueName\":\"search_term_string\"}}],\"inLanguage\":\"de\"},{\"@type\":\"Organization\",\"@id\":\"https:\\\/\\\/www.purejewels.com\\\/#organization\",\"name\":\"PureJewels UK\",\"url\":\"https:\\\/\\\/www.purejewels.com\\\/\",\"logo\":{\"@type\":\"ImageObject\",\"inLanguage\":\"de\",\"@id\":\"https:\\\/\\\/www.purejewels.com\\\/#\\\/schema\\\/logo\\\/image\\\/\",\"url\":\"https:\\\/\\\/static.purejewels.com\\\/wp-content\\\/uploads\\\/2020\\\/11\\\/Logo-PJ-New-1.png\",\"contentUrl\":\"https:\\\/\\\/static.purejewels.com\\\/wp-content\\\/uploads\\\/2020\\\/11\\\/Logo-PJ-New-1.png\",\"width\":150,\"height\":80,\"caption\":\"PureJewels UK\"},\"image\":{\"@id\":\"https:\\\/\\\/www.purejewels.com\\\/#\\\/schema\\\/logo\\\/image\\\/\"}}]}<\/script>\n<!-- \/ Yoast SEO plugin. -->","yoast_head_json":{"title":"Fu\u00dfkettchen-Designs mit Perlenperlen | purejewels.com","description":"Eine strahlende 22ct Gold Perle Fu\u00dfkettchen mit 3,5 mm Perlen und 10-Zoll-L\u00e4nge gefertigt. Dieses St\u00fcck von PureJewels vereint zeitloses Design und raffinierte Handwerkskunst und zelebriert Anmut und Tradition.","robots":{"index":"index","follow":"follow","max-snippet":"max-snippet:-1","max-image-preview":"max-image-preview:large","max-video-preview":"max-video-preview:-1"},"canonical":"https:\/\/www.purejewels.com\/de\/produkt-2\/22ct-gold-perle-fuskettchen-10-zoll-48340\/","og_locale":"de_DE","og_type":"article","og_title":"Anklet Designs with Pearl Beads | purejewels.com","og_description":"A radiant 22ct gold pearl anklet crafted with 3.5mm beads and 10-inch length. Blending timeless design and refined craftsmanship this PureJewels piece celebrates grace and tradition.","og_url":"https:\/\/www.purejewels.com\/de\/produkt-2\/22ct-gold-perle-fuskettchen-10-zoll-48340\/","og_site_name":"PureJewels UK","article_modified_time":"2026-01-06T07:16:28+00:00","og_image":[{"width":1000,"height":1000,"url":"https:\/\/www.purejewels.com\/wp-content\/uploads\/2023\/03\/22ct-Gold-Pearl-Anklet.jpg","type":"image\/jpeg"}],"twitter_card":"summary_large_image","twitter_misc":{"Gesch\u00e4tzte Lesezeit":"1\u00a0Minute"},"schema":{"@context":"https:\/\/schema.org","@graph":[{"@type":["WebPage","ItemPage"],"@id":"https:\/\/www.purejewels.com\/product\/22ct-gold-pearl-anklet-10-inches-48340\/","url":"https:\/\/www.purejewels.com\/product\/22ct-gold-pearl-anklet-10-inches-48340\/","name":"Fu\u00dfkettchen-Designs mit Perlenperlen | purejewels.com","isPartOf":{"@id":"https:\/\/www.purejewels.com\/#website"},"primaryImageOfPage":{"@id":"https:\/\/www.purejewels.com\/product\/22ct-gold-pearl-anklet-10-inches-48340\/#primaryimage"},"image":{"@id":"https:\/\/www.purejewels.com\/product\/22ct-gold-pearl-anklet-10-inches-48340\/#primaryimage"},"thumbnailUrl":"https:\/\/static.purejewels.com\/wp-content\/uploads\/2023\/03\/22ct-Gold-Pearl-Anklet.jpg","datePublished":"2025-03-06T10:30:15+00:00","dateModified":"2026-01-06T07:16:28+00:00","description":"Eine strahlende 22ct Gold Perle Fu\u00dfkettchen mit 3,5 mm Perlen und 10-Zoll-L\u00e4nge gefertigt. Dieses St\u00fcck von PureJewels vereint zeitloses Design und raffinierte Handwerkskunst und zelebriert Anmut und Tradition.","breadcrumb":{"@id":"https:\/\/www.purejewels.com\/product\/22ct-gold-pearl-anklet-10-inches-48340\/#breadcrumb"},"inLanguage":"de","potentialAction":[{"@type":"ReadAction","target":["https:\/\/www.purejewels.com\/product\/22ct-gold-pearl-anklet-10-inches-48340\/"]}]},{"@type":"ImageObject","inLanguage":"de","@id":"https:\/\/www.purejewels.com\/product\/22ct-gold-pearl-anklet-10-inches-48340\/#primaryimage","url":"https:\/\/static.purejewels.com\/wp-content\/uploads\/2023\/03\/22ct-Gold-Pearl-Anklet.jpg","contentUrl":"https:\/\/static.purejewels.com\/wp-content\/uploads\/2023\/03\/22ct-Gold-Pearl-Anklet.jpg","width":1000,"height":1000,"caption":"22ct Gold Pearl Anklet | 10 Inches"},{"@type":"BreadcrumbList","@id":"https:\/\/www.purejewels.com\/product\/22ct-gold-pearl-anklet-10-inches-48340\/#breadcrumb","itemListElement":[{"@type":"ListItem","position":1,"name":"Home","item":"https:\/\/www.purejewels.com\/"},{"@type":"ListItem","position":2,"name":"Shop","item":"https:\/\/www.purejewels.com\/shop\/"},{"@type":"ListItem","position":3,"name":"22ct Gold Pearl Anklet | 10 Inches"}]},{"@type":"WebSite","@id":"https:\/\/www.purejewels.com\/#website","url":"https:\/\/www.purejewels.com\/","name":"PureJewels UK","description":"Teile die Liebe","publisher":{"@id":"https:\/\/www.purejewels.com\/#organization"},"potentialAction":[{"@type":"SearchAction","target":{"@type":"EntryPoint","urlTemplate":"https:\/\/www.purejewels.com\/?s={search_term_string}"},"query-input":{"@type":"PropertyValueSpecification","valueRequired":true,"valueName":"search_term_string"}}],"inLanguage":"de"},{"@type":"Organization","@id":"https:\/\/www.purejewels.com\/#organization","name":"PureJewels UK","url":"https:\/\/www.purejewels.com\/","logo":{"@type":"ImageObject","inLanguage":"de","@id":"https:\/\/www.purejewels.com\/#\/schema\/logo\/image\/","url":"https:\/\/static.purejewels.com\/wp-content\/uploads\/2020\/11\/Logo-PJ-New-1.png","contentUrl":"https:\/\/static.purejewels.com\/wp-content\/uploads\/2020\/11\/Logo-PJ-New-1.png","width":150,"height":80,"caption":"PureJewels UK"},"image":{"@id":"https:\/\/www.purejewels.com\/#\/schema\/logo\/image\/"}}]}},"_links":{"self":[{"href":"https:\/\/www.purejewels.com\/de\/wp-json\/wp\/v2\/product\/344746","targetHints":{"allow":["GET"]}}],"collection":[{"href":"https:\/\/www.purejewels.com\/de\/wp-json\/wp\/v2\/product"}],"about":[{"href":"https:\/\/www.purejewels.com\/de\/wp-json\/wp\/v2\/types\/product"}],"replies":[{"embeddable":true,"href":"https:\/\/www.purejewels.com\/de\/wp-json\/wp\/v2\/comments?post=344746"}],"version-history":[{"count":2,"href":"https:\/\/www.purejewels.com\/de\/wp-json\/wp\/v2\/product\/344746\/revisions"}],"predecessor-version":[{"id":419447,"href":"https:\/\/www.purejewels.com\/de\/wp-json\/wp\/v2\/product\/344746\/revisions\/419447"}],"wp:featuredmedia":[{"embeddable":true,"href":"https:\/\/www.purejewels.com\/de\/wp-json\/wp\/v2\/media\/419446"}],"wp:attachment":[{"href":"https:\/\/www.purejewels.com\/de\/wp-json\/wp\/v2\/media?parent=344746"}],"wp:term":[{"taxonomy":"product_brand","embeddable":true,"href":"https:\/\/www.purejewels.com\/de\/wp-json\/wp\/v2\/product_brand?post=344746"},{"taxonomy":"product_cat","embeddable":true,"href":"https:\/\/www.purejewels.com\/de\/wp-json\/wp\/v2\/product_cat?post=344746"},{"taxonomy":"product_tag","embeddable":true,"href":"https:\/\/www.purejewels.com\/de\/wp-json\/wp\/v2\/product_tag?post=344746"}],"curies":[{"name":"wp","href":"https:\/\/api.w.org\/{rel}","templated":true}]}}