{"id":344782,"date":"2024-05-26T06:35:40","date_gmt":"2024-05-26T05:35:40","guid":{"rendered":"https:\/\/www.purejewels.com\/?post_type=product&#038;p=344782"},"modified":"2026-01-06T11:29:39","modified_gmt":"2026-01-06T11:29:39","slug":"22-karat-gold-armari-halskette-im-antiken-stil-halskette-46737","status":"publish","type":"product","link":"https:\/\/www.purejewels.com\/de\/product\/22ct-gold-armari-necklace-antique-style-necklace-46737\/","title":{"rendered":"22ct Gold Armari Halskette | Antiker Stil"},"content":{"rendered":"<p>Unser Armari <a href=\"https:\/\/www.purejewels.com\/de\/product-category\/22ct-gold-jewellery\/gold-necklaces\/\">goldene Halskette<\/a> ist definitiv eines unserer Lieblingsst\u00fccke. Die Komplexit\u00e4t der Details hebt es von anderen Halsketten ab. Diese Armari-Halskette kann auch alleine getragen werden. Um den Look zu vervollst\u00e4ndigen, k\u00f6nnen Sie St\u00fccke aus unserer Armari-Kollektion oder einfach Goldschmuck mit einem <a href=\"https:\/\/www.purejewels.com\/de\/armari-collection\/\">antikes Finish<\/a> zu erg\u00e4nzen. Die Kollektion zeigt filigrane Gitterstrukturen, die nahtlos in geometrische Blumenmotive \u00fcbergehen. Die Kollektion verwendet die traditionelle Technik der <a href=\"https:\/\/www.purejewels.com\/de\/a-guide-to-die-stamping\/\">Pr\u00e4gung<\/a> mit 22 Karat Gold. Die <a href=\"https:\/\/www.purejewels.com\/de\/product\/22ct-gold-pretty-ladies-bracelet-7-inches-42354\/\">Gold-K\u00fcgelchen<\/a> Ausschm\u00fccken der <a href=\"https:\/\/www.purejewels.com\/de\/product-category\/22ct-gold-jewellery\/gold-chains\/\">Ketten<\/a> verleihen ihm ein kr\u00e4ftiges Gewicht und machen ihn f\u00fcr besondere Anl\u00e4sse geeignet. Das antike Finish unterstreicht seine Eleganz. Unsere Armari-Kollektion zelebriert Furchtlosigkeit und verk\u00f6rpert den Geist des Empowerments.<\/p>\n<ul>\n<li>SKU: 46737<\/li>\n<li><b>Bereich ID:<\/b>\u00a0JWNLRHAR003<\/li>\n<\/ul>","protected":false},"excerpt":{"rendered":"<p>Die Armari-Halskette ist ein handgefertigtes Schmuckst\u00fcck aus 22-kar\u00e4tigem Gold, inspiriert von Schilden und R\u00fcstungen aus der Vergangenheit. Die k\u00fchnen Wappen verbinden sich zu einem Halsband der St\u00e4rke, das die Tr\u00e4gerin mit Eleganz und Widerstandsf\u00e4higkeit ausstattet.<\/p>\n<p><strong>Material:<\/strong>\u00a022ct Gold<br \/>\n<strong>Reinheit:<\/strong>\u00a091.6% rein<br \/>\n<strong>Wahrzeichen:<\/strong>\u00a0Britisches G\u00fctesiegel<br \/>\n<strong>Bruttogewicht:<\/strong> 92,3 Gms<br \/>\n<strong>SKU:<\/strong> 48577<\/p>","protected":false},"featured_media":349187,"comment_status":"closed","ping_status":"closed","template":"","meta":{"_eb_attr":"","_crsspst_to_jayantr4sg-hostcom":false},"product_brand":[],"product_cat":[1780,245,5643,5950,1625,236,1229,1253,5945,1573],"product_tag":[],"class_list":{"0":"post-344782","1":"product","2":"type-product","3":"status-publish","4":"has-post-thumbnail","6":"product_cat-antique-style-necklaces","7":"product_cat-armari-collections","8":"product_cat-armari-necklace","9":"product_cat-bridal-necklace","10":"product_cat-bridal-set","11":"product_cat-collections","12":"product_cat-22ct-gold-jewellery","13":"product_cat-gold-necklaces","14":"product_cat-rani-haar","15":"product_cat-wedding-gifts","17":"first","18":"onbackorder","19":"taxable","20":"shipping-taxable","21":"product-type-simple","22":"add-to-wishlist-before_image"},"yoast_head":"<!-- This site is optimized with the Yoast SEO plugin v27.3 - https:\/\/yoast.com\/product\/yoast-seo-wordpress\/ -->\n<title>Antique Style Bridal Necklace in 22ct Gold from Armari Collection<\/title>\n<meta name=\"description\" content=\"Wedding &amp; Special Occasion Necklace in Antique Rani Haar Style, crafted with embossing technique in 22ct Gold by PureJewels. Fast Delivery.\" \/>\n<meta name=\"robots\" content=\"index, follow, max-snippet:-1, max-image-preview:large, max-video-preview:-1\" \/>\n<link rel=\"canonical\" href=\"https:\/\/www.purejewels.com\/de\/produkt-2\/22-karat-gold-armari-halskette-im-antiken-stil-halskette-46737\/\" \/>\n<meta property=\"og:locale\" content=\"de_DE\" \/>\n<meta property=\"og:type\" content=\"article\" \/>\n<meta property=\"og:title\" content=\"Antique Style Bridal Necklace in 22ct Gold from Armari Collection\" \/>\n<meta property=\"og:description\" content=\"Wedding &amp; Special Occasion Necklace in Antique Rani Haar Style, crafted with embossing technique in 22ct Gold by PureJewels. Fast Delivery.\" \/>\n<meta property=\"og:url\" content=\"https:\/\/www.purejewels.com\/de\/produkt-2\/22-karat-gold-armari-halskette-im-antiken-stil-halskette-46737\/\" \/>\n<meta property=\"og:site_name\" content=\"PureJewels UK\" \/>\n<meta property=\"article:modified_time\" content=\"2026-01-06T11:29:39+00:00\" \/>\n<meta property=\"og:image\" content=\"https:\/\/static.purejewels.com\/wp-content\/uploads\/2023\/07\/IMG_0228-1.jpg\" \/>\n\t<meta property=\"og:image:width\" content=\"1\" \/>\n\t<meta property=\"og:image:height\" content=\"1\" \/>\n\t<meta property=\"og:image:type\" content=\"image\/jpeg\" \/>\n<meta name=\"twitter:card\" content=\"summary_large_image\" \/>\n<meta name=\"twitter:label1\" content=\"Gesch\u00e4tzte Lesezeit\" \/>\n\t<meta name=\"twitter:data1\" content=\"1\u00a0Minute\" \/>\n<script type=\"application\/ld+json\" class=\"yoast-schema-graph\">{\"@context\":\"https:\\\/\\\/schema.org\",\"@graph\":[{\"@type\":[\"WebPage\",\"ItemPage\"],\"@id\":\"https:\\\/\\\/www.purejewels.com\\\/product\\\/22ct-gold-armari-necklace-antique-style-necklace-46737\\\/\",\"url\":\"https:\\\/\\\/www.purejewels.com\\\/product\\\/22ct-gold-armari-necklace-antique-style-necklace-46737\\\/\",\"name\":\"Antique Style Bridal Necklace in 22ct Gold from Armari Collection\",\"isPartOf\":{\"@id\":\"https:\\\/\\\/www.purejewels.com\\\/#website\"},\"primaryImageOfPage\":{\"@id\":\"https:\\\/\\\/www.purejewels.com\\\/product\\\/22ct-gold-armari-necklace-antique-style-necklace-46737\\\/#primaryimage\"},\"image\":{\"@id\":\"https:\\\/\\\/www.purejewels.com\\\/product\\\/22ct-gold-armari-necklace-antique-style-necklace-46737\\\/#primaryimage\"},\"thumbnailUrl\":\"https:\\\/\\\/static.purejewels.com\\\/wp-content\\\/uploads\\\/2023\\\/07\\\/IMG_0228-1.jpg\",\"datePublished\":\"2024-05-26T05:35:40+00:00\",\"dateModified\":\"2026-01-06T11:29:39+00:00\",\"description\":\"Wedding & Special Occasion Necklace in Antique Rani Haar Style, crafted with embossing technique in 22ct Gold by PureJewels. Fast Delivery.\",\"breadcrumb\":{\"@id\":\"https:\\\/\\\/www.purejewels.com\\\/product\\\/22ct-gold-armari-necklace-antique-style-necklace-46737\\\/#breadcrumb\"},\"inLanguage\":\"de\",\"potentialAction\":[{\"@type\":\"ReadAction\",\"target\":[\"https:\\\/\\\/www.purejewels.com\\\/product\\\/22ct-gold-armari-necklace-antique-style-necklace-46737\\\/\"]}]},{\"@type\":\"ImageObject\",\"inLanguage\":\"de\",\"@id\":\"https:\\\/\\\/www.purejewels.com\\\/product\\\/22ct-gold-armari-necklace-antique-style-necklace-46737\\\/#primaryimage\",\"url\":\"https:\\\/\\\/static.purejewels.com\\\/wp-content\\\/uploads\\\/2023\\\/07\\\/IMG_0228-1.jpg\",\"contentUrl\":\"https:\\\/\\\/static.purejewels.com\\\/wp-content\\\/uploads\\\/2023\\\/07\\\/IMG_0228-1.jpg\"},{\"@type\":\"BreadcrumbList\",\"@id\":\"https:\\\/\\\/www.purejewels.com\\\/product\\\/22ct-gold-armari-necklace-antique-style-necklace-46737\\\/#breadcrumb\",\"itemListElement\":[{\"@type\":\"ListItem\",\"position\":1,\"name\":\"Home\",\"item\":\"https:\\\/\\\/www.purejewels.com\\\/\"},{\"@type\":\"ListItem\",\"position\":2,\"name\":\"Shop\",\"item\":\"https:\\\/\\\/www.purejewels.com\\\/shop\\\/\"},{\"@type\":\"ListItem\",\"position\":3,\"name\":\"22ct Gold Armari Necklace | Antique Style\"}]},{\"@type\":\"WebSite\",\"@id\":\"https:\\\/\\\/www.purejewels.com\\\/#website\",\"url\":\"https:\\\/\\\/www.purejewels.com\\\/\",\"name\":\"PureJewels UK\",\"description\":\"Share the Love\",\"publisher\":{\"@id\":\"https:\\\/\\\/www.purejewels.com\\\/#organization\"},\"potentialAction\":[{\"@type\":\"SearchAction\",\"target\":{\"@type\":\"EntryPoint\",\"urlTemplate\":\"https:\\\/\\\/www.purejewels.com\\\/?s={search_term_string}\"},\"query-input\":{\"@type\":\"PropertyValueSpecification\",\"valueRequired\":true,\"valueName\":\"search_term_string\"}}],\"inLanguage\":\"de\"},{\"@type\":\"Organization\",\"@id\":\"https:\\\/\\\/www.purejewels.com\\\/#organization\",\"name\":\"PureJewels UK\",\"url\":\"https:\\\/\\\/www.purejewels.com\\\/\",\"logo\":{\"@type\":\"ImageObject\",\"inLanguage\":\"de\",\"@id\":\"https:\\\/\\\/www.purejewels.com\\\/#\\\/schema\\\/logo\\\/image\\\/\",\"url\":\"https:\\\/\\\/static.purejewels.com\\\/wp-content\\\/uploads\\\/2020\\\/11\\\/Logo-PJ-New-1.png\",\"contentUrl\":\"https:\\\/\\\/static.purejewels.com\\\/wp-content\\\/uploads\\\/2020\\\/11\\\/Logo-PJ-New-1.png\",\"width\":150,\"height\":80,\"caption\":\"PureJewels UK\"},\"image\":{\"@id\":\"https:\\\/\\\/www.purejewels.com\\\/#\\\/schema\\\/logo\\\/image\\\/\"}}]}<\/script>\n<!-- \/ Yoast SEO plugin. -->","yoast_head_json":{"title":"Antike Hochzeitskette aus 22 Karat Gold von Armari Collection","description":"Halskette f\u00fcr Hochzeiten und besondere Anl\u00e4sse im antiken Rani Haar Stil, gefertigt mit Pr\u00e4getechnik in 22ct Gold von PureJewels. Schnelle Lieferung.","robots":{"index":"index","follow":"follow","max-snippet":"max-snippet:-1","max-image-preview":"max-image-preview:large","max-video-preview":"max-video-preview:-1"},"canonical":"https:\/\/www.purejewels.com\/de\/produkt-2\/22-karat-gold-armari-halskette-im-antiken-stil-halskette-46737\/","og_locale":"de_DE","og_type":"article","og_title":"Antique Style Bridal Necklace in 22ct Gold from Armari Collection","og_description":"Wedding & Special Occasion Necklace in Antique Rani Haar Style, crafted with embossing technique in 22ct Gold by PureJewels. Fast Delivery.","og_url":"https:\/\/www.purejewels.com\/de\/produkt-2\/22-karat-gold-armari-halskette-im-antiken-stil-halskette-46737\/","og_site_name":"PureJewels UK","article_modified_time":"2026-01-06T11:29:39+00:00","og_image":[{"url":"https:\/\/static.purejewels.com\/wp-content\/uploads\/2023\/07\/IMG_0228-1.jpg","width":1,"height":1,"type":"image\/jpeg"}],"twitter_card":"summary_large_image","twitter_misc":{"Gesch\u00e4tzte Lesezeit":"1\u00a0Minute"},"schema":{"@context":"https:\/\/schema.org","@graph":[{"@type":["WebPage","ItemPage"],"@id":"https:\/\/www.purejewels.com\/product\/22ct-gold-armari-necklace-antique-style-necklace-46737\/","url":"https:\/\/www.purejewels.com\/product\/22ct-gold-armari-necklace-antique-style-necklace-46737\/","name":"Antike Hochzeitskette aus 22 Karat Gold von Armari Collection","isPartOf":{"@id":"https:\/\/www.purejewels.com\/#website"},"primaryImageOfPage":{"@id":"https:\/\/www.purejewels.com\/product\/22ct-gold-armari-necklace-antique-style-necklace-46737\/#primaryimage"},"image":{"@id":"https:\/\/www.purejewels.com\/product\/22ct-gold-armari-necklace-antique-style-necklace-46737\/#primaryimage"},"thumbnailUrl":"https:\/\/static.purejewels.com\/wp-content\/uploads\/2023\/07\/IMG_0228-1.jpg","datePublished":"2024-05-26T05:35:40+00:00","dateModified":"2026-01-06T11:29:39+00:00","description":"Halskette f\u00fcr Hochzeiten und besondere Anl\u00e4sse im antiken Rani Haar Stil, gefertigt mit Pr\u00e4getechnik in 22ct Gold von PureJewels. Schnelle Lieferung.","breadcrumb":{"@id":"https:\/\/www.purejewels.com\/product\/22ct-gold-armari-necklace-antique-style-necklace-46737\/#breadcrumb"},"inLanguage":"de","potentialAction":[{"@type":"ReadAction","target":["https:\/\/www.purejewels.com\/product\/22ct-gold-armari-necklace-antique-style-necklace-46737\/"]}]},{"@type":"ImageObject","inLanguage":"de","@id":"https:\/\/www.purejewels.com\/product\/22ct-gold-armari-necklace-antique-style-necklace-46737\/#primaryimage","url":"https:\/\/static.purejewels.com\/wp-content\/uploads\/2023\/07\/IMG_0228-1.jpg","contentUrl":"https:\/\/static.purejewels.com\/wp-content\/uploads\/2023\/07\/IMG_0228-1.jpg"},{"@type":"BreadcrumbList","@id":"https:\/\/www.purejewels.com\/product\/22ct-gold-armari-necklace-antique-style-necklace-46737\/#breadcrumb","itemListElement":[{"@type":"ListItem","position":1,"name":"Home","item":"https:\/\/www.purejewels.com\/"},{"@type":"ListItem","position":2,"name":"Shop","item":"https:\/\/www.purejewels.com\/shop\/"},{"@type":"ListItem","position":3,"name":"22ct Gold Armari Necklace | Antique Style"}]},{"@type":"WebSite","@id":"https:\/\/www.purejewels.com\/#website","url":"https:\/\/www.purejewels.com\/","name":"PureJewels UK","description":"Teile die Liebe","publisher":{"@id":"https:\/\/www.purejewels.com\/#organization"},"potentialAction":[{"@type":"SearchAction","target":{"@type":"EntryPoint","urlTemplate":"https:\/\/www.purejewels.com\/?s={search_term_string}"},"query-input":{"@type":"PropertyValueSpecification","valueRequired":true,"valueName":"search_term_string"}}],"inLanguage":"de"},{"@type":"Organization","@id":"https:\/\/www.purejewels.com\/#organization","name":"PureJewels UK","url":"https:\/\/www.purejewels.com\/","logo":{"@type":"ImageObject","inLanguage":"de","@id":"https:\/\/www.purejewels.com\/#\/schema\/logo\/image\/","url":"https:\/\/static.purejewels.com\/wp-content\/uploads\/2020\/11\/Logo-PJ-New-1.png","contentUrl":"https:\/\/static.purejewels.com\/wp-content\/uploads\/2020\/11\/Logo-PJ-New-1.png","width":150,"height":80,"caption":"PureJewels UK"},"image":{"@id":"https:\/\/www.purejewels.com\/#\/schema\/logo\/image\/"}}]}},"_links":{"self":[{"href":"https:\/\/www.purejewels.com\/de\/wp-json\/wp\/v2\/product\/344782","targetHints":{"allow":["GET"]}}],"collection":[{"href":"https:\/\/www.purejewels.com\/de\/wp-json\/wp\/v2\/product"}],"about":[{"href":"https:\/\/www.purejewels.com\/de\/wp-json\/wp\/v2\/types\/product"}],"replies":[{"embeddable":true,"href":"https:\/\/www.purejewels.com\/de\/wp-json\/wp\/v2\/comments?post=344782"}],"version-history":[{"count":3,"href":"https:\/\/www.purejewels.com\/de\/wp-json\/wp\/v2\/product\/344782\/revisions"}],"predecessor-version":[{"id":414902,"href":"https:\/\/www.purejewels.com\/de\/wp-json\/wp\/v2\/product\/344782\/revisions\/414902"}],"wp:featuredmedia":[{"embeddable":true,"href":"https:\/\/www.purejewels.com\/de\/wp-json\/wp\/v2\/media\/349187"}],"wp:attachment":[{"href":"https:\/\/www.purejewels.com\/de\/wp-json\/wp\/v2\/media?parent=344782"}],"wp:term":[{"taxonomy":"product_brand","embeddable":true,"href":"https:\/\/www.purejewels.com\/de\/wp-json\/wp\/v2\/product_brand?post=344782"},{"taxonomy":"product_cat","embeddable":true,"href":"https:\/\/www.purejewels.com\/de\/wp-json\/wp\/v2\/product_cat?post=344782"},{"taxonomy":"product_tag","embeddable":true,"href":"https:\/\/www.purejewels.com\/de\/wp-json\/wp\/v2\/product_tag?post=344782"}],"curies":[{"name":"wp","href":"https:\/\/api.w.org\/{rel}","templated":true}]}}