{"id":345001,"date":"2023-12-01T08:17:11","date_gmt":"2023-12-01T08:17:11","guid":{"rendered":"https:\/\/www.purejewels.com\/?post_type=product&#038;p=345001"},"modified":"2026-01-16T13:13:34","modified_gmt":"2026-01-16T13:13:34","slug":"anhanger-in-herzform-49464","status":"publish","type":"product","link":"https:\/\/www.purejewels.com\/de\/product\/heart-shaped-pendant-49464\/","title":{"rendered":"Herzf\u00f6rmiger Anh\u00e4nger"},"content":{"rendered":"<div class=\"flex max-w-full flex-col grow\">\n<div class=\"min-h-8 text-message relative flex w-full flex-col items-end gap-2 text-start break-words whitespace-normal [.text-message+&amp;]:mt-1\" dir=\"auto\" data-message-author-role=\"assistant\" data-message-id=\"8bbacff1-28e1-4515-960f-d757186cd4f0\" data-message-model-slug=\"gpt-5-2\">\n<div class=\"flex w-full flex-col gap-1 empty:hidden first:pt-[1px]\">\n<div class=\"markdown prose dark:prose-invert w-full break-words light markdown-new-styling\">\n<p data-start=\"364\" data-end=\"832\"><strong data-start=\"364\" data-end=\"382\">Design Concept<\/strong><br data-start=\"382\" data-end=\"385\" \/>This heart shaped pendant is designed as a modern symbol of love, placing it naturally among the most meaningful Valentine\u2019s Day gift ideas. The softly sculpted heart features flowing contours that create movement and depth, expressing affection without excess. Crafted in Sunrise Gold, the design carries warmth and emotion, making it an ideal Valentine\u2019s Day gift for her that feels personal, elegant and enduring rather than ornamental.<\/p>\n<p data-start=\"834\" data-end=\"1308\"><strong data-start=\"834\" data-end=\"851\">Craftsmanship<\/strong><br data-start=\"851\" data-end=\"854\" \/>Handcrafted in <a href=\"https:\/\/www.purejewels.com\/de\/product\/22ct-gold-jali-filigree-ring-jali-collection-31926\/\">22ct<\/a> Sunrise Gold, this pendant reflects PureJewels\u2019 signature alloy known for its rich tone and refined finish. The smooth curves are carefully shaped to ensure balance, comfort and a gentle feel against the skin. Polished surfaces enhance the natural glow of high purity gold, while the design remains lightweight for everyday wear. Each piece is hallmarked in the UK for purity certification, ensuring trusted craftsmanship and quality.<\/p>\n<p data-start=\"1310\" data-end=\"1817\" data-is-last-node=\"\" data-is-only-node=\"\"><strong data-start=\"1310\" data-end=\"1331\">Styling &amp; Gifting<\/strong><br data-start=\"1331\" data-end=\"1334\" \/>Designed as a versatile Valentine\u2019s Day gift for her, this pendant can be worn on a fine gold chain close to the heart for daily elegance. It pairs effortlessly with simple gold studs or delicate bracelets, and also layers beautifully with other <a href=\"https:\/\/www.purejewels.com\/de\/product-category\/22ct-gold-jewellery\/gold-necklaces\/\">necklaces<\/a> for a contemporary look. Perfect for Valentine\u2019s Day, anniversaries or heartfelt moments, it is a timeless piece chosen from enduring Valentine\u2019s Day gift ideas, created to be worn often and treasured for years to come.<\/p>\n<\/div>\n<\/div>\n<\/div>\n<\/div>\n<div class=\"z-0 flex min-h-[46px] justify-start\"><\/div>\n<div class=\"border-token-border-light my-2 flex gap-10 border-t pt-4\">\n<div class=\"flex items-center justify-center overflow-hidden h-12 w-12 rounded-lg\"><\/div>\n<\/div>\n","protected":false},"excerpt":{"rendered":"<p>Dieser herzf\u00f6rmige Sunrise Gold-Anh\u00e4nger ist ein raffinierter Ausdruck von Liebe und W\u00e4rme und damit ein wundersch\u00f6nes Valentinstagsgeschenk f\u00fcr sie. Mit seinem durchdachten Design aus leuchtendem 22-kar\u00e4tigem Gold hebt er sich unter den zeitlosen Geschenkideen zum Valentinstag hervor, die \u00fcber den Moment hinaus in Ehren gehalten werden.<\/p>\n<p><strong>Material:\u00a0<\/strong>22 Karat Sunrise Gold (91,61 TP5T Feingold)<br \/>\n<strong>Wahrzeichen:\u00a0<\/strong>Britisches G\u00fctesiegel<br \/>\n<strong>Bruttogewicht: <\/strong>1.4 Gms<br \/>\n<strong>SKU:<\/strong> 49464<\/p>\n<p><strong>Preis und Lieferung:\u00a0<\/strong>Inklusive Mehrwertsteuer und Lieferkosten<br \/>\nKette nicht enthalten.<br \/>\n<strong><a href=\"https:\/\/www.purejewels.com\/de\/ruckgabepolitik\/\">R\u00fcckgabepolitik<\/a><\/strong><\/p>","protected":false},"featured_media":385815,"comment_status":"closed","ping_status":"closed","template":"","meta":{"_eb_attr":"","_crsspst_to_jayantr4sg-hostcom":false},"product_brand":[],"product_cat":[1791,1559,1794,1793,1770,1792,1790,1229,1255,5683,5343,1767,1569,1573,1574],"product_tag":[],"class_list":{"0":"post-345001","1":"product","2":"type-product","3":"status-publish","4":"has-post-thumbnail","6":"product_cat-anniversary-gifts","7":"product_cat-birthday-gifts","8":"product_cat-christmas-gifts","9":"product_cat-diwali-gifts","10":"product_cat-fancy-pendants","11":"product_cat-festival-gifts","12":"product_cat-for-whom-when","13":"product_cat-22ct-gold-jewellery","14":"product_cat-gold-pendants","15":"product_cat-heart-pendant","16":"product_cat-jewellery-under-550","17":"product_cat-ladies-pendants","18":"product_cat-valentine-day-gifts","19":"product_cat-wedding-gifts","20":"product_cat-womens-jewellery","22":"first","23":"instock","24":"taxable","25":"shipping-taxable","26":"purchasable","27":"product-type-simple","28":"add-to-wishlist-before_image"},"yoast_head":"<!-- This site is optimized with the Yoast SEO plugin v27.4 - https:\/\/yoast.com\/product\/yoast-seo-wordpress\/ -->\n<title>Heart Shaped Pendant in 22ct Sunrise Gold | PureJewels UK<\/title>\n<meta name=\"description\" content=\"Explore our collection of Heart Gold Pendants. Buy this Heart Shaped Pendant online today. Free delivery across UK.\" \/>\n<meta name=\"robots\" content=\"index, follow, max-snippet:-1, max-image-preview:large, max-video-preview:-1\" \/>\n<link rel=\"canonical\" href=\"https:\/\/www.purejewels.com\/de\/produkt-2\/anhanger-in-herzform-49464\/\" \/>\n<meta property=\"og:locale\" content=\"de_DE\" \/>\n<meta property=\"og:type\" content=\"article\" \/>\n<meta property=\"og:title\" content=\"Heart Shaped Pendant in 22ct Sunrise Gold | PureJewels UK\" \/>\n<meta property=\"og:description\" content=\"Explore our collection of Heart Gold Pendants. Buy this Heart Shaped Pendant online today. Free delivery across UK.\" \/>\n<meta property=\"og:url\" content=\"https:\/\/www.purejewels.com\/de\/produkt-2\/anhanger-in-herzform-49464\/\" \/>\n<meta property=\"og:site_name\" content=\"PureJewels UK\" \/>\n<meta property=\"article:modified_time\" content=\"2026-01-16T13:13:34+00:00\" \/>\n<meta property=\"og:image\" content=\"https:\/\/static.purejewels.com\/wp-content\/uploads\/2023\/12\/49464.png\" \/>\n\t<meta property=\"og:image:width\" content=\"1000\" \/>\n\t<meta property=\"og:image:height\" content=\"1000\" \/>\n\t<meta property=\"og:image:type\" content=\"image\/png\" \/>\n<meta name=\"twitter:card\" content=\"summary_large_image\" \/>\n<meta name=\"twitter:label1\" content=\"Gesch\u00e4tzte Lesezeit\" \/>\n\t<meta name=\"twitter:data1\" content=\"2\u00a0Minuten\" \/>\n<script type=\"application\/ld+json\" class=\"yoast-schema-graph\">{\"@context\":\"https:\\\/\\\/schema.org\",\"@graph\":[{\"@type\":[\"WebPage\",\"ItemPage\"],\"@id\":\"https:\\\/\\\/www.purejewels.com\\\/product\\\/heart-shaped-pendant-49464\\\/\",\"url\":\"https:\\\/\\\/www.purejewels.com\\\/product\\\/heart-shaped-pendant-49464\\\/\",\"name\":\"Heart Shaped Pendant in 22ct Sunrise Gold | PureJewels UK\",\"isPartOf\":{\"@id\":\"https:\\\/\\\/www.purejewels.com\\\/#website\"},\"primaryImageOfPage\":{\"@id\":\"https:\\\/\\\/www.purejewels.com\\\/product\\\/heart-shaped-pendant-49464\\\/#primaryimage\"},\"image\":{\"@id\":\"https:\\\/\\\/www.purejewels.com\\\/product\\\/heart-shaped-pendant-49464\\\/#primaryimage\"},\"thumbnailUrl\":\"https:\\\/\\\/static.purejewels.com\\\/wp-content\\\/uploads\\\/2023\\\/12\\\/49464.png\",\"datePublished\":\"2023-12-01T08:17:11+00:00\",\"dateModified\":\"2026-01-16T13:13:34+00:00\",\"description\":\"Explore our collection of Heart Gold Pendants. Buy this Heart Shaped Pendant online today. Free delivery across UK.\",\"breadcrumb\":{\"@id\":\"https:\\\/\\\/www.purejewels.com\\\/product\\\/heart-shaped-pendant-49464\\\/#breadcrumb\"},\"inLanguage\":\"de\",\"potentialAction\":[{\"@type\":\"ReadAction\",\"target\":[\"https:\\\/\\\/www.purejewels.com\\\/product\\\/heart-shaped-pendant-49464\\\/\"]}]},{\"@type\":\"ImageObject\",\"inLanguage\":\"de\",\"@id\":\"https:\\\/\\\/www.purejewels.com\\\/product\\\/heart-shaped-pendant-49464\\\/#primaryimage\",\"url\":\"https:\\\/\\\/static.purejewels.com\\\/wp-content\\\/uploads\\\/2023\\\/12\\\/49464.png\",\"contentUrl\":\"https:\\\/\\\/static.purejewels.com\\\/wp-content\\\/uploads\\\/2023\\\/12\\\/49464.png\",\"width\":1000,\"height\":1000,\"caption\":\"22ct Sunrise Gold Heart Pendant\"},{\"@type\":\"BreadcrumbList\",\"@id\":\"https:\\\/\\\/www.purejewels.com\\\/product\\\/heart-shaped-pendant-49464\\\/#breadcrumb\",\"itemListElement\":[{\"@type\":\"ListItem\",\"position\":1,\"name\":\"Home\",\"item\":\"https:\\\/\\\/www.purejewels.com\\\/\"},{\"@type\":\"ListItem\",\"position\":2,\"name\":\"Shop\",\"item\":\"https:\\\/\\\/www.purejewels.com\\\/shop\\\/\"},{\"@type\":\"ListItem\",\"position\":3,\"name\":\"Heart Shaped Pendant\"}]},{\"@type\":\"WebSite\",\"@id\":\"https:\\\/\\\/www.purejewels.com\\\/#website\",\"url\":\"https:\\\/\\\/www.purejewels.com\\\/\",\"name\":\"PureJewels UK\",\"description\":\"Share the Love\",\"publisher\":{\"@id\":\"https:\\\/\\\/www.purejewels.com\\\/#organization\"},\"potentialAction\":[{\"@type\":\"SearchAction\",\"target\":{\"@type\":\"EntryPoint\",\"urlTemplate\":\"https:\\\/\\\/www.purejewels.com\\\/?s={search_term_string}\"},\"query-input\":{\"@type\":\"PropertyValueSpecification\",\"valueRequired\":true,\"valueName\":\"search_term_string\"}}],\"inLanguage\":\"de\"},{\"@type\":\"Organization\",\"@id\":\"https:\\\/\\\/www.purejewels.com\\\/#organization\",\"name\":\"PureJewels UK\",\"url\":\"https:\\\/\\\/www.purejewels.com\\\/\",\"logo\":{\"@type\":\"ImageObject\",\"inLanguage\":\"de\",\"@id\":\"https:\\\/\\\/www.purejewels.com\\\/#\\\/schema\\\/logo\\\/image\\\/\",\"url\":\"https:\\\/\\\/static.purejewels.com\\\/wp-content\\\/uploads\\\/2020\\\/11\\\/Logo-PJ-New-1.png\",\"contentUrl\":\"https:\\\/\\\/static.purejewels.com\\\/wp-content\\\/uploads\\\/2020\\\/11\\\/Logo-PJ-New-1.png\",\"width\":150,\"height\":80,\"caption\":\"PureJewels UK\"},\"image\":{\"@id\":\"https:\\\/\\\/www.purejewels.com\\\/#\\\/schema\\\/logo\\\/image\\\/\"}}]}<\/script>\n<!-- \/ Yoast SEO plugin. -->","yoast_head_json":{"title":"Herzf\u00f6rmiger Anh\u00e4nger in 22ct Sunrise Gold | PureJewels UK","description":"Entdecken Sie unsere Kollektion von Goldanh\u00e4ngern in Herzform. Kaufen Sie diesen Anh\u00e4nger in Herzform noch heute online. Kostenlose Lieferung in ganz Gro\u00dfbritannien.","robots":{"index":"index","follow":"follow","max-snippet":"max-snippet:-1","max-image-preview":"max-image-preview:large","max-video-preview":"max-video-preview:-1"},"canonical":"https:\/\/www.purejewels.com\/de\/produkt-2\/anhanger-in-herzform-49464\/","og_locale":"de_DE","og_type":"article","og_title":"Heart Shaped Pendant in 22ct Sunrise Gold | PureJewels UK","og_description":"Explore our collection of Heart Gold Pendants. Buy this Heart Shaped Pendant online today. Free delivery across UK.","og_url":"https:\/\/www.purejewels.com\/de\/produkt-2\/anhanger-in-herzform-49464\/","og_site_name":"PureJewels UK","article_modified_time":"2026-01-16T13:13:34+00:00","og_image":[{"width":1000,"height":1000,"url":"https:\/\/static.purejewels.com\/wp-content\/uploads\/2023\/12\/49464.png","type":"image\/png"}],"twitter_card":"summary_large_image","twitter_misc":{"Gesch\u00e4tzte Lesezeit":"2\u00a0Minuten"},"schema":{"@context":"https:\/\/schema.org","@graph":[{"@type":["WebPage","ItemPage"],"@id":"https:\/\/www.purejewels.com\/product\/heart-shaped-pendant-49464\/","url":"https:\/\/www.purejewels.com\/product\/heart-shaped-pendant-49464\/","name":"Herzf\u00f6rmiger Anh\u00e4nger in 22ct Sunrise Gold | PureJewels UK","isPartOf":{"@id":"https:\/\/www.purejewels.com\/#website"},"primaryImageOfPage":{"@id":"https:\/\/www.purejewels.com\/product\/heart-shaped-pendant-49464\/#primaryimage"},"image":{"@id":"https:\/\/www.purejewels.com\/product\/heart-shaped-pendant-49464\/#primaryimage"},"thumbnailUrl":"https:\/\/static.purejewels.com\/wp-content\/uploads\/2023\/12\/49464.png","datePublished":"2023-12-01T08:17:11+00:00","dateModified":"2026-01-16T13:13:34+00:00","description":"Entdecken Sie unsere Kollektion von Goldanh\u00e4ngern in Herzform. Kaufen Sie diesen Anh\u00e4nger in Herzform noch heute online. Kostenlose Lieferung in ganz Gro\u00dfbritannien.","breadcrumb":{"@id":"https:\/\/www.purejewels.com\/product\/heart-shaped-pendant-49464\/#breadcrumb"},"inLanguage":"de","potentialAction":[{"@type":"ReadAction","target":["https:\/\/www.purejewels.com\/product\/heart-shaped-pendant-49464\/"]}]},{"@type":"ImageObject","inLanguage":"de","@id":"https:\/\/www.purejewels.com\/product\/heart-shaped-pendant-49464\/#primaryimage","url":"https:\/\/static.purejewels.com\/wp-content\/uploads\/2023\/12\/49464.png","contentUrl":"https:\/\/static.purejewels.com\/wp-content\/uploads\/2023\/12\/49464.png","width":1000,"height":1000,"caption":"22ct Sunrise Gold Heart Pendant"},{"@type":"BreadcrumbList","@id":"https:\/\/www.purejewels.com\/product\/heart-shaped-pendant-49464\/#breadcrumb","itemListElement":[{"@type":"ListItem","position":1,"name":"Home","item":"https:\/\/www.purejewels.com\/"},{"@type":"ListItem","position":2,"name":"Shop","item":"https:\/\/www.purejewels.com\/shop\/"},{"@type":"ListItem","position":3,"name":"Heart Shaped Pendant"}]},{"@type":"WebSite","@id":"https:\/\/www.purejewels.com\/#website","url":"https:\/\/www.purejewels.com\/","name":"PureJewels UK","description":"Teile die Liebe","publisher":{"@id":"https:\/\/www.purejewels.com\/#organization"},"potentialAction":[{"@type":"SearchAction","target":{"@type":"EntryPoint","urlTemplate":"https:\/\/www.purejewels.com\/?s={search_term_string}"},"query-input":{"@type":"PropertyValueSpecification","valueRequired":true,"valueName":"search_term_string"}}],"inLanguage":"de"},{"@type":"Organization","@id":"https:\/\/www.purejewels.com\/#organization","name":"PureJewels UK","url":"https:\/\/www.purejewels.com\/","logo":{"@type":"ImageObject","inLanguage":"de","@id":"https:\/\/www.purejewels.com\/#\/schema\/logo\/image\/","url":"https:\/\/static.purejewels.com\/wp-content\/uploads\/2020\/11\/Logo-PJ-New-1.png","contentUrl":"https:\/\/static.purejewels.com\/wp-content\/uploads\/2020\/11\/Logo-PJ-New-1.png","width":150,"height":80,"caption":"PureJewels UK"},"image":{"@id":"https:\/\/www.purejewels.com\/#\/schema\/logo\/image\/"}}]}},"_links":{"self":[{"href":"https:\/\/www.purejewels.com\/de\/wp-json\/wp\/v2\/product\/345001","targetHints":{"allow":["GET"]}}],"collection":[{"href":"https:\/\/www.purejewels.com\/de\/wp-json\/wp\/v2\/product"}],"about":[{"href":"https:\/\/www.purejewels.com\/de\/wp-json\/wp\/v2\/types\/product"}],"replies":[{"embeddable":true,"href":"https:\/\/www.purejewels.com\/de\/wp-json\/wp\/v2\/comments?post=345001"}],"version-history":[{"count":4,"href":"https:\/\/www.purejewels.com\/de\/wp-json\/wp\/v2\/product\/345001\/revisions"}],"predecessor-version":[{"id":424407,"href":"https:\/\/www.purejewels.com\/de\/wp-json\/wp\/v2\/product\/345001\/revisions\/424407"}],"wp:featuredmedia":[{"embeddable":true,"href":"https:\/\/www.purejewels.com\/de\/wp-json\/wp\/v2\/media\/385815"}],"wp:attachment":[{"href":"https:\/\/www.purejewels.com\/de\/wp-json\/wp\/v2\/media?parent=345001"}],"wp:term":[{"taxonomy":"product_brand","embeddable":true,"href":"https:\/\/www.purejewels.com\/de\/wp-json\/wp\/v2\/product_brand?post=345001"},{"taxonomy":"product_cat","embeddable":true,"href":"https:\/\/www.purejewels.com\/de\/wp-json\/wp\/v2\/product_cat?post=345001"},{"taxonomy":"product_tag","embeddable":true,"href":"https:\/\/www.purejewels.com\/de\/wp-json\/wp\/v2\/product_tag?post=345001"}],"curies":[{"name":"wp","href":"https:\/\/api.w.org\/{rel}","templated":true}]}}