{"id":345006,"date":"2024-12-20T10:56:14","date_gmt":"2024-12-20T10:56:14","guid":{"rendered":"https:\/\/www.purejewels.com\/?post_type=product&#038;p=345006"},"modified":"2026-02-26T11:46:33","modified_gmt":"2026-02-26T11:46:33","slug":"22-kt-gold-ring-grose-k-jali-sammlung-44500","status":"publish","type":"product","link":"https:\/\/www.purejewels.com\/de\/product\/22ct-gold-ring-size-k-jali-collection-44500\/","title":{"rendered":"22ct Gold Ring Gr\u00f6\u00dfe K | Jali Kollektion"},"content":{"rendered":"<p data-start=\"467\" data-end=\"727\"><strong data-start=\"467\" data-end=\"485\">Designkonzept<\/strong><br data-start=\"485\" data-end=\"488\" \/>Dieser Ring, der auf die reiche Filigrantradition von Kalkutta zur\u00fcckgeht, spiegelt mit seiner k\u00fchnen, langgestreckten Silhouette die alte Sprache des Gitterdesigns wider. Sein durchbrochenes Muster kombiniert geometrische und florale Einfl\u00fcsse und verleiht ihm sowohl Tiefe als auch Leichtigkeit.<\/p>\n<p data-start=\"729\" data-end=\"937\"><strong data-start=\"729\" data-end=\"746\">Handwerkliches K\u00f6nnen<\/strong><br data-start=\"746\" data-end=\"749\" \/>Geformt in <a href=\"https:\/\/www.purejewels.com\/de\/product\/22ct-gold-jali-filigree-ring-jali-collection-31926\/\">22ct<\/a> Der Ring ist mit filigranen Details versehen, die ein Gleichgewicht zwischen St\u00e4rke und Zartheit schaffen. Der in London gepunzte Ring spiegelt sowohl traditionelle Kunst als auch dauerhafte Qualit\u00e4t wider.<\/p>\n<p data-start=\"939\" data-end=\"1206\"><strong data-start=\"939\" data-end=\"955\">Styling-Tipps<\/strong><br data-start=\"955\" data-end=\"958\" \/>Der filigrane Ring ist ein Highlight f\u00fcr traditionelle Anl\u00e4sse und l\u00e4sst sich wunderbar mit Sarees oder anderen traditionellen Schmuckst\u00fccken kombinieren. Seine verschn\u00f6rkelte Form kommt am besten zur Geltung, wenn er mit wenig zus\u00e4tzlichem Schmuck getragen wird, so dass sein kompliziertes Design die Aufmerksamkeit auf sich zieht.<\/p>\n<p>SKU: 44500<br \/>\nGewicht: 6,1 g<br \/>\nBereich ID : JLRG1090<\/p>","protected":false},"excerpt":{"rendered":"<p data-start=\"939\" data-end=\"1206\">Der Filigranring aus der Jali-Kollektion wird in Handarbeit aus 22-kar\u00e4tigem Gold gefertigt und ist von der filigranen Handwerkskunst Kolkatas und alten Designsprachen inspiriert. Der k\u00fchne und filigrane Ring ist ein auff\u00e4lliges Schmuckst\u00fcck, das am besten f\u00fcr kulturelle und feierliche Anl\u00e4sse geeignet ist.<\/p>\n<p><strong>Material:<\/strong>\u00a022ct Gold<strong><br \/>\nWahrzeichen:\u00a0<\/strong>Britisches G\u00fctesiegel<strong><br \/>\n<\/strong><strong>Bruttogewicht: <\/strong>6.1 Gms<br \/>\n<strong>Gr\u00f6\u00dfe:<\/strong> K<br \/>\n<strong>SKU:<\/strong> 44500<\/p>","protected":false},"featured_media":345009,"comment_status":"closed","ping_status":"closed","template":"","meta":{"_eb_attr":"","_crsspst_to_jayantr4sg-hostcom":true},"product_brand":[],"product_cat":[6041,236,5701,1229,1235,252,5610,1783,1786,5349],"product_tag":[64],"class_list":{"0":"post-345006","1":"product","2":"type-product","3":"status-publish","4":"has-post-thumbnail","6":"product_cat-cocktail-ring","7":"product_cat-collections","8":"product_cat-eid-jewellery","9":"product_cat-22ct-gold-jewellery","10":"product_cat-gold-rings","11":"product_cat-jali-collections","12":"product_cat-jali-filigree-ring","13":"product_cat-ladies-rings","14":"product_cat-occasional-wear-rings","15":"product_cat-yellow-gold-jewellery","16":"product_tag-rings","18":"first","19":"outofstock","20":"taxable","21":"shipping-taxable","22":"product-type-simple","23":"add-to-wishlist-before_image"},"yoast_head":"<!-- This site is optimized with the Yoast SEO plugin v27.3 - https:\/\/yoast.com\/product\/yoast-seo-wordpress\/ -->\n<title>22ct Gold Ring Size K | Jali Collection at Purejewels<\/title>\n<meta name=\"description\" content=\"22ct Gold Jali Collection Ring is the perfect for occasional. This stunning piece of Ring will bring sophistication to any outfit.\" \/>\n<meta name=\"robots\" content=\"index, follow, max-snippet:-1, max-image-preview:large, max-video-preview:-1\" \/>\n<link rel=\"canonical\" href=\"https:\/\/www.purejewels.com\/de\/produkt-2\/22-kt-gold-ring-grose-k-jali-sammlung-44500\/\" \/>\n<meta property=\"og:locale\" content=\"de_DE\" \/>\n<meta property=\"og:type\" content=\"article\" \/>\n<meta property=\"og:title\" content=\"22ct Gold Ring Size K | Jali Collection at Purejewels\" \/>\n<meta property=\"og:description\" content=\"22ct Gold Jali Collection Ring is the perfect for occasional. This stunning piece of Ring will bring sophistication to any outfit.\" \/>\n<meta property=\"og:url\" content=\"https:\/\/www.purejewels.com\/de\/produkt-2\/22-kt-gold-ring-grose-k-jali-sammlung-44500\/\" \/>\n<meta property=\"og:site_name\" content=\"PureJewels UK\" \/>\n<meta property=\"article:modified_time\" content=\"2026-02-26T11:46:33+00:00\" \/>\n<meta property=\"og:image\" content=\"https:\/\/static.purejewels.com\/wp-content\/uploads\/2023\/03\/44500-1.jpg\" \/>\n\t<meta property=\"og:image:width\" content=\"1\" \/>\n\t<meta property=\"og:image:height\" content=\"1\" \/>\n\t<meta property=\"og:image:type\" content=\"image\/jpeg\" \/>\n<meta name=\"twitter:card\" content=\"summary_large_image\" \/>\n<meta name=\"twitter:label1\" content=\"Gesch\u00e4tzte Lesezeit\" \/>\n\t<meta name=\"twitter:data1\" content=\"1\u00a0Minute\" \/>\n<script type=\"application\/ld+json\" class=\"yoast-schema-graph\">{\"@context\":\"https:\\\/\\\/schema.org\",\"@graph\":[{\"@type\":[\"WebPage\",\"ItemPage\"],\"@id\":\"https:\\\/\\\/www.purejewels.com\\\/product\\\/22ct-gold-ring-size-k-jali-collection-44500\\\/\",\"url\":\"https:\\\/\\\/www.purejewels.com\\\/product\\\/22ct-gold-ring-size-k-jali-collection-44500\\\/\",\"name\":\"22ct Gold Ring Size K | Jali Collection at Purejewels\",\"isPartOf\":{\"@id\":\"https:\\\/\\\/www.purejewels.com\\\/#website\"},\"primaryImageOfPage\":{\"@id\":\"https:\\\/\\\/www.purejewels.com\\\/product\\\/22ct-gold-ring-size-k-jali-collection-44500\\\/#primaryimage\"},\"image\":{\"@id\":\"https:\\\/\\\/www.purejewels.com\\\/product\\\/22ct-gold-ring-size-k-jali-collection-44500\\\/#primaryimage\"},\"thumbnailUrl\":\"https:\\\/\\\/static.purejewels.com\\\/wp-content\\\/uploads\\\/2023\\\/03\\\/44500-1.jpg\",\"datePublished\":\"2024-12-20T10:56:14+00:00\",\"dateModified\":\"2026-02-26T11:46:33+00:00\",\"description\":\"22ct Gold Jali Collection Ring is the perfect for occasional. This stunning piece of Ring will bring sophistication to any outfit.\",\"breadcrumb\":{\"@id\":\"https:\\\/\\\/www.purejewels.com\\\/product\\\/22ct-gold-ring-size-k-jali-collection-44500\\\/#breadcrumb\"},\"inLanguage\":\"de\",\"potentialAction\":[{\"@type\":\"ReadAction\",\"target\":[\"https:\\\/\\\/www.purejewels.com\\\/product\\\/22ct-gold-ring-size-k-jali-collection-44500\\\/\"]}]},{\"@type\":\"ImageObject\",\"inLanguage\":\"de\",\"@id\":\"https:\\\/\\\/www.purejewels.com\\\/product\\\/22ct-gold-ring-size-k-jali-collection-44500\\\/#primaryimage\",\"url\":\"https:\\\/\\\/static.purejewels.com\\\/wp-content\\\/uploads\\\/2023\\\/03\\\/44500-1.jpg\",\"contentUrl\":\"https:\\\/\\\/static.purejewels.com\\\/wp-content\\\/uploads\\\/2023\\\/03\\\/44500-1.jpg\",\"caption\":\"22ct Gold Ring Size K | Jali Collection\"},{\"@type\":\"BreadcrumbList\",\"@id\":\"https:\\\/\\\/www.purejewels.com\\\/product\\\/22ct-gold-ring-size-k-jali-collection-44500\\\/#breadcrumb\",\"itemListElement\":[{\"@type\":\"ListItem\",\"position\":1,\"name\":\"Home\",\"item\":\"https:\\\/\\\/www.purejewels.com\\\/\"},{\"@type\":\"ListItem\",\"position\":2,\"name\":\"Shop\",\"item\":\"https:\\\/\\\/www.purejewels.com\\\/shop\\\/\"},{\"@type\":\"ListItem\",\"position\":3,\"name\":\"22ct Gold Ring Size K | Jali Collection\"}]},{\"@type\":\"WebSite\",\"@id\":\"https:\\\/\\\/www.purejewels.com\\\/#website\",\"url\":\"https:\\\/\\\/www.purejewels.com\\\/\",\"name\":\"PureJewels UK\",\"description\":\"Share the Love\",\"publisher\":{\"@id\":\"https:\\\/\\\/www.purejewels.com\\\/#organization\"},\"potentialAction\":[{\"@type\":\"SearchAction\",\"target\":{\"@type\":\"EntryPoint\",\"urlTemplate\":\"https:\\\/\\\/www.purejewels.com\\\/?s={search_term_string}\"},\"query-input\":{\"@type\":\"PropertyValueSpecification\",\"valueRequired\":true,\"valueName\":\"search_term_string\"}}],\"inLanguage\":\"de\"},{\"@type\":\"Organization\",\"@id\":\"https:\\\/\\\/www.purejewels.com\\\/#organization\",\"name\":\"PureJewels UK\",\"url\":\"https:\\\/\\\/www.purejewels.com\\\/\",\"logo\":{\"@type\":\"ImageObject\",\"inLanguage\":\"de\",\"@id\":\"https:\\\/\\\/www.purejewels.com\\\/#\\\/schema\\\/logo\\\/image\\\/\",\"url\":\"https:\\\/\\\/static.purejewels.com\\\/wp-content\\\/uploads\\\/2020\\\/11\\\/Logo-PJ-New-1.png\",\"contentUrl\":\"https:\\\/\\\/static.purejewels.com\\\/wp-content\\\/uploads\\\/2020\\\/11\\\/Logo-PJ-New-1.png\",\"width\":150,\"height\":80,\"caption\":\"PureJewels UK\"},\"image\":{\"@id\":\"https:\\\/\\\/www.purejewels.com\\\/#\\\/schema\\\/logo\\\/image\\\/\"}}]}<\/script>\n<!-- \/ Yoast SEO plugin. -->","yoast_head_json":{"title":"22ct Gold Ring Gr\u00f6\u00dfe K | Jali Kollektion bei Purejewels","description":"22ct Gold Jali Collection Ring ist die perfekte f\u00fcr gelegentlich. Dieses atemberaubende St\u00fcck Ring wird Raffinesse zu jedem Outfit bringen.","robots":{"index":"index","follow":"follow","max-snippet":"max-snippet:-1","max-image-preview":"max-image-preview:large","max-video-preview":"max-video-preview:-1"},"canonical":"https:\/\/www.purejewels.com\/de\/produkt-2\/22-kt-gold-ring-grose-k-jali-sammlung-44500\/","og_locale":"de_DE","og_type":"article","og_title":"22ct Gold Ring Size K | Jali Collection at Purejewels","og_description":"22ct Gold Jali Collection Ring is the perfect for occasional. This stunning piece of Ring will bring sophistication to any outfit.","og_url":"https:\/\/www.purejewels.com\/de\/produkt-2\/22-kt-gold-ring-grose-k-jali-sammlung-44500\/","og_site_name":"PureJewels UK","article_modified_time":"2026-02-26T11:46:33+00:00","og_image":[{"url":"https:\/\/static.purejewels.com\/wp-content\/uploads\/2023\/03\/44500-1.jpg","width":1,"height":1,"type":"image\/jpeg"}],"twitter_card":"summary_large_image","twitter_misc":{"Gesch\u00e4tzte Lesezeit":"1\u00a0Minute"},"schema":{"@context":"https:\/\/schema.org","@graph":[{"@type":["WebPage","ItemPage"],"@id":"https:\/\/www.purejewels.com\/product\/22ct-gold-ring-size-k-jali-collection-44500\/","url":"https:\/\/www.purejewels.com\/product\/22ct-gold-ring-size-k-jali-collection-44500\/","name":"22ct Gold Ring Gr\u00f6\u00dfe K | Jali Kollektion bei Purejewels","isPartOf":{"@id":"https:\/\/www.purejewels.com\/#website"},"primaryImageOfPage":{"@id":"https:\/\/www.purejewels.com\/product\/22ct-gold-ring-size-k-jali-collection-44500\/#primaryimage"},"image":{"@id":"https:\/\/www.purejewels.com\/product\/22ct-gold-ring-size-k-jali-collection-44500\/#primaryimage"},"thumbnailUrl":"https:\/\/static.purejewels.com\/wp-content\/uploads\/2023\/03\/44500-1.jpg","datePublished":"2024-12-20T10:56:14+00:00","dateModified":"2026-02-26T11:46:33+00:00","description":"22ct Gold Jali Collection Ring ist die perfekte f\u00fcr gelegentlich. Dieses atemberaubende St\u00fcck Ring wird Raffinesse zu jedem Outfit bringen.","breadcrumb":{"@id":"https:\/\/www.purejewels.com\/product\/22ct-gold-ring-size-k-jali-collection-44500\/#breadcrumb"},"inLanguage":"de","potentialAction":[{"@type":"ReadAction","target":["https:\/\/www.purejewels.com\/product\/22ct-gold-ring-size-k-jali-collection-44500\/"]}]},{"@type":"ImageObject","inLanguage":"de","@id":"https:\/\/www.purejewels.com\/product\/22ct-gold-ring-size-k-jali-collection-44500\/#primaryimage","url":"https:\/\/static.purejewels.com\/wp-content\/uploads\/2023\/03\/44500-1.jpg","contentUrl":"https:\/\/static.purejewels.com\/wp-content\/uploads\/2023\/03\/44500-1.jpg","caption":"22ct Gold Ring Size K | Jali Collection"},{"@type":"BreadcrumbList","@id":"https:\/\/www.purejewels.com\/product\/22ct-gold-ring-size-k-jali-collection-44500\/#breadcrumb","itemListElement":[{"@type":"ListItem","position":1,"name":"Home","item":"https:\/\/www.purejewels.com\/"},{"@type":"ListItem","position":2,"name":"Shop","item":"https:\/\/www.purejewels.com\/shop\/"},{"@type":"ListItem","position":3,"name":"22ct Gold Ring Size K | Jali Collection"}]},{"@type":"WebSite","@id":"https:\/\/www.purejewels.com\/#website","url":"https:\/\/www.purejewels.com\/","name":"PureJewels UK","description":"Teile die Liebe","publisher":{"@id":"https:\/\/www.purejewels.com\/#organization"},"potentialAction":[{"@type":"SearchAction","target":{"@type":"EntryPoint","urlTemplate":"https:\/\/www.purejewels.com\/?s={search_term_string}"},"query-input":{"@type":"PropertyValueSpecification","valueRequired":true,"valueName":"search_term_string"}}],"inLanguage":"de"},{"@type":"Organization","@id":"https:\/\/www.purejewels.com\/#organization","name":"PureJewels UK","url":"https:\/\/www.purejewels.com\/","logo":{"@type":"ImageObject","inLanguage":"de","@id":"https:\/\/www.purejewels.com\/#\/schema\/logo\/image\/","url":"https:\/\/static.purejewels.com\/wp-content\/uploads\/2020\/11\/Logo-PJ-New-1.png","contentUrl":"https:\/\/static.purejewels.com\/wp-content\/uploads\/2020\/11\/Logo-PJ-New-1.png","width":150,"height":80,"caption":"PureJewels UK"},"image":{"@id":"https:\/\/www.purejewels.com\/#\/schema\/logo\/image\/"}}]}},"_links":{"self":[{"href":"https:\/\/www.purejewels.com\/de\/wp-json\/wp\/v2\/product\/345006","targetHints":{"allow":["GET"]}}],"collection":[{"href":"https:\/\/www.purejewels.com\/de\/wp-json\/wp\/v2\/product"}],"about":[{"href":"https:\/\/www.purejewels.com\/de\/wp-json\/wp\/v2\/types\/product"}],"replies":[{"embeddable":true,"href":"https:\/\/www.purejewels.com\/de\/wp-json\/wp\/v2\/comments?post=345006"}],"version-history":[{"count":5,"href":"https:\/\/www.purejewels.com\/de\/wp-json\/wp\/v2\/product\/345006\/revisions"}],"predecessor-version":[{"id":415945,"href":"https:\/\/www.purejewels.com\/de\/wp-json\/wp\/v2\/product\/345006\/revisions\/415945"}],"wp:featuredmedia":[{"embeddable":true,"href":"https:\/\/www.purejewels.com\/de\/wp-json\/wp\/v2\/media\/345009"}],"wp:attachment":[{"href":"https:\/\/www.purejewels.com\/de\/wp-json\/wp\/v2\/media?parent=345006"}],"wp:term":[{"taxonomy":"product_brand","embeddable":true,"href":"https:\/\/www.purejewels.com\/de\/wp-json\/wp\/v2\/product_brand?post=345006"},{"taxonomy":"product_cat","embeddable":true,"href":"https:\/\/www.purejewels.com\/de\/wp-json\/wp\/v2\/product_cat?post=345006"},{"taxonomy":"product_tag","embeddable":true,"href":"https:\/\/www.purejewels.com\/de\/wp-json\/wp\/v2\/product_tag?post=345006"}],"curies":[{"name":"wp","href":"https:\/\/api.w.org\/{rel}","templated":true}]}}