{"id":345206,"date":"2023-07-11T07:30:38","date_gmt":"2023-07-11T06:30:38","guid":{"rendered":"https:\/\/www.purejewels.com\/?post_type=product&#038;p=345206"},"modified":"2026-04-09T05:48:43","modified_gmt":"2026-04-09T04:48:43","slug":"22ct-gold-damen-poncha-mit-perle-44309","status":"publish","type":"product","link":"https:\/\/www.purejewels.com\/de\/product\/22ct-gold-ladies-poncha-with-pearl-44309\/","title":{"rendered":"22ct Gold Damen Poncha mit Perle"},"content":{"rendered":"<ul>\n<li>SKU 44309<\/li>\n<li><b>Bereich ID. <\/b>YGPO012<\/li>\n<li>\n<h3>22ct Gold Poncha mit Perle<\/h3>\n<p>Erh\u00f6hen Sie Ihr Handgelenk mit unserem exquisiten <a href=\"https:\/\/www.purejewels.com\/de\/product\/22ct-gold-jali-filigree-ring-jali-collection-31926\/\">22ct<\/a> Gold Poncha mit einer schimmernden S\u00fc\u00dfwasserperle verziert. Dieses mit Pr\u00e4zision und Leidenschaft gefertigte, elegante St\u00fcck misst 7 Zoll und ist so konzipiert, dass es sich mit Anmut und Raffinesse um Ihr Handgelenk schmiegt.<\/p>\n<p>Die Poncha, ein traditionelles Schmuckst\u00fcck, das Sch\u00f6nheit und Anmut symbolisiert, ist sorgf\u00e4ltig aus 22 Karat Echtgold gefertigt und strahlt W\u00e4rme und Opulenz aus. In ihrem Zentrum verleiht eine schimmernde S\u00fc\u00dfwasserperle einen Hauch von zeitloser Eleganz und f\u00e4ngt die Essenz von Reinheit und Raffinesse ein.<\/p>\n<p>Dieser goldene Poncha mit Perle eignet sich sowohl f\u00fcr formelle Anl\u00e4sse als auch f\u00fcr den Alltag und ist ein vielseitiges Accessoire, das Ihren Stil m\u00fchelos unterstreicht. Ob allein oder in Kombination mit anderen Armb\u00e4ndern getragen, verleiht er jedem Ensemble einen Hauch von Luxus.<\/p>\n<p>Erfreuen Sie sich an der exquisiten Sch\u00f6nheit unserer Poncha aus 22 Karat Gold mit Perle. Ob als Geschenk f\u00fcr einen geliebten Menschen oder als wertvolle Erg\u00e4nzung zu Ihrer eigenen Sammlung - sie ist ein Symbol f\u00fcr Raffinesse und Anmut, das Sie noch viele Jahre lang in Ehren halten werden.<\/li>\n<\/ul>","protected":false},"excerpt":{"rendered":"<div class=\"woocommerce-product-details__short-description\">\n<table class=\"sh_desc\">\n<tbody>\n<tr>\n<td>Art des Armreifs<\/td>\n<td>Poncha<\/td>\n<\/tr>\n<tr>\n<td>SKU<\/td>\n<td>44309<\/td>\n<\/tr>\n<tr>\n<td>Gewicht<\/td>\n<td>6 Gramm<\/td>\n<\/tr>\n<tr>\n<td>Metall<\/td>\n<td>22ct Gold<\/td>\n<\/tr>\n<tr>\n<td>Entgelte<\/td>\n<td>Lieferung und Mehrwertsteuer inbegriffen<\/td>\n<\/tr>\n<tr>\n<td>Verpackung<\/td>\n<td>Mit Pr\u00e4sentationsbox<\/td>\n<\/tr>\n<tr>\n<td>Mehr Informationen<\/td>\n<td>Live-Chat mit uns f\u00fcr Verf\u00fcgbarkeit und mehr Bilder<\/td>\n<\/tr>\n<\/tbody>\n<\/table>\n<\/div>\n<div class=\"btn-atc atc-slide\"><\/div>\n<div class=\"product_meta\"><\/div>","protected":false},"featured_media":348649,"comment_status":"closed","ping_status":"closed","template":"","meta":{"_eb_attr":"","_crsspst_to_jayantr4sg-hostcom":false},"product_brand":[],"product_cat":[1791,6009,5701,1718,5456,1573,1574,5349],"product_tag":[],"class_list":{"0":"post-345206","1":"product","2":"type-product","3":"status-publish","4":"has-post-thumbnail","6":"product_cat-anniversary-gifts","7":"product_cat-bracelet-poncha","8":"product_cat-eid-jewellery","9":"product_cat-ladies-poncha","10":"product_cat-pearl-collection","11":"product_cat-wedding-gifts","12":"product_cat-womens-jewellery","13":"product_cat-yellow-gold-jewellery","15":"first","16":"outofstock","17":"taxable","18":"shipping-taxable","19":"product-type-simple","20":"add-to-wishlist-before_image"},"yoast_head":"<!-- This site is optimized with the Yoast SEO plugin v27.5 - https:\/\/yoast.com\/product\/yoast-seo-wordpress\/ -->\n<title>Shop 22ct Gold Ladies Poncha with Pearls online in UK<\/title>\n<meta name=\"description\" content=\"22ct Gold Ladies Poncha are perfect for adding a touch of luxury to Women. Made from 22ct Gold with freshwater Pearl. Buy this poncha online today!\" \/>\n<meta name=\"robots\" content=\"index, follow, max-snippet:-1, max-image-preview:large, max-video-preview:-1\" \/>\n<link rel=\"canonical\" href=\"https:\/\/www.purejewels.com\/de\/produkt-2\/22ct-gold-damen-poncha-mit-perle-44309\/\" \/>\n<meta property=\"og:locale\" content=\"de_DE\" \/>\n<meta property=\"og:type\" content=\"article\" \/>\n<meta property=\"og:title\" content=\"Shop 22ct Gold Ladies Poncha with Pearls online in UK\" \/>\n<meta property=\"og:description\" content=\"22ct Gold Ladies Poncha are perfect for adding a touch of luxury to Women. Made from 22ct Gold with freshwater Pearl. Buy this poncha online today!\" \/>\n<meta property=\"og:url\" content=\"https:\/\/www.purejewels.com\/de\/produkt-2\/22ct-gold-damen-poncha-mit-perle-44309\/\" \/>\n<meta property=\"og:site_name\" content=\"PureJewels UK\" \/>\n<meta property=\"article:modified_time\" content=\"2026-04-09T04:48:43+00:00\" \/>\n<meta property=\"og:image\" content=\"https:\/\/static.purejewels.com\/wp-content\/uploads\/2023\/03\/44309-1.jpg\" \/>\n\t<meta property=\"og:image:width\" content=\"1000\" \/>\n\t<meta property=\"og:image:height\" content=\"1000\" \/>\n\t<meta property=\"og:image:type\" content=\"image\/jpeg\" \/>\n<meta name=\"twitter:card\" content=\"summary_large_image\" \/>\n<meta name=\"twitter:label1\" content=\"Gesch\u00e4tzte Lesezeit\" \/>\n\t<meta name=\"twitter:data1\" content=\"1\u00a0Minute\" \/>\n<script type=\"application\/ld+json\" class=\"yoast-schema-graph\">{\"@context\":\"https:\\\/\\\/schema.org\",\"@graph\":[{\"@type\":[\"WebPage\",\"ItemPage\"],\"@id\":\"https:\\\/\\\/www.purejewels.com\\\/product\\\/22ct-gold-ladies-poncha-with-pearl-44309\\\/\",\"url\":\"https:\\\/\\\/www.purejewels.com\\\/product\\\/22ct-gold-ladies-poncha-with-pearl-44309\\\/\",\"name\":\"Shop 22ct Gold Ladies Poncha with Pearls online in UK\",\"isPartOf\":{\"@id\":\"https:\\\/\\\/www.purejewels.com\\\/#website\"},\"primaryImageOfPage\":{\"@id\":\"https:\\\/\\\/www.purejewels.com\\\/product\\\/22ct-gold-ladies-poncha-with-pearl-44309\\\/#primaryimage\"},\"image\":{\"@id\":\"https:\\\/\\\/www.purejewels.com\\\/product\\\/22ct-gold-ladies-poncha-with-pearl-44309\\\/#primaryimage\"},\"thumbnailUrl\":\"https:\\\/\\\/static.purejewels.com\\\/wp-content\\\/uploads\\\/2023\\\/03\\\/44309-1.jpg\",\"datePublished\":\"2023-07-11T06:30:38+00:00\",\"dateModified\":\"2026-04-09T04:48:43+00:00\",\"description\":\"22ct Gold Ladies Poncha are perfect for adding a touch of luxury to Women. Made from 22ct Gold with freshwater Pearl. Buy this poncha online today!\",\"breadcrumb\":{\"@id\":\"https:\\\/\\\/www.purejewels.com\\\/product\\\/22ct-gold-ladies-poncha-with-pearl-44309\\\/#breadcrumb\"},\"inLanguage\":\"de\",\"potentialAction\":[{\"@type\":\"ReadAction\",\"target\":[\"https:\\\/\\\/www.purejewels.com\\\/product\\\/22ct-gold-ladies-poncha-with-pearl-44309\\\/\"]}]},{\"@type\":\"ImageObject\",\"inLanguage\":\"de\",\"@id\":\"https:\\\/\\\/www.purejewels.com\\\/product\\\/22ct-gold-ladies-poncha-with-pearl-44309\\\/#primaryimage\",\"url\":\"https:\\\/\\\/static.purejewels.com\\\/wp-content\\\/uploads\\\/2023\\\/03\\\/44309-1.jpg\",\"contentUrl\":\"https:\\\/\\\/static.purejewels.com\\\/wp-content\\\/uploads\\\/2023\\\/03\\\/44309-1.jpg\",\"width\":1000,\"height\":1000,\"caption\":\"22ct Gold Ladies Poncha with Pearl\"},{\"@type\":\"BreadcrumbList\",\"@id\":\"https:\\\/\\\/www.purejewels.com\\\/product\\\/22ct-gold-ladies-poncha-with-pearl-44309\\\/#breadcrumb\",\"itemListElement\":[{\"@type\":\"ListItem\",\"position\":1,\"name\":\"Home\",\"item\":\"https:\\\/\\\/www.purejewels.com\\\/\"},{\"@type\":\"ListItem\",\"position\":2,\"name\":\"Shop\",\"item\":\"https:\\\/\\\/www.purejewels.com\\\/shop\\\/\"},{\"@type\":\"ListItem\",\"position\":3,\"name\":\"22ct Gold Ladies Poncha with Pearl\"}]},{\"@type\":\"WebSite\",\"@id\":\"https:\\\/\\\/www.purejewels.com\\\/#website\",\"url\":\"https:\\\/\\\/www.purejewels.com\\\/\",\"name\":\"PureJewels UK\",\"description\":\"Share the Love\",\"publisher\":{\"@id\":\"https:\\\/\\\/www.purejewels.com\\\/#organization\"},\"potentialAction\":[{\"@type\":\"SearchAction\",\"target\":{\"@type\":\"EntryPoint\",\"urlTemplate\":\"https:\\\/\\\/www.purejewels.com\\\/?s={search_term_string}\"},\"query-input\":{\"@type\":\"PropertyValueSpecification\",\"valueRequired\":true,\"valueName\":\"search_term_string\"}}],\"inLanguage\":\"de\"},{\"@type\":\"Organization\",\"@id\":\"https:\\\/\\\/www.purejewels.com\\\/#organization\",\"name\":\"PureJewels UK\",\"url\":\"https:\\\/\\\/www.purejewels.com\\\/\",\"logo\":{\"@type\":\"ImageObject\",\"inLanguage\":\"de\",\"@id\":\"https:\\\/\\\/www.purejewels.com\\\/#\\\/schema\\\/logo\\\/image\\\/\",\"url\":\"https:\\\/\\\/static.purejewels.com\\\/wp-content\\\/uploads\\\/2020\\\/11\\\/Logo-PJ-New-1.png\",\"contentUrl\":\"https:\\\/\\\/static.purejewels.com\\\/wp-content\\\/uploads\\\/2020\\\/11\\\/Logo-PJ-New-1.png\",\"width\":150,\"height\":80,\"caption\":\"PureJewels UK\"},\"image\":{\"@id\":\"https:\\\/\\\/www.purejewels.com\\\/#\\\/schema\\\/logo\\\/image\\\/\"}}]}<\/script>\n<!-- \/ Yoast SEO plugin. -->","yoast_head_json":{"title":"Shop 22ct Gold Damen Poncha mit Perlen online in UK","description":"22ct Gold Damen Poncha sind perfekt f\u00fcr einen Hauch von Luxus f\u00fcr Frauen. Hergestellt aus 22 Karat Gold mit S\u00fc\u00dfwasserperlen. Kaufen Sie diese Poncha noch heute online!","robots":{"index":"index","follow":"follow","max-snippet":"max-snippet:-1","max-image-preview":"max-image-preview:large","max-video-preview":"max-video-preview:-1"},"canonical":"https:\/\/www.purejewels.com\/de\/produkt-2\/22ct-gold-damen-poncha-mit-perle-44309\/","og_locale":"de_DE","og_type":"article","og_title":"Shop 22ct Gold Ladies Poncha with Pearls online in UK","og_description":"22ct Gold Ladies Poncha are perfect for adding a touch of luxury to Women. Made from 22ct Gold with freshwater Pearl. Buy this poncha online today!","og_url":"https:\/\/www.purejewels.com\/de\/produkt-2\/22ct-gold-damen-poncha-mit-perle-44309\/","og_site_name":"PureJewels UK","article_modified_time":"2026-04-09T04:48:43+00:00","og_image":[{"width":1000,"height":1000,"url":"https:\/\/static.purejewels.com\/wp-content\/uploads\/2023\/03\/44309-1.jpg","type":"image\/jpeg"}],"twitter_card":"summary_large_image","twitter_misc":{"Gesch\u00e4tzte Lesezeit":"1\u00a0Minute"},"schema":{"@context":"https:\/\/schema.org","@graph":[{"@type":["WebPage","ItemPage"],"@id":"https:\/\/www.purejewels.com\/product\/22ct-gold-ladies-poncha-with-pearl-44309\/","url":"https:\/\/www.purejewels.com\/product\/22ct-gold-ladies-poncha-with-pearl-44309\/","name":"Shop 22ct Gold Damen Poncha mit Perlen online in UK","isPartOf":{"@id":"https:\/\/www.purejewels.com\/#website"},"primaryImageOfPage":{"@id":"https:\/\/www.purejewels.com\/product\/22ct-gold-ladies-poncha-with-pearl-44309\/#primaryimage"},"image":{"@id":"https:\/\/www.purejewels.com\/product\/22ct-gold-ladies-poncha-with-pearl-44309\/#primaryimage"},"thumbnailUrl":"https:\/\/static.purejewels.com\/wp-content\/uploads\/2023\/03\/44309-1.jpg","datePublished":"2023-07-11T06:30:38+00:00","dateModified":"2026-04-09T04:48:43+00:00","description":"22ct Gold Damen Poncha sind perfekt f\u00fcr einen Hauch von Luxus f\u00fcr Frauen. Hergestellt aus 22 Karat Gold mit S\u00fc\u00dfwasserperlen. Kaufen Sie diese Poncha noch heute online!","breadcrumb":{"@id":"https:\/\/www.purejewels.com\/product\/22ct-gold-ladies-poncha-with-pearl-44309\/#breadcrumb"},"inLanguage":"de","potentialAction":[{"@type":"ReadAction","target":["https:\/\/www.purejewels.com\/product\/22ct-gold-ladies-poncha-with-pearl-44309\/"]}]},{"@type":"ImageObject","inLanguage":"de","@id":"https:\/\/www.purejewels.com\/product\/22ct-gold-ladies-poncha-with-pearl-44309\/#primaryimage","url":"https:\/\/static.purejewels.com\/wp-content\/uploads\/2023\/03\/44309-1.jpg","contentUrl":"https:\/\/static.purejewels.com\/wp-content\/uploads\/2023\/03\/44309-1.jpg","width":1000,"height":1000,"caption":"22ct Gold Ladies Poncha with Pearl"},{"@type":"BreadcrumbList","@id":"https:\/\/www.purejewels.com\/product\/22ct-gold-ladies-poncha-with-pearl-44309\/#breadcrumb","itemListElement":[{"@type":"ListItem","position":1,"name":"Home","item":"https:\/\/www.purejewels.com\/"},{"@type":"ListItem","position":2,"name":"Shop","item":"https:\/\/www.purejewels.com\/shop\/"},{"@type":"ListItem","position":3,"name":"22ct Gold Ladies Poncha with Pearl"}]},{"@type":"WebSite","@id":"https:\/\/www.purejewels.com\/#website","url":"https:\/\/www.purejewels.com\/","name":"PureJewels UK","description":"Teile die Liebe","publisher":{"@id":"https:\/\/www.purejewels.com\/#organization"},"potentialAction":[{"@type":"SearchAction","target":{"@type":"EntryPoint","urlTemplate":"https:\/\/www.purejewels.com\/?s={search_term_string}"},"query-input":{"@type":"PropertyValueSpecification","valueRequired":true,"valueName":"search_term_string"}}],"inLanguage":"de"},{"@type":"Organization","@id":"https:\/\/www.purejewels.com\/#organization","name":"PureJewels UK","url":"https:\/\/www.purejewels.com\/","logo":{"@type":"ImageObject","inLanguage":"de","@id":"https:\/\/www.purejewels.com\/#\/schema\/logo\/image\/","url":"https:\/\/static.purejewels.com\/wp-content\/uploads\/2020\/11\/Logo-PJ-New-1.png","contentUrl":"https:\/\/static.purejewels.com\/wp-content\/uploads\/2020\/11\/Logo-PJ-New-1.png","width":150,"height":80,"caption":"PureJewels UK"},"image":{"@id":"https:\/\/www.purejewels.com\/#\/schema\/logo\/image\/"}}]}},"_links":{"self":[{"href":"https:\/\/www.purejewels.com\/de\/wp-json\/wp\/v2\/product\/345206","targetHints":{"allow":["GET"]}}],"collection":[{"href":"https:\/\/www.purejewels.com\/de\/wp-json\/wp\/v2\/product"}],"about":[{"href":"https:\/\/www.purejewels.com\/de\/wp-json\/wp\/v2\/types\/product"}],"replies":[{"embeddable":true,"href":"https:\/\/www.purejewels.com\/de\/wp-json\/wp\/v2\/comments?post=345206"}],"version-history":[{"count":4,"href":"https:\/\/www.purejewels.com\/de\/wp-json\/wp\/v2\/product\/345206\/revisions"}],"predecessor-version":[{"id":391256,"href":"https:\/\/www.purejewels.com\/de\/wp-json\/wp\/v2\/product\/345206\/revisions\/391256"}],"wp:featuredmedia":[{"embeddable":true,"href":"https:\/\/www.purejewels.com\/de\/wp-json\/wp\/v2\/media\/348649"}],"wp:attachment":[{"href":"https:\/\/www.purejewels.com\/de\/wp-json\/wp\/v2\/media?parent=345206"}],"wp:term":[{"taxonomy":"product_brand","embeddable":true,"href":"https:\/\/www.purejewels.com\/de\/wp-json\/wp\/v2\/product_brand?post=345206"},{"taxonomy":"product_cat","embeddable":true,"href":"https:\/\/www.purejewels.com\/de\/wp-json\/wp\/v2\/product_cat?post=345206"},{"taxonomy":"product_tag","embeddable":true,"href":"https:\/\/www.purejewels.com\/de\/wp-json\/wp\/v2\/product_tag?post=345206"}],"curies":[{"name":"wp","href":"https:\/\/api.w.org\/{rel}","templated":true}]}}