{"id":345216,"date":"2024-12-20T10:35:41","date_gmt":"2024-12-20T10:35:41","guid":{"rendered":"https:\/\/www.purejewels.com\/?post_type=product&#038;p=345216"},"modified":"2026-04-28T13:43:53","modified_gmt":"2026-04-28T12:43:53","slug":"22-kt-gold-ohrring-mit-tropfen-44491","status":"publish","type":"product","link":"https:\/\/www.purejewels.com\/de\/product\/22ct-gold-fancy-drop-earring-44491\/","title":{"rendered":"22ct Gold Texturierte Quastentropfen-Ohrringe"},"content":{"rendered":"<p><strong>Designkonzept<\/strong><br \/>\nInspiriert von der Poesie der Bewegung, zelebrieren diese Ohrringe die Harmonie zwischen Struktur und Fluss. Die fein strukturierte zentrale Form spiegelt ein Gef\u00fchl der Kontinuit\u00e4t wider - wie miteinander verwobene Momente - w\u00e4hrend die zarten Quastenketten Weichheit und Rhythmus hinzuf\u00fcgen. Ein Design, das sowohl in der Tradition verwurzelt als auch m\u00fchelos zeitgen\u00f6ssisch wirkt.<\/p>\n<p><strong>Handwerkliches K\u00f6nnen<\/strong><br \/>\nSorgf\u00e4ltig hergestellt in <a href=\"https:\/\/www.purejewels.com\/de\/product\/22ct-gold-jali-filigree-ring-jali-collection-31926\/\">22ct<\/a> Die Ohrringe sind mit einer detaillierten Textur versehen, die die Meisterschaft der Goldschmiedekunst unterstreicht. Jedes Element ist sorgf\u00e4ltig zusammengesetzt, um Balance, Komfort und anmutige Bewegung zu gew\u00e4hrleisten. Das mit einem Echtheitszertifikat versehene Schmuckst\u00fcck spiegelt das Engagement von PureJewels wider, die traditionelle Handwerkskunst zu bewahren und gleichzeitig eine raffinierte Modernit\u00e4t zu bieten.<\/p>\n<p><strong>Styling-Ideen<\/strong><br \/>\nDiese Ohrringe eignen sich sowohl f\u00fcr intime Feiern als auch f\u00fcr den gehobenen Alltag und lassen sich wunderbar mit anderen kombinieren:<\/p>\n<ul>\n<li>Flie\u00dfende Silhouetten und Anlasskleidung f\u00fcr Hochzeiten oder festliche Momente<\/li>\n<li>Minimalistische Ensembles, bei denen die Bewegung der Quaste einen subtilen Akzent setzt<\/li>\n<li>Mehrschichtiger Goldschmuck f\u00fcr einen modernen Look<\/li>\n<\/ul>\n<p>Ob als pers\u00f6nliches Vergn\u00fcgen oder als Geschenk f\u00fcr einen bedeutenden Moment, diese Ohrringe verk\u00f6rpern Eleganz in Bewegung - und zelebrieren Ihre Reise mit jedem Tragen.<\/p>","protected":false},"excerpt":{"rendered":"<div class=\"woocommerce-product-details__short-description\">Diese aus strahlendem 22-kar\u00e4tigem Gold gefertigten Ohrringe mit strukturierten Quasten vereinen raffinierte Details und flie\u00dfende Bewegungen - ein eleganter Ausdruck des modernen Erbes.<\/div>\n<div><\/div>\n<div><strong>Material:<\/strong>\u00a022ct Gold<\/div>\n<div><strong>Reinheit:<\/strong>\u00a091.6% rein<br \/>\n<strong>Wahrzeichen:<\/strong>\u00a0Britisches G\u00fctesiegel<strong><br \/>\n<\/strong><strong>Bruttogewicht: <\/strong>5,06 Gramm<br \/>\n<strong>SKU:<\/strong> 53194<\/div>\n<div><\/div>\n<div><strong>Preis und Lieferung<\/strong>: Inklusive Mehrwertsteuer und Lieferkosten<br \/>\n<a href=\"https:\/\/www.purejewels.com\/de\/ruckgabepolitik\/\">R\u00fcckgabepolitik<\/a><\/div>\n<div class=\"btn-atc atc-slide\"><\/div>\n<div class=\"product_meta\"><\/div>","protected":false},"featured_media":427380,"comment_status":"closed","ping_status":"closed","template":"","meta":{"_eb_attr":"","_crsspst_to_jayantr4sg-hostcom":true},"product_brand":[],"product_cat":[1791,1559,1685,5701,1792,1790,1254,1229,5338,1573,1574,5349],"product_tag":[66],"class_list":{"0":"post-345216","1":"product","2":"type-product","3":"status-publish","4":"has-post-thumbnail","6":"product_cat-anniversary-gifts","7":"product_cat-birthday-gifts","8":"product_cat-drop-earrings","9":"product_cat-eid-jewellery","10":"product_cat-festival-gifts","11":"product_cat-for-whom-when","12":"product_cat-gold-earrings","13":"product_cat-22ct-gold-jewellery","14":"product_cat-shop-by-price","15":"product_cat-wedding-gifts","16":"product_cat-womens-jewellery","17":"product_cat-yellow-gold-jewellery","18":"product_tag-earrings","20":"first","21":"instock","22":"taxable","23":"shipping-taxable","24":"purchasable","25":"product-type-simple","26":"add-to-wishlist-before_image"},"yoast_head":"<!-- This site is optimized with the Yoast SEO plugin v27.5 - https:\/\/yoast.com\/product\/yoast-seo-wordpress\/ -->\n<title>22ct Gold Fancy Drop Earring | purejewels.com<\/title>\n<meta name=\"description\" content=\"Looking for fancy drop earrings online in UK? Shop for the best fancy drop earrings from our collection of exclusive, customized &amp; handmade Jewellery at PureJewels.\" \/>\n<meta name=\"robots\" content=\"index, follow, max-snippet:-1, max-image-preview:large, max-video-preview:-1\" \/>\n<link rel=\"canonical\" href=\"https:\/\/www.purejewels.com\/de\/produkt-2\/22-kt-gold-ohrring-mit-tropfen-44491\/\" \/>\n<meta property=\"og:locale\" content=\"de_DE\" \/>\n<meta property=\"og:type\" content=\"article\" \/>\n<meta property=\"og:title\" content=\"22ct Gold Fancy Drop Earring | purejewels.com\" \/>\n<meta property=\"og:description\" content=\"Looking for fancy drop earrings online in UK? Shop for the best fancy drop earrings from our collection of exclusive, customized &amp; handmade Jewellery at PureJewels.\" \/>\n<meta property=\"og:url\" content=\"https:\/\/www.purejewels.com\/de\/produkt-2\/22-kt-gold-ohrring-mit-tropfen-44491\/\" \/>\n<meta property=\"og:site_name\" content=\"PureJewels UK\" \/>\n<meta property=\"article:modified_time\" content=\"2026-04-28T12:43:53+00:00\" \/>\n<meta property=\"og:image\" content=\"https:\/\/static.purejewels.com\/wp-content\/uploads\/2024\/12\/53194.jpg\" \/>\n\t<meta property=\"og:image:width\" content=\"1000\" \/>\n\t<meta property=\"og:image:height\" content=\"1000\" \/>\n\t<meta property=\"og:image:type\" content=\"image\/jpeg\" \/>\n<meta name=\"twitter:card\" content=\"summary_large_image\" \/>\n<meta name=\"twitter:label1\" content=\"Gesch\u00e4tzte Lesezeit\" \/>\n\t<meta name=\"twitter:data1\" content=\"1\u00a0Minute\" \/>\n<script type=\"application\/ld+json\" class=\"yoast-schema-graph\">{\"@context\":\"https:\\\/\\\/schema.org\",\"@graph\":[{\"@type\":[\"WebPage\",\"ItemPage\"],\"@id\":\"https:\\\/\\\/www.purejewels.com\\\/product\\\/22ct-gold-fancy-drop-earring-44491\\\/\",\"url\":\"https:\\\/\\\/www.purejewels.com\\\/product\\\/22ct-gold-fancy-drop-earring-44491\\\/\",\"name\":\"22ct Gold Fancy Drop Earring | purejewels.com\",\"isPartOf\":{\"@id\":\"https:\\\/\\\/www.purejewels.com\\\/#website\"},\"primaryImageOfPage\":{\"@id\":\"https:\\\/\\\/www.purejewels.com\\\/product\\\/22ct-gold-fancy-drop-earring-44491\\\/#primaryimage\"},\"image\":{\"@id\":\"https:\\\/\\\/www.purejewels.com\\\/product\\\/22ct-gold-fancy-drop-earring-44491\\\/#primaryimage\"},\"thumbnailUrl\":\"https:\\\/\\\/static.purejewels.com\\\/wp-content\\\/uploads\\\/2024\\\/12\\\/53194.jpg\",\"datePublished\":\"2024-12-20T10:35:41+00:00\",\"dateModified\":\"2026-04-28T12:43:53+00:00\",\"description\":\"Looking for fancy drop earrings online in UK? Shop for the best fancy drop earrings from our collection of exclusive, customized & handmade Jewellery at PureJewels.\",\"breadcrumb\":{\"@id\":\"https:\\\/\\\/www.purejewels.com\\\/product\\\/22ct-gold-fancy-drop-earring-44491\\\/#breadcrumb\"},\"inLanguage\":\"de\",\"potentialAction\":[{\"@type\":\"ReadAction\",\"target\":[\"https:\\\/\\\/www.purejewels.com\\\/product\\\/22ct-gold-fancy-drop-earring-44491\\\/\"]}]},{\"@type\":\"ImageObject\",\"inLanguage\":\"de\",\"@id\":\"https:\\\/\\\/www.purejewels.com\\\/product\\\/22ct-gold-fancy-drop-earring-44491\\\/#primaryimage\",\"url\":\"https:\\\/\\\/static.purejewels.com\\\/wp-content\\\/uploads\\\/2024\\\/12\\\/53194.jpg\",\"contentUrl\":\"https:\\\/\\\/static.purejewels.com\\\/wp-content\\\/uploads\\\/2024\\\/12\\\/53194.jpg\",\"width\":1000,\"height\":1000,\"caption\":\"22ct Gold Textured Tassel Drop Earrings\"},{\"@type\":\"BreadcrumbList\",\"@id\":\"https:\\\/\\\/www.purejewels.com\\\/product\\\/22ct-gold-fancy-drop-earring-44491\\\/#breadcrumb\",\"itemListElement\":[{\"@type\":\"ListItem\",\"position\":1,\"name\":\"Home\",\"item\":\"https:\\\/\\\/www.purejewels.com\\\/\"},{\"@type\":\"ListItem\",\"position\":2,\"name\":\"Shop\",\"item\":\"https:\\\/\\\/www.purejewels.com\\\/shop\\\/\"},{\"@type\":\"ListItem\",\"position\":3,\"name\":\"22ct Gold Textured Tassel Drop Earrings\"}]},{\"@type\":\"WebSite\",\"@id\":\"https:\\\/\\\/www.purejewels.com\\\/#website\",\"url\":\"https:\\\/\\\/www.purejewels.com\\\/\",\"name\":\"PureJewels UK\",\"description\":\"Share the Love\",\"publisher\":{\"@id\":\"https:\\\/\\\/www.purejewels.com\\\/#organization\"},\"potentialAction\":[{\"@type\":\"SearchAction\",\"target\":{\"@type\":\"EntryPoint\",\"urlTemplate\":\"https:\\\/\\\/www.purejewels.com\\\/?s={search_term_string}\"},\"query-input\":{\"@type\":\"PropertyValueSpecification\",\"valueRequired\":true,\"valueName\":\"search_term_string\"}}],\"inLanguage\":\"de\"},{\"@type\":\"Organization\",\"@id\":\"https:\\\/\\\/www.purejewels.com\\\/#organization\",\"name\":\"PureJewels UK\",\"url\":\"https:\\\/\\\/www.purejewels.com\\\/\",\"logo\":{\"@type\":\"ImageObject\",\"inLanguage\":\"de\",\"@id\":\"https:\\\/\\\/www.purejewels.com\\\/#\\\/schema\\\/logo\\\/image\\\/\",\"url\":\"https:\\\/\\\/static.purejewels.com\\\/wp-content\\\/uploads\\\/2020\\\/11\\\/Logo-PJ-New-1.png\",\"contentUrl\":\"https:\\\/\\\/static.purejewels.com\\\/wp-content\\\/uploads\\\/2020\\\/11\\\/Logo-PJ-New-1.png\",\"width\":150,\"height\":80,\"caption\":\"PureJewels UK\"},\"image\":{\"@id\":\"https:\\\/\\\/www.purejewels.com\\\/#\\\/schema\\\/logo\\\/image\\\/\"}}]}<\/script>\n<!-- \/ Yoast SEO plugin. -->","yoast_head_json":{"title":"22ct Gold Fancy Tropfen Ohrring | purejewels.com","description":"Suchen Sie nach ausgefallenen Tropfenohrringen online in Gro\u00dfbritannien? Shop f\u00fcr die besten fancy Tropfen Ohrringe aus unserer Sammlung von exklusiven, ma\u00dfgeschneiderte &amp; handgemachte Schmuck bei PureJewels.","robots":{"index":"index","follow":"follow","max-snippet":"max-snippet:-1","max-image-preview":"max-image-preview:large","max-video-preview":"max-video-preview:-1"},"canonical":"https:\/\/www.purejewels.com\/de\/produkt-2\/22-kt-gold-ohrring-mit-tropfen-44491\/","og_locale":"de_DE","og_type":"article","og_title":"22ct Gold Fancy Drop Earring | purejewels.com","og_description":"Looking for fancy drop earrings online in UK? Shop for the best fancy drop earrings from our collection of exclusive, customized & handmade Jewellery at PureJewels.","og_url":"https:\/\/www.purejewels.com\/de\/produkt-2\/22-kt-gold-ohrring-mit-tropfen-44491\/","og_site_name":"PureJewels UK","article_modified_time":"2026-04-28T12:43:53+00:00","og_image":[{"width":1000,"height":1000,"url":"https:\/\/static.purejewels.com\/wp-content\/uploads\/2024\/12\/53194.jpg","type":"image\/jpeg"}],"twitter_card":"summary_large_image","twitter_misc":{"Gesch\u00e4tzte Lesezeit":"1\u00a0Minute"},"schema":{"@context":"https:\/\/schema.org","@graph":[{"@type":["WebPage","ItemPage"],"@id":"https:\/\/www.purejewels.com\/product\/22ct-gold-fancy-drop-earring-44491\/","url":"https:\/\/www.purejewels.com\/product\/22ct-gold-fancy-drop-earring-44491\/","name":"22ct Gold Fancy Tropfen Ohrring | purejewels.com","isPartOf":{"@id":"https:\/\/www.purejewels.com\/#website"},"primaryImageOfPage":{"@id":"https:\/\/www.purejewels.com\/product\/22ct-gold-fancy-drop-earring-44491\/#primaryimage"},"image":{"@id":"https:\/\/www.purejewels.com\/product\/22ct-gold-fancy-drop-earring-44491\/#primaryimage"},"thumbnailUrl":"https:\/\/static.purejewels.com\/wp-content\/uploads\/2024\/12\/53194.jpg","datePublished":"2024-12-20T10:35:41+00:00","dateModified":"2026-04-28T12:43:53+00:00","description":"Suchen Sie nach ausgefallenen Tropfenohrringen online in Gro\u00dfbritannien? Shop f\u00fcr die besten fancy Tropfen Ohrringe aus unserer Sammlung von exklusiven, ma\u00dfgeschneiderte &amp; handgemachte Schmuck bei PureJewels.","breadcrumb":{"@id":"https:\/\/www.purejewels.com\/product\/22ct-gold-fancy-drop-earring-44491\/#breadcrumb"},"inLanguage":"de","potentialAction":[{"@type":"ReadAction","target":["https:\/\/www.purejewels.com\/product\/22ct-gold-fancy-drop-earring-44491\/"]}]},{"@type":"ImageObject","inLanguage":"de","@id":"https:\/\/www.purejewels.com\/product\/22ct-gold-fancy-drop-earring-44491\/#primaryimage","url":"https:\/\/static.purejewels.com\/wp-content\/uploads\/2024\/12\/53194.jpg","contentUrl":"https:\/\/static.purejewels.com\/wp-content\/uploads\/2024\/12\/53194.jpg","width":1000,"height":1000,"caption":"22ct Gold Textured Tassel Drop Earrings"},{"@type":"BreadcrumbList","@id":"https:\/\/www.purejewels.com\/product\/22ct-gold-fancy-drop-earring-44491\/#breadcrumb","itemListElement":[{"@type":"ListItem","position":1,"name":"Home","item":"https:\/\/www.purejewels.com\/"},{"@type":"ListItem","position":2,"name":"Shop","item":"https:\/\/www.purejewels.com\/shop\/"},{"@type":"ListItem","position":3,"name":"22ct Gold Textured Tassel Drop Earrings"}]},{"@type":"WebSite","@id":"https:\/\/www.purejewels.com\/#website","url":"https:\/\/www.purejewels.com\/","name":"PureJewels UK","description":"Teile die Liebe","publisher":{"@id":"https:\/\/www.purejewels.com\/#organization"},"potentialAction":[{"@type":"SearchAction","target":{"@type":"EntryPoint","urlTemplate":"https:\/\/www.purejewels.com\/?s={search_term_string}"},"query-input":{"@type":"PropertyValueSpecification","valueRequired":true,"valueName":"search_term_string"}}],"inLanguage":"de"},{"@type":"Organization","@id":"https:\/\/www.purejewels.com\/#organization","name":"PureJewels UK","url":"https:\/\/www.purejewels.com\/","logo":{"@type":"ImageObject","inLanguage":"de","@id":"https:\/\/www.purejewels.com\/#\/schema\/logo\/image\/","url":"https:\/\/static.purejewels.com\/wp-content\/uploads\/2020\/11\/Logo-PJ-New-1.png","contentUrl":"https:\/\/static.purejewels.com\/wp-content\/uploads\/2020\/11\/Logo-PJ-New-1.png","width":150,"height":80,"caption":"PureJewels UK"},"image":{"@id":"https:\/\/www.purejewels.com\/#\/schema\/logo\/image\/"}}]}},"_links":{"self":[{"href":"https:\/\/www.purejewels.com\/de\/wp-json\/wp\/v2\/product\/345216","targetHints":{"allow":["GET"]}}],"collection":[{"href":"https:\/\/www.purejewels.com\/de\/wp-json\/wp\/v2\/product"}],"about":[{"href":"https:\/\/www.purejewels.com\/de\/wp-json\/wp\/v2\/types\/product"}],"replies":[{"embeddable":true,"href":"https:\/\/www.purejewels.com\/de\/wp-json\/wp\/v2\/comments?post=345216"}],"version-history":[{"count":3,"href":"https:\/\/www.purejewels.com\/de\/wp-json\/wp\/v2\/product\/345216\/revisions"}],"predecessor-version":[{"id":427382,"href":"https:\/\/www.purejewels.com\/de\/wp-json\/wp\/v2\/product\/345216\/revisions\/427382"}],"wp:featuredmedia":[{"embeddable":true,"href":"https:\/\/www.purejewels.com\/de\/wp-json\/wp\/v2\/media\/427380"}],"wp:attachment":[{"href":"https:\/\/www.purejewels.com\/de\/wp-json\/wp\/v2\/media?parent=345216"}],"wp:term":[{"taxonomy":"product_brand","embeddable":true,"href":"https:\/\/www.purejewels.com\/de\/wp-json\/wp\/v2\/product_brand?post=345216"},{"taxonomy":"product_cat","embeddable":true,"href":"https:\/\/www.purejewels.com\/de\/wp-json\/wp\/v2\/product_cat?post=345216"},{"taxonomy":"product_tag","embeddable":true,"href":"https:\/\/www.purejewels.com\/de\/wp-json\/wp\/v2\/product_tag?post=345216"}],"curies":[{"name":"wp","href":"https:\/\/api.w.org\/{rel}","templated":true}]}}