{"id":345524,"date":"2025-09-18T12:36:18","date_gmt":"2025-09-18T11:36:18","guid":{"rendered":"https:\/\/www.purejewels.com\/?post_type=product&#038;p=345524"},"modified":"2026-01-06T10:00:21","modified_gmt":"2026-01-06T10:00:21","slug":"armband-aus-22-karat-gold-48428","status":"publish","type":"product","link":"https:\/\/www.purejewels.com\/de\/product\/bracelet-in-22ct-gold-48428\/","title":{"rendered":"Armband aus 22ct Gold | 7 Zoll"},"content":{"rendered":"<p data-start=\"117\" data-end=\"387\"><strong data-start=\"117\" data-end=\"127\">Gestaltung<\/strong><br data-start=\"127\" data-end=\"130\" \/>Diese <a href=\"https:\/\/www.purejewels.com\/de\/product\/22ct-gold-jali-filigree-ring-jali-collection-31926\/\">22ct<\/a> Das goldene Armband besteht aus einer Reihe polierter Perlen, die durch eine rhodinierte Perle in der Mitte hervorgehoben werden und einen auff\u00e4lligen zweifarbigen Effekt erzeugen. Die Anordnung von strukturierten und glatten Perlen sorgt f\u00fcr subtile Abwechslung und verleiht dem St\u00fcck einen klassischen und zugleich modernen Charme.<\/p>\n<p data-start=\"389\" data-end=\"694\"><strong data-start=\"389\" data-end=\"406\">Handwerkliches K\u00f6nnen<\/strong><br data-start=\"406\" data-end=\"409\" \/>Das pr\u00e4zisionsgegossene und -gefertigte Armband verbindet durch seine glatte Politur und die flexiblen Glieder Haltbarkeit mit Komfort. Das Rhodium-Detail sorgt f\u00fcr Kontrast und hebt den Glanz des umgebenden Goldes hervor. Das in London gepunzte Armband b\u00fcrgt f\u00fcr Authentizit\u00e4t und Qualit\u00e4t.<\/p>\n<p data-start=\"696\" data-end=\"959\"><strong data-start=\"696\" data-end=\"707\">Styling<\/strong><br data-start=\"707\" data-end=\"710\" \/>Mit einer L\u00e4nge von 7 Zoll sitzt dieses leichte Armband bequem am Handgelenk und l\u00e4sst sich leicht mit Alltagskleidung oder festlichen Outfits kombinieren. Das zweifarbige Finish macht es vielseitig, ideal um es allein f\u00fcr einen raffinierten Look zu tragen oder mit Armreifen f\u00fcr zus\u00e4tzliche Wirkung zu kombinieren.<\/p>","protected":false},"excerpt":{"rendered":"<p>Ein 22-kar\u00e4tiges Perlenarmband mit einer rhodinierten mittleren Perle, das ein modernes zweifarbiges Design bietet. Poliert f\u00fcr Komfort und in London gestempelt, ist es ein vielseitiges 7-Zoll-St\u00fcck, das perfekt f\u00fcr den t\u00e4glichen Gebrauch oder f\u00fcr Anl\u00e4sse ist.<\/p>\n<p><strong>Material:<\/strong>\u00a022ct Gold<strong><br \/>\nWahrzeichen:\u00a0<\/strong>Britisches G\u00fctesiegel<strong><br \/>\n<\/strong><strong>Bruttogewicht: <\/strong>5,40 Gramm<br \/>\n<strong>L\u00e4nge:<\/strong> 7 Zoll<br \/>\n<strong>SKU:<\/strong> 48428<\/p>\n<p><strong>Preis und Lieferung<\/strong>: Inklusive Mehrwertsteuer und Lieferkosten<br \/>\n<a href=\"https:\/\/www.purejewels.com\/de\/ruckgabepolitik\/\">R\u00fcckgabepolitik<\/a><\/p>","protected":false},"featured_media":403237,"comment_status":"closed","ping_status":"closed","template":"","meta":{"_eb_attr":"","_crsspst_to_jayantr4sg-hostcom":true},"product_brand":[],"product_cat":[1791,5441,1559,1793,1792,1324,1627,1229,1575,1569,1574,5349],"product_tag":[5634],"class_list":{"0":"post-345524","1":"product","2":"type-product","3":"status-publish","4":"has-post-thumbnail","6":"product_cat-anniversary-gifts","7":"product_cat-gold-bead-bracelets","8":"product_cat-birthday-gifts","9":"product_cat-diwali-gifts","10":"product_cat-festival-gifts","11":"product_cat-gold-bracelet","12":"product_cat-ladies-bracelet","13":"product_cat-22ct-gold-jewellery","14":"product_cat-teenage-jewellery","15":"product_cat-valentine-day-gifts","16":"product_cat-womens-jewellery","17":"product_cat-yellow-gold-jewellery","18":"product_tag-22ct-gold-bracelet-for-ladies","20":"first","21":"outofstock","22":"taxable","23":"shipping-taxable","24":"product-type-simple","25":"add-to-wishlist-before_image"},"yoast_head":"<!-- This site is optimized with the Yoast SEO plugin v27.5 - https:\/\/yoast.com\/product\/yoast-seo-wordpress\/ -->\n<title>Bracelet in 22ct Yellow Gold in 7 Inches | purejewels.com<\/title>\n<meta name=\"description\" content=\"Explore our collection of Gold Bracelet. Buy a Bracelet for women in various styles and patterns to suit your preferences. Free delivery across UK.\" \/>\n<meta name=\"robots\" content=\"index, follow, max-snippet:-1, max-image-preview:large, max-video-preview:-1\" \/>\n<link rel=\"canonical\" href=\"https:\/\/www.purejewels.com\/de\/produkt-2\/armband-aus-22-karat-gold-48428\/\" \/>\n<meta property=\"og:locale\" content=\"de_DE\" \/>\n<meta property=\"og:type\" content=\"article\" \/>\n<meta property=\"og:title\" content=\"Bracelet in 22ct Yellow Gold in 7 Inches | purejewels.com\" \/>\n<meta property=\"og:description\" content=\"Explore our collection of Gold Bracelet. Buy a Bracelet for women in various styles and patterns to suit your preferences. Free delivery across UK.\" \/>\n<meta property=\"og:url\" content=\"https:\/\/www.purejewels.com\/de\/produkt-2\/armband-aus-22-karat-gold-48428\/\" \/>\n<meta property=\"og:site_name\" content=\"PureJewels UK\" \/>\n<meta property=\"article:modified_time\" content=\"2026-01-06T10:00:21+00:00\" \/>\n<meta property=\"og:image\" content=\"https:\/\/www.purejewels.com\/wp-content\/uploads\/2023\/07\/SKU-48428.jpg\" \/>\n\t<meta property=\"og:image:width\" content=\"1000\" \/>\n\t<meta property=\"og:image:height\" content=\"1000\" \/>\n\t<meta property=\"og:image:type\" content=\"image\/jpeg\" \/>\n<meta name=\"twitter:card\" content=\"summary_large_image\" \/>\n<meta name=\"twitter:label1\" content=\"Gesch\u00e4tzte Lesezeit\" \/>\n\t<meta name=\"twitter:data1\" content=\"1\u00a0Minute\" \/>\n<script type=\"application\/ld+json\" class=\"yoast-schema-graph\">{\"@context\":\"https:\\\/\\\/schema.org\",\"@graph\":[{\"@type\":[\"WebPage\",\"ItemPage\"],\"@id\":\"https:\\\/\\\/www.purejewels.com\\\/product\\\/bracelet-in-22ct-gold-48428\\\/\",\"url\":\"https:\\\/\\\/www.purejewels.com\\\/product\\\/bracelet-in-22ct-gold-48428\\\/\",\"name\":\"Bracelet in 22ct Yellow Gold in 7 Inches | purejewels.com\",\"isPartOf\":{\"@id\":\"https:\\\/\\\/www.purejewels.com\\\/#website\"},\"primaryImageOfPage\":{\"@id\":\"https:\\\/\\\/www.purejewels.com\\\/product\\\/bracelet-in-22ct-gold-48428\\\/#primaryimage\"},\"image\":{\"@id\":\"https:\\\/\\\/www.purejewels.com\\\/product\\\/bracelet-in-22ct-gold-48428\\\/#primaryimage\"},\"thumbnailUrl\":\"https:\\\/\\\/static.purejewels.com\\\/wp-content\\\/uploads\\\/2023\\\/07\\\/SKU-48428.jpg\",\"datePublished\":\"2025-09-18T11:36:18+00:00\",\"dateModified\":\"2026-01-06T10:00:21+00:00\",\"description\":\"Explore our collection of Gold Bracelet. Buy a Bracelet for women in various styles and patterns to suit your preferences. Free delivery across UK.\",\"breadcrumb\":{\"@id\":\"https:\\\/\\\/www.purejewels.com\\\/product\\\/bracelet-in-22ct-gold-48428\\\/#breadcrumb\"},\"inLanguage\":\"de\",\"potentialAction\":[{\"@type\":\"ReadAction\",\"target\":[\"https:\\\/\\\/www.purejewels.com\\\/product\\\/bracelet-in-22ct-gold-48428\\\/\"]}]},{\"@type\":\"ImageObject\",\"inLanguage\":\"de\",\"@id\":\"https:\\\/\\\/www.purejewels.com\\\/product\\\/bracelet-in-22ct-gold-48428\\\/#primaryimage\",\"url\":\"https:\\\/\\\/static.purejewels.com\\\/wp-content\\\/uploads\\\/2023\\\/07\\\/SKU-48428.jpg\",\"contentUrl\":\"https:\\\/\\\/static.purejewels.com\\\/wp-content\\\/uploads\\\/2023\\\/07\\\/SKU-48428.jpg\",\"width\":1000,\"height\":1000,\"caption\":\"Bracelet in 22ct Gold\"},{\"@type\":\"BreadcrumbList\",\"@id\":\"https:\\\/\\\/www.purejewels.com\\\/product\\\/bracelet-in-22ct-gold-48428\\\/#breadcrumb\",\"itemListElement\":[{\"@type\":\"ListItem\",\"position\":1,\"name\":\"Home\",\"item\":\"https:\\\/\\\/www.purejewels.com\\\/\"},{\"@type\":\"ListItem\",\"position\":2,\"name\":\"Shop\",\"item\":\"https:\\\/\\\/www.purejewels.com\\\/shop\\\/\"},{\"@type\":\"ListItem\",\"position\":3,\"name\":\"Bracelet in 22ct Gold | 7 Inches\"}]},{\"@type\":\"WebSite\",\"@id\":\"https:\\\/\\\/www.purejewels.com\\\/#website\",\"url\":\"https:\\\/\\\/www.purejewels.com\\\/\",\"name\":\"PureJewels UK\",\"description\":\"Share the Love\",\"publisher\":{\"@id\":\"https:\\\/\\\/www.purejewels.com\\\/#organization\"},\"potentialAction\":[{\"@type\":\"SearchAction\",\"target\":{\"@type\":\"EntryPoint\",\"urlTemplate\":\"https:\\\/\\\/www.purejewels.com\\\/?s={search_term_string}\"},\"query-input\":{\"@type\":\"PropertyValueSpecification\",\"valueRequired\":true,\"valueName\":\"search_term_string\"}}],\"inLanguage\":\"de\"},{\"@type\":\"Organization\",\"@id\":\"https:\\\/\\\/www.purejewels.com\\\/#organization\",\"name\":\"PureJewels UK\",\"url\":\"https:\\\/\\\/www.purejewels.com\\\/\",\"logo\":{\"@type\":\"ImageObject\",\"inLanguage\":\"de\",\"@id\":\"https:\\\/\\\/www.purejewels.com\\\/#\\\/schema\\\/logo\\\/image\\\/\",\"url\":\"https:\\\/\\\/static.purejewels.com\\\/wp-content\\\/uploads\\\/2020\\\/11\\\/Logo-PJ-New-1.png\",\"contentUrl\":\"https:\\\/\\\/static.purejewels.com\\\/wp-content\\\/uploads\\\/2020\\\/11\\\/Logo-PJ-New-1.png\",\"width\":150,\"height\":80,\"caption\":\"PureJewels UK\"},\"image\":{\"@id\":\"https:\\\/\\\/www.purejewels.com\\\/#\\\/schema\\\/logo\\\/image\\\/\"}}]}<\/script>\n<!-- \/ Yoast SEO plugin. -->","yoast_head_json":{"title":"Armband in 22ct Gelbgold in 7 Zoll | purejewels.com","description":"Entdecken Sie unsere Kollektion an Goldarmb\u00e4ndern. Kaufen Sie ein Armband f\u00fcr Frauen in verschiedenen Stilen und Mustern, die Ihren Vorlieben entsprechen. Kostenlose Lieferung in ganz Gro\u00dfbritannien.","robots":{"index":"index","follow":"follow","max-snippet":"max-snippet:-1","max-image-preview":"max-image-preview:large","max-video-preview":"max-video-preview:-1"},"canonical":"https:\/\/www.purejewels.com\/de\/produkt-2\/armband-aus-22-karat-gold-48428\/","og_locale":"de_DE","og_type":"article","og_title":"Bracelet in 22ct Yellow Gold in 7 Inches | purejewels.com","og_description":"Explore our collection of Gold Bracelet. Buy a Bracelet for women in various styles and patterns to suit your preferences. Free delivery across UK.","og_url":"https:\/\/www.purejewels.com\/de\/produkt-2\/armband-aus-22-karat-gold-48428\/","og_site_name":"PureJewels UK","article_modified_time":"2026-01-06T10:00:21+00:00","og_image":[{"width":1000,"height":1000,"url":"https:\/\/www.purejewels.com\/wp-content\/uploads\/2023\/07\/SKU-48428.jpg","type":"image\/jpeg"}],"twitter_card":"summary_large_image","twitter_misc":{"Gesch\u00e4tzte Lesezeit":"1\u00a0Minute"},"schema":{"@context":"https:\/\/schema.org","@graph":[{"@type":["WebPage","ItemPage"],"@id":"https:\/\/www.purejewels.com\/product\/bracelet-in-22ct-gold-48428\/","url":"https:\/\/www.purejewels.com\/product\/bracelet-in-22ct-gold-48428\/","name":"Armband in 22ct Gelbgold in 7 Zoll | purejewels.com","isPartOf":{"@id":"https:\/\/www.purejewels.com\/#website"},"primaryImageOfPage":{"@id":"https:\/\/www.purejewels.com\/product\/bracelet-in-22ct-gold-48428\/#primaryimage"},"image":{"@id":"https:\/\/www.purejewels.com\/product\/bracelet-in-22ct-gold-48428\/#primaryimage"},"thumbnailUrl":"https:\/\/static.purejewels.com\/wp-content\/uploads\/2023\/07\/SKU-48428.jpg","datePublished":"2025-09-18T11:36:18+00:00","dateModified":"2026-01-06T10:00:21+00:00","description":"Entdecken Sie unsere Kollektion an Goldarmb\u00e4ndern. Kaufen Sie ein Armband f\u00fcr Frauen in verschiedenen Stilen und Mustern, die Ihren Vorlieben entsprechen. Kostenlose Lieferung in ganz Gro\u00dfbritannien.","breadcrumb":{"@id":"https:\/\/www.purejewels.com\/product\/bracelet-in-22ct-gold-48428\/#breadcrumb"},"inLanguage":"de","potentialAction":[{"@type":"ReadAction","target":["https:\/\/www.purejewels.com\/product\/bracelet-in-22ct-gold-48428\/"]}]},{"@type":"ImageObject","inLanguage":"de","@id":"https:\/\/www.purejewels.com\/product\/bracelet-in-22ct-gold-48428\/#primaryimage","url":"https:\/\/static.purejewels.com\/wp-content\/uploads\/2023\/07\/SKU-48428.jpg","contentUrl":"https:\/\/static.purejewels.com\/wp-content\/uploads\/2023\/07\/SKU-48428.jpg","width":1000,"height":1000,"caption":"Bracelet in 22ct Gold"},{"@type":"BreadcrumbList","@id":"https:\/\/www.purejewels.com\/product\/bracelet-in-22ct-gold-48428\/#breadcrumb","itemListElement":[{"@type":"ListItem","position":1,"name":"Home","item":"https:\/\/www.purejewels.com\/"},{"@type":"ListItem","position":2,"name":"Shop","item":"https:\/\/www.purejewels.com\/shop\/"},{"@type":"ListItem","position":3,"name":"Bracelet in 22ct Gold | 7 Inches"}]},{"@type":"WebSite","@id":"https:\/\/www.purejewels.com\/#website","url":"https:\/\/www.purejewels.com\/","name":"PureJewels UK","description":"Teile die Liebe","publisher":{"@id":"https:\/\/www.purejewels.com\/#organization"},"potentialAction":[{"@type":"SearchAction","target":{"@type":"EntryPoint","urlTemplate":"https:\/\/www.purejewels.com\/?s={search_term_string}"},"query-input":{"@type":"PropertyValueSpecification","valueRequired":true,"valueName":"search_term_string"}}],"inLanguage":"de"},{"@type":"Organization","@id":"https:\/\/www.purejewels.com\/#organization","name":"PureJewels UK","url":"https:\/\/www.purejewels.com\/","logo":{"@type":"ImageObject","inLanguage":"de","@id":"https:\/\/www.purejewels.com\/#\/schema\/logo\/image\/","url":"https:\/\/static.purejewels.com\/wp-content\/uploads\/2020\/11\/Logo-PJ-New-1.png","contentUrl":"https:\/\/static.purejewels.com\/wp-content\/uploads\/2020\/11\/Logo-PJ-New-1.png","width":150,"height":80,"caption":"PureJewels UK"},"image":{"@id":"https:\/\/www.purejewels.com\/#\/schema\/logo\/image\/"}}]}},"_links":{"self":[{"href":"https:\/\/www.purejewels.com\/de\/wp-json\/wp\/v2\/product\/345524","targetHints":{"allow":["GET"]}}],"collection":[{"href":"https:\/\/www.purejewels.com\/de\/wp-json\/wp\/v2\/product"}],"about":[{"href":"https:\/\/www.purejewels.com\/de\/wp-json\/wp\/v2\/types\/product"}],"replies":[{"embeddable":true,"href":"https:\/\/www.purejewels.com\/de\/wp-json\/wp\/v2\/comments?post=345524"}],"version-history":[{"count":3,"href":"https:\/\/www.purejewels.com\/de\/wp-json\/wp\/v2\/product\/345524\/revisions"}],"predecessor-version":[{"id":416860,"href":"https:\/\/www.purejewels.com\/de\/wp-json\/wp\/v2\/product\/345524\/revisions\/416860"}],"wp:featuredmedia":[{"embeddable":true,"href":"https:\/\/www.purejewels.com\/de\/wp-json\/wp\/v2\/media\/403237"}],"wp:attachment":[{"href":"https:\/\/www.purejewels.com\/de\/wp-json\/wp\/v2\/media?parent=345524"}],"wp:term":[{"taxonomy":"product_brand","embeddable":true,"href":"https:\/\/www.purejewels.com\/de\/wp-json\/wp\/v2\/product_brand?post=345524"},{"taxonomy":"product_cat","embeddable":true,"href":"https:\/\/www.purejewels.com\/de\/wp-json\/wp\/v2\/product_cat?post=345524"},{"taxonomy":"product_tag","embeddable":true,"href":"https:\/\/www.purejewels.com\/de\/wp-json\/wp\/v2\/product_tag?post=345524"}],"curies":[{"name":"wp","href":"https:\/\/api.w.org\/{rel}","templated":true}]}}