{"id":345712,"date":"2024-11-19T10:44:20","date_gmt":"2024-11-19T10:44:20","guid":{"rendered":"https:\/\/www.purejewels.com\/?post_type=product&#038;p=345712"},"modified":"2026-01-06T09:55:47","modified_gmt":"2026-01-06T09:55:47","slug":"22ct-gelbgold-belcher-armband-herren-8-5-zoll-51246","status":"publish","type":"product","link":"https:\/\/www.purejewels.com\/de\/product\/22ct-yellow-gold-belcher-bracelet-mens-8-5-inches-51246\/","title":{"rendered":"22ct Gold belcher Armband Herren | 8 Zoll"},"content":{"rendered":"<p data-start=\"0\" data-end=\"343\"><strong data-start=\"0\" data-end=\"10\">Gestaltung<\/strong><br data-start=\"10\" data-end=\"13\" \/>Diese <a href=\"https:\/\/www.purejewels.com\/de\/product\/22ct-gold-jali-filigree-ring-jali-collection-31926\/\">22ct<\/a> Das facettierte Belcher-Armband aus Gold wurde f\u00fcr den modernen Gentleman entworfen, der einen dezenten, aber sicheren Stil bevorzugt. Klassische runde Belcher-Glieder sind pr\u00e4zise facettiert und erzeugen bei jeder Bewegung subtile Lichtblitze. Mit einer L\u00e4nge von 8 Zoll sitzt es perfekt am Handgelenk und bietet Pr\u00e4senz, ohne aufdringlich zu wirken.<\/p>\n<p data-start=\"345\" data-end=\"726\"><strong data-start=\"345\" data-end=\"362\">Handwerkliches K\u00f6nnen<\/strong><br data-start=\"362\" data-end=\"365\" \/>Jedes einzelne Glied der aus massivem 22-kar\u00e4tigem Gold gefertigten Kette wurde sorgf\u00e4ltig geformt und verarbeitet, um ein glattes, angenehmes Tragegef\u00fchl auf der Haut zu gew\u00e4hrleisten. Die Facettierung ist so konzipiert, dass sie das Licht einf\u00e4ngt und gleichzeitig die Festigkeit der Kette bewahrt, wodurch ein Gleichgewicht zwischen Raffinesse und Haltbarkeit entsteht. Jedes Armband wird im Vereinigten K\u00f6nigreich mit einem Feingehaltsstempel versehen, der seine Qualit\u00e4t und seinen Investitionswert unterstreicht.<\/p>\n<p data-start=\"728\" data-end=\"1099\" data-is-last-node=\"\" data-is-only-node=\"\"><strong data-start=\"728\" data-end=\"749\">Styling &amp; Geschenkartikel<\/strong><br data-start=\"749\" data-end=\"752\" \/>Dieses vielseitige und raffinierte Armband l\u00e4sst sich ebenso gut mit einem frischen Hemd und einem Blazer kombinieren wie mit Strickwaren am Wochenende. Tragen Sie es allein f\u00fcr einen klaren, selbstbewussten Look oder zusammen mit einer Uhr f\u00fcr zus\u00e4tzliche Tiefe und Struktur. Es ist ein au\u00dfergew\u00f6hnliches Geschenk f\u00fcr Geburtstage, Jahrestage oder pers\u00f6nliche Meilensteine, ein St\u00fcck, das er jeden Tag tragen kann und das er ein Leben lang beh\u00e4lt.<\/p>","protected":false},"excerpt":{"rendered":"<p>Dieses facettierte Gliederarmband aus 22-kar\u00e4tigem Gold ist eine moderne Interpretation eines zeitlosen Klassikers mit k\u00fchnen, kantigen Gliedern und einem auff\u00e4lligen geometrischen Finish. Mit einer L\u00e4nge von 8 Zoll ist es f\u00fcr den modernen Gentleman gedacht, der handwerkliches K\u00f6nnen zu sch\u00e4tzen wei\u00df.<\/p>\n<p><strong>Material:<\/strong>\u00a022ct Gold<br \/>\n<strong>Wahrzeichen:<\/strong>\u00a0Britisches G\u00fctesiegel<br \/>\n<strong>SKU:<\/strong> 51246<br \/>\n<strong>Gewicht:<\/strong> 19.27 Gms<br \/>\n<b>L\u00e4nge:\u00a0<\/b>8 Zoll<\/p>\n<p><strong>Preis und Lieferung:<\/strong>\u00a0Inklusive Mehrwertsteuer und Lieferkosten<br \/>\n<a href=\"https:\/\/www.purejewels.com\/de\/ruckgabepolitik\/\"><strong>R\u00fcckgabepolitik<\/strong><\/a><\/p>","protected":false},"featured_media":403209,"comment_status":"closed","ping_status":"closed","template":"","meta":{"_eb_attr":"","_crsspst_to_jayantr4sg-hostcom":true},"product_brand":[],"product_cat":[6153,1571,1790,1324,1229,1572,1628,5349],"product_tag":[],"class_list":{"0":"post-345712","1":"product","2":"type-product","3":"status-publish","4":"has-post-thumbnail","6":"product_cat-belcher-bracelets","7":"product_cat-fathers-day-gifts","8":"product_cat-for-whom-when","9":"product_cat-gold-bracelet","10":"product_cat-22ct-gold-jewellery","11":"product_cat-mens-jewellery","12":"product_cat-mens-bracelet","13":"product_cat-yellow-gold-jewellery","15":"first","16":"outofstock","17":"taxable","18":"shipping-taxable","19":"product-type-simple","20":"add-to-wishlist-before_image"},"yoast_head":"<!-- This site is optimized with the Yoast SEO plugin v27.5 - https:\/\/yoast.com\/product\/yoast-seo-wordpress\/ -->\n<title>22ct Gold Faceted Link Bracelet for Men | | PureJewels UK<\/title>\n<meta name=\"description\" content=\"Discover the 22ct Gold Faceted Link Bracelet for Men. An 8-inch statement bracelet with bold geometric links, perfect for adding a modern edge to any look.\" \/>\n<meta name=\"robots\" content=\"index, follow, max-snippet:-1, max-image-preview:large, max-video-preview:-1\" \/>\n<link rel=\"canonical\" href=\"https:\/\/www.purejewels.com\/de\/produkt-2\/22ct-gelbgold-belcher-armband-herren-8-5-zoll-51246\/\" \/>\n<meta property=\"og:locale\" content=\"de_DE\" \/>\n<meta property=\"og:type\" content=\"article\" \/>\n<meta property=\"og:title\" content=\"22ct Gold Faceted Link Bracelet for Men | | PureJewels UK\" \/>\n<meta property=\"og:description\" content=\"Discover the 22ct Gold Faceted Link Bracelet for Men. An 8-inch statement bracelet with bold geometric links, perfect for adding a modern edge to any look.\" \/>\n<meta property=\"og:url\" content=\"https:\/\/www.purejewels.com\/de\/produkt-2\/22ct-gelbgold-belcher-armband-herren-8-5-zoll-51246\/\" \/>\n<meta property=\"og:site_name\" content=\"PureJewels UK\" \/>\n<meta property=\"article:modified_time\" content=\"2026-01-06T09:55:47+00:00\" \/>\n<meta property=\"og:image\" content=\"https:\/\/static.purejewels.com\/wp-content\/uploads\/2024\/11\/SKU-51246.jpg\" \/>\n\t<meta property=\"og:image:width\" content=\"1000\" \/>\n\t<meta property=\"og:image:height\" content=\"1000\" \/>\n\t<meta property=\"og:image:type\" content=\"image\/jpeg\" \/>\n<meta name=\"twitter:card\" content=\"summary_large_image\" \/>\n<meta name=\"twitter:label1\" content=\"Gesch\u00e4tzte Lesezeit\" \/>\n\t<meta name=\"twitter:data1\" content=\"1\u00a0Minute\" \/>\n<script type=\"application\/ld+json\" class=\"yoast-schema-graph\">{\"@context\":\"https:\\\/\\\/schema.org\",\"@graph\":[{\"@type\":[\"WebPage\",\"ItemPage\"],\"@id\":\"https:\\\/\\\/www.purejewels.com\\\/product\\\/22ct-yellow-gold-belcher-bracelet-mens-8-5-inches-51246\\\/\",\"url\":\"https:\\\/\\\/www.purejewels.com\\\/product\\\/22ct-yellow-gold-belcher-bracelet-mens-8-5-inches-51246\\\/\",\"name\":\"22ct Gold Faceted Link Bracelet for Men | | PureJewels UK\",\"isPartOf\":{\"@id\":\"https:\\\/\\\/www.purejewels.com\\\/#website\"},\"primaryImageOfPage\":{\"@id\":\"https:\\\/\\\/www.purejewels.com\\\/product\\\/22ct-yellow-gold-belcher-bracelet-mens-8-5-inches-51246\\\/#primaryimage\"},\"image\":{\"@id\":\"https:\\\/\\\/www.purejewels.com\\\/product\\\/22ct-yellow-gold-belcher-bracelet-mens-8-5-inches-51246\\\/#primaryimage\"},\"thumbnailUrl\":\"https:\\\/\\\/static.purejewels.com\\\/wp-content\\\/uploads\\\/2024\\\/11\\\/SKU-51246.jpg\",\"datePublished\":\"2024-11-19T10:44:20+00:00\",\"dateModified\":\"2026-01-06T09:55:47+00:00\",\"description\":\"Discover the 22ct Gold Faceted Link Bracelet for Men. An 8-inch statement bracelet with bold geometric links, perfect for adding a modern edge to any look.\",\"breadcrumb\":{\"@id\":\"https:\\\/\\\/www.purejewels.com\\\/product\\\/22ct-yellow-gold-belcher-bracelet-mens-8-5-inches-51246\\\/#breadcrumb\"},\"inLanguage\":\"de\",\"potentialAction\":[{\"@type\":\"ReadAction\",\"target\":[\"https:\\\/\\\/www.purejewels.com\\\/product\\\/22ct-yellow-gold-belcher-bracelet-mens-8-5-inches-51246\\\/\"]}]},{\"@type\":\"ImageObject\",\"inLanguage\":\"de\",\"@id\":\"https:\\\/\\\/www.purejewels.com\\\/product\\\/22ct-yellow-gold-belcher-bracelet-mens-8-5-inches-51246\\\/#primaryimage\",\"url\":\"https:\\\/\\\/static.purejewels.com\\\/wp-content\\\/uploads\\\/2024\\\/11\\\/SKU-51246.jpg\",\"contentUrl\":\"https:\\\/\\\/static.purejewels.com\\\/wp-content\\\/uploads\\\/2024\\\/11\\\/SKU-51246.jpg\",\"width\":1000,\"height\":1000,\"caption\":\"22ct Gold Faceted Link Chain Bracelet for Men\"},{\"@type\":\"BreadcrumbList\",\"@id\":\"https:\\\/\\\/www.purejewels.com\\\/product\\\/22ct-yellow-gold-belcher-bracelet-mens-8-5-inches-51246\\\/#breadcrumb\",\"itemListElement\":[{\"@type\":\"ListItem\",\"position\":1,\"name\":\"Home\",\"item\":\"https:\\\/\\\/www.purejewels.com\\\/\"},{\"@type\":\"ListItem\",\"position\":2,\"name\":\"Shop\",\"item\":\"https:\\\/\\\/www.purejewels.com\\\/shop\\\/\"},{\"@type\":\"ListItem\",\"position\":3,\"name\":\"22ct Gold belcher bracelet mens | 8 Inches\"}]},{\"@type\":\"WebSite\",\"@id\":\"https:\\\/\\\/www.purejewels.com\\\/#website\",\"url\":\"https:\\\/\\\/www.purejewels.com\\\/\",\"name\":\"PureJewels UK\",\"description\":\"Share the Love\",\"publisher\":{\"@id\":\"https:\\\/\\\/www.purejewels.com\\\/#organization\"},\"potentialAction\":[{\"@type\":\"SearchAction\",\"target\":{\"@type\":\"EntryPoint\",\"urlTemplate\":\"https:\\\/\\\/www.purejewels.com\\\/?s={search_term_string}\"},\"query-input\":{\"@type\":\"PropertyValueSpecification\",\"valueRequired\":true,\"valueName\":\"search_term_string\"}}],\"inLanguage\":\"de\"},{\"@type\":\"Organization\",\"@id\":\"https:\\\/\\\/www.purejewels.com\\\/#organization\",\"name\":\"PureJewels UK\",\"url\":\"https:\\\/\\\/www.purejewels.com\\\/\",\"logo\":{\"@type\":\"ImageObject\",\"inLanguage\":\"de\",\"@id\":\"https:\\\/\\\/www.purejewels.com\\\/#\\\/schema\\\/logo\\\/image\\\/\",\"url\":\"https:\\\/\\\/static.purejewels.com\\\/wp-content\\\/uploads\\\/2020\\\/11\\\/Logo-PJ-New-1.png\",\"contentUrl\":\"https:\\\/\\\/static.purejewels.com\\\/wp-content\\\/uploads\\\/2020\\\/11\\\/Logo-PJ-New-1.png\",\"width\":150,\"height\":80,\"caption\":\"PureJewels UK\"},\"image\":{\"@id\":\"https:\\\/\\\/www.purejewels.com\\\/#\\\/schema\\\/logo\\\/image\\\/\"}}]}<\/script>\n<!-- \/ Yoast SEO plugin. -->","yoast_head_json":{"title":"22ct Gold Facettiertes Gliederarmband f\u00fcr M\u00e4nner | | PureJewels UK","description":"Entdecken Sie das facettierte 22-Karat-Gold-Gliederarmband f\u00fcr M\u00e4nner. Ein 8-Zoll-Statement-Armband mit k\u00fchnen geometrischen Gliedern, perfekt, um jedem Look eine moderne Note zu verleihen.","robots":{"index":"index","follow":"follow","max-snippet":"max-snippet:-1","max-image-preview":"max-image-preview:large","max-video-preview":"max-video-preview:-1"},"canonical":"https:\/\/www.purejewels.com\/de\/produkt-2\/22ct-gelbgold-belcher-armband-herren-8-5-zoll-51246\/","og_locale":"de_DE","og_type":"article","og_title":"22ct Gold Faceted Link Bracelet for Men | | PureJewels UK","og_description":"Discover the 22ct Gold Faceted Link Bracelet for Men. An 8-inch statement bracelet with bold geometric links, perfect for adding a modern edge to any look.","og_url":"https:\/\/www.purejewels.com\/de\/produkt-2\/22ct-gelbgold-belcher-armband-herren-8-5-zoll-51246\/","og_site_name":"PureJewels UK","article_modified_time":"2026-01-06T09:55:47+00:00","og_image":[{"width":1000,"height":1000,"url":"https:\/\/static.purejewels.com\/wp-content\/uploads\/2024\/11\/SKU-51246.jpg","type":"image\/jpeg"}],"twitter_card":"summary_large_image","twitter_misc":{"Gesch\u00e4tzte Lesezeit":"1\u00a0Minute"},"schema":{"@context":"https:\/\/schema.org","@graph":[{"@type":["WebPage","ItemPage"],"@id":"https:\/\/www.purejewels.com\/product\/22ct-yellow-gold-belcher-bracelet-mens-8-5-inches-51246\/","url":"https:\/\/www.purejewels.com\/product\/22ct-yellow-gold-belcher-bracelet-mens-8-5-inches-51246\/","name":"22ct Gold Facettiertes Gliederarmband f\u00fcr M\u00e4nner | | PureJewels UK","isPartOf":{"@id":"https:\/\/www.purejewels.com\/#website"},"primaryImageOfPage":{"@id":"https:\/\/www.purejewels.com\/product\/22ct-yellow-gold-belcher-bracelet-mens-8-5-inches-51246\/#primaryimage"},"image":{"@id":"https:\/\/www.purejewels.com\/product\/22ct-yellow-gold-belcher-bracelet-mens-8-5-inches-51246\/#primaryimage"},"thumbnailUrl":"https:\/\/static.purejewels.com\/wp-content\/uploads\/2024\/11\/SKU-51246.jpg","datePublished":"2024-11-19T10:44:20+00:00","dateModified":"2026-01-06T09:55:47+00:00","description":"Entdecken Sie das facettierte 22-Karat-Gold-Gliederarmband f\u00fcr M\u00e4nner. Ein 8-Zoll-Statement-Armband mit k\u00fchnen geometrischen Gliedern, perfekt, um jedem Look eine moderne Note zu verleihen.","breadcrumb":{"@id":"https:\/\/www.purejewels.com\/product\/22ct-yellow-gold-belcher-bracelet-mens-8-5-inches-51246\/#breadcrumb"},"inLanguage":"de","potentialAction":[{"@type":"ReadAction","target":["https:\/\/www.purejewels.com\/product\/22ct-yellow-gold-belcher-bracelet-mens-8-5-inches-51246\/"]}]},{"@type":"ImageObject","inLanguage":"de","@id":"https:\/\/www.purejewels.com\/product\/22ct-yellow-gold-belcher-bracelet-mens-8-5-inches-51246\/#primaryimage","url":"https:\/\/static.purejewels.com\/wp-content\/uploads\/2024\/11\/SKU-51246.jpg","contentUrl":"https:\/\/static.purejewels.com\/wp-content\/uploads\/2024\/11\/SKU-51246.jpg","width":1000,"height":1000,"caption":"22ct Gold Faceted Link Chain Bracelet for Men"},{"@type":"BreadcrumbList","@id":"https:\/\/www.purejewels.com\/product\/22ct-yellow-gold-belcher-bracelet-mens-8-5-inches-51246\/#breadcrumb","itemListElement":[{"@type":"ListItem","position":1,"name":"Home","item":"https:\/\/www.purejewels.com\/"},{"@type":"ListItem","position":2,"name":"Shop","item":"https:\/\/www.purejewels.com\/shop\/"},{"@type":"ListItem","position":3,"name":"22ct Gold belcher bracelet mens | 8 Inches"}]},{"@type":"WebSite","@id":"https:\/\/www.purejewels.com\/#website","url":"https:\/\/www.purejewels.com\/","name":"PureJewels UK","description":"Teile die Liebe","publisher":{"@id":"https:\/\/www.purejewels.com\/#organization"},"potentialAction":[{"@type":"SearchAction","target":{"@type":"EntryPoint","urlTemplate":"https:\/\/www.purejewels.com\/?s={search_term_string}"},"query-input":{"@type":"PropertyValueSpecification","valueRequired":true,"valueName":"search_term_string"}}],"inLanguage":"de"},{"@type":"Organization","@id":"https:\/\/www.purejewels.com\/#organization","name":"PureJewels UK","url":"https:\/\/www.purejewels.com\/","logo":{"@type":"ImageObject","inLanguage":"de","@id":"https:\/\/www.purejewels.com\/#\/schema\/logo\/image\/","url":"https:\/\/static.purejewels.com\/wp-content\/uploads\/2020\/11\/Logo-PJ-New-1.png","contentUrl":"https:\/\/static.purejewels.com\/wp-content\/uploads\/2020\/11\/Logo-PJ-New-1.png","width":150,"height":80,"caption":"PureJewels UK"},"image":{"@id":"https:\/\/www.purejewels.com\/#\/schema\/logo\/image\/"}}]}},"_links":{"self":[{"href":"https:\/\/www.purejewels.com\/de\/wp-json\/wp\/v2\/product\/345712","targetHints":{"allow":["GET"]}}],"collection":[{"href":"https:\/\/www.purejewels.com\/de\/wp-json\/wp\/v2\/product"}],"about":[{"href":"https:\/\/www.purejewels.com\/de\/wp-json\/wp\/v2\/types\/product"}],"replies":[{"embeddable":true,"href":"https:\/\/www.purejewels.com\/de\/wp-json\/wp\/v2\/comments?post=345712"}],"version-history":[{"count":5,"href":"https:\/\/www.purejewels.com\/de\/wp-json\/wp\/v2\/product\/345712\/revisions"}],"predecessor-version":[{"id":420827,"href":"https:\/\/www.purejewels.com\/de\/wp-json\/wp\/v2\/product\/345712\/revisions\/420827"}],"wp:featuredmedia":[{"embeddable":true,"href":"https:\/\/www.purejewels.com\/de\/wp-json\/wp\/v2\/media\/403209"}],"wp:attachment":[{"href":"https:\/\/www.purejewels.com\/de\/wp-json\/wp\/v2\/media?parent=345712"}],"wp:term":[{"taxonomy":"product_brand","embeddable":true,"href":"https:\/\/www.purejewels.com\/de\/wp-json\/wp\/v2\/product_brand?post=345712"},{"taxonomy":"product_cat","embeddable":true,"href":"https:\/\/www.purejewels.com\/de\/wp-json\/wp\/v2\/product_cat?post=345712"},{"taxonomy":"product_tag","embeddable":true,"href":"https:\/\/www.purejewels.com\/de\/wp-json\/wp\/v2\/product_tag?post=345712"}],"curies":[{"name":"wp","href":"https:\/\/api.w.org\/{rel}","templated":true}]}}