{"id":345727,"date":"2023-04-04T12:38:27","date_gmt":"2023-04-04T11:38:27","guid":{"rendered":"https:\/\/www.purejewels.com\/?post_type=product&#038;p=345727"},"modified":"2026-01-07T10:51:07","modified_gmt":"2026-01-07T10:51:07","slug":"gelbgold-phantasie-mangalsutra-18-zoll-44450","status":"publish","type":"product","link":"https:\/\/www.purejewels.com\/de\/product\/yellow-gold-fancy-mangalsutra-18-inches-44450\/","title":{"rendered":"Gelbgold Fancy Mangalsutra | 18 Zentimeter"},"content":{"rendered":"<p><strong>Gestaltung<\/strong><\/p>\n<p>Diese <a href=\"https:\/\/www.purejewels.com\/de\/product\/22ct-gold-jali-filigree-ring-jali-collection-31926\/\">22ct<\/a> Die Mangalsutra aus Gelbgold besticht durch ihr elegantes 18-Zoll-Profil, das mit polierten schwarzen Perlen entlang einer feinen Goldkette verziert ist. Der Anh\u00e4nger pr\u00e4sentiert sich in einem doppelten Tropfendesign mit aufwendigen Details, die dem Schmuckst\u00fcck Reichhaltigkeit und Bewegung verleihen. Der tropfenf\u00f6rmige untere Anh\u00e4nger und das strukturierte obere Element bilden einen raffinierten Blickfang, der Tradition mit zeitgen\u00f6ssischer Eleganz verbindet.<\/p>\n<p><strong>Handwerkliches K\u00f6nnen<\/strong><\/p>\n<p>Jede Perle, jedes Glied und jedes Anh\u00e4ngerelement ist aus hochreinem 22-kar\u00e4tigem Gold handgefertigt und wurde sorgf\u00e4ltig geformt, um eine glatte und flie\u00dfende Oberfl\u00e4che zu erzielen. Die Goldarbeiten zeichnen sich durch polierte Oberfl\u00e4chen und subtile Texturen aus, die die visuelle Tiefe verst\u00e4rken. Jedes Mangalsutra ist in Gro\u00dfbritannien punziert, was die Reinheit zertifiziert und das Bekenntnis von PureJewels zu feiner Handwerkskunst widerspiegelt.<\/p>\n<p><strong>Styling &amp; Geschenkartikel<\/strong><\/p>\n<p>Dieses leichte und dennoch ausdrucksstarke Mangalsutra eignet sich perfekt f\u00fcr den Alltag und l\u00e4sst sich wunderbar mit indischen und westlichen Outfits kombinieren. Es ist eine bedeutungsvolle Wahl f\u00fcr frisch Verm\u00e4hlte, Jubil\u00e4en oder als gesch\u00e4tzter pers\u00f6nlicher Schmuck. Dank seiner raffinierten Details l\u00e4sst es sich leicht allein oder zusammen mit anderen Goldschmuckst\u00fccken zu einem modernen Look kombinieren.<\/p>","protected":false},"excerpt":{"rendered":"<p>Eine wundersch\u00f6n gearbeitete Mangalsutra aus 22 Karat Gold mit einem doppelten Tropfenanh\u00e4nger und traditionellen schwarzen Perlen, die f\u00fcr den eleganten Alltag entworfen wurde. Mit britischem Feingehaltsstempel.<\/p>\n<table>\n<tbody>\n<tr>\n<td>Mangalsutra Typ<\/td>\n<td>T\u00e4gliches Tragen Mangalsutra<\/td>\n<\/tr>\n<tr>\n<td>Gewicht<\/td>\n<td>6.1 Gms<\/td>\n<\/tr>\n<tr>\n<td>L\u00e4nge<\/td>\n<td>18 Zoll<\/td>\n<\/tr>\n<tr>\n<td>SKU<\/td>\n<td>44450<\/td>\n<\/tr>\n<tr>\n<td>Metall<\/td>\n<td>22ct Gold<\/td>\n<\/tr>\n<tr>\n<td>Wahrzeichen<\/td>\n<td>22ct Gold gestempelt von London Assay Office<\/td>\n<\/tr>\n<tr>\n<td>Entgelte<\/td>\n<td>Lieferung und Mehrwertsteuer inbegriffen<\/td>\n<\/tr>\n<tr>\n<td>Verpackung<\/td>\n<td>Mit Pr\u00e4sentationsbox<\/td>\n<\/tr>\n<tr>\n<td>Mehr Informationen<\/td>\n<td>Live-Chat mit uns f\u00fcr Verf\u00fcgbarkeit und mehr Bilder<\/td>\n<\/tr>\n<\/tbody>\n<\/table>","protected":false},"featured_media":345752,"comment_status":"closed","ping_status":"closed","template":"","meta":{"_eb_attr":"","_crsspst_to_jayantr4sg-hostcom":true},"product_brand":[],"product_cat":[1791,1559,1775,1284,1573,1574],"product_tag":[],"class_list":{"0":"post-345727","1":"product","2":"type-product","3":"status-publish","4":"has-post-thumbnail","6":"product_cat-anniversary-gifts","7":"product_cat-birthday-gifts","8":"product_cat-daily-wear-mangalsutras","9":"product_cat-gold-mangalsutras","10":"product_cat-wedding-gifts","11":"product_cat-womens-jewellery","13":"first","14":"outofstock","15":"taxable","16":"shipping-taxable","17":"product-type-simple","18":"add-to-wishlist-before_image"},"yoast_head":"<!-- This site is optimized with the Yoast SEO plugin v27.5 - https:\/\/yoast.com\/product\/yoast-seo-wordpress\/ -->\n<title>22ct Yellow Gold Mangalsutra in 18 Inches online UK<\/title>\n<meta name=\"description\" content=\"Explore 22ct Gold Mangalsutra jewellery, perfect for daily wear and adorned by Indian women. Free delivery at UK. Buy online!\" \/>\n<meta name=\"robots\" content=\"index, follow, max-snippet:-1, max-image-preview:large, max-video-preview:-1\" \/>\n<link rel=\"canonical\" href=\"https:\/\/www.purejewels.com\/de\/produkt-2\/gelbgold-phantasie-mangalsutra-18-zoll-44450\/\" \/>\n<meta property=\"og:locale\" content=\"de_DE\" \/>\n<meta property=\"og:type\" content=\"article\" \/>\n<meta property=\"og:title\" content=\"22ct Yellow Gold Mangalsutra in 18 Inches online UK\" \/>\n<meta property=\"og:description\" content=\"Explore 22ct Gold Mangalsutra jewellery, perfect for daily wear and adorned by Indian women. Free delivery at UK. Buy online!\" \/>\n<meta property=\"og:url\" content=\"https:\/\/www.purejewels.com\/de\/produkt-2\/gelbgold-phantasie-mangalsutra-18-zoll-44450\/\" \/>\n<meta property=\"og:site_name\" content=\"PureJewels UK\" \/>\n<meta property=\"article:modified_time\" content=\"2026-01-07T10:51:07+00:00\" \/>\n<meta property=\"og:image\" content=\"https:\/\/static.purejewels.com\/wp-content\/uploads\/2023\/04\/44450-1.jpg\" \/>\n\t<meta property=\"og:image:width\" content=\"1\" \/>\n\t<meta property=\"og:image:height\" content=\"1\" \/>\n\t<meta property=\"og:image:type\" content=\"image\/jpeg\" \/>\n<meta name=\"twitter:card\" content=\"summary_large_image\" \/>\n<meta name=\"twitter:label1\" content=\"Gesch\u00e4tzte Lesezeit\" \/>\n\t<meta name=\"twitter:data1\" content=\"1\u00a0Minute\" \/>\n<script type=\"application\/ld+json\" class=\"yoast-schema-graph\">{\"@context\":\"https:\\\/\\\/schema.org\",\"@graph\":[{\"@type\":[\"WebPage\",\"ItemPage\"],\"@id\":\"https:\\\/\\\/www.purejewels.com\\\/product\\\/yellow-gold-fancy-mangalsutra-18-inches-44450\\\/\",\"url\":\"https:\\\/\\\/www.purejewels.com\\\/product\\\/yellow-gold-fancy-mangalsutra-18-inches-44450\\\/\",\"name\":\"22ct Yellow Gold Mangalsutra in 18 Inches online UK\",\"isPartOf\":{\"@id\":\"https:\\\/\\\/www.purejewels.com\\\/#website\"},\"primaryImageOfPage\":{\"@id\":\"https:\\\/\\\/www.purejewels.com\\\/product\\\/yellow-gold-fancy-mangalsutra-18-inches-44450\\\/#primaryimage\"},\"image\":{\"@id\":\"https:\\\/\\\/www.purejewels.com\\\/product\\\/yellow-gold-fancy-mangalsutra-18-inches-44450\\\/#primaryimage\"},\"thumbnailUrl\":\"https:\\\/\\\/static.purejewels.com\\\/wp-content\\\/uploads\\\/2023\\\/04\\\/44450-1.jpg\",\"datePublished\":\"2023-04-04T11:38:27+00:00\",\"dateModified\":\"2026-01-07T10:51:07+00:00\",\"description\":\"Explore 22ct Gold Mangalsutra jewellery, perfect for daily wear and adorned by Indian women. Free delivery at UK. Buy online!\",\"breadcrumb\":{\"@id\":\"https:\\\/\\\/www.purejewels.com\\\/product\\\/yellow-gold-fancy-mangalsutra-18-inches-44450\\\/#breadcrumb\"},\"inLanguage\":\"de\",\"potentialAction\":[{\"@type\":\"ReadAction\",\"target\":[\"https:\\\/\\\/www.purejewels.com\\\/product\\\/yellow-gold-fancy-mangalsutra-18-inches-44450\\\/\"]}]},{\"@type\":\"ImageObject\",\"inLanguage\":\"de\",\"@id\":\"https:\\\/\\\/www.purejewels.com\\\/product\\\/yellow-gold-fancy-mangalsutra-18-inches-44450\\\/#primaryimage\",\"url\":\"https:\\\/\\\/static.purejewels.com\\\/wp-content\\\/uploads\\\/2023\\\/04\\\/44450-1.jpg\",\"contentUrl\":\"https:\\\/\\\/static.purejewels.com\\\/wp-content\\\/uploads\\\/2023\\\/04\\\/44450-1.jpg\",\"caption\":\"Yellow Gold Fancy Mangalsutra\"},{\"@type\":\"BreadcrumbList\",\"@id\":\"https:\\\/\\\/www.purejewels.com\\\/product\\\/yellow-gold-fancy-mangalsutra-18-inches-44450\\\/#breadcrumb\",\"itemListElement\":[{\"@type\":\"ListItem\",\"position\":1,\"name\":\"Home\",\"item\":\"https:\\\/\\\/www.purejewels.com\\\/\"},{\"@type\":\"ListItem\",\"position\":2,\"name\":\"Shop\",\"item\":\"https:\\\/\\\/www.purejewels.com\\\/shop\\\/\"},{\"@type\":\"ListItem\",\"position\":3,\"name\":\"Yellow Gold Fancy Mangalsutra | 18 Inches\"}]},{\"@type\":\"WebSite\",\"@id\":\"https:\\\/\\\/www.purejewels.com\\\/#website\",\"url\":\"https:\\\/\\\/www.purejewels.com\\\/\",\"name\":\"PureJewels UK\",\"description\":\"Share the Love\",\"publisher\":{\"@id\":\"https:\\\/\\\/www.purejewels.com\\\/#organization\"},\"potentialAction\":[{\"@type\":\"SearchAction\",\"target\":{\"@type\":\"EntryPoint\",\"urlTemplate\":\"https:\\\/\\\/www.purejewels.com\\\/?s={search_term_string}\"},\"query-input\":{\"@type\":\"PropertyValueSpecification\",\"valueRequired\":true,\"valueName\":\"search_term_string\"}}],\"inLanguage\":\"de\"},{\"@type\":\"Organization\",\"@id\":\"https:\\\/\\\/www.purejewels.com\\\/#organization\",\"name\":\"PureJewels UK\",\"url\":\"https:\\\/\\\/www.purejewels.com\\\/\",\"logo\":{\"@type\":\"ImageObject\",\"inLanguage\":\"de\",\"@id\":\"https:\\\/\\\/www.purejewels.com\\\/#\\\/schema\\\/logo\\\/image\\\/\",\"url\":\"https:\\\/\\\/static.purejewels.com\\\/wp-content\\\/uploads\\\/2020\\\/11\\\/Logo-PJ-New-1.png\",\"contentUrl\":\"https:\\\/\\\/static.purejewels.com\\\/wp-content\\\/uploads\\\/2020\\\/11\\\/Logo-PJ-New-1.png\",\"width\":150,\"height\":80,\"caption\":\"PureJewels UK\"},\"image\":{\"@id\":\"https:\\\/\\\/www.purejewels.com\\\/#\\\/schema\\\/logo\\\/image\\\/\"}}]}<\/script>\n<!-- \/ Yoast SEO plugin. -->","yoast_head_json":{"title":"22ct Gelbgold Mangalsutra in 18 Zoll online UK","description":"Entdecken Sie Mangalsutra-Schmuck aus 22 Karat Gold, der sich perfekt f\u00fcr das t\u00e4gliche Tragen eignet und von indischen Frauen getragen wird. Kostenlose Lieferung in UK. Online kaufen!","robots":{"index":"index","follow":"follow","max-snippet":"max-snippet:-1","max-image-preview":"max-image-preview:large","max-video-preview":"max-video-preview:-1"},"canonical":"https:\/\/www.purejewels.com\/de\/produkt-2\/gelbgold-phantasie-mangalsutra-18-zoll-44450\/","og_locale":"de_DE","og_type":"article","og_title":"22ct Yellow Gold Mangalsutra in 18 Inches online UK","og_description":"Explore 22ct Gold Mangalsutra jewellery, perfect for daily wear and adorned by Indian women. Free delivery at UK. Buy online!","og_url":"https:\/\/www.purejewels.com\/de\/produkt-2\/gelbgold-phantasie-mangalsutra-18-zoll-44450\/","og_site_name":"PureJewels UK","article_modified_time":"2026-01-07T10:51:07+00:00","og_image":[{"url":"https:\/\/static.purejewels.com\/wp-content\/uploads\/2023\/04\/44450-1.jpg","width":1,"height":1,"type":"image\/jpeg"}],"twitter_card":"summary_large_image","twitter_misc":{"Gesch\u00e4tzte Lesezeit":"1\u00a0Minute"},"schema":{"@context":"https:\/\/schema.org","@graph":[{"@type":["WebPage","ItemPage"],"@id":"https:\/\/www.purejewels.com\/product\/yellow-gold-fancy-mangalsutra-18-inches-44450\/","url":"https:\/\/www.purejewels.com\/product\/yellow-gold-fancy-mangalsutra-18-inches-44450\/","name":"22ct Gelbgold Mangalsutra in 18 Zoll online UK","isPartOf":{"@id":"https:\/\/www.purejewels.com\/#website"},"primaryImageOfPage":{"@id":"https:\/\/www.purejewels.com\/product\/yellow-gold-fancy-mangalsutra-18-inches-44450\/#primaryimage"},"image":{"@id":"https:\/\/www.purejewels.com\/product\/yellow-gold-fancy-mangalsutra-18-inches-44450\/#primaryimage"},"thumbnailUrl":"https:\/\/static.purejewels.com\/wp-content\/uploads\/2023\/04\/44450-1.jpg","datePublished":"2023-04-04T11:38:27+00:00","dateModified":"2026-01-07T10:51:07+00:00","description":"Entdecken Sie Mangalsutra-Schmuck aus 22 Karat Gold, der sich perfekt f\u00fcr das t\u00e4gliche Tragen eignet und von indischen Frauen getragen wird. Kostenlose Lieferung in UK. Online kaufen!","breadcrumb":{"@id":"https:\/\/www.purejewels.com\/product\/yellow-gold-fancy-mangalsutra-18-inches-44450\/#breadcrumb"},"inLanguage":"de","potentialAction":[{"@type":"ReadAction","target":["https:\/\/www.purejewels.com\/product\/yellow-gold-fancy-mangalsutra-18-inches-44450\/"]}]},{"@type":"ImageObject","inLanguage":"de","@id":"https:\/\/www.purejewels.com\/product\/yellow-gold-fancy-mangalsutra-18-inches-44450\/#primaryimage","url":"https:\/\/static.purejewels.com\/wp-content\/uploads\/2023\/04\/44450-1.jpg","contentUrl":"https:\/\/static.purejewels.com\/wp-content\/uploads\/2023\/04\/44450-1.jpg","caption":"Yellow Gold Fancy Mangalsutra"},{"@type":"BreadcrumbList","@id":"https:\/\/www.purejewels.com\/product\/yellow-gold-fancy-mangalsutra-18-inches-44450\/#breadcrumb","itemListElement":[{"@type":"ListItem","position":1,"name":"Home","item":"https:\/\/www.purejewels.com\/"},{"@type":"ListItem","position":2,"name":"Shop","item":"https:\/\/www.purejewels.com\/shop\/"},{"@type":"ListItem","position":3,"name":"Yellow Gold Fancy Mangalsutra | 18 Inches"}]},{"@type":"WebSite","@id":"https:\/\/www.purejewels.com\/#website","url":"https:\/\/www.purejewels.com\/","name":"PureJewels UK","description":"Teile die Liebe","publisher":{"@id":"https:\/\/www.purejewels.com\/#organization"},"potentialAction":[{"@type":"SearchAction","target":{"@type":"EntryPoint","urlTemplate":"https:\/\/www.purejewels.com\/?s={search_term_string}"},"query-input":{"@type":"PropertyValueSpecification","valueRequired":true,"valueName":"search_term_string"}}],"inLanguage":"de"},{"@type":"Organization","@id":"https:\/\/www.purejewels.com\/#organization","name":"PureJewels UK","url":"https:\/\/www.purejewels.com\/","logo":{"@type":"ImageObject","inLanguage":"de","@id":"https:\/\/www.purejewels.com\/#\/schema\/logo\/image\/","url":"https:\/\/static.purejewels.com\/wp-content\/uploads\/2020\/11\/Logo-PJ-New-1.png","contentUrl":"https:\/\/static.purejewels.com\/wp-content\/uploads\/2020\/11\/Logo-PJ-New-1.png","width":150,"height":80,"caption":"PureJewels UK"},"image":{"@id":"https:\/\/www.purejewels.com\/#\/schema\/logo\/image\/"}}]}},"_links":{"self":[{"href":"https:\/\/www.purejewels.com\/de\/wp-json\/wp\/v2\/product\/345727","targetHints":{"allow":["GET"]}}],"collection":[{"href":"https:\/\/www.purejewels.com\/de\/wp-json\/wp\/v2\/product"}],"about":[{"href":"https:\/\/www.purejewels.com\/de\/wp-json\/wp\/v2\/types\/product"}],"replies":[{"embeddable":true,"href":"https:\/\/www.purejewels.com\/de\/wp-json\/wp\/v2\/comments?post=345727"}],"version-history":[{"count":2,"href":"https:\/\/www.purejewels.com\/de\/wp-json\/wp\/v2\/product\/345727\/revisions"}],"predecessor-version":[{"id":422624,"href":"https:\/\/www.purejewels.com\/de\/wp-json\/wp\/v2\/product\/345727\/revisions\/422624"}],"wp:featuredmedia":[{"embeddable":true,"href":"https:\/\/www.purejewels.com\/de\/wp-json\/wp\/v2\/media\/345752"}],"wp:attachment":[{"href":"https:\/\/www.purejewels.com\/de\/wp-json\/wp\/v2\/media?parent=345727"}],"wp:term":[{"taxonomy":"product_brand","embeddable":true,"href":"https:\/\/www.purejewels.com\/de\/wp-json\/wp\/v2\/product_brand?post=345727"},{"taxonomy":"product_cat","embeddable":true,"href":"https:\/\/www.purejewels.com\/de\/wp-json\/wp\/v2\/product_cat?post=345727"},{"taxonomy":"product_tag","embeddable":true,"href":"https:\/\/www.purejewels.com\/de\/wp-json\/wp\/v2\/product_tag?post=345727"}],"curies":[{"name":"wp","href":"https:\/\/api.w.org\/{rel}","templated":true}]}}