{"id":345817,"date":"2024-06-25T11:19:07","date_gmt":"2024-06-25T10:19:07","guid":{"rendered":"https:\/\/www.purejewels.com\/?post_type=product&#038;p=345817"},"modified":"2026-02-03T07:04:51","modified_gmt":"2026-02-03T07:04:51","slug":"braut-nase-pin-22ct-gold-rosette-sammlung-44281","status":"publish","type":"product","link":"https:\/\/www.purejewels.com\/de\/product\/bridal-nose-pin-22ct-gold-rosette-collection-44281\/","title":{"rendered":"Brautnasenstecker 22ct Gold | Rosette Kollektion"},"content":{"rendered":"<h3 data-start=\"683\" data-end=\"707\"><strong data-start=\"687\" data-end=\"705\">Designkonzept<\/strong><\/h3>\n<p data-start=\"708\" data-end=\"1047\">Das Rosettenmotiv ist in der PureJewels Designsprache des symbolischen Geschichtenerz\u00e4hlens verwurzelt und wurde von bl\u00fchenden Bl\u00fctenbl\u00e4ttern inspiriert, die f\u00fcr Sch\u00f6nheit, Wachstum und die sich entfaltende Reise der Liebe stehen. Dieses zarte Design f\u00e4ngt die Essenz der Anmut einer Braut mit weichen Kurven und skulpturaler Finesse ein und macht es zu einem intimen Schmuckst\u00fcck, das einen tiefgreifenden Moment markiert.<\/p>\n<h3 data-start=\"1054\" data-end=\"1077\"><strong data-start=\"1058\" data-end=\"1075\">Handwerkliches K\u00f6nnen<\/strong><\/h3>\n<p data-start=\"1078\" data-end=\"1424\">Gefertigt aus reinem <a href=\"https:\/\/www.purejewels.com\/de\/product\/22ct-gold-jali-filigree-ring-jali-collection-31926\/\">22ct<\/a> Gold, zeigt diese Nasenbrosche ein H\u00f6chstma\u00df an Kunstfertigkeit. Mit nur 1,4 Gramm ist sie leicht genug, um bequem getragen zu werden, und doch opulent genug, um ein Statement zu setzen. Jedes Detail wird von Meisterhandwerkern gestaltet, die eine Mischung aus traditionellen Techniken und moderner Sensibilit\u00e4t hervorbringen - Markenzeichen des PureJewels-Erbes.<\/p>\n<p data-start=\"1426\" data-end=\"1585\">Jedes St\u00fcck wird einzeln gefertigt und auf Hochglanz poliert und dann in einer luxuri\u00f6sen Pr\u00e4sentationsbox verpackt, die sich ideal zum Verschenken oder als pers\u00f6nlicher Schatz eignet.<\/p>\n<h3 data-start=\"1592\" data-end=\"1615\"><strong data-start=\"1596\" data-end=\"1613\">Styling-Ideen<\/strong><\/h3>\n<ul>\n<li data-start=\"1618\" data-end=\"1740\"><strong data-start=\"1618\" data-end=\"1637\">Brautliche Ausstrahlung<\/strong>: Kombinieren Sie es mit einer Rosette maang tikka oder Ohrringen f\u00fcr einen einheitlichen Brautlook, der koh\u00e4rent und dennoch weich wirkt.<\/li>\n<li data-start=\"1743\" data-end=\"1866\"><strong data-start=\"1743\" data-end=\"1761\">Subtiler Glamour<\/strong>: Tragen Sie es als Solost\u00fcck mit einer weichen Drapierung oder einem Saree f\u00fcr Zeremonien vor der Hochzeit wie Mehndi oder Sangeet.<\/li>\n<li data-start=\"1869\" data-end=\"1994\"><strong data-start=\"1869\" data-end=\"1888\">Modernes Erbe<\/strong>: Kombinieren Sie es mit pastellfarbenen oder elfenbeinfarbenen Brautkleidern, damit das reiche Gold mit ruhiger Opulenz zur Geltung kommt.<\/li>\n<li data-start=\"1997\" data-end=\"2123\"><strong data-start=\"1997\" data-end=\"2024\">Kulturelle Raffinesse<\/strong>: Ideal f\u00fcr Br\u00e4ute, die eine elegante Anspielung auf die Tradition suchen, ohne ihre moderne \u00c4sthetik zu \u00fcbert\u00f6nen.<\/li>\n<\/ul>","protected":false},"excerpt":{"rendered":"<div class=\"woocommerce-product-details__short-description\">\n<table class=\"sh_desc\">\n<tbody>\n<tr>\n<td>Typ des Nasenstifts<\/td>\n<td>Braut-Nasenstecker<\/td>\n<\/tr>\n<tr>\n<td>SKU<\/td>\n<td>44281<\/td>\n<\/tr>\n<tr>\n<td>Gewicht<\/td>\n<td>1.4 Gms<\/td>\n<\/tr>\n<tr>\n<td>KatalogID<\/td>\n<td>R1053<\/td>\n<\/tr>\n<tr>\n<td>Sammlung<\/td>\n<td>Kollektion Rosette<\/td>\n<\/tr>\n<tr>\n<td>Metall<\/td>\n<td>22ct Gold<\/td>\n<\/tr>\n<tr>\n<td>Entgelte<\/td>\n<td>Lieferung und Mehrwertsteuer inbegriffen<\/td>\n<\/tr>\n<tr>\n<td>Verpackung<\/td>\n<td>Mit Pr\u00e4sentationsbox<\/td>\n<\/tr>\n<tr>\n<td>Mehr Informationen<\/td>\n<td>\n<ul>\n<li>Live-Chat mit uns f\u00fcr Verf\u00fcgbarkeit und mehr Bilder<\/li>\n<li>Sie k\u00f6nnen Ihr Aussehen verbessern mit\n<ul>\n<li><strong>Mandel-Tropfen-Ohrring<\/strong><\/li>\n<li><strong>Valley Leaf Halskette<\/strong><\/li>\n<\/ul>\n<\/li>\n<\/ul>\n<\/td>\n<\/tr>\n<\/tbody>\n<\/table>\n<\/div>\n<div class=\"btn-atc atc-slide\"><\/div>\n<div class=\"product_meta\"><\/div>","protected":false},"featured_media":365464,"comment_status":"closed","ping_status":"closed","template":"","meta":{"_eb_attr":"","_crsspst_to_jayantr4sg-hostcom":false},"product_brand":[],"product_cat":[236,1792,1229,1463,5593,1656,1574],"product_tag":[],"class_list":{"0":"post-345817","1":"product","2":"type-product","3":"status-publish","4":"has-post-thumbnail","6":"product_cat-collections","7":"product_cat-festival-gifts","8":"product_cat-22ct-gold-jewellery","9":"product_cat-gold-nose-pins","10":"product_cat-rosette-nose-pin","11":"product_cat-rosettes-collections","12":"product_cat-womens-jewellery","14":"first","15":"onbackorder","16":"taxable","17":"shipping-taxable","18":"product-type-simple","19":"add-to-wishlist-before_image"},"yoast_head":"<!-- This site is optimized with the Yoast SEO plugin v27.5 - https:\/\/yoast.com\/product\/yoast-seo-wordpress\/ -->\n<title>Shop 22ct Gold Bridal Nose Pin | purejewels.com<\/title>\n<meta name=\"description\" content=\"22ct Gold Rosette collection Bridal Nose Pin beautiful design. shop this Bridal Nose pin online from purejewels.com. Free delivery across the UK.\" \/>\n<meta name=\"robots\" content=\"index, follow, max-snippet:-1, max-image-preview:large, max-video-preview:-1\" \/>\n<link rel=\"canonical\" href=\"https:\/\/www.purejewels.com\/de\/produkt-2\/braut-nase-pin-22ct-gold-rosette-sammlung-44281\/\" \/>\n<meta property=\"og:locale\" content=\"de_DE\" \/>\n<meta property=\"og:type\" content=\"article\" \/>\n<meta property=\"og:title\" content=\"Shop 22ct Gold Bridal Nose Pin | purejewels.com\" \/>\n<meta property=\"og:description\" content=\"22ct Gold Rosette collection Bridal Nose Pin beautiful design. shop this Bridal Nose pin online from purejewels.com. Free delivery across the UK.\" \/>\n<meta property=\"og:url\" content=\"https:\/\/www.purejewels.com\/de\/produkt-2\/braut-nase-pin-22ct-gold-rosette-sammlung-44281\/\" \/>\n<meta property=\"og:site_name\" content=\"PureJewels UK\" \/>\n<meta property=\"article:modified_time\" content=\"2026-02-03T07:04:51+00:00\" \/>\n<meta property=\"og:image\" content=\"https:\/\/static.purejewels.com\/wp-content\/uploads\/2024\/06\/Almond-pin.png\" \/>\n\t<meta property=\"og:image:width\" content=\"1000\" \/>\n\t<meta property=\"og:image:height\" content=\"1000\" \/>\n\t<meta property=\"og:image:type\" content=\"image\/png\" \/>\n<meta name=\"twitter:card\" content=\"summary_large_image\" \/>\n<meta name=\"twitter:label1\" content=\"Gesch\u00e4tzte Lesezeit\" \/>\n\t<meta name=\"twitter:data1\" content=\"2\u00a0Minuten\" \/>\n<script type=\"application\/ld+json\" class=\"yoast-schema-graph\">{\"@context\":\"https:\\\/\\\/schema.org\",\"@graph\":[{\"@type\":[\"WebPage\",\"ItemPage\"],\"@id\":\"https:\\\/\\\/www.purejewels.com\\\/product\\\/bridal-nose-pin-22ct-gold-rosette-collection-44281\\\/\",\"url\":\"https:\\\/\\\/www.purejewels.com\\\/product\\\/bridal-nose-pin-22ct-gold-rosette-collection-44281\\\/\",\"name\":\"Shop 22ct Gold Bridal Nose Pin | purejewels.com\",\"isPartOf\":{\"@id\":\"https:\\\/\\\/www.purejewels.com\\\/#website\"},\"primaryImageOfPage\":{\"@id\":\"https:\\\/\\\/www.purejewels.com\\\/product\\\/bridal-nose-pin-22ct-gold-rosette-collection-44281\\\/#primaryimage\"},\"image\":{\"@id\":\"https:\\\/\\\/www.purejewels.com\\\/product\\\/bridal-nose-pin-22ct-gold-rosette-collection-44281\\\/#primaryimage\"},\"thumbnailUrl\":\"https:\\\/\\\/static.purejewels.com\\\/wp-content\\\/uploads\\\/2024\\\/06\\\/Almond-pin.png\",\"datePublished\":\"2024-06-25T10:19:07+00:00\",\"dateModified\":\"2026-02-03T07:04:51+00:00\",\"description\":\"22ct Gold Rosette collection Bridal Nose Pin beautiful design. shop this Bridal Nose pin online from purejewels.com. Free delivery across the UK.\",\"breadcrumb\":{\"@id\":\"https:\\\/\\\/www.purejewels.com\\\/product\\\/bridal-nose-pin-22ct-gold-rosette-collection-44281\\\/#breadcrumb\"},\"inLanguage\":\"de\",\"potentialAction\":[{\"@type\":\"ReadAction\",\"target\":[\"https:\\\/\\\/www.purejewels.com\\\/product\\\/bridal-nose-pin-22ct-gold-rosette-collection-44281\\\/\"]}]},{\"@type\":\"ImageObject\",\"inLanguage\":\"de\",\"@id\":\"https:\\\/\\\/www.purejewels.com\\\/product\\\/bridal-nose-pin-22ct-gold-rosette-collection-44281\\\/#primaryimage\",\"url\":\"https:\\\/\\\/static.purejewels.com\\\/wp-content\\\/uploads\\\/2024\\\/06\\\/Almond-pin.png\",\"contentUrl\":\"https:\\\/\\\/static.purejewels.com\\\/wp-content\\\/uploads\\\/2024\\\/06\\\/Almond-pin.png\",\"width\":1000,\"height\":1000,\"caption\":\"22ct Gold Nose Pin\"},{\"@type\":\"BreadcrumbList\",\"@id\":\"https:\\\/\\\/www.purejewels.com\\\/product\\\/bridal-nose-pin-22ct-gold-rosette-collection-44281\\\/#breadcrumb\",\"itemListElement\":[{\"@type\":\"ListItem\",\"position\":1,\"name\":\"Home\",\"item\":\"https:\\\/\\\/www.purejewels.com\\\/\"},{\"@type\":\"ListItem\",\"position\":2,\"name\":\"Shop\",\"item\":\"https:\\\/\\\/www.purejewels.com\\\/shop\\\/\"},{\"@type\":\"ListItem\",\"position\":3,\"name\":\"Bridal Nose Pin 22ct Gold | Rosette Collection\"}]},{\"@type\":\"WebSite\",\"@id\":\"https:\\\/\\\/www.purejewels.com\\\/#website\",\"url\":\"https:\\\/\\\/www.purejewels.com\\\/\",\"name\":\"PureJewels UK\",\"description\":\"Share the Love\",\"publisher\":{\"@id\":\"https:\\\/\\\/www.purejewels.com\\\/#organization\"},\"potentialAction\":[{\"@type\":\"SearchAction\",\"target\":{\"@type\":\"EntryPoint\",\"urlTemplate\":\"https:\\\/\\\/www.purejewels.com\\\/?s={search_term_string}\"},\"query-input\":{\"@type\":\"PropertyValueSpecification\",\"valueRequired\":true,\"valueName\":\"search_term_string\"}}],\"inLanguage\":\"de\"},{\"@type\":\"Organization\",\"@id\":\"https:\\\/\\\/www.purejewels.com\\\/#organization\",\"name\":\"PureJewels UK\",\"url\":\"https:\\\/\\\/www.purejewels.com\\\/\",\"logo\":{\"@type\":\"ImageObject\",\"inLanguage\":\"de\",\"@id\":\"https:\\\/\\\/www.purejewels.com\\\/#\\\/schema\\\/logo\\\/image\\\/\",\"url\":\"https:\\\/\\\/static.purejewels.com\\\/wp-content\\\/uploads\\\/2020\\\/11\\\/Logo-PJ-New-1.png\",\"contentUrl\":\"https:\\\/\\\/static.purejewels.com\\\/wp-content\\\/uploads\\\/2020\\\/11\\\/Logo-PJ-New-1.png\",\"width\":150,\"height\":80,\"caption\":\"PureJewels UK\"},\"image\":{\"@id\":\"https:\\\/\\\/www.purejewels.com\\\/#\\\/schema\\\/logo\\\/image\\\/\"}}]}<\/script>\n<!-- \/ Yoast SEO plugin. -->","yoast_head_json":{"title":"22ct Gold Brautnasenstecker einkaufen | purejewels.com","description":"22ct Gold Rosette Sammlung Bridal Nose Pin sch\u00f6nes Design. Shop dieses Bridal Nose Pin online von purejewels.com. Kostenlose Lieferung in ganz Gro\u00dfbritannien.","robots":{"index":"index","follow":"follow","max-snippet":"max-snippet:-1","max-image-preview":"max-image-preview:large","max-video-preview":"max-video-preview:-1"},"canonical":"https:\/\/www.purejewels.com\/de\/produkt-2\/braut-nase-pin-22ct-gold-rosette-sammlung-44281\/","og_locale":"de_DE","og_type":"article","og_title":"Shop 22ct Gold Bridal Nose Pin | purejewels.com","og_description":"22ct Gold Rosette collection Bridal Nose Pin beautiful design. shop this Bridal Nose pin online from purejewels.com. Free delivery across the UK.","og_url":"https:\/\/www.purejewels.com\/de\/produkt-2\/braut-nase-pin-22ct-gold-rosette-sammlung-44281\/","og_site_name":"PureJewels UK","article_modified_time":"2026-02-03T07:04:51+00:00","og_image":[{"width":1000,"height":1000,"url":"https:\/\/static.purejewels.com\/wp-content\/uploads\/2024\/06\/Almond-pin.png","type":"image\/png"}],"twitter_card":"summary_large_image","twitter_misc":{"Gesch\u00e4tzte Lesezeit":"2\u00a0Minuten"},"schema":{"@context":"https:\/\/schema.org","@graph":[{"@type":["WebPage","ItemPage"],"@id":"https:\/\/www.purejewels.com\/product\/bridal-nose-pin-22ct-gold-rosette-collection-44281\/","url":"https:\/\/www.purejewels.com\/product\/bridal-nose-pin-22ct-gold-rosette-collection-44281\/","name":"22ct Gold Brautnasenstecker einkaufen | purejewels.com","isPartOf":{"@id":"https:\/\/www.purejewels.com\/#website"},"primaryImageOfPage":{"@id":"https:\/\/www.purejewels.com\/product\/bridal-nose-pin-22ct-gold-rosette-collection-44281\/#primaryimage"},"image":{"@id":"https:\/\/www.purejewels.com\/product\/bridal-nose-pin-22ct-gold-rosette-collection-44281\/#primaryimage"},"thumbnailUrl":"https:\/\/static.purejewels.com\/wp-content\/uploads\/2024\/06\/Almond-pin.png","datePublished":"2024-06-25T10:19:07+00:00","dateModified":"2026-02-03T07:04:51+00:00","description":"22ct Gold Rosette Sammlung Bridal Nose Pin sch\u00f6nes Design. Shop dieses Bridal Nose Pin online von purejewels.com. Kostenlose Lieferung in ganz Gro\u00dfbritannien.","breadcrumb":{"@id":"https:\/\/www.purejewels.com\/product\/bridal-nose-pin-22ct-gold-rosette-collection-44281\/#breadcrumb"},"inLanguage":"de","potentialAction":[{"@type":"ReadAction","target":["https:\/\/www.purejewels.com\/product\/bridal-nose-pin-22ct-gold-rosette-collection-44281\/"]}]},{"@type":"ImageObject","inLanguage":"de","@id":"https:\/\/www.purejewels.com\/product\/bridal-nose-pin-22ct-gold-rosette-collection-44281\/#primaryimage","url":"https:\/\/static.purejewels.com\/wp-content\/uploads\/2024\/06\/Almond-pin.png","contentUrl":"https:\/\/static.purejewels.com\/wp-content\/uploads\/2024\/06\/Almond-pin.png","width":1000,"height":1000,"caption":"22ct Gold Nose Pin"},{"@type":"BreadcrumbList","@id":"https:\/\/www.purejewels.com\/product\/bridal-nose-pin-22ct-gold-rosette-collection-44281\/#breadcrumb","itemListElement":[{"@type":"ListItem","position":1,"name":"Home","item":"https:\/\/www.purejewels.com\/"},{"@type":"ListItem","position":2,"name":"Shop","item":"https:\/\/www.purejewels.com\/shop\/"},{"@type":"ListItem","position":3,"name":"Bridal Nose Pin 22ct Gold | Rosette Collection"}]},{"@type":"WebSite","@id":"https:\/\/www.purejewels.com\/#website","url":"https:\/\/www.purejewels.com\/","name":"PureJewels UK","description":"Teile die Liebe","publisher":{"@id":"https:\/\/www.purejewels.com\/#organization"},"potentialAction":[{"@type":"SearchAction","target":{"@type":"EntryPoint","urlTemplate":"https:\/\/www.purejewels.com\/?s={search_term_string}"},"query-input":{"@type":"PropertyValueSpecification","valueRequired":true,"valueName":"search_term_string"}}],"inLanguage":"de"},{"@type":"Organization","@id":"https:\/\/www.purejewels.com\/#organization","name":"PureJewels UK","url":"https:\/\/www.purejewels.com\/","logo":{"@type":"ImageObject","inLanguage":"de","@id":"https:\/\/www.purejewels.com\/#\/schema\/logo\/image\/","url":"https:\/\/static.purejewels.com\/wp-content\/uploads\/2020\/11\/Logo-PJ-New-1.png","contentUrl":"https:\/\/static.purejewels.com\/wp-content\/uploads\/2020\/11\/Logo-PJ-New-1.png","width":150,"height":80,"caption":"PureJewels UK"},"image":{"@id":"https:\/\/www.purejewels.com\/#\/schema\/logo\/image\/"}}]}},"_links":{"self":[{"href":"https:\/\/www.purejewels.com\/de\/wp-json\/wp\/v2\/product\/345817","targetHints":{"allow":["GET"]}}],"collection":[{"href":"https:\/\/www.purejewels.com\/de\/wp-json\/wp\/v2\/product"}],"about":[{"href":"https:\/\/www.purejewels.com\/de\/wp-json\/wp\/v2\/types\/product"}],"replies":[{"embeddable":true,"href":"https:\/\/www.purejewels.com\/de\/wp-json\/wp\/v2\/comments?post=345817"}],"version-history":[{"count":3,"href":"https:\/\/www.purejewels.com\/de\/wp-json\/wp\/v2\/product\/345817\/revisions"}],"predecessor-version":[{"id":420282,"href":"https:\/\/www.purejewels.com\/de\/wp-json\/wp\/v2\/product\/345817\/revisions\/420282"}],"wp:featuredmedia":[{"embeddable":true,"href":"https:\/\/www.purejewels.com\/de\/wp-json\/wp\/v2\/media\/365464"}],"wp:attachment":[{"href":"https:\/\/www.purejewels.com\/de\/wp-json\/wp\/v2\/media?parent=345817"}],"wp:term":[{"taxonomy":"product_brand","embeddable":true,"href":"https:\/\/www.purejewels.com\/de\/wp-json\/wp\/v2\/product_brand?post=345817"},{"taxonomy":"product_cat","embeddable":true,"href":"https:\/\/www.purejewels.com\/de\/wp-json\/wp\/v2\/product_cat?post=345817"},{"taxonomy":"product_tag","embeddable":true,"href":"https:\/\/www.purejewels.com\/de\/wp-json\/wp\/v2\/product_tag?post=345817"}],"curies":[{"name":"wp","href":"https:\/\/api.w.org\/{rel}","templated":true}]}}