{"id":346315,"date":"2023-05-02T10:57:40","date_gmt":"2023-05-02T09:57:40","guid":{"rendered":"https:\/\/www.purejewels.com\/?post_type=product&#038;p=346315"},"modified":"2026-03-04T05:48:03","modified_gmt":"2026-03-04T05:48:03","slug":"nasenstecker-aus-18-karat-gelbgold-mit-002-karat-diamanten-45201","status":"publish","type":"product","link":"https:\/\/www.purejewels.com\/de\/product\/18ct-yellow-gold-0-02ct-diamond-nosepin-45201\/","title":{"rendered":"18ct Gelbgold | Diamant-Nasennadel | 0.02ct"},"content":{"rendered":"<ul>\n<li><a href=\"https:\/\/www.purejewels.com\/de\/product\/18ct-white-gold-khanda-sikh-religious-pendant-6226\/\">18ct<\/a> Gelbgold <a href=\"https:\/\/www.purejewels.com\/de\/product\/18ct-white-gold-diamond-nose-stud-uk-34153\/\">Diamant-Nasenstecker<\/a> UK<\/li>\n<li>18ct Nasenschmuck Geeignet f\u00fcr den t\u00e4glichen Gebrauch<\/li>\n<li>Runder Diamant im Brillantschliff in Vier-Zacken-Fassung.<\/li>\n<li>Die Abmessungen k\u00f6nnen leicht variieren.<\/li>\n<li>Alle unsere Diamanten werden mit SGL-Zertifikat geliefert.<\/li>\n<\/ul>","protected":false},"excerpt":{"rendered":"<p>Eine zarte, minimalistische Diamantnasenbrosche aus Gelbgold mit einem runden Stein im Brillantschliff, der in einer minimalen Vierzackenfassung gefasst ist. Die Nasenbrosche ist mit einem sicheren Schraubverschluss versehen, der ein bequemes und selbstbewusstes Tragen erm\u00f6glicht, und liegt b\u00fcndig und leicht auf der Haut. Ein raffiniertes, allt\u00e4gliches Funkeln, das aufwertet, ohne zu \u00fcberw\u00e4ltigen.<\/p>\n<p><strong>Gewicht des Diamanten<\/strong>\u00a00,02ct<br \/>\n<strong>Farbe des Diamanten:<\/strong>\u00a0E\/F<br \/>\n<strong>Diamant-Reinheit:<\/strong> VVS<br \/>\n<strong>Diamant-Durchmesser:<\/strong> 1,75 mm<br \/>\n<strong>L\u00e4nge des Nasenstifts:<\/strong> 8,8 mm<br \/>\n<strong>L\u00e4nge des Stiels:<\/strong> 6,6 mm<br \/>\n<strong>Dicke des Stiels:<\/strong> 0,90 mm<\/p>\n<p><strong>Metall:<\/strong> 18ct Gelbgold<br \/>\n<strong>SKU:<\/strong> 47115, 45201, 47114, 54544<br \/>\n<strong>Stein:<\/strong> Nat\u00fcrlicher Diamant<br \/>\nMit dem Produkt mitgeliefertes Zertifikat<\/p>","protected":false},"featured_media":346374,"comment_status":"closed","ping_status":"closed","template":"","meta":{"_eb_attr":"","_crsspst_to_jayantr4sg-hostcom":false},"product_brand":[],"product_cat":[5679,6093,1791,5457,6007,1711,5342,5942,1574],"product_tag":[],"class_list":{"0":"post-346315","1":"product","2":"type-product","3":"status-publish","4":"has-post-thumbnail","6":"product_cat-18ct-gold-jewellery","7":"product_cat-18ct-nose-jewellery","8":"product_cat-anniversary-gifts","9":"product_cat-diamond-jewellery","10":"product_cat-diamond-nose-stud","11":"product_cat-gold-nose-studs","12":"product_cat-jewellery-under-250","13":"product_cat-nose-jewellery","14":"product_cat-womens-jewellery","16":"first","17":"instock","18":"taxable","19":"shipping-taxable","20":"purchasable","21":"product-type-simple","22":"add-to-wishlist-before_image"},"yoast_head":"<!-- This site is optimized with the Yoast SEO plugin v27.5 - https:\/\/yoast.com\/product\/yoast-seo-wordpress\/ -->\n<title>18ct Yellow Gold Nosepin with 0.02ct Diamond | PureJewels<\/title>\n<meta name=\"description\" content=\"This nose stud is the epitome of versatility, with its classic design allowing it to be paired with any outfit.\" \/>\n<meta name=\"robots\" content=\"index, follow, max-snippet:-1, max-image-preview:large, max-video-preview:-1\" \/>\n<link rel=\"canonical\" href=\"https:\/\/www.purejewels.com\/de\/produkt-2\/nasenstecker-aus-18-karat-gelbgold-mit-002-karat-diamanten-45201\/\" \/>\n<meta property=\"og:locale\" content=\"de_DE\" \/>\n<meta property=\"og:type\" content=\"article\" \/>\n<meta property=\"og:title\" content=\"18ct Yellow Gold Nosepin with 0.02ct Diamond | PureJewels\" \/>\n<meta property=\"og:description\" content=\"This nose stud is the epitome of versatility, with its classic design allowing it to be paired with any outfit.\" \/>\n<meta property=\"og:url\" content=\"https:\/\/www.purejewels.com\/de\/produkt-2\/nasenstecker-aus-18-karat-gelbgold-mit-002-karat-diamanten-45201\/\" \/>\n<meta property=\"og:site_name\" content=\"PureJewels UK\" \/>\n<meta property=\"article:modified_time\" content=\"2026-03-04T05:48:03+00:00\" \/>\n<meta property=\"og:image\" content=\"https:\/\/static.purejewels.com\/wp-content\/uploads\/2023\/05\/0.2ct1.jpg\" \/>\n\t<meta property=\"og:image:width\" content=\"1000\" \/>\n\t<meta property=\"og:image:height\" content=\"1000\" \/>\n\t<meta property=\"og:image:type\" content=\"image\/jpeg\" \/>\n<meta name=\"twitter:card\" content=\"summary_large_image\" \/>\n<meta name=\"twitter:label1\" content=\"Gesch\u00e4tzte Lesezeit\" \/>\n\t<meta name=\"twitter:data1\" content=\"1\u00a0Minute\" \/>\n<script type=\"application\/ld+json\" class=\"yoast-schema-graph\">{\"@context\":\"https:\\\/\\\/schema.org\",\"@graph\":[{\"@type\":[\"WebPage\",\"ItemPage\"],\"@id\":\"https:\\\/\\\/www.purejewels.com\\\/product\\\/18ct-yellow-gold-0-02ct-diamond-nosepin-45201\\\/\",\"url\":\"https:\\\/\\\/www.purejewels.com\\\/product\\\/18ct-yellow-gold-0-02ct-diamond-nosepin-45201\\\/\",\"name\":\"18ct Yellow Gold Nosepin with 0.02ct Diamond | PureJewels\",\"isPartOf\":{\"@id\":\"https:\\\/\\\/www.purejewels.com\\\/#website\"},\"primaryImageOfPage\":{\"@id\":\"https:\\\/\\\/www.purejewels.com\\\/product\\\/18ct-yellow-gold-0-02ct-diamond-nosepin-45201\\\/#primaryimage\"},\"image\":{\"@id\":\"https:\\\/\\\/www.purejewels.com\\\/product\\\/18ct-yellow-gold-0-02ct-diamond-nosepin-45201\\\/#primaryimage\"},\"thumbnailUrl\":\"https:\\\/\\\/static.purejewels.com\\\/wp-content\\\/uploads\\\/2023\\\/05\\\/0.2ct1.jpg\",\"datePublished\":\"2023-05-02T09:57:40+00:00\",\"dateModified\":\"2026-03-04T05:48:03+00:00\",\"description\":\"This nose stud is the epitome of versatility, with its classic design allowing it to be paired with any outfit.\",\"breadcrumb\":{\"@id\":\"https:\\\/\\\/www.purejewels.com\\\/product\\\/18ct-yellow-gold-0-02ct-diamond-nosepin-45201\\\/#breadcrumb\"},\"inLanguage\":\"de\",\"potentialAction\":[{\"@type\":\"ReadAction\",\"target\":[\"https:\\\/\\\/www.purejewels.com\\\/product\\\/18ct-yellow-gold-0-02ct-diamond-nosepin-45201\\\/\"]}]},{\"@type\":\"ImageObject\",\"inLanguage\":\"de\",\"@id\":\"https:\\\/\\\/www.purejewels.com\\\/product\\\/18ct-yellow-gold-0-02ct-diamond-nosepin-45201\\\/#primaryimage\",\"url\":\"https:\\\/\\\/static.purejewels.com\\\/wp-content\\\/uploads\\\/2023\\\/05\\\/0.2ct1.jpg\",\"contentUrl\":\"https:\\\/\\\/static.purejewels.com\\\/wp-content\\\/uploads\\\/2023\\\/05\\\/0.2ct1.jpg\",\"width\":1000,\"height\":1000,\"caption\":\"18ct Yellow Gold Diamond Nosepin with Screw For Ladies\"},{\"@type\":\"BreadcrumbList\",\"@id\":\"https:\\\/\\\/www.purejewels.com\\\/product\\\/18ct-yellow-gold-0-02ct-diamond-nosepin-45201\\\/#breadcrumb\",\"itemListElement\":[{\"@type\":\"ListItem\",\"position\":1,\"name\":\"Home\",\"item\":\"https:\\\/\\\/www.purejewels.com\\\/\"},{\"@type\":\"ListItem\",\"position\":2,\"name\":\"Shop\",\"item\":\"https:\\\/\\\/www.purejewels.com\\\/shop\\\/\"},{\"@type\":\"ListItem\",\"position\":3,\"name\":\"18ct Yellow Gold | Diamond Nosepin | 0.02ct\"}]},{\"@type\":\"WebSite\",\"@id\":\"https:\\\/\\\/www.purejewels.com\\\/#website\",\"url\":\"https:\\\/\\\/www.purejewels.com\\\/\",\"name\":\"PureJewels UK\",\"description\":\"Share the Love\",\"publisher\":{\"@id\":\"https:\\\/\\\/www.purejewels.com\\\/#organization\"},\"potentialAction\":[{\"@type\":\"SearchAction\",\"target\":{\"@type\":\"EntryPoint\",\"urlTemplate\":\"https:\\\/\\\/www.purejewels.com\\\/?s={search_term_string}\"},\"query-input\":{\"@type\":\"PropertyValueSpecification\",\"valueRequired\":true,\"valueName\":\"search_term_string\"}}],\"inLanguage\":\"de\"},{\"@type\":\"Organization\",\"@id\":\"https:\\\/\\\/www.purejewels.com\\\/#organization\",\"name\":\"PureJewels UK\",\"url\":\"https:\\\/\\\/www.purejewels.com\\\/\",\"logo\":{\"@type\":\"ImageObject\",\"inLanguage\":\"de\",\"@id\":\"https:\\\/\\\/www.purejewels.com\\\/#\\\/schema\\\/logo\\\/image\\\/\",\"url\":\"https:\\\/\\\/static.purejewels.com\\\/wp-content\\\/uploads\\\/2020\\\/11\\\/Logo-PJ-New-1.png\",\"contentUrl\":\"https:\\\/\\\/static.purejewels.com\\\/wp-content\\\/uploads\\\/2020\\\/11\\\/Logo-PJ-New-1.png\",\"width\":150,\"height\":80,\"caption\":\"PureJewels UK\"},\"image\":{\"@id\":\"https:\\\/\\\/www.purejewels.com\\\/#\\\/schema\\\/logo\\\/image\\\/\"}}]}<\/script>\n<!-- \/ Yoast SEO plugin. -->","yoast_head_json":{"title":"18ct Gelbgold Nasenstecker mit 0,02ct Diamant | PureJewels","description":"Dieser Nasenstecker ist der Inbegriff von Vielseitigkeit. Sein klassisches Design erlaubt es, ihn mit jedem Outfit zu kombinieren.","robots":{"index":"index","follow":"follow","max-snippet":"max-snippet:-1","max-image-preview":"max-image-preview:large","max-video-preview":"max-video-preview:-1"},"canonical":"https:\/\/www.purejewels.com\/de\/produkt-2\/nasenstecker-aus-18-karat-gelbgold-mit-002-karat-diamanten-45201\/","og_locale":"de_DE","og_type":"article","og_title":"18ct Yellow Gold Nosepin with 0.02ct Diamond | PureJewels","og_description":"This nose stud is the epitome of versatility, with its classic design allowing it to be paired with any outfit.","og_url":"https:\/\/www.purejewels.com\/de\/produkt-2\/nasenstecker-aus-18-karat-gelbgold-mit-002-karat-diamanten-45201\/","og_site_name":"PureJewels UK","article_modified_time":"2026-03-04T05:48:03+00:00","og_image":[{"width":1000,"height":1000,"url":"https:\/\/static.purejewels.com\/wp-content\/uploads\/2023\/05\/0.2ct1.jpg","type":"image\/jpeg"}],"twitter_card":"summary_large_image","twitter_misc":{"Gesch\u00e4tzte Lesezeit":"1\u00a0Minute"},"schema":{"@context":"https:\/\/schema.org","@graph":[{"@type":["WebPage","ItemPage"],"@id":"https:\/\/www.purejewels.com\/product\/18ct-yellow-gold-0-02ct-diamond-nosepin-45201\/","url":"https:\/\/www.purejewels.com\/product\/18ct-yellow-gold-0-02ct-diamond-nosepin-45201\/","name":"18ct Gelbgold Nasenstecker mit 0,02ct Diamant | PureJewels","isPartOf":{"@id":"https:\/\/www.purejewels.com\/#website"},"primaryImageOfPage":{"@id":"https:\/\/www.purejewels.com\/product\/18ct-yellow-gold-0-02ct-diamond-nosepin-45201\/#primaryimage"},"image":{"@id":"https:\/\/www.purejewels.com\/product\/18ct-yellow-gold-0-02ct-diamond-nosepin-45201\/#primaryimage"},"thumbnailUrl":"https:\/\/static.purejewels.com\/wp-content\/uploads\/2023\/05\/0.2ct1.jpg","datePublished":"2023-05-02T09:57:40+00:00","dateModified":"2026-03-04T05:48:03+00:00","description":"Dieser Nasenstecker ist der Inbegriff von Vielseitigkeit. Sein klassisches Design erlaubt es, ihn mit jedem Outfit zu kombinieren.","breadcrumb":{"@id":"https:\/\/www.purejewels.com\/product\/18ct-yellow-gold-0-02ct-diamond-nosepin-45201\/#breadcrumb"},"inLanguage":"de","potentialAction":[{"@type":"ReadAction","target":["https:\/\/www.purejewels.com\/product\/18ct-yellow-gold-0-02ct-diamond-nosepin-45201\/"]}]},{"@type":"ImageObject","inLanguage":"de","@id":"https:\/\/www.purejewels.com\/product\/18ct-yellow-gold-0-02ct-diamond-nosepin-45201\/#primaryimage","url":"https:\/\/static.purejewels.com\/wp-content\/uploads\/2023\/05\/0.2ct1.jpg","contentUrl":"https:\/\/static.purejewels.com\/wp-content\/uploads\/2023\/05\/0.2ct1.jpg","width":1000,"height":1000,"caption":"18ct Yellow Gold Diamond Nosepin with Screw For Ladies"},{"@type":"BreadcrumbList","@id":"https:\/\/www.purejewels.com\/product\/18ct-yellow-gold-0-02ct-diamond-nosepin-45201\/#breadcrumb","itemListElement":[{"@type":"ListItem","position":1,"name":"Home","item":"https:\/\/www.purejewels.com\/"},{"@type":"ListItem","position":2,"name":"Shop","item":"https:\/\/www.purejewels.com\/shop\/"},{"@type":"ListItem","position":3,"name":"18ct Yellow Gold | Diamond Nosepin | 0.02ct"}]},{"@type":"WebSite","@id":"https:\/\/www.purejewels.com\/#website","url":"https:\/\/www.purejewels.com\/","name":"PureJewels UK","description":"Teile die Liebe","publisher":{"@id":"https:\/\/www.purejewels.com\/#organization"},"potentialAction":[{"@type":"SearchAction","target":{"@type":"EntryPoint","urlTemplate":"https:\/\/www.purejewels.com\/?s={search_term_string}"},"query-input":{"@type":"PropertyValueSpecification","valueRequired":true,"valueName":"search_term_string"}}],"inLanguage":"de"},{"@type":"Organization","@id":"https:\/\/www.purejewels.com\/#organization","name":"PureJewels UK","url":"https:\/\/www.purejewels.com\/","logo":{"@type":"ImageObject","inLanguage":"de","@id":"https:\/\/www.purejewels.com\/#\/schema\/logo\/image\/","url":"https:\/\/static.purejewels.com\/wp-content\/uploads\/2020\/11\/Logo-PJ-New-1.png","contentUrl":"https:\/\/static.purejewels.com\/wp-content\/uploads\/2020\/11\/Logo-PJ-New-1.png","width":150,"height":80,"caption":"PureJewels UK"},"image":{"@id":"https:\/\/www.purejewels.com\/#\/schema\/logo\/image\/"}}]}},"_links":{"self":[{"href":"https:\/\/www.purejewels.com\/de\/wp-json\/wp\/v2\/product\/346315","targetHints":{"allow":["GET"]}}],"collection":[{"href":"https:\/\/www.purejewels.com\/de\/wp-json\/wp\/v2\/product"}],"about":[{"href":"https:\/\/www.purejewels.com\/de\/wp-json\/wp\/v2\/types\/product"}],"replies":[{"embeddable":true,"href":"https:\/\/www.purejewels.com\/de\/wp-json\/wp\/v2\/comments?post=346315"}],"version-history":[{"count":4,"href":"https:\/\/www.purejewels.com\/de\/wp-json\/wp\/v2\/product\/346315\/revisions"}],"predecessor-version":[{"id":426556,"href":"https:\/\/www.purejewels.com\/de\/wp-json\/wp\/v2\/product\/346315\/revisions\/426556"}],"wp:featuredmedia":[{"embeddable":true,"href":"https:\/\/www.purejewels.com\/de\/wp-json\/wp\/v2\/media\/346374"}],"wp:attachment":[{"href":"https:\/\/www.purejewels.com\/de\/wp-json\/wp\/v2\/media?parent=346315"}],"wp:term":[{"taxonomy":"product_brand","embeddable":true,"href":"https:\/\/www.purejewels.com\/de\/wp-json\/wp\/v2\/product_brand?post=346315"},{"taxonomy":"product_cat","embeddable":true,"href":"https:\/\/www.purejewels.com\/de\/wp-json\/wp\/v2\/product_cat?post=346315"},{"taxonomy":"product_tag","embeddable":true,"href":"https:\/\/www.purejewels.com\/de\/wp-json\/wp\/v2\/product_tag?post=346315"}],"curies":[{"name":"wp","href":"https:\/\/api.w.org\/{rel}","templated":true}]}}