{"id":346458,"date":"2024-07-15T02:06:20","date_gmt":"2024-07-15T01:06:20","guid":{"rendered":"https:\/\/www.purejewels.com\/?post_type=product&#038;p=346458"},"modified":"2026-01-21T06:45:33","modified_gmt":"2026-01-21T06:45:33","slug":"22ct-gold-rosette-halfte-reifen-stil-ohrring-stecker-47877","status":"publish","type":"product","link":"https:\/\/www.purejewels.com\/de\/product\/22ct-gold-rosette-half-hoop-style-earring-studs-47877\/","title":{"rendered":"22ct Sunrise Gold Rosette H\u00e4lfte Hoop Style Ohrring Ohrstecker"},"content":{"rendered":"<p class=\"mb-2 mt-6 text-lg first:mt-3\"><strong><a href=\"https:\/\/www.purejewels.com\/de\/product\/22ct-gold-jali-filigree-ring-jali-collection-31926\/\">22ct<\/a> Sunrise Gold Rosette Halb Hoop Stil <a href=\"https:\/\/www.purejewels.com\/de\/product\/22ct-gold-ladies-stud-earring-with-rhodium-finish-46497\/\">Ohrring<\/a> Nieten<\/strong><\/p>\n<p>Diese atemberaubenden 22ct Sunrise Gold Rosette Half Hoop Style Earring Studs von PureJewels sind das perfekte Accessoire, um jedes Outfit aufzuwerten. Gefertigt aus hochwertigem 22ct Sunrise Gold, diese Ohrringe verf\u00fcgen \u00fcber eine sch\u00f6ne Rosette Design, das einen Hauch von Eleganz und Raffinesse verleiht.<\/p>\n<p>Der Stil mit halbem B\u00fcgel sorgt f\u00fcr einen modernen, minimalistischen Look, der sowohl zu Freizeitkleidung als auch zu formellen Anl\u00e4ssen passt. Die komplizierten Rosetten-Details werden mit traditionellen Methoden handgefertigt und unterstreichen die au\u00dfergew\u00f6hnliche <a href=\"https:\/\/www.purejewels.com\/de\/a-guide-to-die-stamping\/\">Handwerkskunst<\/a> die in jedem St\u00fcck steckt.<\/p>\n<p>Diese Ohrringe sind perfekt, um Ihrem Look einen luxuri\u00f6sen Touch zu verleihen. Der warme, rosige Farbton der <a href=\"https:\/\/www.purejewels.com\/de\/product\/holy-cross-gold-pendant-44713\/\">22 Karat Gold<\/a> schmeichelt allen Hautt\u00f6nen und l\u00e4sst sich wunderbar mit einem ros\u00e9goldenen Kleid oder anderen Komplement\u00e4rfarben kombinieren.<\/p>\n<p>Egal, ob Sie sich f\u00fcr einen besonderen Anlass herausputzen oder Ihren allt\u00e4glichen Stil aufwerten wollen, diese 22ct Sunrise Gold Rosette Half Hoop Style Earring Studs von PureJewels sind eine zeitlose und vielseitige Wahl. Investieren Sie in diese exquisiten Ohrringe, um Ihre Schmucksammlung aufzuwerten und einen bleibenden Eindruck zu hinterlassen.<\/p>","protected":false},"excerpt":{"rendered":"<table class=\"sh_desc\">\n<tbody>\n<tr>\n<td>Art des Ohrrings<\/td>\n<td>Ohrstecker<\/td>\n<\/tr>\n<tr>\n<td>SKU<\/td>\n<td>48327, 48326<\/td>\n<\/tr>\n<tr>\n<td>Gewicht<\/td>\n<td>4 Gramm<\/td>\n<\/tr>\n<tr>\n<td>Breite<\/td>\n<td>5,5 mm<\/td>\n<\/tr>\n<tr>\n<td>Sammlung<\/td>\n<td><strong>Kollektion Rosetten<\/strong><\/td>\n<\/tr>\n<tr>\n<td>Metall<\/td>\n<td>22ct Sonnenaufgang Gold<\/td>\n<\/tr>\n<tr>\n<td>KatalogID<\/td>\n<td>R1045<\/td>\n<\/tr>\n<tr>\n<td>Entgelte<\/td>\n<td>Lieferung und Mehrwertsteuer inbegriffen<\/td>\n<\/tr>\n<tr>\n<td>Verpackung<\/td>\n<td>Mit Pr\u00e4sentationsbox<\/td>\n<\/tr>\n<tr>\n<td>Mehr Informationen<\/td>\n<td>Live-Chat mit uns f\u00fcr Verf\u00fcgbarkeit und mehr Bilder<\/td>\n<\/tr>\n<\/tbody>\n<\/table>","protected":false},"featured_media":364825,"comment_status":"closed","ping_status":"closed","template":"","meta":{"_eb_attr":"","_crsspst_to_jayantr4sg-hostcom":false},"product_brand":[],"product_cat":[1792,1254,1579,6147,1656,5274,1577,1573,1574],"product_tag":[66],"class_list":{"0":"post-346458","1":"product","2":"type-product","3":"status-publish","4":"has-post-thumbnail","6":"product_cat-festival-gifts","7":"product_cat-gold-earrings","8":"product_cat-hoop-earrings","9":"product_cat-rosette-hoop","10":"product_cat-rosettes-collections","11":"product_cat-rosettes-earring","12":"product_cat-stud-earrings","13":"product_cat-wedding-gifts","14":"product_cat-womens-jewellery","15":"product_tag-earrings","17":"first","18":"onbackorder","19":"taxable","20":"shipping-taxable","21":"product-type-simple","22":"add-to-wishlist-before_image"},"yoast_head":"<!-- This site is optimized with the Yoast SEO plugin v27.3 - https:\/\/yoast.com\/product\/yoast-seo-wordpress\/ -->\n<title>22ct Sunrise Gold Rosette Half Hoop Earring at PureJewels<\/title>\n<meta name=\"description\" content=\"Made from high-quality 22ct sunrise gold, these earrings are perfect for adding a touch of elegance and sophistication to any outfit. Shop earrings online today!\" \/>\n<meta name=\"robots\" content=\"index, follow, max-snippet:-1, max-image-preview:large, max-video-preview:-1\" \/>\n<link rel=\"canonical\" href=\"https:\/\/www.purejewels.com\/de\/produkt-2\/22ct-gold-rosette-halfte-reifen-stil-ohrring-stecker-47877\/\" \/>\n<meta property=\"og:locale\" content=\"de_DE\" \/>\n<meta property=\"og:type\" content=\"article\" \/>\n<meta property=\"og:title\" content=\"22ct Sunrise Gold Rosette Half Hoop Earring at PureJewels\" \/>\n<meta property=\"og:description\" content=\"Made from high-quality 22ct sunrise gold, these earrings are perfect for adding a touch of elegance and sophistication to any outfit. Shop earrings online today!\" \/>\n<meta property=\"og:url\" content=\"https:\/\/www.purejewels.com\/de\/produkt-2\/22ct-gold-rosette-halfte-reifen-stil-ohrring-stecker-47877\/\" \/>\n<meta property=\"og:site_name\" content=\"PureJewels UK\" \/>\n<meta property=\"article:modified_time\" content=\"2026-01-21T06:45:33+00:00\" \/>\n<meta property=\"og:image\" content=\"https:\/\/static.purejewels.com\/wp-content\/uploads\/2024\/03\/48327.png\" \/>\n\t<meta property=\"og:image:width\" content=\"1000\" \/>\n\t<meta property=\"og:image:height\" content=\"1000\" \/>\n\t<meta property=\"og:image:type\" content=\"image\/png\" \/>\n<meta name=\"twitter:card\" content=\"summary_large_image\" \/>\n<meta name=\"twitter:label1\" content=\"Gesch\u00e4tzte Lesezeit\" \/>\n\t<meta name=\"twitter:data1\" content=\"1\u00a0Minute\" \/>\n<script type=\"application\/ld+json\" class=\"yoast-schema-graph\">{\"@context\":\"https:\\\/\\\/schema.org\",\"@graph\":[{\"@type\":[\"WebPage\",\"ItemPage\"],\"@id\":\"https:\\\/\\\/www.purejewels.com\\\/product\\\/22ct-gold-rosette-half-hoop-style-earring-studs-47877\\\/\",\"url\":\"https:\\\/\\\/www.purejewels.com\\\/product\\\/22ct-gold-rosette-half-hoop-style-earring-studs-47877\\\/\",\"name\":\"22ct Sunrise Gold Rosette Half Hoop Earring at PureJewels\",\"isPartOf\":{\"@id\":\"https:\\\/\\\/www.purejewels.com\\\/#website\"},\"primaryImageOfPage\":{\"@id\":\"https:\\\/\\\/www.purejewels.com\\\/product\\\/22ct-gold-rosette-half-hoop-style-earring-studs-47877\\\/#primaryimage\"},\"image\":{\"@id\":\"https:\\\/\\\/www.purejewels.com\\\/product\\\/22ct-gold-rosette-half-hoop-style-earring-studs-47877\\\/#primaryimage\"},\"thumbnailUrl\":\"https:\\\/\\\/static.purejewels.com\\\/wp-content\\\/uploads\\\/2024\\\/03\\\/48327.png\",\"datePublished\":\"2024-07-15T01:06:20+00:00\",\"dateModified\":\"2026-01-21T06:45:33+00:00\",\"description\":\"Made from high-quality 22ct sunrise gold, these earrings are perfect for adding a touch of elegance and sophistication to any outfit. Shop earrings online today!\",\"breadcrumb\":{\"@id\":\"https:\\\/\\\/www.purejewels.com\\\/product\\\/22ct-gold-rosette-half-hoop-style-earring-studs-47877\\\/#breadcrumb\"},\"inLanguage\":\"de\",\"potentialAction\":[{\"@type\":\"ReadAction\",\"target\":[\"https:\\\/\\\/www.purejewels.com\\\/product\\\/22ct-gold-rosette-half-hoop-style-earring-studs-47877\\\/\"]}]},{\"@type\":\"ImageObject\",\"inLanguage\":\"de\",\"@id\":\"https:\\\/\\\/www.purejewels.com\\\/product\\\/22ct-gold-rosette-half-hoop-style-earring-studs-47877\\\/#primaryimage\",\"url\":\"https:\\\/\\\/static.purejewels.com\\\/wp-content\\\/uploads\\\/2024\\\/03\\\/48327.png\",\"contentUrl\":\"https:\\\/\\\/static.purejewels.com\\\/wp-content\\\/uploads\\\/2024\\\/03\\\/48327.png\",\"width\":1000,\"height\":1000,\"caption\":\"22ct Sunrise Gold Rosette Half Hoop Style Earring Studs\"},{\"@type\":\"BreadcrumbList\",\"@id\":\"https:\\\/\\\/www.purejewels.com\\\/product\\\/22ct-gold-rosette-half-hoop-style-earring-studs-47877\\\/#breadcrumb\",\"itemListElement\":[{\"@type\":\"ListItem\",\"position\":1,\"name\":\"Home\",\"item\":\"https:\\\/\\\/www.purejewels.com\\\/\"},{\"@type\":\"ListItem\",\"position\":2,\"name\":\"Shop\",\"item\":\"https:\\\/\\\/www.purejewels.com\\\/shop\\\/\"},{\"@type\":\"ListItem\",\"position\":3,\"name\":\"22ct Sunrise Gold Rosette Half Hoop Style Earring Studs\"}]},{\"@type\":\"WebSite\",\"@id\":\"https:\\\/\\\/www.purejewels.com\\\/#website\",\"url\":\"https:\\\/\\\/www.purejewels.com\\\/\",\"name\":\"PureJewels UK\",\"description\":\"Share the Love\",\"publisher\":{\"@id\":\"https:\\\/\\\/www.purejewels.com\\\/#organization\"},\"potentialAction\":[{\"@type\":\"SearchAction\",\"target\":{\"@type\":\"EntryPoint\",\"urlTemplate\":\"https:\\\/\\\/www.purejewels.com\\\/?s={search_term_string}\"},\"query-input\":{\"@type\":\"PropertyValueSpecification\",\"valueRequired\":true,\"valueName\":\"search_term_string\"}}],\"inLanguage\":\"de\"},{\"@type\":\"Organization\",\"@id\":\"https:\\\/\\\/www.purejewels.com\\\/#organization\",\"name\":\"PureJewels UK\",\"url\":\"https:\\\/\\\/www.purejewels.com\\\/\",\"logo\":{\"@type\":\"ImageObject\",\"inLanguage\":\"de\",\"@id\":\"https:\\\/\\\/www.purejewels.com\\\/#\\\/schema\\\/logo\\\/image\\\/\",\"url\":\"https:\\\/\\\/static.purejewels.com\\\/wp-content\\\/uploads\\\/2020\\\/11\\\/Logo-PJ-New-1.png\",\"contentUrl\":\"https:\\\/\\\/static.purejewels.com\\\/wp-content\\\/uploads\\\/2020\\\/11\\\/Logo-PJ-New-1.png\",\"width\":150,\"height\":80,\"caption\":\"PureJewels UK\"},\"image\":{\"@id\":\"https:\\\/\\\/www.purejewels.com\\\/#\\\/schema\\\/logo\\\/image\\\/\"}}]}<\/script>\n<!-- \/ Yoast SEO plugin. -->","yoast_head_json":{"title":"22ct Sunrise Gold Rosette halber Creolenring bei PureJewels","description":"Diese Ohrringe aus hochwertigem 22-kar\u00e4tigem Sunrise-Gold sind perfekt, um jedem Outfit einen Hauch von Eleganz und Raffinesse zu verleihen. Kaufen Sie noch heute Ohrringe online!","robots":{"index":"index","follow":"follow","max-snippet":"max-snippet:-1","max-image-preview":"max-image-preview:large","max-video-preview":"max-video-preview:-1"},"canonical":"https:\/\/www.purejewels.com\/de\/produkt-2\/22ct-gold-rosette-halfte-reifen-stil-ohrring-stecker-47877\/","og_locale":"de_DE","og_type":"article","og_title":"22ct Sunrise Gold Rosette Half Hoop Earring at PureJewels","og_description":"Made from high-quality 22ct sunrise gold, these earrings are perfect for adding a touch of elegance and sophistication to any outfit. Shop earrings online today!","og_url":"https:\/\/www.purejewels.com\/de\/produkt-2\/22ct-gold-rosette-halfte-reifen-stil-ohrring-stecker-47877\/","og_site_name":"PureJewels UK","article_modified_time":"2026-01-21T06:45:33+00:00","og_image":[{"width":1000,"height":1000,"url":"https:\/\/static.purejewels.com\/wp-content\/uploads\/2024\/03\/48327.png","type":"image\/png"}],"twitter_card":"summary_large_image","twitter_misc":{"Gesch\u00e4tzte Lesezeit":"1\u00a0Minute"},"schema":{"@context":"https:\/\/schema.org","@graph":[{"@type":["WebPage","ItemPage"],"@id":"https:\/\/www.purejewels.com\/product\/22ct-gold-rosette-half-hoop-style-earring-studs-47877\/","url":"https:\/\/www.purejewels.com\/product\/22ct-gold-rosette-half-hoop-style-earring-studs-47877\/","name":"22ct Sunrise Gold Rosette halber Creolenring bei PureJewels","isPartOf":{"@id":"https:\/\/www.purejewels.com\/#website"},"primaryImageOfPage":{"@id":"https:\/\/www.purejewels.com\/product\/22ct-gold-rosette-half-hoop-style-earring-studs-47877\/#primaryimage"},"image":{"@id":"https:\/\/www.purejewels.com\/product\/22ct-gold-rosette-half-hoop-style-earring-studs-47877\/#primaryimage"},"thumbnailUrl":"https:\/\/static.purejewels.com\/wp-content\/uploads\/2024\/03\/48327.png","datePublished":"2024-07-15T01:06:20+00:00","dateModified":"2026-01-21T06:45:33+00:00","description":"Diese Ohrringe aus hochwertigem 22-kar\u00e4tigem Sunrise-Gold sind perfekt, um jedem Outfit einen Hauch von Eleganz und Raffinesse zu verleihen. Kaufen Sie noch heute Ohrringe online!","breadcrumb":{"@id":"https:\/\/www.purejewels.com\/product\/22ct-gold-rosette-half-hoop-style-earring-studs-47877\/#breadcrumb"},"inLanguage":"de","potentialAction":[{"@type":"ReadAction","target":["https:\/\/www.purejewels.com\/product\/22ct-gold-rosette-half-hoop-style-earring-studs-47877\/"]}]},{"@type":"ImageObject","inLanguage":"de","@id":"https:\/\/www.purejewels.com\/product\/22ct-gold-rosette-half-hoop-style-earring-studs-47877\/#primaryimage","url":"https:\/\/static.purejewels.com\/wp-content\/uploads\/2024\/03\/48327.png","contentUrl":"https:\/\/static.purejewels.com\/wp-content\/uploads\/2024\/03\/48327.png","width":1000,"height":1000,"caption":"22ct Sunrise Gold Rosette Half Hoop Style Earring Studs"},{"@type":"BreadcrumbList","@id":"https:\/\/www.purejewels.com\/product\/22ct-gold-rosette-half-hoop-style-earring-studs-47877\/#breadcrumb","itemListElement":[{"@type":"ListItem","position":1,"name":"Home","item":"https:\/\/www.purejewels.com\/"},{"@type":"ListItem","position":2,"name":"Shop","item":"https:\/\/www.purejewels.com\/shop\/"},{"@type":"ListItem","position":3,"name":"22ct Sunrise Gold Rosette Half Hoop Style Earring Studs"}]},{"@type":"WebSite","@id":"https:\/\/www.purejewels.com\/#website","url":"https:\/\/www.purejewels.com\/","name":"PureJewels UK","description":"Teile die Liebe","publisher":{"@id":"https:\/\/www.purejewels.com\/#organization"},"potentialAction":[{"@type":"SearchAction","target":{"@type":"EntryPoint","urlTemplate":"https:\/\/www.purejewels.com\/?s={search_term_string}"},"query-input":{"@type":"PropertyValueSpecification","valueRequired":true,"valueName":"search_term_string"}}],"inLanguage":"de"},{"@type":"Organization","@id":"https:\/\/www.purejewels.com\/#organization","name":"PureJewels UK","url":"https:\/\/www.purejewels.com\/","logo":{"@type":"ImageObject","inLanguage":"de","@id":"https:\/\/www.purejewels.com\/#\/schema\/logo\/image\/","url":"https:\/\/static.purejewels.com\/wp-content\/uploads\/2020\/11\/Logo-PJ-New-1.png","contentUrl":"https:\/\/static.purejewels.com\/wp-content\/uploads\/2020\/11\/Logo-PJ-New-1.png","width":150,"height":80,"caption":"PureJewels UK"},"image":{"@id":"https:\/\/www.purejewels.com\/#\/schema\/logo\/image\/"}}]}},"_links":{"self":[{"href":"https:\/\/www.purejewels.com\/de\/wp-json\/wp\/v2\/product\/346458","targetHints":{"allow":["GET"]}}],"collection":[{"href":"https:\/\/www.purejewels.com\/de\/wp-json\/wp\/v2\/product"}],"about":[{"href":"https:\/\/www.purejewels.com\/de\/wp-json\/wp\/v2\/types\/product"}],"replies":[{"embeddable":true,"href":"https:\/\/www.purejewels.com\/de\/wp-json\/wp\/v2\/comments?post=346458"}],"version-history":[{"count":5,"href":"https:\/\/www.purejewels.com\/de\/wp-json\/wp\/v2\/product\/346458\/revisions"}],"predecessor-version":[{"id":397869,"href":"https:\/\/www.purejewels.com\/de\/wp-json\/wp\/v2\/product\/346458\/revisions\/397869"}],"wp:featuredmedia":[{"embeddable":true,"href":"https:\/\/www.purejewels.com\/de\/wp-json\/wp\/v2\/media\/364825"}],"wp:attachment":[{"href":"https:\/\/www.purejewels.com\/de\/wp-json\/wp\/v2\/media?parent=346458"}],"wp:term":[{"taxonomy":"product_brand","embeddable":true,"href":"https:\/\/www.purejewels.com\/de\/wp-json\/wp\/v2\/product_brand?post=346458"},{"taxonomy":"product_cat","embeddable":true,"href":"https:\/\/www.purejewels.com\/de\/wp-json\/wp\/v2\/product_cat?post=346458"},{"taxonomy":"product_tag","embeddable":true,"href":"https:\/\/www.purejewels.com\/de\/wp-json\/wp\/v2\/product_tag?post=346458"}],"curies":[{"name":"wp","href":"https:\/\/api.w.org\/{rel}","templated":true}]}}