{"id":346503,"date":"2023-05-09T10:40:17","date_gmt":"2023-05-09T09:40:17","guid":{"rendered":"https:\/\/www.purejewels.com\/?post_type=product&#038;p=346503"},"modified":"2026-01-30T08:14:15","modified_gmt":"2026-01-30T08:14:15","slug":"22-karat-gold-armari-ohrringe-45052","status":"publish","type":"product","link":"https:\/\/www.purejewels.com\/de\/product\/22ct-gold-armari-earrings-45052\/","title":{"rendered":"22ct Gold Armari Ohrringe"},"content":{"rendered":"<p>Wir pr\u00e4sentieren unser fesselndes 22ct Gold <a href=\"https:\/\/www.purejewels.com\/de\/product\/22ct-gold-ladies-stud-earring-with-rhodium-finish-46497\/\">Ohrring<\/a> aus der Armari-Kollektion, eine wahre Verk\u00f6rperung von Anmut und Raffinesse. Sorgf\u00e4ltig und mit fachm\u00e4nnischer Pr\u00e4zision gefertigt, sind diese <a href=\"https:\/\/www.purejewels.com\/de\/product-category\/22ct-gold-jewellery\/gold-earrings\/\">Ohrringe<\/a> wurden entwickelt, um Ihre nat\u00fcrliche Sch\u00f6nheit zu unterstreichen und Ihren Stil zu verbessern.<\/p>\n<p>Die aus hochwertigem 22-kar\u00e4tigem Gold gefertigten Ohrringe strahlen einen warmen, luxuri\u00f6sen Glanz aus, der m\u00fchelos das Licht einf\u00e4ngt. Die filigranen Details auf den Ohrringen zeugen von tadelloser Handwerkskunst und verleihen dem Gesamtdesign einen Hauch von Charme.<\/p>\n<p>Ganz gleich, ob Sie an einer glamour\u00f6sen Veranstaltung teilnehmen oder Ihrem Alltagsoutfit einen Hauch von Eleganz verleihen m\u00f6chten, diese Ohrringe sind die perfekte Wahl. Dank ihres zeitlosen Aussehens k\u00f6nnen sie zu jedem Anlass getragen werden und sind somit eine vielseitige Erg\u00e4nzung Ihrer Schmucksammlung.<\/p>\n<p>Der sichere und bequeme Verschlussmechanismus garantiert ein sorgenfreies Trageerlebnis. Die leichte Konstruktion sorgt daf\u00fcr, dass diese Ohrringe den ganzen Tag oder die ganze Nacht getragen werden k\u00f6nnen, ohne dass sie unangenehm sind.<\/p>\n<p>Unterstreichen Sie Ihren pers\u00f6nlichen Stil und hinterlassen Sie einen bleibenden Eindruck mit unseren atemberaubenden Ohrringen aus 22 Karat Gold aus der Armari Collection. Entdecken Sie jetzt unsere Kollektion und finden Sie das perfekte Paar, um Ihre Individualit\u00e4t zu erg\u00e4nzen und Ihrem Look einen Hauch von Glamour zu verleihen.<\/p>","protected":false},"excerpt":{"rendered":"<table class=\"sh_desc\">\n<tbody>\n<tr>\n<td>Art des Ohrrings<\/td>\n<td>Ohrring Tropfen<\/td>\n<\/tr>\n<tr>\n<td>SKU<\/td>\n<td>46743<\/td>\n<\/tr>\n<tr>\n<td>Gewicht<\/td>\n<td>6,5 Gramm<\/td>\n<\/tr>\n<tr>\n<td>Oberfl\u00e4che<\/td>\n<td>Antike_Matte<\/td>\n<\/tr>\n<tr>\n<td>Geschlecht<\/td>\n<td>Damen<\/td>\n<\/tr>\n<tr>\n<td>Sammlung<\/td>\n<td><strong>Sammlung Armari<\/strong><\/td>\n<\/tr>\n<tr>\n<td>Metall<\/td>\n<td>22ct Gold<\/td>\n<\/tr>\n<tr>\n<td>Entgelte<\/td>\n<td>Lieferung und Mehrwertsteuer inbegriffen<\/td>\n<\/tr>\n<tr>\n<td>Verpackung<\/td>\n<td>Mit Pr\u00e4sentationsbox<\/td>\n<\/tr>\n<tr>\n<td>Mehr Informationen<\/td>\n<td>Live-Chat mit uns f\u00fcr Verf\u00fcgbarkeit und mehr Bilder<\/td>\n<\/tr>\n<\/tbody>\n<\/table>","protected":false},"featured_media":349200,"comment_status":"closed","ping_status":"closed","template":"","meta":{"_eb_attr":"","_crsspst_to_jayantr4sg-hostcom":false},"product_brand":[],"product_cat":[245,5639,1685,1254,1573,1574],"product_tag":[],"class_list":{"0":"post-346503","1":"product","2":"type-product","3":"status-publish","4":"has-post-thumbnail","6":"product_cat-armari-collections","7":"product_cat-armari-earring","8":"product_cat-drop-earrings","9":"product_cat-gold-earrings","10":"product_cat-wedding-gifts","11":"product_cat-womens-jewellery","13":"first","14":"instock","15":"taxable","16":"shipping-taxable","17":"purchasable","18":"product-type-simple","19":"add-to-wishlist-before_image"},"yoast_head":"<!-- This site is optimized with the Yoast SEO plugin v27.5 - https:\/\/yoast.com\/product\/yoast-seo-wordpress\/ -->\n<title>Shop Stunning 22ct Gold Earring from Armari Collection<\/title>\n<meta name=\"description\" content=\"Elevate your style with 22ct Gold earrings from the Armari Collection. Handcrafted with precision, these earrings are a timeless symbol of beauty &amp; elegance\" \/>\n<meta name=\"robots\" content=\"index, follow, max-snippet:-1, max-image-preview:large, max-video-preview:-1\" \/>\n<link rel=\"canonical\" href=\"https:\/\/www.purejewels.com\/de\/produkt-2\/22-karat-gold-armari-ohrringe-45052\/\" \/>\n<meta property=\"og:locale\" content=\"de_DE\" \/>\n<meta property=\"og:type\" content=\"article\" \/>\n<meta property=\"og:title\" content=\"Shop Stunning 22ct Gold Earring from Armari Collection\" \/>\n<meta property=\"og:description\" content=\"Elevate your style with 22ct Gold earrings from the Armari Collection. Handcrafted with precision, these earrings are a timeless symbol of beauty &amp; elegance\" \/>\n<meta property=\"og:url\" content=\"https:\/\/www.purejewels.com\/de\/produkt-2\/22-karat-gold-armari-ohrringe-45052\/\" \/>\n<meta property=\"og:site_name\" content=\"PureJewels UK\" \/>\n<meta property=\"article:modified_time\" content=\"2026-01-30T08:14:15+00:00\" \/>\n<meta property=\"og:image\" content=\"https:\/\/static.purejewels.com\/wp-content\/uploads\/2023\/05\/New-Project-31.jpg\" \/>\n\t<meta property=\"og:image:width\" content=\"1000\" \/>\n\t<meta property=\"og:image:height\" content=\"1000\" \/>\n\t<meta property=\"og:image:type\" content=\"image\/jpeg\" \/>\n<meta name=\"twitter:card\" content=\"summary_large_image\" \/>\n<meta name=\"twitter:label1\" content=\"Gesch\u00e4tzte Lesezeit\" \/>\n\t<meta name=\"twitter:data1\" content=\"2\u00a0Minuten\" \/>\n<script type=\"application\/ld+json\" class=\"yoast-schema-graph\">{\"@context\":\"https:\\\/\\\/schema.org\",\"@graph\":[{\"@type\":[\"WebPage\",\"ItemPage\"],\"@id\":\"https:\\\/\\\/www.purejewels.com\\\/product\\\/22ct-gold-armari-earrings-45052\\\/\",\"url\":\"https:\\\/\\\/www.purejewels.com\\\/product\\\/22ct-gold-armari-earrings-45052\\\/\",\"name\":\"Shop Stunning 22ct Gold Earring from Armari Collection\",\"isPartOf\":{\"@id\":\"https:\\\/\\\/www.purejewels.com\\\/#website\"},\"primaryImageOfPage\":{\"@id\":\"https:\\\/\\\/www.purejewels.com\\\/product\\\/22ct-gold-armari-earrings-45052\\\/#primaryimage\"},\"image\":{\"@id\":\"https:\\\/\\\/www.purejewels.com\\\/product\\\/22ct-gold-armari-earrings-45052\\\/#primaryimage\"},\"thumbnailUrl\":\"https:\\\/\\\/static.purejewels.com\\\/wp-content\\\/uploads\\\/2023\\\/05\\\/New-Project-31.jpg\",\"datePublished\":\"2023-05-09T09:40:17+00:00\",\"dateModified\":\"2026-01-30T08:14:15+00:00\",\"description\":\"Elevate your style with 22ct Gold earrings from the Armari Collection. Handcrafted with precision, these earrings are a timeless symbol of beauty & elegance\",\"breadcrumb\":{\"@id\":\"https:\\\/\\\/www.purejewels.com\\\/product\\\/22ct-gold-armari-earrings-45052\\\/#breadcrumb\"},\"inLanguage\":\"de\",\"potentialAction\":[{\"@type\":\"ReadAction\",\"target\":[\"https:\\\/\\\/www.purejewels.com\\\/product\\\/22ct-gold-armari-earrings-45052\\\/\"]}]},{\"@type\":\"ImageObject\",\"inLanguage\":\"de\",\"@id\":\"https:\\\/\\\/www.purejewels.com\\\/product\\\/22ct-gold-armari-earrings-45052\\\/#primaryimage\",\"url\":\"https:\\\/\\\/static.purejewels.com\\\/wp-content\\\/uploads\\\/2023\\\/05\\\/New-Project-31.jpg\",\"contentUrl\":\"https:\\\/\\\/static.purejewels.com\\\/wp-content\\\/uploads\\\/2023\\\/05\\\/New-Project-31.jpg\",\"width\":1000,\"height\":1000},{\"@type\":\"BreadcrumbList\",\"@id\":\"https:\\\/\\\/www.purejewels.com\\\/product\\\/22ct-gold-armari-earrings-45052\\\/#breadcrumb\",\"itemListElement\":[{\"@type\":\"ListItem\",\"position\":1,\"name\":\"Home\",\"item\":\"https:\\\/\\\/www.purejewels.com\\\/\"},{\"@type\":\"ListItem\",\"position\":2,\"name\":\"Shop\",\"item\":\"https:\\\/\\\/www.purejewels.com\\\/shop\\\/\"},{\"@type\":\"ListItem\",\"position\":3,\"name\":\"22ct Gold Armari Earrings\"}]},{\"@type\":\"WebSite\",\"@id\":\"https:\\\/\\\/www.purejewels.com\\\/#website\",\"url\":\"https:\\\/\\\/www.purejewels.com\\\/\",\"name\":\"PureJewels UK\",\"description\":\"Share the Love\",\"publisher\":{\"@id\":\"https:\\\/\\\/www.purejewels.com\\\/#organization\"},\"potentialAction\":[{\"@type\":\"SearchAction\",\"target\":{\"@type\":\"EntryPoint\",\"urlTemplate\":\"https:\\\/\\\/www.purejewels.com\\\/?s={search_term_string}\"},\"query-input\":{\"@type\":\"PropertyValueSpecification\",\"valueRequired\":true,\"valueName\":\"search_term_string\"}}],\"inLanguage\":\"de\"},{\"@type\":\"Organization\",\"@id\":\"https:\\\/\\\/www.purejewels.com\\\/#organization\",\"name\":\"PureJewels UK\",\"url\":\"https:\\\/\\\/www.purejewels.com\\\/\",\"logo\":{\"@type\":\"ImageObject\",\"inLanguage\":\"de\",\"@id\":\"https:\\\/\\\/www.purejewels.com\\\/#\\\/schema\\\/logo\\\/image\\\/\",\"url\":\"https:\\\/\\\/static.purejewels.com\\\/wp-content\\\/uploads\\\/2020\\\/11\\\/Logo-PJ-New-1.png\",\"contentUrl\":\"https:\\\/\\\/static.purejewels.com\\\/wp-content\\\/uploads\\\/2020\\\/11\\\/Logo-PJ-New-1.png\",\"width\":150,\"height\":80,\"caption\":\"PureJewels UK\"},\"image\":{\"@id\":\"https:\\\/\\\/www.purejewels.com\\\/#\\\/schema\\\/logo\\\/image\\\/\"}}]}<\/script>\n<!-- \/ Yoast SEO plugin. -->","yoast_head_json":{"title":"Atemberaubende Ohrringe aus 22 Karat Gold von Armari Collection kaufen","description":"Erh\u00f6hen Sie Ihren Stil mit den Ohrringen aus 22-kar\u00e4tigem Gold aus der Armari Collection. Handgefertigt mit Pr\u00e4zision, sind diese Ohrringe ein zeitloses Symbol f\u00fcr Sch\u00f6nheit und Eleganz","robots":{"index":"index","follow":"follow","max-snippet":"max-snippet:-1","max-image-preview":"max-image-preview:large","max-video-preview":"max-video-preview:-1"},"canonical":"https:\/\/www.purejewels.com\/de\/produkt-2\/22-karat-gold-armari-ohrringe-45052\/","og_locale":"de_DE","og_type":"article","og_title":"Shop Stunning 22ct Gold Earring from Armari Collection","og_description":"Elevate your style with 22ct Gold earrings from the Armari Collection. Handcrafted with precision, these earrings are a timeless symbol of beauty & elegance","og_url":"https:\/\/www.purejewels.com\/de\/produkt-2\/22-karat-gold-armari-ohrringe-45052\/","og_site_name":"PureJewels UK","article_modified_time":"2026-01-30T08:14:15+00:00","og_image":[{"width":1000,"height":1000,"url":"https:\/\/static.purejewels.com\/wp-content\/uploads\/2023\/05\/New-Project-31.jpg","type":"image\/jpeg"}],"twitter_card":"summary_large_image","twitter_misc":{"Gesch\u00e4tzte Lesezeit":"2\u00a0Minuten"},"schema":{"@context":"https:\/\/schema.org","@graph":[{"@type":["WebPage","ItemPage"],"@id":"https:\/\/www.purejewels.com\/product\/22ct-gold-armari-earrings-45052\/","url":"https:\/\/www.purejewels.com\/product\/22ct-gold-armari-earrings-45052\/","name":"Atemberaubende Ohrringe aus 22 Karat Gold von Armari Collection kaufen","isPartOf":{"@id":"https:\/\/www.purejewels.com\/#website"},"primaryImageOfPage":{"@id":"https:\/\/www.purejewels.com\/product\/22ct-gold-armari-earrings-45052\/#primaryimage"},"image":{"@id":"https:\/\/www.purejewels.com\/product\/22ct-gold-armari-earrings-45052\/#primaryimage"},"thumbnailUrl":"https:\/\/static.purejewels.com\/wp-content\/uploads\/2023\/05\/New-Project-31.jpg","datePublished":"2023-05-09T09:40:17+00:00","dateModified":"2026-01-30T08:14:15+00:00","description":"Erh\u00f6hen Sie Ihren Stil mit den Ohrringen aus 22-kar\u00e4tigem Gold aus der Armari Collection. Handgefertigt mit Pr\u00e4zision, sind diese Ohrringe ein zeitloses Symbol f\u00fcr Sch\u00f6nheit und Eleganz","breadcrumb":{"@id":"https:\/\/www.purejewels.com\/product\/22ct-gold-armari-earrings-45052\/#breadcrumb"},"inLanguage":"de","potentialAction":[{"@type":"ReadAction","target":["https:\/\/www.purejewels.com\/product\/22ct-gold-armari-earrings-45052\/"]}]},{"@type":"ImageObject","inLanguage":"de","@id":"https:\/\/www.purejewels.com\/product\/22ct-gold-armari-earrings-45052\/#primaryimage","url":"https:\/\/static.purejewels.com\/wp-content\/uploads\/2023\/05\/New-Project-31.jpg","contentUrl":"https:\/\/static.purejewels.com\/wp-content\/uploads\/2023\/05\/New-Project-31.jpg","width":1000,"height":1000},{"@type":"BreadcrumbList","@id":"https:\/\/www.purejewels.com\/product\/22ct-gold-armari-earrings-45052\/#breadcrumb","itemListElement":[{"@type":"ListItem","position":1,"name":"Home","item":"https:\/\/www.purejewels.com\/"},{"@type":"ListItem","position":2,"name":"Shop","item":"https:\/\/www.purejewels.com\/shop\/"},{"@type":"ListItem","position":3,"name":"22ct Gold Armari Earrings"}]},{"@type":"WebSite","@id":"https:\/\/www.purejewels.com\/#website","url":"https:\/\/www.purejewels.com\/","name":"PureJewels UK","description":"Teile die Liebe","publisher":{"@id":"https:\/\/www.purejewels.com\/#organization"},"potentialAction":[{"@type":"SearchAction","target":{"@type":"EntryPoint","urlTemplate":"https:\/\/www.purejewels.com\/?s={search_term_string}"},"query-input":{"@type":"PropertyValueSpecification","valueRequired":true,"valueName":"search_term_string"}}],"inLanguage":"de"},{"@type":"Organization","@id":"https:\/\/www.purejewels.com\/#organization","name":"PureJewels UK","url":"https:\/\/www.purejewels.com\/","logo":{"@type":"ImageObject","inLanguage":"de","@id":"https:\/\/www.purejewels.com\/#\/schema\/logo\/image\/","url":"https:\/\/static.purejewels.com\/wp-content\/uploads\/2020\/11\/Logo-PJ-New-1.png","contentUrl":"https:\/\/static.purejewels.com\/wp-content\/uploads\/2020\/11\/Logo-PJ-New-1.png","width":150,"height":80,"caption":"PureJewels UK"},"image":{"@id":"https:\/\/www.purejewels.com\/#\/schema\/logo\/image\/"}}]}},"_links":{"self":[{"href":"https:\/\/www.purejewels.com\/de\/wp-json\/wp\/v2\/product\/346503","targetHints":{"allow":["GET"]}}],"collection":[{"href":"https:\/\/www.purejewels.com\/de\/wp-json\/wp\/v2\/product"}],"about":[{"href":"https:\/\/www.purejewels.com\/de\/wp-json\/wp\/v2\/types\/product"}],"replies":[{"embeddable":true,"href":"https:\/\/www.purejewels.com\/de\/wp-json\/wp\/v2\/comments?post=346503"}],"version-history":[{"count":2,"href":"https:\/\/www.purejewels.com\/de\/wp-json\/wp\/v2\/product\/346503\/revisions"}],"predecessor-version":[{"id":391858,"href":"https:\/\/www.purejewels.com\/de\/wp-json\/wp\/v2\/product\/346503\/revisions\/391858"}],"wp:featuredmedia":[{"embeddable":true,"href":"https:\/\/www.purejewels.com\/de\/wp-json\/wp\/v2\/media\/349200"}],"wp:attachment":[{"href":"https:\/\/www.purejewels.com\/de\/wp-json\/wp\/v2\/media?parent=346503"}],"wp:term":[{"taxonomy":"product_brand","embeddable":true,"href":"https:\/\/www.purejewels.com\/de\/wp-json\/wp\/v2\/product_brand?post=346503"},{"taxonomy":"product_cat","embeddable":true,"href":"https:\/\/www.purejewels.com\/de\/wp-json\/wp\/v2\/product_cat?post=346503"},{"taxonomy":"product_tag","embeddable":true,"href":"https:\/\/www.purejewels.com\/de\/wp-json\/wp\/v2\/product_tag?post=346503"}],"curies":[{"name":"wp","href":"https:\/\/api.w.org\/{rel}","templated":true}]}}