{"id":346555,"date":"2025-05-17T10:03:13","date_gmt":"2025-05-17T09:03:13","guid":{"rendered":"https:\/\/www.purejewels.com\/?post_type=product&#038;p=346555"},"modified":"2026-04-16T03:24:43","modified_gmt":"2026-04-16T02:24:43","slug":"rosettenstecker-aus-22-karat-gold","status":"publish","type":"product","link":"https:\/\/www.purejewels.com\/de\/product\/22ct-gold-rosette-stud\/","title":{"rendered":"22ct Gold Rosette Ohrstecker | Durchmesser 6mm"},"content":{"rendered":"<p data-start=\"127\" data-end=\"379\"><strong data-start=\"127\" data-end=\"137\">Gestaltung<\/strong><br data-start=\"137\" data-end=\"140\" \/>Diese 6-mm-Rosettenohrstecker fangen den Charme des charakteristischen Rosettenmotivs von PureJewels ein. Die kompakte und doch auff\u00e4llige florale Silhouette macht sie zu einer vielseitigen Wahl - zart genug f\u00fcr den Alltag und gleichzeitig ein Hauch von Charakter f\u00fcr Ihren Look.<\/p>\n<p data-start=\"381\" data-end=\"616\"><strong data-start=\"381\" data-end=\"398\">Handwerkliches K\u00f6nnen<\/strong><br data-start=\"398\" data-end=\"401\" \/>Die handgefertigten Ohrstecker aus strahlendem 22-kar\u00e4tigem Gold mit Antik-Finish sind mit feinen Details versehen, die von der traditionellen Schmuckkunst inspiriert sind. Sie wurden in London entworfen und verk\u00f6rpern ein Gleichgewicht aus Tradition und zeitgen\u00f6ssischem Reiz.<\/p>\n<p data-start=\"618\" data-end=\"845\"><strong data-start=\"618\" data-end=\"629\">Styling<\/strong><br data-start=\"629\" data-end=\"632\" \/>Diese Ohrstecker eignen sich perfekt als Alltagsschmuck und lassen sich wunderbar mit flie\u00dfenden, wei\u00dfen Kleidern kombinieren, um einen weichen, eleganten Look zu erzielen. F\u00fcr ein koordiniertes Statement tragen Sie sie zusammen mit anderen St\u00fccken aus der Rosette Collection.<\/p>","protected":false},"excerpt":{"rendered":"<p>Inspiriert von der zarten Bl\u00fcte einer Blume in der Stille, fangen diese 22ct Gold Rosette Stud Earrings die Essenz der Anmut in ihrer zartesten Form ein. Jedes Bl\u00fctenblatt ist sanft geformt und strahlt von einem polierten Zentrum aus, das das Licht mit subtiler Brillanz reflektiert. Verwurzelt im Erbe und verfeinert f\u00fcr moderne Eleganz, sind diese Ohrstecker zeitlose Akzente f\u00fcr jeden Anlass.<\/p>\n<p>Bitte kontaktieren Sie uns \u00fcber\u00a0<a href=\"https:\/\/wa.me\/447384814118?text=Hi%2C%20I%27m%20interested%20in%20this%20product\">WhatsApp\u00a0<\/a>f\u00fcr weitere Einzelheiten.<\/p>\n<p><strong>Material:<\/strong> 22ct Sonnenaufgang Gold<br \/>\n<strong>Wahrzeichen:<\/strong> Britisches G\u00fctesiegel<br \/>\n<strong>Bruttogewicht:<\/strong> 1,6 Gramm<br \/>\n<strong>Rosette Gr\u00f6\u00dfe:<\/strong> 6 mm<br \/>\n<strong>SKU:<\/strong> 51721, 49302<\/p>\n<p><strong>Preis und Lieferung:<\/strong> Inklusive Mehrwertsteuer und Lieferkosten<br \/>\nHinweis: Dieser Bolzen wird auch in den Gr\u00f6\u00dfen 4 mm und 5 mm angeboten. Kontaktieren Sie uns, um die f\u00fcr Sie passende Gr\u00f6\u00dfe auszuw\u00e4hlen.<br \/>\n<strong><a href=\"https:\/\/www.purejewels.com\/de\/ruckgabepolitik\/\">R\u00fcckgabepolitik<\/a><\/strong><\/p>","protected":false},"featured_media":349101,"comment_status":"closed","ping_status":"closed","template":"","meta":{"_eb_attr":"","_crsspst_to_jayantr4sg-hostcom":false},"product_brand":[],"product_cat":[1791,1559,1576,1792,1790,1254,1229,5599,6146,1656,5274,1577,1575,1569,1573,1574],"product_tag":[66],"class_list":{"0":"post-346555","1":"product","2":"type-product","3":"status-publish","4":"has-post-thumbnail","6":"product_cat-anniversary-gifts","7":"product_cat-birthday-gifts","8":"product_cat-childrens-jewellery","9":"product_cat-festival-gifts","10":"product_cat-for-whom-when","11":"product_cat-gold-earrings","12":"product_cat-22ct-gold-jewellery","13":"product_cat-baby-earring","14":"product_cat-rosette-stud","15":"product_cat-rosettes-collections","16":"product_cat-rosettes-earring","17":"product_cat-stud-earrings","18":"product_cat-teenage-jewellery","19":"product_cat-valentine-day-gifts","20":"product_cat-wedding-gifts","21":"product_cat-womens-jewellery","22":"product_tag-earrings","24":"first","25":"onbackorder","26":"taxable","27":"shipping-taxable","28":"purchasable","29":"product-type-simple","30":"add-to-wishlist-before_image"},"yoast_head":"<!-- This site is optimized with the Yoast SEO plugin v27.5 - https:\/\/yoast.com\/product\/yoast-seo-wordpress\/ -->\n<title>22ct Gold Floral Stud With Antique Finish at PureJewels UK<\/title>\n<meta name=\"description\" content=\"Made from 22ct gold, these earrings are perfect for adding a touch of elegance and sophistication to any outfit. Shop daily wear earrings online today!\" \/>\n<meta name=\"robots\" content=\"index, follow, max-snippet:-1, max-image-preview:large, max-video-preview:-1\" \/>\n<link rel=\"canonical\" href=\"https:\/\/www.purejewels.com\/de\/produkt-2\/rosettenstecker-aus-22-karat-gold\/\" \/>\n<meta property=\"og:locale\" content=\"de_DE\" \/>\n<meta property=\"og:type\" content=\"article\" \/>\n<meta property=\"og:title\" content=\"22ct Gold Floral Stud With Antique Finish at PureJewels UK\" \/>\n<meta property=\"og:description\" content=\"Made from 22ct gold, these earrings are perfect for adding a touch of elegance and sophistication to any outfit. Shop daily wear earrings online today!\" \/>\n<meta property=\"og:url\" content=\"https:\/\/www.purejewels.com\/de\/produkt-2\/rosettenstecker-aus-22-karat-gold\/\" \/>\n<meta property=\"og:site_name\" content=\"PureJewels UK\" \/>\n<meta property=\"article:modified_time\" content=\"2026-04-16T02:24:43+00:00\" \/>\n<meta property=\"og:image\" content=\"https:\/\/static.purejewels.com\/wp-content\/uploads\/2023\/07\/45342.jpg\" \/>\n\t<meta property=\"og:image:width\" content=\"1000\" \/>\n\t<meta property=\"og:image:height\" content=\"1000\" \/>\n\t<meta property=\"og:image:type\" content=\"image\/jpeg\" \/>\n<meta name=\"twitter:card\" content=\"summary_large_image\" \/>\n<meta name=\"twitter:label1\" content=\"Gesch\u00e4tzte Lesezeit\" \/>\n\t<meta name=\"twitter:data1\" content=\"1\u00a0Minute\" \/>\n<script type=\"application\/ld+json\" class=\"yoast-schema-graph\">{\"@context\":\"https:\\\/\\\/schema.org\",\"@graph\":[{\"@type\":[\"WebPage\",\"ItemPage\"],\"@id\":\"https:\\\/\\\/www.purejewels.com\\\/product\\\/22ct-gold-rosette-stud\\\/\",\"url\":\"https:\\\/\\\/www.purejewels.com\\\/product\\\/22ct-gold-rosette-stud\\\/\",\"name\":\"22ct Gold Floral Stud With Antique Finish at PureJewels UK\",\"isPartOf\":{\"@id\":\"https:\\\/\\\/www.purejewels.com\\\/#website\"},\"primaryImageOfPage\":{\"@id\":\"https:\\\/\\\/www.purejewels.com\\\/product\\\/22ct-gold-rosette-stud\\\/#primaryimage\"},\"image\":{\"@id\":\"https:\\\/\\\/www.purejewels.com\\\/product\\\/22ct-gold-rosette-stud\\\/#primaryimage\"},\"thumbnailUrl\":\"https:\\\/\\\/static.purejewels.com\\\/wp-content\\\/uploads\\\/2023\\\/07\\\/45342.jpg\",\"datePublished\":\"2025-05-17T09:03:13+00:00\",\"dateModified\":\"2026-04-16T02:24:43+00:00\",\"description\":\"Made from 22ct gold, these earrings are perfect for adding a touch of elegance and sophistication to any outfit. Shop daily wear earrings online today!\",\"breadcrumb\":{\"@id\":\"https:\\\/\\\/www.purejewels.com\\\/product\\\/22ct-gold-rosette-stud\\\/#breadcrumb\"},\"inLanguage\":\"de\",\"potentialAction\":[{\"@type\":\"ReadAction\",\"target\":[\"https:\\\/\\\/www.purejewels.com\\\/product\\\/22ct-gold-rosette-stud\\\/\"]}]},{\"@type\":\"ImageObject\",\"inLanguage\":\"de\",\"@id\":\"https:\\\/\\\/www.purejewels.com\\\/product\\\/22ct-gold-rosette-stud\\\/#primaryimage\",\"url\":\"https:\\\/\\\/static.purejewels.com\\\/wp-content\\\/uploads\\\/2023\\\/07\\\/45342.jpg\",\"contentUrl\":\"https:\\\/\\\/static.purejewels.com\\\/wp-content\\\/uploads\\\/2023\\\/07\\\/45342.jpg\",\"width\":1000,\"height\":1000,\"caption\":\"Rosette 22ct Gold Stud\"},{\"@type\":\"BreadcrumbList\",\"@id\":\"https:\\\/\\\/www.purejewels.com\\\/product\\\/22ct-gold-rosette-stud\\\/#breadcrumb\",\"itemListElement\":[{\"@type\":\"ListItem\",\"position\":1,\"name\":\"Home\",\"item\":\"https:\\\/\\\/www.purejewels.com\\\/\"},{\"@type\":\"ListItem\",\"position\":2,\"name\":\"Shop\",\"item\":\"https:\\\/\\\/www.purejewels.com\\\/shop\\\/\"},{\"@type\":\"ListItem\",\"position\":3,\"name\":\"22ct Gold Rosette Stud | Diameter 6mm\"}]},{\"@type\":\"WebSite\",\"@id\":\"https:\\\/\\\/www.purejewels.com\\\/#website\",\"url\":\"https:\\\/\\\/www.purejewels.com\\\/\",\"name\":\"PureJewels UK\",\"description\":\"Share the Love\",\"publisher\":{\"@id\":\"https:\\\/\\\/www.purejewels.com\\\/#organization\"},\"potentialAction\":[{\"@type\":\"SearchAction\",\"target\":{\"@type\":\"EntryPoint\",\"urlTemplate\":\"https:\\\/\\\/www.purejewels.com\\\/?s={search_term_string}\"},\"query-input\":{\"@type\":\"PropertyValueSpecification\",\"valueRequired\":true,\"valueName\":\"search_term_string\"}}],\"inLanguage\":\"de\"},{\"@type\":\"Organization\",\"@id\":\"https:\\\/\\\/www.purejewels.com\\\/#organization\",\"name\":\"PureJewels UK\",\"url\":\"https:\\\/\\\/www.purejewels.com\\\/\",\"logo\":{\"@type\":\"ImageObject\",\"inLanguage\":\"de\",\"@id\":\"https:\\\/\\\/www.purejewels.com\\\/#\\\/schema\\\/logo\\\/image\\\/\",\"url\":\"https:\\\/\\\/static.purejewels.com\\\/wp-content\\\/uploads\\\/2020\\\/11\\\/Logo-PJ-New-1.png\",\"contentUrl\":\"https:\\\/\\\/static.purejewels.com\\\/wp-content\\\/uploads\\\/2020\\\/11\\\/Logo-PJ-New-1.png\",\"width\":150,\"height\":80,\"caption\":\"PureJewels UK\"},\"image\":{\"@id\":\"https:\\\/\\\/www.purejewels.com\\\/#\\\/schema\\\/logo\\\/image\\\/\"}}]}<\/script>\n<!-- \/ Yoast SEO plugin. -->","yoast_head_json":{"title":"22ct Gold Floral Ohrstecker mit antikem Finish bei PureJewels UK","description":"Diese Ohrringe aus 22 Karat Gold sind perfekt, um jedem Outfit einen Hauch von Eleganz und Raffinesse zu verleihen. Kaufen Sie noch heute Ohrringe f\u00fcr den t\u00e4glichen Gebrauch online!","robots":{"index":"index","follow":"follow","max-snippet":"max-snippet:-1","max-image-preview":"max-image-preview:large","max-video-preview":"max-video-preview:-1"},"canonical":"https:\/\/www.purejewels.com\/de\/produkt-2\/rosettenstecker-aus-22-karat-gold\/","og_locale":"de_DE","og_type":"article","og_title":"22ct Gold Floral Stud With Antique Finish at PureJewels UK","og_description":"Made from 22ct gold, these earrings are perfect for adding a touch of elegance and sophistication to any outfit. Shop daily wear earrings online today!","og_url":"https:\/\/www.purejewels.com\/de\/produkt-2\/rosettenstecker-aus-22-karat-gold\/","og_site_name":"PureJewels UK","article_modified_time":"2026-04-16T02:24:43+00:00","og_image":[{"width":1000,"height":1000,"url":"https:\/\/static.purejewels.com\/wp-content\/uploads\/2023\/07\/45342.jpg","type":"image\/jpeg"}],"twitter_card":"summary_large_image","twitter_misc":{"Gesch\u00e4tzte Lesezeit":"1\u00a0Minute"},"schema":{"@context":"https:\/\/schema.org","@graph":[{"@type":["WebPage","ItemPage"],"@id":"https:\/\/www.purejewels.com\/product\/22ct-gold-rosette-stud\/","url":"https:\/\/www.purejewels.com\/product\/22ct-gold-rosette-stud\/","name":"22ct Gold Floral Ohrstecker mit antikem Finish bei PureJewels UK","isPartOf":{"@id":"https:\/\/www.purejewels.com\/#website"},"primaryImageOfPage":{"@id":"https:\/\/www.purejewels.com\/product\/22ct-gold-rosette-stud\/#primaryimage"},"image":{"@id":"https:\/\/www.purejewels.com\/product\/22ct-gold-rosette-stud\/#primaryimage"},"thumbnailUrl":"https:\/\/static.purejewels.com\/wp-content\/uploads\/2023\/07\/45342.jpg","datePublished":"2025-05-17T09:03:13+00:00","dateModified":"2026-04-16T02:24:43+00:00","description":"Diese Ohrringe aus 22 Karat Gold sind perfekt, um jedem Outfit einen Hauch von Eleganz und Raffinesse zu verleihen. Kaufen Sie noch heute Ohrringe f\u00fcr den t\u00e4glichen Gebrauch online!","breadcrumb":{"@id":"https:\/\/www.purejewels.com\/product\/22ct-gold-rosette-stud\/#breadcrumb"},"inLanguage":"de","potentialAction":[{"@type":"ReadAction","target":["https:\/\/www.purejewels.com\/product\/22ct-gold-rosette-stud\/"]}]},{"@type":"ImageObject","inLanguage":"de","@id":"https:\/\/www.purejewels.com\/product\/22ct-gold-rosette-stud\/#primaryimage","url":"https:\/\/static.purejewels.com\/wp-content\/uploads\/2023\/07\/45342.jpg","contentUrl":"https:\/\/static.purejewels.com\/wp-content\/uploads\/2023\/07\/45342.jpg","width":1000,"height":1000,"caption":"Rosette 22ct Gold Stud"},{"@type":"BreadcrumbList","@id":"https:\/\/www.purejewels.com\/product\/22ct-gold-rosette-stud\/#breadcrumb","itemListElement":[{"@type":"ListItem","position":1,"name":"Home","item":"https:\/\/www.purejewels.com\/"},{"@type":"ListItem","position":2,"name":"Shop","item":"https:\/\/www.purejewels.com\/shop\/"},{"@type":"ListItem","position":3,"name":"22ct Gold Rosette Stud | Diameter 6mm"}]},{"@type":"WebSite","@id":"https:\/\/www.purejewels.com\/#website","url":"https:\/\/www.purejewels.com\/","name":"PureJewels UK","description":"Teile die Liebe","publisher":{"@id":"https:\/\/www.purejewels.com\/#organization"},"potentialAction":[{"@type":"SearchAction","target":{"@type":"EntryPoint","urlTemplate":"https:\/\/www.purejewels.com\/?s={search_term_string}"},"query-input":{"@type":"PropertyValueSpecification","valueRequired":true,"valueName":"search_term_string"}}],"inLanguage":"de"},{"@type":"Organization","@id":"https:\/\/www.purejewels.com\/#organization","name":"PureJewels UK","url":"https:\/\/www.purejewels.com\/","logo":{"@type":"ImageObject","inLanguage":"de","@id":"https:\/\/www.purejewels.com\/#\/schema\/logo\/image\/","url":"https:\/\/static.purejewels.com\/wp-content\/uploads\/2020\/11\/Logo-PJ-New-1.png","contentUrl":"https:\/\/static.purejewels.com\/wp-content\/uploads\/2020\/11\/Logo-PJ-New-1.png","width":150,"height":80,"caption":"PureJewels UK"},"image":{"@id":"https:\/\/www.purejewels.com\/#\/schema\/logo\/image\/"}}]}},"_links":{"self":[{"href":"https:\/\/www.purejewels.com\/de\/wp-json\/wp\/v2\/product\/346555","targetHints":{"allow":["GET"]}}],"collection":[{"href":"https:\/\/www.purejewels.com\/de\/wp-json\/wp\/v2\/product"}],"about":[{"href":"https:\/\/www.purejewels.com\/de\/wp-json\/wp\/v2\/types\/product"}],"replies":[{"embeddable":true,"href":"https:\/\/www.purejewels.com\/de\/wp-json\/wp\/v2\/comments?post=346555"}],"version-history":[{"count":7,"href":"https:\/\/www.purejewels.com\/de\/wp-json\/wp\/v2\/product\/346555\/revisions"}],"predecessor-version":[{"id":425709,"href":"https:\/\/www.purejewels.com\/de\/wp-json\/wp\/v2\/product\/346555\/revisions\/425709"}],"wp:featuredmedia":[{"embeddable":true,"href":"https:\/\/www.purejewels.com\/de\/wp-json\/wp\/v2\/media\/349101"}],"wp:attachment":[{"href":"https:\/\/www.purejewels.com\/de\/wp-json\/wp\/v2\/media?parent=346555"}],"wp:term":[{"taxonomy":"product_brand","embeddable":true,"href":"https:\/\/www.purejewels.com\/de\/wp-json\/wp\/v2\/product_brand?post=346555"},{"taxonomy":"product_cat","embeddable":true,"href":"https:\/\/www.purejewels.com\/de\/wp-json\/wp\/v2\/product_cat?post=346555"},{"taxonomy":"product_tag","embeddable":true,"href":"https:\/\/www.purejewels.com\/de\/wp-json\/wp\/v2\/product_tag?post=346555"}],"curies":[{"name":"wp","href":"https:\/\/api.w.org\/{rel}","templated":true}]}}