{"id":347100,"date":"2023-05-31T12:31:19","date_gmt":"2023-05-31T11:31:19","guid":{"rendered":"https:\/\/www.purejewels.com\/?post_type=product&#038;p=347100"},"modified":"2025-09-23T13:43:39","modified_gmt":"2025-09-23T12:43:39","slug":"platin-diamantring-fur-frauen-34586","status":"publish","type":"product","link":"https:\/\/www.purejewels.com\/de\/product\/platinum-diamond-ring-for-women-34586\/","title":{"rendered":"Platin-Diamantring f\u00fcr Frauen"},"content":{"rendered":"<ul>\n<li>SKU. 34586<\/li>\n<li>BereichID- PTRG027<\/li>\n<\/ul>\n<p>Erh\u00f6hen Sie Ihren Stil mit unserem atemberaubenden <a href=\"https:\/\/www.purejewels.com\/de\/product\/platinum-ring-with-diamond-43143\/\">Platin-Diamant-Ring<\/a> f\u00fcr Frauen. Dieses zeitlose Schmuckst\u00fcck ist mit exquisiten Details versehen und zeigt den Glanz von Diamanten, die in gl\u00e4nzendes Platin gefasst sind. Setzen Sie ein Zeichen von Eleganz und Raffinesse mit diesem fesselnden Ring, der m\u00fchelos zu jedem Anlass passt. Kaufen Sie jetzt und genie\u00dfen Sie den Luxus dieses au\u00dfergew\u00f6hnlichen Platin-Diamantrings f\u00fcr Damen.<\/p>\n<p>Finden Sie das ideale Juwelier-Weihnachtsgeschenk: exquisiter Schmuck, der gl\u00e4nzt. St\u00f6bern Sie noch heute in unserer Kollektion.<\/p>","protected":false},"excerpt":{"rendered":"<table>\n<tbody>\n<tr>\n<td>Typ des Rings<\/td>\n<td>Platin-Diamant-Ring<\/td>\n<\/tr>\n<tr>\n<td>SKU<\/td>\n<td>34586<\/td>\n<\/tr>\n<tr>\n<td>Metall<\/td>\n<td>Platin<\/td>\n<\/tr>\n<tr>\n<td>Gr\u00f6\u00dfe<\/td>\n<td>K1\/2<\/td>\n<\/tr>\n<tr>\n<td>Diamant Wt.<\/td>\n<td>0,16ct<\/td>\n<\/tr>\n<tr>\n<td>Entgelte<\/td>\n<td>Lieferung und Mehrwertsteuer inbegriffen<\/td>\n<\/tr>\n<tr>\n<td>Verpackung<\/td>\n<td>Mit Pr\u00e4sentationsbox<\/td>\n<\/tr>\n<tr>\n<td>Mehr Informationen<\/td>\n<td>Live-Chat mit uns f\u00fcr die Verf\u00fcgbarkeit und mehr Bilder Weihnachtsgeschenke Schmuck<\/td>\n<\/tr>\n<\/tbody>\n<\/table>","protected":false},"featured_media":347386,"comment_status":"closed","ping_status":"closed","template":"","meta":{"_eb_attr":"","_crsspst_to_jayantr4sg-hostcom":true},"product_brand":[],"product_cat":[1791,5457,5460,231,6083,5350,6084,226,1574],"product_tag":[64],"class_list":{"0":"post-347100","1":"product","2":"type-product","3":"status-publish","4":"has-post-thumbnail","6":"product_cat-anniversary-gifts","7":"product_cat-diamond-jewellery","8":"product_cat-diamond-ring","9":"product_cat-engagement-rings","10":"product_cat-platinum-jewellery-2","11":"product_cat-platinum-jewellery","12":"product_cat-platinum-ring","13":"product_cat-wedding-rings-bands","14":"product_cat-womens-jewellery","15":"product_tag-rings","17":"first","18":"instock","19":"taxable","20":"shipping-taxable","21":"purchasable","22":"product-type-simple","23":"add-to-wishlist-before_image"},"yoast_head":"<!-- This site is optimized with the Yoast SEO plugin v27.3 - https:\/\/yoast.com\/product\/yoast-seo-wordpress\/ -->\n<title>Exquisite Beauty: Platinum Diamond Ring for Women in London<\/title>\n<meta name=\"description\" content=\"Discover our Platinum Diamond Ring for Women. Crafted with precision, this timeless piece showcases the brilliance of diamonds set in shimmering platinum.\" \/>\n<meta name=\"robots\" content=\"index, follow, max-snippet:-1, max-image-preview:large, max-video-preview:-1\" \/>\n<link rel=\"canonical\" href=\"https:\/\/www.purejewels.com\/de\/produkt-2\/platin-diamantring-fur-frauen-34586\/\" \/>\n<meta property=\"og:locale\" content=\"de_DE\" \/>\n<meta property=\"og:type\" content=\"article\" \/>\n<meta property=\"og:title\" content=\"Exquisite Beauty: Platinum Diamond Ring for Women in London\" \/>\n<meta property=\"og:description\" content=\"Discover our Platinum Diamond Ring for Women. Crafted with precision, this timeless piece showcases the brilliance of diamonds set in shimmering platinum.\" \/>\n<meta property=\"og:url\" content=\"https:\/\/www.purejewels.com\/de\/produkt-2\/platin-diamantring-fur-frauen-34586\/\" \/>\n<meta property=\"og:site_name\" content=\"PureJewels UK\" \/>\n<meta property=\"article:modified_time\" content=\"2025-09-23T12:43:39+00:00\" \/>\n<meta property=\"og:image\" content=\"https:\/\/www.purejewels.com\/wp-content\/uploads\/2023\/05\/SKU-34586_1.jpg\" \/>\n\t<meta property=\"og:image:width\" content=\"1\" \/>\n\t<meta property=\"og:image:height\" content=\"1\" \/>\n\t<meta property=\"og:image:type\" content=\"image\/jpeg\" \/>\n<meta name=\"twitter:card\" content=\"summary_large_image\" \/>\n<script type=\"application\/ld+json\" class=\"yoast-schema-graph\">{\"@context\":\"https:\\\/\\\/schema.org\",\"@graph\":[{\"@type\":[\"WebPage\",\"ItemPage\"],\"@id\":\"https:\\\/\\\/www.purejewels.com\\\/product\\\/platinum-diamond-ring-for-women-34586\\\/\",\"url\":\"https:\\\/\\\/www.purejewels.com\\\/product\\\/platinum-diamond-ring-for-women-34586\\\/\",\"name\":\"Exquisite Beauty: Platinum Diamond Ring for Women in London\",\"isPartOf\":{\"@id\":\"https:\\\/\\\/www.purejewels.com\\\/#website\"},\"primaryImageOfPage\":{\"@id\":\"https:\\\/\\\/www.purejewels.com\\\/product\\\/platinum-diamond-ring-for-women-34586\\\/#primaryimage\"},\"image\":{\"@id\":\"https:\\\/\\\/www.purejewels.com\\\/product\\\/platinum-diamond-ring-for-women-34586\\\/#primaryimage\"},\"thumbnailUrl\":\"https:\\\/\\\/static.purejewels.com\\\/wp-content\\\/uploads\\\/2023\\\/05\\\/SKU-34586_1.jpg\",\"datePublished\":\"2023-05-31T11:31:19+00:00\",\"dateModified\":\"2025-09-23T12:43:39+00:00\",\"description\":\"Discover our Platinum Diamond Ring for Women. Crafted with precision, this timeless piece showcases the brilliance of diamonds set in shimmering platinum.\",\"breadcrumb\":{\"@id\":\"https:\\\/\\\/www.purejewels.com\\\/product\\\/platinum-diamond-ring-for-women-34586\\\/#breadcrumb\"},\"inLanguage\":\"de\",\"potentialAction\":[{\"@type\":\"ReadAction\",\"target\":[\"https:\\\/\\\/www.purejewels.com\\\/product\\\/platinum-diamond-ring-for-women-34586\\\/\"]}]},{\"@type\":\"ImageObject\",\"inLanguage\":\"de\",\"@id\":\"https:\\\/\\\/www.purejewels.com\\\/product\\\/platinum-diamond-ring-for-women-34586\\\/#primaryimage\",\"url\":\"https:\\\/\\\/static.purejewels.com\\\/wp-content\\\/uploads\\\/2023\\\/05\\\/SKU-34586_1.jpg\",\"contentUrl\":\"https:\\\/\\\/static.purejewels.com\\\/wp-content\\\/uploads\\\/2023\\\/05\\\/SKU-34586_1.jpg\",\"caption\":\"Platinum Diamond Ring for Women\"},{\"@type\":\"BreadcrumbList\",\"@id\":\"https:\\\/\\\/www.purejewels.com\\\/product\\\/platinum-diamond-ring-for-women-34586\\\/#breadcrumb\",\"itemListElement\":[{\"@type\":\"ListItem\",\"position\":1,\"name\":\"Home\",\"item\":\"https:\\\/\\\/www.purejewels.com\\\/\"},{\"@type\":\"ListItem\",\"position\":2,\"name\":\"Shop\",\"item\":\"https:\\\/\\\/www.purejewels.com\\\/shop\\\/\"},{\"@type\":\"ListItem\",\"position\":3,\"name\":\"Platinum Diamond Ring for Women\"}]},{\"@type\":\"WebSite\",\"@id\":\"https:\\\/\\\/www.purejewels.com\\\/#website\",\"url\":\"https:\\\/\\\/www.purejewels.com\\\/\",\"name\":\"PureJewels UK\",\"description\":\"Share the Love\",\"publisher\":{\"@id\":\"https:\\\/\\\/www.purejewels.com\\\/#organization\"},\"potentialAction\":[{\"@type\":\"SearchAction\",\"target\":{\"@type\":\"EntryPoint\",\"urlTemplate\":\"https:\\\/\\\/www.purejewels.com\\\/?s={search_term_string}\"},\"query-input\":{\"@type\":\"PropertyValueSpecification\",\"valueRequired\":true,\"valueName\":\"search_term_string\"}}],\"inLanguage\":\"de\"},{\"@type\":\"Organization\",\"@id\":\"https:\\\/\\\/www.purejewels.com\\\/#organization\",\"name\":\"PureJewels UK\",\"url\":\"https:\\\/\\\/www.purejewels.com\\\/\",\"logo\":{\"@type\":\"ImageObject\",\"inLanguage\":\"de\",\"@id\":\"https:\\\/\\\/www.purejewels.com\\\/#\\\/schema\\\/logo\\\/image\\\/\",\"url\":\"https:\\\/\\\/static.purejewels.com\\\/wp-content\\\/uploads\\\/2020\\\/11\\\/Logo-PJ-New-1.png\",\"contentUrl\":\"https:\\\/\\\/static.purejewels.com\\\/wp-content\\\/uploads\\\/2020\\\/11\\\/Logo-PJ-New-1.png\",\"width\":150,\"height\":80,\"caption\":\"PureJewels UK\"},\"image\":{\"@id\":\"https:\\\/\\\/www.purejewels.com\\\/#\\\/schema\\\/logo\\\/image\\\/\"}}]}<\/script>\n<!-- \/ Yoast SEO plugin. -->","yoast_head_json":{"title":"Exquisite Sch\u00f6nheit: Platin-Diamantring f\u00fcr Frauen in London","description":"Entdecken Sie unseren Platin-Diamantring f\u00fcr Frauen. Dieses mit Pr\u00e4zision gefertigte, zeitlose Schmuckst\u00fcck zeigt die Brillanz von Diamanten, die in schimmerndes Platin gefasst sind.","robots":{"index":"index","follow":"follow","max-snippet":"max-snippet:-1","max-image-preview":"max-image-preview:large","max-video-preview":"max-video-preview:-1"},"canonical":"https:\/\/www.purejewels.com\/de\/produkt-2\/platin-diamantring-fur-frauen-34586\/","og_locale":"de_DE","og_type":"article","og_title":"Exquisite Beauty: Platinum Diamond Ring for Women in London","og_description":"Discover our Platinum Diamond Ring for Women. Crafted with precision, this timeless piece showcases the brilliance of diamonds set in shimmering platinum.","og_url":"https:\/\/www.purejewels.com\/de\/produkt-2\/platin-diamantring-fur-frauen-34586\/","og_site_name":"PureJewels UK","article_modified_time":"2025-09-23T12:43:39+00:00","og_image":[{"url":"https:\/\/www.purejewels.com\/wp-content\/uploads\/2023\/05\/SKU-34586_1.jpg","width":1,"height":1,"type":"image\/jpeg"}],"twitter_card":"summary_large_image","schema":{"@context":"https:\/\/schema.org","@graph":[{"@type":["WebPage","ItemPage"],"@id":"https:\/\/www.purejewels.com\/product\/platinum-diamond-ring-for-women-34586\/","url":"https:\/\/www.purejewels.com\/product\/platinum-diamond-ring-for-women-34586\/","name":"Exquisite Sch\u00f6nheit: Platin-Diamantring f\u00fcr Frauen in London","isPartOf":{"@id":"https:\/\/www.purejewels.com\/#website"},"primaryImageOfPage":{"@id":"https:\/\/www.purejewels.com\/product\/platinum-diamond-ring-for-women-34586\/#primaryimage"},"image":{"@id":"https:\/\/www.purejewels.com\/product\/platinum-diamond-ring-for-women-34586\/#primaryimage"},"thumbnailUrl":"https:\/\/static.purejewels.com\/wp-content\/uploads\/2023\/05\/SKU-34586_1.jpg","datePublished":"2023-05-31T11:31:19+00:00","dateModified":"2025-09-23T12:43:39+00:00","description":"Entdecken Sie unseren Platin-Diamantring f\u00fcr Frauen. Dieses mit Pr\u00e4zision gefertigte, zeitlose Schmuckst\u00fcck zeigt die Brillanz von Diamanten, die in schimmerndes Platin gefasst sind.","breadcrumb":{"@id":"https:\/\/www.purejewels.com\/product\/platinum-diamond-ring-for-women-34586\/#breadcrumb"},"inLanguage":"de","potentialAction":[{"@type":"ReadAction","target":["https:\/\/www.purejewels.com\/product\/platinum-diamond-ring-for-women-34586\/"]}]},{"@type":"ImageObject","inLanguage":"de","@id":"https:\/\/www.purejewels.com\/product\/platinum-diamond-ring-for-women-34586\/#primaryimage","url":"https:\/\/static.purejewels.com\/wp-content\/uploads\/2023\/05\/SKU-34586_1.jpg","contentUrl":"https:\/\/static.purejewels.com\/wp-content\/uploads\/2023\/05\/SKU-34586_1.jpg","caption":"Platinum Diamond Ring for Women"},{"@type":"BreadcrumbList","@id":"https:\/\/www.purejewels.com\/product\/platinum-diamond-ring-for-women-34586\/#breadcrumb","itemListElement":[{"@type":"ListItem","position":1,"name":"Home","item":"https:\/\/www.purejewels.com\/"},{"@type":"ListItem","position":2,"name":"Shop","item":"https:\/\/www.purejewels.com\/shop\/"},{"@type":"ListItem","position":3,"name":"Platinum Diamond Ring for Women"}]},{"@type":"WebSite","@id":"https:\/\/www.purejewels.com\/#website","url":"https:\/\/www.purejewels.com\/","name":"PureJewels UK","description":"Teile die Liebe","publisher":{"@id":"https:\/\/www.purejewels.com\/#organization"},"potentialAction":[{"@type":"SearchAction","target":{"@type":"EntryPoint","urlTemplate":"https:\/\/www.purejewels.com\/?s={search_term_string}"},"query-input":{"@type":"PropertyValueSpecification","valueRequired":true,"valueName":"search_term_string"}}],"inLanguage":"de"},{"@type":"Organization","@id":"https:\/\/www.purejewels.com\/#organization","name":"PureJewels UK","url":"https:\/\/www.purejewels.com\/","logo":{"@type":"ImageObject","inLanguage":"de","@id":"https:\/\/www.purejewels.com\/#\/schema\/logo\/image\/","url":"https:\/\/static.purejewels.com\/wp-content\/uploads\/2020\/11\/Logo-PJ-New-1.png","contentUrl":"https:\/\/static.purejewels.com\/wp-content\/uploads\/2020\/11\/Logo-PJ-New-1.png","width":150,"height":80,"caption":"PureJewels UK"},"image":{"@id":"https:\/\/www.purejewels.com\/#\/schema\/logo\/image\/"}}]}},"_links":{"self":[{"href":"https:\/\/www.purejewels.com\/de\/wp-json\/wp\/v2\/product\/347100","targetHints":{"allow":["GET"]}}],"collection":[{"href":"https:\/\/www.purejewels.com\/de\/wp-json\/wp\/v2\/product"}],"about":[{"href":"https:\/\/www.purejewels.com\/de\/wp-json\/wp\/v2\/types\/product"}],"replies":[{"embeddable":true,"href":"https:\/\/www.purejewels.com\/de\/wp-json\/wp\/v2\/comments?post=347100"}],"version-history":[{"count":3,"href":"https:\/\/www.purejewels.com\/de\/wp-json\/wp\/v2\/product\/347100\/revisions"}],"predecessor-version":[{"id":378561,"href":"https:\/\/www.purejewels.com\/de\/wp-json\/wp\/v2\/product\/347100\/revisions\/378561"}],"wp:featuredmedia":[{"embeddable":true,"href":"https:\/\/www.purejewels.com\/de\/wp-json\/wp\/v2\/media\/347386"}],"wp:attachment":[{"href":"https:\/\/www.purejewels.com\/de\/wp-json\/wp\/v2\/media?parent=347100"}],"wp:term":[{"taxonomy":"product_brand","embeddable":true,"href":"https:\/\/www.purejewels.com\/de\/wp-json\/wp\/v2\/product_brand?post=347100"},{"taxonomy":"product_cat","embeddable":true,"href":"https:\/\/www.purejewels.com\/de\/wp-json\/wp\/v2\/product_cat?post=347100"},{"taxonomy":"product_tag","embeddable":true,"href":"https:\/\/www.purejewels.com\/de\/wp-json\/wp\/v2\/product_tag?post=347100"}],"curies":[{"name":"wp","href":"https:\/\/api.w.org\/{rel}","templated":true}]}}