{"id":347284,"date":"2025-06-05T14:27:36","date_gmt":"2025-06-05T13:27:36","guid":{"rendered":"https:\/\/www.purejewels.com\/?post_type=product&#038;p=347284"},"modified":"2026-02-04T12:27:15","modified_gmt":"2026-02-04T12:27:15","slug":"22-kt-gold-ring-jali-filigran-kollektion-50777","status":"publish","type":"product","link":"https:\/\/www.purejewels.com\/de\/product\/22ct-gold-ring-jali-filigree-collection-50777\/","title":{"rendered":"22ct Gold Ring f\u00fcr Damen | Jali Filigree Kollektion"},"content":{"rendered":"<p>Dieser verstellbare Vanki-Ring aus 22 Karat Gold mit filigranen Details, die von traditionellem indischem Schmuck inspiriert sind, steht f\u00fcr kulturelle Eleganz. Das verstellbare Design sorgt f\u00fcr eine perfekte Passform und ist somit ideal f\u00fcr Frauen jeden Alters. Als zeitloses Schmuckst\u00fcck ist dieser goldene Vanki-Ring perfekt f\u00fcr Hochzeiten, festliche Anl\u00e4sse oder als auff\u00e4lliges Alltags-Accessoire.<\/p>","protected":false},"excerpt":{"rendered":"<p>Dieser verstellbare Vanki-Ring aus 22 Karat Gold verbindet traditionellen indischen Stil mit modernem Komfort. Er ist mit filigranen Verzierungen versehen und passt wunderbar an jeden Finger.<\/p>\n<p><strong>Material:<\/strong>\u00a022ct Gold<strong><br \/>\nWahrzeichen:\u00a0<\/strong>Britisches G\u00fctesiegel<strong><br \/>\n<\/strong><strong>Bruttogewicht: <\/strong>7,35 Gramm<strong><br \/>\nSKU: <\/strong>50777<\/p>\n<p><strong>Preis und Lieferung<\/strong>:Inklusive Mehrwertsteuer und Lieferkosten<\/p>\n<p><a href=\"https:\/\/www.purejewels.com\/de\/ruckgabepolitik\/\">R\u00fcckgabepolitik<\/a><\/p>","protected":false},"featured_media":400735,"comment_status":"closed","ping_status":"closed","template":"","meta":{"_eb_attr":"","_crsspst_to_jayantr4sg-hostcom":true},"product_brand":[],"product_cat":[1791,1559,6041,236,1793,5701,1229,1235,252,5610,1783,1786,1573,1574,5349],"product_tag":[64],"class_list":{"0":"post-347284","1":"product","2":"type-product","3":"status-publish","4":"has-post-thumbnail","6":"product_cat-anniversary-gifts","7":"product_cat-birthday-gifts","8":"product_cat-cocktail-ring","9":"product_cat-collections","10":"product_cat-diwali-gifts","11":"product_cat-eid-jewellery","12":"product_cat-22ct-gold-jewellery","13":"product_cat-gold-rings","14":"product_cat-jali-collections","15":"product_cat-jali-filigree-ring","16":"product_cat-ladies-rings","17":"product_cat-occasional-wear-rings","18":"product_cat-wedding-gifts","19":"product_cat-womens-jewellery","20":"product_cat-yellow-gold-jewellery","21":"product_tag-rings","23":"first","24":"instock","25":"taxable","26":"shipping-taxable","27":"purchasable","28":"product-type-simple","29":"add-to-wishlist-before_image"},"yoast_head":"<!-- This site is optimized with the Yoast SEO plugin v27.5 - https:\/\/yoast.com\/product\/yoast-seo-wordpress\/ -->\n<title>22ct Gold Ring | Jali Filigree Collection | Size Adjustable<\/title>\n<meta name=\"description\" content=\"This 22ct women ring features a delicate filigree pattern that is both intricate and elegant and perfect for any occasion. Free delivery across UK.\" \/>\n<meta name=\"robots\" content=\"index, follow, max-snippet:-1, max-image-preview:large, max-video-preview:-1\" \/>\n<link rel=\"canonical\" href=\"https:\/\/www.purejewels.com\/de\/produkt-2\/22-kt-gold-ring-jali-filigran-kollektion-50777\/\" \/>\n<meta property=\"og:locale\" content=\"de_DE\" \/>\n<meta property=\"og:type\" content=\"article\" \/>\n<meta property=\"og:title\" content=\"22ct Gold Ring | Jali Filigree Collection | Size Adjustable\" \/>\n<meta property=\"og:description\" content=\"This 22ct women ring features a delicate filigree pattern that is both intricate and elegant and perfect for any occasion. Free delivery across UK.\" \/>\n<meta property=\"og:url\" content=\"https:\/\/www.purejewels.com\/de\/produkt-2\/22-kt-gold-ring-jali-filigran-kollektion-50777\/\" \/>\n<meta property=\"og:site_name\" content=\"PureJewels UK\" \/>\n<meta property=\"article:modified_time\" content=\"2026-02-04T12:27:15+00:00\" \/>\n<meta property=\"og:image\" content=\"https:\/\/static.purejewels.com\/wp-content\/uploads\/2023\/12\/SKU-50777_1.png\" \/>\n\t<meta property=\"og:image:width\" content=\"1000\" \/>\n\t<meta property=\"og:image:height\" content=\"1000\" \/>\n\t<meta property=\"og:image:type\" content=\"image\/png\" \/>\n<meta name=\"twitter:card\" content=\"summary_large_image\" \/>\n<meta name=\"twitter:label1\" content=\"Gesch\u00e4tzte Lesezeit\" \/>\n\t<meta name=\"twitter:data1\" content=\"1\u00a0Minute\" \/>\n<script type=\"application\/ld+json\" class=\"yoast-schema-graph\">{\"@context\":\"https:\\\/\\\/schema.org\",\"@graph\":[{\"@type\":[\"WebPage\",\"ItemPage\"],\"@id\":\"https:\\\/\\\/www.purejewels.com\\\/product\\\/22ct-gold-ring-jali-filigree-collection-50777\\\/\",\"url\":\"https:\\\/\\\/www.purejewels.com\\\/product\\\/22ct-gold-ring-jali-filigree-collection-50777\\\/\",\"name\":\"22ct Gold Ring | Jali Filigree Collection | Size Adjustable\",\"isPartOf\":{\"@id\":\"https:\\\/\\\/www.purejewels.com\\\/#website\"},\"primaryImageOfPage\":{\"@id\":\"https:\\\/\\\/www.purejewels.com\\\/product\\\/22ct-gold-ring-jali-filigree-collection-50777\\\/#primaryimage\"},\"image\":{\"@id\":\"https:\\\/\\\/www.purejewels.com\\\/product\\\/22ct-gold-ring-jali-filigree-collection-50777\\\/#primaryimage\"},\"thumbnailUrl\":\"https:\\\/\\\/static.purejewels.com\\\/wp-content\\\/uploads\\\/2023\\\/12\\\/SKU-50777_1.png\",\"datePublished\":\"2025-06-05T13:27:36+00:00\",\"dateModified\":\"2026-02-04T12:27:15+00:00\",\"description\":\"This 22ct women ring features a delicate filigree pattern that is both intricate and elegant and perfect for any occasion. Free delivery across UK.\",\"breadcrumb\":{\"@id\":\"https:\\\/\\\/www.purejewels.com\\\/product\\\/22ct-gold-ring-jali-filigree-collection-50777\\\/#breadcrumb\"},\"inLanguage\":\"de\",\"potentialAction\":[{\"@type\":\"ReadAction\",\"target\":[\"https:\\\/\\\/www.purejewels.com\\\/product\\\/22ct-gold-ring-jali-filigree-collection-50777\\\/\"]}]},{\"@type\":\"ImageObject\",\"inLanguage\":\"de\",\"@id\":\"https:\\\/\\\/www.purejewels.com\\\/product\\\/22ct-gold-ring-jali-filigree-collection-50777\\\/#primaryimage\",\"url\":\"https:\\\/\\\/static.purejewels.com\\\/wp-content\\\/uploads\\\/2023\\\/12\\\/SKU-50777_1.png\",\"contentUrl\":\"https:\\\/\\\/static.purejewels.com\\\/wp-content\\\/uploads\\\/2023\\\/12\\\/SKU-50777_1.png\",\"width\":1000,\"height\":1000,\"caption\":\"Adjustable Vanki Ring\"},{\"@type\":\"BreadcrumbList\",\"@id\":\"https:\\\/\\\/www.purejewels.com\\\/product\\\/22ct-gold-ring-jali-filigree-collection-50777\\\/#breadcrumb\",\"itemListElement\":[{\"@type\":\"ListItem\",\"position\":1,\"name\":\"Home\",\"item\":\"https:\\\/\\\/www.purejewels.com\\\/\"},{\"@type\":\"ListItem\",\"position\":2,\"name\":\"Shop\",\"item\":\"https:\\\/\\\/www.purejewels.com\\\/shop\\\/\"},{\"@type\":\"ListItem\",\"position\":3,\"name\":\"22ct Gold Ring for Ladies | Jali Filigree Collection\"}]},{\"@type\":\"WebSite\",\"@id\":\"https:\\\/\\\/www.purejewels.com\\\/#website\",\"url\":\"https:\\\/\\\/www.purejewels.com\\\/\",\"name\":\"PureJewels UK\",\"description\":\"Share the Love\",\"publisher\":{\"@id\":\"https:\\\/\\\/www.purejewels.com\\\/#organization\"},\"potentialAction\":[{\"@type\":\"SearchAction\",\"target\":{\"@type\":\"EntryPoint\",\"urlTemplate\":\"https:\\\/\\\/www.purejewels.com\\\/?s={search_term_string}\"},\"query-input\":{\"@type\":\"PropertyValueSpecification\",\"valueRequired\":true,\"valueName\":\"search_term_string\"}}],\"inLanguage\":\"de\"},{\"@type\":\"Organization\",\"@id\":\"https:\\\/\\\/www.purejewels.com\\\/#organization\",\"name\":\"PureJewels UK\",\"url\":\"https:\\\/\\\/www.purejewels.com\\\/\",\"logo\":{\"@type\":\"ImageObject\",\"inLanguage\":\"de\",\"@id\":\"https:\\\/\\\/www.purejewels.com\\\/#\\\/schema\\\/logo\\\/image\\\/\",\"url\":\"https:\\\/\\\/static.purejewels.com\\\/wp-content\\\/uploads\\\/2020\\\/11\\\/Logo-PJ-New-1.png\",\"contentUrl\":\"https:\\\/\\\/static.purejewels.com\\\/wp-content\\\/uploads\\\/2020\\\/11\\\/Logo-PJ-New-1.png\",\"width\":150,\"height\":80,\"caption\":\"PureJewels UK\"},\"image\":{\"@id\":\"https:\\\/\\\/www.purejewels.com\\\/#\\\/schema\\\/logo\\\/image\\\/\"}}]}<\/script>\n<!-- \/ Yoast SEO plugin. -->","yoast_head_json":{"title":"22ct Gold Ring | Jali Filigree Kollektion | Gr\u00f6\u00dfe einstellbar","description":"Dieser 22-kar\u00e4tige Damenring zeichnet sich durch ein filigranes Muster aus, das sowohl kompliziert als auch elegant ist und perfekt zu jedem Anlass passt. Kostenlose Lieferung in ganz Gro\u00dfbritannien.","robots":{"index":"index","follow":"follow","max-snippet":"max-snippet:-1","max-image-preview":"max-image-preview:large","max-video-preview":"max-video-preview:-1"},"canonical":"https:\/\/www.purejewels.com\/de\/produkt-2\/22-kt-gold-ring-jali-filigran-kollektion-50777\/","og_locale":"de_DE","og_type":"article","og_title":"22ct Gold Ring | Jali Filigree Collection | Size Adjustable","og_description":"This 22ct women ring features a delicate filigree pattern that is both intricate and elegant and perfect for any occasion. Free delivery across UK.","og_url":"https:\/\/www.purejewels.com\/de\/produkt-2\/22-kt-gold-ring-jali-filigran-kollektion-50777\/","og_site_name":"PureJewels UK","article_modified_time":"2026-02-04T12:27:15+00:00","og_image":[{"width":1000,"height":1000,"url":"https:\/\/static.purejewels.com\/wp-content\/uploads\/2023\/12\/SKU-50777_1.png","type":"image\/png"}],"twitter_card":"summary_large_image","twitter_misc":{"Gesch\u00e4tzte Lesezeit":"1\u00a0Minute"},"schema":{"@context":"https:\/\/schema.org","@graph":[{"@type":["WebPage","ItemPage"],"@id":"https:\/\/www.purejewels.com\/product\/22ct-gold-ring-jali-filigree-collection-50777\/","url":"https:\/\/www.purejewels.com\/product\/22ct-gold-ring-jali-filigree-collection-50777\/","name":"22ct Gold Ring | Jali Filigree Kollektion | Gr\u00f6\u00dfe einstellbar","isPartOf":{"@id":"https:\/\/www.purejewels.com\/#website"},"primaryImageOfPage":{"@id":"https:\/\/www.purejewels.com\/product\/22ct-gold-ring-jali-filigree-collection-50777\/#primaryimage"},"image":{"@id":"https:\/\/www.purejewels.com\/product\/22ct-gold-ring-jali-filigree-collection-50777\/#primaryimage"},"thumbnailUrl":"https:\/\/static.purejewels.com\/wp-content\/uploads\/2023\/12\/SKU-50777_1.png","datePublished":"2025-06-05T13:27:36+00:00","dateModified":"2026-02-04T12:27:15+00:00","description":"Dieser 22-kar\u00e4tige Damenring zeichnet sich durch ein filigranes Muster aus, das sowohl kompliziert als auch elegant ist und perfekt zu jedem Anlass passt. Kostenlose Lieferung in ganz Gro\u00dfbritannien.","breadcrumb":{"@id":"https:\/\/www.purejewels.com\/product\/22ct-gold-ring-jali-filigree-collection-50777\/#breadcrumb"},"inLanguage":"de","potentialAction":[{"@type":"ReadAction","target":["https:\/\/www.purejewels.com\/product\/22ct-gold-ring-jali-filigree-collection-50777\/"]}]},{"@type":"ImageObject","inLanguage":"de","@id":"https:\/\/www.purejewels.com\/product\/22ct-gold-ring-jali-filigree-collection-50777\/#primaryimage","url":"https:\/\/static.purejewels.com\/wp-content\/uploads\/2023\/12\/SKU-50777_1.png","contentUrl":"https:\/\/static.purejewels.com\/wp-content\/uploads\/2023\/12\/SKU-50777_1.png","width":1000,"height":1000,"caption":"Adjustable Vanki Ring"},{"@type":"BreadcrumbList","@id":"https:\/\/www.purejewels.com\/product\/22ct-gold-ring-jali-filigree-collection-50777\/#breadcrumb","itemListElement":[{"@type":"ListItem","position":1,"name":"Home","item":"https:\/\/www.purejewels.com\/"},{"@type":"ListItem","position":2,"name":"Shop","item":"https:\/\/www.purejewels.com\/shop\/"},{"@type":"ListItem","position":3,"name":"22ct Gold Ring for Ladies | Jali Filigree Collection"}]},{"@type":"WebSite","@id":"https:\/\/www.purejewels.com\/#website","url":"https:\/\/www.purejewels.com\/","name":"PureJewels UK","description":"Teile die Liebe","publisher":{"@id":"https:\/\/www.purejewels.com\/#organization"},"potentialAction":[{"@type":"SearchAction","target":{"@type":"EntryPoint","urlTemplate":"https:\/\/www.purejewels.com\/?s={search_term_string}"},"query-input":{"@type":"PropertyValueSpecification","valueRequired":true,"valueName":"search_term_string"}}],"inLanguage":"de"},{"@type":"Organization","@id":"https:\/\/www.purejewels.com\/#organization","name":"PureJewels UK","url":"https:\/\/www.purejewels.com\/","logo":{"@type":"ImageObject","inLanguage":"de","@id":"https:\/\/www.purejewels.com\/#\/schema\/logo\/image\/","url":"https:\/\/static.purejewels.com\/wp-content\/uploads\/2020\/11\/Logo-PJ-New-1.png","contentUrl":"https:\/\/static.purejewels.com\/wp-content\/uploads\/2020\/11\/Logo-PJ-New-1.png","width":150,"height":80,"caption":"PureJewels UK"},"image":{"@id":"https:\/\/www.purejewels.com\/#\/schema\/logo\/image\/"}}]}},"_links":{"self":[{"href":"https:\/\/www.purejewels.com\/de\/wp-json\/wp\/v2\/product\/347284","targetHints":{"allow":["GET"]}}],"collection":[{"href":"https:\/\/www.purejewels.com\/de\/wp-json\/wp\/v2\/product"}],"about":[{"href":"https:\/\/www.purejewels.com\/de\/wp-json\/wp\/v2\/types\/product"}],"replies":[{"embeddable":true,"href":"https:\/\/www.purejewels.com\/de\/wp-json\/wp\/v2\/comments?post=347284"}],"version-history":[{"count":3,"href":"https:\/\/www.purejewels.com\/de\/wp-json\/wp\/v2\/product\/347284\/revisions"}],"predecessor-version":[{"id":400975,"href":"https:\/\/www.purejewels.com\/de\/wp-json\/wp\/v2\/product\/347284\/revisions\/400975"}],"wp:featuredmedia":[{"embeddable":true,"href":"https:\/\/www.purejewels.com\/de\/wp-json\/wp\/v2\/media\/400735"}],"wp:attachment":[{"href":"https:\/\/www.purejewels.com\/de\/wp-json\/wp\/v2\/media?parent=347284"}],"wp:term":[{"taxonomy":"product_brand","embeddable":true,"href":"https:\/\/www.purejewels.com\/de\/wp-json\/wp\/v2\/product_brand?post=347284"},{"taxonomy":"product_cat","embeddable":true,"href":"https:\/\/www.purejewels.com\/de\/wp-json\/wp\/v2\/product_cat?post=347284"},{"taxonomy":"product_tag","embeddable":true,"href":"https:\/\/www.purejewels.com\/de\/wp-json\/wp\/v2\/product_tag?post=347284"}],"curies":[{"name":"wp","href":"https:\/\/api.w.org\/{rel}","templated":true}]}}