{"id":347346,"date":"2023-06-08T09:06:15","date_gmt":"2023-06-08T08:06:15","guid":{"rendered":"https:\/\/www.purejewels.com\/?post_type=product&#038;p=347346"},"modified":"2025-01-19T18:10:39","modified_gmt":"2025-01-19T18:10:39","slug":"22-karat-gold-kreolen-ohrringe-43812","status":"publish","type":"product","link":"https:\/\/www.purejewels.com\/de\/product\/22ct-gold-creole-earrings-43812\/","title":{"rendered":"22ct Gold Kreolen-Ohrringe"},"content":{"rendered":"<ul>\n<li>SKU. 43812<\/li>\n<li>WT. 5,3 Gramm<\/li>\n<\/ul>\n<p>Diese Goldkreolen <a href=\"https:\/\/www.purejewels.com\/de\/product\/timeless-classics-22ct-gold-earring-25878\/\">Reifenohrringe f\u00fcr Frauen<\/a> sind klassische und zeitlose Schmuckst\u00fccke, die nie aus der Mode kommen werden. Sie sind aus hochwertigem 22-kar\u00e4tigem Gold gefertigt und haben ein schlichtes, aber elegantes Design. Die Reifchen sind leicht und angenehm zu tragen.<\/p>\n<p>Diese <a href=\"https:\/\/www.purejewels.com\/de\/product-category\/22ct-gold-jewellery\/gold-earrings\/\">Ohrringe<\/a> sind die perfekte M\u00f6glichkeit, jedem Outfit einen Hauch von Glamour zu verleihen. Sie k\u00f6nnen nach oben oder unten gekleidet werden und sind perfekt f\u00fcr jeden Anlass. Sie sind auch ein tolles Geschenk f\u00fcr jede Frau in deinem Leben.<\/p>\n<p><strong>Merkmale:<\/strong><\/p>\n<ul>\n<li>22k Gold<\/li>\n<li>Einfaches und doch elegantes Design<\/li>\n<li>Leicht und angenehm zu tragen<\/li>\n<\/ul>\n<p><strong>Vorteile:<\/strong><\/p>\n<ul>\n<li>Klassisches und zeitloses Schmuckst\u00fcck<\/li>\n<li>Verleiht jedem Outfit einen Hauch von Glamour<\/li>\n<li>Nach oben oder unten gekleidet<\/li>\n<li>Tolles Geschenk f\u00fcr jede Frau<\/li>\n<\/ul>\n<p><strong>B\u00fcrgschaft:<\/strong><\/p>\n<p>Wir sind so zuversichtlich, dass Sie diese Ohrringe lieben werden, dass wir eine 100% Zufriedenheitsgarantie anbieten. Wenn Sie mit Ihrem Kauf aus irgendeinem Grund nicht zufrieden sind, geben Sie sie einfach zur\u00fcck und Sie erhalten den vollen Kaufpreis zur\u00fcck.<\/p>\n<p><strong>Zus\u00e4tzliche Informationen:<\/strong><\/p>\n<ul>\n<li>Diese Ohrringe sind nickelfrei und hypoallergen, so dass sie auch f\u00fcr empfindliche Ohren geeignet sind.<\/li>\n<li>Die Ohrringe werden in einer sch\u00f6nen Geschenkbox geliefert und sind somit das perfekte Geschenk f\u00fcr jeden besonderen Anlass.<\/li>\n<\/ul>","protected":false},"excerpt":{"rendered":"<div class=\"woocommerce-product-details__short-description\">\n<table class=\"sh_desc\">\n<tbody>\n<tr>\n<td>Art des Ohrrings<\/td>\n<td>Reif-Ohrring<\/td>\n<\/tr>\n<tr>\n<td>SKU<\/td>\n<td>43812<\/td>\n<\/tr>\n<tr>\n<td>Gewicht<\/td>\n<td>5,3 Gms<\/td>\n<\/tr>\n<tr>\n<td>Metall<\/td>\n<td>22ct Gold<\/td>\n<\/tr>\n<tr>\n<td>Entgelte<\/td>\n<td>Lieferung und Mehrwertsteuer inbegriffen<\/td>\n<\/tr>\n<tr>\n<td>Verpackung<\/td>\n<td>Mit Pr\u00e4sentationsbox<\/td>\n<\/tr>\n<tr>\n<td>Mehr Informationen<\/td>\n<td>Live-Chat mit uns f\u00fcr Verf\u00fcgbarkeit und mehr Bilder<\/td>\n<\/tr>\n<\/tbody>\n<\/table>\n<\/div>\n<div class=\"btn-atc atc-slide\"><\/div>\n<div class=\"product_meta\"><\/div>","protected":false},"featured_media":348465,"comment_status":"closed","ping_status":"closed","template":"","meta":{"_eb_attr":"","_crsspst_to_jayantr4sg-hostcom":false},"product_brand":[],"product_cat":[1791,1559,1794,1793,1254,1579,1570,1574,5349],"product_tag":[66],"class_list":{"0":"post-347346","1":"product","2":"type-product","3":"status-publish","4":"has-post-thumbnail","6":"product_cat-anniversary-gifts","7":"product_cat-birthday-gifts","8":"product_cat-christmas-gifts","9":"product_cat-diwali-gifts","10":"product_cat-gold-earrings","11":"product_cat-hoop-earrings","12":"product_cat-mothers-day-gifts","13":"product_cat-womens-jewellery","14":"product_cat-yellow-gold-jewellery","15":"product_tag-earrings","17":"first","18":"outofstock","19":"taxable","20":"shipping-taxable","21":"product-type-simple","22":"add-to-wishlist-before_image"},"yoast_head":"<!-- This site is optimized with the Yoast SEO plugin v27.3 - https:\/\/yoast.com\/product\/yoast-seo-wordpress\/ -->\n<title>Gold Creole Hoop Earring For Women | PureJewels London<\/title>\n<meta name=\"description\" content=\"Order these earrings today and add a touch of classic elegance to your look with our Gold Creole Hoop Earring for Women in 22ct yellow gold.\" \/>\n<meta name=\"robots\" content=\"index, follow, max-snippet:-1, max-image-preview:large, max-video-preview:-1\" \/>\n<link rel=\"canonical\" href=\"https:\/\/www.purejewels.com\/de\/produkt-2\/22-karat-gold-kreolen-ohrringe-43812\/\" \/>\n<meta property=\"og:locale\" content=\"de_DE\" \/>\n<meta property=\"og:type\" content=\"article\" \/>\n<meta property=\"og:title\" content=\"Gold Creole Hoop Earring For Women | PureJewels London\" \/>\n<meta property=\"og:description\" content=\"Order these earrings today and add a touch of classic elegance to your look with our Gold Creole Hoop Earring for Women in 22ct yellow gold.\" \/>\n<meta property=\"og:url\" content=\"https:\/\/www.purejewels.com\/de\/produkt-2\/22-karat-gold-kreolen-ohrringe-43812\/\" \/>\n<meta property=\"og:site_name\" content=\"PureJewels UK\" \/>\n<meta property=\"article:modified_time\" content=\"2025-01-19T18:10:39+00:00\" \/>\n<meta property=\"og:image\" content=\"https:\/\/www.purejewels.com\/wp-content\/uploads\/2023\/06\/43812.jpg\" \/>\n\t<meta property=\"og:image:width\" content=\"1000\" \/>\n\t<meta property=\"og:image:height\" content=\"1000\" \/>\n\t<meta property=\"og:image:type\" content=\"image\/jpeg\" \/>\n<meta name=\"twitter:card\" content=\"summary_large_image\" \/>\n<meta name=\"twitter:label1\" content=\"Gesch\u00e4tzte Lesezeit\" \/>\n\t<meta name=\"twitter:data1\" content=\"1\u00a0Minute\" \/>\n<script type=\"application\/ld+json\" class=\"yoast-schema-graph\">{\"@context\":\"https:\\\/\\\/schema.org\",\"@graph\":[{\"@type\":[\"WebPage\",\"ItemPage\"],\"@id\":\"https:\\\/\\\/www.purejewels.com\\\/product\\\/22ct-gold-creole-earrings-43812\\\/\",\"url\":\"https:\\\/\\\/www.purejewels.com\\\/product\\\/22ct-gold-creole-earrings-43812\\\/\",\"name\":\"Gold Creole Hoop Earring For Women | PureJewels London\",\"isPartOf\":{\"@id\":\"https:\\\/\\\/www.purejewels.com\\\/#website\"},\"primaryImageOfPage\":{\"@id\":\"https:\\\/\\\/www.purejewels.com\\\/product\\\/22ct-gold-creole-earrings-43812\\\/#primaryimage\"},\"image\":{\"@id\":\"https:\\\/\\\/www.purejewels.com\\\/product\\\/22ct-gold-creole-earrings-43812\\\/#primaryimage\"},\"thumbnailUrl\":\"https:\\\/\\\/static.purejewels.com\\\/wp-content\\\/uploads\\\/2023\\\/06\\\/43812.jpg\",\"datePublished\":\"2023-06-08T08:06:15+00:00\",\"dateModified\":\"2025-01-19T18:10:39+00:00\",\"description\":\"Order these earrings today and add a touch of classic elegance to your look with our Gold Creole Hoop Earring for Women in 22ct yellow gold.\",\"breadcrumb\":{\"@id\":\"https:\\\/\\\/www.purejewels.com\\\/product\\\/22ct-gold-creole-earrings-43812\\\/#breadcrumb\"},\"inLanguage\":\"de\",\"potentialAction\":[{\"@type\":\"ReadAction\",\"target\":[\"https:\\\/\\\/www.purejewels.com\\\/product\\\/22ct-gold-creole-earrings-43812\\\/\"]}]},{\"@type\":\"ImageObject\",\"inLanguage\":\"de\",\"@id\":\"https:\\\/\\\/www.purejewels.com\\\/product\\\/22ct-gold-creole-earrings-43812\\\/#primaryimage\",\"url\":\"https:\\\/\\\/static.purejewels.com\\\/wp-content\\\/uploads\\\/2023\\\/06\\\/43812.jpg\",\"contentUrl\":\"https:\\\/\\\/static.purejewels.com\\\/wp-content\\\/uploads\\\/2023\\\/06\\\/43812.jpg\",\"width\":1000,\"height\":1000,\"caption\":\"22ct Gold Creole Earrings\"},{\"@type\":\"BreadcrumbList\",\"@id\":\"https:\\\/\\\/www.purejewels.com\\\/product\\\/22ct-gold-creole-earrings-43812\\\/#breadcrumb\",\"itemListElement\":[{\"@type\":\"ListItem\",\"position\":1,\"name\":\"Home\",\"item\":\"https:\\\/\\\/www.purejewels.com\\\/\"},{\"@type\":\"ListItem\",\"position\":2,\"name\":\"Shop\",\"item\":\"https:\\\/\\\/www.purejewels.com\\\/shop\\\/\"},{\"@type\":\"ListItem\",\"position\":3,\"name\":\"22ct Gold Creole Earrings\"}]},{\"@type\":\"WebSite\",\"@id\":\"https:\\\/\\\/www.purejewels.com\\\/#website\",\"url\":\"https:\\\/\\\/www.purejewels.com\\\/\",\"name\":\"PureJewels UK\",\"description\":\"Share the Love\",\"publisher\":{\"@id\":\"https:\\\/\\\/www.purejewels.com\\\/#organization\"},\"potentialAction\":[{\"@type\":\"SearchAction\",\"target\":{\"@type\":\"EntryPoint\",\"urlTemplate\":\"https:\\\/\\\/www.purejewels.com\\\/?s={search_term_string}\"},\"query-input\":{\"@type\":\"PropertyValueSpecification\",\"valueRequired\":true,\"valueName\":\"search_term_string\"}}],\"inLanguage\":\"de\"},{\"@type\":\"Organization\",\"@id\":\"https:\\\/\\\/www.purejewels.com\\\/#organization\",\"name\":\"PureJewels UK\",\"url\":\"https:\\\/\\\/www.purejewels.com\\\/\",\"logo\":{\"@type\":\"ImageObject\",\"inLanguage\":\"de\",\"@id\":\"https:\\\/\\\/www.purejewels.com\\\/#\\\/schema\\\/logo\\\/image\\\/\",\"url\":\"https:\\\/\\\/static.purejewels.com\\\/wp-content\\\/uploads\\\/2020\\\/11\\\/Logo-PJ-New-1.png\",\"contentUrl\":\"https:\\\/\\\/static.purejewels.com\\\/wp-content\\\/uploads\\\/2020\\\/11\\\/Logo-PJ-New-1.png\",\"width\":150,\"height\":80,\"caption\":\"PureJewels UK\"},\"image\":{\"@id\":\"https:\\\/\\\/www.purejewels.com\\\/#\\\/schema\\\/logo\\\/image\\\/\"}}]}<\/script>\n<!-- \/ Yoast SEO plugin. -->","yoast_head_json":{"title":"Gold Creole Hoop Ohrring f\u00fcr Frauen | PureJewels London","description":"Bestellen Sie diese Ohrringe noch heute und verleihen Sie Ihrem Look einen Hauch von klassischer Eleganz mit unserem Creolen-Ohrring f\u00fcr Damen aus 22 Karat Gelbgold.","robots":{"index":"index","follow":"follow","max-snippet":"max-snippet:-1","max-image-preview":"max-image-preview:large","max-video-preview":"max-video-preview:-1"},"canonical":"https:\/\/www.purejewels.com\/de\/produkt-2\/22-karat-gold-kreolen-ohrringe-43812\/","og_locale":"de_DE","og_type":"article","og_title":"Gold Creole Hoop Earring For Women | PureJewels London","og_description":"Order these earrings today and add a touch of classic elegance to your look with our Gold Creole Hoop Earring for Women in 22ct yellow gold.","og_url":"https:\/\/www.purejewels.com\/de\/produkt-2\/22-karat-gold-kreolen-ohrringe-43812\/","og_site_name":"PureJewels UK","article_modified_time":"2025-01-19T18:10:39+00:00","og_image":[{"width":1000,"height":1000,"url":"https:\/\/www.purejewels.com\/wp-content\/uploads\/2023\/06\/43812.jpg","type":"image\/jpeg"}],"twitter_card":"summary_large_image","twitter_misc":{"Gesch\u00e4tzte Lesezeit":"1\u00a0Minute"},"schema":{"@context":"https:\/\/schema.org","@graph":[{"@type":["WebPage","ItemPage"],"@id":"https:\/\/www.purejewels.com\/product\/22ct-gold-creole-earrings-43812\/","url":"https:\/\/www.purejewels.com\/product\/22ct-gold-creole-earrings-43812\/","name":"Gold Creole Hoop Ohrring f\u00fcr Frauen | PureJewels London","isPartOf":{"@id":"https:\/\/www.purejewels.com\/#website"},"primaryImageOfPage":{"@id":"https:\/\/www.purejewels.com\/product\/22ct-gold-creole-earrings-43812\/#primaryimage"},"image":{"@id":"https:\/\/www.purejewels.com\/product\/22ct-gold-creole-earrings-43812\/#primaryimage"},"thumbnailUrl":"https:\/\/static.purejewels.com\/wp-content\/uploads\/2023\/06\/43812.jpg","datePublished":"2023-06-08T08:06:15+00:00","dateModified":"2025-01-19T18:10:39+00:00","description":"Bestellen Sie diese Ohrringe noch heute und verleihen Sie Ihrem Look einen Hauch von klassischer Eleganz mit unserem Creolen-Ohrring f\u00fcr Damen aus 22 Karat Gelbgold.","breadcrumb":{"@id":"https:\/\/www.purejewels.com\/product\/22ct-gold-creole-earrings-43812\/#breadcrumb"},"inLanguage":"de","potentialAction":[{"@type":"ReadAction","target":["https:\/\/www.purejewels.com\/product\/22ct-gold-creole-earrings-43812\/"]}]},{"@type":"ImageObject","inLanguage":"de","@id":"https:\/\/www.purejewels.com\/product\/22ct-gold-creole-earrings-43812\/#primaryimage","url":"https:\/\/static.purejewels.com\/wp-content\/uploads\/2023\/06\/43812.jpg","contentUrl":"https:\/\/static.purejewels.com\/wp-content\/uploads\/2023\/06\/43812.jpg","width":1000,"height":1000,"caption":"22ct Gold Creole Earrings"},{"@type":"BreadcrumbList","@id":"https:\/\/www.purejewels.com\/product\/22ct-gold-creole-earrings-43812\/#breadcrumb","itemListElement":[{"@type":"ListItem","position":1,"name":"Home","item":"https:\/\/www.purejewels.com\/"},{"@type":"ListItem","position":2,"name":"Shop","item":"https:\/\/www.purejewels.com\/shop\/"},{"@type":"ListItem","position":3,"name":"22ct Gold Creole Earrings"}]},{"@type":"WebSite","@id":"https:\/\/www.purejewels.com\/#website","url":"https:\/\/www.purejewels.com\/","name":"PureJewels UK","description":"Teile die Liebe","publisher":{"@id":"https:\/\/www.purejewels.com\/#organization"},"potentialAction":[{"@type":"SearchAction","target":{"@type":"EntryPoint","urlTemplate":"https:\/\/www.purejewels.com\/?s={search_term_string}"},"query-input":{"@type":"PropertyValueSpecification","valueRequired":true,"valueName":"search_term_string"}}],"inLanguage":"de"},{"@type":"Organization","@id":"https:\/\/www.purejewels.com\/#organization","name":"PureJewels UK","url":"https:\/\/www.purejewels.com\/","logo":{"@type":"ImageObject","inLanguage":"de","@id":"https:\/\/www.purejewels.com\/#\/schema\/logo\/image\/","url":"https:\/\/static.purejewels.com\/wp-content\/uploads\/2020\/11\/Logo-PJ-New-1.png","contentUrl":"https:\/\/static.purejewels.com\/wp-content\/uploads\/2020\/11\/Logo-PJ-New-1.png","width":150,"height":80,"caption":"PureJewels UK"},"image":{"@id":"https:\/\/www.purejewels.com\/#\/schema\/logo\/image\/"}}]}},"_links":{"self":[{"href":"https:\/\/www.purejewels.com\/de\/wp-json\/wp\/v2\/product\/347346","targetHints":{"allow":["GET"]}}],"collection":[{"href":"https:\/\/www.purejewels.com\/de\/wp-json\/wp\/v2\/product"}],"about":[{"href":"https:\/\/www.purejewels.com\/de\/wp-json\/wp\/v2\/types\/product"}],"replies":[{"embeddable":true,"href":"https:\/\/www.purejewels.com\/de\/wp-json\/wp\/v2\/comments?post=347346"}],"version-history":[{"count":2,"href":"https:\/\/www.purejewels.com\/de\/wp-json\/wp\/v2\/product\/347346\/revisions"}],"predecessor-version":[{"id":384273,"href":"https:\/\/www.purejewels.com\/de\/wp-json\/wp\/v2\/product\/347346\/revisions\/384273"}],"wp:featuredmedia":[{"embeddable":true,"href":"https:\/\/www.purejewels.com\/de\/wp-json\/wp\/v2\/media\/348465"}],"wp:attachment":[{"href":"https:\/\/www.purejewels.com\/de\/wp-json\/wp\/v2\/media?parent=347346"}],"wp:term":[{"taxonomy":"product_brand","embeddable":true,"href":"https:\/\/www.purejewels.com\/de\/wp-json\/wp\/v2\/product_brand?post=347346"},{"taxonomy":"product_cat","embeddable":true,"href":"https:\/\/www.purejewels.com\/de\/wp-json\/wp\/v2\/product_cat?post=347346"},{"taxonomy":"product_tag","embeddable":true,"href":"https:\/\/www.purejewels.com\/de\/wp-json\/wp\/v2\/product_tag?post=347346"}],"curies":[{"name":"wp","href":"https:\/\/api.w.org\/{rel}","templated":true}]}}