{"id":347366,"date":"2023-06-09T05:43:17","date_gmt":"2023-06-09T04:43:17","guid":{"rendered":"https:\/\/www.purejewels.com\/?post_type=product&#038;p=347366"},"modified":"2026-04-29T05:49:59","modified_gmt":"2026-04-29T04:49:59","slug":"schlichter-22-karat-gold-ohrring-52148","status":"publish","type":"product","link":"https:\/\/www.purejewels.com\/de\/product\/22ct-gold-plain-hoop-earring-52148\/","title":{"rendered":"22 kt. Gold-Reif-Ohrring"},"content":{"rendered":"<p>Der Klassiker schlechthin: diese Bali 22ct Gold <a href=\"https:\/\/www.purejewels.com\/de\/product-category\/22ct-gold-jewellery\/gold-earrings\/\">Ohrringe<\/a> sind f\u00fcr m\u00fchelose, allt\u00e4gliche Raffinesse konzipiert. Handgefertigt aus hochreinem 22-kar\u00e4tigem Gold, sind sie mit ihrer sauberen, polierten Oberfl\u00e4che ein vielseitiges Accessoire f\u00fcr jedes Alter. Ob allein getragen f\u00fcr ein subtiles Statement oder in Kombination mit anderen Ohrringen, diese Balis bieten unvergleichlichen Komfort und Eleganz. Sie sind ideal zum Verschenken oder f\u00fcr den t\u00e4glichen Gebrauch. Sie sind f\u00fcr ihre Echtheit gepunzt und werden mit der bew\u00e4hrten Handwerkskunst von PureJewels hergestellt, f\u00fcr die sie bekannt sind. Umarmen Sie Gold, das sich mit Ihnen bewegt - raffiniert, strahlend und f\u00fcr immer relevant.<\/p>","protected":false},"excerpt":{"rendered":"<p>Schlank, schlicht und traditionsreich - diese 22-kar\u00e4tigen Bali-Ohrringe aus Gold sind ein allt\u00e4gliches Accessoire. Sie sind leicht, strahlend und zeitlos tragbar.<\/p>\n<p><strong>Material:<\/strong> 22ct Gold (91,6% reines Gold)<strong><br \/>\nWahrzeichen:\u00a0<\/strong>Britisches G\u00fctesiegel<strong><br \/>\n<\/strong><strong>Gewicht: <\/strong>3,11 Gramm<br \/>\n<strong>Innendurchmesser:<\/strong> 25 mm<strong><br \/>\nSKU: <\/strong>53823, 53824, 53825, 53826, 53827, 52146, 52147<\/p>\n<p><strong>Preis und Lieferung<\/strong>:Inklusive Mehrwertsteuer und Lieferkosten<\/p>\n<p><a href=\"https:\/\/www.purejewels.com\/de\/ruckgabepolitik\/\">R\u00fcckgabepolitik<\/a><\/p>","protected":false},"featured_media":401635,"comment_status":"closed","ping_status":"closed","template":"","meta":{"_eb_attr":"","_crsspst_to_jayantr4sg-hostcom":true},"product_brand":[],"product_cat":[1791,1559,1794,1793,1254,1229,1579,1570,5608,1574,5349],"product_tag":[66],"class_list":{"0":"post-347366","1":"product","2":"type-product","3":"status-publish","4":"has-post-thumbnail","6":"product_cat-anniversary-gifts","7":"product_cat-birthday-gifts","8":"product_cat-christmas-gifts","9":"product_cat-diwali-gifts","10":"product_cat-gold-earrings","11":"product_cat-22ct-gold-jewellery","12":"product_cat-hoop-earrings","13":"product_cat-mothers-day-gifts","14":"product_cat-simple-hoops","15":"product_cat-womens-jewellery","16":"product_cat-yellow-gold-jewellery","17":"product_tag-earrings","19":"first","20":"instock","21":"taxable","22":"shipping-taxable","23":"purchasable","24":"product-type-simple","25":"add-to-wishlist-before_image"},"yoast_head":"<!-- This site is optimized with the Yoast SEO plugin v27.5 - https:\/\/yoast.com\/product\/yoast-seo-wordpress\/ -->\n<title>22ct Gold Plain Hoop Earring | 25 mm | PureJewels UK<\/title>\n<meta name=\"description\" content=\"Shop classic elegance with our 22ct Gold Plain Hoop Earrings! Crafted from pure 22ct gold, these 25mm hoops offer a timeless design that complements any outfit.\" \/>\n<meta name=\"robots\" content=\"index, follow, max-snippet:-1, max-image-preview:large, max-video-preview:-1\" \/>\n<link rel=\"canonical\" href=\"https:\/\/www.purejewels.com\/de\/produkt-2\/schlichter-22-karat-gold-ohrring-52148\/\" \/>\n<meta property=\"og:locale\" content=\"de_DE\" \/>\n<meta property=\"og:type\" content=\"article\" \/>\n<meta property=\"og:title\" content=\"22ct Gold Plain Hoop Earring | 25 mm | PureJewels UK\" \/>\n<meta property=\"og:description\" content=\"Shop classic elegance with our 22ct Gold Plain Hoop Earrings! Crafted from pure 22ct gold, these 25mm hoops offer a timeless design that complements any outfit.\" \/>\n<meta property=\"og:url\" content=\"https:\/\/www.purejewels.com\/de\/produkt-2\/schlichter-22-karat-gold-ohrring-52148\/\" \/>\n<meta property=\"og:site_name\" content=\"PureJewels UK\" \/>\n<meta property=\"article:modified_time\" content=\"2026-04-29T04:49:59+00:00\" \/>\n<meta property=\"og:image\" content=\"https:\/\/static.purejewels.com\/wp-content\/uploads\/2024\/10\/SKU-52144-52149-52145-1.png\" \/>\n\t<meta property=\"og:image:width\" content=\"1000\" \/>\n\t<meta property=\"og:image:height\" content=\"1000\" \/>\n\t<meta property=\"og:image:type\" content=\"image\/png\" \/>\n<meta name=\"twitter:card\" content=\"summary_large_image\" \/>\n<meta name=\"twitter:label1\" content=\"Gesch\u00e4tzte Lesezeit\" \/>\n\t<meta name=\"twitter:data1\" content=\"1\u00a0Minute\" \/>\n<script type=\"application\/ld+json\" class=\"yoast-schema-graph\">{\"@context\":\"https:\\\/\\\/schema.org\",\"@graph\":[{\"@type\":[\"WebPage\",\"ItemPage\"],\"@id\":\"https:\\\/\\\/www.purejewels.com\\\/product\\\/22ct-gold-plain-hoop-earring-52148\\\/\",\"url\":\"https:\\\/\\\/www.purejewels.com\\\/product\\\/22ct-gold-plain-hoop-earring-52148\\\/\",\"name\":\"22ct Gold Plain Hoop Earring | 25 mm | PureJewels UK\",\"isPartOf\":{\"@id\":\"https:\\\/\\\/www.purejewels.com\\\/#website\"},\"primaryImageOfPage\":{\"@id\":\"https:\\\/\\\/www.purejewels.com\\\/product\\\/22ct-gold-plain-hoop-earring-52148\\\/#primaryimage\"},\"image\":{\"@id\":\"https:\\\/\\\/www.purejewels.com\\\/product\\\/22ct-gold-plain-hoop-earring-52148\\\/#primaryimage\"},\"thumbnailUrl\":\"https:\\\/\\\/static.purejewels.com\\\/wp-content\\\/uploads\\\/2024\\\/10\\\/SKU-52144-52149-52145-1.png\",\"datePublished\":\"2023-06-09T04:43:17+00:00\",\"dateModified\":\"2026-04-29T04:49:59+00:00\",\"description\":\"Shop classic elegance with our 22ct Gold Plain Hoop Earrings! Crafted from pure 22ct gold, these 25mm hoops offer a timeless design that complements any outfit.\",\"breadcrumb\":{\"@id\":\"https:\\\/\\\/www.purejewels.com\\\/product\\\/22ct-gold-plain-hoop-earring-52148\\\/#breadcrumb\"},\"inLanguage\":\"de\",\"potentialAction\":[{\"@type\":\"ReadAction\",\"target\":[\"https:\\\/\\\/www.purejewels.com\\\/product\\\/22ct-gold-plain-hoop-earring-52148\\\/\"]}]},{\"@type\":\"ImageObject\",\"inLanguage\":\"de\",\"@id\":\"https:\\\/\\\/www.purejewels.com\\\/product\\\/22ct-gold-plain-hoop-earring-52148\\\/#primaryimage\",\"url\":\"https:\\\/\\\/static.purejewels.com\\\/wp-content\\\/uploads\\\/2024\\\/10\\\/SKU-52144-52149-52145-1.png\",\"contentUrl\":\"https:\\\/\\\/static.purejewels.com\\\/wp-content\\\/uploads\\\/2024\\\/10\\\/SKU-52144-52149-52145-1.png\",\"width\":1000,\"height\":1000,\"caption\":\"22ct Gold Designer Hoop Earring\"},{\"@type\":\"BreadcrumbList\",\"@id\":\"https:\\\/\\\/www.purejewels.com\\\/product\\\/22ct-gold-plain-hoop-earring-52148\\\/#breadcrumb\",\"itemListElement\":[{\"@type\":\"ListItem\",\"position\":1,\"name\":\"Home\",\"item\":\"https:\\\/\\\/www.purejewels.com\\\/\"},{\"@type\":\"ListItem\",\"position\":2,\"name\":\"Shop\",\"item\":\"https:\\\/\\\/www.purejewels.com\\\/shop\\\/\"},{\"@type\":\"ListItem\",\"position\":3,\"name\":\"22ct Gold Hoop Earring\"}]},{\"@type\":\"WebSite\",\"@id\":\"https:\\\/\\\/www.purejewels.com\\\/#website\",\"url\":\"https:\\\/\\\/www.purejewels.com\\\/\",\"name\":\"PureJewels UK\",\"description\":\"Share the Love\",\"publisher\":{\"@id\":\"https:\\\/\\\/www.purejewels.com\\\/#organization\"},\"potentialAction\":[{\"@type\":\"SearchAction\",\"target\":{\"@type\":\"EntryPoint\",\"urlTemplate\":\"https:\\\/\\\/www.purejewels.com\\\/?s={search_term_string}\"},\"query-input\":{\"@type\":\"PropertyValueSpecification\",\"valueRequired\":true,\"valueName\":\"search_term_string\"}}],\"inLanguage\":\"de\"},{\"@type\":\"Organization\",\"@id\":\"https:\\\/\\\/www.purejewels.com\\\/#organization\",\"name\":\"PureJewels UK\",\"url\":\"https:\\\/\\\/www.purejewels.com\\\/\",\"logo\":{\"@type\":\"ImageObject\",\"inLanguage\":\"de\",\"@id\":\"https:\\\/\\\/www.purejewels.com\\\/#\\\/schema\\\/logo\\\/image\\\/\",\"url\":\"https:\\\/\\\/static.purejewels.com\\\/wp-content\\\/uploads\\\/2020\\\/11\\\/Logo-PJ-New-1.png\",\"contentUrl\":\"https:\\\/\\\/static.purejewels.com\\\/wp-content\\\/uploads\\\/2020\\\/11\\\/Logo-PJ-New-1.png\",\"width\":150,\"height\":80,\"caption\":\"PureJewels UK\"},\"image\":{\"@id\":\"https:\\\/\\\/www.purejewels.com\\\/#\\\/schema\\\/logo\\\/image\\\/\"}}]}<\/script>\n<!-- \/ Yoast SEO plugin. -->","yoast_head_json":{"title":"22ct Gold Einfacher Creolenring | 25 mm | PureJewels UK","description":"Shoppen Sie klassische Eleganz mit unseren einfarbigen 22ct Gold Hoop Earrings! Diese 25 mm gro\u00dfen Creolen sind aus reinem 22-kar\u00e4tigem Gold gefertigt und bieten ein zeitloses Design, das jedes Outfit erg\u00e4nzt.","robots":{"index":"index","follow":"follow","max-snippet":"max-snippet:-1","max-image-preview":"max-image-preview:large","max-video-preview":"max-video-preview:-1"},"canonical":"https:\/\/www.purejewels.com\/de\/produkt-2\/schlichter-22-karat-gold-ohrring-52148\/","og_locale":"de_DE","og_type":"article","og_title":"22ct Gold Plain Hoop Earring | 25 mm | PureJewels UK","og_description":"Shop classic elegance with our 22ct Gold Plain Hoop Earrings! Crafted from pure 22ct gold, these 25mm hoops offer a timeless design that complements any outfit.","og_url":"https:\/\/www.purejewels.com\/de\/produkt-2\/schlichter-22-karat-gold-ohrring-52148\/","og_site_name":"PureJewels UK","article_modified_time":"2026-04-29T04:49:59+00:00","og_image":[{"width":1000,"height":1000,"url":"https:\/\/static.purejewels.com\/wp-content\/uploads\/2024\/10\/SKU-52144-52149-52145-1.png","type":"image\/png"}],"twitter_card":"summary_large_image","twitter_misc":{"Gesch\u00e4tzte Lesezeit":"1\u00a0Minute"},"schema":{"@context":"https:\/\/schema.org","@graph":[{"@type":["WebPage","ItemPage"],"@id":"https:\/\/www.purejewels.com\/product\/22ct-gold-plain-hoop-earring-52148\/","url":"https:\/\/www.purejewels.com\/product\/22ct-gold-plain-hoop-earring-52148\/","name":"22ct Gold Einfacher Creolenring | 25 mm | PureJewels UK","isPartOf":{"@id":"https:\/\/www.purejewels.com\/#website"},"primaryImageOfPage":{"@id":"https:\/\/www.purejewels.com\/product\/22ct-gold-plain-hoop-earring-52148\/#primaryimage"},"image":{"@id":"https:\/\/www.purejewels.com\/product\/22ct-gold-plain-hoop-earring-52148\/#primaryimage"},"thumbnailUrl":"https:\/\/static.purejewels.com\/wp-content\/uploads\/2024\/10\/SKU-52144-52149-52145-1.png","datePublished":"2023-06-09T04:43:17+00:00","dateModified":"2026-04-29T04:49:59+00:00","description":"Shoppen Sie klassische Eleganz mit unseren einfarbigen 22ct Gold Hoop Earrings! Diese 25 mm gro\u00dfen Creolen sind aus reinem 22-kar\u00e4tigem Gold gefertigt und bieten ein zeitloses Design, das jedes Outfit erg\u00e4nzt.","breadcrumb":{"@id":"https:\/\/www.purejewels.com\/product\/22ct-gold-plain-hoop-earring-52148\/#breadcrumb"},"inLanguage":"de","potentialAction":[{"@type":"ReadAction","target":["https:\/\/www.purejewels.com\/product\/22ct-gold-plain-hoop-earring-52148\/"]}]},{"@type":"ImageObject","inLanguage":"de","@id":"https:\/\/www.purejewels.com\/product\/22ct-gold-plain-hoop-earring-52148\/#primaryimage","url":"https:\/\/static.purejewels.com\/wp-content\/uploads\/2024\/10\/SKU-52144-52149-52145-1.png","contentUrl":"https:\/\/static.purejewels.com\/wp-content\/uploads\/2024\/10\/SKU-52144-52149-52145-1.png","width":1000,"height":1000,"caption":"22ct Gold Designer Hoop Earring"},{"@type":"BreadcrumbList","@id":"https:\/\/www.purejewels.com\/product\/22ct-gold-plain-hoop-earring-52148\/#breadcrumb","itemListElement":[{"@type":"ListItem","position":1,"name":"Home","item":"https:\/\/www.purejewels.com\/"},{"@type":"ListItem","position":2,"name":"Shop","item":"https:\/\/www.purejewels.com\/shop\/"},{"@type":"ListItem","position":3,"name":"22ct Gold Hoop Earring"}]},{"@type":"WebSite","@id":"https:\/\/www.purejewels.com\/#website","url":"https:\/\/www.purejewels.com\/","name":"PureJewels UK","description":"Teile die Liebe","publisher":{"@id":"https:\/\/www.purejewels.com\/#organization"},"potentialAction":[{"@type":"SearchAction","target":{"@type":"EntryPoint","urlTemplate":"https:\/\/www.purejewels.com\/?s={search_term_string}"},"query-input":{"@type":"PropertyValueSpecification","valueRequired":true,"valueName":"search_term_string"}}],"inLanguage":"de"},{"@type":"Organization","@id":"https:\/\/www.purejewels.com\/#organization","name":"PureJewels UK","url":"https:\/\/www.purejewels.com\/","logo":{"@type":"ImageObject","inLanguage":"de","@id":"https:\/\/www.purejewels.com\/#\/schema\/logo\/image\/","url":"https:\/\/static.purejewels.com\/wp-content\/uploads\/2020\/11\/Logo-PJ-New-1.png","contentUrl":"https:\/\/static.purejewels.com\/wp-content\/uploads\/2020\/11\/Logo-PJ-New-1.png","width":150,"height":80,"caption":"PureJewels UK"},"image":{"@id":"https:\/\/www.purejewels.com\/#\/schema\/logo\/image\/"}}]}},"_links":{"self":[{"href":"https:\/\/www.purejewels.com\/de\/wp-json\/wp\/v2\/product\/347366","targetHints":{"allow":["GET"]}}],"collection":[{"href":"https:\/\/www.purejewels.com\/de\/wp-json\/wp\/v2\/product"}],"about":[{"href":"https:\/\/www.purejewels.com\/de\/wp-json\/wp\/v2\/types\/product"}],"replies":[{"embeddable":true,"href":"https:\/\/www.purejewels.com\/de\/wp-json\/wp\/v2\/comments?post=347366"}],"version-history":[{"count":3,"href":"https:\/\/www.purejewels.com\/de\/wp-json\/wp\/v2\/product\/347366\/revisions"}],"predecessor-version":[{"id":423211,"href":"https:\/\/www.purejewels.com\/de\/wp-json\/wp\/v2\/product\/347366\/revisions\/423211"}],"wp:featuredmedia":[{"embeddable":true,"href":"https:\/\/www.purejewels.com\/de\/wp-json\/wp\/v2\/media\/401635"}],"wp:attachment":[{"href":"https:\/\/www.purejewels.com\/de\/wp-json\/wp\/v2\/media?parent=347366"}],"wp:term":[{"taxonomy":"product_brand","embeddable":true,"href":"https:\/\/www.purejewels.com\/de\/wp-json\/wp\/v2\/product_brand?post=347366"},{"taxonomy":"product_cat","embeddable":true,"href":"https:\/\/www.purejewels.com\/de\/wp-json\/wp\/v2\/product_cat?post=347366"},{"taxonomy":"product_tag","embeddable":true,"href":"https:\/\/www.purejewels.com\/de\/wp-json\/wp\/v2\/product_tag?post=347366"}],"curies":[{"name":"wp","href":"https:\/\/api.w.org\/{rel}","templated":true}]}}