{"id":347371,"date":"2024-09-01T06:55:07","date_gmt":"2024-09-01T05:55:07","guid":{"rendered":"https:\/\/www.purejewels.com\/?post_type=product&#038;p=347371"},"modified":"2026-02-26T09:03:35","modified_gmt":"2026-02-26T09:03:35","slug":"22ct-gold-rosette-blume-anhanger-antik-finish-44832","status":"publish","type":"product","link":"https:\/\/www.purejewels.com\/de\/product\/22ct-gold-rosette-flower-pendant-antique-finish-44832\/","title":{"rendered":"22ct Gold Rosette Blume Anh\u00e4nger | 18 mm | Antique Finish"},"content":{"rendered":"<p>Der 22ct Gold Rosette Blume Anh\u00e4nger verf\u00fcgt \u00fcber eine sch\u00f6n geschichteten floralen Form mit einem weichen <a href=\"https:\/\/www.purejewels.com\/de\/armari-collection\/\">antikes Finish<\/a> die ihre komplizierte Struktur und Tiefe hervorhebt. Mit einer Gr\u00f6\u00dfe von 18 mm f\u00e4ngt diese geschnitzte Rosette die W\u00e4rme der traditionellen Handwerkskunst in strahlendem Gold ein. Als bedeutungsvolles Schmuckst\u00fcck zum Muttertag ist sie ein zeitloses Geschenk, um Liebe, Dankbarkeit und den gemeinsamen Weg zu feiern.<\/p>","protected":false},"excerpt":{"rendered":"<div class=\"woocommerce-product-details__short-description\">\n<table class=\"sh_desc\" style=\"width: 102.833%; height: 486px;\">\n<tbody>\n<tr>\n<td>Typ des Anh\u00e4ngers<\/td>\n<td>Fancy Anh\u00e4nger<\/td>\n<\/tr>\n<tr>\n<td>SKU<\/td>\n<td>46451<\/td>\n<\/tr>\n<tr>\n<td>Gewicht<\/td>\n<td>4.5Gms<\/td>\n<\/tr>\n<tr>\n<td>Breite<\/td>\n<td>18mm<\/td>\n<\/tr>\n<tr>\n<td>Metall<\/td>\n<td>22ct Gold<\/td>\n<\/tr>\n<tr>\n<td>KatalogID<\/td>\n<td>R1025<\/td>\n<\/tr>\n<tr>\n<td>Sammlung<\/td>\n<td><strong>Kollektion Rosetten<\/strong><\/td>\n<\/tr>\n<tr>\n<td>Entgelte<\/td>\n<td>Lieferung und Mehrwertsteuer inbegriffen<\/td>\n<\/tr>\n<tr>\n<td>Verpackung<\/td>\n<td>Mit Pr\u00e4sentationsbox<\/td>\n<\/tr>\n<tr>\n<td>Mehr Informationen<\/td>\n<td>\n<ul>\n<li>Kette ist nicht enthalten<\/li>\n<li>Sehen Sie sich unsere Sammlung von <strong>Gold-Ketten<\/strong><\/li>\n<li>Live-Chat mit uns f\u00fcr Verf\u00fcgbarkeit und mehr Bilder von Luxurious Mom Jewellery<\/li>\n<\/ul>\n<\/td>\n<\/tr>\n<\/tbody>\n<\/table>\n<\/div>","protected":false},"featured_media":370799,"comment_status":"closed","ping_status":"closed","template":"","meta":{"_eb_attr":"","_crsspst_to_jayantr4sg-hostcom":false},"product_brand":[],"product_cat":[1791,1559,1794,236,1793,1770,1792,1790,1229,1255,1767,1570,5585,1656,1569,1574,5349],"product_tag":[],"class_list":{"0":"post-347371","1":"product","2":"type-product","3":"status-publish","4":"has-post-thumbnail","6":"product_cat-anniversary-gifts","7":"product_cat-birthday-gifts","8":"product_cat-christmas-gifts","9":"product_cat-collections","10":"product_cat-diwali-gifts","11":"product_cat-fancy-pendants","12":"product_cat-festival-gifts","13":"product_cat-for-whom-when","14":"product_cat-22ct-gold-jewellery","15":"product_cat-gold-pendants","16":"product_cat-ladies-pendants","17":"product_cat-mothers-day-gifts","18":"product_cat-rosette-pendant","19":"product_cat-rosettes-collections","20":"product_cat-valentine-day-gifts","21":"product_cat-womens-jewellery","22":"product_cat-yellow-gold-jewellery","24":"first","25":"onbackorder","26":"taxable","27":"shipping-taxable","28":"purchasable","29":"product-type-simple","30":"add-to-wishlist-before_image"},"yoast_head":"<!-- This site is optimized with the Yoast SEO plugin v27.5 - https:\/\/yoast.com\/product\/yoast-seo-wordpress\/ -->\n<title>22ct Gold Rosette Flower Pendant | Antique Finish | PureJewels<\/title>\n<meta name=\"description\" content=\"Discover the perfect blend of luxury and beauty with our stunning 22ct Gold Rosette Flower Pendant. Buy this Pendant Online today!\" \/>\n<meta name=\"robots\" content=\"index, follow, max-snippet:-1, max-image-preview:large, max-video-preview:-1\" \/>\n<link rel=\"canonical\" href=\"https:\/\/www.purejewels.com\/de\/produkt-2\/22ct-gold-rosette-blume-anhanger-antik-finish-44832\/\" \/>\n<meta property=\"og:locale\" content=\"de_DE\" \/>\n<meta property=\"og:type\" content=\"article\" \/>\n<meta property=\"og:title\" content=\"22ct Gold Rosette Flower Pendant | Antique Finish | PureJewels\" \/>\n<meta property=\"og:description\" content=\"Discover the perfect blend of luxury and beauty with our stunning 22ct Gold Rosette Flower Pendant. Buy this Pendant Online today!\" \/>\n<meta property=\"og:url\" content=\"https:\/\/www.purejewels.com\/de\/produkt-2\/22ct-gold-rosette-blume-anhanger-antik-finish-44832\/\" \/>\n<meta property=\"og:site_name\" content=\"PureJewels UK\" \/>\n<meta property=\"article:modified_time\" content=\"2026-02-26T09:03:35+00:00\" \/>\n<meta property=\"og:image\" content=\"https:\/\/static.purejewels.com\/wp-content\/uploads\/2023\/07\/46450.png\" \/>\n\t<meta property=\"og:image:width\" content=\"1000\" \/>\n\t<meta property=\"og:image:height\" content=\"1000\" \/>\n\t<meta property=\"og:image:type\" content=\"image\/png\" \/>\n<meta name=\"twitter:card\" content=\"summary_large_image\" \/>\n<meta name=\"twitter:label1\" content=\"Gesch\u00e4tzte Lesezeit\" \/>\n\t<meta name=\"twitter:data1\" content=\"1\u00a0Minute\" \/>\n<script type=\"application\/ld+json\" class=\"yoast-schema-graph\">{\"@context\":\"https:\\\/\\\/schema.org\",\"@graph\":[{\"@type\":[\"WebPage\",\"ItemPage\"],\"@id\":\"https:\\\/\\\/www.purejewels.com\\\/product\\\/22ct-gold-rosette-flower-pendant-antique-finish-44832\\\/\",\"url\":\"https:\\\/\\\/www.purejewels.com\\\/product\\\/22ct-gold-rosette-flower-pendant-antique-finish-44832\\\/\",\"name\":\"22ct Gold Rosette Flower Pendant | Antique Finish | PureJewels\",\"isPartOf\":{\"@id\":\"https:\\\/\\\/www.purejewels.com\\\/#website\"},\"primaryImageOfPage\":{\"@id\":\"https:\\\/\\\/www.purejewels.com\\\/product\\\/22ct-gold-rosette-flower-pendant-antique-finish-44832\\\/#primaryimage\"},\"image\":{\"@id\":\"https:\\\/\\\/www.purejewels.com\\\/product\\\/22ct-gold-rosette-flower-pendant-antique-finish-44832\\\/#primaryimage\"},\"thumbnailUrl\":\"https:\\\/\\\/static.purejewels.com\\\/wp-content\\\/uploads\\\/2023\\\/07\\\/46450.png\",\"datePublished\":\"2024-09-01T05:55:07+00:00\",\"dateModified\":\"2026-02-26T09:03:35+00:00\",\"description\":\"Discover the perfect blend of luxury and beauty with our stunning 22ct Gold Rosette Flower Pendant. Buy this Pendant Online today!\",\"breadcrumb\":{\"@id\":\"https:\\\/\\\/www.purejewels.com\\\/product\\\/22ct-gold-rosette-flower-pendant-antique-finish-44832\\\/#breadcrumb\"},\"inLanguage\":\"de\",\"potentialAction\":[{\"@type\":\"ReadAction\",\"target\":[\"https:\\\/\\\/www.purejewels.com\\\/product\\\/22ct-gold-rosette-flower-pendant-antique-finish-44832\\\/\"]}]},{\"@type\":\"ImageObject\",\"inLanguage\":\"de\",\"@id\":\"https:\\\/\\\/www.purejewels.com\\\/product\\\/22ct-gold-rosette-flower-pendant-antique-finish-44832\\\/#primaryimage\",\"url\":\"https:\\\/\\\/static.purejewels.com\\\/wp-content\\\/uploads\\\/2023\\\/07\\\/46450.png\",\"contentUrl\":\"https:\\\/\\\/static.purejewels.com\\\/wp-content\\\/uploads\\\/2023\\\/07\\\/46450.png\",\"width\":1000,\"height\":1000,\"caption\":\"22ct Gold Pendant\"},{\"@type\":\"BreadcrumbList\",\"@id\":\"https:\\\/\\\/www.purejewels.com\\\/product\\\/22ct-gold-rosette-flower-pendant-antique-finish-44832\\\/#breadcrumb\",\"itemListElement\":[{\"@type\":\"ListItem\",\"position\":1,\"name\":\"Home\",\"item\":\"https:\\\/\\\/www.purejewels.com\\\/\"},{\"@type\":\"ListItem\",\"position\":2,\"name\":\"Shop\",\"item\":\"https:\\\/\\\/www.purejewels.com\\\/shop\\\/\"},{\"@type\":\"ListItem\",\"position\":3,\"name\":\"22ct Gold Rosette Flower Pendant | 18 mm | Antique Finish\"}]},{\"@type\":\"WebSite\",\"@id\":\"https:\\\/\\\/www.purejewels.com\\\/#website\",\"url\":\"https:\\\/\\\/www.purejewels.com\\\/\",\"name\":\"PureJewels UK\",\"description\":\"Share the Love\",\"publisher\":{\"@id\":\"https:\\\/\\\/www.purejewels.com\\\/#organization\"},\"potentialAction\":[{\"@type\":\"SearchAction\",\"target\":{\"@type\":\"EntryPoint\",\"urlTemplate\":\"https:\\\/\\\/www.purejewels.com\\\/?s={search_term_string}\"},\"query-input\":{\"@type\":\"PropertyValueSpecification\",\"valueRequired\":true,\"valueName\":\"search_term_string\"}}],\"inLanguage\":\"de\"},{\"@type\":\"Organization\",\"@id\":\"https:\\\/\\\/www.purejewels.com\\\/#organization\",\"name\":\"PureJewels UK\",\"url\":\"https:\\\/\\\/www.purejewels.com\\\/\",\"logo\":{\"@type\":\"ImageObject\",\"inLanguage\":\"de\",\"@id\":\"https:\\\/\\\/www.purejewels.com\\\/#\\\/schema\\\/logo\\\/image\\\/\",\"url\":\"https:\\\/\\\/static.purejewels.com\\\/wp-content\\\/uploads\\\/2020\\\/11\\\/Logo-PJ-New-1.png\",\"contentUrl\":\"https:\\\/\\\/static.purejewels.com\\\/wp-content\\\/uploads\\\/2020\\\/11\\\/Logo-PJ-New-1.png\",\"width\":150,\"height\":80,\"caption\":\"PureJewels UK\"},\"image\":{\"@id\":\"https:\\\/\\\/www.purejewels.com\\\/#\\\/schema\\\/logo\\\/image\\\/\"}}]}<\/script>\n<!-- \/ Yoast SEO plugin. -->","yoast_head_json":{"title":"22ct Gold Rosette Blume Anh\u00e4nger | Antique Finish | PureJewels","description":"Entdecken Sie die perfekte Mischung aus Luxus und Sch\u00f6nheit mit unserem atemberaubenden 22ct Gold Rosette Flower Anh\u00e4nger. Kaufen Sie diesen Anh\u00e4nger noch heute online!","robots":{"index":"index","follow":"follow","max-snippet":"max-snippet:-1","max-image-preview":"max-image-preview:large","max-video-preview":"max-video-preview:-1"},"canonical":"https:\/\/www.purejewels.com\/de\/produkt-2\/22ct-gold-rosette-blume-anhanger-antik-finish-44832\/","og_locale":"de_DE","og_type":"article","og_title":"22ct Gold Rosette Flower Pendant | Antique Finish | PureJewels","og_description":"Discover the perfect blend of luxury and beauty with our stunning 22ct Gold Rosette Flower Pendant. Buy this Pendant Online today!","og_url":"https:\/\/www.purejewels.com\/de\/produkt-2\/22ct-gold-rosette-blume-anhanger-antik-finish-44832\/","og_site_name":"PureJewels UK","article_modified_time":"2026-02-26T09:03:35+00:00","og_image":[{"width":1000,"height":1000,"url":"https:\/\/static.purejewels.com\/wp-content\/uploads\/2023\/07\/46450.png","type":"image\/png"}],"twitter_card":"summary_large_image","twitter_misc":{"Gesch\u00e4tzte Lesezeit":"1\u00a0Minute"},"schema":{"@context":"https:\/\/schema.org","@graph":[{"@type":["WebPage","ItemPage"],"@id":"https:\/\/www.purejewels.com\/product\/22ct-gold-rosette-flower-pendant-antique-finish-44832\/","url":"https:\/\/www.purejewels.com\/product\/22ct-gold-rosette-flower-pendant-antique-finish-44832\/","name":"22ct Gold Rosette Blume Anh\u00e4nger | Antique Finish | PureJewels","isPartOf":{"@id":"https:\/\/www.purejewels.com\/#website"},"primaryImageOfPage":{"@id":"https:\/\/www.purejewels.com\/product\/22ct-gold-rosette-flower-pendant-antique-finish-44832\/#primaryimage"},"image":{"@id":"https:\/\/www.purejewels.com\/product\/22ct-gold-rosette-flower-pendant-antique-finish-44832\/#primaryimage"},"thumbnailUrl":"https:\/\/static.purejewels.com\/wp-content\/uploads\/2023\/07\/46450.png","datePublished":"2024-09-01T05:55:07+00:00","dateModified":"2026-02-26T09:03:35+00:00","description":"Entdecken Sie die perfekte Mischung aus Luxus und Sch\u00f6nheit mit unserem atemberaubenden 22ct Gold Rosette Flower Anh\u00e4nger. Kaufen Sie diesen Anh\u00e4nger noch heute online!","breadcrumb":{"@id":"https:\/\/www.purejewels.com\/product\/22ct-gold-rosette-flower-pendant-antique-finish-44832\/#breadcrumb"},"inLanguage":"de","potentialAction":[{"@type":"ReadAction","target":["https:\/\/www.purejewels.com\/product\/22ct-gold-rosette-flower-pendant-antique-finish-44832\/"]}]},{"@type":"ImageObject","inLanguage":"de","@id":"https:\/\/www.purejewels.com\/product\/22ct-gold-rosette-flower-pendant-antique-finish-44832\/#primaryimage","url":"https:\/\/static.purejewels.com\/wp-content\/uploads\/2023\/07\/46450.png","contentUrl":"https:\/\/static.purejewels.com\/wp-content\/uploads\/2023\/07\/46450.png","width":1000,"height":1000,"caption":"22ct Gold Pendant"},{"@type":"BreadcrumbList","@id":"https:\/\/www.purejewels.com\/product\/22ct-gold-rosette-flower-pendant-antique-finish-44832\/#breadcrumb","itemListElement":[{"@type":"ListItem","position":1,"name":"Home","item":"https:\/\/www.purejewels.com\/"},{"@type":"ListItem","position":2,"name":"Shop","item":"https:\/\/www.purejewels.com\/shop\/"},{"@type":"ListItem","position":3,"name":"22ct Gold Rosette Flower Pendant | 18 mm | Antique Finish"}]},{"@type":"WebSite","@id":"https:\/\/www.purejewels.com\/#website","url":"https:\/\/www.purejewels.com\/","name":"PureJewels UK","description":"Teile die Liebe","publisher":{"@id":"https:\/\/www.purejewels.com\/#organization"},"potentialAction":[{"@type":"SearchAction","target":{"@type":"EntryPoint","urlTemplate":"https:\/\/www.purejewels.com\/?s={search_term_string}"},"query-input":{"@type":"PropertyValueSpecification","valueRequired":true,"valueName":"search_term_string"}}],"inLanguage":"de"},{"@type":"Organization","@id":"https:\/\/www.purejewels.com\/#organization","name":"PureJewels UK","url":"https:\/\/www.purejewels.com\/","logo":{"@type":"ImageObject","inLanguage":"de","@id":"https:\/\/www.purejewels.com\/#\/schema\/logo\/image\/","url":"https:\/\/static.purejewels.com\/wp-content\/uploads\/2020\/11\/Logo-PJ-New-1.png","contentUrl":"https:\/\/static.purejewels.com\/wp-content\/uploads\/2020\/11\/Logo-PJ-New-1.png","width":150,"height":80,"caption":"PureJewels UK"},"image":{"@id":"https:\/\/www.purejewels.com\/#\/schema\/logo\/image\/"}}]}},"_links":{"self":[{"href":"https:\/\/www.purejewels.com\/de\/wp-json\/wp\/v2\/product\/347371","targetHints":{"allow":["GET"]}}],"collection":[{"href":"https:\/\/www.purejewels.com\/de\/wp-json\/wp\/v2\/product"}],"about":[{"href":"https:\/\/www.purejewels.com\/de\/wp-json\/wp\/v2\/types\/product"}],"replies":[{"embeddable":true,"href":"https:\/\/www.purejewels.com\/de\/wp-json\/wp\/v2\/comments?post=347371"}],"version-history":[{"count":4,"href":"https:\/\/www.purejewels.com\/de\/wp-json\/wp\/v2\/product\/347371\/revisions"}],"predecessor-version":[{"id":426344,"href":"https:\/\/www.purejewels.com\/de\/wp-json\/wp\/v2\/product\/347371\/revisions\/426344"}],"wp:featuredmedia":[{"embeddable":true,"href":"https:\/\/www.purejewels.com\/de\/wp-json\/wp\/v2\/media\/370799"}],"wp:attachment":[{"href":"https:\/\/www.purejewels.com\/de\/wp-json\/wp\/v2\/media?parent=347371"}],"wp:term":[{"taxonomy":"product_brand","embeddable":true,"href":"https:\/\/www.purejewels.com\/de\/wp-json\/wp\/v2\/product_brand?post=347371"},{"taxonomy":"product_cat","embeddable":true,"href":"https:\/\/www.purejewels.com\/de\/wp-json\/wp\/v2\/product_cat?post=347371"},{"taxonomy":"product_tag","embeddable":true,"href":"https:\/\/www.purejewels.com\/de\/wp-json\/wp\/v2\/product_tag?post=347371"}],"curies":[{"name":"wp","href":"https:\/\/api.w.org\/{rel}","templated":true}]}}