{"id":347575,"date":"2023-06-15T06:51:53","date_gmt":"2023-06-15T05:51:53","guid":{"rendered":"https:\/\/www.purejewels.com\/?post_type=product&#038;p=347575"},"modified":"2026-01-06T09:47:36","modified_gmt":"2026-01-06T09:47:36","slug":"damenarmband-aus-22-karat-gold-44242","status":"publish","type":"product","link":"https:\/\/www.purejewels.com\/de\/product\/women-bracelet-in-22ct-gold-44242\/","title":{"rendered":"22 Karat Gold-Armband mit Unendlichkeitsschleife"},"content":{"rendered":"<p><strong>Gestaltung<\/strong><\/p>\n<p>Dieses Armband besteht aus einer Reihe flie\u00dfender, vom Unendlichkeitssymbol inspirierter Glieder, die jeweils leicht verdreht sind, um eine weiche, durchgehende Schleife zu bilden, die Verbindung und Harmonie symbolisiert. In jedes Glied ist ein zarter Stein eingelassen, der einen subtilen Lichtfunken hinzuf\u00fcgt, der die anmutige Bewegung des Armbands unterstreicht. Seine elegante Form verbindet skulpturale Kurven mit zur\u00fcckhaltender Brillanz und schafft so ein Schmuckst\u00fcck, das sowohl raffiniert als auch bedeutungsvoll ist.<\/p>\n<p><strong>Handwerkliches K\u00f6nnen<\/strong><\/p>\n<p>Das Armband aus strahlendem 22-kar\u00e4tigem Gold verf\u00fcgt \u00fcber sorgf\u00e4ltig geformte Glieder, die f\u00fcr Komfort und lange Haltbarkeit ausgelegt sind. Jeder Stein ist einzeln in der Rundung seiner \u00d6se befestigt, was f\u00fcr Klarheit, Symmetrie und ein sauberes Finish sorgt. Durch die flie\u00dfende Verbindung der Glieder liegt das Armband wundersch\u00f6n am Handgelenk an und bleibt gleichzeitig stabil und strapazierf\u00e4hig. Jedes St\u00fcck ist in Gro\u00dfbritannien als Zertifikat f\u00fcr Reinheit und Echtheit punziert.<\/p>\n<p><strong>Styling &amp; Geschenkartikel<\/strong><\/p>\n<p>Dieses Infinity-Armband l\u00e4sst sich m\u00fchelos sowohl mit modernen als auch mit traditionellen Looks kombinieren. Tragen Sie es allein als elegantes Statement f\u00fcr den Alltag oder kombinieren Sie es mit schmalen Armreifen, um einen reichhaltigeren, ausdrucksst\u00e4rkeren Gold-Stack zu kreieren. Sein warmer Glanz und sein symbolisches Design machen es zu einem durchdachten Geschenk f\u00fcr Jubil\u00e4en, Geburtstage oder jeden anderen Moment, in dem dauerhafte Bindungen und gesch\u00e4tzte Beziehungen gefeiert werden.<\/p>","protected":false},"excerpt":{"rendered":"<p>Ein elegantes Armband aus 22 Karat Gold mit flie\u00dfenden, unendlichkeitsf\u00f6rmigen Gliedern, die jeweils mit einem dezent funkelnden Stein besetzt sind. Ein bedeutungsvolles und elegantes Schmuckst\u00fcck f\u00fcr den Alltag oder als Geschenk.<\/p>\n<table class=\"sh_desc\" style=\"width: 100%; height: 252px;\">\n<tbody>\n<tr style=\"height: 28px;\">\n<td style=\"height: 28px;\">Typ des Armbands<\/td>\n<td style=\"height: 28px;\">Damen-Armband<\/td>\n<\/tr>\n<tr style=\"height: 28px;\">\n<td style=\"height: 28px;\">SKU<\/td>\n<td style=\"height: 28px;\">44666<\/td>\n<\/tr>\n<tr style=\"height: 28px;\">\n<td style=\"height: 28px;\">Gewicht<\/td>\n<td style=\"height: 28px;\">11,2 Gms<\/td>\n<\/tr>\n<tr style=\"height: 28px;\">\n<td style=\"height: 28px;\">Wahrzeichen<\/td>\n<td style=\"height: 28px;\">22ct Gold gestempelt von London Assay Office<\/td>\n<\/tr>\n<tr style=\"height: 28px;\">\n<td style=\"height: 28px;\">Entgelte<\/td>\n<td style=\"height: 28px;\">Lieferung und Mehrwertsteuer inbegriffen<\/td>\n<\/tr>\n<tr style=\"height: 28px;\">\n<td style=\"height: 28px;\">Verpackung<\/td>\n<td style=\"height: 28px;\">Mit einer Pr\u00e4sentationsbox<\/td>\n<\/tr>\n<tr style=\"height: 56px;\">\n<td style=\"height: 56px;\">Mehr Informationen<\/td>\n<td style=\"height: 56px;\">Live-Chat mit uns f\u00fcr die Verf\u00fcgbarkeit und mehr Bilder des Gold Armbands<\/p>\n<ul>\n<li>Mehr Goldarmb\u00e4nder erkunden<\/li>\n<\/ul>\n<\/td>\n<\/tr>\n<\/tbody>\n<\/table>","protected":false},"featured_media":348585,"comment_status":"closed","ping_status":"closed","template":"","meta":{"_eb_attr":"","_crsspst_to_jayantr4sg-hostcom":false},"product_brand":[],"product_cat":[1791,1559,1324,1627,1570,1574,5349],"product_tag":[],"class_list":{"0":"post-347575","1":"product","2":"type-product","3":"status-publish","4":"has-post-thumbnail","6":"product_cat-anniversary-gifts","7":"product_cat-birthday-gifts","8":"product_cat-gold-bracelet","9":"product_cat-ladies-bracelet","10":"product_cat-mothers-day-gifts","11":"product_cat-womens-jewellery","12":"product_cat-yellow-gold-jewellery","14":"first","15":"outofstock","16":"sale","17":"taxable","18":"shipping-taxable","19":"product-type-simple","20":"add-to-wishlist-before_image"},"yoast_head":"<!-- This site is optimized with the Yoast SEO plugin v27.5 - https:\/\/yoast.com\/product\/yoast-seo-wordpress\/ -->\n<title>Women&#039;s 22ct Gold Link Bracelet with Stone Accents<\/title>\n<meta name=\"description\" content=\"Elegant 22ct gold bracelet with infinity-inspired links and sparkling stone accents. Hallmarked in the UK and crafted for timeless everyday wear.\" \/>\n<meta name=\"robots\" content=\"index, follow, max-snippet:-1, max-image-preview:large, max-video-preview:-1\" \/>\n<link rel=\"canonical\" href=\"https:\/\/www.purejewels.com\/de\/produkt-2\/damenarmband-aus-22-karat-gold-44242\/\" \/>\n<meta property=\"og:locale\" content=\"de_DE\" \/>\n<meta property=\"og:type\" content=\"article\" \/>\n<meta property=\"og:title\" content=\"Women&#039;s 22ct Gold Link Bracelet with Stone Accents\" \/>\n<meta property=\"og:description\" content=\"Elegant 22ct gold bracelet with infinity-inspired links and sparkling stone accents. Hallmarked in the UK and crafted for timeless everyday wear.\" \/>\n<meta property=\"og:url\" content=\"https:\/\/www.purejewels.com\/de\/produkt-2\/damenarmband-aus-22-karat-gold-44242\/\" \/>\n<meta property=\"og:site_name\" content=\"PureJewels UK\" \/>\n<meta property=\"article:modified_time\" content=\"2026-01-06T09:47:36+00:00\" \/>\n<meta property=\"og:image\" content=\"https:\/\/static.purejewels.com\/wp-content\/uploads\/2023\/06\/SKU-44665-scaled.jpg\" \/>\n\t<meta property=\"og:image:width\" content=\"2560\" \/>\n\t<meta property=\"og:image:height\" content=\"2560\" \/>\n\t<meta property=\"og:image:type\" content=\"image\/jpeg\" \/>\n<meta name=\"twitter:card\" content=\"summary_large_image\" \/>\n<meta name=\"twitter:label1\" content=\"Gesch\u00e4tzte Lesezeit\" \/>\n\t<meta name=\"twitter:data1\" content=\"2\u00a0Minuten\" \/>\n<script type=\"application\/ld+json\" class=\"yoast-schema-graph\">{\"@context\":\"https:\\\/\\\/schema.org\",\"@graph\":[{\"@type\":[\"WebPage\",\"ItemPage\"],\"@id\":\"https:\\\/\\\/www.purejewels.com\\\/product\\\/women-bracelet-in-22ct-gold-44242\\\/\",\"url\":\"https:\\\/\\\/www.purejewels.com\\\/product\\\/women-bracelet-in-22ct-gold-44242\\\/\",\"name\":\"Women's 22ct Gold Link Bracelet with Stone Accents\",\"isPartOf\":{\"@id\":\"https:\\\/\\\/www.purejewels.com\\\/#website\"},\"primaryImageOfPage\":{\"@id\":\"https:\\\/\\\/www.purejewels.com\\\/product\\\/women-bracelet-in-22ct-gold-44242\\\/#primaryimage\"},\"image\":{\"@id\":\"https:\\\/\\\/www.purejewels.com\\\/product\\\/women-bracelet-in-22ct-gold-44242\\\/#primaryimage\"},\"thumbnailUrl\":\"https:\\\/\\\/static.purejewels.com\\\/wp-content\\\/uploads\\\/2023\\\/06\\\/SKU-44665-scaled.jpg\",\"datePublished\":\"2023-06-15T05:51:53+00:00\",\"dateModified\":\"2026-01-06T09:47:36+00:00\",\"description\":\"Elegant 22ct gold bracelet with infinity-inspired links and sparkling stone accents. Hallmarked in the UK and crafted for timeless everyday wear.\",\"breadcrumb\":{\"@id\":\"https:\\\/\\\/www.purejewels.com\\\/product\\\/women-bracelet-in-22ct-gold-44242\\\/#breadcrumb\"},\"inLanguage\":\"de\",\"potentialAction\":[{\"@type\":\"ReadAction\",\"target\":[\"https:\\\/\\\/www.purejewels.com\\\/product\\\/women-bracelet-in-22ct-gold-44242\\\/\"]}]},{\"@type\":\"ImageObject\",\"inLanguage\":\"de\",\"@id\":\"https:\\\/\\\/www.purejewels.com\\\/product\\\/women-bracelet-in-22ct-gold-44242\\\/#primaryimage\",\"url\":\"https:\\\/\\\/static.purejewels.com\\\/wp-content\\\/uploads\\\/2023\\\/06\\\/SKU-44665-scaled.jpg\",\"contentUrl\":\"https:\\\/\\\/static.purejewels.com\\\/wp-content\\\/uploads\\\/2023\\\/06\\\/SKU-44665-scaled.jpg\",\"width\":2560,\"height\":2560,\"caption\":\"Women Bracelet in 22ct Gold\"},{\"@type\":\"BreadcrumbList\",\"@id\":\"https:\\\/\\\/www.purejewels.com\\\/product\\\/women-bracelet-in-22ct-gold-44242\\\/#breadcrumb\",\"itemListElement\":[{\"@type\":\"ListItem\",\"position\":1,\"name\":\"Home\",\"item\":\"https:\\\/\\\/www.purejewels.com\\\/\"},{\"@type\":\"ListItem\",\"position\":2,\"name\":\"Shop\",\"item\":\"https:\\\/\\\/www.purejewels.com\\\/shop\\\/\"},{\"@type\":\"ListItem\",\"position\":3,\"name\":\"22ct Gold Infinity Loop Bracelet\"}]},{\"@type\":\"WebSite\",\"@id\":\"https:\\\/\\\/www.purejewels.com\\\/#website\",\"url\":\"https:\\\/\\\/www.purejewels.com\\\/\",\"name\":\"PureJewels UK\",\"description\":\"Share the Love\",\"publisher\":{\"@id\":\"https:\\\/\\\/www.purejewels.com\\\/#organization\"},\"potentialAction\":[{\"@type\":\"SearchAction\",\"target\":{\"@type\":\"EntryPoint\",\"urlTemplate\":\"https:\\\/\\\/www.purejewels.com\\\/?s={search_term_string}\"},\"query-input\":{\"@type\":\"PropertyValueSpecification\",\"valueRequired\":true,\"valueName\":\"search_term_string\"}}],\"inLanguage\":\"de\"},{\"@type\":\"Organization\",\"@id\":\"https:\\\/\\\/www.purejewels.com\\\/#organization\",\"name\":\"PureJewels UK\",\"url\":\"https:\\\/\\\/www.purejewels.com\\\/\",\"logo\":{\"@type\":\"ImageObject\",\"inLanguage\":\"de\",\"@id\":\"https:\\\/\\\/www.purejewels.com\\\/#\\\/schema\\\/logo\\\/image\\\/\",\"url\":\"https:\\\/\\\/static.purejewels.com\\\/wp-content\\\/uploads\\\/2020\\\/11\\\/Logo-PJ-New-1.png\",\"contentUrl\":\"https:\\\/\\\/static.purejewels.com\\\/wp-content\\\/uploads\\\/2020\\\/11\\\/Logo-PJ-New-1.png\",\"width\":150,\"height\":80,\"caption\":\"PureJewels UK\"},\"image\":{\"@id\":\"https:\\\/\\\/www.purejewels.com\\\/#\\\/schema\\\/logo\\\/image\\\/\"}}]}<\/script>\n<!-- \/ Yoast SEO plugin. -->","yoast_head_json":{"title":"Damenarmband aus 22 Karat Gold mit Steinakzenten","description":"Elegantes Armband aus 22 Karat Gold mit vom Unendlichkeitssymbol inspirierten Gliedern und funkelnden Steinakzenten. Mit britischer Punzierung und f\u00fcr zeitlosen Alltagseinsatz gefertigt.","robots":{"index":"index","follow":"follow","max-snippet":"max-snippet:-1","max-image-preview":"max-image-preview:large","max-video-preview":"max-video-preview:-1"},"canonical":"https:\/\/www.purejewels.com\/de\/produkt-2\/damenarmband-aus-22-karat-gold-44242\/","og_locale":"de_DE","og_type":"article","og_title":"Women's 22ct Gold Link Bracelet with Stone Accents","og_description":"Elegant 22ct gold bracelet with infinity-inspired links and sparkling stone accents. Hallmarked in the UK and crafted for timeless everyday wear.","og_url":"https:\/\/www.purejewels.com\/de\/produkt-2\/damenarmband-aus-22-karat-gold-44242\/","og_site_name":"PureJewels UK","article_modified_time":"2026-01-06T09:47:36+00:00","og_image":[{"width":2560,"height":2560,"url":"https:\/\/static.purejewels.com\/wp-content\/uploads\/2023\/06\/SKU-44665-scaled.jpg","type":"image\/jpeg"}],"twitter_card":"summary_large_image","twitter_misc":{"Gesch\u00e4tzte Lesezeit":"2\u00a0Minuten"},"schema":{"@context":"https:\/\/schema.org","@graph":[{"@type":["WebPage","ItemPage"],"@id":"https:\/\/www.purejewels.com\/product\/women-bracelet-in-22ct-gold-44242\/","url":"https:\/\/www.purejewels.com\/product\/women-bracelet-in-22ct-gold-44242\/","name":"Damenarmband aus 22 Karat Gold mit Steinakzenten","isPartOf":{"@id":"https:\/\/www.purejewels.com\/#website"},"primaryImageOfPage":{"@id":"https:\/\/www.purejewels.com\/product\/women-bracelet-in-22ct-gold-44242\/#primaryimage"},"image":{"@id":"https:\/\/www.purejewels.com\/product\/women-bracelet-in-22ct-gold-44242\/#primaryimage"},"thumbnailUrl":"https:\/\/static.purejewels.com\/wp-content\/uploads\/2023\/06\/SKU-44665-scaled.jpg","datePublished":"2023-06-15T05:51:53+00:00","dateModified":"2026-01-06T09:47:36+00:00","description":"Elegantes Armband aus 22 Karat Gold mit vom Unendlichkeitssymbol inspirierten Gliedern und funkelnden Steinakzenten. Mit britischer Punzierung und f\u00fcr zeitlosen Alltagseinsatz gefertigt.","breadcrumb":{"@id":"https:\/\/www.purejewels.com\/product\/women-bracelet-in-22ct-gold-44242\/#breadcrumb"},"inLanguage":"de","potentialAction":[{"@type":"ReadAction","target":["https:\/\/www.purejewels.com\/product\/women-bracelet-in-22ct-gold-44242\/"]}]},{"@type":"ImageObject","inLanguage":"de","@id":"https:\/\/www.purejewels.com\/product\/women-bracelet-in-22ct-gold-44242\/#primaryimage","url":"https:\/\/static.purejewels.com\/wp-content\/uploads\/2023\/06\/SKU-44665-scaled.jpg","contentUrl":"https:\/\/static.purejewels.com\/wp-content\/uploads\/2023\/06\/SKU-44665-scaled.jpg","width":2560,"height":2560,"caption":"Women Bracelet in 22ct Gold"},{"@type":"BreadcrumbList","@id":"https:\/\/www.purejewels.com\/product\/women-bracelet-in-22ct-gold-44242\/#breadcrumb","itemListElement":[{"@type":"ListItem","position":1,"name":"Home","item":"https:\/\/www.purejewels.com\/"},{"@type":"ListItem","position":2,"name":"Shop","item":"https:\/\/www.purejewels.com\/shop\/"},{"@type":"ListItem","position":3,"name":"22ct Gold Infinity Loop Bracelet"}]},{"@type":"WebSite","@id":"https:\/\/www.purejewels.com\/#website","url":"https:\/\/www.purejewels.com\/","name":"PureJewels UK","description":"Teile die Liebe","publisher":{"@id":"https:\/\/www.purejewels.com\/#organization"},"potentialAction":[{"@type":"SearchAction","target":{"@type":"EntryPoint","urlTemplate":"https:\/\/www.purejewels.com\/?s={search_term_string}"},"query-input":{"@type":"PropertyValueSpecification","valueRequired":true,"valueName":"search_term_string"}}],"inLanguage":"de"},{"@type":"Organization","@id":"https:\/\/www.purejewels.com\/#organization","name":"PureJewels UK","url":"https:\/\/www.purejewels.com\/","logo":{"@type":"ImageObject","inLanguage":"de","@id":"https:\/\/www.purejewels.com\/#\/schema\/logo\/image\/","url":"https:\/\/static.purejewels.com\/wp-content\/uploads\/2020\/11\/Logo-PJ-New-1.png","contentUrl":"https:\/\/static.purejewels.com\/wp-content\/uploads\/2020\/11\/Logo-PJ-New-1.png","width":150,"height":80,"caption":"PureJewels UK"},"image":{"@id":"https:\/\/www.purejewels.com\/#\/schema\/logo\/image\/"}}]}},"_links":{"self":[{"href":"https:\/\/www.purejewels.com\/de\/wp-json\/wp\/v2\/product\/347575","targetHints":{"allow":["GET"]}}],"collection":[{"href":"https:\/\/www.purejewels.com\/de\/wp-json\/wp\/v2\/product"}],"about":[{"href":"https:\/\/www.purejewels.com\/de\/wp-json\/wp\/v2\/types\/product"}],"replies":[{"embeddable":true,"href":"https:\/\/www.purejewels.com\/de\/wp-json\/wp\/v2\/comments?post=347575"}],"version-history":[{"count":3,"href":"https:\/\/www.purejewels.com\/de\/wp-json\/wp\/v2\/product\/347575\/revisions"}],"predecessor-version":[{"id":422930,"href":"https:\/\/www.purejewels.com\/de\/wp-json\/wp\/v2\/product\/347575\/revisions\/422930"}],"wp:featuredmedia":[{"embeddable":true,"href":"https:\/\/www.purejewels.com\/de\/wp-json\/wp\/v2\/media\/348585"}],"wp:attachment":[{"href":"https:\/\/www.purejewels.com\/de\/wp-json\/wp\/v2\/media?parent=347575"}],"wp:term":[{"taxonomy":"product_brand","embeddable":true,"href":"https:\/\/www.purejewels.com\/de\/wp-json\/wp\/v2\/product_brand?post=347575"},{"taxonomy":"product_cat","embeddable":true,"href":"https:\/\/www.purejewels.com\/de\/wp-json\/wp\/v2\/product_cat?post=347575"},{"taxonomy":"product_tag","embeddable":true,"href":"https:\/\/www.purejewels.com\/de\/wp-json\/wp\/v2\/product_tag?post=347575"}],"curies":[{"name":"wp","href":"https:\/\/api.w.org\/{rel}","templated":true}]}}